{"id":10366,"date":"2020-09-14T07:33:53","date_gmt":"2020-09-14T05:33:53","guid":{"rendered":"https:\/\/latraversiere.fr\/?page_id=10366"},"modified":"2021-02-13T09:25:55","modified_gmt":"2021-02-13T08:25:55","slug":"scene-numerique","status":"publish","type":"page","link":"https:\/\/latraversiere.fr\/en\/scene-numerique\/","title":{"rendered":"Digital Stage"},"content":{"rendered":"<div id=\"pl-10366\"  class=\"panel-layout\" ><div id=\"pg-10366-0\"  class=\"panel-grid panel-has-style\" ><div class=\"panel-row-style panel-row-style-for-10366-0\" ><div id=\"pgc-10366-0-0\"  class=\"panel-grid-cell\" ><div id=\"panel-10366-0-0-0\" class=\"so-panel widget widget_sow-editor panel-first-child panel-last-child\" data-index=\"0\" ><div class=\"so-widget-sow-editor so-widget-sow-editor-base\">\n<div class=\"siteorigin-widget-tinymce textwidget\">\n\t<p><img loading=\"lazy\" class=\"aligncenter size-medium wp-image-10741\" src=\"https:\/\/latraversiere.fr\/wp-content\/uploads\/2020\/11\/SceneNumerique-BLK-300x92.png\" alt=\"\" width=\"300\" height=\"92\" srcset=\"https:\/\/latraversiere.fr\/wp-content\/uploads\/2020\/11\/SceneNumerique-BLK-300x92.png 300w, https:\/\/latraversiere.fr\/wp-content\/uploads\/2020\/11\/SceneNumerique-BLK-1024x315.png 1024w, https:\/\/latraversiere.fr\/wp-content\/uploads\/2020\/11\/SceneNumerique-BLK-768x236.png 768w, https:\/\/latraversiere.fr\/wp-content\/uploads\/2020\/11\/SceneNumerique-BLK-180x55.png 180w, https:\/\/latraversiere.fr\/wp-content\/uploads\/2020\/11\/SceneNumerique-BLK-600x184.png 600w, https:\/\/latraversiere.fr\/wp-content\/uploads\/2020\/11\/SceneNumerique-BLK.png 1172w\" sizes=\"(max-width: 300px) 100vw, 300px\" \/><\/p>\n<\/div>\n<\/div><\/div><\/div><div id=\"pgc-10366-0-1\"  class=\"panel-grid-cell\" ><div id=\"panel-10366-0-1-0\" class=\"so-panel widget widget_sow-editor panel-first-child panel-last-child\" data-index=\"1\" ><div class=\"so-widget-sow-editor so-widget-sow-editor-base\">\n<div class=\"siteorigin-widget-tinymce textwidget\">\n\t<p>La Sc\u00e8ne Num\u00e9rique est le centre de m\u00e9dias de La Traversi\u00e8re.<br \/>\nVous retrouvez ici des vid\u00e9os d'archives, des enregistrements historiques, des concerts en live, des documentaires, des entretiens et beaucoup d'autres ressources. <\/p>\n<p style=\"font-size:12px; line-height:1.2\"><em>Si certaines vid\u00e9os sont accessibles \u00e0 tous, les vid\u00e9os marqu\u00e9es avec un petit cadenas ne sont accessibles qu'aux adh\u00e9rents de l'association. Si vous \u00eates adh\u00e9rent et n'arrivez pas \u00e0 lire le contenu, assurez-vous d'\u00eatre <a href=\"https:\/\/latraversiere.fr\/mon-compte\/\">connect\u00e9 \u00e0 votre compte<\/a> (voir notre <a href=\"https:\/\/latraversiere.fr\/adherer\/faq\/\">FAQ<\/a> si vous rencontrez des difficult\u00e9s). En cas de probl\u00e8me, veuillez  <a href=\"https:\/\/latraversiere.fr\/association\/contact\/\">nous contacter<\/a>.<\/em><\/p>\n<\/div>\n<\/div><\/div><\/div><\/div><\/div><\/div>","protected":false},"excerpt":{"rendered":"<p>La Sc\u00e8ne Num\u00e9rique est le centre de m\u00e9dias de La Traversi\u00e8re. Vous retrouvez ici des vid\u00e9os d&#8217;archives, des enregistrements historiques, des concerts en live, des documentaires, des entretiens et beaucoup d&#8217;autres ressources. Si certaines vid\u00e9os sont accessibles \u00e0 tous, les vid\u00e9os marqu\u00e9es avec un petit cadenas ne sont accessibles qu&#8217;aux adh\u00e9rents de l&#8217;association. Si vous [&hellip;]<\/p>\n<div class=\"woocommerce\">\n<div class=\"woocommerce-info wc-memberships-restriction-message wc-memberships-message wc-memberships-content-restricted-message\">To access this page, you must purchase <span class=\"wc-memberships-products-grant-access\"><a href=\"https:\/\/latraversiere.fr\/en\/boutique\/adhesion\/formule-adhesion-integrale\/?attribute_pa_duree=2-ans\">Formule d&#8217;adh\u00e9sion int\u00e9grale (Papier + Num\u00e9rique) &ndash; 2-ans<\/a><\/span>.<\/div>\n<\/div>\n","protected":false},"author":1,"featured_media":10741,"parent":0,"menu_order":0,"comment_status":"closed","ping_status":"closed","template":"template-scene-digitale.php","meta":[],"yoast_head":"<!-- This site is optimized with the Yoast SEO plugin v17.5 - https:\/\/yoast.com\/wordpress\/plugins\/seo\/ -->\n<title>Digital Stage - LA TRAVERSIERE The french flute association<\/title>\n<meta name=\"description\" content=\"La Sc\u00e8ne Num\u00e9rique est le centre de m\u00e9dias de La Traversi\u00e8re.Vous retrouvez ici des vid\u00e9os d&#039;archives, des enregistrements historiques, des concerts en live, des documentaires, des entretiens et beaucoup d&#039;autres ressources.\" \/>\n<meta name=\"robots\" content=\"index, follow, max-snippet:-1, max-image-preview:large, max-video-preview:-1\" \/>\n<link rel=\"canonical\" href=\"https:\/\/latraversiere.fr\/scene-numerique\/\" \/>\n<meta property=\"og:locale\" content=\"en_US\" \/>\n<meta property=\"og:type\" content=\"article\" \/>\n<meta property=\"og:title\" content=\"La Sc\u00e8ne Num\u00e9rique - La Traversi\u00e8re\" \/>\n<meta property=\"og:description\" content=\"La Sc\u00e8ne Num\u00e9rique est le centre de m\u00e9dias de La Traversi\u00e8re. Vous retrouvez ici des vid\u00e9os d&#039;archives, des enregistrements historiques, des concerts en live, des documentaires, des entretiens et beaucoup d&#039;autres ressources.\" \/>\n<meta property=\"og:url\" content=\"https:\/\/latraversiere.fr\/scene-numerique\/\" \/>\n<meta property=\"og:site_name\" content=\"LA TRAVERSIERE The french flute association\" \/>\n<meta property=\"article:publisher\" content=\"https:\/\/www.facebook.com\/traversieres\/\" \/>\n<meta property=\"article:modified_time\" content=\"2021-02-13T08:25:55+00:00\" \/>\n<meta property=\"og:image\" content=\"https:\/\/latraversiere.fr\/wp-content\/uploads\/2020\/11\/SceneNumerique-BLK.png\" \/>\n\t<meta property=\"og:image:width\" content=\"1172\" \/>\n\t<meta property=\"og:image:height\" content=\"360\" \/>\n<meta name=\"twitter:card\" content=\"summary\" \/>\n<meta name=\"twitter:title\" content=\"La Sc\u00e8ne Num\u00e9rique - La Traversi\u00e8re\" \/>\n<meta name=\"twitter:description\" content=\"La Sc\u00e8ne Num\u00e9rique est le centre de m\u00e9dias de La Traversi\u00e8re. Vous retrouvez ici des vid\u00e9os d&#039;archives, des enregistrements historiques, des concerts en live, des documentaires, des entretiens et beaucoup d&#039;autres ressources.\" \/>\n<meta name=\"twitter:site\" content=\"@La_Traversiere\" \/>\n<script type=\"application\/ld+json\" class=\"yoast-schema-graph\">{\"@context\":\"https:\/\/schema.org\",\"@graph\":[{\"@type\":\"Organization\",\"@id\":\"https:\/\/latraversiere.fr\/#organization\",\"name\":\"La Traversi\\u00e8re - Association Fran\\u00e7aise de la Fl\\u00fbte\",\"url\":\"https:\/\/latraversiere.fr\/\",\"sameAs\":[\"https:\/\/www.facebook.com\/traversieres\/\",\"https:\/\/www.instagram.com\/la_traversiere\/\",\"https:\/\/www.youtube.com\/channel\/UC46MEQZI2BfRZNFUFqc59Sw\",\"https:\/\/twitter.com\/La_Traversiere\"],\"logo\":{\"@type\":\"ImageObject\",\"@id\":\"https:\/\/latraversiere.fr\/#logo\",\"inLanguage\":\"en-US\",\"url\":\"https:\/\/latraversiere.fr\/wp-content\/uploads\/2018\/01\/LOGO-Traversiere-SITE-1.png\",\"contentUrl\":\"https:\/\/latraversiere.fr\/wp-content\/uploads\/2018\/01\/LOGO-Traversiere-SITE-1.png\",\"width\":539,\"height\":200,\"caption\":\"La Traversi\\u00e8re - Association Fran\\u00e7aise de la Fl\\u00fbte\"},\"image\":{\"@id\":\"https:\/\/latraversiere.fr\/#logo\"}},{\"@type\":\"WebSite\",\"@id\":\"https:\/\/latraversiere.fr\/#website\",\"url\":\"https:\/\/latraversiere.fr\/\",\"name\":\"LA TRAVERSIERE The french flute association\",\"description\":\"\",\"publisher\":{\"@id\":\"https:\/\/latraversiere.fr\/#organization\"},\"potentialAction\":[{\"@type\":\"SearchAction\",\"target\":{\"@type\":\"EntryPoint\",\"urlTemplate\":\"https:\/\/latraversiere.fr\/?s={search_term_string}\"},\"query-input\":\"required name=search_term_string\"}],\"inLanguage\":\"en-US\"},{\"@type\":\"ImageObject\",\"@id\":\"https:\/\/latraversiere.fr\/scene-numerique\/#primaryimage\",\"inLanguage\":\"en-US\",\"url\":\"https:\/\/latraversiere.fr\/wp-content\/uploads\/2020\/11\/SceneNumerique-BLK.png\",\"contentUrl\":\"https:\/\/latraversiere.fr\/wp-content\/uploads\/2020\/11\/SceneNumerique-BLK.png\",\"width\":1172,\"height\":360},{\"@type\":\"WebPage\",\"@id\":\"https:\/\/latraversiere.fr\/scene-numerique\/#webpage\",\"url\":\"https:\/\/latraversiere.fr\/scene-numerique\/\",\"name\":\"[:fr]Sc\\u00e8ne Num\\u00e9rique[:en]Digital Stage[:] - LA TRAVERSIERE The french flute association\",\"isPartOf\":{\"@id\":\"https:\/\/latraversiere.fr\/#website\"},\"primaryImageOfPage\":{\"@id\":\"https:\/\/latraversiere.fr\/scene-numerique\/#primaryimage\"},\"datePublished\":\"2020-09-14T05:33:53+00:00\",\"dateModified\":\"2021-02-13T08:25:55+00:00\",\"description\":\"La Sc\\u00e8ne Num\\u00e9rique est le centre de m\\u00e9dias de La Traversi\\u00e8re.Vous retrouvez ici des vid\\u00e9os d'archives, des enregistrements historiques, des concerts en live, des documentaires, des entretiens et beaucoup d'autres ressources.\",\"breadcrumb\":{\"@id\":\"https:\/\/latraversiere.fr\/scene-numerique\/#breadcrumb\"},\"inLanguage\":\"en-US\",\"potentialAction\":[{\"@type\":\"ReadAction\",\"target\":[\"https:\/\/latraversiere.fr\/scene-numerique\/\"]}]},{\"@type\":\"BreadcrumbList\",\"@id\":\"https:\/\/latraversiere.fr\/scene-numerique\/#breadcrumb\",\"itemListElement\":[{\"@type\":\"ListItem\",\"position\":1,\"name\":\"Accueil\",\"item\":\"https:\/\/latraversiere.fr\/\"},{\"@type\":\"ListItem\",\"position\":2,\"name\":\"Sc\\u00e8ne Num\\u00e9rique\"}]}]}<\/script>\n<!-- \/ Yoast SEO plugin. -->","yoast_head_json":{"title":"[:fr]Sc\u00e8ne Num\u00e9rique[:en]Digital Stage[:] - LA TRAVERSIERE The french flute association","description":"La Sc\u00e8ne Num\u00e9rique est le centre de m\u00e9dias de La Traversi\u00e8re.Vous retrouvez ici des vid\u00e9os d'archives, des enregistrements historiques, des concerts en live, des documentaires, des entretiens et beaucoup d'autres ressources.","robots":{"index":"index","follow":"follow","max-snippet":"max-snippet:-1","max-image-preview":"max-image-preview:large","max-video-preview":"max-video-preview:-1"},"canonical":"https:\/\/latraversiere.fr\/scene-numerique\/","og_locale":"en_US","og_type":"article","og_title":"La Sc\u00e8ne Num\u00e9rique - La Traversi\u00e8re","og_description":"La Sc\u00e8ne Num\u00e9rique est le centre de m\u00e9dias de La Traversi\u00e8re. Vous retrouvez ici des vid\u00e9os d'archives, des enregistrements historiques, des concerts en live, des documentaires, des entretiens et beaucoup d'autres ressources.","og_url":"https:\/\/latraversiere.fr\/scene-numerique\/","og_site_name":"LA TRAVERSIERE The french flute association","article_publisher":"https:\/\/www.facebook.com\/traversieres\/","article_modified_time":"2021-02-13T08:25:55+00:00","og_image":[{"width":1172,"height":360,"url":"https:\/\/latraversiere.fr\/wp-content\/uploads\/2020\/11\/SceneNumerique-BLK.png","type":"image\/png"}],"twitter_card":"summary","twitter_title":"La Sc\u00e8ne Num\u00e9rique - La Traversi\u00e8re","twitter_description":"La Sc\u00e8ne Num\u00e9rique est le centre de m\u00e9dias de La Traversi\u00e8re. Vous retrouvez ici des vid\u00e9os d'archives, des enregistrements historiques, des concerts en live, des documentaires, des entretiens et beaucoup d'autres ressources.","twitter_site":"@La_Traversiere","schema":{"@context":"https:\/\/schema.org","@graph":[{"@type":"Organization","@id":"https:\/\/latraversiere.fr\/#organization","name":"La Traversi\u00e8re - Association Fran\u00e7aise de la Fl\u00fbte","url":"https:\/\/latraversiere.fr\/","sameAs":["https:\/\/www.facebook.com\/traversieres\/","https:\/\/www.instagram.com\/la_traversiere\/","https:\/\/www.youtube.com\/channel\/UC46MEQZI2BfRZNFUFqc59Sw","https:\/\/twitter.com\/La_Traversiere"],"logo":{"@type":"ImageObject","@id":"https:\/\/latraversiere.fr\/#logo","inLanguage":"en-US","url":"https:\/\/latraversiere.fr\/wp-content\/uploads\/2018\/01\/LOGO-Traversiere-SITE-1.png","contentUrl":"https:\/\/latraversiere.fr\/wp-content\/uploads\/2018\/01\/LOGO-Traversiere-SITE-1.png","width":539,"height":200,"caption":"La Traversi\u00e8re - Association Fran\u00e7aise de la Fl\u00fbte"},"image":{"@id":"https:\/\/latraversiere.fr\/#logo"}},{"@type":"WebSite","@id":"https:\/\/latraversiere.fr\/#website","url":"https:\/\/latraversiere.fr\/","name":"LA TRAVERSIERE The french flute association","description":"","publisher":{"@id":"https:\/\/latraversiere.fr\/#organization"},"potentialAction":[{"@type":"SearchAction","target":{"@type":"EntryPoint","urlTemplate":"https:\/\/latraversiere.fr\/?s={search_term_string}"},"query-input":"required name=search_term_string"}],"inLanguage":"en-US"},{"@type":"ImageObject","@id":"https:\/\/latraversiere.fr\/scene-numerique\/#primaryimage","inLanguage":"en-US","url":"https:\/\/latraversiere.fr\/wp-content\/uploads\/2020\/11\/SceneNumerique-BLK.png","contentUrl":"https:\/\/latraversiere.fr\/wp-content\/uploads\/2020\/11\/SceneNumerique-BLK.png","width":1172,"height":360},{"@type":"WebPage","@id":"https:\/\/latraversiere.fr\/scene-numerique\/#webpage","url":"https:\/\/latraversiere.fr\/scene-numerique\/","name":"[:fr]Sc\u00e8ne Num\u00e9rique[:en]Digital Stage[:] - LA TRAVERSIERE The french flute association","isPartOf":{"@id":"https:\/\/latraversiere.fr\/#website"},"primaryImageOfPage":{"@id":"https:\/\/latraversiere.fr\/scene-numerique\/#primaryimage"},"datePublished":"2020-09-14T05:33:53+00:00","dateModified":"2021-02-13T08:25:55+00:00","description":"La Sc\u00e8ne Num\u00e9rique est le centre de m\u00e9dias de La Traversi\u00e8re.Vous retrouvez ici des vid\u00e9os d'archives, des enregistrements historiques, des concerts en live, des documentaires, des entretiens et beaucoup d'autres ressources.","breadcrumb":{"@id":"https:\/\/latraversiere.fr\/scene-numerique\/#breadcrumb"},"inLanguage":"en-US","potentialAction":[{"@type":"ReadAction","target":["https:\/\/latraversiere.fr\/scene-numerique\/"]}]},{"@type":"BreadcrumbList","@id":"https:\/\/latraversiere.fr\/scene-numerique\/#breadcrumb","itemListElement":[{"@type":"ListItem","position":1,"name":"Accueil","item":"https:\/\/latraversiere.fr\/"},{"@type":"ListItem","position":2,"name":"Sc\u00e8ne Num\u00e9rique"}]}]}},"_links":{"self":[{"href":"https:\/\/latraversiere.fr\/en\/wp-json\/wp\/v2\/pages\/10366"}],"collection":[{"href":"https:\/\/latraversiere.fr\/en\/wp-json\/wp\/v2\/pages"}],"about":[{"href":"https:\/\/latraversiere.fr\/en\/wp-json\/wp\/v2\/types\/page"}],"author":[{"embeddable":true,"href":"https:\/\/latraversiere.fr\/en\/wp-json\/wp\/v2\/users\/1"}],"replies":[{"embeddable":true,"href":"https:\/\/latraversiere.fr\/en\/wp-json\/wp\/v2\/comments?post=10366"}],"version-history":[{"count":46,"href":"https:\/\/latraversiere.fr\/en\/wp-json\/wp\/v2\/pages\/10366\/revisions"}],"predecessor-version":[{"id":10749,"href":"https:\/\/latraversiere.fr\/en\/wp-json\/wp\/v2\/pages\/10366\/revisions\/10749"}],"wp:featuredmedia":[{"embeddable":true,"href":"https:\/\/latraversiere.fr\/en\/wp-json\/wp\/v2\/media\/10741"}],"wp:attachment":[{"href":"https:\/\/latraversiere.fr\/en\/wp-json\/wp\/v2\/media?parent=10366"}],"curies":[{"name":"wp","href":"https:\/\/api.w.org\/{rel}","templated":true}]}}