{"id":115,"date":"2017-03-15T07:11:24","date_gmt":"2017-03-15T06:11:24","guid":{"rendered":"http:\/\/192.168.1.16\/Latraversiere\/cart\/"},"modified":"2017-03-15T07:11:24","modified_gmt":"2017-03-15T06:11:24","slug":"panier","status":"publish","type":"page","link":"https:\/\/latraversiere.fr\/en\/boutique\/panier\/","title":{"rendered":"Mon panier"},"content":{"rendered":"<div class=\"woocommerce\">\n<div class=\"woocommerce-info wc-memberships-restriction-message wc-memberships-message wc-memberships-content-restricted-message\">To access this page, you must purchase <span class=\"wc-memberships-products-grant-access\"><a href=\"https:\/\/latraversiere.fr\/en\/boutique\/adhesion\/formule-adhesion-integrale\/?attribute_pa_duree=2-ans\">Formule d&#8217;adh\u00e9sion int\u00e9grale (Papier + Num\u00e9rique) &ndash; 2-ans<\/a><\/span>.<\/div>\n<\/div>\n","protected":false},"excerpt":{"rendered":"<div class=\"woocommerce\">\n<div class=\"woocommerce-info wc-memberships-restriction-message wc-memberships-message wc-memberships-content-restricted-message\">To access this page, you must purchase <span class=\"wc-memberships-products-grant-access\"><a href=\"https:\/\/latraversiere.fr\/en\/boutique\/adhesion\/formule-adhesion-integrale\/?attribute_pa_duree=2-ans\">Formule d&#8217;adh\u00e9sion int\u00e9grale (Papier + Num\u00e9rique) &ndash; 2-ans<\/a><\/span>.<\/div>\n<\/div>\n","protected":false},"author":1,"featured_media":0,"parent":114,"menu_order":0,"comment_status":"closed","ping_status":"closed","template":"template-boutique.php","meta":[],"yoast_head":"<!-- This site is optimized with the Yoast SEO plugin v17.5 - https:\/\/yoast.com\/wordpress\/plugins\/seo\/ -->\n<title>Mon panier - LA TRAVERSIERE The french flute association<\/title>\n<meta name=\"robots\" content=\"index, follow, max-snippet:-1, max-image-preview:large, max-video-preview:-1\" \/>\n<link rel=\"canonical\" href=\"https:\/\/latraversiere.fr\/en\/boutique\/panier\/\" \/>\n<meta property=\"og:locale\" content=\"en_US\" \/>\n<meta property=\"og:type\" content=\"article\" \/>\n<meta property=\"og:title\" content=\"Mon panier - LA TRAVERSIERE The french flute association\" \/>\n<meta property=\"og:url\" content=\"https:\/\/latraversiere.fr\/en\/boutique\/panier\/\" \/>\n<meta property=\"og:site_name\" content=\"LA TRAVERSIERE The french flute association\" \/>\n<meta property=\"article:publisher\" content=\"https:\/\/www.facebook.com\/traversieres\/\" \/>\n<meta name=\"twitter:card\" content=\"summary\" \/>\n<meta name=\"twitter:site\" content=\"@La_Traversiere\" \/>\n<script type=\"application\/ld+json\" class=\"yoast-schema-graph\">{\"@context\":\"https:\/\/schema.org\",\"@graph\":[{\"@type\":\"Organization\",\"@id\":\"https:\/\/latraversiere.fr\/#organization\",\"name\":\"La Traversi\\u00e8re - Association Fran\\u00e7aise de la Fl\\u00fbte\",\"url\":\"https:\/\/latraversiere.fr\/\",\"sameAs\":[\"https:\/\/www.facebook.com\/traversieres\/\",\"https:\/\/www.instagram.com\/la_traversiere\/\",\"https:\/\/www.youtube.com\/channel\/UC46MEQZI2BfRZNFUFqc59Sw\",\"https:\/\/twitter.com\/La_Traversiere\"],\"logo\":{\"@type\":\"ImageObject\",\"@id\":\"https:\/\/latraversiere.fr\/#logo\",\"inLanguage\":\"en-US\",\"url\":\"https:\/\/latraversiere.fr\/wp-content\/uploads\/2018\/01\/LOGO-Traversiere-SITE-1.png\",\"contentUrl\":\"https:\/\/latraversiere.fr\/wp-content\/uploads\/2018\/01\/LOGO-Traversiere-SITE-1.png\",\"width\":539,\"height\":200,\"caption\":\"La Traversi\\u00e8re - Association Fran\\u00e7aise de la Fl\\u00fbte\"},\"image\":{\"@id\":\"https:\/\/latraversiere.fr\/#logo\"}},{\"@type\":\"WebSite\",\"@id\":\"https:\/\/latraversiere.fr\/#website\",\"url\":\"https:\/\/latraversiere.fr\/\",\"name\":\"LA TRAVERSIERE The french flute association\",\"description\":\"\",\"publisher\":{\"@id\":\"https:\/\/latraversiere.fr\/#organization\"},\"potentialAction\":[{\"@type\":\"SearchAction\",\"target\":{\"@type\":\"EntryPoint\",\"urlTemplate\":\"https:\/\/latraversiere.fr\/?s={search_term_string}\"},\"query-input\":\"required name=search_term_string\"}],\"inLanguage\":\"en-US\"},{\"@type\":\"WebPage\",\"@id\":\"https:\/\/latraversiere.fr\/en\/boutique\/panier\/#webpage\",\"url\":\"https:\/\/latraversiere.fr\/en\/boutique\/panier\/\",\"name\":\"Mon panier - LA TRAVERSIERE The french flute association\",\"isPartOf\":{\"@id\":\"https:\/\/latraversiere.fr\/#website\"},\"datePublished\":\"2017-03-15T06:11:24+00:00\",\"dateModified\":\"2017-03-15T06:11:24+00:00\",\"breadcrumb\":{\"@id\":\"https:\/\/latraversiere.fr\/en\/boutique\/panier\/#breadcrumb\"},\"inLanguage\":\"en-US\",\"potentialAction\":[{\"@type\":\"ReadAction\",\"target\":[\"https:\/\/latraversiere.fr\/en\/boutique\/panier\/\"]}]},{\"@type\":\"BreadcrumbList\",\"@id\":\"https:\/\/latraversiere.fr\/en\/boutique\/panier\/#breadcrumb\",\"itemListElement\":[{\"@type\":\"ListItem\",\"position\":1,\"name\":\"Accueil\",\"item\":\"https:\/\/latraversiere.fr\/\"},{\"@type\":\"ListItem\",\"position\":2,\"name\":\"Boutique\",\"item\":\"https:\/\/latraversiere.fr\/en\/boutique\/\"},{\"@type\":\"ListItem\",\"position\":3,\"name\":\"Mon panier\"}]}]}<\/script>\n<!-- \/ Yoast SEO plugin. -->","yoast_head_json":{"title":"Mon panier - LA TRAVERSIERE The french flute association","robots":{"index":"index","follow":"follow","max-snippet":"max-snippet:-1","max-image-preview":"max-image-preview:large","max-video-preview":"max-video-preview:-1"},"canonical":"https:\/\/latraversiere.fr\/en\/boutique\/panier\/","og_locale":"en_US","og_type":"article","og_title":"Mon panier - LA TRAVERSIERE The french flute association","og_url":"https:\/\/latraversiere.fr\/en\/boutique\/panier\/","og_site_name":"LA TRAVERSIERE The french flute association","article_publisher":"https:\/\/www.facebook.com\/traversieres\/","twitter_card":"summary","twitter_site":"@La_Traversiere","schema":{"@context":"https:\/\/schema.org","@graph":[{"@type":"Organization","@id":"https:\/\/latraversiere.fr\/#organization","name":"La Traversi\u00e8re - Association Fran\u00e7aise de la Fl\u00fbte","url":"https:\/\/latraversiere.fr\/","sameAs":["https:\/\/www.facebook.com\/traversieres\/","https:\/\/www.instagram.com\/la_traversiere\/","https:\/\/www.youtube.com\/channel\/UC46MEQZI2BfRZNFUFqc59Sw","https:\/\/twitter.com\/La_Traversiere"],"logo":{"@type":"ImageObject","@id":"https:\/\/latraversiere.fr\/#logo","inLanguage":"en-US","url":"https:\/\/latraversiere.fr\/wp-content\/uploads\/2018\/01\/LOGO-Traversiere-SITE-1.png","contentUrl":"https:\/\/latraversiere.fr\/wp-content\/uploads\/2018\/01\/LOGO-Traversiere-SITE-1.png","width":539,"height":200,"caption":"La Traversi\u00e8re - Association Fran\u00e7aise de la Fl\u00fbte"},"image":{"@id":"https:\/\/latraversiere.fr\/#logo"}},{"@type":"WebSite","@id":"https:\/\/latraversiere.fr\/#website","url":"https:\/\/latraversiere.fr\/","name":"LA TRAVERSIERE The french flute association","description":"","publisher":{"@id":"https:\/\/latraversiere.fr\/#organization"},"potentialAction":[{"@type":"SearchAction","target":{"@type":"EntryPoint","urlTemplate":"https:\/\/latraversiere.fr\/?s={search_term_string}"},"query-input":"required name=search_term_string"}],"inLanguage":"en-US"},{"@type":"WebPage","@id":"https:\/\/latraversiere.fr\/en\/boutique\/panier\/#webpage","url":"https:\/\/latraversiere.fr\/en\/boutique\/panier\/","name":"Mon panier - LA TRAVERSIERE The french flute association","isPartOf":{"@id":"https:\/\/latraversiere.fr\/#website"},"datePublished":"2017-03-15T06:11:24+00:00","dateModified":"2017-03-15T06:11:24+00:00","breadcrumb":{"@id":"https:\/\/latraversiere.fr\/en\/boutique\/panier\/#breadcrumb"},"inLanguage":"en-US","potentialAction":[{"@type":"ReadAction","target":["https:\/\/latraversiere.fr\/en\/boutique\/panier\/"]}]},{"@type":"BreadcrumbList","@id":"https:\/\/latraversiere.fr\/en\/boutique\/panier\/#breadcrumb","itemListElement":[{"@type":"ListItem","position":1,"name":"Accueil","item":"https:\/\/latraversiere.fr\/"},{"@type":"ListItem","position":2,"name":"Boutique","item":"https:\/\/latraversiere.fr\/en\/boutique\/"},{"@type":"ListItem","position":3,"name":"Mon panier"}]}]}},"_links":{"self":[{"href":"https:\/\/latraversiere.fr\/en\/wp-json\/wp\/v2\/pages\/115"}],"collection":[{"href":"https:\/\/latraversiere.fr\/en\/wp-json\/wp\/v2\/pages"}],"about":[{"href":"https:\/\/latraversiere.fr\/en\/wp-json\/wp\/v2\/types\/page"}],"author":[{"embeddable":true,"href":"https:\/\/latraversiere.fr\/en\/wp-json\/wp\/v2\/users\/1"}],"replies":[{"embeddable":true,"href":"https:\/\/latraversiere.fr\/en\/wp-json\/wp\/v2\/comments?post=115"}],"version-history":[{"count":0,"href":"https:\/\/latraversiere.fr\/en\/wp-json\/wp\/v2\/pages\/115\/revisions"}],"up":[{"embeddable":true,"href":"https:\/\/latraversiere.fr\/en\/wp-json\/wp\/v2\/pages\/114"}],"wp:attachment":[{"href":"https:\/\/latraversiere.fr\/en\/wp-json\/wp\/v2\/media?parent=115"}],"curies":[{"name":"wp","href":"https:\/\/api.w.org\/{rel}","templated":true}]}}