{"id":1155,"date":"2017-11-03T12:59:42","date_gmt":"2017-11-03T11:59:42","guid":{"rendered":"http:\/\/s465217036.onlinehome.fr\/TravNS\/?page_id=1155"},"modified":"2023-07-26T21:37:24","modified_gmt":"2023-07-26T19:37:24","slug":"adherer","status":"publish","type":"page","link":"https:\/\/latraversiere.fr\/en\/adherer\/","title":{"rendered":"Join"},"content":{"rendered":"<div id=\"pl-1155\"  class=\"panel-layout\" ><div id=\"pg-1155-0\"  class=\"panel-grid panel-has-style\" ><div class=\"panel-row-style panel-row-style-for-1155-0\" ><div id=\"pgc-1155-0-0\"  class=\"panel-grid-cell\" ><div id=\"panel-1155-0-0-0\" class=\"so-panel widget widget_sow-editor panel-first-child panel-last-child\" data-index=\"0\" ><div class=\"so-widget-sow-editor so-widget-sow-editor-base\">\n<div class=\"siteorigin-widget-tinymce textwidget\">\n\t<div class=\"section-title text-center\">\n<h1 style=\"text-align: center !important; font-weight: 100; color: #32a3c3; text-transform: none; margin-bottom: 50px;\">\nJoining La Traversi\u00e8re<br \/>\n<\/h1>\n<\/div>\n<p>Joining La Traversi\u00e8re is to extend its network and to share with the largest community of French flutists, as well as to support the actions carried out by the association to promote the flute around the world through the organization of events, the publication of magazines and the contribution of its support to educational, artistic or other projects highlighting the instrument.\n<\/p>\n<p>Joining La Traversi\u00e8re also means enjoying many advantages that are specially reserved for you:<\/p>\n<ul>\n<li>Preferential prices for the International Flute Convention and other events organized by the association.<\/li>\n<li>Special Offers on various articles (Scores, Books, CDs, DVDs ...) offered by the association.<\/li>\n<li>Benefit from an information relay for all your events (concerts, summer courses ...)<\/li>\n<li>Receive at home and read online our Traversi\u00e8res Magazine<\/li>\n<\/ul>\n<\/div>\n<\/div><\/div><\/div><\/div><\/div><div id=\"pg-1155-1\"  class=\"panel-grid panel-has-style\" ><div class=\"siteorigin-panels-stretch panel-row-style panel-row-style-for-1155-1\" data-stretch-type=\"full\" ><div id=\"pgc-1155-1-0\"  class=\"panel-grid-cell\" ><div id=\"panel-1155-1-0-0\" class=\"so-panel widget widget_sow-editor panel-first-child\" data-index=\"1\" ><div class=\"panel-widget-style panel-widget-style-for-1155-1-0-0\" ><div class=\"so-widget-sow-editor so-widget-sow-editor-base\">\n<div class=\"siteorigin-widget-tinymce textwidget\">\n\t<div class=\"section-title\">\n<h1 style=\"margin-bottom:10px; font-weight: 100; text-transform:none;\">Your advantages<\/h1>\n<div class=\"section-title-line\" style=\"\"><\/div>\n<\/div>\n<\/div>\n<\/div><\/div><\/div><div id=\"panel-1155-1-0-1\" class=\"so-panel widget widget_siteorigin-panels-builder panel-last-child\" data-index=\"2\" ><div class=\"panel-widget-style panel-widget-style-for-1155-1-0-1\" ><div id=\"pl-w5b9fd0b898509\"  class=\"panel-layout\" ><div id=\"pg-w5b9fd0b898509-0\"  class=\"panel-grid panel-has-style\" ><div class=\"siteorigin-panels-stretch panel-row-style panel-row-style-for-w5b9fd0b898509-0\" data-stretch-type=\"full\" ><div id=\"pgc-w5b9fd0b898509-0-0\"  class=\"panel-grid-cell\" ><div id=\"panel-w5b9fd0b898509-0-0-0\" class=\"so-panel widget widget_sow-image panel-first-child panel-last-child\" data-index=\"0\" ><div class=\"so-widget-sow-image so-widget-sow-image-default-e17c88a107a0\">\n\n<div class=\"sow-image-container\">\n\t\t<img src=\"https:\/\/latraversiere.fr\/wp-content\/uploads\/2017\/11\/TRAV_PFD.jpg\" width=\"600\" height=\"400\" srcset=\"https:\/\/latraversiere.fr\/wp-content\/uploads\/2017\/11\/TRAV_PFD.jpg 600w, https:\/\/latraversiere.fr\/wp-content\/uploads\/2017\/11\/TRAV_PFD-300x200.jpg 300w, https:\/\/latraversiere.fr\/wp-content\/uploads\/2017\/11\/TRAV_PFD-180x120.jpg 180w, https:\/\/latraversiere.fr\/wp-content\/uploads\/2017\/11\/TRAV_PFD-272x182.jpg 272w\" sizes=\"(max-width: 600px) 100vw, 600px\" title=\"Mags en PDF\" alt=\"\" loading=\"lazy\" \t\tclass=\"so-widget-image\"\/>\n\t<\/div>\n\n<\/div><\/div><\/div><div id=\"pgc-w5b9fd0b898509-0-1\"  class=\"panel-grid-cell\" ><div id=\"panel-w5b9fd0b898509-0-1-0\" class=\"so-panel widget widget_sow-editor panel-first-child panel-last-child\" data-index=\"1\" ><div class=\"panel-widget-style panel-widget-style-for-w5b9fd0b898509-0-1-0\" ><div class=\"so-widget-sow-editor so-widget-sow-editor-base\">\n<div class=\"siteorigin-widget-tinymce textwidget\">\n\t<div class=\"section-title text-center\" style=\"text-align:center !important;\">\n<h2 style=\"text-align:left !important; font-weight:100;\"><span style=\"color:#32a3c3\">Get access<\/span> to all our magazines<\/h2>\n<\/div>\n<p>As a member, you have access to all available magazines in electronic format. You have access to all the articles as well as a powerful search engine allowing you to find any article. Finally, if this article is not yet available, we will publish it at your request!<\/p>\n<\/div>\n<\/div><\/div><\/div><\/div><\/div><\/div><div id=\"pg-w5b9fd0b898509-1\"  class=\"panel-grid panel-has-style\" ><div class=\"siteorigin-panels-stretch panel-row-style panel-row-style-for-w5b9fd0b898509-1\" data-stretch-type=\"full\" ><div id=\"pgc-w5b9fd0b898509-1-0\"  class=\"panel-grid-cell\" ><div id=\"panel-w5b9fd0b898509-1-0-0\" class=\"so-panel widget widget_sow-editor panel-first-child panel-last-child\" data-index=\"2\" ><div class=\"panel-widget-style panel-widget-style-for-w5b9fd0b898509-1-0-0\" ><div class=\"so-widget-sow-editor so-widget-sow-editor-base\">\n<div class=\"siteorigin-widget-tinymce textwidget\">\n\t<div class=\"section-title text-center\" style=\"text-align:center !important;\">\n<h2 style=\"text-align:left !important; font-weight:100;\"><span style=\"color:#32a3c3\">Publish<\/span> your ads<\/h2>\n<\/div>\n<p>Use our site to publish your ads: flute for sale, course offer... With the online form, write your ad, click on publish and here it is, visible to all!<\/p>\n<\/div>\n<\/div><\/div><\/div><\/div><div id=\"pgc-w5b9fd0b898509-1-1\"  class=\"panel-grid-cell\" ><div id=\"panel-w5b9fd0b898509-1-1-0\" class=\"so-panel widget widget_sow-image panel-first-child panel-last-child\" data-index=\"3\" ><div class=\"so-widget-sow-image so-widget-sow-image-default-e17c88a107a0\">\n\n<div class=\"sow-image-container\">\n\t\t<img src=\"https:\/\/latraversiere.fr\/wp-content\/uploads\/2017\/11\/Annonces.jpg\" width=\"600\" height=\"400\" srcset=\"https:\/\/latraversiere.fr\/wp-content\/uploads\/2017\/11\/Annonces.jpg 600w, https:\/\/latraversiere.fr\/wp-content\/uploads\/2017\/11\/Annonces-300x200.jpg 300w, https:\/\/latraversiere.fr\/wp-content\/uploads\/2017\/11\/Annonces-180x120.jpg 180w, https:\/\/latraversiere.fr\/wp-content\/uploads\/2017\/11\/Annonces-272x182.jpg 272w\" sizes=\"(max-width: 600px) 100vw, 600px\" title=\"Petites Annonces\" alt=\"\" loading=\"lazy\" \t\tclass=\"so-widget-image\"\/>\n\t<\/div>\n\n<\/div><\/div><\/div><\/div><\/div><div id=\"pg-w5b9fd0b898509-2\"  class=\"panel-grid panel-has-style\" ><div class=\"siteorigin-panels-stretch panel-row-style panel-row-style-for-w5b9fd0b898509-2\" data-stretch-type=\"full\" ><div id=\"pgc-w5b9fd0b898509-2-0\"  class=\"panel-grid-cell\" ><div id=\"panel-w5b9fd0b898509-2-0-0\" class=\"so-panel widget widget_sow-image panel-first-child panel-last-child\" data-index=\"4\" ><div class=\"so-widget-sow-image so-widget-sow-image-default-e17c88a107a0\">\n\n<div class=\"sow-image-container\">\n\t\t<img src=\"https:\/\/latraversiere.fr\/wp-content\/uploads\/2017\/11\/CalendrierConcert.jpg\" width=\"600\" height=\"400\" srcset=\"https:\/\/latraversiere.fr\/wp-content\/uploads\/2017\/11\/CalendrierConcert.jpg 600w, https:\/\/latraversiere.fr\/wp-content\/uploads\/2017\/11\/CalendrierConcert-300x200.jpg 300w, https:\/\/latraversiere.fr\/wp-content\/uploads\/2017\/11\/CalendrierConcert-180x120.jpg 180w, https:\/\/latraversiere.fr\/wp-content\/uploads\/2017\/11\/CalendrierConcert-272x182.jpg 272w\" sizes=\"(max-width: 600px) 100vw, 600px\" title=\"Calendrier Concert\" alt=\"\" loading=\"lazy\" \t\tclass=\"so-widget-image\"\/>\n\t<\/div>\n\n<\/div><\/div><\/div><div id=\"pgc-w5b9fd0b898509-2-1\"  class=\"panel-grid-cell\" ><div id=\"panel-w5b9fd0b898509-2-1-0\" class=\"so-panel widget widget_sow-editor panel-first-child panel-last-child\" data-index=\"5\" ><div class=\"panel-widget-style panel-widget-style-for-w5b9fd0b898509-2-1-0\" ><div class=\"so-widget-sow-editor so-widget-sow-editor-base\">\n<div class=\"siteorigin-widget-tinymce textwidget\">\n\t<div class=\"section-title text-center\" style=\"text-align:center !important;\">\n<h2 style=\"text-align:left !important; font-weight:100;\"><span style=\"color:#32a3c3\">Share<\/span> your events<\/h2>\n<p>As a member, you can publish all the events you want directly on our website. For that, 1 click is enough to create a superb page visible by all. A great way to make your event known by everyone!<\/p>\n<\/p><\/div>\n<\/div>\n<\/div><\/div><\/div><\/div><\/div><\/div><div id=\"pg-w5b9fd0b898509-3\"  class=\"panel-grid panel-has-style\" ><div class=\"siteorigin-panels-stretch panel-row-style panel-row-style-for-w5b9fd0b898509-3\" data-stretch-type=\"full\" ><div id=\"pgc-w5b9fd0b898509-3-0\"  class=\"panel-grid-cell\" ><div id=\"panel-w5b9fd0b898509-3-0-0\" class=\"so-panel widget widget_sow-editor panel-first-child panel-last-child\" data-index=\"6\" ><div class=\"panel-widget-style panel-widget-style-for-w5b9fd0b898509-3-0-0\" ><div class=\"so-widget-sow-editor so-widget-sow-editor-base\">\n<div class=\"siteorigin-widget-tinymce textwidget\">\n\t<div class=\"section-title text-center\" style=\"text-align:center !important;\">\n<h2 style=\"text-align:left !important; font-weight:100;\"><span style=\"color:#32a3c3\">Benefit<\/span> from exclusive offers<\/h2>\n<p>As a member, you benefit from discounts on a large number of items in our shop. You also benefit from special offers, as well as discounts from our partners. Finally, as a member, you benefit from preferential prices for all events organized or sponsored by La Traversi\u00e8re, including the International Flute Convention.<\/p>\n<\/div>\n<\/div>\n<\/div><\/div><\/div><\/div><div id=\"pgc-w5b9fd0b898509-3-1\"  class=\"panel-grid-cell\" ><div id=\"panel-w5b9fd0b898509-3-1-0\" class=\"so-panel widget widget_sow-image panel-first-child panel-last-child\" data-index=\"7\" ><div class=\"so-widget-sow-image so-widget-sow-image-default-e17c88a107a0\">\n\n<div class=\"sow-image-container\">\n\t\t<img src=\"https:\/\/latraversiere.fr\/wp-content\/uploads\/2017\/11\/Offres.jpg\" width=\"600\" height=\"400\" srcset=\"https:\/\/latraversiere.fr\/wp-content\/uploads\/2017\/11\/Offres.jpg 600w, https:\/\/latraversiere.fr\/wp-content\/uploads\/2017\/11\/Offres-300x200.jpg 300w, https:\/\/latraversiere.fr\/wp-content\/uploads\/2017\/11\/Offres-180x120.jpg 180w, https:\/\/latraversiere.fr\/wp-content\/uploads\/2017\/11\/Offres-272x182.jpg 272w\" sizes=\"(max-width: 600px) 100vw, 600px\" title=\"Offres Sp\u00e9ciales\" alt=\"\" loading=\"lazy\" \t\tclass=\"so-widget-image\"\/>\n\t<\/div>\n\n<\/div><\/div><\/div><\/div><\/div><div id=\"pg-w5b9fd0b898509-4\"  class=\"panel-grid panel-has-style\" ><div class=\"siteorigin-panels-stretch panel-row-style panel-row-style-for-w5b9fd0b898509-4\" data-stretch-type=\"full\" ><div id=\"pgc-w5b9fd0b898509-4-0\"  class=\"panel-grid-cell\" ><div id=\"panel-w5b9fd0b898509-4-0-0\" class=\"so-panel widget widget_sow-image panel-first-child panel-last-child\" data-index=\"8\" ><div class=\"so-widget-sow-image so-widget-sow-image-default-e17c88a107a0\">\n\n<div class=\"sow-image-container\">\n\t\t<img src=\"https:\/\/latraversiere.fr\/wp-content\/uploads\/2017\/11\/Carte.jpg\" width=\"489\" height=\"346\" srcset=\"https:\/\/latraversiere.fr\/wp-content\/uploads\/2017\/11\/Carte.jpg 489w, https:\/\/latraversiere.fr\/wp-content\/uploads\/2017\/11\/Carte-300x212.jpg 300w, https:\/\/latraversiere.fr\/wp-content\/uploads\/2017\/11\/Carte-180x127.jpg 180w\" sizes=\"(max-width: 489px) 100vw, 489px\" title=\"Carte Adh\u00e9rent\" alt=\"\" loading=\"lazy\" \t\tclass=\"so-widget-image\"\/>\n\t<\/div>\n\n<\/div><\/div><\/div><div id=\"pgc-w5b9fd0b898509-4-1\"  class=\"panel-grid-cell\" ><div id=\"panel-w5b9fd0b898509-4-1-0\" class=\"so-panel widget widget_sow-editor panel-first-child panel-last-child\" data-index=\"9\" ><div class=\"panel-widget-style panel-widget-style-for-w5b9fd0b898509-4-1-0\" ><div class=\"so-widget-sow-editor so-widget-sow-editor-base\">\n<div class=\"siteorigin-widget-tinymce textwidget\">\n\t<div class=\"section-title text-center\" style=\"text-align:center !important;\">\n<h2 style=\"text-align:left !important; font-weight:100;\"><span style=\"color:#32a3c3\">Receive<\/span> your membership card<\/h2>\n<p>By joining La Traversi\u00e8re, you will receive a nominative membership card which will allow you to benefits from discounts at our partners!<\/p>\n<\/div>\n<\/div>\n<\/div><\/div><\/div><\/div><\/div><\/div><\/div><\/div><\/div><\/div><\/div><\/div><div id=\"pg-1155-2\"  class=\"panel-grid panel-has-style\" ><div class=\"siteorigin-panels-stretch panel-row-style panel-row-style-for-1155-2\" id=\"Adhesion\" data-stretch-type=\"full\" ><div id=\"pgc-1155-2-0\"  class=\"panel-grid-cell\" ><div id=\"panel-1155-2-0-0\" class=\"so-panel widget widget_sow-editor panel-first-child\" data-index=\"3\" ><div class=\"panel-widget-style panel-widget-style-for-1155-2-0-0\" ><div class=\"so-widget-sow-editor so-widget-sow-editor-base\">\n<div class=\"siteorigin-widget-tinymce textwidget\">\n\t<div class=\"section-title\">\n<h1 style=\"margin-bottom:10px; font-weight: 100; text-transform:none;\">Choose your formula<\/h1>\n<div class=\"section-title-line\" style=\"\"><\/div>\n<\/div>\n<\/div>\n<\/div><\/div><\/div><div id=\"panel-1155-2-0-1\" class=\"so-panel widget widget_sow-editor panel-last-child\" data-index=\"4\" ><div class=\"tab-formule panel-widget-style panel-widget-style-for-1155-2-0-1\" id=\"papier\" ><div class=\"so-widget-sow-editor so-widget-sow-editor-base\">\n<div class=\"siteorigin-widget-tinymce textwidget\">\n\t<section id=\"pricing-table\">\n<div class=\"row\">\n<div class=\"pricing\">\n<div class=\"col-md-6 col-sm-12 col-xs-12\">\n<div class=\"pricing-table\">\n<div class=\"pricing-header\">\n<p class=\"pricing-title\">Complete formula <br \/> (Paper + Numeric)<\/p>\n<p class=\"pricing-rate\"><sup>\u20ac<\/sup> 49 <span>\/year<\/span><\/p>\n<p><a href=\"https:\/\/latraversiere.fr\/boutique\/adhesion\/formule-adhesion-integrale\/\" class=\"btn btn-default white\" style=\"margin-top:0px !important\">I Join<\/a>\n<\/div>\n<div class=\"pricing-list\">\n<ul>\n<li><i class=\"\"><\/i><span>I receive at home Traversi\u00e8res Magazine<\/span><\/li>\n<li><i class=\"\"><\/i><span>I have access to all the electronic magazines on the site<\/span><\/li>\n<li><i class=\"\"><\/i><span>I benefit from discounts and exceptional offers<\/span><\/li>\n<li><i class=\"\"><\/i><span>I post my ads and events for free on the website<\/span><\/li>\n<li><i class=\"\"><\/i><span>I have a membership card<\/span><\/li>\n<\/ul>\n<\/div>\n<\/div>\n<\/div>\n<div class=\"col-md-6 col-sm-12 col-xs-12\">\n<div class=\"pricing-table\">\n<div class=\"pricing-header\">\n<p class=\"pricing-title\">Numeric Formula <br \/> (100% num\u00e9ric)<\/p>\n<p class=\"pricing-rate\"><sup>\u20ac<\/sup> 29 <span>\/year<\/span><\/p>\n<p><a href=\"https:\/\/latraversiere.fr\/boutique\/adhesion\/formule-adhesion-numerique\/\" class=\"btn btn-default white\" style=\"margin-top:0px !important\">J'adh\u00e8re<\/a>\n<\/div>\n<div class=\"pricing-list\">\n<ul>\n<li><i class=\"\"><\/i><span>I have access to all the electronic magazines on the site<\/span><\/li>\n<li><i class=\"\"><\/i><span>I benefit from discounts and exceptional offers<\/span><\/li>\n<li><i class=\"\"><\/i><span>I post my ads and events for free on the website<\/span><\/li>\n<li><i class=\"\"><\/i><span>I have a membership card<\/span><\/li>\n<\/ul>\n<\/div>\n<\/div>\n<\/div>\n<\/div>\n<\/div>\n<\/section>\n<\/div>\n<\/div><\/div><\/div><\/div><\/div><\/div><\/div>","protected":false},"excerpt":{"rendered":"<p>Joining La Traversi\u00e8re Joining La Traversi\u00e8re is to extend its network and to share with the largest community of French flutists, as well as to support the actions carried out by the association to promote the flute around the world through the organization of events, the publication of magazines and the contribution of its support [&hellip;]<\/p>\n<div class=\"woocommerce\">\n<div class=\"woocommerce-info wc-memberships-restriction-message wc-memberships-message wc-memberships-content-restricted-message\">To access this page, you must purchase <span class=\"wc-memberships-products-grant-access\"><a href=\"https:\/\/latraversiere.fr\/en\/boutique\/adhesion\/formule-adhesion-integrale\/?attribute_pa_duree=2-ans\">Formule d&#8217;adh\u00e9sion int\u00e9grale (Papier + Num\u00e9rique) &ndash; 2-ans<\/a><\/span>.<\/div>\n<\/div>\n","protected":false},"author":1,"featured_media":0,"parent":0,"menu_order":0,"comment_status":"closed","ping_status":"closed","template":"","meta":[],"yoast_head":"<!-- This site is optimized with the Yoast SEO plugin v17.5 - https:\/\/yoast.com\/wordpress\/plugins\/seo\/ -->\n<title>Join - LA TRAVERSIERE The french flute association<\/title>\n<meta name=\"robots\" content=\"index, follow, max-snippet:-1, max-image-preview:large, max-video-preview:-1\" \/>\n<link rel=\"canonical\" href=\"https:\/\/latraversiere.fr\/adherer\/\" \/>\n<meta property=\"og:locale\" content=\"en_US\" \/>\n<meta property=\"og:type\" content=\"article\" \/>\n<meta property=\"og:title\" content=\"[:fr]Adh\u00e9rer[:en]Join[:] - LA TRAVERSIERE The french flute association\" \/>\n<meta property=\"og:description\" content=\"Joining La Traversi\u00e8re Joining La Traversi\u00e8re is to extend its network and to share with the largest community of French flutists, as well as to support the actions carried out by the association to promote the flute around the world through the organization of events, the publication of magazines and the contribution of its support [&hellip;]\" \/>\n<meta property=\"og:url\" content=\"https:\/\/latraversiere.fr\/adherer\/\" \/>\n<meta property=\"og:site_name\" content=\"LA TRAVERSIERE The french flute association\" \/>\n<meta property=\"article:publisher\" content=\"https:\/\/www.facebook.com\/traversieres\/\" \/>\n<meta property=\"article:modified_time\" content=\"2023-07-26T19:37:24+00:00\" \/>\n<meta name=\"twitter:card\" content=\"summary\" \/>\n<meta name=\"twitter:site\" content=\"@La_Traversiere\" \/>\n<meta name=\"twitter:label1\" content=\"Est. reading time\" \/>\n\t<meta name=\"twitter:data1\" content=\"5 minutes\" \/>\n<script type=\"application\/ld+json\" class=\"yoast-schema-graph\">{\"@context\":\"https:\/\/schema.org\",\"@graph\":[{\"@type\":\"Organization\",\"@id\":\"https:\/\/latraversiere.fr\/#organization\",\"name\":\"La Traversi\\u00e8re - Association Fran\\u00e7aise de la Fl\\u00fbte\",\"url\":\"https:\/\/latraversiere.fr\/\",\"sameAs\":[\"https:\/\/www.facebook.com\/traversieres\/\",\"https:\/\/www.instagram.com\/la_traversiere\/\",\"https:\/\/www.youtube.com\/channel\/UC46MEQZI2BfRZNFUFqc59Sw\",\"https:\/\/twitter.com\/La_Traversiere\"],\"logo\":{\"@type\":\"ImageObject\",\"@id\":\"https:\/\/latraversiere.fr\/#logo\",\"inLanguage\":\"en-US\",\"url\":\"https:\/\/latraversiere.fr\/wp-content\/uploads\/2018\/01\/LOGO-Traversiere-SITE-1.png\",\"contentUrl\":\"https:\/\/latraversiere.fr\/wp-content\/uploads\/2018\/01\/LOGO-Traversiere-SITE-1.png\",\"width\":539,\"height\":200,\"caption\":\"La Traversi\\u00e8re - Association Fran\\u00e7aise de la Fl\\u00fbte\"},\"image\":{\"@id\":\"https:\/\/latraversiere.fr\/#logo\"}},{\"@type\":\"WebSite\",\"@id\":\"https:\/\/latraversiere.fr\/#website\",\"url\":\"https:\/\/latraversiere.fr\/\",\"name\":\"LA TRAVERSIERE The french flute association\",\"description\":\"\",\"publisher\":{\"@id\":\"https:\/\/latraversiere.fr\/#organization\"},\"potentialAction\":[{\"@type\":\"SearchAction\",\"target\":{\"@type\":\"EntryPoint\",\"urlTemplate\":\"https:\/\/latraversiere.fr\/?s={search_term_string}\"},\"query-input\":\"required name=search_term_string\"}],\"inLanguage\":\"en-US\"},{\"@type\":\"WebPage\",\"@id\":\"https:\/\/latraversiere.fr\/adherer\/#webpage\",\"url\":\"https:\/\/latraversiere.fr\/adherer\/\",\"name\":\"[:fr]Adh\\u00e9rer[:en]Join[:] - LA TRAVERSIERE The french flute association\",\"isPartOf\":{\"@id\":\"https:\/\/latraversiere.fr\/#website\"},\"datePublished\":\"2017-11-03T11:59:42+00:00\",\"dateModified\":\"2023-07-26T19:37:24+00:00\",\"breadcrumb\":{\"@id\":\"https:\/\/latraversiere.fr\/adherer\/#breadcrumb\"},\"inLanguage\":\"en-US\",\"potentialAction\":[{\"@type\":\"ReadAction\",\"target\":[\"https:\/\/latraversiere.fr\/adherer\/\"]}]},{\"@type\":\"BreadcrumbList\",\"@id\":\"https:\/\/latraversiere.fr\/adherer\/#breadcrumb\",\"itemListElement\":[{\"@type\":\"ListItem\",\"position\":1,\"name\":\"Accueil\",\"item\":\"https:\/\/latraversiere.fr\/\"},{\"@type\":\"ListItem\",\"position\":2,\"name\":\"Adh\\u00e9rer\"}]}]}<\/script>\n<!-- \/ Yoast SEO plugin. -->","yoast_head_json":{"title":"[:fr]Adh\u00e9rer[:en]Join[:] - LA TRAVERSIERE The french flute association","robots":{"index":"index","follow":"follow","max-snippet":"max-snippet:-1","max-image-preview":"max-image-preview:large","max-video-preview":"max-video-preview:-1"},"canonical":"https:\/\/latraversiere.fr\/adherer\/","og_locale":"en_US","og_type":"article","og_title":"[:fr]Adh\u00e9rer[:en]Join[:] - LA TRAVERSIERE The french flute association","og_description":"Joining La Traversi\u00e8re Joining La Traversi\u00e8re is to extend its network and to share with the largest community of French flutists, as well as to support the actions carried out by the association to promote the flute around the world through the organization of events, the publication of magazines and the contribution of its support [&hellip;]","og_url":"https:\/\/latraversiere.fr\/adherer\/","og_site_name":"LA TRAVERSIERE The french flute association","article_publisher":"https:\/\/www.facebook.com\/traversieres\/","article_modified_time":"2023-07-26T19:37:24+00:00","twitter_card":"summary","twitter_site":"@La_Traversiere","twitter_misc":{"Est. reading time":"5 minutes"},"schema":{"@context":"https:\/\/schema.org","@graph":[{"@type":"Organization","@id":"https:\/\/latraversiere.fr\/#organization","name":"La Traversi\u00e8re - Association Fran\u00e7aise de la Fl\u00fbte","url":"https:\/\/latraversiere.fr\/","sameAs":["https:\/\/www.facebook.com\/traversieres\/","https:\/\/www.instagram.com\/la_traversiere\/","https:\/\/www.youtube.com\/channel\/UC46MEQZI2BfRZNFUFqc59Sw","https:\/\/twitter.com\/La_Traversiere"],"logo":{"@type":"ImageObject","@id":"https:\/\/latraversiere.fr\/#logo","inLanguage":"en-US","url":"https:\/\/latraversiere.fr\/wp-content\/uploads\/2018\/01\/LOGO-Traversiere-SITE-1.png","contentUrl":"https:\/\/latraversiere.fr\/wp-content\/uploads\/2018\/01\/LOGO-Traversiere-SITE-1.png","width":539,"height":200,"caption":"La Traversi\u00e8re - Association Fran\u00e7aise de la Fl\u00fbte"},"image":{"@id":"https:\/\/latraversiere.fr\/#logo"}},{"@type":"WebSite","@id":"https:\/\/latraversiere.fr\/#website","url":"https:\/\/latraversiere.fr\/","name":"LA TRAVERSIERE The french flute association","description":"","publisher":{"@id":"https:\/\/latraversiere.fr\/#organization"},"potentialAction":[{"@type":"SearchAction","target":{"@type":"EntryPoint","urlTemplate":"https:\/\/latraversiere.fr\/?s={search_term_string}"},"query-input":"required name=search_term_string"}],"inLanguage":"en-US"},{"@type":"WebPage","@id":"https:\/\/latraversiere.fr\/adherer\/#webpage","url":"https:\/\/latraversiere.fr\/adherer\/","name":"[:fr]Adh\u00e9rer[:en]Join[:] - LA TRAVERSIERE The french flute association","isPartOf":{"@id":"https:\/\/latraversiere.fr\/#website"},"datePublished":"2017-11-03T11:59:42+00:00","dateModified":"2023-07-26T19:37:24+00:00","breadcrumb":{"@id":"https:\/\/latraversiere.fr\/adherer\/#breadcrumb"},"inLanguage":"en-US","potentialAction":[{"@type":"ReadAction","target":["https:\/\/latraversiere.fr\/adherer\/"]}]},{"@type":"BreadcrumbList","@id":"https:\/\/latraversiere.fr\/adherer\/#breadcrumb","itemListElement":[{"@type":"ListItem","position":1,"name":"Accueil","item":"https:\/\/latraversiere.fr\/"},{"@type":"ListItem","position":2,"name":"Adh\u00e9rer"}]}]}},"_links":{"self":[{"href":"https:\/\/latraversiere.fr\/en\/wp-json\/wp\/v2\/pages\/1155"}],"collection":[{"href":"https:\/\/latraversiere.fr\/en\/wp-json\/wp\/v2\/pages"}],"about":[{"href":"https:\/\/latraversiere.fr\/en\/wp-json\/wp\/v2\/types\/page"}],"author":[{"embeddable":true,"href":"https:\/\/latraversiere.fr\/en\/wp-json\/wp\/v2\/users\/1"}],"replies":[{"embeddable":true,"href":"https:\/\/latraversiere.fr\/en\/wp-json\/wp\/v2\/comments?post=1155"}],"version-history":[{"count":13,"href":"https:\/\/latraversiere.fr\/en\/wp-json\/wp\/v2\/pages\/1155\/revisions"}],"predecessor-version":[{"id":21600,"href":"https:\/\/latraversiere.fr\/en\/wp-json\/wp\/v2\/pages\/1155\/revisions\/21600"}],"wp:attachment":[{"href":"https:\/\/latraversiere.fr\/en\/wp-json\/wp\/v2\/media?parent=1155"}],"curies":[{"name":"wp","href":"https:\/\/api.w.org\/{rel}","templated":true}]}}