{"id":1247,"date":"2017-11-06T20:28:07","date_gmt":"2017-11-06T19:28:07","guid":{"rendered":"http:\/\/s465217036.onlinehome.fr\/TravNS\/?page_id=1247"},"modified":"2021-01-29T18:21:28","modified_gmt":"2021-01-29T17:21:28","slug":"espace-adherents","status":"publish","type":"page","link":"https:\/\/latraversiere.fr\/en\/espace-adherents\/","title":{"rendered":"Members area"},"content":{"rendered":"<div id=\"pl-1247\"  class=\"panel-layout\" ><div id=\"pg-1247-0\"  class=\"panel-grid panel-has-style\" ><div class=\"panel-row-style panel-row-style-for-1247-0\" ><div id=\"pgc-1247-0-0\"  class=\"panel-grid-cell\" ><div id=\"panel-1247-0-0-0\" class=\"so-panel widget widget_sow-editor panel-first-child panel-last-child\" data-index=\"0\" ><div class=\"panel-widget-style panel-widget-style-for-1247-0-0-0\" ><div class=\"so-widget-sow-editor so-widget-sow-editor-base\">\n<div class=\"siteorigin-widget-tinymce textwidget\">\n\t\n<div class=\"section-title text-center\">\n<h1 style=\"text-align: center !important; font-weight: 100; color: #32a3c3; text-transform: none; margin-bottom: 50px;\">\nYour membership area<\/h1>\n<\/div>\n<\/div>\n<\/div><\/div><\/div><\/div><\/div><\/div><div id=\"pg-1247-1\"  class=\"panel-grid panel-has-style\" ><div class=\"siteorigin-panels-stretch panel-row-style panel-row-style-for-1247-1\" data-stretch-type=\"full\" ><div id=\"pgc-1247-1-0\"  class=\"panel-grid-cell\" ><div class=\"box white panel-cell-style panel-cell-style-for-1247-1-0\" ><div id=\"panel-1247-1-0-0\" class=\"so-panel widget widget_sow-editor panel-first-child panel-last-child\" data-index=\"1\" ><div class=\"panel-widget-style panel-widget-style-for-1247-1-0-0\" ><div class=\"so-widget-sow-editor so-widget-sow-editor-base\">\n<div class=\"siteorigin-widget-tinymce textwidget\">\n\t<div class=\"row\">\n<div class=\"col-md-6\">\n<h4 style=\"text-align: center !important; text-transform:none !important; font-weight:700;\">Consult the magazines <\/h4>\n<div class=\"section-title-line\" style=\"margin-bottom: 20px; display:block !important;\"><\/div>\n<p style=\"text-align: left;\">Access the entire catalog of magazines and consult the articles in electronic version on the site.<\/p>\n<\/div>\n<div class=\"col-md-6\">\n<a href=\"https:\/\/latraversiere.fr\/revues\/kiosque_magazines\/\"><img class=\"aligncenter\" style=\"width: 200px;\" src=\"https:\/\/latraversiere.fr\/wp-content\/uploads\/2017\/11\/adherents_mags.jpg\" alt=\"\" \/><\/a>\n<\/div>\n<\/div>\n<p><a class=\"btn btn-default blue\" href=\"https:\/\/latraversiere.fr\/revues\/kiosque_magazines\/\">Read on line<\/a><\/p>\n<\/div>\n<\/div><\/div><\/div><\/div><\/div><div id=\"pgc-1247-1-1\"  class=\"panel-grid-cell\" ><div class=\"box white panel-cell-style panel-cell-style-for-1247-1-1\" ><div id=\"panel-1247-1-1-0\" class=\"so-panel widget widget_sow-editor panel-first-child panel-last-child\" data-index=\"2\" ><div class=\"panel-widget-style panel-widget-style-for-1247-1-1-0\" ><div class=\"so-widget-sow-editor so-widget-sow-editor-base\">\n<div class=\"siteorigin-widget-tinymce textwidget\">\n\t<div class=\"row\">\n<div class=\"col-md-6\">\n<h4 style=\"text-align: center !important; font-weight: 700; text-transform:none !important\">Submit an event<\/h4>\n<div class=\"section-title-line\" style=\"margin-bottom: 20px;\"><\/div>\n<p style=\"text-align: left;\">Use our online form to submit your event. After moderation, it will be posted on the website<\/p>\n<\/div>\n<div class=\"col-md-6\">\n<a href=\"https:\/\/latraversiere.fr\/espace-adherents\/soumettre-un-evenement\/\"><img loading=\"lazy\" class=\"aligncenter\" style=\"width: 200px;\" src=\"https:\/\/latraversiere.fr\/wp-content\/uploads\/2017\/11\/Adherents_calendar.jpg\" alt=\"\" width=\"250\" height=\"250\" \/><\/a>\n<\/div>\n<\/div>\n<p><a class=\"btn btn-default blue\" href=\"https:\/\/latraversiere.fr\/espace-adherents\/soumettre-un-evenement\/\">SUBMIT AN EVENT<\/a><\/p>\n<\/div>\n<\/div><\/div><\/div><\/div><\/div><\/div><\/div><div id=\"pg-1247-2\"  class=\"panel-grid panel-has-style\" ><div class=\"panel-row-style panel-row-style-for-1247-2\" ><div id=\"pgc-1247-2-0\"  class=\"panel-grid-cell\" ><div class=\"box white panel-cell-style panel-cell-style-for-1247-2-0\" ><div id=\"panel-1247-2-0-0\" class=\"so-panel widget widget_sow-editor panel-first-child panel-last-child\" data-index=\"3\" ><div class=\"panel-widget-style panel-widget-style-for-1247-2-0-0\" ><div class=\"so-widget-sow-editor so-widget-sow-editor-base\">\n<div class=\"siteorigin-widget-tinymce textwidget\">\n\t<div class=\"row\">\n<div class=\"col-md-6\">\n<h4 style=\"text-align: center !important; font-weight: 700; text-transform:none !important;\">Write an ad<\/h4>\n<div class=\"section-title-line\" style=\"margin-bottom: 20px;\"><\/div>\n<p style=\"text-align: left;\">Post your ad online directly through our form. After moderation, your ad will be published on the website.<\/p>\n<\/div>\n<div class=\"col-md-6\">\n<a href=\"https:\/\/latraversiere.fr\/soumettre-une-annonce\/\"><img loading=\"lazy\" class=\"aligncenter\" style=\"width: 200px;\" src=\"https:\/\/latraversiere.fr\/wp-content\/uploads\/2017\/11\/Adherents_annonces.jpg\" alt=\"\" width=\"250\" height=\"250\" \/><\/a>\n<\/div>\n<\/div>\n<p><a class=\"btn btn-default blue\" href=\"https:\/\/latraversiere.fr\/soumettre-une-annonce\/\">POST YOUR AD<\/a><\/p>\n<\/div>\n<\/div><\/div><\/div><\/div><\/div><div id=\"pgc-1247-2-1\"  class=\"panel-grid-cell\" ><div class=\"box white panel-cell-style panel-cell-style-for-1247-2-1\" ><div id=\"panel-1247-2-1-0\" class=\"so-panel widget widget_sow-editor panel-first-child panel-last-child\" data-index=\"4\" ><div class=\"panel-widget-style panel-widget-style-for-1247-2-1-0\" ><div class=\"so-widget-sow-editor so-widget-sow-editor-base\">\n<div class=\"siteorigin-widget-tinymce textwidget\">\n\t<div class=\"row\">\n<div class=\"col-md-6\">\n<h4 style=\"text-align: center !important; font-weight: 700; text-transform : none !important;\">Membership Offers<\/h4>\n<div class=\"section-title-line\" style=\"margin-bottom: 20px;\"><\/div>\n<p style=\"text-align: left;\">Access all the offers of our partners as well as La Traversi\u00e8re discounts on this page<\/p>\n<\/div>\n<div class=\"col-md-6\">\n<a href=\"https:\/\/latraversiere.fr\/espace-adherents\/bons-plans-adherent\/\"><img loading=\"lazy\" class=\"aligncenter\" style=\"width: 200px;\" src=\"https:\/\/latraversiere.fr\/wp-content\/uploads\/2017\/11\/Adherents_remises.jpg\" alt=\"\" width=\"250\" height=\"250\" \/><\/a>\n<\/div>\n<\/div>\n<p><a class=\"btn btn-default blue\" href=\"https:\/\/latraversiere.fr\/espace-adherents\/bons-plans-adherent\/\">SEE THE OFFERS<\/a><\/p>\n<\/div>\n<\/div><\/div><\/div><\/div><\/div><\/div><\/div><div id=\"pg-1247-3\"  class=\"panel-grid panel-has-style\" ><div class=\"panel-row-style panel-row-style-for-1247-3\" ><div id=\"pgc-1247-3-0\"  class=\"panel-grid-cell panel-grid-cell-mobile-last\" ><div class=\"box white panel-cell-style panel-cell-style-for-1247-3-0\" ><div id=\"panel-1247-3-0-0\" class=\"so-panel widget widget_sow-editor panel-first-child panel-last-child\" data-index=\"5\" ><div class=\"panel-widget-style panel-widget-style-for-1247-3-0-0\" ><div class=\"so-widget-sow-editor so-widget-sow-editor-base\">\n<div class=\"siteorigin-widget-tinymce textwidget\">\n\t<div class=\"row\">\n<div class=\"col-md-6\">\n<h4 style=\"text-align: center !important; font-weight: 700; text-transform:none; important;\">Your Card Member<\/h4>\n<div class=\"section-title-line\" style=\"margin-bottom: 20px;\"><\/div>\n<p style=\"text-align: left;\">Print your personal membership card with which you can benefit from offers from our partners.<\/p>\n<\/div>\n<div class=\"col-md-6\"><a href=\"https:\/\/latraversiere.fr\/espace-adherents\/carte-adherent\/\"><img loading=\"lazy\" class=\"aligncenter\" style=\"width: 200px;\" src=\"https:\/\/latraversiere.fr\/wp-content\/uploads\/2017\/11\/Adherents_carte.jpg\" alt=\"\" width=\"250\" height=\"250\" \/><\/a>\n<\/div>\n<\/div>\n<p><a class=\"btn btn-default blue\" href=\"https:\/\/latraversiere.fr\/espace-adherents\/carte-adherent\/\">PRINT MY CARD<\/a><\/p>\n<\/div>\n<\/div><\/div><\/div><\/div><\/div><div id=\"pgc-1247-3-1\"  class=\"panel-grid-cell panel-grid-cell-empty\" ><div class=\"box white panel-cell-style panel-cell-style-for-1247-3-1\" ><\/div><\/div><\/div><\/div><div id=\"pg-1247-4\"  class=\"panel-grid panel-no-style\" ><div id=\"pgc-1247-4-0\"  class=\"panel-grid-cell\" ><div id=\"panel-1247-4-0-0\" class=\"so-panel widget widget_sow-editor panel-first-child panel-last-child\" data-index=\"6\" ><div class=\"so-widget-sow-editor so-widget-sow-editor-base\">\n<div class=\"siteorigin-widget-tinymce textwidget\">\n\t        <div class=\"woocommerce\">\n        <div class=\"woocommerce-account-my-memberships\">\n\n\t\n\t\n\t\t<p>\n\t\t\tLooks like you don't have a membership yet!\t\t<\/p>\n\n\t\n\n\t\n<\/div>\n        <\/div>\n        \n<\/div>\n<\/div><\/div><\/div><\/div><\/div>","protected":false},"excerpt":{"rendered":"<p>Your membership area Consult the magazines Access the entire catalog of magazines and consult the articles in electronic version on the site. Read on line Submit an event Use our online form to submit your event. After moderation, it will be posted on the website SUBMIT AN EVENT<\/p>\n<div class=\"woocommerce\">\n<div class=\"woocommerce-info wc-memberships-restriction-message wc-memberships-message wc-memberships-content-restricted-message\">To access this page, you must purchase <span class=\"wc-memberships-products-grant-access\"><a href=\"https:\/\/latraversiere.fr\/en\/boutique\/adhesion\/formule-adhesion-numerique\/\">Formule d&#8217;adh\u00e9sion num\u00e9rique<\/a>, <a href=\"https:\/\/latraversiere.fr\/en\/boutique\/adhesion\/formule-adhesion-integrale\/?attribute_pa_duree=1-an\">Formule d&#8217;adh\u00e9sion int\u00e9grale (Papier + Num\u00e9rique) &ndash; 1-an<\/a> ou <a href=\"https:\/\/latraversiere.fr\/en\/boutique\/adhesion\/formule-adhesion-integrale\/?attribute_pa_duree=2-ans\">Formule d&#8217;adh\u00e9sion int\u00e9grale (Papier + Num\u00e9rique) &ndash; 2-ans<\/a><\/span>.<\/div>\n<\/div>\n","protected":false},"author":1,"featured_media":0,"parent":0,"menu_order":0,"comment_status":"closed","ping_status":"closed","template":"template-adherent.php","meta":[],"yoast_head":"<!-- This site is optimized with the Yoast SEO plugin v17.5 - https:\/\/yoast.com\/wordpress\/plugins\/seo\/ -->\n<title>Members area - LA TRAVERSIERE The french flute association<\/title>\n<meta name=\"robots\" content=\"index, nofollow, max-snippet:-1, max-image-preview:large, max-video-preview:-1\" \/>\n<link rel=\"canonical\" href=\"https:\/\/latraversiere.fr\/espace-adherents\/\" \/>\n<meta property=\"og:locale\" content=\"en_US\" \/>\n<meta property=\"og:type\" content=\"article\" \/>\n<meta property=\"og:title\" content=\"[:fr]Espace Adh\u00e9rents[:en]Members area[:] - LA TRAVERSIERE The french flute association\" \/>\n<meta property=\"og:description\" content=\"Your membership area Consult the magazines Access the entire catalog of magazines and consult the articles in electronic version on the site. Read on line Submit an event Use our online form to submit your event. After moderation, it will be posted on the website SUBMIT AN EVENT\" \/>\n<meta property=\"og:url\" content=\"https:\/\/latraversiere.fr\/espace-adherents\/\" \/>\n<meta property=\"og:site_name\" content=\"LA TRAVERSIERE The french flute association\" \/>\n<meta property=\"article:publisher\" content=\"https:\/\/www.facebook.com\/traversieres\/\" \/>\n<meta property=\"article:modified_time\" content=\"2021-01-29T17:21:28+00:00\" \/>\n<meta property=\"og:image\" content=\"https:\/\/latraversiere.fr\/wp-content\/uploads\/2017\/11\/adherents_mags.jpg\" \/>\n<meta name=\"twitter:card\" content=\"summary\" \/>\n<meta name=\"twitter:site\" content=\"@La_Traversiere\" \/>\n<meta name=\"twitter:label1\" content=\"Est. reading time\" \/>\n\t<meta name=\"twitter:data1\" content=\"1 minute\" \/>\n<script type=\"application\/ld+json\" class=\"yoast-schema-graph\">{\"@context\":\"https:\/\/schema.org\",\"@graph\":[{\"@type\":\"Organization\",\"@id\":\"https:\/\/latraversiere.fr\/#organization\",\"name\":\"La Traversi\\u00e8re - Association Fran\\u00e7aise de la Fl\\u00fbte\",\"url\":\"https:\/\/latraversiere.fr\/\",\"sameAs\":[\"https:\/\/www.facebook.com\/traversieres\/\",\"https:\/\/www.instagram.com\/la_traversiere\/\",\"https:\/\/www.youtube.com\/channel\/UC46MEQZI2BfRZNFUFqc59Sw\",\"https:\/\/twitter.com\/La_Traversiere\"],\"logo\":{\"@type\":\"ImageObject\",\"@id\":\"https:\/\/latraversiere.fr\/#logo\",\"inLanguage\":\"en-US\",\"url\":\"https:\/\/latraversiere.fr\/wp-content\/uploads\/2018\/01\/LOGO-Traversiere-SITE-1.png\",\"contentUrl\":\"https:\/\/latraversiere.fr\/wp-content\/uploads\/2018\/01\/LOGO-Traversiere-SITE-1.png\",\"width\":539,\"height\":200,\"caption\":\"La Traversi\\u00e8re - Association Fran\\u00e7aise de la Fl\\u00fbte\"},\"image\":{\"@id\":\"https:\/\/latraversiere.fr\/#logo\"}},{\"@type\":\"WebSite\",\"@id\":\"https:\/\/latraversiere.fr\/#website\",\"url\":\"https:\/\/latraversiere.fr\/\",\"name\":\"LA TRAVERSIERE The french flute association\",\"description\":\"\",\"publisher\":{\"@id\":\"https:\/\/latraversiere.fr\/#organization\"},\"potentialAction\":[{\"@type\":\"SearchAction\",\"target\":{\"@type\":\"EntryPoint\",\"urlTemplate\":\"https:\/\/latraversiere.fr\/?s={search_term_string}\"},\"query-input\":\"required name=search_term_string\"}],\"inLanguage\":\"en-US\"},{\"@type\":\"ImageObject\",\"@id\":\"https:\/\/latraversiere.fr\/espace-adherents\/#primaryimage\",\"inLanguage\":\"en-US\",\"url\":\"https:\/\/latraversiere.fr\/wp-content\/uploads\/2017\/11\/adherents_mags.jpg\",\"contentUrl\":\"https:\/\/latraversiere.fr\/wp-content\/uploads\/2017\/11\/adherents_mags.jpg\",\"width\":250,\"height\":250},{\"@type\":\"WebPage\",\"@id\":\"https:\/\/latraversiere.fr\/espace-adherents\/#webpage\",\"url\":\"https:\/\/latraversiere.fr\/espace-adherents\/\",\"name\":\"[:fr]Espace Adh\\u00e9rents[:en]Members area[:] - LA TRAVERSIERE The french flute association\",\"isPartOf\":{\"@id\":\"https:\/\/latraversiere.fr\/#website\"},\"primaryImageOfPage\":{\"@id\":\"https:\/\/latraversiere.fr\/espace-adherents\/#primaryimage\"},\"datePublished\":\"2017-11-06T19:28:07+00:00\",\"dateModified\":\"2021-01-29T17:21:28+00:00\",\"breadcrumb\":{\"@id\":\"https:\/\/latraversiere.fr\/espace-adherents\/#breadcrumb\"},\"inLanguage\":\"en-US\",\"potentialAction\":[{\"@type\":\"ReadAction\",\"target\":[\"https:\/\/latraversiere.fr\/espace-adherents\/\"]}]},{\"@type\":\"BreadcrumbList\",\"@id\":\"https:\/\/latraversiere.fr\/espace-adherents\/#breadcrumb\",\"itemListElement\":[{\"@type\":\"ListItem\",\"position\":1,\"name\":\"Accueil\",\"item\":\"https:\/\/latraversiere.fr\/\"},{\"@type\":\"ListItem\",\"position\":2,\"name\":\"Espace Adh\\u00e9rents\"}]}]}<\/script>\n<!-- \/ Yoast SEO plugin. -->","yoast_head_json":{"title":"[:fr]Espace Adh\u00e9rents[:en]Members area[:] - LA TRAVERSIERE The french flute association","robots":{"index":"index","follow":"nofollow","max-snippet":"max-snippet:-1","max-image-preview":"max-image-preview:large","max-video-preview":"max-video-preview:-1"},"canonical":"https:\/\/latraversiere.fr\/espace-adherents\/","og_locale":"en_US","og_type":"article","og_title":"[:fr]Espace Adh\u00e9rents[:en]Members area[:] - LA TRAVERSIERE The french flute association","og_description":"Your membership area Consult the magazines Access the entire catalog of magazines and consult the articles in electronic version on the site. Read on line Submit an event Use our online form to submit your event. After moderation, it will be posted on the website SUBMIT AN EVENT","og_url":"https:\/\/latraversiere.fr\/espace-adherents\/","og_site_name":"LA TRAVERSIERE The french flute association","article_publisher":"https:\/\/www.facebook.com\/traversieres\/","article_modified_time":"2021-01-29T17:21:28+00:00","og_image":[{"url":"https:\/\/latraversiere.fr\/wp-content\/uploads\/2017\/11\/adherents_mags.jpg"}],"twitter_card":"summary","twitter_site":"@La_Traversiere","twitter_misc":{"Est. reading time":"1 minute"},"schema":{"@context":"https:\/\/schema.org","@graph":[{"@type":"Organization","@id":"https:\/\/latraversiere.fr\/#organization","name":"La Traversi\u00e8re - Association Fran\u00e7aise de la Fl\u00fbte","url":"https:\/\/latraversiere.fr\/","sameAs":["https:\/\/www.facebook.com\/traversieres\/","https:\/\/www.instagram.com\/la_traversiere\/","https:\/\/www.youtube.com\/channel\/UC46MEQZI2BfRZNFUFqc59Sw","https:\/\/twitter.com\/La_Traversiere"],"logo":{"@type":"ImageObject","@id":"https:\/\/latraversiere.fr\/#logo","inLanguage":"en-US","url":"https:\/\/latraversiere.fr\/wp-content\/uploads\/2018\/01\/LOGO-Traversiere-SITE-1.png","contentUrl":"https:\/\/latraversiere.fr\/wp-content\/uploads\/2018\/01\/LOGO-Traversiere-SITE-1.png","width":539,"height":200,"caption":"La Traversi\u00e8re - Association Fran\u00e7aise de la Fl\u00fbte"},"image":{"@id":"https:\/\/latraversiere.fr\/#logo"}},{"@type":"WebSite","@id":"https:\/\/latraversiere.fr\/#website","url":"https:\/\/latraversiere.fr\/","name":"LA TRAVERSIERE The french flute association","description":"","publisher":{"@id":"https:\/\/latraversiere.fr\/#organization"},"potentialAction":[{"@type":"SearchAction","target":{"@type":"EntryPoint","urlTemplate":"https:\/\/latraversiere.fr\/?s={search_term_string}"},"query-input":"required name=search_term_string"}],"inLanguage":"en-US"},{"@type":"ImageObject","@id":"https:\/\/latraversiere.fr\/espace-adherents\/#primaryimage","inLanguage":"en-US","url":"https:\/\/latraversiere.fr\/wp-content\/uploads\/2017\/11\/adherents_mags.jpg","contentUrl":"https:\/\/latraversiere.fr\/wp-content\/uploads\/2017\/11\/adherents_mags.jpg","width":250,"height":250},{"@type":"WebPage","@id":"https:\/\/latraversiere.fr\/espace-adherents\/#webpage","url":"https:\/\/latraversiere.fr\/espace-adherents\/","name":"[:fr]Espace Adh\u00e9rents[:en]Members area[:] - LA TRAVERSIERE The french flute association","isPartOf":{"@id":"https:\/\/latraversiere.fr\/#website"},"primaryImageOfPage":{"@id":"https:\/\/latraversiere.fr\/espace-adherents\/#primaryimage"},"datePublished":"2017-11-06T19:28:07+00:00","dateModified":"2021-01-29T17:21:28+00:00","breadcrumb":{"@id":"https:\/\/latraversiere.fr\/espace-adherents\/#breadcrumb"},"inLanguage":"en-US","potentialAction":[{"@type":"ReadAction","target":["https:\/\/latraversiere.fr\/espace-adherents\/"]}]},{"@type":"BreadcrumbList","@id":"https:\/\/latraversiere.fr\/espace-adherents\/#breadcrumb","itemListElement":[{"@type":"ListItem","position":1,"name":"Accueil","item":"https:\/\/latraversiere.fr\/"},{"@type":"ListItem","position":2,"name":"Espace Adh\u00e9rents"}]}]}},"_links":{"self":[{"href":"https:\/\/latraversiere.fr\/en\/wp-json\/wp\/v2\/pages\/1247"}],"collection":[{"href":"https:\/\/latraversiere.fr\/en\/wp-json\/wp\/v2\/pages"}],"about":[{"href":"https:\/\/latraversiere.fr\/en\/wp-json\/wp\/v2\/types\/page"}],"author":[{"embeddable":true,"href":"https:\/\/latraversiere.fr\/en\/wp-json\/wp\/v2\/users\/1"}],"replies":[{"embeddable":true,"href":"https:\/\/latraversiere.fr\/en\/wp-json\/wp\/v2\/comments?post=1247"}],"version-history":[{"count":11,"href":"https:\/\/latraversiere.fr\/en\/wp-json\/wp\/v2\/pages\/1247\/revisions"}],"predecessor-version":[{"id":12121,"href":"https:\/\/latraversiere.fr\/en\/wp-json\/wp\/v2\/pages\/1247\/revisions\/12121"}],"wp:attachment":[{"href":"https:\/\/latraversiere.fr\/en\/wp-json\/wp\/v2\/media?parent=1247"}],"curies":[{"name":"wp","href":"https:\/\/api.w.org\/{rel}","templated":true}]}}