{"id":24519,"date":"2024-10-10T07:38:13","date_gmt":"2024-10-10T05:38:13","guid":{"rendered":"https:\/\/latraversiere.fr\/?page_id=24519"},"modified":"2024-10-12T10:45:20","modified_gmt":"2024-10-12T08:45:20","slug":"liens","status":"publish","type":"page","link":"https:\/\/latraversiere.fr\/en\/liens\/","title":{"rendered":"Links"},"content":{"rendered":"<div id=\"pl-24519\"  class=\"panel-layout\" ><div id=\"pg-24519-0\"  class=\"panel-grid panel-no-style\" ><div id=\"pgc-24519-0-0\"  class=\"panel-grid-cell\" ><div id=\"panel-24519-0-0-0\" class=\"so-panel widget widget_sow-editor panel-first-child panel-last-child\" data-index=\"0\" ><div class=\"so-widget-sow-editor so-widget-sow-editor-base\">\n<div class=\"siteorigin-widget-tinymce textwidget\">\n\t<div class=\"section-title\">\n<h1 style=\"margin-bottom:10px; font-weight:100; text-align:left; text-transform:none;\">Links<\/h1>\n<div class=\"section-title-line\" style=\"display:block !important; float:left; margin:0px;\"><\/div>\n<\/div><\/div>\n<\/div><\/div><\/div><div id=\"pgc-24519-0-1\"  class=\"panel-grid-cell\" ><div id=\"panel-24519-0-1-0\" class=\"so-panel widget widget_sow-editor panel-first-child panel-last-child\" data-index=\"1\" ><div class=\"so-widget-sow-editor so-widget-sow-editor-base\">\n<div class=\"siteorigin-widget-tinymce textwidget\">\n\t<style>\nfigcaption.wp-caption-text {\ncolor: #9F9F9F; \nfont-size: 12px; \nfont-style: italic; \nline-height: 12px; \npadding-top: 5px; \npadding-bottom: 10px;\n}\n<\/style>\n\n<figure id=\"attachment_6909\" aria-describedby=\"caption-attachment-6909\" style=\"width: 150px\" class=\"wp-caption alignright\"><img loading=\"lazy\" src=\"https:\/\/latraversiere.fr\/wp-content\/uploads\/2019\/04\/Yves-GREMEL-150x150.jpg\" alt=\"Yves GREMEL\" width=\"150\" height=\"150\" class=\"size-thumbnail wp-image-6909\" style=\"border-radius:100%\" srcset=\"https:\/\/latraversiere.fr\/wp-content\/uploads\/2019\/04\/Yves-GREMEL-150x150.jpg 150w, https:\/\/latraversiere.fr\/wp-content\/uploads\/2019\/04\/Yves-GREMEL-180x180.jpg 180w, https:\/\/latraversiere.fr\/wp-content\/uploads\/2019\/04\/Yves-GREMEL.jpg 200w\" sizes=\"(max-width: 150px) 100vw, 150px\" \/><figcaption id=\"caption-attachment-6909\" class=\"wp-caption-text\">Yves GREMEL<\/figcaption><\/figure>\nFind here under a list of useful links classified by thematic. \nThis page is proposed and updated by Yves GREMEL, computer scientist & amateur flutist.<\/div>\n<\/div><\/div><\/div><\/div><\/div>","protected":false},"excerpt":{"rendered":"<p>Links Find here under a list of useful links classified by thematic. This page is proposed and updated by Yves GREMEL, computer scientist &#038; amateur flutist.<\/p>\n<div class=\"woocommerce\">\n<div class=\"woocommerce-info wc-memberships-restriction-message wc-memberships-message wc-memberships-content-restricted-message\">To access this page, you must purchase <span class=\"wc-memberships-products-grant-access\"><a href=\"https:\/\/latraversiere.fr\/en\/boutique\/adhesion\/formule-adhesion-integrale\/?attribute_pa_duree=2-ans\">Formule d&#8217;adh\u00e9sion int\u00e9grale (Papier + Num\u00e9rique) &ndash; 2-ans<\/a><\/span>.<\/div>\n<\/div>\n","protected":false},"author":1,"featured_media":0,"parent":0,"menu_order":0,"comment_status":"closed","ping_status":"closed","template":"template-liens.php","meta":[],"yoast_head":"<!-- This site is optimized with the Yoast SEO plugin v17.5 - https:\/\/yoast.com\/wordpress\/plugins\/seo\/ -->\n<title>Links - LA TRAVERSIERE The french flute association<\/title>\n<meta name=\"robots\" content=\"index, follow, max-snippet:-1, max-image-preview:large, max-video-preview:-1\" \/>\n<link rel=\"canonical\" href=\"https:\/\/latraversiere.fr\/liens\/\" \/>\n<meta property=\"og:locale\" content=\"en_US\" \/>\n<meta property=\"og:type\" content=\"article\" \/>\n<meta property=\"og:title\" content=\"[:fr]Liens[:en]Links[:] - LA TRAVERSIERE The french flute association\" \/>\n<meta property=\"og:description\" content=\"Links Find here under a list of useful links classified by thematic. This page is proposed and updated by Yves GREMEL, computer scientist &amp; amateur flutist.\" \/>\n<meta property=\"og:url\" content=\"https:\/\/latraversiere.fr\/liens\/\" \/>\n<meta property=\"og:site_name\" content=\"LA TRAVERSIERE The french flute association\" \/>\n<meta property=\"article:publisher\" content=\"https:\/\/www.facebook.com\/traversieres\/\" \/>\n<meta property=\"article:modified_time\" content=\"2024-10-12T08:45:20+00:00\" \/>\n<meta property=\"og:image\" content=\"https:\/\/latraversiere.fr\/wp-content\/uploads\/2019\/04\/Yves-GREMEL-150x150.jpg\" \/>\n<meta name=\"twitter:card\" content=\"summary\" \/>\n<meta name=\"twitter:site\" content=\"@La_Traversiere\" \/>\n<script type=\"application\/ld+json\" class=\"yoast-schema-graph\">{\"@context\":\"https:\/\/schema.org\",\"@graph\":[{\"@type\":\"Organization\",\"@id\":\"https:\/\/latraversiere.fr\/#organization\",\"name\":\"La Traversi\\u00e8re - Association Fran\\u00e7aise de la Fl\\u00fbte\",\"url\":\"https:\/\/latraversiere.fr\/\",\"sameAs\":[\"https:\/\/www.facebook.com\/traversieres\/\",\"https:\/\/www.instagram.com\/la_traversiere\/\",\"https:\/\/www.youtube.com\/channel\/UC46MEQZI2BfRZNFUFqc59Sw\",\"https:\/\/twitter.com\/La_Traversiere\"],\"logo\":{\"@type\":\"ImageObject\",\"@id\":\"https:\/\/latraversiere.fr\/#logo\",\"inLanguage\":\"en-US\",\"url\":\"https:\/\/latraversiere.fr\/wp-content\/uploads\/2018\/01\/LOGO-Traversiere-SITE-1.png\",\"contentUrl\":\"https:\/\/latraversiere.fr\/wp-content\/uploads\/2018\/01\/LOGO-Traversiere-SITE-1.png\",\"width\":539,\"height\":200,\"caption\":\"La Traversi\\u00e8re - Association Fran\\u00e7aise de la Fl\\u00fbte\"},\"image\":{\"@id\":\"https:\/\/latraversiere.fr\/#logo\"}},{\"@type\":\"WebSite\",\"@id\":\"https:\/\/latraversiere.fr\/#website\",\"url\":\"https:\/\/latraversiere.fr\/\",\"name\":\"LA TRAVERSIERE The french flute association\",\"description\":\"\",\"publisher\":{\"@id\":\"https:\/\/latraversiere.fr\/#organization\"},\"potentialAction\":[{\"@type\":\"SearchAction\",\"target\":{\"@type\":\"EntryPoint\",\"urlTemplate\":\"https:\/\/latraversiere.fr\/?s={search_term_string}\"},\"query-input\":\"required name=search_term_string\"}],\"inLanguage\":\"en-US\"},{\"@type\":\"ImageObject\",\"@id\":\"https:\/\/latraversiere.fr\/liens\/#primaryimage\",\"inLanguage\":\"en-US\",\"url\":\"https:\/\/latraversiere.fr\/wp-content\/uploads\/2019\/04\/Yves-GREMEL.jpg\",\"contentUrl\":\"https:\/\/latraversiere.fr\/wp-content\/uploads\/2019\/04\/Yves-GREMEL.jpg\",\"width\":200,\"height\":200,\"caption\":\"Yves GREMEL\"},{\"@type\":\"WebPage\",\"@id\":\"https:\/\/latraversiere.fr\/liens\/#webpage\",\"url\":\"https:\/\/latraversiere.fr\/liens\/\",\"name\":\"[:fr]Liens[:en]Links[:] - LA TRAVERSIERE The french flute association\",\"isPartOf\":{\"@id\":\"https:\/\/latraversiere.fr\/#website\"},\"primaryImageOfPage\":{\"@id\":\"https:\/\/latraversiere.fr\/liens\/#primaryimage\"},\"datePublished\":\"2024-10-10T05:38:13+00:00\",\"dateModified\":\"2024-10-12T08:45:20+00:00\",\"breadcrumb\":{\"@id\":\"https:\/\/latraversiere.fr\/liens\/#breadcrumb\"},\"inLanguage\":\"en-US\",\"potentialAction\":[{\"@type\":\"ReadAction\",\"target\":[\"https:\/\/latraversiere.fr\/liens\/\"]}]},{\"@type\":\"BreadcrumbList\",\"@id\":\"https:\/\/latraversiere.fr\/liens\/#breadcrumb\",\"itemListElement\":[{\"@type\":\"ListItem\",\"position\":1,\"name\":\"Accueil\",\"item\":\"https:\/\/latraversiere.fr\/\"},{\"@type\":\"ListItem\",\"position\":2,\"name\":\"[:fr]Liens[:en]Links[:]\"}]}]}<\/script>\n<!-- \/ Yoast SEO plugin. -->","yoast_head_json":{"title":"[:fr]Liens[:en]Links[:] - LA TRAVERSIERE The french flute association","robots":{"index":"index","follow":"follow","max-snippet":"max-snippet:-1","max-image-preview":"max-image-preview:large","max-video-preview":"max-video-preview:-1"},"canonical":"https:\/\/latraversiere.fr\/liens\/","og_locale":"en_US","og_type":"article","og_title":"[:fr]Liens[:en]Links[:] - LA TRAVERSIERE The french flute association","og_description":"Links Find here under a list of useful links classified by thematic. This page is proposed and updated by Yves GREMEL, computer scientist & amateur flutist.","og_url":"https:\/\/latraversiere.fr\/liens\/","og_site_name":"LA TRAVERSIERE The french flute association","article_publisher":"https:\/\/www.facebook.com\/traversieres\/","article_modified_time":"2024-10-12T08:45:20+00:00","og_image":[{"url":"https:\/\/latraversiere.fr\/wp-content\/uploads\/2019\/04\/Yves-GREMEL-150x150.jpg"}],"twitter_card":"summary","twitter_site":"@La_Traversiere","schema":{"@context":"https:\/\/schema.org","@graph":[{"@type":"Organization","@id":"https:\/\/latraversiere.fr\/#organization","name":"La Traversi\u00e8re - Association Fran\u00e7aise de la Fl\u00fbte","url":"https:\/\/latraversiere.fr\/","sameAs":["https:\/\/www.facebook.com\/traversieres\/","https:\/\/www.instagram.com\/la_traversiere\/","https:\/\/www.youtube.com\/channel\/UC46MEQZI2BfRZNFUFqc59Sw","https:\/\/twitter.com\/La_Traversiere"],"logo":{"@type":"ImageObject","@id":"https:\/\/latraversiere.fr\/#logo","inLanguage":"en-US","url":"https:\/\/latraversiere.fr\/wp-content\/uploads\/2018\/01\/LOGO-Traversiere-SITE-1.png","contentUrl":"https:\/\/latraversiere.fr\/wp-content\/uploads\/2018\/01\/LOGO-Traversiere-SITE-1.png","width":539,"height":200,"caption":"La Traversi\u00e8re - Association Fran\u00e7aise de la Fl\u00fbte"},"image":{"@id":"https:\/\/latraversiere.fr\/#logo"}},{"@type":"WebSite","@id":"https:\/\/latraversiere.fr\/#website","url":"https:\/\/latraversiere.fr\/","name":"LA TRAVERSIERE The french flute association","description":"","publisher":{"@id":"https:\/\/latraversiere.fr\/#organization"},"potentialAction":[{"@type":"SearchAction","target":{"@type":"EntryPoint","urlTemplate":"https:\/\/latraversiere.fr\/?s={search_term_string}"},"query-input":"required name=search_term_string"}],"inLanguage":"en-US"},{"@type":"ImageObject","@id":"https:\/\/latraversiere.fr\/liens\/#primaryimage","inLanguage":"en-US","url":"https:\/\/latraversiere.fr\/wp-content\/uploads\/2019\/04\/Yves-GREMEL.jpg","contentUrl":"https:\/\/latraversiere.fr\/wp-content\/uploads\/2019\/04\/Yves-GREMEL.jpg","width":200,"height":200,"caption":"Yves GREMEL"},{"@type":"WebPage","@id":"https:\/\/latraversiere.fr\/liens\/#webpage","url":"https:\/\/latraversiere.fr\/liens\/","name":"[:fr]Liens[:en]Links[:] - LA TRAVERSIERE The french flute association","isPartOf":{"@id":"https:\/\/latraversiere.fr\/#website"},"primaryImageOfPage":{"@id":"https:\/\/latraversiere.fr\/liens\/#primaryimage"},"datePublished":"2024-10-10T05:38:13+00:00","dateModified":"2024-10-12T08:45:20+00:00","breadcrumb":{"@id":"https:\/\/latraversiere.fr\/liens\/#breadcrumb"},"inLanguage":"en-US","potentialAction":[{"@type":"ReadAction","target":["https:\/\/latraversiere.fr\/liens\/"]}]},{"@type":"BreadcrumbList","@id":"https:\/\/latraversiere.fr\/liens\/#breadcrumb","itemListElement":[{"@type":"ListItem","position":1,"name":"Accueil","item":"https:\/\/latraversiere.fr\/"},{"@type":"ListItem","position":2,"name":"[:fr]Liens[:en]Links[:]"}]}]}},"_links":{"self":[{"href":"https:\/\/latraversiere.fr\/en\/wp-json\/wp\/v2\/pages\/24519"}],"collection":[{"href":"https:\/\/latraversiere.fr\/en\/wp-json\/wp\/v2\/pages"}],"about":[{"href":"https:\/\/latraversiere.fr\/en\/wp-json\/wp\/v2\/types\/page"}],"author":[{"embeddable":true,"href":"https:\/\/latraversiere.fr\/en\/wp-json\/wp\/v2\/users\/1"}],"replies":[{"embeddable":true,"href":"https:\/\/latraversiere.fr\/en\/wp-json\/wp\/v2\/comments?post=24519"}],"version-history":[{"count":4,"href":"https:\/\/latraversiere.fr\/en\/wp-json\/wp\/v2\/pages\/24519\/revisions"}],"predecessor-version":[{"id":24525,"href":"https:\/\/latraversiere.fr\/en\/wp-json\/wp\/v2\/pages\/24519\/revisions\/24525"}],"wp:attachment":[{"href":"https:\/\/latraversiere.fr\/en\/wp-json\/wp\/v2\/media?parent=24519"}],"curies":[{"name":"wp","href":"https:\/\/api.w.org\/{rel}","templated":true}]}}