{"id":37,"date":"2017-03-04T19:57:49","date_gmt":"2017-03-04T18:57:49","guid":{"rendered":"http:\/\/192.168.0.12\/Latraversiere\/evenements\/"},"modified":"2025-06-09T21:54:19","modified_gmt":"2025-06-09T19:54:19","slug":"evenements","status":"publish","type":"page","link":"https:\/\/latraversiere.fr\/en\/evenements\/","title":{"rendered":"Events"},"content":{"rendered":"<div id=\"pl-37\"  class=\"panel-layout\" ><div id=\"pg-37-0\"  class=\"panel-grid panel-no-style\" ><div id=\"pgc-37-0-0\"  class=\"panel-grid-cell\" ><div id=\"panel-37-0-0-0\" class=\"so-panel widget widget_sow-editor panel-first-child panel-last-child\" data-index=\"0\" ><div class=\"so-widget-sow-editor so-widget-sow-editor-base\">\n<div class=\"siteorigin-widget-tinymce textwidget\">\n\t<style>\n.qtranxs-available-languages-message {\ndisplay:none !important;\n}<\/style>\n<\/div>\n<\/div><\/div><\/div><\/div><div id=\"pg-37-1\"  class=\"panel-grid panel-has-style\" ><div class=\"hidden-xs panel-row-style panel-row-style-for-37-1\" ><div id=\"pgc-37-1-0\"  class=\"panel-grid-cell\" ><div id=\"panel-37-1-0-0\" class=\"so-panel widget widget_sow-editor panel-first-child panel-last-child\" data-index=\"1\" ><div class=\"so-widget-sow-editor so-widget-sow-editor-base\">\n<div class=\"siteorigin-widget-tinymce textwidget\">\n\t<div class=\"section-title\">\n<h1 style=\"margin-bottom:10px; font-weight:100; text-align:left; text-transform:none;\">Events<\/h1>\n<div class=\"section-title-line\" style=\"display:block !important; float:left; margin:0px;\"><\/div>\n<\/div>\n<\/div>\n<\/div><\/div><\/div><div id=\"pgc-37-1-1\"  class=\"panel-grid-cell\" ><div id=\"panel-37-1-1-0\" class=\"so-panel widget widget_sow-editor panel-first-child panel-last-child\" data-index=\"2\" ><div class=\"so-widget-sow-editor so-widget-sow-editor-base\">\n<div class=\"siteorigin-widget-tinymce textwidget\">\n\t<p>Find here all the events of our members!<br \/>\nIf you also want to post your event, you can submit it via the <a href=\"https:\/\/latraversiere.fr\/TravNS\/espace-adherents\/soumettre-un-evenement\/\">online form<\/a> (only available to members)<\/p>\n<\/div>\n<\/div><\/div><\/div><\/div><\/div><div id=\"pg-37-2\"  class=\"panel-grid panel-no-style\" ><div id=\"pgc-37-2-0\"  class=\"panel-grid-cell\" ><div id=\"panel-37-2-0-0\" class=\"so-panel widget widget_sow-editor panel-first-child panel-last-child\" data-index=\"3\" ><div class=\"so-widget-sow-editor so-widget-sow-editor-base\">\n<div class=\"siteorigin-widget-tinymce textwidget\">\n\t<p>CONTENTS<\/p>\n<\/div>\n<\/div><\/div><\/div><\/div><\/div>","protected":false},"excerpt":{"rendered":"<p>CONTENTS<\/p>\n<div class=\"woocommerce\">\n<div class=\"woocommerce-info wc-memberships-restriction-message wc-memberships-message wc-memberships-content-restricted-message\">To access this page, you must purchase <span class=\"wc-memberships-products-grant-access\"><a href=\"https:\/\/latraversiere.fr\/en\/boutique\/adhesion\/formule-adhesion-integrale\/?attribute_pa_duree=2-ans\">Formule d&#8217;adh\u00e9sion int\u00e9grale (Papier + Num\u00e9rique) &ndash; 2-ans<\/a><\/span>.<\/div>\n<\/div>\n","protected":false},"author":1,"featured_media":28659,"parent":0,"menu_order":0,"comment_status":"closed","ping_status":"open","template":"","meta":[],"yoast_head":"<!-- This site is optimized with the Yoast SEO plugin v17.5 - https:\/\/yoast.com\/wordpress\/plugins\/seo\/ -->\n<title>Events - LA TRAVERSIERE The french flute association<\/title>\n<meta name=\"description\" content=\"Retrouvez ici tous les \u00e9v\u00e9nements \u00e0 venir autour de la fl\u00fbte traversi\u00e8re : Concerts, Master-Classes, Conf\u00e9rences, Expositions, Festivals, Stages, Concours.\" \/>\n<meta name=\"robots\" content=\"index, follow, max-snippet:-1, max-image-preview:large, max-video-preview:-1\" \/>\n<link rel=\"canonical\" href=\"https:\/\/latraversiere.fr\/evenements\/\" \/>\n<meta property=\"og:locale\" content=\"en_US\" \/>\n<meta property=\"og:type\" content=\"article\" \/>\n<meta property=\"og:title\" content=\"[:fr]\u00c9v\u00e9nements[:en]Events[:] - LA TRAVERSIERE The french flute association\" \/>\n<meta property=\"og:description\" content=\"Retrouvez ici tous les \u00e9v\u00e9nements \u00e0 venir autour de la fl\u00fbte traversi\u00e8re : Concerts, Master-Classes, Conf\u00e9rences, Expositions, Festivals, Stages, Concours.\" \/>\n<meta property=\"og:url\" content=\"https:\/\/latraversiere.fr\/evenements\/\" \/>\n<meta property=\"og:site_name\" content=\"LA TRAVERSIERE The french flute association\" \/>\n<meta property=\"article:publisher\" content=\"https:\/\/www.facebook.com\/traversieres\/\" \/>\n<meta property=\"article:modified_time\" content=\"2025-06-09T19:54:19+00:00\" \/>\n<meta property=\"og:image\" content=\"https:\/\/latraversiere.fr\/wp-content\/uploads\/2025\/06\/LogoPageEvent-2.jpg\" \/>\n\t<meta property=\"og:image:width\" content=\"400\" \/>\n\t<meta property=\"og:image:height\" content=\"400\" \/>\n<meta name=\"twitter:card\" content=\"summary\" \/>\n<meta name=\"twitter:site\" content=\"@La_Traversiere\" \/>\n<script type=\"application\/ld+json\" class=\"yoast-schema-graph\">{\"@context\":\"https:\/\/schema.org\",\"@graph\":[{\"@type\":\"Organization\",\"@id\":\"https:\/\/latraversiere.fr\/#organization\",\"name\":\"La Traversi\\u00e8re - Association Fran\\u00e7aise de la Fl\\u00fbte\",\"url\":\"https:\/\/latraversiere.fr\/\",\"sameAs\":[\"https:\/\/www.facebook.com\/traversieres\/\",\"https:\/\/www.instagram.com\/la_traversiere\/\",\"https:\/\/www.youtube.com\/channel\/UC46MEQZI2BfRZNFUFqc59Sw\",\"https:\/\/twitter.com\/La_Traversiere\"],\"logo\":{\"@type\":\"ImageObject\",\"@id\":\"https:\/\/latraversiere.fr\/#logo\",\"inLanguage\":\"en-US\",\"url\":\"https:\/\/latraversiere.fr\/wp-content\/uploads\/2018\/01\/LOGO-Traversiere-SITE-1.png\",\"contentUrl\":\"https:\/\/latraversiere.fr\/wp-content\/uploads\/2018\/01\/LOGO-Traversiere-SITE-1.png\",\"width\":539,\"height\":200,\"caption\":\"La Traversi\\u00e8re - Association Fran\\u00e7aise de la Fl\\u00fbte\"},\"image\":{\"@id\":\"https:\/\/latraversiere.fr\/#logo\"}},{\"@type\":\"WebSite\",\"@id\":\"https:\/\/latraversiere.fr\/#website\",\"url\":\"https:\/\/latraversiere.fr\/\",\"name\":\"LA TRAVERSIERE The french flute association\",\"description\":\"\",\"publisher\":{\"@id\":\"https:\/\/latraversiere.fr\/#organization\"},\"potentialAction\":[{\"@type\":\"SearchAction\",\"target\":{\"@type\":\"EntryPoint\",\"urlTemplate\":\"https:\/\/latraversiere.fr\/?s={search_term_string}\"},\"query-input\":\"required name=search_term_string\"}],\"inLanguage\":\"en-US\"},{\"@type\":\"ImageObject\",\"@id\":\"https:\/\/latraversiere.fr\/evenements\/#primaryimage\",\"inLanguage\":\"en-US\",\"url\":\"https:\/\/latraversiere.fr\/wp-content\/uploads\/2025\/06\/LogoPageEvent-2.jpg\",\"contentUrl\":\"https:\/\/latraversiere.fr\/wp-content\/uploads\/2025\/06\/LogoPageEvent-2.jpg\",\"width\":400,\"height\":400},{\"@type\":\"WebPage\",\"@id\":\"https:\/\/latraversiere.fr\/evenements\/#webpage\",\"url\":\"https:\/\/latraversiere.fr\/evenements\/\",\"name\":\"[:fr]\\u00c9v\\u00e9nements[:en]Events[:] - LA TRAVERSIERE The french flute association\",\"isPartOf\":{\"@id\":\"https:\/\/latraversiere.fr\/#website\"},\"primaryImageOfPage\":{\"@id\":\"https:\/\/latraversiere.fr\/evenements\/#primaryimage\"},\"datePublished\":\"2017-03-04T18:57:49+00:00\",\"dateModified\":\"2025-06-09T19:54:19+00:00\",\"description\":\"Retrouvez ici tous les \\u00e9v\\u00e9nements \\u00e0 venir autour de la fl\\u00fbte traversi\\u00e8re : Concerts, Master-Classes, Conf\\u00e9rences, Expositions, Festivals, Stages, Concours.\",\"breadcrumb\":{\"@id\":\"https:\/\/latraversiere.fr\/evenements\/#breadcrumb\"},\"inLanguage\":\"en-US\",\"potentialAction\":[{\"@type\":\"ReadAction\",\"target\":[\"https:\/\/latraversiere.fr\/evenements\/\"]}]},{\"@type\":\"BreadcrumbList\",\"@id\":\"https:\/\/latraversiere.fr\/evenements\/#breadcrumb\",\"itemListElement\":[{\"@type\":\"ListItem\",\"position\":1,\"name\":\"Accueil\",\"item\":\"https:\/\/latraversiere.fr\/\"},{\"@type\":\"ListItem\",\"position\":2,\"name\":\"\\u00c9v\\u00e9nements\"}]}]}<\/script>\n<!-- \/ Yoast SEO plugin. -->","yoast_head_json":{"title":"[:fr]\u00c9v\u00e9nements[:en]Events[:] - LA TRAVERSIERE The french flute association","description":"Retrouvez ici tous les \u00e9v\u00e9nements \u00e0 venir autour de la fl\u00fbte traversi\u00e8re : Concerts, Master-Classes, Conf\u00e9rences, Expositions, Festivals, Stages, Concours.","robots":{"index":"index","follow":"follow","max-snippet":"max-snippet:-1","max-image-preview":"max-image-preview:large","max-video-preview":"max-video-preview:-1"},"canonical":"https:\/\/latraversiere.fr\/evenements\/","og_locale":"en_US","og_type":"article","og_title":"[:fr]\u00c9v\u00e9nements[:en]Events[:] - LA TRAVERSIERE The french flute association","og_description":"Retrouvez ici tous les \u00e9v\u00e9nements \u00e0 venir autour de la fl\u00fbte traversi\u00e8re : Concerts, Master-Classes, Conf\u00e9rences, Expositions, Festivals, Stages, Concours.","og_url":"https:\/\/latraversiere.fr\/evenements\/","og_site_name":"LA TRAVERSIERE The french flute association","article_publisher":"https:\/\/www.facebook.com\/traversieres\/","article_modified_time":"2025-06-09T19:54:19+00:00","og_image":[{"width":400,"height":400,"url":"https:\/\/latraversiere.fr\/wp-content\/uploads\/2025\/06\/LogoPageEvent-2.jpg","type":"image\/jpeg"}],"twitter_card":"summary","twitter_site":"@La_Traversiere","schema":{"@context":"https:\/\/schema.org","@graph":[{"@type":"Organization","@id":"https:\/\/latraversiere.fr\/#organization","name":"La Traversi\u00e8re - Association Fran\u00e7aise de la Fl\u00fbte","url":"https:\/\/latraversiere.fr\/","sameAs":["https:\/\/www.facebook.com\/traversieres\/","https:\/\/www.instagram.com\/la_traversiere\/","https:\/\/www.youtube.com\/channel\/UC46MEQZI2BfRZNFUFqc59Sw","https:\/\/twitter.com\/La_Traversiere"],"logo":{"@type":"ImageObject","@id":"https:\/\/latraversiere.fr\/#logo","inLanguage":"en-US","url":"https:\/\/latraversiere.fr\/wp-content\/uploads\/2018\/01\/LOGO-Traversiere-SITE-1.png","contentUrl":"https:\/\/latraversiere.fr\/wp-content\/uploads\/2018\/01\/LOGO-Traversiere-SITE-1.png","width":539,"height":200,"caption":"La Traversi\u00e8re - Association Fran\u00e7aise de la Fl\u00fbte"},"image":{"@id":"https:\/\/latraversiere.fr\/#logo"}},{"@type":"WebSite","@id":"https:\/\/latraversiere.fr\/#website","url":"https:\/\/latraversiere.fr\/","name":"LA TRAVERSIERE The french flute association","description":"","publisher":{"@id":"https:\/\/latraversiere.fr\/#organization"},"potentialAction":[{"@type":"SearchAction","target":{"@type":"EntryPoint","urlTemplate":"https:\/\/latraversiere.fr\/?s={search_term_string}"},"query-input":"required name=search_term_string"}],"inLanguage":"en-US"},{"@type":"ImageObject","@id":"https:\/\/latraversiere.fr\/evenements\/#primaryimage","inLanguage":"en-US","url":"https:\/\/latraversiere.fr\/wp-content\/uploads\/2025\/06\/LogoPageEvent-2.jpg","contentUrl":"https:\/\/latraversiere.fr\/wp-content\/uploads\/2025\/06\/LogoPageEvent-2.jpg","width":400,"height":400},{"@type":"WebPage","@id":"https:\/\/latraversiere.fr\/evenements\/#webpage","url":"https:\/\/latraversiere.fr\/evenements\/","name":"[:fr]\u00c9v\u00e9nements[:en]Events[:] - LA TRAVERSIERE The french flute association","isPartOf":{"@id":"https:\/\/latraversiere.fr\/#website"},"primaryImageOfPage":{"@id":"https:\/\/latraversiere.fr\/evenements\/#primaryimage"},"datePublished":"2017-03-04T18:57:49+00:00","dateModified":"2025-06-09T19:54:19+00:00","description":"Retrouvez ici tous les \u00e9v\u00e9nements \u00e0 venir autour de la fl\u00fbte traversi\u00e8re : Concerts, Master-Classes, Conf\u00e9rences, Expositions, Festivals, Stages, Concours.","breadcrumb":{"@id":"https:\/\/latraversiere.fr\/evenements\/#breadcrumb"},"inLanguage":"en-US","potentialAction":[{"@type":"ReadAction","target":["https:\/\/latraversiere.fr\/evenements\/"]}]},{"@type":"BreadcrumbList","@id":"https:\/\/latraversiere.fr\/evenements\/#breadcrumb","itemListElement":[{"@type":"ListItem","position":1,"name":"Accueil","item":"https:\/\/latraversiere.fr\/"},{"@type":"ListItem","position":2,"name":"\u00c9v\u00e9nements"}]}]}},"_links":{"self":[{"href":"https:\/\/latraversiere.fr\/en\/wp-json\/wp\/v2\/pages\/37"}],"collection":[{"href":"https:\/\/latraversiere.fr\/en\/wp-json\/wp\/v2\/pages"}],"about":[{"href":"https:\/\/latraversiere.fr\/en\/wp-json\/wp\/v2\/types\/page"}],"author":[{"embeddable":true,"href":"https:\/\/latraversiere.fr\/en\/wp-json\/wp\/v2\/users\/1"}],"replies":[{"embeddable":true,"href":"https:\/\/latraversiere.fr\/en\/wp-json\/wp\/v2\/comments?post=37"}],"version-history":[{"count":19,"href":"https:\/\/latraversiere.fr\/en\/wp-json\/wp\/v2\/pages\/37\/revisions"}],"predecessor-version":[{"id":28662,"href":"https:\/\/latraversiere.fr\/en\/wp-json\/wp\/v2\/pages\/37\/revisions\/28662"}],"wp:featuredmedia":[{"embeddable":true,"href":"https:\/\/latraversiere.fr\/en\/wp-json\/wp\/v2\/media\/28659"}],"wp:attachment":[{"href":"https:\/\/latraversiere.fr\/en\/wp-json\/wp\/v2\/media?parent=37"}],"curies":[{"name":"wp","href":"https:\/\/api.w.org\/{rel}","templated":true}]}}