{"id":597,"date":"2017-08-05T16:21:35","date_gmt":"2017-08-05T14:21:35","guid":{"rendered":"http:\/\/s465217036.onlinehome.fr\/TravNS\/?page_id=597"},"modified":"2023-08-10T10:46:06","modified_gmt":"2023-08-10T08:46:06","slug":"contact","status":"publish","type":"page","link":"https:\/\/latraversiere.fr\/en\/association\/contact\/","title":{"rendered":"Contact"},"content":{"rendered":"<div id=\"pl-597\"  class=\"panel-layout\" ><div id=\"pg-597-0\"  class=\"panel-grid panel-no-style\" ><div id=\"pgc-597-0-0\"  class=\"panel-grid-cell\" ><div id=\"panel-597-0-0-0\" class=\"so-panel widget widget_siteorigin-panels-builder panel-first-child\" data-index=\"0\" ><div class=\"box box-lightgrey panel-widget-style panel-widget-style-for-597-0-0-0\" ><div id=\"pl-w64d4a3ce36191\"  class=\"panel-layout\" ><div id=\"pg-w64d4a3ce36191-0\"  class=\"panel-grid panel-no-style\" ><div id=\"pgc-w64d4a3ce36191-0-0\"  class=\"panel-grid-cell\" ><div id=\"panel-w64d4a3ce36191-0-0-0\" class=\"so-panel widget widget_sow-editor panel-first-child\" data-index=\"0\" ><div class=\"panel-widget-style panel-widget-style-for-w64d4a3ce36191-0-0-0\" ><div class=\"so-widget-sow-editor so-widget-sow-editor-base\">\n<div class=\"siteorigin-widget-tinymce textwidget\">\n\t<h3>LA TRAVERSI\u00c8RE'S OFFICE<\/h3>\n<div style=\"text-align: center; margin-bottom: 10px; margin-top: 20px\">\n<i class=\"fa fa-map-marker fa-2x\" style=\"color:#32a3c3;\"><\/i>\n<\/div>\n<div style=\"text-align: center;\">\n<strong>LA TRAVERSI\u00c8RE<\/strong>\n<\/div>\n<div style=\"text-align: center; margin-bottom: 10px;\">\n21 hameau des chardonnerets<br \/>\n78170 La Celle St-Cloud\n<\/div>\n<div style=\"text-align: center; margin-bottom: 10px;\">\ntel:06 95 23 49 59\n<\/div>\n<\/div>\n<\/div><\/div><\/div><div id=\"panel-w64d4a3ce36191-0-0-1\" class=\"so-panel widget widget_sow-google-map panel-last-child\" data-index=\"1\" ><div class=\"panel-widget-style panel-widget-style-for-w64d4a3ce36191-0-0-1\" ><div class=\"so-widget-sow-google-map so-widget-sow-google-map-default-6b23895f316e\">\n<div class=\"sow-google-map-canvas\"\n\tstyle=\"\"\n\tid=\"map-canvas-7af1a04074b66f2ca3d61917947374f5\"\n\tdata-options=\"{&quot;address&quot;:&quot;48.8532199, 2.1501413&quot;,&quot;zoom&quot;:12,&quot;mobileZoom&quot;:12,&quot;gestureHandling&quot;:&quot;greedy&quot;,&quot;disableUi&quot;:false,&quot;keepCentered&quot;:false,&quot;markerIcon&quot;:&quot;https:\\\/\\\/latraversiere.fr\\\/wp-content\\\/uploads\\\/2017\\\/08\\\/MapMarkerTraversiere.png&quot;,&quot;markersDraggable&quot;:false,&quot;markerAtCenter&quot;:true,&quot;markerInfoDisplay&quot;:&quot;click&quot;,&quot;markerInfoMultiple&quot;:true,&quot;markerPositions&quot;:[{&quot;place&quot;:&quot;132 Bd Vincent Auriol, 75013 Paris&quot;,&quot;info&quot;:&quot;&quot;,&quot;infoSelectedEditor&quot;:&quot;tinymce&quot;,&quot;infoMaxWidth&quot;:&quot;&quot;,&quot;customMarkerIcon&quot;:0}],&quot;mapName&quot;:&quot;Grayscale&quot;,&quot;mapStyles&quot;:[{&quot;featureType&quot;:&quot;landscape&quot;,&quot;stylers&quot;:[{&quot;saturation&quot;:-100},{&quot;lightness&quot;:65},{&quot;visibility&quot;:&quot;on&quot;}]},{&quot;featureType&quot;:&quot;poi&quot;,&quot;stylers&quot;:[{&quot;saturation&quot;:-100},{&quot;lightness&quot;:51},{&quot;visibility&quot;:&quot;simplified&quot;}]},{&quot;featureType&quot;:&quot;road.highway&quot;,&quot;stylers&quot;:[{&quot;saturation&quot;:-100},{&quot;visibility&quot;:&quot;simplified&quot;}]},{&quot;featureType&quot;:&quot;road.arterial&quot;,&quot;stylers&quot;:[{&quot;saturation&quot;:-100},{&quot;lightness&quot;:30},{&quot;visibility&quot;:&quot;on&quot;}]},{&quot;featureType&quot;:&quot;road.local&quot;,&quot;stylers&quot;:[{&quot;saturation&quot;:-100},{&quot;lightness&quot;:40},{&quot;visibility&quot;:&quot;on&quot;}]},{&quot;featureType&quot;:&quot;transit&quot;,&quot;stylers&quot;:[{&quot;saturation&quot;:-100},{&quot;visibility&quot;:&quot;simplified&quot;}]},{&quot;featureType&quot;:&quot;administrative.province&quot;,&quot;stylers&quot;:[{&quot;visibility&quot;:&quot;off&quot;}]},{&quot;featureType&quot;:&quot;water&quot;,&quot;elementType&quot;:&quot;labels&quot;,&quot;stylers&quot;:[{&quot;visibility&quot;:&quot;on&quot;},{&quot;lightness&quot;:-25},{&quot;saturation&quot;:-100}]},{&quot;featureType&quot;:&quot;water&quot;,&quot;elementType&quot;:&quot;geometry&quot;,&quot;stylers&quot;:[{&quot;hue&quot;:&quot;#ffff00&quot;},{&quot;lightness&quot;:-25},{&quot;saturation&quot;:-97}]}],&quot;directions&quot;:&quot;&quot;,&quot;apiKey&quot;:&quot;AIzaSyD4IsWhAcnoCct4P6W6XsHkyMxtuHavbYg&quot;,&quot;breakpoint&quot;:780}\"\n\tdata-fallback-image=\"{&quot;img&quot;:&quot;&quot;}\"><\/div>\n<\/div><\/div><\/div><\/div><\/div><\/div><\/div><\/div><div id=\"panel-597-0-0-1\" class=\"so-panel widget widget_sow-editor\" data-index=\"1\" ><div class=\"so-widget-sow-editor so-widget-sow-editor-base\">\n<div class=\"siteorigin-widget-tinymce textwidget\">\n\t<h3>STAY CONNECTED<\/h3>\n<\/div>\n<\/div><\/div><div id=\"panel-597-0-0-2\" class=\"so-panel widget widget_sow-social-media-buttons panel-last-child\" data-index=\"2\" ><div class=\"so-widget-sow-social-media-buttons so-widget-sow-social-media-buttons-flat-a798ae0baa8c-597\">\n\n<div class=\"social-media-button-container\">\n\t\n\t\t<a class=\"ow-button-hover sow-social-media-button-facebook-0 sow-social-media-button\" title=\"LA TRAVERSIERE The french flute association sur Facebook\" aria-label=\"LA TRAVERSIERE The french flute association sur Facebook\" target=\"_blank\" rel=\"noopener noreferrer\" href=\"https:\/\/www.facebook.com\/traversieres\/\" >\n\t\t\t<span>\n\t\t\t\t\t\t\t\t<span class=\"sow-icon-fontawesome sow-fab\" data-sow-icon=\"&#xf39e;\"\n\t\t ><\/span>\t\t\t\t\t\t\t<\/span>\n\t\t<\/a>\n\t\n\t\t<a class=\"ow-button-hover sow-social-media-button-twitter-0 sow-social-media-button\" title=\"LA TRAVERSIERE The french flute association sur Twitter\" aria-label=\"LA TRAVERSIERE The french flute association sur Twitter\" target=\"_blank\" rel=\"noopener noreferrer\" href=\"https:\/\/twitter.com\/La_Traversiere\" >\n\t\t\t<span>\n\t\t\t\t\t\t\t\t<span class=\"sow-icon-fontawesome sow-fab\" data-sow-icon=\"&#xf099;\"\n\t\t ><\/span>\t\t\t\t\t\t\t<\/span>\n\t\t<\/a>\n\t\n\t\t<a class=\"ow-button-hover sow-social-media-button-instagram-0 sow-social-media-button\" title=\"LA TRAVERSIERE The french flute association sur Instagram\" aria-label=\"LA TRAVERSIERE The french flute association sur Instagram\" target=\"_blank\" rel=\"noopener noreferrer\" href=\"https:\/\/www.instagram.com\/la_traversiere\/\" >\n\t\t\t<span>\n\t\t\t\t\t\t\t\t<span class=\"sow-icon-fontawesome sow-fab\" data-sow-icon=\"&#xf16d;\"\n\t\t ><\/span>\t\t\t\t\t\t\t<\/span>\n\t\t<\/a>\n\t\n\t\t<a class=\"ow-button-hover sow-social-media-button-youtube-0 sow-social-media-button\" title=\"LA TRAVERSIERE The french flute association sur Youtube\" aria-label=\"LA TRAVERSIERE The french flute association sur Youtube\" target=\"_blank\" rel=\"noopener noreferrer\" href=\"https:\/\/www.youtube.com\/channel\/UC46MEQZI2BfRZNFUFqc59Sw\" >\n\t\t\t<span>\n\t\t\t\t\t\t\t\t<span class=\"sow-icon-fontawesome sow-fab\" data-sow-icon=\"&#xf167;\"\n\t\t ><\/span>\t\t\t\t\t\t\t<\/span>\n\t\t<\/a>\n\t\n\t\t<a class=\"ow-button-hover sow-social-media-button-flickr-0 sow-social-media-button\" title=\"LA TRAVERSIERE The french flute association sur Flickr\" aria-label=\"LA TRAVERSIERE The french flute association sur Flickr\" target=\"_blank\" rel=\"noopener noreferrer\" href=\"https:\/\/www.flickr.com\/photos\/latraversiere\/albums\" >\n\t\t\t<span>\n\t\t\t\t\t\t\t\t<span class=\"sow-icon-fontawesome sow-fab\" data-sow-icon=\"&#xf16e;\"\n\t\t ><\/span>\t\t\t\t\t\t\t<\/span>\n\t\t<\/a>\n\t<\/div>\n<\/div><\/div><\/div><div id=\"pgc-597-0-1\"  class=\"panel-grid-cell\" ><div id=\"panel-597-0-1-0\" class=\"so-panel widget widget_sow-editor panel-first-child panel-last-child\" data-index=\"3\" ><div class=\"box box-lightblue panel-widget-style panel-widget-style-for-597-0-1-0\" ><div class=\"so-widget-sow-editor so-widget-sow-editor-base\">\n<div class=\"siteorigin-widget-tinymce textwidget\">\n\t<h3>CONTACT US<\/h3>\n<div class=\"contact_form\">\n<div role=\"form\" class=\"wpcf7\" id=\"wpcf7-f4783-o1\" lang=\"fr-FR\" dir=\"ltr\">\n<div class=\"screen-reader-response\"><p role=\"status\" aria-live=\"polite\" aria-atomic=\"true\"><\/p> <ul><\/ul><\/div>\n<form action=\"\/en\/wp-json\/wp\/v2\/pages\/597#wpcf7-f4783-o1\" method=\"post\" class=\"wpcf7-form init\" novalidate=\"novalidate\" data-status=\"init\">\n<div style=\"display: none;\">\n<input type=\"hidden\" name=\"_wpcf7\" value=\"4783\" \/>\n<input type=\"hidden\" name=\"_wpcf7_version\" value=\"5.5.2\" \/>\n<input type=\"hidden\" name=\"_wpcf7_locale\" value=\"fr_FR\" \/>\n<input type=\"hidden\" name=\"_wpcf7_unit_tag\" value=\"wpcf7-f4783-o1\" \/>\n<input type=\"hidden\" name=\"_wpcf7_container_post\" value=\"0\" \/>\n<input type=\"hidden\" name=\"_wpcf7_posted_data_hash\" value=\"\" \/>\n<input type=\"hidden\" name=\"_wpcf7_recaptcha_response\" value=\"\" \/>\n<\/div>\n<p>Your Name (mandatory)<br \/>\n    <span class=\"wpcf7-form-control-wrap your-name\"><input type=\"text\" name=\"your-name\" value=\"\" size=\"40\" class=\"wpcf7-form-control wpcf7-text wpcf7-validates-as-required\" aria-required=\"true\" aria-invalid=\"false\" \/><\/span> <\/p>\n<p>Your email (mandatory)<br \/>\n    <span class=\"wpcf7-form-control-wrap your-email\"><input type=\"email\" name=\"your-email\" value=\"\" size=\"40\" class=\"wpcf7-form-control wpcf7-text wpcf7-email wpcf7-validates-as-required wpcf7-validates-as-email\" aria-required=\"true\" aria-invalid=\"false\" \/><\/span> <\/p>\n<p>Subject<br \/>\n    <span class=\"wpcf7-form-control-wrap your-subject\"><input type=\"text\" name=\"your-subject\" value=\"\" size=\"40\" class=\"wpcf7-form-control wpcf7-text\" aria-invalid=\"false\" \/><\/span> <\/p>\n<p>Your message<br \/>\n    <span class=\"wpcf7-form-control-wrap your-message\"><textarea name=\"your-message\" cols=\"40\" rows=\"10\" class=\"wpcf7-form-control wpcf7-textarea\" aria-invalid=\"false\"><\/textarea><\/span> <\/p>\n<div class=\"col-xs-12\">\n\n<\/div>\n<div class=\"clear\"><\/div>\n<div class=\"col-xs-12\"><input type=\"submit\" value=\"Send\" class=\"wpcf7-form-control has-spinner wpcf7-submit\" \/><\/div>\n<div class=\"clear\"><\/div>\n<p style=\"display: none !important;\"><label>&#916;<textarea name=\"_wpcf7_ak_hp_textarea\" cols=\"45\" rows=\"8\" maxlength=\"100\"><\/textarea><\/label><input type=\"hidden\" id=\"ak_js\" name=\"_wpcf7_ak_js\" value=\"134\"\/><script>document.getElementById( \"ak_js\" ).setAttribute( \"value\", ( new Date() ).getTime() );<\/script><\/p><div class=\"wpcf7-response-output\" aria-hidden=\"true\"><\/div><\/form><\/div>\n<\/div>\n<\/div>\n<\/div><\/div><\/div><\/div><\/div><\/div>","protected":false},"excerpt":{"rendered":"<p>STAY CONNECTED CONTACT US<\/p>\n<div class=\"woocommerce\">\n<div class=\"woocommerce-info wc-memberships-restriction-message wc-memberships-message wc-memberships-content-restricted-message\">To access this page, you must purchase <span class=\"wc-memberships-products-grant-access\"><a href=\"https:\/\/latraversiere.fr\/en\/boutique\/adhesion\/formule-adhesion-integrale\/?attribute_pa_duree=2-ans\">Formule d&#8217;adh\u00e9sion int\u00e9grale (Papier + Num\u00e9rique) &ndash; 2-ans<\/a><\/span>.<\/div>\n<\/div>\n","protected":false},"author":1,"featured_media":0,"parent":208,"menu_order":0,"comment_status":"closed","ping_status":"closed","template":"","meta":[],"yoast_head":"<!-- This site is optimized with the Yoast SEO plugin v17.5 - https:\/\/yoast.com\/wordpress\/plugins\/seo\/ -->\n<title>Contact - LA TRAVERSIERE The french flute association<\/title>\n<meta name=\"description\" content=\"Nous contacter.\" \/>\n<meta name=\"robots\" content=\"index, follow, max-snippet:-1, max-image-preview:large, max-video-preview:-1\" \/>\n<link rel=\"canonical\" href=\"https:\/\/latraversiere.fr\/association\/contact\/\" \/>\n<meta property=\"og:locale\" content=\"en_US\" \/>\n<meta property=\"og:type\" content=\"article\" \/>\n<meta property=\"og:title\" content=\"Contact - LA TRAVERSIERE The french flute association\" \/>\n<meta property=\"og:description\" content=\"Nous contacter.\" \/>\n<meta property=\"og:url\" content=\"https:\/\/latraversiere.fr\/association\/contact\/\" \/>\n<meta property=\"og:site_name\" content=\"LA TRAVERSIERE The french flute association\" \/>\n<meta property=\"article:publisher\" content=\"https:\/\/www.facebook.com\/traversieres\/\" \/>\n<meta property=\"article:modified_time\" content=\"2023-08-10T08:46:06+00:00\" \/>\n<meta name=\"twitter:card\" content=\"summary\" \/>\n<meta name=\"twitter:site\" content=\"@La_Traversiere\" \/>\n<script type=\"application\/ld+json\" class=\"yoast-schema-graph\">{\"@context\":\"https:\/\/schema.org\",\"@graph\":[{\"@type\":\"Organization\",\"@id\":\"https:\/\/latraversiere.fr\/#organization\",\"name\":\"La Traversi\\u00e8re - Association Fran\\u00e7aise de la Fl\\u00fbte\",\"url\":\"https:\/\/latraversiere.fr\/\",\"sameAs\":[\"https:\/\/www.facebook.com\/traversieres\/\",\"https:\/\/www.instagram.com\/la_traversiere\/\",\"https:\/\/www.youtube.com\/channel\/UC46MEQZI2BfRZNFUFqc59Sw\",\"https:\/\/twitter.com\/La_Traversiere\"],\"logo\":{\"@type\":\"ImageObject\",\"@id\":\"https:\/\/latraversiere.fr\/#logo\",\"inLanguage\":\"en-US\",\"url\":\"https:\/\/latraversiere.fr\/wp-content\/uploads\/2018\/01\/LOGO-Traversiere-SITE-1.png\",\"contentUrl\":\"https:\/\/latraversiere.fr\/wp-content\/uploads\/2018\/01\/LOGO-Traversiere-SITE-1.png\",\"width\":539,\"height\":200,\"caption\":\"La Traversi\\u00e8re - Association Fran\\u00e7aise de la Fl\\u00fbte\"},\"image\":{\"@id\":\"https:\/\/latraversiere.fr\/#logo\"}},{\"@type\":\"WebSite\",\"@id\":\"https:\/\/latraversiere.fr\/#website\",\"url\":\"https:\/\/latraversiere.fr\/\",\"name\":\"LA TRAVERSIERE The french flute association\",\"description\":\"\",\"publisher\":{\"@id\":\"https:\/\/latraversiere.fr\/#organization\"},\"potentialAction\":[{\"@type\":\"SearchAction\",\"target\":{\"@type\":\"EntryPoint\",\"urlTemplate\":\"https:\/\/latraversiere.fr\/?s={search_term_string}\"},\"query-input\":\"required name=search_term_string\"}],\"inLanguage\":\"en-US\"},{\"@type\":\"WebPage\",\"@id\":\"https:\/\/latraversiere.fr\/association\/contact\/#webpage\",\"url\":\"https:\/\/latraversiere.fr\/association\/contact\/\",\"name\":\"Contact - LA TRAVERSIERE The french flute association\",\"isPartOf\":{\"@id\":\"https:\/\/latraversiere.fr\/#website\"},\"datePublished\":\"2017-08-05T14:21:35+00:00\",\"dateModified\":\"2023-08-10T08:46:06+00:00\",\"description\":\"Nous contacter.\",\"breadcrumb\":{\"@id\":\"https:\/\/latraversiere.fr\/association\/contact\/#breadcrumb\"},\"inLanguage\":\"en-US\",\"potentialAction\":[{\"@type\":\"ReadAction\",\"target\":[\"https:\/\/latraversiere.fr\/association\/contact\/\"]}]},{\"@type\":\"BreadcrumbList\",\"@id\":\"https:\/\/latraversiere.fr\/association\/contact\/#breadcrumb\",\"itemListElement\":[{\"@type\":\"ListItem\",\"position\":1,\"name\":\"Accueil\",\"item\":\"https:\/\/latraversiere.fr\/\"},{\"@type\":\"ListItem\",\"position\":2,\"name\":\"Association\",\"item\":\"https:\/\/latraversiere.fr\/association\/\"},{\"@type\":\"ListItem\",\"position\":3,\"name\":\"Contact\"}]}]}<\/script>\n<!-- \/ Yoast SEO plugin. -->","yoast_head_json":{"title":"Contact - LA TRAVERSIERE The french flute association","description":"Nous contacter.","robots":{"index":"index","follow":"follow","max-snippet":"max-snippet:-1","max-image-preview":"max-image-preview:large","max-video-preview":"max-video-preview:-1"},"canonical":"https:\/\/latraversiere.fr\/association\/contact\/","og_locale":"en_US","og_type":"article","og_title":"Contact - LA TRAVERSIERE The french flute association","og_description":"Nous contacter.","og_url":"https:\/\/latraversiere.fr\/association\/contact\/","og_site_name":"LA TRAVERSIERE The french flute association","article_publisher":"https:\/\/www.facebook.com\/traversieres\/","article_modified_time":"2023-08-10T08:46:06+00:00","twitter_card":"summary","twitter_site":"@La_Traversiere","schema":{"@context":"https:\/\/schema.org","@graph":[{"@type":"Organization","@id":"https:\/\/latraversiere.fr\/#organization","name":"La Traversi\u00e8re - Association Fran\u00e7aise de la Fl\u00fbte","url":"https:\/\/latraversiere.fr\/","sameAs":["https:\/\/www.facebook.com\/traversieres\/","https:\/\/www.instagram.com\/la_traversiere\/","https:\/\/www.youtube.com\/channel\/UC46MEQZI2BfRZNFUFqc59Sw","https:\/\/twitter.com\/La_Traversiere"],"logo":{"@type":"ImageObject","@id":"https:\/\/latraversiere.fr\/#logo","inLanguage":"en-US","url":"https:\/\/latraversiere.fr\/wp-content\/uploads\/2018\/01\/LOGO-Traversiere-SITE-1.png","contentUrl":"https:\/\/latraversiere.fr\/wp-content\/uploads\/2018\/01\/LOGO-Traversiere-SITE-1.png","width":539,"height":200,"caption":"La Traversi\u00e8re - Association Fran\u00e7aise de la Fl\u00fbte"},"image":{"@id":"https:\/\/latraversiere.fr\/#logo"}},{"@type":"WebSite","@id":"https:\/\/latraversiere.fr\/#website","url":"https:\/\/latraversiere.fr\/","name":"LA TRAVERSIERE The french flute association","description":"","publisher":{"@id":"https:\/\/latraversiere.fr\/#organization"},"potentialAction":[{"@type":"SearchAction","target":{"@type":"EntryPoint","urlTemplate":"https:\/\/latraversiere.fr\/?s={search_term_string}"},"query-input":"required name=search_term_string"}],"inLanguage":"en-US"},{"@type":"WebPage","@id":"https:\/\/latraversiere.fr\/association\/contact\/#webpage","url":"https:\/\/latraversiere.fr\/association\/contact\/","name":"Contact - LA TRAVERSIERE The french flute association","isPartOf":{"@id":"https:\/\/latraversiere.fr\/#website"},"datePublished":"2017-08-05T14:21:35+00:00","dateModified":"2023-08-10T08:46:06+00:00","description":"Nous contacter.","breadcrumb":{"@id":"https:\/\/latraversiere.fr\/association\/contact\/#breadcrumb"},"inLanguage":"en-US","potentialAction":[{"@type":"ReadAction","target":["https:\/\/latraversiere.fr\/association\/contact\/"]}]},{"@type":"BreadcrumbList","@id":"https:\/\/latraversiere.fr\/association\/contact\/#breadcrumb","itemListElement":[{"@type":"ListItem","position":1,"name":"Accueil","item":"https:\/\/latraversiere.fr\/"},{"@type":"ListItem","position":2,"name":"Association","item":"https:\/\/latraversiere.fr\/association\/"},{"@type":"ListItem","position":3,"name":"Contact"}]}]}},"_links":{"self":[{"href":"https:\/\/latraversiere.fr\/en\/wp-json\/wp\/v2\/pages\/597"}],"collection":[{"href":"https:\/\/latraversiere.fr\/en\/wp-json\/wp\/v2\/pages"}],"about":[{"href":"https:\/\/latraversiere.fr\/en\/wp-json\/wp\/v2\/types\/page"}],"author":[{"embeddable":true,"href":"https:\/\/latraversiere.fr\/en\/wp-json\/wp\/v2\/users\/1"}],"replies":[{"embeddable":true,"href":"https:\/\/latraversiere.fr\/en\/wp-json\/wp\/v2\/comments?post=597"}],"version-history":[{"count":10,"href":"https:\/\/latraversiere.fr\/en\/wp-json\/wp\/v2\/pages\/597\/revisions"}],"predecessor-version":[{"id":21745,"href":"https:\/\/latraversiere.fr\/en\/wp-json\/wp\/v2\/pages\/597\/revisions\/21745"}],"up":[{"embeddable":true,"href":"https:\/\/latraversiere.fr\/en\/wp-json\/wp\/v2\/pages\/208"}],"wp:attachment":[{"href":"https:\/\/latraversiere.fr\/en\/wp-json\/wp\/v2\/media?parent=597"}],"curies":[{"name":"wp","href":"https:\/\/api.w.org\/{rel}","templated":true}]}}