{"id":638,"date":"2017-08-05T21:05:13","date_gmt":"2017-08-05T19:05:13","guid":{"rendered":"http:\/\/s465217036.onlinehome.fr\/TravNS\/?page_id=638"},"modified":"2020-12-07T16:19:23","modified_gmt":"2020-12-07T15:19:23","slug":"acheter-en-toute-confiance","status":"publish","type":"page","link":"https:\/\/latraversiere.fr\/en\/boutique\/acheter-en-toute-confiance\/","title":{"rendered":"Buy online with confidence"},"content":{"rendered":"<div id=\"pl-638\"  class=\"panel-layout\" ><div id=\"pg-638-0\"  class=\"panel-grid panel-has-style\" ><div class=\"white shadowbox panel-row-style panel-row-style-for-638-0\" id=\"paiement-ligne\" ><div id=\"pgc-638-0-0\"  class=\"panel-grid-cell\" ><div id=\"panel-638-0-0-0\" class=\"so-panel widget widget_sow-editor panel-first-child panel-last-child\" data-index=\"0\" ><div class=\"so-widget-sow-editor so-widget-sow-editor-base\">\n<div class=\"siteorigin-widget-tinymce textwidget\">\n\t<h3>SECURE ONLINE PAYMENT<\/h3>\n<div class=\"section-title-line\" style=\"\"><\/div>\n<p> For your payments, you have the choice between using our built in credit cart paiement of the PayPal platform that allows you to pay using a PayPal account. In both cases, the transmitted data are completely encrypted.<\/p>\n<p> There is no additional charge for you to use either services; you only pay the price of your order. <\/p>\n<p> In case of difficulty, do not hesitate to contact us: <a href=\"mailto:contact@latraversiere.fr\"> contact@latraversiere.fr<\/a> <\/p>\n<\/div>\n<\/div><\/div><\/div><div id=\"pgc-638-0-1\"  class=\"panel-grid-cell\" ><div id=\"panel-638-0-1-0\" class=\"so-panel widget widget_sow-image panel-first-child panel-last-child\" data-index=\"1\" ><div class=\"so-widget-sow-image so-widget-sow-image-default-d6014b76747a-638\">\n\n<div class=\"sow-image-container\">\n\t\t<img src=\"https:\/\/latraversiere.fr\/wp-content\/uploads\/2017\/08\/paypal_ITSS.jpg\" width=\"600\" height=\"600\" srcset=\"https:\/\/latraversiere.fr\/wp-content\/uploads\/2017\/08\/paypal_ITSS.jpg 600w, https:\/\/latraversiere.fr\/wp-content\/uploads\/2017\/08\/paypal_ITSS-150x150.jpg 150w, https:\/\/latraversiere.fr\/wp-content\/uploads\/2017\/08\/paypal_ITSS-300x300.jpg 300w, https:\/\/latraversiere.fr\/wp-content\/uploads\/2017\/08\/paypal_ITSS-180x180.jpg 180w\" sizes=\"(max-width: 600px) 100vw, 600px\" alt=\"\" loading=\"lazy\" \t\tclass=\"so-widget-image\"\/>\n\t<\/div>\n\n<\/div><\/div><\/div><\/div><\/div><div id=\"pg-638-1\"  class=\"panel-grid panel-has-style\" ><div class=\"white shadowbox panel-row-style panel-row-style-for-638-1\" id=\"livraison\" ><div id=\"pgc-638-1-0\"  class=\"panel-grid-cell\" ><div id=\"panel-638-1-0-0\" class=\"so-panel widget widget_sow-image panel-first-child panel-last-child\" data-index=\"2\" ><div class=\"so-widget-sow-image so-widget-sow-image-default-d6014b76747a-638\">\n\n<div class=\"sow-image-container\">\n\t\t<img src=\"https:\/\/latraversiere.fr\/wp-content\/uploads\/2017\/08\/Livraison.jpg\" width=\"600\" height=\"600\" srcset=\"https:\/\/latraversiere.fr\/wp-content\/uploads\/2017\/08\/Livraison.jpg 600w, https:\/\/latraversiere.fr\/wp-content\/uploads\/2017\/08\/Livraison-150x150.jpg 150w, https:\/\/latraversiere.fr\/wp-content\/uploads\/2017\/08\/Livraison-300x300.jpg 300w, https:\/\/latraversiere.fr\/wp-content\/uploads\/2017\/08\/Livraison-180x180.jpg 180w\" sizes=\"(max-width: 600px) 100vw, 600px\" alt=\"\" loading=\"lazy\" \t\tclass=\"so-widget-image\"\/>\n\t<\/div>\n\n<\/div><\/div><\/div><div id=\"pgc-638-1-1\"  class=\"panel-grid-cell\" ><div id=\"panel-638-1-1-0\" class=\"so-panel widget widget_sow-editor panel-first-child panel-last-child\" data-index=\"3\" ><div class=\"so-widget-sow-editor so-widget-sow-editor-base\">\n<div class=\"siteorigin-widget-tinymce textwidget\">\n\t<h3>FAST HOME DELIVERY<\/h3>\n<div class=\"section-title-line\" style=\"\"><\/div>\n<p> At each order receipt, members of the Association make their best effort to process and ship the items as soon as possible. We try to process orders within a maximum of 7 days. <\/p>\n<p> For our shipments, we use the services of La Poste and choose the most appropriate and fastest method for each shipment. <\/p>\n<p> We attach great importance to the packaging of each item, including fragile items, so that they are delivered to you without being damaged. Nevertheless, if despite our precautions of packing, the received object has suffered damages during the transport, please contact us, we will do the necessary to solve the problem. <\/p>\n<p> In case of difficulty (delivery problem, damaged object ...) do not hesitate to contact us: <a href=\"mailto:contact@latraversiere.fr\"> contact@latraversiere.fr < \/ a><br \/>\n<\/a><\/p>\n<\/div>\n<\/div><\/div><\/div><\/div><\/div><\/div>","protected":false},"excerpt":{"rendered":"<p>SECURE ONLINE PAYMENT For your payments, you have the choice between using our built in credit cart paiement of the PayPal platform that allows you to pay using a PayPal account. In both cases, the transmitted data are completely encrypted. There is no additional charge for you to use either services; you only pay the [&hellip;]<\/p>\n<div class=\"woocommerce\">\n<div class=\"woocommerce-info wc-memberships-restriction-message wc-memberships-message wc-memberships-content-restricted-message\">To access this page, you must purchase <span class=\"wc-memberships-products-grant-access\"><a href=\"https:\/\/latraversiere.fr\/en\/boutique\/adhesion\/formule-adhesion-integrale\/?attribute_pa_duree=2-ans\">Formule d&#8217;adh\u00e9sion int\u00e9grale (Papier + Num\u00e9rique) &ndash; 2-ans<\/a><\/span>.<\/div>\n<\/div>\n","protected":false},"author":1,"featured_media":0,"parent":114,"menu_order":0,"comment_status":"closed","ping_status":"closed","template":"","meta":[],"yoast_head":"<!-- This site is optimized with the Yoast SEO plugin v17.5 - https:\/\/yoast.com\/wordpress\/plugins\/seo\/ -->\n<title>Buy online with confidence - LA TRAVERSIERE The french flute association<\/title>\n<meta name=\"robots\" content=\"index, follow, max-snippet:-1, max-image-preview:large, max-video-preview:-1\" \/>\n<link rel=\"canonical\" href=\"https:\/\/latraversiere.fr\/boutique\/acheter-en-toute-confiance\/\" \/>\n<meta property=\"og:locale\" content=\"en_US\" \/>\n<meta property=\"og:type\" content=\"article\" \/>\n<meta property=\"og:title\" content=\"[:fr]Acheter en ligne en toute confiance[:en]Buy online with confidence[:] - LA TRAVERSIERE The french flute association\" \/>\n<meta property=\"og:description\" content=\"SECURE ONLINE PAYMENT For your payments, you have the choice between using our built in credit cart paiement of the PayPal platform that allows you to pay using a PayPal account. In both cases, the transmitted data are completely encrypted. There is no additional charge for you to use either services; you only pay the [&hellip;]\" \/>\n<meta property=\"og:url\" content=\"https:\/\/latraversiere.fr\/boutique\/acheter-en-toute-confiance\/\" \/>\n<meta property=\"og:site_name\" content=\"LA TRAVERSIERE The french flute association\" \/>\n<meta property=\"article:publisher\" content=\"https:\/\/www.facebook.com\/traversieres\/\" \/>\n<meta property=\"article:modified_time\" content=\"2020-12-07T15:19:23+00:00\" \/>\n<meta name=\"twitter:card\" content=\"summary\" \/>\n<meta name=\"twitter:site\" content=\"@La_Traversiere\" \/>\n<meta name=\"twitter:label1\" content=\"Est. reading time\" \/>\n\t<meta name=\"twitter:data1\" content=\"2 minutes\" \/>\n<script type=\"application\/ld+json\" class=\"yoast-schema-graph\">{\"@context\":\"https:\/\/schema.org\",\"@graph\":[{\"@type\":\"Organization\",\"@id\":\"https:\/\/latraversiere.fr\/#organization\",\"name\":\"La Traversi\\u00e8re - Association Fran\\u00e7aise de la Fl\\u00fbte\",\"url\":\"https:\/\/latraversiere.fr\/\",\"sameAs\":[\"https:\/\/www.facebook.com\/traversieres\/\",\"https:\/\/www.instagram.com\/la_traversiere\/\",\"https:\/\/www.youtube.com\/channel\/UC46MEQZI2BfRZNFUFqc59Sw\",\"https:\/\/twitter.com\/La_Traversiere\"],\"logo\":{\"@type\":\"ImageObject\",\"@id\":\"https:\/\/latraversiere.fr\/#logo\",\"inLanguage\":\"en-US\",\"url\":\"https:\/\/latraversiere.fr\/wp-content\/uploads\/2018\/01\/LOGO-Traversiere-SITE-1.png\",\"contentUrl\":\"https:\/\/latraversiere.fr\/wp-content\/uploads\/2018\/01\/LOGO-Traversiere-SITE-1.png\",\"width\":539,\"height\":200,\"caption\":\"La Traversi\\u00e8re - Association Fran\\u00e7aise de la Fl\\u00fbte\"},\"image\":{\"@id\":\"https:\/\/latraversiere.fr\/#logo\"}},{\"@type\":\"WebSite\",\"@id\":\"https:\/\/latraversiere.fr\/#website\",\"url\":\"https:\/\/latraversiere.fr\/\",\"name\":\"LA TRAVERSIERE The french flute association\",\"description\":\"\",\"publisher\":{\"@id\":\"https:\/\/latraversiere.fr\/#organization\"},\"potentialAction\":[{\"@type\":\"SearchAction\",\"target\":{\"@type\":\"EntryPoint\",\"urlTemplate\":\"https:\/\/latraversiere.fr\/?s={search_term_string}\"},\"query-input\":\"required name=search_term_string\"}],\"inLanguage\":\"en-US\"},{\"@type\":\"WebPage\",\"@id\":\"https:\/\/latraversiere.fr\/boutique\/acheter-en-toute-confiance\/#webpage\",\"url\":\"https:\/\/latraversiere.fr\/boutique\/acheter-en-toute-confiance\/\",\"name\":\"[:fr]Acheter en ligne en toute confiance[:en]Buy online with confidence[:] - LA TRAVERSIERE The french flute association\",\"isPartOf\":{\"@id\":\"https:\/\/latraversiere.fr\/#website\"},\"datePublished\":\"2017-08-05T19:05:13+00:00\",\"dateModified\":\"2020-12-07T15:19:23+00:00\",\"breadcrumb\":{\"@id\":\"https:\/\/latraversiere.fr\/boutique\/acheter-en-toute-confiance\/#breadcrumb\"},\"inLanguage\":\"en-US\",\"potentialAction\":[{\"@type\":\"ReadAction\",\"target\":[\"https:\/\/latraversiere.fr\/boutique\/acheter-en-toute-confiance\/\"]}]},{\"@type\":\"BreadcrumbList\",\"@id\":\"https:\/\/latraversiere.fr\/boutique\/acheter-en-toute-confiance\/#breadcrumb\",\"itemListElement\":[{\"@type\":\"ListItem\",\"position\":1,\"name\":\"Accueil\",\"item\":\"https:\/\/latraversiere.fr\/\"},{\"@type\":\"ListItem\",\"position\":2,\"name\":\"Boutique\",\"item\":\"https:\/\/latraversiere.fr\/en\/boutique\/\"},{\"@type\":\"ListItem\",\"position\":3,\"name\":\"Acheter en ligne en toute confiance\"}]}]}<\/script>\n<!-- \/ Yoast SEO plugin. -->","yoast_head_json":{"title":"[:fr]Acheter en ligne en toute confiance[:en]Buy online with confidence[:] - LA TRAVERSIERE The french flute association","robots":{"index":"index","follow":"follow","max-snippet":"max-snippet:-1","max-image-preview":"max-image-preview:large","max-video-preview":"max-video-preview:-1"},"canonical":"https:\/\/latraversiere.fr\/boutique\/acheter-en-toute-confiance\/","og_locale":"en_US","og_type":"article","og_title":"[:fr]Acheter en ligne en toute confiance[:en]Buy online with confidence[:] - LA TRAVERSIERE The french flute association","og_description":"SECURE ONLINE PAYMENT For your payments, you have the choice between using our built in credit cart paiement of the PayPal platform that allows you to pay using a PayPal account. In both cases, the transmitted data are completely encrypted. There is no additional charge for you to use either services; you only pay the [&hellip;]","og_url":"https:\/\/latraversiere.fr\/boutique\/acheter-en-toute-confiance\/","og_site_name":"LA TRAVERSIERE The french flute association","article_publisher":"https:\/\/www.facebook.com\/traversieres\/","article_modified_time":"2020-12-07T15:19:23+00:00","twitter_card":"summary","twitter_site":"@La_Traversiere","twitter_misc":{"Est. reading time":"2 minutes"},"schema":{"@context":"https:\/\/schema.org","@graph":[{"@type":"Organization","@id":"https:\/\/latraversiere.fr\/#organization","name":"La Traversi\u00e8re - Association Fran\u00e7aise de la Fl\u00fbte","url":"https:\/\/latraversiere.fr\/","sameAs":["https:\/\/www.facebook.com\/traversieres\/","https:\/\/www.instagram.com\/la_traversiere\/","https:\/\/www.youtube.com\/channel\/UC46MEQZI2BfRZNFUFqc59Sw","https:\/\/twitter.com\/La_Traversiere"],"logo":{"@type":"ImageObject","@id":"https:\/\/latraversiere.fr\/#logo","inLanguage":"en-US","url":"https:\/\/latraversiere.fr\/wp-content\/uploads\/2018\/01\/LOGO-Traversiere-SITE-1.png","contentUrl":"https:\/\/latraversiere.fr\/wp-content\/uploads\/2018\/01\/LOGO-Traversiere-SITE-1.png","width":539,"height":200,"caption":"La Traversi\u00e8re - Association Fran\u00e7aise de la Fl\u00fbte"},"image":{"@id":"https:\/\/latraversiere.fr\/#logo"}},{"@type":"WebSite","@id":"https:\/\/latraversiere.fr\/#website","url":"https:\/\/latraversiere.fr\/","name":"LA TRAVERSIERE The french flute association","description":"","publisher":{"@id":"https:\/\/latraversiere.fr\/#organization"},"potentialAction":[{"@type":"SearchAction","target":{"@type":"EntryPoint","urlTemplate":"https:\/\/latraversiere.fr\/?s={search_term_string}"},"query-input":"required name=search_term_string"}],"inLanguage":"en-US"},{"@type":"WebPage","@id":"https:\/\/latraversiere.fr\/boutique\/acheter-en-toute-confiance\/#webpage","url":"https:\/\/latraversiere.fr\/boutique\/acheter-en-toute-confiance\/","name":"[:fr]Acheter en ligne en toute confiance[:en]Buy online with confidence[:] - LA TRAVERSIERE The french flute association","isPartOf":{"@id":"https:\/\/latraversiere.fr\/#website"},"datePublished":"2017-08-05T19:05:13+00:00","dateModified":"2020-12-07T15:19:23+00:00","breadcrumb":{"@id":"https:\/\/latraversiere.fr\/boutique\/acheter-en-toute-confiance\/#breadcrumb"},"inLanguage":"en-US","potentialAction":[{"@type":"ReadAction","target":["https:\/\/latraversiere.fr\/boutique\/acheter-en-toute-confiance\/"]}]},{"@type":"BreadcrumbList","@id":"https:\/\/latraversiere.fr\/boutique\/acheter-en-toute-confiance\/#breadcrumb","itemListElement":[{"@type":"ListItem","position":1,"name":"Accueil","item":"https:\/\/latraversiere.fr\/"},{"@type":"ListItem","position":2,"name":"Boutique","item":"https:\/\/latraversiere.fr\/en\/boutique\/"},{"@type":"ListItem","position":3,"name":"Acheter en ligne en toute confiance"}]}]}},"_links":{"self":[{"href":"https:\/\/latraversiere.fr\/en\/wp-json\/wp\/v2\/pages\/638"}],"collection":[{"href":"https:\/\/latraversiere.fr\/en\/wp-json\/wp\/v2\/pages"}],"about":[{"href":"https:\/\/latraversiere.fr\/en\/wp-json\/wp\/v2\/types\/page"}],"author":[{"embeddable":true,"href":"https:\/\/latraversiere.fr\/en\/wp-json\/wp\/v2\/users\/1"}],"replies":[{"embeddable":true,"href":"https:\/\/latraversiere.fr\/en\/wp-json\/wp\/v2\/comments?post=638"}],"version-history":[{"count":4,"href":"https:\/\/latraversiere.fr\/en\/wp-json\/wp\/v2\/pages\/638\/revisions"}],"predecessor-version":[{"id":11603,"href":"https:\/\/latraversiere.fr\/en\/wp-json\/wp\/v2\/pages\/638\/revisions\/11603"}],"up":[{"embeddable":true,"href":"https:\/\/latraversiere.fr\/en\/wp-json\/wp\/v2\/pages\/114"}],"wp:attachment":[{"href":"https:\/\/latraversiere.fr\/en\/wp-json\/wp\/v2\/media?parent=638"}],"curies":[{"name":"wp","href":"https:\/\/api.w.org\/{rel}","templated":true}]}}