{"id":831,"date":"2017-08-07T08:25:52","date_gmt":"2017-08-07T06:25:52","guid":{"rendered":"http:\/\/s465217036.onlinehome.fr\/TravNS\/?page_id=831"},"modified":"2020-03-22T10:32:01","modified_gmt":"2020-03-22T09:32:01","slug":"appel-a-projet","status":"publish","type":"page","link":"https:\/\/latraversiere.fr\/en\/association\/appel-a-projet\/","title":{"rendered":"Call for projects"},"content":{"rendered":"<div id=\"pl-831\"  class=\"panel-layout\" ><div id=\"pg-831-0\"  class=\"panel-grid panel-has-style\" ><div class=\"panel-row-style panel-row-style-for-831-0\" ><div id=\"pgc-831-0-0\"  class=\"panel-grid-cell\" ><div id=\"panel-831-0-0-0\" class=\"so-panel widget widget_sow-editor panel-first-child panel-last-child\" data-index=\"0\" ><div class=\"so-widget-sow-editor so-widget-sow-editor-base\">\n<div class=\"siteorigin-widget-tinymce textwidget\">\n\t<div class=\"section-title text-center\">\n<h1 style=\"text-align: center !important; font-weight: 100; color: #32a3c3; text-transform: none; margin-bottom: 50px;\">Let's achieve your projects together<\/h1>\n<\/div>\n<p style=\"text-align:left\">\nThe Traversi\u00e8re is YOUR association, thus, our mission is to accompany you in your flutist projects. Thanks to our network of musicians, pedagogues, institutions, and partners, we have the means to help you in the realization of your projects.\n<\/p>\n<p style=\"text-align:left\">\nTo submit your project to La Traversi\u00e8re is to take advantage of the opportunity to discuss with a team of professionals who can contribute their skills and help you to complete your project.<\/p>\n<p style=\"text-align:center\"><strong>So do not hesitate to contact us to submit your project.<\/strong><\/p>\n<p><a href=\"mailto:contact@latraversiere.fr\" class=\"btn btn-default blue\">CONTACT US<\/a><\/p>\n<\/div>\n<\/div><\/div><\/div><\/div><\/div><div id=\"pg-831-1\"  class=\"panel-grid panel-has-style\" ><div class=\"siteorigin-panels-stretch panel-row-style panel-row-style-for-831-1\" data-stretch-type=\"full\" ><div id=\"pgc-831-1-0\"  class=\"panel-grid-cell\" ><div id=\"panel-831-1-0-0\" class=\"so-panel widget widget_sow-image panel-first-child panel-last-child\" data-index=\"1\" ><div class=\"hidden-xs panel-widget-style panel-widget-style-for-831-1-0-0\" ><div class=\"so-widget-sow-image so-widget-sow-image-default-d70c3388eec3-831\">\n\n<div class=\"sow-image-container\">\n\t\t<img src=\"https:\/\/latraversiere.fr\/wp-content\/uploads\/2017\/04\/FluteSpirit2016-303-1.jpg\" width=\"690\" height=\"683\" srcset=\"https:\/\/latraversiere.fr\/wp-content\/uploads\/2017\/04\/FluteSpirit2016-303-1.jpg 690w, https:\/\/latraversiere.fr\/wp-content\/uploads\/2017\/04\/FluteSpirit2016-303-1-300x297.jpg 300w, https:\/\/latraversiere.fr\/wp-content\/uploads\/2017\/04\/FluteSpirit2016-303-1-180x178.jpg 180w, https:\/\/latraversiere.fr\/wp-content\/uploads\/2017\/04\/FluteSpirit2016-303-1-600x594.jpg 600w\" sizes=\"(max-width: 690px) 100vw, 690px\" title=\"5\u00e8me Convention Internationale de la fl\u00fbte - Flute Spirit 2016 - \u00a9 Guy Bompais pour La Traversi\u00e8re\" alt=\"\" loading=\"lazy\" \t\tclass=\"so-widget-image\"\/>\n\t<\/div>\n\n<\/div><\/div><\/div><\/div><div id=\"pgc-831-1-1\"  class=\"panel-grid-cell\" ><div id=\"panel-831-1-1-0\" class=\"so-panel widget widget_sow-editor panel-first-child\" data-index=\"2\" ><div class=\"so-widget-sow-editor so-widget-sow-editor-base\">\n<div class=\"siteorigin-widget-tinymce textwidget\">\n\t<div class=\"section-title text-center\" style=\"text-align:center !important;\">\n<h2 style=\"text-align:left !important; font-weight:100;\"><span style=\"color:#32a3c3\">Together, <\/span> let's organize your artistic projects<\/h2>\n<\/div>\n<p>You have an artistic project? Whatever your project might be (a festival, a new show, an original concert, a recording...) let us help you by sponsoring your project or bringing you support for his organization (research sponsors, research site, volunteer recruitment ...).<\/p>\n<p>Our experts will review your project and talk to you, and if the project is deemed interesting by the association, we will help you to make it happen.<\/p>\n<div class=\"section-title-line\" style=\"float: left ; margin-bottom:0px; margin-top:20px;\"><\/div>\n<\/div>\n<\/div><\/div><div id=\"panel-831-1-1-1\" class=\"so-panel widget widget_sow-editor panel-last-child\" data-index=\"3\" ><div class=\"so-widget-sow-editor so-widget-sow-editor-base\">\n<div class=\"siteorigin-widget-tinymce textwidget\">\n\t<p class=\"photo_credits\">Photo: \u00a9 Guy Bompais<\/p>\n<\/div>\n<\/div><\/div><\/div><\/div><\/div><div id=\"pg-831-2\"  class=\"panel-grid panel-has-style\" ><div class=\"siteorigin-panels-stretch panel-row-style panel-row-style-for-831-2\" data-stretch-type=\"full\" ><div id=\"pgc-831-2-0\"  class=\"panel-grid-cell\" ><div id=\"panel-831-2-0-0\" class=\"so-panel widget widget_sow-editor panel-first-child panel-last-child\" data-index=\"4\" ><div class=\"so-widget-sow-editor so-widget-sow-editor-base\">\n<div class=\"siteorigin-widget-tinymce textwidget\">\n\t<div class=\"section-title text-center\" style=\"text-align:center !important;\">\n<h2 style=\"text-align:left !important; font-weight:100;\"><span style=\"color:#32a3c3\">Together, <\/span>let's publish your articles<\/h2>\n<\/div>\n<p>You are interested in a subject or you have recently discovered something new and would like to share this with the flutist community? Do not hesitate to consult us, we will see together how to treat the subject with you through an article in our magazine or in our WebZine.<\/p>\n<p>Feel free to submit any ideas or articles you may have, we will be happy to relay it to the flutists!<\/p>\n<div class=\"section-title-line\" style=\"float: left ; margin-bottom:0px; margin-top:20px;\"><\/div>\n<\/div>\n<\/div><\/div><\/div><div id=\"pgc-831-2-1\"  class=\"panel-grid-cell\" ><div id=\"panel-831-2-1-0\" class=\"so-panel widget widget_sow-image panel-first-child panel-last-child\" data-index=\"5\" ><div class=\"hidden-xs panel-widget-style panel-widget-style-for-831-2-1-0\" ><div class=\"so-widget-sow-image so-widget-sow-image-default-d70c3388eec3-831\">\n\n<div class=\"sow-image-container\">\n\t\t<img src=\"https:\/\/latraversiere.fr\/wp-content\/uploads\/2017\/08\/482021826.jpg\" width=\"831\" height=\"826\" srcset=\"https:\/\/latraversiere.fr\/wp-content\/uploads\/2017\/08\/482021826.jpg 831w, https:\/\/latraversiere.fr\/wp-content\/uploads\/2017\/08\/482021826-150x150.jpg 150w, https:\/\/latraversiere.fr\/wp-content\/uploads\/2017\/08\/482021826-300x298.jpg 300w, https:\/\/latraversiere.fr\/wp-content\/uploads\/2017\/08\/482021826-768x763.jpg 768w, https:\/\/latraversiere.fr\/wp-content\/uploads\/2017\/08\/482021826-180x179.jpg 180w, https:\/\/latraversiere.fr\/wp-content\/uploads\/2017\/08\/482021826-600x596.jpg 600w\" sizes=\"(max-width: 831px) 100vw, 831px\" alt=\"\" loading=\"lazy\" \t\tclass=\"so-widget-image\"\/>\n\t<\/div>\n\n<\/div><\/div><\/div><\/div><\/div><\/div><div id=\"pg-831-3\"  class=\"panel-grid panel-has-style\" ><div class=\"siteorigin-panels-stretch panel-row-style panel-row-style-for-831-3\" data-stretch-type=\"full\" ><div id=\"pgc-831-3-0\"  class=\"panel-grid-cell\" ><div id=\"panel-831-3-0-0\" class=\"so-panel widget widget_sow-image panel-first-child panel-last-child\" data-index=\"6\" ><div class=\"hidden-xs panel-widget-style panel-widget-style-for-831-3-0-0\" ><div class=\"so-widget-sow-image so-widget-sow-image-default-d70c3388eec3-831\">\n\n<div class=\"sow-image-container\">\n\t\t<img src=\"https:\/\/latraversiere.fr\/wp-content\/uploads\/2017\/08\/recherche.jpg\" width=\"550\" height=\"550\" srcset=\"https:\/\/latraversiere.fr\/wp-content\/uploads\/2017\/08\/recherche.jpg 550w, https:\/\/latraversiere.fr\/wp-content\/uploads\/2017\/08\/recherche-150x150.jpg 150w, https:\/\/latraversiere.fr\/wp-content\/uploads\/2017\/08\/recherche-300x300.jpg 300w, https:\/\/latraversiere.fr\/wp-content\/uploads\/2017\/08\/recherche-180x180.jpg 180w\" sizes=\"(max-width: 550px) 100vw, 550px\" title=\"5\u00e8me Convention Internationale de la fl\u00fbte - Flute Spirit 2016 - \u00a9 Guy Bompais pour La Traversi\u00e8re\" alt=\"\" loading=\"lazy\" \t\tclass=\"so-widget-image\"\/>\n\t<\/div>\n\n<\/div><\/div><\/div><\/div><div id=\"pgc-831-3-1\"  class=\"panel-grid-cell\" ><div id=\"panel-831-3-1-0\" class=\"so-panel widget widget_sow-editor panel-first-child\" data-index=\"7\" ><div class=\"so-widget-sow-editor so-widget-sow-editor-base\">\n<div class=\"siteorigin-widget-tinymce textwidget\">\n\t<div class=\"section-title text-center\" style=\"text-align: center !important;\">\n<h2 style=\"text-align: left !important; font-weight:100;\"><span style=\"color:#32a3c3\">Together, <\/span>let's finance your research projects<\/h2>\n<\/div>\n<p>Research is an important aspect for us to improve our knowledge of the repertoire, the history of the flute... This aspect is essential to improve our instrument, the way we play and teach.<\/p>\n<p>La Traversi\u00e8re supports research projects and offers you to help you finance a thesis, communicate around your discoveries...<\/p>\n<p>Do not hesitate to contact us to share your project with us, we will study your request carefully and will call you to discuss with you the help we could provide you.<\/p>\n<div class=\"section-title-line\" style=\"float: left ; margin-bottom:0px; margin-top:20px;\"><\/div>\n<\/div>\n<\/div><\/div><div id=\"panel-831-3-1-1\" class=\"so-panel widget widget_sow-editor panel-last-child\" data-index=\"8\" ><div class=\"so-widget-sow-editor so-widget-sow-editor-base\">\n<div class=\"siteorigin-widget-tinymce textwidget\">\n\t<p class=\"photo_credits\">Photo: \u00a9 Guy Bompais<\/p>\n<\/div>\n<\/div><\/div><\/div><\/div><\/div><div id=\"pg-831-4\"  class=\"panel-grid panel-has-style\" ><div class=\"siteorigin-panels-stretch panel-row-style panel-row-style-for-831-4\" data-stretch-type=\"full\" ><div id=\"pgc-831-4-0\"  class=\"panel-grid-cell\" ><div id=\"panel-831-4-0-0\" class=\"so-panel widget widget_sow-editor panel-first-child\" data-index=\"9\" ><div class=\"so-widget-sow-editor so-widget-sow-editor-base\">\n<div class=\"siteorigin-widget-tinymce textwidget\">\n\t<div class=\"section-title text-center\" style=\"text-align:center !important;\">\n<h2 style=\"text-align:left !important; font-weight:100;\"><span style=\"color:#32a3c3\">Together, <\/span>let's publish your work<\/h2>\n<\/div>\n<p>You are a composer? You found an interesting unedited score? You want to publish a teaching book? La Traversi\u00e8re can help you make your publishing project a reality.<\/p>\n<p>Share your project with us, our experts will contact you to help you carry out your project.<\/p>\n<div class=\"section-title-line\" style=\"float: left ; margin-bottom:0px; margin-top:20px;\"><\/div>\n<\/div>\n<\/div><\/div><div id=\"panel-831-4-0-1\" class=\"so-panel widget widget_sow-editor panel-last-child\" data-index=\"10\" ><div class=\"so-widget-sow-editor so-widget-sow-editor-base\">\n<div class=\"siteorigin-widget-tinymce textwidget\">\n\t<p class=\"photo_credits\">Photo: \u00a9 Brigitte Costa-L\u00e9ard\u00e9e<\/p>\n<\/div>\n<\/div><\/div><\/div><div id=\"pgc-831-4-1\"  class=\"panel-grid-cell\" ><div id=\"panel-831-4-1-0\" class=\"so-panel widget widget_sow-image panel-first-child panel-last-child\" data-index=\"11\" ><div class=\"hidden-xs panel-widget-style panel-widget-style-for-831-4-1-0\" ><div class=\"so-widget-sow-image so-widget-sow-image-default-d70c3388eec3-831\">\n\n<div class=\"sow-image-container\">\n\t\t<img src=\"https:\/\/latraversiere.fr\/wp-content\/uploads\/2017\/08\/BCL-FluteSpirit-490.jpg\" width=\"761\" height=\"761\" srcset=\"https:\/\/latraversiere.fr\/wp-content\/uploads\/2017\/08\/BCL-FluteSpirit-490.jpg 761w, https:\/\/latraversiere.fr\/wp-content\/uploads\/2017\/08\/BCL-FluteSpirit-490-150x150.jpg 150w, https:\/\/latraversiere.fr\/wp-content\/uploads\/2017\/08\/BCL-FluteSpirit-490-300x300.jpg 300w, https:\/\/latraversiere.fr\/wp-content\/uploads\/2017\/08\/BCL-FluteSpirit-490-180x180.jpg 180w, https:\/\/latraversiere.fr\/wp-content\/uploads\/2017\/08\/BCL-FluteSpirit-490-600x600.jpg 600w\" sizes=\"(max-width: 761px) 100vw, 761px\" title=\"5\u00e8me Convention Internationale de la fl\u00fbte - Flute Spirit 2016 - \u00a9 Brigitte Costa-Le\u0301arde\u0301e pour La Traversi\u00e8re\" alt=\"\" loading=\"lazy\" \t\tclass=\"so-widget-image\"\/>\n\t<\/div>\n\n<\/div><\/div><\/div><\/div><\/div><\/div><div id=\"pg-831-5\"  class=\"panel-grid panel-no-style\" ><div id=\"pgc-831-5-0\"  class=\"panel-grid-cell\" >\n            <style>\n            .slick-dots {display: none !important;}\n        <\/style>\n     \n\n    <div class=\"\" style=\"\">\n                    <div class=\"blog-top\" style=\"margin-top:50px;\">\n                <span class=\"blog-title\" style=\"font-size: 21px;\">\n                    <div class=\"section-title text-center\">\n                        <h3>Projets soutenus par La Traversi\u00e8re<\/h3>\n                        <div class=\"section-title-line\" style=\"margin-bottom:0;\"><\/div>\n                    <\/div>\n                <\/span>   \n            <\/div>\n                \n        <div class=\"news-list\">\n\n            \n                <div class=\"news-item\">\n                    <div class=\"project-image\" style=\"text-align:center; padding-top:50px; padding-bottom:50px;\">\n                        <a href=\"https:\/\/latraversiere.fr\/en\/association\/projets-soutenus\/enregistrement-de-outlaws-ludivine-issambourg\/\">\n                            <img style=\"max-width:80%; height:auto; margin:auto;box-shadow:0 20px 70px rgba(0,0,0,0.14),0 20px 70px rgba(0,0,0,0.12); box-shadow:0 20px 30px rgba(0,0,0,0.14),0px 0px 30px rgba(0,0,0,0.12)\" src=\"https:\/\/latraversiere.fr\/wp-content\/uploads\/2020\/03\/4-Outlaws-Ludivine-Issambourg.jpg\"\/>\n                        <\/a>\n                    <\/div>     \n                <\/div>\n                \n            \n                <div class=\"news-item\">\n                    <div class=\"project-image\" style=\"text-align:center; padding-top:50px; padding-bottom:50px;\">\n                        <a href=\"https:\/\/latraversiere.fr\/en\/association\/projets-soutenus\/voyage-au-canada-du-choeur-de-flutes-phenix\/\">\n                            <img style=\"max-width:80%; height:auto; margin:auto;box-shadow:0 20px 70px rgba(0,0,0,0.14),0 20px 70px rgba(0,0,0,0.12); box-shadow:0 20px 30px rgba(0,0,0,0.14),0px 0px 30px rgba(0,0,0,0.12)\" src=\"https:\/\/latraversiere.fr\/wp-content\/uploads\/2020\/03\/3-Voyage-au-Canada-Choeur-De-Flute-Phenix.jpg\"\/>\n                        <\/a>\n                    <\/div>     \n                <\/div>\n                \n            \n                <div class=\"news-item\">\n                    <div class=\"project-image\" style=\"text-align:center; padding-top:50px; padding-bottom:50px;\">\n                        <a href=\"https:\/\/latraversiere.fr\/en\/association\/projets-soutenus\/enregistrement-oeuvres-alain-louvier\/\">\n                            <img style=\"max-width:80%; height:auto; margin:auto;box-shadow:0 20px 70px rgba(0,0,0,0.14),0 20px 70px rgba(0,0,0,0.12); box-shadow:0 20px 30px rgba(0,0,0,0.14),0px 0px 30px rgba(0,0,0,0.12)\" src=\"https:\/\/latraversiere.fr\/wp-content\/uploads\/2020\/02\/2-Disque-AlainLouvier.jpg\"\/>\n                        <\/a>\n                    <\/div>     \n                <\/div>\n                \n            \n                <div class=\"news-item\">\n                    <div class=\"project-image\" style=\"text-align:center; padding-top:50px; padding-bottom:50px;\">\n                        <a href=\"https:\/\/latraversiere.fr\/en\/association\/projets-soutenus\/les-concerts-de-pan\/\">\n                            <img style=\"max-width:80%; height:auto; margin:auto;box-shadow:0 20px 70px rgba(0,0,0,0.14),0 20px 70px rgba(0,0,0,0.12); box-shadow:0 20px 30px rgba(0,0,0,0.14),0px 0px 30px rgba(0,0,0,0.12)\" src=\"https:\/\/latraversiere.fr\/wp-content\/uploads\/2020\/02\/Projet-AlexisKossenko.jpg\"\/>\n                        <\/a>\n                    <\/div>     \n                <\/div>\n                \n                    <\/div>\n\n                <div class=\"bottom-news\">\n            <a href=\"https:\/\/latraversiere.fr\/association\/projets-soutenus\/\" class=\"btn btn-default blue\">TOUS LES PROJETS<\/a>\n        <\/div>\n            <\/div>\n    <div class=\"clear\"><\/div>\n\n    <\/div>\n    <\/div><\/div><\/div>","protected":false},"excerpt":{"rendered":"<p>Let&#8217;s achieve your projects together The Traversi\u00e8re is YOUR association, thus, our mission is to accompany you in your flutist projects. Thanks to our network of musicians, pedagogues, institutions, and partners, we have the means to help you in the realization of your projects. To submit your project to La Traversi\u00e8re is to take advantage [&hellip;]<\/p>\n<div class=\"woocommerce\">\n<div class=\"woocommerce-info wc-memberships-restriction-message wc-memberships-message wc-memberships-content-restricted-message\">To access this page, you must purchase <span class=\"wc-memberships-products-grant-access\"><a href=\"https:\/\/latraversiere.fr\/en\/boutique\/adhesion\/formule-adhesion-integrale\/?attribute_pa_duree=2-ans\">Formule d&#8217;adh\u00e9sion int\u00e9grale (Papier + Num\u00e9rique) &ndash; 2-ans<\/a><\/span>.<\/div>\n<\/div>\n","protected":false},"author":1,"featured_media":0,"parent":208,"menu_order":0,"comment_status":"closed","ping_status":"closed","template":"","meta":[],"yoast_head":"<!-- This site is optimized with the Yoast SEO plugin v17.5 - https:\/\/yoast.com\/wordpress\/plugins\/seo\/ -->\n<title>Call for projects - LA TRAVERSIERE The french flute association<\/title>\n<meta name=\"robots\" content=\"index, follow, max-snippet:-1, max-image-preview:large, max-video-preview:-1\" \/>\n<link rel=\"canonical\" href=\"https:\/\/latraversiere.fr\/association\/appel-a-projet\/\" \/>\n<meta property=\"og:locale\" content=\"en_US\" \/>\n<meta property=\"og:type\" content=\"article\" \/>\n<meta property=\"og:title\" content=\"[:fr]Appel \u00e0 projet[:en]Call for projects[:] - LA TRAVERSIERE The french flute association\" \/>\n<meta property=\"og:description\" content=\"Let&#8217;s achieve your projects together The Traversi\u00e8re is YOUR association, thus, our mission is to accompany you in your flutist projects. Thanks to our network of musicians, pedagogues, institutions, and partners, we have the means to help you in the realization of your projects. To submit your project to La Traversi\u00e8re is to take advantage [&hellip;]\" \/>\n<meta property=\"og:url\" content=\"https:\/\/latraversiere.fr\/association\/appel-a-projet\/\" \/>\n<meta property=\"og:site_name\" content=\"LA TRAVERSIERE The french flute association\" \/>\n<meta property=\"article:publisher\" content=\"https:\/\/www.facebook.com\/traversieres\/\" \/>\n<meta property=\"article:modified_time\" content=\"2020-03-22T09:32:01+00:00\" \/>\n<meta name=\"twitter:card\" content=\"summary\" \/>\n<meta name=\"twitter:site\" content=\"@La_Traversiere\" \/>\n<meta name=\"twitter:label1\" content=\"Est. reading time\" \/>\n\t<meta name=\"twitter:data1\" content=\"4 minutes\" \/>\n<script type=\"application\/ld+json\" class=\"yoast-schema-graph\">{\"@context\":\"https:\/\/schema.org\",\"@graph\":[{\"@type\":\"Organization\",\"@id\":\"https:\/\/latraversiere.fr\/#organization\",\"name\":\"La Traversi\\u00e8re - Association Fran\\u00e7aise de la Fl\\u00fbte\",\"url\":\"https:\/\/latraversiere.fr\/\",\"sameAs\":[\"https:\/\/www.facebook.com\/traversieres\/\",\"https:\/\/www.instagram.com\/la_traversiere\/\",\"https:\/\/www.youtube.com\/channel\/UC46MEQZI2BfRZNFUFqc59Sw\",\"https:\/\/twitter.com\/La_Traversiere\"],\"logo\":{\"@type\":\"ImageObject\",\"@id\":\"https:\/\/latraversiere.fr\/#logo\",\"inLanguage\":\"en-US\",\"url\":\"https:\/\/latraversiere.fr\/wp-content\/uploads\/2018\/01\/LOGO-Traversiere-SITE-1.png\",\"contentUrl\":\"https:\/\/latraversiere.fr\/wp-content\/uploads\/2018\/01\/LOGO-Traversiere-SITE-1.png\",\"width\":539,\"height\":200,\"caption\":\"La Traversi\\u00e8re - Association Fran\\u00e7aise de la Fl\\u00fbte\"},\"image\":{\"@id\":\"https:\/\/latraversiere.fr\/#logo\"}},{\"@type\":\"WebSite\",\"@id\":\"https:\/\/latraversiere.fr\/#website\",\"url\":\"https:\/\/latraversiere.fr\/\",\"name\":\"LA TRAVERSIERE The french flute association\",\"description\":\"\",\"publisher\":{\"@id\":\"https:\/\/latraversiere.fr\/#organization\"},\"potentialAction\":[{\"@type\":\"SearchAction\",\"target\":{\"@type\":\"EntryPoint\",\"urlTemplate\":\"https:\/\/latraversiere.fr\/?s={search_term_string}\"},\"query-input\":\"required name=search_term_string\"}],\"inLanguage\":\"en-US\"},{\"@type\":\"WebPage\",\"@id\":\"https:\/\/latraversiere.fr\/association\/appel-a-projet\/#webpage\",\"url\":\"https:\/\/latraversiere.fr\/association\/appel-a-projet\/\",\"name\":\"[:fr]Appel \\u00e0 projet[:en]Call for projects[:] - LA TRAVERSIERE The french flute association\",\"isPartOf\":{\"@id\":\"https:\/\/latraversiere.fr\/#website\"},\"datePublished\":\"2017-08-07T06:25:52+00:00\",\"dateModified\":\"2020-03-22T09:32:01+00:00\",\"breadcrumb\":{\"@id\":\"https:\/\/latraversiere.fr\/association\/appel-a-projet\/#breadcrumb\"},\"inLanguage\":\"en-US\",\"potentialAction\":[{\"@type\":\"ReadAction\",\"target\":[\"https:\/\/latraversiere.fr\/association\/appel-a-projet\/\"]}]},{\"@type\":\"BreadcrumbList\",\"@id\":\"https:\/\/latraversiere.fr\/association\/appel-a-projet\/#breadcrumb\",\"itemListElement\":[{\"@type\":\"ListItem\",\"position\":1,\"name\":\"Accueil\",\"item\":\"https:\/\/latraversiere.fr\/\"},{\"@type\":\"ListItem\",\"position\":2,\"name\":\"Association\",\"item\":\"https:\/\/latraversiere.fr\/association\/\"},{\"@type\":\"ListItem\",\"position\":3,\"name\":\"Appel \\u00e0 projet\"}]}]}<\/script>\n<!-- \/ Yoast SEO plugin. -->","yoast_head_json":{"title":"[:fr]Appel \u00e0 projet[:en]Call for projects[:] - LA TRAVERSIERE The french flute association","robots":{"index":"index","follow":"follow","max-snippet":"max-snippet:-1","max-image-preview":"max-image-preview:large","max-video-preview":"max-video-preview:-1"},"canonical":"https:\/\/latraversiere.fr\/association\/appel-a-projet\/","og_locale":"en_US","og_type":"article","og_title":"[:fr]Appel \u00e0 projet[:en]Call for projects[:] - LA TRAVERSIERE The french flute association","og_description":"Let&#8217;s achieve your projects together The Traversi\u00e8re is YOUR association, thus, our mission is to accompany you in your flutist projects. Thanks to our network of musicians, pedagogues, institutions, and partners, we have the means to help you in the realization of your projects. To submit your project to La Traversi\u00e8re is to take advantage [&hellip;]","og_url":"https:\/\/latraversiere.fr\/association\/appel-a-projet\/","og_site_name":"LA TRAVERSIERE The french flute association","article_publisher":"https:\/\/www.facebook.com\/traversieres\/","article_modified_time":"2020-03-22T09:32:01+00:00","twitter_card":"summary","twitter_site":"@La_Traversiere","twitter_misc":{"Est. reading time":"4 minutes"},"schema":{"@context":"https:\/\/schema.org","@graph":[{"@type":"Organization","@id":"https:\/\/latraversiere.fr\/#organization","name":"La Traversi\u00e8re - Association Fran\u00e7aise de la Fl\u00fbte","url":"https:\/\/latraversiere.fr\/","sameAs":["https:\/\/www.facebook.com\/traversieres\/","https:\/\/www.instagram.com\/la_traversiere\/","https:\/\/www.youtube.com\/channel\/UC46MEQZI2BfRZNFUFqc59Sw","https:\/\/twitter.com\/La_Traversiere"],"logo":{"@type":"ImageObject","@id":"https:\/\/latraversiere.fr\/#logo","inLanguage":"en-US","url":"https:\/\/latraversiere.fr\/wp-content\/uploads\/2018\/01\/LOGO-Traversiere-SITE-1.png","contentUrl":"https:\/\/latraversiere.fr\/wp-content\/uploads\/2018\/01\/LOGO-Traversiere-SITE-1.png","width":539,"height":200,"caption":"La Traversi\u00e8re - Association Fran\u00e7aise de la Fl\u00fbte"},"image":{"@id":"https:\/\/latraversiere.fr\/#logo"}},{"@type":"WebSite","@id":"https:\/\/latraversiere.fr\/#website","url":"https:\/\/latraversiere.fr\/","name":"LA TRAVERSIERE The french flute association","description":"","publisher":{"@id":"https:\/\/latraversiere.fr\/#organization"},"potentialAction":[{"@type":"SearchAction","target":{"@type":"EntryPoint","urlTemplate":"https:\/\/latraversiere.fr\/?s={search_term_string}"},"query-input":"required name=search_term_string"}],"inLanguage":"en-US"},{"@type":"WebPage","@id":"https:\/\/latraversiere.fr\/association\/appel-a-projet\/#webpage","url":"https:\/\/latraversiere.fr\/association\/appel-a-projet\/","name":"[:fr]Appel \u00e0 projet[:en]Call for projects[:] - LA TRAVERSIERE The french flute association","isPartOf":{"@id":"https:\/\/latraversiere.fr\/#website"},"datePublished":"2017-08-07T06:25:52+00:00","dateModified":"2020-03-22T09:32:01+00:00","breadcrumb":{"@id":"https:\/\/latraversiere.fr\/association\/appel-a-projet\/#breadcrumb"},"inLanguage":"en-US","potentialAction":[{"@type":"ReadAction","target":["https:\/\/latraversiere.fr\/association\/appel-a-projet\/"]}]},{"@type":"BreadcrumbList","@id":"https:\/\/latraversiere.fr\/association\/appel-a-projet\/#breadcrumb","itemListElement":[{"@type":"ListItem","position":1,"name":"Accueil","item":"https:\/\/latraversiere.fr\/"},{"@type":"ListItem","position":2,"name":"Association","item":"https:\/\/latraversiere.fr\/association\/"},{"@type":"ListItem","position":3,"name":"Appel \u00e0 projet"}]}]}},"_links":{"self":[{"href":"https:\/\/latraversiere.fr\/en\/wp-json\/wp\/v2\/pages\/831"}],"collection":[{"href":"https:\/\/latraversiere.fr\/en\/wp-json\/wp\/v2\/pages"}],"about":[{"href":"https:\/\/latraversiere.fr\/en\/wp-json\/wp\/v2\/types\/page"}],"author":[{"embeddable":true,"href":"https:\/\/latraversiere.fr\/en\/wp-json\/wp\/v2\/users\/1"}],"replies":[{"embeddable":true,"href":"https:\/\/latraversiere.fr\/en\/wp-json\/wp\/v2\/comments?post=831"}],"version-history":[{"count":24,"href":"https:\/\/latraversiere.fr\/en\/wp-json\/wp\/v2\/pages\/831\/revisions"}],"predecessor-version":[{"id":9135,"href":"https:\/\/latraversiere.fr\/en\/wp-json\/wp\/v2\/pages\/831\/revisions\/9135"}],"up":[{"embeddable":true,"href":"https:\/\/latraversiere.fr\/en\/wp-json\/wp\/v2\/pages\/208"}],"wp:attachment":[{"href":"https:\/\/latraversiere.fr\/en\/wp-json\/wp\/v2\/media?parent=831"}],"curies":[{"name":"wp","href":"https:\/\/api.w.org\/{rel}","templated":true}]}}