{"id":8887,"date":"2020-02-26T07:56:50","date_gmt":"2020-02-26T06:56:50","guid":{"rendered":"https:\/\/latraversiere.fr\/?page_id=8887"},"modified":"2020-03-22T10:42:21","modified_gmt":"2020-03-22T09:42:21","slug":"projets-soutenus","status":"publish","type":"page","link":"https:\/\/latraversiere.fr\/en\/association\/projets-soutenus\/","title":{"rendered":"Projets soutenus par La Traversi\u00e8re"},"content":{"rendered":"<div id=\"pl-8887\"  class=\"panel-layout\" ><div id=\"pg-8887-0\"  class=\"panel-grid panel-has-style\" ><div class=\"panel-row-style panel-row-style-for-8887-0\" ><div id=\"pgc-8887-0-0\"  class=\"panel-grid-cell\" ><div id=\"panel-8887-0-0-0\" class=\"so-panel widget widget_sow-editor panel-first-child panel-last-child\" data-index=\"0\" ><div class=\"so-widget-sow-editor so-widget-sow-editor-base\">\n<div class=\"siteorigin-widget-tinymce textwidget\">\n\t<div class=\"section-title text-center\">\n<h1 style=\"text-align: center !important; font-weight: 100; color: #32a3c3; text-transform: none; margin-bottom: 50px;\">Projets soutenus par La Traversi\u00e8re<\/h1>\n<\/div>\n<p style=\"text-align:left\">\nChaque ann\u00e9e, La Traversi\u00e8re aide des projets \u00e0 voir le jour en apportant ses comp\u00e9tences, ses relations, sa visibilit\u00e9 et\/ou une aide financier.<br \/>\nChaque projet qui nous est pr\u00e9sent\u00e9 est soumis au vote lors du Conseil d'Administration qui d\u00e9cide de la pertinence de soutenir le projet en question.\n<\/p>\n<p style=\"text-align:center\"><strong>Si vous avez un projet et souhaitez obtenir un coup de pouce de l'association, contactez-nous !<\/strong><\/p>\n<p><a href=\"mailto:contact@latraversiere.fr\" class=\"btn btn-default blue\">NOUS CONTACTER<\/a><\/p>\n<\/div>\n<\/div><\/div><\/div><\/div><\/div><div id=\"pg-8887-1\"  class=\"panel-grid panel-has-style\" ><div class=\"panel-row-style panel-row-style-for-8887-1\" ><div id=\"pgc-8887-1-0\"  class=\"panel-grid-cell\" ><div id=\"panel-8887-1-0-0\" class=\"so-panel widget widget_sow-editor panel-first-child panel-last-child\" data-index=\"1\" ><div class=\"so-widget-sow-editor so-widget-sow-editor-base\">\n<div class=\"siteorigin-widget-tinymce textwidget\">\n\t<h1 style=\"text-align: left !important; font-weight: 100; color: #32a3c3; text-transform: none; margin-bottom: 50px;\">Projets soutenus par La Traversi\u00e8re<\/h1>\n<\/div>\n<\/div><\/div><\/div><div id=\"pgc-8887-1-1\"  class=\"panel-grid-cell\" ><div id=\"panel-8887-1-1-0\" class=\"so-panel widget widget_sow-editor panel-first-child panel-last-child\" data-index=\"2\" ><div class=\"so-widget-sow-editor so-widget-sow-editor-base\">\n<div class=\"siteorigin-widget-tinymce textwidget\">\n\t<p style=\"text-align:left\">\nChaque ann\u00e9e, La Traversi\u00e8re aide des projets \u00e0 voir le jour en apportant ses comp\u00e9tences, ses relations, sa visibilit\u00e9 et\/ou une aide financier.<br \/>\nChaque projet qui nous est pr\u00e9sent\u00e9 est soumis au vote lors du Conseil d'Administration qui d\u00e9cide de la pertinence de soutenir le projet en question.\n<\/p>\n<p style=\"text-align:center\"><strong>Si vous avez un projet et souhaitez obtenir un coup de pouce de l'association, contactez-nous !<\/strong><\/p>\n<p><a href=\"mailto:contact@latraversiere.fr\" class=\"btn btn-default blue\">NOUS CONTACTER<\/a><\/p>\n<\/div>\n<\/div><\/div><\/div><\/div><\/div><\/div>","protected":false},"excerpt":{"rendered":"<p>Projets soutenus par La Traversi\u00e8re Chaque ann\u00e9e, La Traversi\u00e8re aide des projets \u00e0 voir le jour en apportant ses comp\u00e9tences, ses relations, sa visibilit\u00e9 et\/ou une aide financier. Chaque projet qui nous est pr\u00e9sent\u00e9 est soumis au vote lors du Conseil d&#8217;Administration qui d\u00e9cide de la pertinence de soutenir le projet en question. Si vous [&hellip;]<\/p>\n<div class=\"woocommerce\">\n<div class=\"woocommerce-info wc-memberships-restriction-message wc-memberships-message wc-memberships-content-restricted-message\">To access this page, you must purchase <span class=\"wc-memberships-products-grant-access\"><a href=\"https:\/\/latraversiere.fr\/en\/boutique\/adhesion\/formule-adhesion-integrale\/?attribute_pa_duree=2-ans\">Formule d&#8217;adh\u00e9sion int\u00e9grale (Papier + Num\u00e9rique) &ndash; 2-ans<\/a><\/span>.<\/div>\n<\/div>\n","protected":false},"author":1,"featured_media":0,"parent":208,"menu_order":0,"comment_status":"closed","ping_status":"closed","template":"template-projets.php","meta":[],"yoast_head":"<!-- This site is optimized with the Yoast SEO plugin v17.5 - https:\/\/yoast.com\/wordpress\/plugins\/seo\/ -->\n<title><\/title>\n<meta name=\"robots\" content=\"index, follow, max-snippet:-1, max-image-preview:large, max-video-preview:-1\" \/>\n<link rel=\"canonical\" href=\"https:\/\/latraversiere.fr\/association\/projets-soutenus\/\" \/>\n<meta property=\"og:locale\" content=\"en_US\" \/>\n<meta property=\"og:type\" content=\"article\" \/>\n<meta property=\"og:title\" content=\"[:fr]Projets soutenus par La Traversi\u00e8re[:] - LA TRAVERSIERE The french flute association\" \/>\n<meta property=\"og:description\" content=\"Projets soutenus par La Traversi\u00e8re Chaque ann\u00e9e, La Traversi\u00e8re aide des projets \u00e0 voir le jour en apportant ses comp\u00e9tences, ses relations, sa visibilit\u00e9 et\/ou une aide financier. Chaque projet qui nous est pr\u00e9sent\u00e9 est soumis au vote lors du Conseil d&#039;Administration qui d\u00e9cide de la pertinence de soutenir le projet en question. Si vous [&hellip;]\" \/>\n<meta property=\"og:url\" content=\"https:\/\/latraversiere.fr\/association\/projets-soutenus\/\" \/>\n<meta property=\"og:site_name\" content=\"LA TRAVERSIERE The french flute association\" \/>\n<meta property=\"article:publisher\" content=\"https:\/\/www.facebook.com\/traversieres\/\" \/>\n<meta property=\"article:modified_time\" content=\"2020-03-22T09:42:21+00:00\" \/>\n<meta name=\"twitter:card\" content=\"summary\" \/>\n<meta name=\"twitter:site\" content=\"@La_Traversiere\" \/>\n<meta name=\"twitter:label1\" content=\"Est. reading time\" \/>\n\t<meta name=\"twitter:data1\" content=\"1 minute\" \/>\n<script type=\"application\/ld+json\" class=\"yoast-schema-graph\">{\"@context\":\"https:\/\/schema.org\",\"@graph\":[{\"@type\":\"Organization\",\"@id\":\"https:\/\/latraversiere.fr\/#organization\",\"name\":\"La Traversi\\u00e8re - Association Fran\\u00e7aise de la Fl\\u00fbte\",\"url\":\"https:\/\/latraversiere.fr\/\",\"sameAs\":[\"https:\/\/www.facebook.com\/traversieres\/\",\"https:\/\/www.instagram.com\/la_traversiere\/\",\"https:\/\/www.youtube.com\/channel\/UC46MEQZI2BfRZNFUFqc59Sw\",\"https:\/\/twitter.com\/La_Traversiere\"],\"logo\":{\"@type\":\"ImageObject\",\"@id\":\"https:\/\/latraversiere.fr\/#logo\",\"inLanguage\":\"en-US\",\"url\":\"https:\/\/latraversiere.fr\/wp-content\/uploads\/2018\/01\/LOGO-Traversiere-SITE-1.png\",\"contentUrl\":\"https:\/\/latraversiere.fr\/wp-content\/uploads\/2018\/01\/LOGO-Traversiere-SITE-1.png\",\"width\":539,\"height\":200,\"caption\":\"La Traversi\\u00e8re - Association Fran\\u00e7aise de la Fl\\u00fbte\"},\"image\":{\"@id\":\"https:\/\/latraversiere.fr\/#logo\"}},{\"@type\":\"WebSite\",\"@id\":\"https:\/\/latraversiere.fr\/#website\",\"url\":\"https:\/\/latraversiere.fr\/\",\"name\":\"LA TRAVERSIERE The french flute association\",\"description\":\"\",\"publisher\":{\"@id\":\"https:\/\/latraversiere.fr\/#organization\"},\"potentialAction\":[{\"@type\":\"SearchAction\",\"target\":{\"@type\":\"EntryPoint\",\"urlTemplate\":\"https:\/\/latraversiere.fr\/?s={search_term_string}\"},\"query-input\":\"required name=search_term_string\"}],\"inLanguage\":\"en-US\"},{\"@type\":\"WebPage\",\"@id\":\"https:\/\/latraversiere.fr\/association\/projets-soutenus\/#webpage\",\"url\":\"https:\/\/latraversiere.fr\/association\/projets-soutenus\/\",\"name\":\"[:fr]Projets soutenus par La Traversi\\u00e8re[:] - LA TRAVERSIERE The french flute association\",\"isPartOf\":{\"@id\":\"https:\/\/latraversiere.fr\/#website\"},\"datePublished\":\"2020-02-26T06:56:50+00:00\",\"dateModified\":\"2020-03-22T09:42:21+00:00\",\"breadcrumb\":{\"@id\":\"https:\/\/latraversiere.fr\/association\/projets-soutenus\/#breadcrumb\"},\"inLanguage\":\"en-US\",\"potentialAction\":[{\"@type\":\"ReadAction\",\"target\":[\"https:\/\/latraversiere.fr\/association\/projets-soutenus\/\"]}]},{\"@type\":\"BreadcrumbList\",\"@id\":\"https:\/\/latraversiere.fr\/association\/projets-soutenus\/#breadcrumb\",\"itemListElement\":[{\"@type\":\"ListItem\",\"position\":1,\"name\":\"Accueil\",\"item\":\"https:\/\/latraversiere.fr\/\"},{\"@type\":\"ListItem\",\"position\":2,\"name\":\"Association\",\"item\":\"https:\/\/latraversiere.fr\/association\/\"},{\"@type\":\"ListItem\",\"position\":3,\"name\":\"Projets soutenus par La Traversi\\u00e8re\"}]}]}<\/script>\n<!-- \/ Yoast SEO plugin. -->","yoast_head_json":{"title":"[:fr]Projets soutenus par La Traversi\u00e8re[:] - LA TRAVERSIERE The french flute association","robots":{"index":"index","follow":"follow","max-snippet":"max-snippet:-1","max-image-preview":"max-image-preview:large","max-video-preview":"max-video-preview:-1"},"canonical":"https:\/\/latraversiere.fr\/association\/projets-soutenus\/","og_locale":"en_US","og_type":"article","og_title":"[:fr]Projets soutenus par La Traversi\u00e8re[:] - LA TRAVERSIERE The french flute association","og_description":"Projets soutenus par La Traversi\u00e8re Chaque ann\u00e9e, La Traversi\u00e8re aide des projets \u00e0 voir le jour en apportant ses comp\u00e9tences, ses relations, sa visibilit\u00e9 et\/ou une aide financier. Chaque projet qui nous est pr\u00e9sent\u00e9 est soumis au vote lors du Conseil d'Administration qui d\u00e9cide de la pertinence de soutenir le projet en question. Si vous [&hellip;]","og_url":"https:\/\/latraversiere.fr\/association\/projets-soutenus\/","og_site_name":"LA TRAVERSIERE The french flute association","article_publisher":"https:\/\/www.facebook.com\/traversieres\/","article_modified_time":"2020-03-22T09:42:21+00:00","twitter_card":"summary","twitter_site":"@La_Traversiere","twitter_misc":{"Est. reading time":"1 minute"},"schema":{"@context":"https:\/\/schema.org","@graph":[{"@type":"Organization","@id":"https:\/\/latraversiere.fr\/#organization","name":"La Traversi\u00e8re - Association Fran\u00e7aise de la Fl\u00fbte","url":"https:\/\/latraversiere.fr\/","sameAs":["https:\/\/www.facebook.com\/traversieres\/","https:\/\/www.instagram.com\/la_traversiere\/","https:\/\/www.youtube.com\/channel\/UC46MEQZI2BfRZNFUFqc59Sw","https:\/\/twitter.com\/La_Traversiere"],"logo":{"@type":"ImageObject","@id":"https:\/\/latraversiere.fr\/#logo","inLanguage":"en-US","url":"https:\/\/latraversiere.fr\/wp-content\/uploads\/2018\/01\/LOGO-Traversiere-SITE-1.png","contentUrl":"https:\/\/latraversiere.fr\/wp-content\/uploads\/2018\/01\/LOGO-Traversiere-SITE-1.png","width":539,"height":200,"caption":"La Traversi\u00e8re - Association Fran\u00e7aise de la Fl\u00fbte"},"image":{"@id":"https:\/\/latraversiere.fr\/#logo"}},{"@type":"WebSite","@id":"https:\/\/latraversiere.fr\/#website","url":"https:\/\/latraversiere.fr\/","name":"LA TRAVERSIERE The french flute association","description":"","publisher":{"@id":"https:\/\/latraversiere.fr\/#organization"},"potentialAction":[{"@type":"SearchAction","target":{"@type":"EntryPoint","urlTemplate":"https:\/\/latraversiere.fr\/?s={search_term_string}"},"query-input":"required name=search_term_string"}],"inLanguage":"en-US"},{"@type":"WebPage","@id":"https:\/\/latraversiere.fr\/association\/projets-soutenus\/#webpage","url":"https:\/\/latraversiere.fr\/association\/projets-soutenus\/","name":"[:fr]Projets soutenus par La Traversi\u00e8re[:] - LA TRAVERSIERE The french flute association","isPartOf":{"@id":"https:\/\/latraversiere.fr\/#website"},"datePublished":"2020-02-26T06:56:50+00:00","dateModified":"2020-03-22T09:42:21+00:00","breadcrumb":{"@id":"https:\/\/latraversiere.fr\/association\/projets-soutenus\/#breadcrumb"},"inLanguage":"en-US","potentialAction":[{"@type":"ReadAction","target":["https:\/\/latraversiere.fr\/association\/projets-soutenus\/"]}]},{"@type":"BreadcrumbList","@id":"https:\/\/latraversiere.fr\/association\/projets-soutenus\/#breadcrumb","itemListElement":[{"@type":"ListItem","position":1,"name":"Accueil","item":"https:\/\/latraversiere.fr\/"},{"@type":"ListItem","position":2,"name":"Association","item":"https:\/\/latraversiere.fr\/association\/"},{"@type":"ListItem","position":3,"name":"Projets soutenus par La Traversi\u00e8re"}]}]}},"_links":{"self":[{"href":"https:\/\/latraversiere.fr\/en\/wp-json\/wp\/v2\/pages\/8887"}],"collection":[{"href":"https:\/\/latraversiere.fr\/en\/wp-json\/wp\/v2\/pages"}],"about":[{"href":"https:\/\/latraversiere.fr\/en\/wp-json\/wp\/v2\/types\/page"}],"author":[{"embeddable":true,"href":"https:\/\/latraversiere.fr\/en\/wp-json\/wp\/v2\/users\/1"}],"replies":[{"embeddable":true,"href":"https:\/\/latraversiere.fr\/en\/wp-json\/wp\/v2\/comments?post=8887"}],"version-history":[{"count":13,"href":"https:\/\/latraversiere.fr\/en\/wp-json\/wp\/v2\/pages\/8887\/revisions"}],"predecessor-version":[{"id":9142,"href":"https:\/\/latraversiere.fr\/en\/wp-json\/wp\/v2\/pages\/8887\/revisions\/9142"}],"up":[{"embeddable":true,"href":"https:\/\/latraversiere.fr\/en\/wp-json\/wp\/v2\/pages\/208"}],"wp:attachment":[{"href":"https:\/\/latraversiere.fr\/en\/wp-json\/wp\/v2\/media?parent=8887"}],"curies":[{"name":"wp","href":"https:\/\/api.w.org\/{rel}","templated":true}]}}