{"id":10434,"date":"2020-09-19T09:59:47","date_gmt":"2020-09-19T07:59:47","guid":{"rendered":"https:\/\/latraversiere.fr\/?post_type=product&#038;p=10434"},"modified":"2021-02-16T07:27:02","modified_gmt":"2021-02-16T06:27:02","slug":"compositrices-a-laube-du-xxeme-siecle","status":"publish","type":"product","link":"https:\/\/latraversiere.fr\/en\/boutique\/cd-dvd\/compositrices-a-laube-du-xxeme-siecle\/","title":{"rendered":"COMPOSITRICES A L\u2019AUBE DU XX\u00c8ME SI\u00c8CLE"},"content":{"rendered":"<p><strong>Juliette Hurel, fl\u00fbte<br \/>\nH\u00e9l\u00e8ne Couvert, piano<\/strong><br \/>\nLabel Alpha Classics 573<br \/>\nEnregistr\u00e9 en juillet 2019 \u00e0 Westvest Kerk, Schiedam (Pays-Bas) Livret en fran\u00e7ais, anglais et allemand.<\/p>\n<ul>\n<li>Mel Bonis (1858-1937) : Sonate<\/li>\n<li>Lili Boulanger (1893-1918) : Nocturne et D\u2019un matin de printemps <\/li>\n<li>Cl\u00e9mence De Grandval (1828-1907) : Suite<\/li>\n<li>Mel Bonis : Pi\u00e8ce op.189 et Scherzo (Finale) opus Posthume 187 <\/li>\n<li>C\u00e9cile Chaminade (1857-1944) : S\u00e9r\u00e9nade aux \u00e9toiles op.142 <\/li>\n<li>Augusta Holm\u00e8s (1847-1903) : Trois petites pi\u00e8ces<\/li>\n<\/ul>\n<p><em>Voir pr\u00e9sentation d\u00e9taill\u00e9e dans Traversi\u00e8res Magazine N\u00b0134 &#8211; page 46<\/em><\/p>","protected":false},"excerpt":{"rendered":"<p><strong>Juliette Hurel, fl\u00fbte<br \/>\nH\u00e9l\u00e8ne Couvert, piano<\/strong><br \/>\nLabel Alpha Classics 573<br \/>\nEnregistr\u00e9 en juillet 2019 \u00e0 Westvest Kerk, Schiedam (Pays-Bas) Livret en fran\u00e7ais, anglais et allemand.<\/p>\n<ul>\n<li>Mel Bonis (1858-1937) : Sonate<\/li>\n<li>Lili Boulanger (1893-1918) : Nocturne et D\u2019un matin de printemps <\/li>\n<li>Cl\u00e9mence De Grandval (1828-1907) : Suite<\/li>\n<li>Mel Bonis : Pi\u00e8ce op.189 et Scherzo (Finale) opus Posthume 187 <\/li>\n<li>C\u00e9cile Chaminade (1857-1944) : S\u00e9r\u00e9nade aux \u00e9toiles op.142 <\/li>\n<li>Augusta Holm\u00e8s (1847-1903) : Trois petites pi\u00e8ces<\/li>\n<\/ul>\n<p><em>Voir pr\u00e9sentation d\u00e9taill\u00e9e dans Traversi\u00e8res Magazine N\u00b0134 &#8211; page 46<\/em><\/p>\n","protected":false},"featured_media":10436,"template":"","meta":[],"yoast_head":"<!-- This site is optimized with the Yoast SEO plugin v17.5 - https:\/\/yoast.com\/wordpress\/plugins\/seo\/ -->\n<title>COMPOSITRICES A L\u2019AUBE DU XX\u00c8ME SI\u00c8CLE - LA TRAVERSIERE The french flute association<\/title>\n<meta name=\"robots\" content=\"index, follow, max-snippet:-1, max-image-preview:large, max-video-preview:-1\" \/>\n<link rel=\"canonical\" href=\"https:\/\/latraversiere.fr\/boutique\/cd-dvd\/compositrices-a-laube-du-xxeme-siecle\/\" \/>\n<meta property=\"og:locale\" content=\"en_US\" \/>\n<meta property=\"og:type\" content=\"article\" \/>\n<meta property=\"og:title\" content=\"COMPOSITRICES A L\u2019AUBE DU XX\u00c8ME SI\u00c8CLE - LA TRAVERSIERE The french flute association\" \/>\n<meta property=\"og:description\" content=\"[:fr]Juliette Hurel, fl\u00fbte  H\u00e9l\u00e8ne Couvert, piano Label Alpha Classics 573 Enregistr\u00e9 en juillet 2019 \u00e0 Westvest Kerk, Schiedam (Pays-Bas) Livret en fran\u00e7ais, anglais et allemand.   Mel Bonis (1858-1937) : Sonate  Lili Boulanger (1893-1918) : Nocturne et D\u2019un matin de printemps  Cl\u00e9mence De Grandval (1828-1907) : Suite  Mel Bonis : Pi\u00e8ce op.189 et Scherzo (Finale) opus Posthume 187  C\u00e9cile Chaminade (1857-1944) : S\u00e9r\u00e9nade aux \u00e9toiles op.142  Augusta Holm\u00e8s (1847-1903) : Trois petites pi\u00e8ces   Voir pr\u00e9sentation d\u00e9taill\u00e9e dans Traversi\u00e8res Magazine N\u00b0134 - page 46[:en]Juliette Hurel, fl\u00fbte  H\u00e9l\u00e8ne Couvert, piano Label Alpha Classics 573 Enregistr\u00e9 en juillet 2019 \u00e0 Westvest Kerk, Schiedam (Pays-Bas) Livret en fran\u00e7ais, anglais et allemand.   Mel Bonis (1858-1937) : Sonate  Lili Boulanger (1893-1918) : Nocturne et D\u2019un matin de printemps  Cl\u00e9mence De Grandval (1828-1907) : Suite  Mel Bonis : Pi\u00e8ce op.189 et Scherzo (Finale) opus Posthume 187  C\u00e9cile Chaminade (1857-1944) : S\u00e9r\u00e9nade aux \u00e9toiles op.142  Augusta Holm\u00e8s (1847-1903) : Trois petites pi\u00e8ces   Voir pr\u00e9sentation d\u00e9taill\u00e9e dans Traversi\u00e8res Magazine N\u00b0134 - page 46[:]\" \/>\n<meta property=\"og:url\" content=\"https:\/\/latraversiere.fr\/boutique\/cd-dvd\/compositrices-a-laube-du-xxeme-siecle\/\" \/>\n<meta property=\"og:site_name\" content=\"LA TRAVERSIERE The french flute association\" \/>\n<meta property=\"article:publisher\" content=\"https:\/\/www.facebook.com\/traversieres\/\" \/>\n<meta property=\"article:modified_time\" content=\"2021-02-16T06:27:02+00:00\" \/>\n<meta property=\"og:image\" content=\"https:\/\/latraversiere.fr\/wp-content\/uploads\/2020\/09\/54ec51_b34b6bb1970b42d2b2a8ff46ad93795emv2.jpg\" \/>\n\t<meta property=\"og:image:width\" content=\"900\" \/>\n\t<meta property=\"og:image:height\" content=\"900\" \/>\n<meta name=\"twitter:card\" content=\"summary\" \/>\n<meta name=\"twitter:site\" content=\"@La_Traversiere\" \/>\n<meta name=\"twitter:label1\" content=\"Est. reading time\" \/>\n\t<meta name=\"twitter:data1\" content=\"1 minute\" \/>\n<script type=\"application\/ld+json\" class=\"yoast-schema-graph\">{\"@context\":\"https:\/\/schema.org\",\"@graph\":[{\"@type\":\"Organization\",\"@id\":\"https:\/\/latraversiere.fr\/#organization\",\"name\":\"La Traversi\\u00e8re - Association Fran\\u00e7aise de la Fl\\u00fbte\",\"url\":\"https:\/\/latraversiere.fr\/\",\"sameAs\":[\"https:\/\/www.facebook.com\/traversieres\/\",\"https:\/\/www.instagram.com\/la_traversiere\/\",\"https:\/\/www.youtube.com\/channel\/UC46MEQZI2BfRZNFUFqc59Sw\",\"https:\/\/twitter.com\/La_Traversiere\"],\"logo\":{\"@type\":\"ImageObject\",\"@id\":\"https:\/\/latraversiere.fr\/#logo\",\"inLanguage\":\"en-US\",\"url\":\"https:\/\/latraversiere.fr\/wp-content\/uploads\/2018\/01\/LOGO-Traversiere-SITE-1.png\",\"contentUrl\":\"https:\/\/latraversiere.fr\/wp-content\/uploads\/2018\/01\/LOGO-Traversiere-SITE-1.png\",\"width\":539,\"height\":200,\"caption\":\"La Traversi\\u00e8re - Association Fran\\u00e7aise de la Fl\\u00fbte\"},\"image\":{\"@id\":\"https:\/\/latraversiere.fr\/#logo\"}},{\"@type\":\"WebSite\",\"@id\":\"https:\/\/latraversiere.fr\/#website\",\"url\":\"https:\/\/latraversiere.fr\/\",\"name\":\"LA TRAVERSIERE The french flute association\",\"description\":\"\",\"publisher\":{\"@id\":\"https:\/\/latraversiere.fr\/#organization\"},\"potentialAction\":[{\"@type\":\"SearchAction\",\"target\":{\"@type\":\"EntryPoint\",\"urlTemplate\":\"https:\/\/latraversiere.fr\/?s={search_term_string}\"},\"query-input\":\"required name=search_term_string\"}],\"inLanguage\":\"en-US\"},{\"@type\":\"ImageObject\",\"@id\":\"https:\/\/latraversiere.fr\/boutique\/cd-dvd\/compositrices-a-laube-du-xxeme-siecle\/#primaryimage\",\"inLanguage\":\"en-US\",\"url\":\"https:\/\/latraversiere.fr\/wp-content\/uploads\/2020\/09\/54ec51_b34b6bb1970b42d2b2a8ff46ad93795emv2.jpg\",\"contentUrl\":\"https:\/\/latraversiere.fr\/wp-content\/uploads\/2020\/09\/54ec51_b34b6bb1970b42d2b2a8ff46ad93795emv2.jpg\",\"width\":900,\"height\":900,\"caption\":\"COMPOSITRICES A L\\u2019AUBE DU XX\\u00c8ME SI\\u00c8CLE\"},{\"@type\":\"WebPage\",\"@id\":\"https:\/\/latraversiere.fr\/boutique\/cd-dvd\/compositrices-a-laube-du-xxeme-siecle\/#webpage\",\"url\":\"https:\/\/latraversiere.fr\/boutique\/cd-dvd\/compositrices-a-laube-du-xxeme-siecle\/\",\"name\":\"COMPOSITRICES A L\\u2019AUBE DU XX\\u00c8ME SI\\u00c8CLE - LA TRAVERSIERE The french flute association\",\"isPartOf\":{\"@id\":\"https:\/\/latraversiere.fr\/#website\"},\"primaryImageOfPage\":{\"@id\":\"https:\/\/latraversiere.fr\/boutique\/cd-dvd\/compositrices-a-laube-du-xxeme-siecle\/#primaryimage\"},\"datePublished\":\"2020-09-19T07:59:47+00:00\",\"dateModified\":\"2021-02-16T06:27:02+00:00\",\"breadcrumb\":{\"@id\":\"https:\/\/latraversiere.fr\/boutique\/cd-dvd\/compositrices-a-laube-du-xxeme-siecle\/#breadcrumb\"},\"inLanguage\":\"en-US\",\"potentialAction\":[{\"@type\":\"ReadAction\",\"target\":[\"https:\/\/latraversiere.fr\/boutique\/cd-dvd\/compositrices-a-laube-du-xxeme-siecle\/\"]}]},{\"@type\":\"BreadcrumbList\",\"@id\":\"https:\/\/latraversiere.fr\/boutique\/cd-dvd\/compositrices-a-laube-du-xxeme-siecle\/#breadcrumb\",\"itemListElement\":[{\"@type\":\"ListItem\",\"position\":1,\"name\":\"Accueil\",\"item\":\"https:\/\/latraversiere.fr\/\"},{\"@type\":\"ListItem\",\"position\":2,\"name\":\"Boutique\",\"item\":\"https:\/\/latraversiere.fr\/en\/boutique\/\"},{\"@type\":\"ListItem\",\"position\":3,\"name\":\"COMPOSITRICES A L\\u2019AUBE DU XX\\u00c8ME SI\\u00c8CLE\"}]}]}<\/script>\n<!-- \/ Yoast SEO plugin. -->","yoast_head_json":{"title":"COMPOSITRICES A L\u2019AUBE DU XX\u00c8ME SI\u00c8CLE - LA TRAVERSIERE The french flute association","robots":{"index":"index","follow":"follow","max-snippet":"max-snippet:-1","max-image-preview":"max-image-preview:large","max-video-preview":"max-video-preview:-1"},"canonical":"https:\/\/latraversiere.fr\/boutique\/cd-dvd\/compositrices-a-laube-du-xxeme-siecle\/","og_locale":"en_US","og_type":"article","og_title":"COMPOSITRICES A L\u2019AUBE DU XX\u00c8ME SI\u00c8CLE - LA TRAVERSIERE The french flute association","og_description":"[:fr]Juliette Hurel, fl\u00fbte  H\u00e9l\u00e8ne Couvert, piano Label Alpha Classics 573 Enregistr\u00e9 en juillet 2019 \u00e0 Westvest Kerk, Schiedam (Pays-Bas) Livret en fran\u00e7ais, anglais et allemand.   Mel Bonis (1858-1937) : Sonate  Lili Boulanger (1893-1918) : Nocturne et D\u2019un matin de printemps  Cl\u00e9mence De Grandval (1828-1907) : Suite  Mel Bonis : Pi\u00e8ce op.189 et Scherzo (Finale) opus Posthume 187  C\u00e9cile Chaminade (1857-1944) : S\u00e9r\u00e9nade aux \u00e9toiles op.142  Augusta Holm\u00e8s (1847-1903) : Trois petites pi\u00e8ces   Voir pr\u00e9sentation d\u00e9taill\u00e9e dans Traversi\u00e8res Magazine N\u00b0134 - page 46[:en]Juliette Hurel, fl\u00fbte  H\u00e9l\u00e8ne Couvert, piano Label Alpha Classics 573 Enregistr\u00e9 en juillet 2019 \u00e0 Westvest Kerk, Schiedam (Pays-Bas) Livret en fran\u00e7ais, anglais et allemand.   Mel Bonis (1858-1937) : Sonate  Lili Boulanger (1893-1918) : Nocturne et D\u2019un matin de printemps  Cl\u00e9mence De Grandval (1828-1907) : Suite  Mel Bonis : Pi\u00e8ce op.189 et Scherzo (Finale) opus Posthume 187  C\u00e9cile Chaminade (1857-1944) : S\u00e9r\u00e9nade aux \u00e9toiles op.142  Augusta Holm\u00e8s (1847-1903) : Trois petites pi\u00e8ces   Voir pr\u00e9sentation d\u00e9taill\u00e9e dans Traversi\u00e8res Magazine N\u00b0134 - page 46[:]","og_url":"https:\/\/latraversiere.fr\/boutique\/cd-dvd\/compositrices-a-laube-du-xxeme-siecle\/","og_site_name":"LA TRAVERSIERE The french flute association","article_publisher":"https:\/\/www.facebook.com\/traversieres\/","article_modified_time":"2021-02-16T06:27:02+00:00","og_image":[{"width":900,"height":900,"url":"https:\/\/latraversiere.fr\/wp-content\/uploads\/2020\/09\/54ec51_b34b6bb1970b42d2b2a8ff46ad93795emv2.jpg","type":"image\/jpeg"}],"twitter_card":"summary","twitter_site":"@La_Traversiere","twitter_misc":{"Est. reading time":"1 minute"},"schema":{"@context":"https:\/\/schema.org","@graph":[{"@type":"Organization","@id":"https:\/\/latraversiere.fr\/#organization","name":"La Traversi\u00e8re - Association Fran\u00e7aise de la Fl\u00fbte","url":"https:\/\/latraversiere.fr\/","sameAs":["https:\/\/www.facebook.com\/traversieres\/","https:\/\/www.instagram.com\/la_traversiere\/","https:\/\/www.youtube.com\/channel\/UC46MEQZI2BfRZNFUFqc59Sw","https:\/\/twitter.com\/La_Traversiere"],"logo":{"@type":"ImageObject","@id":"https:\/\/latraversiere.fr\/#logo","inLanguage":"en-US","url":"https:\/\/latraversiere.fr\/wp-content\/uploads\/2018\/01\/LOGO-Traversiere-SITE-1.png","contentUrl":"https:\/\/latraversiere.fr\/wp-content\/uploads\/2018\/01\/LOGO-Traversiere-SITE-1.png","width":539,"height":200,"caption":"La Traversi\u00e8re - Association Fran\u00e7aise de la Fl\u00fbte"},"image":{"@id":"https:\/\/latraversiere.fr\/#logo"}},{"@type":"WebSite","@id":"https:\/\/latraversiere.fr\/#website","url":"https:\/\/latraversiere.fr\/","name":"LA TRAVERSIERE The french flute association","description":"","publisher":{"@id":"https:\/\/latraversiere.fr\/#organization"},"potentialAction":[{"@type":"SearchAction","target":{"@type":"EntryPoint","urlTemplate":"https:\/\/latraversiere.fr\/?s={search_term_string}"},"query-input":"required name=search_term_string"}],"inLanguage":"en-US"},{"@type":"ImageObject","@id":"https:\/\/latraversiere.fr\/boutique\/cd-dvd\/compositrices-a-laube-du-xxeme-siecle\/#primaryimage","inLanguage":"en-US","url":"https:\/\/latraversiere.fr\/wp-content\/uploads\/2020\/09\/54ec51_b34b6bb1970b42d2b2a8ff46ad93795emv2.jpg","contentUrl":"https:\/\/latraversiere.fr\/wp-content\/uploads\/2020\/09\/54ec51_b34b6bb1970b42d2b2a8ff46ad93795emv2.jpg","width":900,"height":900,"caption":"COMPOSITRICES A L\u2019AUBE DU XX\u00c8ME SI\u00c8CLE"},{"@type":"WebPage","@id":"https:\/\/latraversiere.fr\/boutique\/cd-dvd\/compositrices-a-laube-du-xxeme-siecle\/#webpage","url":"https:\/\/latraversiere.fr\/boutique\/cd-dvd\/compositrices-a-laube-du-xxeme-siecle\/","name":"COMPOSITRICES A L\u2019AUBE DU XX\u00c8ME SI\u00c8CLE - LA TRAVERSIERE The french flute association","isPartOf":{"@id":"https:\/\/latraversiere.fr\/#website"},"primaryImageOfPage":{"@id":"https:\/\/latraversiere.fr\/boutique\/cd-dvd\/compositrices-a-laube-du-xxeme-siecle\/#primaryimage"},"datePublished":"2020-09-19T07:59:47+00:00","dateModified":"2021-02-16T06:27:02+00:00","breadcrumb":{"@id":"https:\/\/latraversiere.fr\/boutique\/cd-dvd\/compositrices-a-laube-du-xxeme-siecle\/#breadcrumb"},"inLanguage":"en-US","potentialAction":[{"@type":"ReadAction","target":["https:\/\/latraversiere.fr\/boutique\/cd-dvd\/compositrices-a-laube-du-xxeme-siecle\/"]}]},{"@type":"BreadcrumbList","@id":"https:\/\/latraversiere.fr\/boutique\/cd-dvd\/compositrices-a-laube-du-xxeme-siecle\/#breadcrumb","itemListElement":[{"@type":"ListItem","position":1,"name":"Accueil","item":"https:\/\/latraversiere.fr\/"},{"@type":"ListItem","position":2,"name":"Boutique","item":"https:\/\/latraversiere.fr\/en\/boutique\/"},{"@type":"ListItem","position":3,"name":"COMPOSITRICES A L\u2019AUBE DU XX\u00c8ME SI\u00c8CLE"}]}]}},"_links":{"self":[{"href":"https:\/\/latraversiere.fr\/en\/wp-json\/wp\/v2\/product\/10434"}],"collection":[{"href":"https:\/\/latraversiere.fr\/en\/wp-json\/wp\/v2\/product"}],"about":[{"href":"https:\/\/latraversiere.fr\/en\/wp-json\/wp\/v2\/types\/product"}],"wp:featuredmedia":[{"embeddable":true,"href":"https:\/\/latraversiere.fr\/en\/wp-json\/wp\/v2\/media\/10436"}],"wp:attachment":[{"href":"https:\/\/latraversiere.fr\/en\/wp-json\/wp\/v2\/media?parent=10434"}],"curies":[{"name":"wp","href":"https:\/\/api.w.org\/{rel}","templated":true}]}}