{"id":1125,"date":"2017-10-02T12:50:21","date_gmt":"2017-10-02T10:50:21","guid":{"rendered":"http:\/\/s465217036.onlinehome.fr\/TravNS\/?post_type=product&#038;p=1125"},"modified":"2020-05-03T12:45:45","modified_gmt":"2020-05-03T10:45:45","slug":"vibracao","status":"publish","type":"product","link":"https:\/\/latraversiere.fr\/en\/boutique\/cd-dvd\/vibracao\/","title":{"rendered":"Vibra\u00e7\u00e3o"},"content":{"rendered":"<div class=\"page\" title=\"Page 49\">\n<div class=\"layoutArea\">\n<div class=\"column\">\n<div class=\"page\" title=\"Page 49\">\n<div class=\"layoutArea\">\n<div class=\"column\">\n<p><strong>Claudia Pereira (fl\u00fbte) et Franck Dentresangle (vibraphone)<\/strong><br \/>\n<strong>Compositions de Franck Dentresangle<\/strong><\/p>\n<\/div>\n<\/div>\n<\/div>\n<p>Dans ce disque, Franck Dentresangle nous propose un voyage dans l\u2019univers de ses compositions pour vibraphone, en solo ou accompagn\u00e9 par sa femme Claudia Pereira \u00e0 la fl\u00fbte. Un r\u00e9pertoire orignal, brillamment interpr\u00e9t\u00e9 avec ses rythmes dansants et chaloup\u00e9s, oscillant entre exotisme et f\u00e9\u00e9rie. Un vent de fraicheur \u00e0 d\u00e9couvrir !<\/p>\n<\/div>\n<\/div>\n<\/div>\n","protected":false},"excerpt":{"rendered":"<div class=\"page\" title=\"Page 24\">\n<div class=\"section\">\n<div class=\"layoutArea\">\n<div class=\"column\">\n<div class=\"page\" title=\"Page 49\">\n<div class=\"layoutArea\">\n<div class=\"column\">\n<div class=\"page\" title=\"Page 49\">\n<div class=\"layoutArea\">\n<div class=\"column\">\n<p><strong>Claudia Pereira (fl\u00fbte) et Franck Dentresangle (vibraphone)<\/strong><br \/>\n<strong>Compositions de Franck Dentresangle<\/strong><\/p>\n<\/div>\n<\/div>\n<\/div>\n<p>Dans ce disque, Franck Dentresangle nous propose un voyage dans l\u2019univers de ses compositions pour vibraphone, en solo ou accompagn\u00e9 par sa femme Claudia Pereira \u00e0 la fl\u00fbte. Un r\u00e9pertoire orignal, brillamment interpr\u00e9t\u00e9 avec ses rythmes dansants et chaloup\u00e9s, oscillant entre exotisme et f\u00e9\u00e9rie. Un vent de fraicheur \u00e0 d\u00e9couvrir !<\/p>\n<\/div>\n<\/div>\n<\/div>\n<\/div>\n<\/div>\n<\/div>\n<\/div>\n","protected":false},"featured_media":1127,"template":"","meta":[],"yoast_head":"<!-- This site is optimized with the Yoast SEO plugin v17.5 - https:\/\/yoast.com\/wordpress\/plugins\/seo\/ -->\n<title>Vibra\u00e7\u00e3o - LA TRAVERSIERE The french flute association<\/title>\n<meta name=\"robots\" content=\"index, follow, max-snippet:-1, max-image-preview:large, max-video-preview:-1\" \/>\n<link rel=\"canonical\" href=\"https:\/\/latraversiere.fr\/boutique\/cd-dvd\/vibracao\/\" \/>\n<meta property=\"og:locale\" content=\"en_US\" \/>\n<meta property=\"og:type\" content=\"article\" \/>\n<meta property=\"og:title\" content=\"Vibra\u00e7\u00e3o - LA TRAVERSIERE The french flute association\" \/>\n<meta property=\"og:description\" content=\"Claudia Pereira (fl\u00fbte) et Franck Dentresangle (vibraphone) Compositions de Franck Dentresangle     Dans ce disque, Franck Dentresangle nous propose un voyage dans l\u2019univers de ses compositions pour vibraphone, en solo ou accompagn\u00e9 par sa femme Claudia Pereira \u00e0 la fl\u00fbte. Un r\u00e9pertoire orignal, brillamment interpr\u00e9t\u00e9 avec ses rythmes dansants et chaloup\u00e9s, oscillant entre exotisme et f\u00e9\u00e9rie. Un vent de fraicheur \u00e0 d\u00e9couvrir !\" \/>\n<meta property=\"og:url\" content=\"https:\/\/latraversiere.fr\/boutique\/cd-dvd\/vibracao\/\" \/>\n<meta property=\"og:site_name\" content=\"LA TRAVERSIERE The french flute association\" \/>\n<meta property=\"article:publisher\" content=\"https:\/\/www.facebook.com\/traversieres\/\" \/>\n<meta property=\"article:modified_time\" content=\"2020-05-03T10:45:45+00:00\" \/>\n<meta property=\"og:image\" content=\"https:\/\/latraversiere.fr\/wp-content\/uploads\/2017\/10\/CD-Vibra\u00e7ao.jpg\" \/>\n\t<meta property=\"og:image:width\" content=\"600\" \/>\n\t<meta property=\"og:image:height\" content=\"600\" \/>\n<meta name=\"twitter:card\" content=\"summary\" \/>\n<meta name=\"twitter:site\" content=\"@La_Traversiere\" \/>\n<script type=\"application\/ld+json\" class=\"yoast-schema-graph\">{\"@context\":\"https:\/\/schema.org\",\"@graph\":[{\"@type\":\"Organization\",\"@id\":\"https:\/\/latraversiere.fr\/#organization\",\"name\":\"La Traversi\\u00e8re - Association Fran\\u00e7aise de la Fl\\u00fbte\",\"url\":\"https:\/\/latraversiere.fr\/\",\"sameAs\":[\"https:\/\/www.facebook.com\/traversieres\/\",\"https:\/\/www.instagram.com\/la_traversiere\/\",\"https:\/\/www.youtube.com\/channel\/UC46MEQZI2BfRZNFUFqc59Sw\",\"https:\/\/twitter.com\/La_Traversiere\"],\"logo\":{\"@type\":\"ImageObject\",\"@id\":\"https:\/\/latraversiere.fr\/#logo\",\"inLanguage\":\"en-US\",\"url\":\"https:\/\/latraversiere.fr\/wp-content\/uploads\/2018\/01\/LOGO-Traversiere-SITE-1.png\",\"contentUrl\":\"https:\/\/latraversiere.fr\/wp-content\/uploads\/2018\/01\/LOGO-Traversiere-SITE-1.png\",\"width\":539,\"height\":200,\"caption\":\"La Traversi\\u00e8re - Association Fran\\u00e7aise de la Fl\\u00fbte\"},\"image\":{\"@id\":\"https:\/\/latraversiere.fr\/#logo\"}},{\"@type\":\"WebSite\",\"@id\":\"https:\/\/latraversiere.fr\/#website\",\"url\":\"https:\/\/latraversiere.fr\/\",\"name\":\"LA TRAVERSIERE The french flute association\",\"description\":\"\",\"publisher\":{\"@id\":\"https:\/\/latraversiere.fr\/#organization\"},\"potentialAction\":[{\"@type\":\"SearchAction\",\"target\":{\"@type\":\"EntryPoint\",\"urlTemplate\":\"https:\/\/latraversiere.fr\/?s={search_term_string}\"},\"query-input\":\"required name=search_term_string\"}],\"inLanguage\":\"en-US\"},{\"@type\":\"ImageObject\",\"@id\":\"https:\/\/latraversiere.fr\/boutique\/cd-dvd\/vibracao\/#primaryimage\",\"inLanguage\":\"en-US\",\"url\":\"https:\/\/latraversiere.fr\/wp-content\/uploads\/2017\/10\/CD-Vibra\\u00e7ao.jpg\",\"contentUrl\":\"https:\/\/latraversiere.fr\/wp-content\/uploads\/2017\/10\/CD-Vibra\\u00e7ao.jpg\",\"width\":600,\"height\":600,\"caption\":\"CD Vibra\\u00e7\\u00e3o\"},{\"@type\":\"WebPage\",\"@id\":\"https:\/\/latraversiere.fr\/boutique\/cd-dvd\/vibracao\/#webpage\",\"url\":\"https:\/\/latraversiere.fr\/boutique\/cd-dvd\/vibracao\/\",\"name\":\"Vibra\\u00e7\\u00e3o - LA TRAVERSIERE The french flute association\",\"isPartOf\":{\"@id\":\"https:\/\/latraversiere.fr\/#website\"},\"primaryImageOfPage\":{\"@id\":\"https:\/\/latraversiere.fr\/boutique\/cd-dvd\/vibracao\/#primaryimage\"},\"datePublished\":\"2017-10-02T10:50:21+00:00\",\"dateModified\":\"2020-05-03T10:45:45+00:00\",\"breadcrumb\":{\"@id\":\"https:\/\/latraversiere.fr\/boutique\/cd-dvd\/vibracao\/#breadcrumb\"},\"inLanguage\":\"en-US\",\"potentialAction\":[{\"@type\":\"ReadAction\",\"target\":[\"https:\/\/latraversiere.fr\/boutique\/cd-dvd\/vibracao\/\"]}]},{\"@type\":\"BreadcrumbList\",\"@id\":\"https:\/\/latraversiere.fr\/boutique\/cd-dvd\/vibracao\/#breadcrumb\",\"itemListElement\":[{\"@type\":\"ListItem\",\"position\":1,\"name\":\"Accueil\",\"item\":\"https:\/\/latraversiere.fr\/\"},{\"@type\":\"ListItem\",\"position\":2,\"name\":\"Boutique\",\"item\":\"https:\/\/latraversiere.fr\/en\/boutique\/\"},{\"@type\":\"ListItem\",\"position\":3,\"name\":\"Vibra\\u00e7\\u00e3o\"}]}]}<\/script>\n<!-- \/ Yoast SEO plugin. -->","yoast_head_json":{"title":"Vibra\u00e7\u00e3o - LA TRAVERSIERE The french flute association","robots":{"index":"index","follow":"follow","max-snippet":"max-snippet:-1","max-image-preview":"max-image-preview:large","max-video-preview":"max-video-preview:-1"},"canonical":"https:\/\/latraversiere.fr\/boutique\/cd-dvd\/vibracao\/","og_locale":"en_US","og_type":"article","og_title":"Vibra\u00e7\u00e3o - LA TRAVERSIERE The french flute association","og_description":"Claudia Pereira (fl\u00fbte) et Franck Dentresangle (vibraphone) Compositions de Franck Dentresangle     Dans ce disque, Franck Dentresangle nous propose un voyage dans l\u2019univers de ses compositions pour vibraphone, en solo ou accompagn\u00e9 par sa femme Claudia Pereira \u00e0 la fl\u00fbte. Un r\u00e9pertoire orignal, brillamment interpr\u00e9t\u00e9 avec ses rythmes dansants et chaloup\u00e9s, oscillant entre exotisme et f\u00e9\u00e9rie. Un vent de fraicheur \u00e0 d\u00e9couvrir !","og_url":"https:\/\/latraversiere.fr\/boutique\/cd-dvd\/vibracao\/","og_site_name":"LA TRAVERSIERE The french flute association","article_publisher":"https:\/\/www.facebook.com\/traversieres\/","article_modified_time":"2020-05-03T10:45:45+00:00","og_image":[{"width":600,"height":600,"url":"https:\/\/latraversiere.fr\/wp-content\/uploads\/2017\/10\/CD-Vibra\u00e7ao.jpg","type":"image\/jpeg"}],"twitter_card":"summary","twitter_site":"@La_Traversiere","schema":{"@context":"https:\/\/schema.org","@graph":[{"@type":"Organization","@id":"https:\/\/latraversiere.fr\/#organization","name":"La Traversi\u00e8re - Association Fran\u00e7aise de la Fl\u00fbte","url":"https:\/\/latraversiere.fr\/","sameAs":["https:\/\/www.facebook.com\/traversieres\/","https:\/\/www.instagram.com\/la_traversiere\/","https:\/\/www.youtube.com\/channel\/UC46MEQZI2BfRZNFUFqc59Sw","https:\/\/twitter.com\/La_Traversiere"],"logo":{"@type":"ImageObject","@id":"https:\/\/latraversiere.fr\/#logo","inLanguage":"en-US","url":"https:\/\/latraversiere.fr\/wp-content\/uploads\/2018\/01\/LOGO-Traversiere-SITE-1.png","contentUrl":"https:\/\/latraversiere.fr\/wp-content\/uploads\/2018\/01\/LOGO-Traversiere-SITE-1.png","width":539,"height":200,"caption":"La Traversi\u00e8re - Association Fran\u00e7aise de la Fl\u00fbte"},"image":{"@id":"https:\/\/latraversiere.fr\/#logo"}},{"@type":"WebSite","@id":"https:\/\/latraversiere.fr\/#website","url":"https:\/\/latraversiere.fr\/","name":"LA TRAVERSIERE The french flute association","description":"","publisher":{"@id":"https:\/\/latraversiere.fr\/#organization"},"potentialAction":[{"@type":"SearchAction","target":{"@type":"EntryPoint","urlTemplate":"https:\/\/latraversiere.fr\/?s={search_term_string}"},"query-input":"required name=search_term_string"}],"inLanguage":"en-US"},{"@type":"ImageObject","@id":"https:\/\/latraversiere.fr\/boutique\/cd-dvd\/vibracao\/#primaryimage","inLanguage":"en-US","url":"https:\/\/latraversiere.fr\/wp-content\/uploads\/2017\/10\/CD-Vibra\u00e7ao.jpg","contentUrl":"https:\/\/latraversiere.fr\/wp-content\/uploads\/2017\/10\/CD-Vibra\u00e7ao.jpg","width":600,"height":600,"caption":"CD Vibra\u00e7\u00e3o"},{"@type":"WebPage","@id":"https:\/\/latraversiere.fr\/boutique\/cd-dvd\/vibracao\/#webpage","url":"https:\/\/latraversiere.fr\/boutique\/cd-dvd\/vibracao\/","name":"Vibra\u00e7\u00e3o - LA TRAVERSIERE The french flute association","isPartOf":{"@id":"https:\/\/latraversiere.fr\/#website"},"primaryImageOfPage":{"@id":"https:\/\/latraversiere.fr\/boutique\/cd-dvd\/vibracao\/#primaryimage"},"datePublished":"2017-10-02T10:50:21+00:00","dateModified":"2020-05-03T10:45:45+00:00","breadcrumb":{"@id":"https:\/\/latraversiere.fr\/boutique\/cd-dvd\/vibracao\/#breadcrumb"},"inLanguage":"en-US","potentialAction":[{"@type":"ReadAction","target":["https:\/\/latraversiere.fr\/boutique\/cd-dvd\/vibracao\/"]}]},{"@type":"BreadcrumbList","@id":"https:\/\/latraversiere.fr\/boutique\/cd-dvd\/vibracao\/#breadcrumb","itemListElement":[{"@type":"ListItem","position":1,"name":"Accueil","item":"https:\/\/latraversiere.fr\/"},{"@type":"ListItem","position":2,"name":"Boutique","item":"https:\/\/latraversiere.fr\/en\/boutique\/"},{"@type":"ListItem","position":3,"name":"Vibra\u00e7\u00e3o"}]}]}},"_links":{"self":[{"href":"https:\/\/latraversiere.fr\/en\/wp-json\/wp\/v2\/product\/1125"}],"collection":[{"href":"https:\/\/latraversiere.fr\/en\/wp-json\/wp\/v2\/product"}],"about":[{"href":"https:\/\/latraversiere.fr\/en\/wp-json\/wp\/v2\/types\/product"}],"wp:featuredmedia":[{"embeddable":true,"href":"https:\/\/latraversiere.fr\/en\/wp-json\/wp\/v2\/media\/1127"}],"wp:attachment":[{"href":"https:\/\/latraversiere.fr\/en\/wp-json\/wp\/v2\/media?parent=1125"}],"curies":[{"name":"wp","href":"https:\/\/api.w.org\/{rel}","templated":true}]}}