{"id":12267,"date":"2021-02-28T20:48:57","date_gmt":"2021-02-28T19:48:57","guid":{"rendered":"https:\/\/latraversiere.fr\/?post_type=product&#038;p=12267"},"modified":"2022-05-29T13:15:00","modified_gmt":"2022-05-29T11:15:00","slug":"traversieres-magazine-n136","status":"publish","type":"product","link":"https:\/\/latraversiere.fr\/en\/boutique\/traversieres-magazine\/traversieres-magazine-n136\/","title":{"rendered":"Traversi\u00e8res Magazine N\u00b0136"},"content":{"rendered":"<p>Au sommaire de ce num\u00e9ro : les portraits de Jos\u00e9-Daniel Castellon et de Jos\u00e9phine Olech ; un dossier consacr\u00e9 au compositeur Henri Tomasi \u00e0 l\u2019occasion des 50 ans de son d\u00e9c\u00e8s (13 janvier 1971) ; des conseils pratiques pour l&#8217;entretien de votre fl\u00fbte, ainsi que les pr\u00e9sentations des derni\u00e8res parutions CD et partitions. Sans oublier la partition en encart central et nos offres sp\u00e9ciales sur les disques et partitions.<\/p>\n<p>\u2728NOUVEAUT\u00c9 \u2728: suite au succ\u00e8s de la Sc\u00e8ne Num\u00e9rique de d\u00e9cembre dernier, l\u2018\u00e9quipe de la Traversi\u00e8re est heureuse de vous proposer d\u00e9sormais, parall\u00e8lement chaque revue, des m\u00e9dias exclusifs (vid\u00e9os, partitions \u2026) que vous retrouverez en scannant les QR codes en fin d\u2019articles ou directement sur le nouvel onglet du site : Sc\u00e8ne Num\u00e9rique<\/p>\n","protected":false},"excerpt":{"rendered":"<p>DOSSIER &#8211; Henri Tomasi &#8211; La fl\u00fbte m\u00e9diterran\u00e9enne<br \/>\nPORTRAIT &#8211; Jos\u00e9-Daniel Castellon &#8211; Une carri\u00e8re aux multiples facettes<br \/>\nPARTITION &#8211; Duos n\u00b01 et 2, extraits des 12 Duos Progressifs, op. 70, pour 2 fl\u00fbtes d\u2019Adolf Terschak &#038; Gaspar Hoyos : propositions autour des exercices de Marcel Moyse<br \/>\nLUTHERIE &#8211; Conseils pratiques pour l\u2019entretien de votre fl\u00fbte<br \/>\nP\u00c9DAGOGIE &#8211; Philippe Bernold &#8211; Le langage de la fl\u00fbte<br \/>\nJEUNE TALENT &#8211; Jos\u00e9phine Olech &#8211; Une \u00e9toile montante<\/p>\n","protected":false},"featured_media":12268,"template":"","meta":[],"yoast_head":"<!-- This site is optimized with the Yoast SEO plugin v17.5 - https:\/\/yoast.com\/wordpress\/plugins\/seo\/ -->\n<title>Traversi\u00e8res Magazine N\u00b0136 - LA TRAVERSIERE The french flute association<\/title>\n<meta name=\"description\" content=\"Au sommaire de ce num\u00e9ro : les portraits de Jos\u00e9-Daniel Castellon et de Jos\u00e9phine Olech ; un dossier consacr\u00e9 au compositeur Henri Tomasi \u00e0 l\u2019occasion des 50 ans de son d\u00e9c\u00e8s (13 janvier 1971) ; des conseils pratiques pour l&#039;entretien de votre fl\u00fbte, ainsi que les pr\u00e9sentations des derni\u00e8res parutions CD et partitions. Sans oublier la partition en encart central et nos offres sp\u00e9ciales sur les disques et partitions.\" \/>\n<meta name=\"robots\" content=\"index, follow, max-snippet:-1, max-image-preview:large, max-video-preview:-1\" \/>\n<link rel=\"canonical\" href=\"https:\/\/latraversiere.fr\/boutique\/traversieres-magazine\/traversieres-magazine-n136\/\" \/>\n<meta property=\"og:locale\" content=\"en_US\" \/>\n<meta property=\"og:type\" content=\"article\" \/>\n<meta property=\"og:title\" content=\"Traversi\u00e8res Magazine N\u00b0136 - LA TRAVERSIERE The french flute association\" \/>\n<meta property=\"og:description\" content=\"Au sommaire de ce num\u00e9ro : les portraits de Jos\u00e9-Daniel Castellon et de Jos\u00e9phine Olech ; un dossier consacr\u00e9 au compositeur Henri Tomasi \u00e0 l\u2019occasion des 50 ans de son d\u00e9c\u00e8s (13 janvier 1971) ; des conseils pratiques pour l&#039;entretien de votre fl\u00fbte, ainsi que les pr\u00e9sentations des derni\u00e8res parutions CD et partitions. Sans oublier la partition en encart central et nos offres sp\u00e9ciales sur les disques et partitions.\" \/>\n<meta property=\"og:url\" content=\"https:\/\/latraversiere.fr\/boutique\/traversieres-magazine\/traversieres-magazine-n136\/\" \/>\n<meta property=\"og:site_name\" content=\"LA TRAVERSIERE The french flute association\" \/>\n<meta property=\"article:publisher\" content=\"https:\/\/www.facebook.com\/traversieres\/\" \/>\n<meta property=\"article:modified_time\" content=\"2022-05-29T11:15:00+00:00\" \/>\n<meta property=\"og:image\" content=\"https:\/\/latraversiere.fr\/wp-content\/uploads\/2021\/02\/2021-TM136-cover.jpg\" \/>\n\t<meta property=\"og:image:width\" content=\"1190\" \/>\n\t<meta property=\"og:image:height\" content=\"1683\" \/>\n<meta name=\"twitter:card\" content=\"summary\" \/>\n<meta name=\"twitter:description\" content=\"Au sommaire de ce num\u00e9ro : les portraits de Jos\u00e9-Daniel Castellon et de Jos\u00e9phine Olech ; un dossier consacr\u00e9 au compositeur Henri Tomasi \u00e0 l\u2019occasion des 50 ans de son d\u00e9c\u00e8s (13 janvier 1971) ; des conseils pratiques pour l&#039;entretien de votre fl\u00fbte, ainsi que les pr\u00e9sentations des derni\u00e8res parutions CD et partitions. Sans oublier la partition en encart central et nos offres sp\u00e9ciales sur les disques et partitions.\" \/>\n<meta name=\"twitter:image\" content=\"https:\/\/latraversiere.fr\/wp-content\/uploads\/2021\/02\/2021-TM136-cover.jpg\" \/>\n<meta name=\"twitter:site\" content=\"@La_Traversiere\" \/>\n<meta name=\"twitter:label1\" content=\"Est. reading time\" \/>\n\t<meta name=\"twitter:data1\" content=\"1 minute\" \/>\n<script type=\"application\/ld+json\" class=\"yoast-schema-graph\">{\"@context\":\"https:\/\/schema.org\",\"@graph\":[{\"@type\":\"Organization\",\"@id\":\"https:\/\/latraversiere.fr\/#organization\",\"name\":\"La Traversi\\u00e8re - Association Fran\\u00e7aise de la Fl\\u00fbte\",\"url\":\"https:\/\/latraversiere.fr\/\",\"sameAs\":[\"https:\/\/www.facebook.com\/traversieres\/\",\"https:\/\/www.instagram.com\/la_traversiere\/\",\"https:\/\/www.youtube.com\/channel\/UC46MEQZI2BfRZNFUFqc59Sw\",\"https:\/\/twitter.com\/La_Traversiere\"],\"logo\":{\"@type\":\"ImageObject\",\"@id\":\"https:\/\/latraversiere.fr\/#logo\",\"inLanguage\":\"en-US\",\"url\":\"https:\/\/latraversiere.fr\/wp-content\/uploads\/2018\/01\/LOGO-Traversiere-SITE-1.png\",\"contentUrl\":\"https:\/\/latraversiere.fr\/wp-content\/uploads\/2018\/01\/LOGO-Traversiere-SITE-1.png\",\"width\":539,\"height\":200,\"caption\":\"La Traversi\\u00e8re - Association Fran\\u00e7aise de la Fl\\u00fbte\"},\"image\":{\"@id\":\"https:\/\/latraversiere.fr\/#logo\"}},{\"@type\":\"WebSite\",\"@id\":\"https:\/\/latraversiere.fr\/#website\",\"url\":\"https:\/\/latraversiere.fr\/\",\"name\":\"LA TRAVERSIERE The french flute association\",\"description\":\"\",\"publisher\":{\"@id\":\"https:\/\/latraversiere.fr\/#organization\"},\"potentialAction\":[{\"@type\":\"SearchAction\",\"target\":{\"@type\":\"EntryPoint\",\"urlTemplate\":\"https:\/\/latraversiere.fr\/?s={search_term_string}\"},\"query-input\":\"required name=search_term_string\"}],\"inLanguage\":\"en-US\"},{\"@type\":\"ImageObject\",\"@id\":\"https:\/\/latraversiere.fr\/boutique\/traversieres-magazine\/traversieres-magazine-n136\/#primaryimage\",\"inLanguage\":\"en-US\",\"url\":\"https:\/\/latraversiere.fr\/wp-content\/uploads\/2021\/02\/2021-TM136-cover.jpg\",\"contentUrl\":\"https:\/\/latraversiere.fr\/wp-content\/uploads\/2021\/02\/2021-TM136-cover.jpg\",\"width\":1190,\"height\":1683,\"caption\":\"Traversiere Magazine 136 - Jos\\u00e9 Daniel Castellon\"},{\"@type\":\"WebPage\",\"@id\":\"https:\/\/latraversiere.fr\/boutique\/traversieres-magazine\/traversieres-magazine-n136\/#webpage\",\"url\":\"https:\/\/latraversiere.fr\/boutique\/traversieres-magazine\/traversieres-magazine-n136\/\",\"name\":\"Traversi\\u00e8res Magazine N\\u00b0136 - LA TRAVERSIERE The french flute association\",\"isPartOf\":{\"@id\":\"https:\/\/latraversiere.fr\/#website\"},\"primaryImageOfPage\":{\"@id\":\"https:\/\/latraversiere.fr\/boutique\/traversieres-magazine\/traversieres-magazine-n136\/#primaryimage\"},\"datePublished\":\"2021-02-28T19:48:57+00:00\",\"dateModified\":\"2022-05-29T11:15:00+00:00\",\"description\":\"Au sommaire de ce num\\u00e9ro : les portraits de Jos\\u00e9-Daniel Castellon et de Jos\\u00e9phine Olech ; un dossier consacr\\u00e9 au compositeur Henri Tomasi \\u00e0 l\\u2019occasion des 50 ans de son d\\u00e9c\\u00e8s (13 janvier 1971) ; des conseils pratiques pour l'entretien de votre fl\\u00fbte, ainsi que les pr\\u00e9sentations des derni\\u00e8res parutions CD et partitions. Sans oublier la partition en encart central et nos offres sp\\u00e9ciales sur les disques et partitions.\",\"breadcrumb\":{\"@id\":\"https:\/\/latraversiere.fr\/boutique\/traversieres-magazine\/traversieres-magazine-n136\/#breadcrumb\"},\"inLanguage\":\"en-US\",\"potentialAction\":[{\"@type\":\"ReadAction\",\"target\":[\"https:\/\/latraversiere.fr\/boutique\/traversieres-magazine\/traversieres-magazine-n136\/\"]}]},{\"@type\":\"BreadcrumbList\",\"@id\":\"https:\/\/latraversiere.fr\/boutique\/traversieres-magazine\/traversieres-magazine-n136\/#breadcrumb\",\"itemListElement\":[{\"@type\":\"ListItem\",\"position\":1,\"name\":\"Accueil\",\"item\":\"https:\/\/latraversiere.fr\/\"},{\"@type\":\"ListItem\",\"position\":2,\"name\":\"Boutique\",\"item\":\"https:\/\/latraversiere.fr\/en\/boutique\/\"},{\"@type\":\"ListItem\",\"position\":3,\"name\":\"Traversi\\u00e8res Magazine N\\u00b0136\"}]}]}<\/script>\n<!-- \/ Yoast SEO plugin. -->","yoast_head_json":{"title":"Traversi\u00e8res Magazine N\u00b0136 - LA TRAVERSIERE The french flute association","description":"Au sommaire de ce num\u00e9ro : les portraits de Jos\u00e9-Daniel Castellon et de Jos\u00e9phine Olech ; un dossier consacr\u00e9 au compositeur Henri Tomasi \u00e0 l\u2019occasion des 50 ans de son d\u00e9c\u00e8s (13 janvier 1971) ; des conseils pratiques pour l'entretien de votre fl\u00fbte, ainsi que les pr\u00e9sentations des derni\u00e8res parutions CD et partitions. Sans oublier la partition en encart central et nos offres sp\u00e9ciales sur les disques et partitions.","robots":{"index":"index","follow":"follow","max-snippet":"max-snippet:-1","max-image-preview":"max-image-preview:large","max-video-preview":"max-video-preview:-1"},"canonical":"https:\/\/latraversiere.fr\/boutique\/traversieres-magazine\/traversieres-magazine-n136\/","og_locale":"en_US","og_type":"article","og_title":"Traversi\u00e8res Magazine N\u00b0136 - LA TRAVERSIERE The french flute association","og_description":"Au sommaire de ce num\u00e9ro : les portraits de Jos\u00e9-Daniel Castellon et de Jos\u00e9phine Olech ; un dossier consacr\u00e9 au compositeur Henri Tomasi \u00e0 l\u2019occasion des 50 ans de son d\u00e9c\u00e8s (13 janvier 1971) ; des conseils pratiques pour l'entretien de votre fl\u00fbte, ainsi que les pr\u00e9sentations des derni\u00e8res parutions CD et partitions. Sans oublier la partition en encart central et nos offres sp\u00e9ciales sur les disques et partitions.","og_url":"https:\/\/latraversiere.fr\/boutique\/traversieres-magazine\/traversieres-magazine-n136\/","og_site_name":"LA TRAVERSIERE The french flute association","article_publisher":"https:\/\/www.facebook.com\/traversieres\/","article_modified_time":"2022-05-29T11:15:00+00:00","og_image":[{"width":1190,"height":1683,"url":"https:\/\/latraversiere.fr\/wp-content\/uploads\/2021\/02\/2021-TM136-cover.jpg","type":"image\/jpeg"}],"twitter_card":"summary","twitter_description":"Au sommaire de ce num\u00e9ro : les portraits de Jos\u00e9-Daniel Castellon et de Jos\u00e9phine Olech ; un dossier consacr\u00e9 au compositeur Henri Tomasi \u00e0 l\u2019occasion des 50 ans de son d\u00e9c\u00e8s (13 janvier 1971) ; des conseils pratiques pour l'entretien de votre fl\u00fbte, ainsi que les pr\u00e9sentations des derni\u00e8res parutions CD et partitions. Sans oublier la partition en encart central et nos offres sp\u00e9ciales sur les disques et partitions.","twitter_image":"https:\/\/latraversiere.fr\/wp-content\/uploads\/2021\/02\/2021-TM136-cover.jpg","twitter_site":"@La_Traversiere","twitter_misc":{"Est. reading time":"1 minute"},"schema":{"@context":"https:\/\/schema.org","@graph":[{"@type":"Organization","@id":"https:\/\/latraversiere.fr\/#organization","name":"La Traversi\u00e8re - Association Fran\u00e7aise de la Fl\u00fbte","url":"https:\/\/latraversiere.fr\/","sameAs":["https:\/\/www.facebook.com\/traversieres\/","https:\/\/www.instagram.com\/la_traversiere\/","https:\/\/www.youtube.com\/channel\/UC46MEQZI2BfRZNFUFqc59Sw","https:\/\/twitter.com\/La_Traversiere"],"logo":{"@type":"ImageObject","@id":"https:\/\/latraversiere.fr\/#logo","inLanguage":"en-US","url":"https:\/\/latraversiere.fr\/wp-content\/uploads\/2018\/01\/LOGO-Traversiere-SITE-1.png","contentUrl":"https:\/\/latraversiere.fr\/wp-content\/uploads\/2018\/01\/LOGO-Traversiere-SITE-1.png","width":539,"height":200,"caption":"La Traversi\u00e8re - Association Fran\u00e7aise de la Fl\u00fbte"},"image":{"@id":"https:\/\/latraversiere.fr\/#logo"}},{"@type":"WebSite","@id":"https:\/\/latraversiere.fr\/#website","url":"https:\/\/latraversiere.fr\/","name":"LA TRAVERSIERE The french flute association","description":"","publisher":{"@id":"https:\/\/latraversiere.fr\/#organization"},"potentialAction":[{"@type":"SearchAction","target":{"@type":"EntryPoint","urlTemplate":"https:\/\/latraversiere.fr\/?s={search_term_string}"},"query-input":"required name=search_term_string"}],"inLanguage":"en-US"},{"@type":"ImageObject","@id":"https:\/\/latraversiere.fr\/boutique\/traversieres-magazine\/traversieres-magazine-n136\/#primaryimage","inLanguage":"en-US","url":"https:\/\/latraversiere.fr\/wp-content\/uploads\/2021\/02\/2021-TM136-cover.jpg","contentUrl":"https:\/\/latraversiere.fr\/wp-content\/uploads\/2021\/02\/2021-TM136-cover.jpg","width":1190,"height":1683,"caption":"Traversiere Magazine 136 - Jos\u00e9 Daniel Castellon"},{"@type":"WebPage","@id":"https:\/\/latraversiere.fr\/boutique\/traversieres-magazine\/traversieres-magazine-n136\/#webpage","url":"https:\/\/latraversiere.fr\/boutique\/traversieres-magazine\/traversieres-magazine-n136\/","name":"Traversi\u00e8res Magazine N\u00b0136 - LA TRAVERSIERE The french flute association","isPartOf":{"@id":"https:\/\/latraversiere.fr\/#website"},"primaryImageOfPage":{"@id":"https:\/\/latraversiere.fr\/boutique\/traversieres-magazine\/traversieres-magazine-n136\/#primaryimage"},"datePublished":"2021-02-28T19:48:57+00:00","dateModified":"2022-05-29T11:15:00+00:00","description":"Au sommaire de ce num\u00e9ro : les portraits de Jos\u00e9-Daniel Castellon et de Jos\u00e9phine Olech ; un dossier consacr\u00e9 au compositeur Henri Tomasi \u00e0 l\u2019occasion des 50 ans de son d\u00e9c\u00e8s (13 janvier 1971) ; des conseils pratiques pour l'entretien de votre fl\u00fbte, ainsi que les pr\u00e9sentations des derni\u00e8res parutions CD et partitions. Sans oublier la partition en encart central et nos offres sp\u00e9ciales sur les disques et partitions.","breadcrumb":{"@id":"https:\/\/latraversiere.fr\/boutique\/traversieres-magazine\/traversieres-magazine-n136\/#breadcrumb"},"inLanguage":"en-US","potentialAction":[{"@type":"ReadAction","target":["https:\/\/latraversiere.fr\/boutique\/traversieres-magazine\/traversieres-magazine-n136\/"]}]},{"@type":"BreadcrumbList","@id":"https:\/\/latraversiere.fr\/boutique\/traversieres-magazine\/traversieres-magazine-n136\/#breadcrumb","itemListElement":[{"@type":"ListItem","position":1,"name":"Accueil","item":"https:\/\/latraversiere.fr\/"},{"@type":"ListItem","position":2,"name":"Boutique","item":"https:\/\/latraversiere.fr\/en\/boutique\/"},{"@type":"ListItem","position":3,"name":"Traversi\u00e8res Magazine N\u00b0136"}]}]}},"_links":{"self":[{"href":"https:\/\/latraversiere.fr\/en\/wp-json\/wp\/v2\/product\/12267"}],"collection":[{"href":"https:\/\/latraversiere.fr\/en\/wp-json\/wp\/v2\/product"}],"about":[{"href":"https:\/\/latraversiere.fr\/en\/wp-json\/wp\/v2\/types\/product"}],"wp:featuredmedia":[{"embeddable":true,"href":"https:\/\/latraversiere.fr\/en\/wp-json\/wp\/v2\/media\/12268"}],"wp:attachment":[{"href":"https:\/\/latraversiere.fr\/en\/wp-json\/wp\/v2\/media?parent=12267"}],"curies":[{"name":"wp","href":"https:\/\/api.w.org\/{rel}","templated":true}]}}