{"id":12275,"date":"2021-03-01T07:02:16","date_gmt":"2021-03-01T06:02:16","guid":{"rendered":"https:\/\/latraversiere.fr\/?post_type=product&#038;p=12275"},"modified":"2021-03-10T20:35:03","modified_gmt":"2021-03-10T19:35:03","slug":"philippe-bernold-la-prononciation","status":"publish","type":"product","link":"https:\/\/latraversiere.fr\/en\/boutique\/partitions\/philippe-bernold-la-prononciation\/","title":{"rendered":"Philippe Bernold : LA PRONONCIATION"},"content":{"rendered":"<p><strong>LA PRONONCIATION &#8211; Exercices et gammes pour ma\u00eetriser toutes les articulations \u00e0 la fl\u00fbte et jouer avec plus d&#8217;\u00e9loquence et d&#8217;expression<\/strong><\/p>\n<p>Philippe Bernold &#8211; Voir rubrique P\u00e9dagogie p. 30 du <a href=\"https:\/\/latraversiere.fr\/boutique\/traversieres-magazine\/traversieres-magazine-n136\/\">Traversi\u00e8res Magazine N\u00b0136<\/a><br \/>\n<\/p>","protected":false},"excerpt":{"rendered":"<p><strong>LA PRONONCIATION &#8211; Exercices et gammes pour ma\u00eetriser toutes les articulations \u00e0 la fl\u00fbte et jouer avec plus d&#8217;\u00e9loquence et d&#8217;expression<\/strong><\/p>\n<p>Philippe Bernold &#8211; Voir rubrique P\u00e9dagogie p. 30 du <a href=\"https:\/\/latraversiere.fr\/boutique\/traversieres-magazine\/traversieres-magazine-n136\/\">Traversi\u00e8res Magazine N\u00b0136<\/a><\/p>\n","protected":false},"featured_media":12272,"template":"","meta":[],"yoast_head":"<!-- This site is optimized with the Yoast SEO plugin v17.5 - https:\/\/yoast.com\/wordpress\/plugins\/seo\/ -->\n<title>Philippe Bernold : LA PRONONCIATION - LA TRAVERSIERE The french flute association<\/title>\n<meta name=\"description\" content=\"Partition - Arrangement pour fl\u00fbte et piano de Robert Fobbes-Janssens - Collection La Traversi\u00e8re aux \u00e9ditions Robert Martin.\" \/>\n<meta name=\"robots\" content=\"index, follow, max-snippet:-1, max-image-preview:large, max-video-preview:-1\" \/>\n<link rel=\"canonical\" href=\"https:\/\/latraversiere.fr\/en\/boutique\/partitions\/philippe-bernold-la-prononciation\/\" \/>\n<meta property=\"og:locale\" content=\"en_US\" \/>\n<meta property=\"og:type\" content=\"article\" \/>\n<meta property=\"og:title\" content=\"Philippe Bernold : LA PRONONCIATION - LA TRAVERSIERE The french flute association\" \/>\n<meta property=\"og:description\" content=\"Partition - Arrangement pour fl\u00fbte et piano de Robert Fobbes-Janssens - Collection La Traversi\u00e8re aux \u00e9ditions Robert Martin.\" \/>\n<meta property=\"og:url\" content=\"https:\/\/latraversiere.fr\/en\/boutique\/partitions\/philippe-bernold-la-prononciation\/\" \/>\n<meta property=\"og:site_name\" content=\"LA TRAVERSIERE The french flute association\" \/>\n<meta property=\"article:publisher\" content=\"https:\/\/www.facebook.com\/traversieres\/\" \/>\n<meta property=\"article:modified_time\" content=\"2021-03-10T19:35:03+00:00\" \/>\n<meta property=\"og:image\" content=\"https:\/\/latraversiere.fr\/wp-content\/uploads\/2021\/03\/LA-PRONONCIATION-Philippe-Bernold.jpg\" \/>\n\t<meta property=\"og:image:width\" content=\"304\" \/>\n\t<meta property=\"og:image:height\" content=\"406\" \/>\n<meta name=\"twitter:card\" content=\"summary\" \/>\n<meta name=\"twitter:site\" content=\"@La_Traversiere\" \/>\n<script type=\"application\/ld+json\" class=\"yoast-schema-graph\">{\"@context\":\"https:\/\/schema.org\",\"@graph\":[{\"@type\":\"Organization\",\"@id\":\"https:\/\/latraversiere.fr\/#organization\",\"name\":\"La Traversi\\u00e8re - Association Fran\\u00e7aise de la Fl\\u00fbte\",\"url\":\"https:\/\/latraversiere.fr\/\",\"sameAs\":[\"https:\/\/www.facebook.com\/traversieres\/\",\"https:\/\/www.instagram.com\/la_traversiere\/\",\"https:\/\/www.youtube.com\/channel\/UC46MEQZI2BfRZNFUFqc59Sw\",\"https:\/\/twitter.com\/La_Traversiere\"],\"logo\":{\"@type\":\"ImageObject\",\"@id\":\"https:\/\/latraversiere.fr\/#logo\",\"inLanguage\":\"en-US\",\"url\":\"https:\/\/latraversiere.fr\/wp-content\/uploads\/2018\/01\/LOGO-Traversiere-SITE-1.png\",\"contentUrl\":\"https:\/\/latraversiere.fr\/wp-content\/uploads\/2018\/01\/LOGO-Traversiere-SITE-1.png\",\"width\":539,\"height\":200,\"caption\":\"La Traversi\\u00e8re - Association Fran\\u00e7aise de la Fl\\u00fbte\"},\"image\":{\"@id\":\"https:\/\/latraversiere.fr\/#logo\"}},{\"@type\":\"WebSite\",\"@id\":\"https:\/\/latraversiere.fr\/#website\",\"url\":\"https:\/\/latraversiere.fr\/\",\"name\":\"LA TRAVERSIERE The french flute association\",\"description\":\"\",\"publisher\":{\"@id\":\"https:\/\/latraversiere.fr\/#organization\"},\"potentialAction\":[{\"@type\":\"SearchAction\",\"target\":{\"@type\":\"EntryPoint\",\"urlTemplate\":\"https:\/\/latraversiere.fr\/?s={search_term_string}\"},\"query-input\":\"required name=search_term_string\"}],\"inLanguage\":\"en-US\"},{\"@type\":\"ImageObject\",\"@id\":\"https:\/\/latraversiere.fr\/en\/boutique\/partitions\/philippe-bernold-la-prononciation\/#primaryimage\",\"inLanguage\":\"en-US\",\"url\":\"https:\/\/latraversiere.fr\/wp-content\/uploads\/2021\/03\/LA-PRONONCIATION-Philippe-Bernold.jpg\",\"contentUrl\":\"https:\/\/latraversiere.fr\/wp-content\/uploads\/2021\/03\/LA-PRONONCIATION-Philippe-Bernold.jpg\",\"width\":304,\"height\":406},{\"@type\":\"WebPage\",\"@id\":\"https:\/\/latraversiere.fr\/en\/boutique\/partitions\/philippe-bernold-la-prononciation\/#webpage\",\"url\":\"https:\/\/latraversiere.fr\/en\/boutique\/partitions\/philippe-bernold-la-prononciation\/\",\"name\":\"Philippe Bernold : LA PRONONCIATION - LA TRAVERSIERE The french flute association\",\"isPartOf\":{\"@id\":\"https:\/\/latraversiere.fr\/#website\"},\"primaryImageOfPage\":{\"@id\":\"https:\/\/latraversiere.fr\/en\/boutique\/partitions\/philippe-bernold-la-prononciation\/#primaryimage\"},\"datePublished\":\"2021-03-01T06:02:16+00:00\",\"dateModified\":\"2021-03-10T19:35:03+00:00\",\"description\":\"Partition - Arrangement pour fl\\u00fbte et piano de Robert Fobbes-Janssens - Collection La Traversi\\u00e8re aux \\u00e9ditions Robert Martin.\",\"breadcrumb\":{\"@id\":\"https:\/\/latraversiere.fr\/en\/boutique\/partitions\/philippe-bernold-la-prononciation\/#breadcrumb\"},\"inLanguage\":\"en-US\",\"potentialAction\":[{\"@type\":\"ReadAction\",\"target\":[\"https:\/\/latraversiere.fr\/en\/boutique\/partitions\/philippe-bernold-la-prononciation\/\"]}]},{\"@type\":\"BreadcrumbList\",\"@id\":\"https:\/\/latraversiere.fr\/en\/boutique\/partitions\/philippe-bernold-la-prononciation\/#breadcrumb\",\"itemListElement\":[{\"@type\":\"ListItem\",\"position\":1,\"name\":\"Accueil\",\"item\":\"https:\/\/latraversiere.fr\/\"},{\"@type\":\"ListItem\",\"position\":2,\"name\":\"Boutique\",\"item\":\"https:\/\/latraversiere.fr\/en\/boutique\/\"},{\"@type\":\"ListItem\",\"position\":3,\"name\":\"Philippe Bernold : LA PRONONCIATION\"}]}]}<\/script>\n<!-- \/ Yoast SEO plugin. -->","yoast_head_json":{"title":"Philippe Bernold : LA PRONONCIATION - LA TRAVERSIERE The french flute association","description":"Partition - Arrangement pour fl\u00fbte et piano de Robert Fobbes-Janssens - Collection La Traversi\u00e8re aux \u00e9ditions Robert Martin.","robots":{"index":"index","follow":"follow","max-snippet":"max-snippet:-1","max-image-preview":"max-image-preview:large","max-video-preview":"max-video-preview:-1"},"canonical":"https:\/\/latraversiere.fr\/en\/boutique\/partitions\/philippe-bernold-la-prononciation\/","og_locale":"en_US","og_type":"article","og_title":"Philippe Bernold : LA PRONONCIATION - LA TRAVERSIERE The french flute association","og_description":"Partition - Arrangement pour fl\u00fbte et piano de Robert Fobbes-Janssens - Collection La Traversi\u00e8re aux \u00e9ditions Robert Martin.","og_url":"https:\/\/latraversiere.fr\/en\/boutique\/partitions\/philippe-bernold-la-prononciation\/","og_site_name":"LA TRAVERSIERE The french flute association","article_publisher":"https:\/\/www.facebook.com\/traversieres\/","article_modified_time":"2021-03-10T19:35:03+00:00","og_image":[{"width":304,"height":406,"url":"https:\/\/latraversiere.fr\/wp-content\/uploads\/2021\/03\/LA-PRONONCIATION-Philippe-Bernold.jpg","type":"image\/jpeg"}],"twitter_card":"summary","twitter_site":"@La_Traversiere","schema":{"@context":"https:\/\/schema.org","@graph":[{"@type":"Organization","@id":"https:\/\/latraversiere.fr\/#organization","name":"La Traversi\u00e8re - Association Fran\u00e7aise de la Fl\u00fbte","url":"https:\/\/latraversiere.fr\/","sameAs":["https:\/\/www.facebook.com\/traversieres\/","https:\/\/www.instagram.com\/la_traversiere\/","https:\/\/www.youtube.com\/channel\/UC46MEQZI2BfRZNFUFqc59Sw","https:\/\/twitter.com\/La_Traversiere"],"logo":{"@type":"ImageObject","@id":"https:\/\/latraversiere.fr\/#logo","inLanguage":"en-US","url":"https:\/\/latraversiere.fr\/wp-content\/uploads\/2018\/01\/LOGO-Traversiere-SITE-1.png","contentUrl":"https:\/\/latraversiere.fr\/wp-content\/uploads\/2018\/01\/LOGO-Traversiere-SITE-1.png","width":539,"height":200,"caption":"La Traversi\u00e8re - Association Fran\u00e7aise de la Fl\u00fbte"},"image":{"@id":"https:\/\/latraversiere.fr\/#logo"}},{"@type":"WebSite","@id":"https:\/\/latraversiere.fr\/#website","url":"https:\/\/latraversiere.fr\/","name":"LA TRAVERSIERE The french flute association","description":"","publisher":{"@id":"https:\/\/latraversiere.fr\/#organization"},"potentialAction":[{"@type":"SearchAction","target":{"@type":"EntryPoint","urlTemplate":"https:\/\/latraversiere.fr\/?s={search_term_string}"},"query-input":"required name=search_term_string"}],"inLanguage":"en-US"},{"@type":"ImageObject","@id":"https:\/\/latraversiere.fr\/en\/boutique\/partitions\/philippe-bernold-la-prononciation\/#primaryimage","inLanguage":"en-US","url":"https:\/\/latraversiere.fr\/wp-content\/uploads\/2021\/03\/LA-PRONONCIATION-Philippe-Bernold.jpg","contentUrl":"https:\/\/latraversiere.fr\/wp-content\/uploads\/2021\/03\/LA-PRONONCIATION-Philippe-Bernold.jpg","width":304,"height":406},{"@type":"WebPage","@id":"https:\/\/latraversiere.fr\/en\/boutique\/partitions\/philippe-bernold-la-prononciation\/#webpage","url":"https:\/\/latraversiere.fr\/en\/boutique\/partitions\/philippe-bernold-la-prononciation\/","name":"Philippe Bernold : LA PRONONCIATION - LA TRAVERSIERE The french flute association","isPartOf":{"@id":"https:\/\/latraversiere.fr\/#website"},"primaryImageOfPage":{"@id":"https:\/\/latraversiere.fr\/en\/boutique\/partitions\/philippe-bernold-la-prononciation\/#primaryimage"},"datePublished":"2021-03-01T06:02:16+00:00","dateModified":"2021-03-10T19:35:03+00:00","description":"Partition - Arrangement pour fl\u00fbte et piano de Robert Fobbes-Janssens - Collection La Traversi\u00e8re aux \u00e9ditions Robert Martin.","breadcrumb":{"@id":"https:\/\/latraversiere.fr\/en\/boutique\/partitions\/philippe-bernold-la-prononciation\/#breadcrumb"},"inLanguage":"en-US","potentialAction":[{"@type":"ReadAction","target":["https:\/\/latraversiere.fr\/en\/boutique\/partitions\/philippe-bernold-la-prononciation\/"]}]},{"@type":"BreadcrumbList","@id":"https:\/\/latraversiere.fr\/en\/boutique\/partitions\/philippe-bernold-la-prononciation\/#breadcrumb","itemListElement":[{"@type":"ListItem","position":1,"name":"Accueil","item":"https:\/\/latraversiere.fr\/"},{"@type":"ListItem","position":2,"name":"Boutique","item":"https:\/\/latraversiere.fr\/en\/boutique\/"},{"@type":"ListItem","position":3,"name":"Philippe Bernold : LA PRONONCIATION"}]}]}},"_links":{"self":[{"href":"https:\/\/latraversiere.fr\/en\/wp-json\/wp\/v2\/product\/12275"}],"collection":[{"href":"https:\/\/latraversiere.fr\/en\/wp-json\/wp\/v2\/product"}],"about":[{"href":"https:\/\/latraversiere.fr\/en\/wp-json\/wp\/v2\/types\/product"}],"wp:featuredmedia":[{"embeddable":true,"href":"https:\/\/latraversiere.fr\/en\/wp-json\/wp\/v2\/media\/12272"}],"wp:attachment":[{"href":"https:\/\/latraversiere.fr\/en\/wp-json\/wp\/v2\/media?parent=12275"}],"curies":[{"name":"wp","href":"https:\/\/api.w.org\/{rel}","templated":true}]}}