{"id":12581,"date":"2021-05-24T08:21:08","date_gmt":"2021-05-24T06:21:08","guid":{"rendered":"https:\/\/latraversiere.fr\/?post_type=product&#038;p=12581"},"modified":"2021-06-05T11:11:07","modified_gmt":"2021-06-05T09:11:07","slug":"saisons-quintette-aquilon","status":"publish","type":"product","link":"https:\/\/latraversiere.fr\/en\/boutique\/cd-dvd\/saisons-quintette-aquilon\/","title":{"rendered":"SAISONS &#8211; QUINTETTE AQUILON"},"content":{"rendered":"<p class=\"qtranxs-available-languages-message qtranxs-available-languages-message-en\">Sorry, this entry is only available in <a href=\"https:\/\/latraversiere.fr\/fr\/wp-json\/wp\/v2\/product\/12581\" class=\"qtranxs-available-language-link qtranxs-available-language-link-fr\" title=\"Fran\u00e7ais\">French<\/a>. For the sake of viewer convenience, the content is shown below in the alternative language. You may click the link to switch the active language.<\/p><p><strong>Quintette Aquilon : Marion Ralincourt, fl\u00fbte \/ Claire Sirjacobs, hautbois \/ St\u00e9phanie Corre, clarinette \/ Marianne Tilquin, cor \/ Ga\u00eblle Habert, basson \u2013 avec Vincent David, saxophone (Tomasi)<\/strong><\/p>\n<p>Astor Piazzolla, Estaciones porte\u00f1as, arrangement Ulf Guido Sch\u00e4fer, Henri Tomasi, Printemps pour quintette \u00e0 vent et saxophone, Samuel Barber, Summer music, Jennifer Higdon, Autumn music, Cecilia McDowall, Winter music<\/p>\n<p>Avec cet album sorti en 2019, le Quintette Aquilon nous invite \u00e0 travers le th\u00e8me des saisons \u00e0 nous interroger sur le changement climatique et notre impact sur l\u2019environnement. Le programme convaincant est savamment agenc\u00e9 autour de l\u2019arrangement de Estaciones porte\u00f1as de Piazzolla qui sert de fil conducteur. Juste et brillante, la qualit\u00e9 de l\u2019interpr\u00e9tation de l\u2019ensemble fait mouche ! Quant \u00e0 la pochette de l\u2019album, ensemenc\u00e9e de graines mellif\u00e8res, vous pourrez la mettre en terre et ainsi participer \u00e0 votre \u00e9chelle, \u00e0 nourrir les abeilles&#8230; Quand la r\u00e9flexion sur l\u2019\u00e9cologie rejoint la musique : \u00e0 ne pas manquer !<\/p>","protected":false},"excerpt":{"rendered":"<p class=\"qtranxs-available-languages-message qtranxs-available-languages-message-en\">Sorry, this entry is only available in <a href=\"https:\/\/latraversiere.fr\/fr\/wp-json\/wp\/v2\/product\/12581\" class=\"qtranxs-available-language-link qtranxs-available-language-link-fr\" title=\"Fran\u00e7ais\">French<\/a>. For the sake of viewer convenience, the content is shown below in the alternative language. You may click the link to switch the active language.<\/p>\n<p><strong>Quintette Aquilon : Marion Ralincourt, fl\u00fbte \/ Claire Sirjacobs, hautbois \/ St\u00e9phanie Corre, clarinette \/ Marianne Tilquin, cor \/ Ga\u00eblle Habert, basson \u2013 avec Vincent David, saxophone (Tomasi)<\/strong><\/p>\n<p>Astor Piazzolla, Estaciones porte\u00f1as, arrangement Ulf Guido Sch\u00e4fer, Henri Tomasi, Printemps pour quintette \u00e0 vent et saxophone, Samuel Barber, Summer music, Jennifer Higdon, Autumn music, Cecilia McDowall, Winter music<\/p>\n<p>Avec cet album sorti en 2019, le Quintette Aquilon nous invite \u00e0 travers le th\u00e8me des saisons \u00e0 nous interroger sur le changement climatique et notre impact sur l\u2019environnement. Le programme convaincant est savamment agenc\u00e9 autour de l\u2019arrangement de Estaciones porte\u00f1as de Piazzolla qui sert de fil conducteur. Juste et brillante, la qualit\u00e9 de l\u2019interpr\u00e9tation de l\u2019ensemble fait mouche ! Quant \u00e0 la pochette de l\u2019album, ensemenc\u00e9e de graines mellif\u00e8res, vous pourrez la mettre en terre et ainsi participer \u00e0 votre \u00e9chelle, \u00e0 nourrir les abeilles&#8230; Quand la r\u00e9flexion sur l\u2019\u00e9cologie rejoint la musique : \u00e0 ne pas manquer !<\/p>\n","protected":false},"featured_media":12582,"template":"","meta":[],"yoast_head":"<!-- This site is optimized with the Yoast SEO plugin v17.5 - https:\/\/yoast.com\/wordpress\/plugins\/seo\/ -->\n<title><\/title>\n<meta name=\"robots\" content=\"index, follow, max-snippet:-1, max-image-preview:large, max-video-preview:-1\" \/>\n<link rel=\"canonical\" href=\"https:\/\/latraversiere.fr\/boutique\/cd-dvd\/saisons-quintette-aquilon\/\" \/>\n<meta property=\"og:locale\" content=\"en_US\" \/>\n<meta property=\"og:type\" content=\"article\" \/>\n<meta property=\"og:title\" content=\"[:fr]SAISONS - QUINTETTE AQUILON[:] - LA TRAVERSIERE The french flute association\" \/>\n<meta property=\"og:description\" content=\"[:fr]Quintette Aquilon : Marion Ralincourt, fl\u00fbte \/ Claire Sirjacobs, hautbois \/ St\u00e9phanie Corre, clarinette \/ Marianne Tilquin, cor \/ Ga\u00eblle Habert, basson \u2013 avec Vincent David, saxophone (Tomasi)  Astor Piazzolla, Estaciones porte\u00f1as, arrangement Ulf Guido Sch\u00e4fer, Henri Tomasi, Printemps pour quintette \u00e0 vent et saxophone, Samuel Barber, Summer music, Jennifer Higdon, Autumn music, Cecilia McDowall, Winter music  Avec cet album sorti en 2019, le Quintette Aquilon nous invite \u00e0 travers le th\u00e8me des saisons \u00e0 nous interroger sur le changement climatique et notre impact sur l\u2019environnement. Le programme convaincant est savamment agenc\u00e9 autour de l\u2019arrangement de Estaciones porte\u00f1as de Piazzolla qui sert de fil conducteur. Juste et brillante, la qualit\u00e9 de l\u2019interpr\u00e9tation de l\u2019ensemble fait mouche ! Quant \u00e0 la pochette de l\u2019album, ensemenc\u00e9e de graines mellif\u00e8res, vous pourrez la mettre en terre et ainsi participer \u00e0 votre \u00e9chelle, \u00e0 nourrir les abeilles... Quand la r\u00e9flexion sur l\u2019\u00e9cologie rejoint la musique : \u00e0 ne pas manquer ![:]\" \/>\n<meta property=\"og:url\" content=\"https:\/\/latraversiere.fr\/boutique\/cd-dvd\/saisons-quintette-aquilon\/\" \/>\n<meta property=\"og:site_name\" content=\"LA TRAVERSIERE The french flute association\" \/>\n<meta property=\"article:publisher\" content=\"https:\/\/www.facebook.com\/traversieres\/\" \/>\n<meta property=\"article:modified_time\" content=\"2021-06-05T09:11:07+00:00\" \/>\n<meta property=\"og:image\" content=\"https:\/\/latraversiere.fr\/wp-content\/uploads\/2021\/05\/saisons_aquilon.jpg\" \/>\n\t<meta property=\"og:image:width\" content=\"566\" \/>\n\t<meta property=\"og:image:height\" content=\"566\" \/>\n<meta name=\"twitter:card\" content=\"summary\" \/>\n<meta name=\"twitter:site\" content=\"@La_Traversiere\" \/>\n<meta name=\"twitter:label1\" content=\"Est. reading time\" \/>\n\t<meta name=\"twitter:data1\" content=\"1 minute\" \/>\n<script type=\"application\/ld+json\" class=\"yoast-schema-graph\">{\"@context\":\"https:\/\/schema.org\",\"@graph\":[{\"@type\":\"Organization\",\"@id\":\"https:\/\/latraversiere.fr\/#organization\",\"name\":\"La Traversi\\u00e8re - Association Fran\\u00e7aise de la Fl\\u00fbte\",\"url\":\"https:\/\/latraversiere.fr\/\",\"sameAs\":[\"https:\/\/www.facebook.com\/traversieres\/\",\"https:\/\/www.instagram.com\/la_traversiere\/\",\"https:\/\/www.youtube.com\/channel\/UC46MEQZI2BfRZNFUFqc59Sw\",\"https:\/\/twitter.com\/La_Traversiere\"],\"logo\":{\"@type\":\"ImageObject\",\"@id\":\"https:\/\/latraversiere.fr\/#logo\",\"inLanguage\":\"en-US\",\"url\":\"https:\/\/latraversiere.fr\/wp-content\/uploads\/2018\/01\/LOGO-Traversiere-SITE-1.png\",\"contentUrl\":\"https:\/\/latraversiere.fr\/wp-content\/uploads\/2018\/01\/LOGO-Traversiere-SITE-1.png\",\"width\":539,\"height\":200,\"caption\":\"La Traversi\\u00e8re - Association Fran\\u00e7aise de la Fl\\u00fbte\"},\"image\":{\"@id\":\"https:\/\/latraversiere.fr\/#logo\"}},{\"@type\":\"WebSite\",\"@id\":\"https:\/\/latraversiere.fr\/#website\",\"url\":\"https:\/\/latraversiere.fr\/\",\"name\":\"LA TRAVERSIERE The french flute association\",\"description\":\"\",\"publisher\":{\"@id\":\"https:\/\/latraversiere.fr\/#organization\"},\"potentialAction\":[{\"@type\":\"SearchAction\",\"target\":{\"@type\":\"EntryPoint\",\"urlTemplate\":\"https:\/\/latraversiere.fr\/?s={search_term_string}\"},\"query-input\":\"required name=search_term_string\"}],\"inLanguage\":\"en-US\"},{\"@type\":\"ImageObject\",\"@id\":\"https:\/\/latraversiere.fr\/boutique\/cd-dvd\/saisons-quintette-aquilon\/#primaryimage\",\"inLanguage\":\"en-US\",\"url\":\"https:\/\/latraversiere.fr\/wp-content\/uploads\/2021\/05\/saisons_aquilon.jpg\",\"contentUrl\":\"https:\/\/latraversiere.fr\/wp-content\/uploads\/2021\/05\/saisons_aquilon.jpg\",\"width\":566,\"height\":566},{\"@type\":\"WebPage\",\"@id\":\"https:\/\/latraversiere.fr\/boutique\/cd-dvd\/saisons-quintette-aquilon\/#webpage\",\"url\":\"https:\/\/latraversiere.fr\/boutique\/cd-dvd\/saisons-quintette-aquilon\/\",\"name\":\"[:fr]SAISONS - QUINTETTE AQUILON[:] - LA TRAVERSIERE The french flute association\",\"isPartOf\":{\"@id\":\"https:\/\/latraversiere.fr\/#website\"},\"primaryImageOfPage\":{\"@id\":\"https:\/\/latraversiere.fr\/boutique\/cd-dvd\/saisons-quintette-aquilon\/#primaryimage\"},\"datePublished\":\"2021-05-24T06:21:08+00:00\",\"dateModified\":\"2021-06-05T09:11:07+00:00\",\"breadcrumb\":{\"@id\":\"https:\/\/latraversiere.fr\/boutique\/cd-dvd\/saisons-quintette-aquilon\/#breadcrumb\"},\"inLanguage\":\"en-US\",\"potentialAction\":[{\"@type\":\"ReadAction\",\"target\":[\"https:\/\/latraversiere.fr\/boutique\/cd-dvd\/saisons-quintette-aquilon\/\"]}]},{\"@type\":\"BreadcrumbList\",\"@id\":\"https:\/\/latraversiere.fr\/boutique\/cd-dvd\/saisons-quintette-aquilon\/#breadcrumb\",\"itemListElement\":[{\"@type\":\"ListItem\",\"position\":1,\"name\":\"Accueil\",\"item\":\"https:\/\/latraversiere.fr\/\"},{\"@type\":\"ListItem\",\"position\":2,\"name\":\"Boutique\",\"item\":\"https:\/\/latraversiere.fr\/en\/boutique\/\"},{\"@type\":\"ListItem\",\"position\":3,\"name\":\"SAISONS &#8211; QUINTETTE AQUILON\"}]}]}<\/script>\n<!-- \/ Yoast SEO plugin. -->","yoast_head_json":{"title":"[:fr]SAISONS - QUINTETTE AQUILON[:] - LA TRAVERSIERE The french flute association","robots":{"index":"index","follow":"follow","max-snippet":"max-snippet:-1","max-image-preview":"max-image-preview:large","max-video-preview":"max-video-preview:-1"},"canonical":"https:\/\/latraversiere.fr\/boutique\/cd-dvd\/saisons-quintette-aquilon\/","og_locale":"en_US","og_type":"article","og_title":"[:fr]SAISONS - QUINTETTE AQUILON[:] - LA TRAVERSIERE The french flute association","og_description":"[:fr]Quintette Aquilon : Marion Ralincourt, fl\u00fbte \/ Claire Sirjacobs, hautbois \/ St\u00e9phanie Corre, clarinette \/ Marianne Tilquin, cor \/ Ga\u00eblle Habert, basson \u2013 avec Vincent David, saxophone (Tomasi)  Astor Piazzolla, Estaciones porte\u00f1as, arrangement Ulf Guido Sch\u00e4fer, Henri Tomasi, Printemps pour quintette \u00e0 vent et saxophone, Samuel Barber, Summer music, Jennifer Higdon, Autumn music, Cecilia McDowall, Winter music  Avec cet album sorti en 2019, le Quintette Aquilon nous invite \u00e0 travers le th\u00e8me des saisons \u00e0 nous interroger sur le changement climatique et notre impact sur l\u2019environnement. Le programme convaincant est savamment agenc\u00e9 autour de l\u2019arrangement de Estaciones porte\u00f1as de Piazzolla qui sert de fil conducteur. Juste et brillante, la qualit\u00e9 de l\u2019interpr\u00e9tation de l\u2019ensemble fait mouche ! Quant \u00e0 la pochette de l\u2019album, ensemenc\u00e9e de graines mellif\u00e8res, vous pourrez la mettre en terre et ainsi participer \u00e0 votre \u00e9chelle, \u00e0 nourrir les abeilles... Quand la r\u00e9flexion sur l\u2019\u00e9cologie rejoint la musique : \u00e0 ne pas manquer ![:]","og_url":"https:\/\/latraversiere.fr\/boutique\/cd-dvd\/saisons-quintette-aquilon\/","og_site_name":"LA TRAVERSIERE The french flute association","article_publisher":"https:\/\/www.facebook.com\/traversieres\/","article_modified_time":"2021-06-05T09:11:07+00:00","og_image":[{"width":566,"height":566,"url":"https:\/\/latraversiere.fr\/wp-content\/uploads\/2021\/05\/saisons_aquilon.jpg","type":"image\/jpeg"}],"twitter_card":"summary","twitter_site":"@La_Traversiere","twitter_misc":{"Est. reading time":"1 minute"},"schema":{"@context":"https:\/\/schema.org","@graph":[{"@type":"Organization","@id":"https:\/\/latraversiere.fr\/#organization","name":"La Traversi\u00e8re - Association Fran\u00e7aise de la Fl\u00fbte","url":"https:\/\/latraversiere.fr\/","sameAs":["https:\/\/www.facebook.com\/traversieres\/","https:\/\/www.instagram.com\/la_traversiere\/","https:\/\/www.youtube.com\/channel\/UC46MEQZI2BfRZNFUFqc59Sw","https:\/\/twitter.com\/La_Traversiere"],"logo":{"@type":"ImageObject","@id":"https:\/\/latraversiere.fr\/#logo","inLanguage":"en-US","url":"https:\/\/latraversiere.fr\/wp-content\/uploads\/2018\/01\/LOGO-Traversiere-SITE-1.png","contentUrl":"https:\/\/latraversiere.fr\/wp-content\/uploads\/2018\/01\/LOGO-Traversiere-SITE-1.png","width":539,"height":200,"caption":"La Traversi\u00e8re - Association Fran\u00e7aise de la Fl\u00fbte"},"image":{"@id":"https:\/\/latraversiere.fr\/#logo"}},{"@type":"WebSite","@id":"https:\/\/latraversiere.fr\/#website","url":"https:\/\/latraversiere.fr\/","name":"LA TRAVERSIERE The french flute association","description":"","publisher":{"@id":"https:\/\/latraversiere.fr\/#organization"},"potentialAction":[{"@type":"SearchAction","target":{"@type":"EntryPoint","urlTemplate":"https:\/\/latraversiere.fr\/?s={search_term_string}"},"query-input":"required name=search_term_string"}],"inLanguage":"en-US"},{"@type":"ImageObject","@id":"https:\/\/latraversiere.fr\/boutique\/cd-dvd\/saisons-quintette-aquilon\/#primaryimage","inLanguage":"en-US","url":"https:\/\/latraversiere.fr\/wp-content\/uploads\/2021\/05\/saisons_aquilon.jpg","contentUrl":"https:\/\/latraversiere.fr\/wp-content\/uploads\/2021\/05\/saisons_aquilon.jpg","width":566,"height":566},{"@type":"WebPage","@id":"https:\/\/latraversiere.fr\/boutique\/cd-dvd\/saisons-quintette-aquilon\/#webpage","url":"https:\/\/latraversiere.fr\/boutique\/cd-dvd\/saisons-quintette-aquilon\/","name":"[:fr]SAISONS - QUINTETTE AQUILON[:] - LA TRAVERSIERE The french flute association","isPartOf":{"@id":"https:\/\/latraversiere.fr\/#website"},"primaryImageOfPage":{"@id":"https:\/\/latraversiere.fr\/boutique\/cd-dvd\/saisons-quintette-aquilon\/#primaryimage"},"datePublished":"2021-05-24T06:21:08+00:00","dateModified":"2021-06-05T09:11:07+00:00","breadcrumb":{"@id":"https:\/\/latraversiere.fr\/boutique\/cd-dvd\/saisons-quintette-aquilon\/#breadcrumb"},"inLanguage":"en-US","potentialAction":[{"@type":"ReadAction","target":["https:\/\/latraversiere.fr\/boutique\/cd-dvd\/saisons-quintette-aquilon\/"]}]},{"@type":"BreadcrumbList","@id":"https:\/\/latraversiere.fr\/boutique\/cd-dvd\/saisons-quintette-aquilon\/#breadcrumb","itemListElement":[{"@type":"ListItem","position":1,"name":"Accueil","item":"https:\/\/latraversiere.fr\/"},{"@type":"ListItem","position":2,"name":"Boutique","item":"https:\/\/latraversiere.fr\/en\/boutique\/"},{"@type":"ListItem","position":3,"name":"SAISONS &#8211; QUINTETTE AQUILON"}]}]}},"_links":{"self":[{"href":"https:\/\/latraversiere.fr\/en\/wp-json\/wp\/v2\/product\/12581"}],"collection":[{"href":"https:\/\/latraversiere.fr\/en\/wp-json\/wp\/v2\/product"}],"about":[{"href":"https:\/\/latraversiere.fr\/en\/wp-json\/wp\/v2\/types\/product"}],"wp:featuredmedia":[{"embeddable":true,"href":"https:\/\/latraversiere.fr\/en\/wp-json\/wp\/v2\/media\/12582"}],"wp:attachment":[{"href":"https:\/\/latraversiere.fr\/en\/wp-json\/wp\/v2\/media?parent=12581"}],"curies":[{"name":"wp","href":"https:\/\/api.w.org\/{rel}","templated":true}]}}