{"id":12717,"date":"2021-07-13T19:40:47","date_gmt":"2021-07-13T17:40:47","guid":{"rendered":"https:\/\/latraversiere.fr\/?post_type=product&#038;p=12717"},"modified":"2022-05-27T09:10:32","modified_gmt":"2022-05-27T07:10:32","slug":"jazz-flute-music","status":"publish","type":"product","link":"https:\/\/latraversiere.fr\/en\/boutique\/partitions\/jazz-flute-music\/","title":{"rendered":"JAZZ FLUTE MUSIC"},"content":{"rendered":"<p class=\"qtranxs-available-languages-message qtranxs-available-languages-message-en\">Sorry, this entry is only available in <a href=\"https:\/\/latraversiere.fr\/fr\/wp-json\/wp\/v2\/product\/12717\" class=\"qtranxs-available-language-link qtranxs-available-language-link-fr\" title=\"Fran\u00e7ais\">French<\/a>. For the sake of viewer convenience, the content is shown below in the alternative language. You may click the link to switch the active language.<\/p><p><strong>Recueil de 10 pie\u0300ces pour 1, 2, 3 flu\u0302tes ou ensemble de flu\u0302tes avec accompagnement audio<br \/>\nMichele Gori<\/strong><\/p>\n<p>Le fl\u00fbtiste jazz, Michele Gori, reconnu internationalement comme sp\u00e9cialiste dans l\u2019utilisation des fl\u00fbtes et de l\u2019\u00e9lectronique a laiss\u00e9 un souvenir m\u00e9morable aux participants des III\u00b0 et IV\u00b0 Conventions. \u00c9galement p\u00e9dagogue, il enseigne au d\u00e9partement jazz du conservatoire de Clermont-Ferrand et nous propose d\u2019explorer \u00e0 travers ce recueil didactique, l\u2019univers du jazz. Gr\u00e2ce aux gammes et arp\u00e8ges de chaque morceau, le fl\u00fbtiste pourra s\u2019essayer \u00e0 d\u00e9velopper ses propres solos et ce, quel que soit son niveau !<br \/>\n<strong>Offre valable jusqu\u2019au 15 d\u00e9cembre 2021 et limit\u00e9e \u00e0 un exemplaire par adh\u00e9rent<\/strong><br \/>\n<\/p>","protected":false},"excerpt":{"rendered":"<p class=\"qtranxs-available-languages-message qtranxs-available-languages-message-en\">Sorry, this entry is only available in <a href=\"https:\/\/latraversiere.fr\/fr\/wp-json\/wp\/v2\/product\/12717\" class=\"qtranxs-available-language-link qtranxs-available-language-link-fr\" title=\"Fran\u00e7ais\">French<\/a>. For the sake of viewer convenience, the content is shown below in the alternative language. You may click the link to switch the active language.<\/p>\n<p><strong>Recueil de 10 pi\u00e8ces pour 1, 2, 3 fl\u00fbtes ou ensemble de fl\u00fbtes avec accompagnement audio<br \/>\nMichele Gori<\/strong><\/p>\n<p>Le fl\u00fbtiste jazz, Michele Gori, reconnu internationalement comme sp\u00e9cialiste dans l\u2019utilisation des fl\u00fbtes et de l\u2019\u00e9lectronique a laiss\u00e9 un souvenir m\u00e9morable aux participants des III\u00b0 et IV\u00b0 Conventions. \u00c9galement p\u00e9dagogue, il enseigne au d\u00e9partement jazz du conservatoire de Clermont-Ferrand et nous propose d\u2019explorer \u00e0 travers ce recueil didactique, l\u2019univers du jazz. Gr\u00e2ce aux gammes et arp\u00e8ges de chaque morceau, le fl\u00fbtiste pourra s\u2019essayer \u00e0 d\u00e9velopper ses propres solos et ce, quel que soit son niveau !<br \/>\n<strong>Offre valable jusqu\u2019au 15 d\u00e9cembre 2021 et limit\u00e9e \u00e0 un exemplaire par adh\u00e9rent<\/strong><\/p>\n","protected":false},"featured_media":12718,"template":"","meta":[],"yoast_head":"<!-- This site is optimized with the Yoast SEO plugin v17.5 - https:\/\/yoast.com\/wordpress\/plugins\/seo\/ -->\n<title><\/title>\n<meta name=\"robots\" content=\"index, follow, max-snippet:-1, max-image-preview:large, max-video-preview:-1\" \/>\n<link rel=\"canonical\" href=\"https:\/\/latraversiere.fr\/boutique\/partitions\/jazz-flute-music\/\" \/>\n<meta property=\"og:locale\" content=\"en_US\" \/>\n<meta property=\"og:type\" content=\"article\" \/>\n<meta property=\"og:title\" content=\"[:fr]JAZZ FLUTE MUSIC[:] - LA TRAVERSIERE The french flute association\" \/>\n<meta property=\"og:description\" content=\"[:fr]Recueil de 10 pi\u00e8ces pour 1, 2, 3 fl\u00fbtes ou ensemble de fl\u00fbtes avec accompagnement audio Michele Gori  Le fl\u00fbtiste jazz, Michele Gori, reconnu internationalement comme sp\u00e9cialiste dans l\u2019utilisation des fl\u00fbtes et de l\u2019\u00e9lectronique a laiss\u00e9 un souvenir m\u00e9morable aux participants des III\u00b0 et IV\u00b0 Conventions. \u00c9galement p\u00e9dagogue, il enseigne au d\u00e9partement jazz du conservatoire de Clermont-Ferrand et nous propose d\u2019explorer \u00e0 travers ce recueil didactique, l\u2019univers du jazz. Gr\u00e2ce aux gammes et arp\u00e8ges de chaque morceau, le fl\u00fbtiste pourra s\u2019essayer \u00e0 d\u00e9velopper ses propres solos et ce, quel que soit son niveau ! Offre valable jusqu\u2019au 15 d\u00e9cembre 2021 et limit\u00e9e \u00e0 un exemplaire par adh\u00e9rent [:]\" \/>\n<meta property=\"og:url\" content=\"https:\/\/latraversiere.fr\/boutique\/partitions\/jazz-flute-music\/\" \/>\n<meta property=\"og:site_name\" content=\"LA TRAVERSIERE The french flute association\" \/>\n<meta property=\"article:publisher\" content=\"https:\/\/www.facebook.com\/traversieres\/\" \/>\n<meta property=\"article:modified_time\" content=\"2022-05-27T07:10:32+00:00\" \/>\n<meta property=\"og:image\" content=\"https:\/\/latraversiere.fr\/wp-content\/uploads\/2021\/07\/HD0010102700.jpg\" \/>\n\t<meta property=\"og:image:width\" content=\"710\" \/>\n\t<meta property=\"og:image:height\" content=\"941\" \/>\n<meta name=\"twitter:card\" content=\"summary\" \/>\n<meta name=\"twitter:site\" content=\"@La_Traversiere\" \/>\n<meta name=\"twitter:label1\" content=\"Est. reading time\" \/>\n\t<meta name=\"twitter:data1\" content=\"1 minute\" \/>\n<script type=\"application\/ld+json\" class=\"yoast-schema-graph\">{\"@context\":\"https:\/\/schema.org\",\"@graph\":[{\"@type\":\"Organization\",\"@id\":\"https:\/\/latraversiere.fr\/#organization\",\"name\":\"La Traversi\\u00e8re - Association Fran\\u00e7aise de la Fl\\u00fbte\",\"url\":\"https:\/\/latraversiere.fr\/\",\"sameAs\":[\"https:\/\/www.facebook.com\/traversieres\/\",\"https:\/\/www.instagram.com\/la_traversiere\/\",\"https:\/\/www.youtube.com\/channel\/UC46MEQZI2BfRZNFUFqc59Sw\",\"https:\/\/twitter.com\/La_Traversiere\"],\"logo\":{\"@type\":\"ImageObject\",\"@id\":\"https:\/\/latraversiere.fr\/#logo\",\"inLanguage\":\"en-US\",\"url\":\"https:\/\/latraversiere.fr\/wp-content\/uploads\/2018\/01\/LOGO-Traversiere-SITE-1.png\",\"contentUrl\":\"https:\/\/latraversiere.fr\/wp-content\/uploads\/2018\/01\/LOGO-Traversiere-SITE-1.png\",\"width\":539,\"height\":200,\"caption\":\"La Traversi\\u00e8re - Association Fran\\u00e7aise de la Fl\\u00fbte\"},\"image\":{\"@id\":\"https:\/\/latraversiere.fr\/#logo\"}},{\"@type\":\"WebSite\",\"@id\":\"https:\/\/latraversiere.fr\/#website\",\"url\":\"https:\/\/latraversiere.fr\/\",\"name\":\"LA TRAVERSIERE The french flute association\",\"description\":\"\",\"publisher\":{\"@id\":\"https:\/\/latraversiere.fr\/#organization\"},\"potentialAction\":[{\"@type\":\"SearchAction\",\"target\":{\"@type\":\"EntryPoint\",\"urlTemplate\":\"https:\/\/latraversiere.fr\/?s={search_term_string}\"},\"query-input\":\"required name=search_term_string\"}],\"inLanguage\":\"en-US\"},{\"@type\":\"ImageObject\",\"@id\":\"https:\/\/latraversiere.fr\/boutique\/partitions\/jazz-flute-music\/#primaryimage\",\"inLanguage\":\"en-US\",\"url\":\"https:\/\/latraversiere.fr\/wp-content\/uploads\/2021\/07\/HD0010102700.jpg\",\"contentUrl\":\"https:\/\/latraversiere.fr\/wp-content\/uploads\/2021\/07\/HD0010102700.jpg\",\"width\":710,\"height\":941},{\"@type\":\"WebPage\",\"@id\":\"https:\/\/latraversiere.fr\/boutique\/partitions\/jazz-flute-music\/#webpage\",\"url\":\"https:\/\/latraversiere.fr\/boutique\/partitions\/jazz-flute-music\/\",\"name\":\"[:fr]JAZZ FLUTE MUSIC[:] - LA TRAVERSIERE The french flute association\",\"isPartOf\":{\"@id\":\"https:\/\/latraversiere.fr\/#website\"},\"primaryImageOfPage\":{\"@id\":\"https:\/\/latraversiere.fr\/boutique\/partitions\/jazz-flute-music\/#primaryimage\"},\"datePublished\":\"2021-07-13T17:40:47+00:00\",\"dateModified\":\"2022-05-27T07:10:32+00:00\",\"breadcrumb\":{\"@id\":\"https:\/\/latraversiere.fr\/boutique\/partitions\/jazz-flute-music\/#breadcrumb\"},\"inLanguage\":\"en-US\",\"potentialAction\":[{\"@type\":\"ReadAction\",\"target\":[\"https:\/\/latraversiere.fr\/boutique\/partitions\/jazz-flute-music\/\"]}]},{\"@type\":\"BreadcrumbList\",\"@id\":\"https:\/\/latraversiere.fr\/boutique\/partitions\/jazz-flute-music\/#breadcrumb\",\"itemListElement\":[{\"@type\":\"ListItem\",\"position\":1,\"name\":\"Accueil\",\"item\":\"https:\/\/latraversiere.fr\/\"},{\"@type\":\"ListItem\",\"position\":2,\"name\":\"Boutique\",\"item\":\"https:\/\/latraversiere.fr\/en\/boutique\/\"},{\"@type\":\"ListItem\",\"position\":3,\"name\":\"[:fr]JAZZ FLUTE MUSIC[:]\"}]}]}<\/script>\n<!-- \/ Yoast SEO plugin. -->","yoast_head_json":{"title":"[:fr]JAZZ FLUTE MUSIC[:] - LA TRAVERSIERE The french flute association","robots":{"index":"index","follow":"follow","max-snippet":"max-snippet:-1","max-image-preview":"max-image-preview:large","max-video-preview":"max-video-preview:-1"},"canonical":"https:\/\/latraversiere.fr\/boutique\/partitions\/jazz-flute-music\/","og_locale":"en_US","og_type":"article","og_title":"[:fr]JAZZ FLUTE MUSIC[:] - LA TRAVERSIERE The french flute association","og_description":"[:fr]Recueil de 10 pi\u00e8ces pour 1, 2, 3 fl\u00fbtes ou ensemble de fl\u00fbtes avec accompagnement audio Michele Gori  Le fl\u00fbtiste jazz, Michele Gori, reconnu internationalement comme sp\u00e9cialiste dans l\u2019utilisation des fl\u00fbtes et de l\u2019\u00e9lectronique a laiss\u00e9 un souvenir m\u00e9morable aux participants des III\u00b0 et IV\u00b0 Conventions. \u00c9galement p\u00e9dagogue, il enseigne au d\u00e9partement jazz du conservatoire de Clermont-Ferrand et nous propose d\u2019explorer \u00e0 travers ce recueil didactique, l\u2019univers du jazz. Gr\u00e2ce aux gammes et arp\u00e8ges de chaque morceau, le fl\u00fbtiste pourra s\u2019essayer \u00e0 d\u00e9velopper ses propres solos et ce, quel que soit son niveau ! Offre valable jusqu\u2019au 15 d\u00e9cembre 2021 et limit\u00e9e \u00e0 un exemplaire par adh\u00e9rent [:]","og_url":"https:\/\/latraversiere.fr\/boutique\/partitions\/jazz-flute-music\/","og_site_name":"LA TRAVERSIERE The french flute association","article_publisher":"https:\/\/www.facebook.com\/traversieres\/","article_modified_time":"2022-05-27T07:10:32+00:00","og_image":[{"width":710,"height":941,"url":"https:\/\/latraversiere.fr\/wp-content\/uploads\/2021\/07\/HD0010102700.jpg","type":"image\/jpeg"}],"twitter_card":"summary","twitter_site":"@La_Traversiere","twitter_misc":{"Est. reading time":"1 minute"},"schema":{"@context":"https:\/\/schema.org","@graph":[{"@type":"Organization","@id":"https:\/\/latraversiere.fr\/#organization","name":"La Traversi\u00e8re - Association Fran\u00e7aise de la Fl\u00fbte","url":"https:\/\/latraversiere.fr\/","sameAs":["https:\/\/www.facebook.com\/traversieres\/","https:\/\/www.instagram.com\/la_traversiere\/","https:\/\/www.youtube.com\/channel\/UC46MEQZI2BfRZNFUFqc59Sw","https:\/\/twitter.com\/La_Traversiere"],"logo":{"@type":"ImageObject","@id":"https:\/\/latraversiere.fr\/#logo","inLanguage":"en-US","url":"https:\/\/latraversiere.fr\/wp-content\/uploads\/2018\/01\/LOGO-Traversiere-SITE-1.png","contentUrl":"https:\/\/latraversiere.fr\/wp-content\/uploads\/2018\/01\/LOGO-Traversiere-SITE-1.png","width":539,"height":200,"caption":"La Traversi\u00e8re - Association Fran\u00e7aise de la Fl\u00fbte"},"image":{"@id":"https:\/\/latraversiere.fr\/#logo"}},{"@type":"WebSite","@id":"https:\/\/latraversiere.fr\/#website","url":"https:\/\/latraversiere.fr\/","name":"LA TRAVERSIERE The french flute association","description":"","publisher":{"@id":"https:\/\/latraversiere.fr\/#organization"},"potentialAction":[{"@type":"SearchAction","target":{"@type":"EntryPoint","urlTemplate":"https:\/\/latraversiere.fr\/?s={search_term_string}"},"query-input":"required name=search_term_string"}],"inLanguage":"en-US"},{"@type":"ImageObject","@id":"https:\/\/latraversiere.fr\/boutique\/partitions\/jazz-flute-music\/#primaryimage","inLanguage":"en-US","url":"https:\/\/latraversiere.fr\/wp-content\/uploads\/2021\/07\/HD0010102700.jpg","contentUrl":"https:\/\/latraversiere.fr\/wp-content\/uploads\/2021\/07\/HD0010102700.jpg","width":710,"height":941},{"@type":"WebPage","@id":"https:\/\/latraversiere.fr\/boutique\/partitions\/jazz-flute-music\/#webpage","url":"https:\/\/latraversiere.fr\/boutique\/partitions\/jazz-flute-music\/","name":"[:fr]JAZZ FLUTE MUSIC[:] - LA TRAVERSIERE The french flute association","isPartOf":{"@id":"https:\/\/latraversiere.fr\/#website"},"primaryImageOfPage":{"@id":"https:\/\/latraversiere.fr\/boutique\/partitions\/jazz-flute-music\/#primaryimage"},"datePublished":"2021-07-13T17:40:47+00:00","dateModified":"2022-05-27T07:10:32+00:00","breadcrumb":{"@id":"https:\/\/latraversiere.fr\/boutique\/partitions\/jazz-flute-music\/#breadcrumb"},"inLanguage":"en-US","potentialAction":[{"@type":"ReadAction","target":["https:\/\/latraversiere.fr\/boutique\/partitions\/jazz-flute-music\/"]}]},{"@type":"BreadcrumbList","@id":"https:\/\/latraversiere.fr\/boutique\/partitions\/jazz-flute-music\/#breadcrumb","itemListElement":[{"@type":"ListItem","position":1,"name":"Accueil","item":"https:\/\/latraversiere.fr\/"},{"@type":"ListItem","position":2,"name":"Boutique","item":"https:\/\/latraversiere.fr\/en\/boutique\/"},{"@type":"ListItem","position":3,"name":"[:fr]JAZZ FLUTE MUSIC[:]"}]}]}},"_links":{"self":[{"href":"https:\/\/latraversiere.fr\/en\/wp-json\/wp\/v2\/product\/12717"}],"collection":[{"href":"https:\/\/latraversiere.fr\/en\/wp-json\/wp\/v2\/product"}],"about":[{"href":"https:\/\/latraversiere.fr\/en\/wp-json\/wp\/v2\/types\/product"}],"wp:featuredmedia":[{"embeddable":true,"href":"https:\/\/latraversiere.fr\/en\/wp-json\/wp\/v2\/media\/12718"}],"wp:attachment":[{"href":"https:\/\/latraversiere.fr\/en\/wp-json\/wp\/v2\/media?parent=12717"}],"curies":[{"name":"wp","href":"https:\/\/api.w.org\/{rel}","templated":true}]}}