{"id":12719,"date":"2021-07-13T19:48:57","date_gmt":"2021-07-13T17:48:57","guid":{"rendered":"https:\/\/latraversiere.fr\/?post_type=product&#038;p=12719"},"modified":"2021-07-16T18:14:21","modified_gmt":"2021-07-16T16:14:21","slug":"musique-de-chambre-vol-3-ferenc-farkas","status":"publish","type":"product","link":"https:\/\/latraversiere.fr\/en\/boutique\/cd-dvd\/musique-de-chambre-vol-3-ferenc-farkas\/","title":{"rendered":"MUSIQUE DE CHAMBRE, vol. 3  &#8211; FERENC FARKAS"},"content":{"rendered":"<p class=\"qtranxs-available-languages-message qtranxs-available-languages-message-en\">Sorry, this entry is only available in <a href=\"https:\/\/latraversiere.fr\/fr\/wp-json\/wp\/v2\/product\/12719\" class=\"qtranxs-available-language-link qtranxs-available-language-link-fr\" title=\"Fran\u00e7ais\">French<\/a>. For the sake of viewer convenience, the content is shown below in the alternative language. You may click the link to switch the active language.<\/p><p><strong>OEUVRES POUR FL\u00dbTE<br \/>\nFERENC FARKAS<br \/>\nToccata Classics &#8211; CD TOCC 0379<\/strong><br \/>\nAndr\u00e1s Adorj\u00e1n, fl\u00fbte \/ T\u00fcnde Szab\u00f3ki, soprano \/ Lajos Rozman, clarinette \/ Gyula Stuller, violon \/ Mikl\u00f3s Per\u00e9nyi, violoncelle \/ Andr\u00e1s Cs\u00e1ki, guitare \/ P\u00e9ter B\u00e1rsony, alto \/ Bal\u00e1zs Szokolay, piano \/ Andrea Horv\u00e1th, basson \/ Gergely Kov\u00e1cs, cor \/ M\u00e1rta Abrah\u00e1m, violon<\/p>\n<ul>\n<li>33 Battute per Angelica pour fl\u00fbte solo<\/li>\n<li>Die Lieder des Wanderers pour voix, fl\u00fbte, alto et violoncelle Egloga &#8211; Burattinata pour fl\u00fbte et guitare<\/li>\n<li>Meditazione pour fl\u00fbte en sol et piano<\/li>\n<li>Rosarium pour voix, fl\u00fbte, violoncelle et guitare<\/li>\n<li>Serenade pour fl\u00fbte et 2 violons<\/li>\n<li>Six Hungarian folk songs pour fl\u00fbte, violon et violoncelle Sonatina pour fl\u00fbte et piano<\/li>\n<li>Three dance paraphrases pour fl\u00fbte, alto et cor<\/li>\n<li>Tibicinium pour voix et fl\u00fbte<\/li>\n<li>Tre bagattelle pour fl\u00fbte, clarinette et basson<\/li>\n<li>Trigon pour fl\u00fbte, basson et piano<\/li>\n<\/ul>\n<p><\/p>","protected":false},"excerpt":{"rendered":"<p class=\"qtranxs-available-languages-message qtranxs-available-languages-message-en\">Sorry, this entry is only available in <a href=\"https:\/\/latraversiere.fr\/fr\/wp-json\/wp\/v2\/product\/12719\" class=\"qtranxs-available-language-link qtranxs-available-language-link-fr\" title=\"Fran\u00e7ais\">French<\/a>. For the sake of viewer convenience, the content is shown below in the alternative language. You may click the link to switch the active language.<\/p>\n<p><strong>OEUVRES POUR FL\u00dbTE<br \/>\nFERENC FARKAS<br \/>\nToccata Classics &#8211; CD TOCC 0379<\/strong><br \/>\nAndr\u00e1s Adorj\u00e1n, fl\u00fbte \/ T\u00fcnde Szab\u00f3ki, soprano \/ Lajos Rozman, clarinette \/ Gyula Stuller, violon \/ Mikl\u00f3s Per\u00e9nyi, violoncelle \/ Andr\u00e1s Cs\u00e1ki, guitare \/ P\u00e9ter B\u00e1rsony, alto \/ Bal\u00e1zs Szokolay, piano \/ Andrea Horv\u00e1th, basson \/ Gergely Kov\u00e1cs, cor \/ M\u00e1rta Abrah\u00e1m, violon<\/p>\n<ul>\n<li>33 Battute per Angelica pour fl\u00fbte solo<\/li>\n<li>Die Lieder des Wanderers pour voix, fl\u00fbte, alto et violoncelle Egloga &#8211; Burattinata pour fl\u00fbte et guitare<\/li>\n<li>Meditazione pour fl\u00fbte en sol et piano<\/li>\n<li>Rosarium pour voix, fl\u00fbte, violoncelle et guitare<\/li>\n<li>Serenade pour fl\u00fbte et 2 violons<\/li>\n<li>Six Hungarian folk songs pour fl\u00fbte, violon et violoncelle Sonatina pour fl\u00fbte et piano<\/li>\n<li>Three dance paraphrases pour fl\u00fbte, alto et cor<\/li>\n<li>Tibicinium pour voix et fl\u00fbte<\/li>\n<li>Tre bagattelle pour fl\u00fbte, clarinette et basson<\/li>\n<li>Trigon pour fl\u00fbte, basson et piano<\/li>\n<\/ul>\n","protected":false},"featured_media":12720,"template":"","meta":[],"yoast_head":"<!-- This site is optimized with the Yoast SEO plugin v17.5 - https:\/\/yoast.com\/wordpress\/plugins\/seo\/ -->\n<title>MUSIQUE DE CHAMBRE, vol. 3 - FERENC FARKAS - LA TRAVERSIERE The french flute association<\/title>\n<meta name=\"robots\" content=\"index, follow, max-snippet:-1, max-image-preview:large, max-video-preview:-1\" \/>\n<link rel=\"canonical\" href=\"https:\/\/latraversiere.fr\/boutique\/cd-dvd\/musique-de-chambre-vol-3-ferenc-farkas\/\" \/>\n<meta property=\"og:locale\" content=\"en_US\" \/>\n<meta property=\"og:type\" content=\"article\" \/>\n<meta property=\"og:title\" content=\"MUSIQUE DE CHAMBRE, vol. 3 - FERENC FARKAS - LA TRAVERSIERE The french flute association\" \/>\n<meta property=\"og:description\" content=\"[:fr]OEUVRES POUR FL\u00dbTE FERENC FARKAS Toccata Classics - CD TOCC 0379 Andr\u00e1s Adorj\u00e1n, fl\u00fbte \/ T\u00fcnde Szab\u00f3ki, soprano \/ Lajos Rozman, clarinette \/ Gyula Stuller, violon \/ Mikl\u00f3s Per\u00e9nyi, violoncelle \/ Andr\u00e1s Cs\u00e1ki, guitare \/ P\u00e9ter B\u00e1rsony, alto \/ Bal\u00e1zs Szokolay, piano \/ Andrea Horv\u00e1th, basson \/ Gergely Kov\u00e1cs, cor \/ M\u00e1rta Abrah\u00e1m, violon  33 Battute per Angelica pour fl\u00fbte solo Die Lieder des Wanderers pour voix, fl\u00fbte, alto et violoncelle Egloga - Burattinata pour fl\u00fbte et guitare Meditazione pour fl\u00fbte en sol et piano Rosarium pour voix, fl\u00fbte, violoncelle et guitare Serenade pour fl\u00fbte et 2 violons Six Hungarian folk songs pour fl\u00fbte, violon et violoncelle Sonatina pour fl\u00fbte et piano Three dance paraphrases pour fl\u00fbte, alto et cor Tibicinium pour voix et fl\u00fbte Tre bagattelle pour fl\u00fbte, clarinette et basson Trigon pour fl\u00fbte, basson et piano  [:]\" \/>\n<meta property=\"og:url\" content=\"https:\/\/latraversiere.fr\/boutique\/cd-dvd\/musique-de-chambre-vol-3-ferenc-farkas\/\" \/>\n<meta property=\"og:site_name\" content=\"LA TRAVERSIERE The french flute association\" \/>\n<meta property=\"article:publisher\" content=\"https:\/\/www.facebook.com\/traversieres\/\" \/>\n<meta property=\"article:modified_time\" content=\"2021-07-16T16:14:21+00:00\" \/>\n<meta property=\"og:image\" content=\"https:\/\/latraversiere.fr\/wp-content\/uploads\/2021\/07\/71aFSr6sW7L._SY355_.jpg\" \/>\n\t<meta property=\"og:image:width\" content=\"355\" \/>\n\t<meta property=\"og:image:height\" content=\"355\" \/>\n<meta name=\"twitter:card\" content=\"summary\" \/>\n<meta name=\"twitter:site\" content=\"@La_Traversiere\" \/>\n<meta name=\"twitter:label1\" content=\"Est. reading time\" \/>\n\t<meta name=\"twitter:data1\" content=\"1 minute\" \/>\n<script type=\"application\/ld+json\" class=\"yoast-schema-graph\">{\"@context\":\"https:\/\/schema.org\",\"@graph\":[{\"@type\":\"Organization\",\"@id\":\"https:\/\/latraversiere.fr\/#organization\",\"name\":\"La Traversi\\u00e8re - Association Fran\\u00e7aise de la Fl\\u00fbte\",\"url\":\"https:\/\/latraversiere.fr\/\",\"sameAs\":[\"https:\/\/www.facebook.com\/traversieres\/\",\"https:\/\/www.instagram.com\/la_traversiere\/\",\"https:\/\/www.youtube.com\/channel\/UC46MEQZI2BfRZNFUFqc59Sw\",\"https:\/\/twitter.com\/La_Traversiere\"],\"logo\":{\"@type\":\"ImageObject\",\"@id\":\"https:\/\/latraversiere.fr\/#logo\",\"inLanguage\":\"en-US\",\"url\":\"https:\/\/latraversiere.fr\/wp-content\/uploads\/2018\/01\/LOGO-Traversiere-SITE-1.png\",\"contentUrl\":\"https:\/\/latraversiere.fr\/wp-content\/uploads\/2018\/01\/LOGO-Traversiere-SITE-1.png\",\"width\":539,\"height\":200,\"caption\":\"La Traversi\\u00e8re - Association Fran\\u00e7aise de la Fl\\u00fbte\"},\"image\":{\"@id\":\"https:\/\/latraversiere.fr\/#logo\"}},{\"@type\":\"WebSite\",\"@id\":\"https:\/\/latraversiere.fr\/#website\",\"url\":\"https:\/\/latraversiere.fr\/\",\"name\":\"LA TRAVERSIERE The french flute association\",\"description\":\"\",\"publisher\":{\"@id\":\"https:\/\/latraversiere.fr\/#organization\"},\"potentialAction\":[{\"@type\":\"SearchAction\",\"target\":{\"@type\":\"EntryPoint\",\"urlTemplate\":\"https:\/\/latraversiere.fr\/?s={search_term_string}\"},\"query-input\":\"required name=search_term_string\"}],\"inLanguage\":\"en-US\"},{\"@type\":\"ImageObject\",\"@id\":\"https:\/\/latraversiere.fr\/boutique\/cd-dvd\/musique-de-chambre-vol-3-ferenc-farkas\/#primaryimage\",\"inLanguage\":\"en-US\",\"url\":\"https:\/\/latraversiere.fr\/wp-content\/uploads\/2021\/07\/71aFSr6sW7L._SY355_.jpg\",\"contentUrl\":\"https:\/\/latraversiere.fr\/wp-content\/uploads\/2021\/07\/71aFSr6sW7L._SY355_.jpg\",\"width\":355,\"height\":355},{\"@type\":\"WebPage\",\"@id\":\"https:\/\/latraversiere.fr\/boutique\/cd-dvd\/musique-de-chambre-vol-3-ferenc-farkas\/#webpage\",\"url\":\"https:\/\/latraversiere.fr\/boutique\/cd-dvd\/musique-de-chambre-vol-3-ferenc-farkas\/\",\"name\":\"MUSIQUE DE CHAMBRE, vol. 3 - FERENC FARKAS - LA TRAVERSIERE The french flute association\",\"isPartOf\":{\"@id\":\"https:\/\/latraversiere.fr\/#website\"},\"primaryImageOfPage\":{\"@id\":\"https:\/\/latraversiere.fr\/boutique\/cd-dvd\/musique-de-chambre-vol-3-ferenc-farkas\/#primaryimage\"},\"datePublished\":\"2021-07-13T17:48:57+00:00\",\"dateModified\":\"2021-07-16T16:14:21+00:00\",\"breadcrumb\":{\"@id\":\"https:\/\/latraversiere.fr\/boutique\/cd-dvd\/musique-de-chambre-vol-3-ferenc-farkas\/#breadcrumb\"},\"inLanguage\":\"en-US\",\"potentialAction\":[{\"@type\":\"ReadAction\",\"target\":[\"https:\/\/latraversiere.fr\/boutique\/cd-dvd\/musique-de-chambre-vol-3-ferenc-farkas\/\"]}]},{\"@type\":\"BreadcrumbList\",\"@id\":\"https:\/\/latraversiere.fr\/boutique\/cd-dvd\/musique-de-chambre-vol-3-ferenc-farkas\/#breadcrumb\",\"itemListElement\":[{\"@type\":\"ListItem\",\"position\":1,\"name\":\"Accueil\",\"item\":\"https:\/\/latraversiere.fr\/\"},{\"@type\":\"ListItem\",\"position\":2,\"name\":\"Boutique\",\"item\":\"https:\/\/latraversiere.fr\/en\/boutique\/\"},{\"@type\":\"ListItem\",\"position\":3,\"name\":\"MUSIQUE DE CHAMBRE, vol. 3 &#8211; FERENC FARKAS\"}]}]}<\/script>\n<!-- \/ Yoast SEO plugin. -->","yoast_head_json":{"title":"MUSIQUE DE CHAMBRE, vol. 3 - FERENC FARKAS - LA TRAVERSIERE The french flute association","robots":{"index":"index","follow":"follow","max-snippet":"max-snippet:-1","max-image-preview":"max-image-preview:large","max-video-preview":"max-video-preview:-1"},"canonical":"https:\/\/latraversiere.fr\/boutique\/cd-dvd\/musique-de-chambre-vol-3-ferenc-farkas\/","og_locale":"en_US","og_type":"article","og_title":"MUSIQUE DE CHAMBRE, vol. 3 - FERENC FARKAS - LA TRAVERSIERE The french flute association","og_description":"[:fr]OEUVRES POUR FL\u00dbTE FERENC FARKAS Toccata Classics - CD TOCC 0379 Andr\u00e1s Adorj\u00e1n, fl\u00fbte \/ T\u00fcnde Szab\u00f3ki, soprano \/ Lajos Rozman, clarinette \/ Gyula Stuller, violon \/ Mikl\u00f3s Per\u00e9nyi, violoncelle \/ Andr\u00e1s Cs\u00e1ki, guitare \/ P\u00e9ter B\u00e1rsony, alto \/ Bal\u00e1zs Szokolay, piano \/ Andrea Horv\u00e1th, basson \/ Gergely Kov\u00e1cs, cor \/ M\u00e1rta Abrah\u00e1m, violon  33 Battute per Angelica pour fl\u00fbte solo Die Lieder des Wanderers pour voix, fl\u00fbte, alto et violoncelle Egloga - Burattinata pour fl\u00fbte et guitare Meditazione pour fl\u00fbte en sol et piano Rosarium pour voix, fl\u00fbte, violoncelle et guitare Serenade pour fl\u00fbte et 2 violons Six Hungarian folk songs pour fl\u00fbte, violon et violoncelle Sonatina pour fl\u00fbte et piano Three dance paraphrases pour fl\u00fbte, alto et cor Tibicinium pour voix et fl\u00fbte Tre bagattelle pour fl\u00fbte, clarinette et basson Trigon pour fl\u00fbte, basson et piano  [:]","og_url":"https:\/\/latraversiere.fr\/boutique\/cd-dvd\/musique-de-chambre-vol-3-ferenc-farkas\/","og_site_name":"LA TRAVERSIERE The french flute association","article_publisher":"https:\/\/www.facebook.com\/traversieres\/","article_modified_time":"2021-07-16T16:14:21+00:00","og_image":[{"width":355,"height":355,"url":"https:\/\/latraversiere.fr\/wp-content\/uploads\/2021\/07\/71aFSr6sW7L._SY355_.jpg","type":"image\/jpeg"}],"twitter_card":"summary","twitter_site":"@La_Traversiere","twitter_misc":{"Est. reading time":"1 minute"},"schema":{"@context":"https:\/\/schema.org","@graph":[{"@type":"Organization","@id":"https:\/\/latraversiere.fr\/#organization","name":"La Traversi\u00e8re - Association Fran\u00e7aise de la Fl\u00fbte","url":"https:\/\/latraversiere.fr\/","sameAs":["https:\/\/www.facebook.com\/traversieres\/","https:\/\/www.instagram.com\/la_traversiere\/","https:\/\/www.youtube.com\/channel\/UC46MEQZI2BfRZNFUFqc59Sw","https:\/\/twitter.com\/La_Traversiere"],"logo":{"@type":"ImageObject","@id":"https:\/\/latraversiere.fr\/#logo","inLanguage":"en-US","url":"https:\/\/latraversiere.fr\/wp-content\/uploads\/2018\/01\/LOGO-Traversiere-SITE-1.png","contentUrl":"https:\/\/latraversiere.fr\/wp-content\/uploads\/2018\/01\/LOGO-Traversiere-SITE-1.png","width":539,"height":200,"caption":"La Traversi\u00e8re - Association Fran\u00e7aise de la Fl\u00fbte"},"image":{"@id":"https:\/\/latraversiere.fr\/#logo"}},{"@type":"WebSite","@id":"https:\/\/latraversiere.fr\/#website","url":"https:\/\/latraversiere.fr\/","name":"LA TRAVERSIERE The french flute association","description":"","publisher":{"@id":"https:\/\/latraversiere.fr\/#organization"},"potentialAction":[{"@type":"SearchAction","target":{"@type":"EntryPoint","urlTemplate":"https:\/\/latraversiere.fr\/?s={search_term_string}"},"query-input":"required name=search_term_string"}],"inLanguage":"en-US"},{"@type":"ImageObject","@id":"https:\/\/latraversiere.fr\/boutique\/cd-dvd\/musique-de-chambre-vol-3-ferenc-farkas\/#primaryimage","inLanguage":"en-US","url":"https:\/\/latraversiere.fr\/wp-content\/uploads\/2021\/07\/71aFSr6sW7L._SY355_.jpg","contentUrl":"https:\/\/latraversiere.fr\/wp-content\/uploads\/2021\/07\/71aFSr6sW7L._SY355_.jpg","width":355,"height":355},{"@type":"WebPage","@id":"https:\/\/latraversiere.fr\/boutique\/cd-dvd\/musique-de-chambre-vol-3-ferenc-farkas\/#webpage","url":"https:\/\/latraversiere.fr\/boutique\/cd-dvd\/musique-de-chambre-vol-3-ferenc-farkas\/","name":"MUSIQUE DE CHAMBRE, vol. 3 - FERENC FARKAS - LA TRAVERSIERE The french flute association","isPartOf":{"@id":"https:\/\/latraversiere.fr\/#website"},"primaryImageOfPage":{"@id":"https:\/\/latraversiere.fr\/boutique\/cd-dvd\/musique-de-chambre-vol-3-ferenc-farkas\/#primaryimage"},"datePublished":"2021-07-13T17:48:57+00:00","dateModified":"2021-07-16T16:14:21+00:00","breadcrumb":{"@id":"https:\/\/latraversiere.fr\/boutique\/cd-dvd\/musique-de-chambre-vol-3-ferenc-farkas\/#breadcrumb"},"inLanguage":"en-US","potentialAction":[{"@type":"ReadAction","target":["https:\/\/latraversiere.fr\/boutique\/cd-dvd\/musique-de-chambre-vol-3-ferenc-farkas\/"]}]},{"@type":"BreadcrumbList","@id":"https:\/\/latraversiere.fr\/boutique\/cd-dvd\/musique-de-chambre-vol-3-ferenc-farkas\/#breadcrumb","itemListElement":[{"@type":"ListItem","position":1,"name":"Accueil","item":"https:\/\/latraversiere.fr\/"},{"@type":"ListItem","position":2,"name":"Boutique","item":"https:\/\/latraversiere.fr\/en\/boutique\/"},{"@type":"ListItem","position":3,"name":"MUSIQUE DE CHAMBRE, vol. 3 &#8211; FERENC FARKAS"}]}]}},"_links":{"self":[{"href":"https:\/\/latraversiere.fr\/en\/wp-json\/wp\/v2\/product\/12719"}],"collection":[{"href":"https:\/\/latraversiere.fr\/en\/wp-json\/wp\/v2\/product"}],"about":[{"href":"https:\/\/latraversiere.fr\/en\/wp-json\/wp\/v2\/types\/product"}],"wp:featuredmedia":[{"embeddable":true,"href":"https:\/\/latraversiere.fr\/en\/wp-json\/wp\/v2\/media\/12720"}],"wp:attachment":[{"href":"https:\/\/latraversiere.fr\/en\/wp-json\/wp\/v2\/media?parent=12719"}],"curies":[{"name":"wp","href":"https:\/\/api.w.org\/{rel}","templated":true}]}}