{"id":13131,"date":"2021-10-18T18:55:48","date_gmt":"2021-10-18T16:55:48","guid":{"rendered":"https:\/\/latraversiere.fr\/?post_type=product&#038;p=13131"},"modified":"2021-10-31T10:48:46","modified_gmt":"2021-10-31T09:48:46","slug":"franz-carl-doppler-the-complete-flute-music-vol-8","status":"publish","type":"product","link":"https:\/\/latraversiere.fr\/en\/boutique\/cd-dvd\/franz-carl-doppler-the-complete-flute-music-vol-8\/","title":{"rendered":"Franz &#038; Carl Doppler &#8211; THE COMPLETE FLUTE MUSIC vol. 8"},"content":{"rendered":"<p><strong><br \/>\nClaudi Arimany, Philippe Bernold &#038; Shigenori Kudo, fl\u00fbtes \/ Alan Branch, Michel Wagemans, John Steele Ritter, piano \/ Artur Nogu\u00e9s, cor \/ Orquesta Sinf\u00f3nica Ciudad de Elche, Leonardo Mart\u00ednez \/ Orquesta Filarmonica de M\u00e1laga, Christian Pollack<br \/>\n<\/strong><\/p>\n<p>F. Doppler : Paraphrase sur La Sonnambula op. 42 pour 2 fl\u00fbtes et piano<br \/>\nF. Doppler : Berceuse op. 15<br \/>\nF. Doppler : Airs Valaques<br \/>\nF. Doppler : Fantaisie op. 10 pour fl\u00fbte et piano<br \/>\nF. Doppler : Souvenir du Rigi op. 34 pour fl\u00fbte, cor et piano.<br \/>\nC. Doppler : Potpourri sur Ilka de F. Doppler (1er enr.).<br \/>\nF. Doppler : Morceaux favoris sur La Norma de Bellini (1er enr.)<br \/>\nF. Doppler : Duos sur La Dame Blanche de Boieldieu pour 2 fl\u00fbtes (1er enr.)<br \/>\nF. Doppler : Fantaisie sur un th\u00e8me de Beethoven op. 47 pour fl\u00fbte et orchestre (1er enr.)<br \/>\nC. Doppler : 3 Variations sur un th\u00e8me hongrois op. 4 pour fl\u00fbte et orchestre (1er enr.)<\/p>\n","protected":false},"excerpt":{"rendered":"<p><strong><br \/>\nClaudi Arimany, Philippe Bernold &#038; Shigenori Kudo, fl\u00fbtes \/ Alan Branch, Michel Wagemans, John Steele Ritter, piano \/ Artur Nogu\u00e9s, cor \/ Orquesta Sinf\u00f3nica Ciudad de Elche, Leonardo Mart\u00ednez \/ Orquesta Filarmonica de M\u00e1laga, Christian Pollack<br \/>\n<\/strong><\/p>\n<p>F. Doppler : Paraphrase sur La Sonnambula op. 42 pour 2 fl\u00fbtes et piano<br \/>\nF. Doppler : Berceuse op. 15<br \/>\nF. Doppler : Airs Valaques<br \/>\nF. Doppler : Fantaisie op. 10 pour fl\u00fbte et piano<br \/>\nF. Doppler : Souvenir du Rigi op. 34 pour fl\u00fbte, cor et piano.<br \/>\nC. Doppler : Potpourri sur Ilka de F. Doppler (1er enr.).<br \/>\nF. Doppler : Morceaux favoris sur La Norma de Bellini (1er enr.)<br \/>\nF. Doppler : Duos sur La Dame Blanche de Boieldieu pour 2 fl\u00fbtes (1er enr.)<br \/>\nF. Doppler : Fantaisie sur un th\u00e8me de Beethoven op. 47 pour fl\u00fbte et orchestre (1er enr.)<br \/>\nC. Doppler : 3 Variations sur un th\u00e8me hongrois op. 4 pour fl\u00fbte et orchestre (1er enr.)<\/p>\n","protected":false},"featured_media":13133,"template":"","meta":[],"yoast_head":"<!-- This site is optimized with the Yoast SEO plugin v17.5 - https:\/\/yoast.com\/wordpress\/plugins\/seo\/ -->\n<title>Franz &amp; Carl Doppler - THE COMPLETE FLUTE MUSIC vol. 8 - LA TRAVERSIERE The french flute association<\/title>\n<meta name=\"robots\" content=\"index, follow, max-snippet:-1, max-image-preview:large, max-video-preview:-1\" \/>\n<link rel=\"canonical\" href=\"https:\/\/latraversiere.fr\/boutique\/cd-dvd\/franz-carl-doppler-the-complete-flute-music-vol-8\/\" \/>\n<meta property=\"og:locale\" content=\"en_US\" \/>\n<meta property=\"og:type\" content=\"article\" \/>\n<meta property=\"og:title\" content=\"Franz &amp; Carl Doppler - THE COMPLETE FLUTE MUSIC vol. 8 - LA TRAVERSIERE The french flute association\" \/>\n<meta property=\"og:description\" content=\"Claudi Arimany, Philippe Bernold &amp; Shigenori Kudo, fl\u00fbtes \/ Alan Branch, Michel Wagemans, John Steele Ritter, piano \/ Artur Nogu\u00e9s, cor \/ Orquesta Sinf\u00f3nica Ciudad de Elche, Leonardo Mart\u00ednez \/ Orquesta Filarmonica de M\u00e1laga, Christian Pollack   F. Doppler : Paraphrase sur La Sonnambula op. 42 pour 2 fl\u00fbtes et piano F. Doppler : Berceuse op. 15 F. Doppler : Airs Valaques F. Doppler : Fantaisie op. 10 pour fl\u00fbte et piano F. Doppler : Souvenir du Rigi op. 34 pour fl\u00fbte, cor et piano.  C. Doppler : Potpourri sur Ilka de F. Doppler (1er enr.).  F. Doppler : Morceaux favoris sur La Norma de Bellini (1er enr.) F. Doppler : Duos sur La Dame Blanche de Boieldieu pour 2 fl\u00fbtes (1er enr.) F. Doppler : Fantaisie sur un th\u00e8me de Beethoven op. 47 pour fl\u00fbte et orchestre (1er enr.) C. Doppler : 3 Variations sur un th\u00e8me hongrois op. 4 pour fl\u00fbte et orchestre (1er enr.)\" \/>\n<meta property=\"og:url\" content=\"https:\/\/latraversiere.fr\/boutique\/cd-dvd\/franz-carl-doppler-the-complete-flute-music-vol-8\/\" \/>\n<meta property=\"og:site_name\" content=\"LA TRAVERSIERE The french flute association\" \/>\n<meta property=\"article:publisher\" content=\"https:\/\/www.facebook.com\/traversieres\/\" \/>\n<meta property=\"article:modified_time\" content=\"2021-10-31T09:48:46+00:00\" \/>\n<meta property=\"og:image\" content=\"https:\/\/latraversiere.fr\/wp-content\/uploads\/2021\/10\/Doppler-CompleteFluteMusic-8.jpeg\" \/>\n\t<meta property=\"og:image:width\" content=\"900\" \/>\n\t<meta property=\"og:image:height\" content=\"900\" \/>\n<meta name=\"twitter:card\" content=\"summary\" \/>\n<meta name=\"twitter:site\" content=\"@La_Traversiere\" \/>\n<meta name=\"twitter:label1\" content=\"Est. reading time\" \/>\n\t<meta name=\"twitter:data1\" content=\"1 minute\" \/>\n<script type=\"application\/ld+json\" class=\"yoast-schema-graph\">{\"@context\":\"https:\/\/schema.org\",\"@graph\":[{\"@type\":\"Organization\",\"@id\":\"https:\/\/latraversiere.fr\/#organization\",\"name\":\"La Traversi\\u00e8re - Association Fran\\u00e7aise de la Fl\\u00fbte\",\"url\":\"https:\/\/latraversiere.fr\/\",\"sameAs\":[\"https:\/\/www.facebook.com\/traversieres\/\",\"https:\/\/www.instagram.com\/la_traversiere\/\",\"https:\/\/www.youtube.com\/channel\/UC46MEQZI2BfRZNFUFqc59Sw\",\"https:\/\/twitter.com\/La_Traversiere\"],\"logo\":{\"@type\":\"ImageObject\",\"@id\":\"https:\/\/latraversiere.fr\/#logo\",\"inLanguage\":\"en-US\",\"url\":\"https:\/\/latraversiere.fr\/wp-content\/uploads\/2018\/01\/LOGO-Traversiere-SITE-1.png\",\"contentUrl\":\"https:\/\/latraversiere.fr\/wp-content\/uploads\/2018\/01\/LOGO-Traversiere-SITE-1.png\",\"width\":539,\"height\":200,\"caption\":\"La Traversi\\u00e8re - Association Fran\\u00e7aise de la Fl\\u00fbte\"},\"image\":{\"@id\":\"https:\/\/latraversiere.fr\/#logo\"}},{\"@type\":\"WebSite\",\"@id\":\"https:\/\/latraversiere.fr\/#website\",\"url\":\"https:\/\/latraversiere.fr\/\",\"name\":\"LA TRAVERSIERE The french flute association\",\"description\":\"\",\"publisher\":{\"@id\":\"https:\/\/latraversiere.fr\/#organization\"},\"potentialAction\":[{\"@type\":\"SearchAction\",\"target\":{\"@type\":\"EntryPoint\",\"urlTemplate\":\"https:\/\/latraversiere.fr\/?s={search_term_string}\"},\"query-input\":\"required name=search_term_string\"}],\"inLanguage\":\"en-US\"},{\"@type\":\"ImageObject\",\"@id\":\"https:\/\/latraversiere.fr\/boutique\/cd-dvd\/franz-carl-doppler-the-complete-flute-music-vol-8\/#primaryimage\",\"inLanguage\":\"en-US\",\"url\":\"https:\/\/latraversiere.fr\/wp-content\/uploads\/2021\/10\/Doppler-CompleteFluteMusic-8.jpeg\",\"contentUrl\":\"https:\/\/latraversiere.fr\/wp-content\/uploads\/2021\/10\/Doppler-CompleteFluteMusic-8.jpeg\",\"width\":900,\"height\":900},{\"@type\":\"WebPage\",\"@id\":\"https:\/\/latraversiere.fr\/boutique\/cd-dvd\/franz-carl-doppler-the-complete-flute-music-vol-8\/#webpage\",\"url\":\"https:\/\/latraversiere.fr\/boutique\/cd-dvd\/franz-carl-doppler-the-complete-flute-music-vol-8\/\",\"name\":\"Franz & Carl Doppler - THE COMPLETE FLUTE MUSIC vol. 8 - LA TRAVERSIERE The french flute association\",\"isPartOf\":{\"@id\":\"https:\/\/latraversiere.fr\/#website\"},\"primaryImageOfPage\":{\"@id\":\"https:\/\/latraversiere.fr\/boutique\/cd-dvd\/franz-carl-doppler-the-complete-flute-music-vol-8\/#primaryimage\"},\"datePublished\":\"2021-10-18T16:55:48+00:00\",\"dateModified\":\"2021-10-31T09:48:46+00:00\",\"breadcrumb\":{\"@id\":\"https:\/\/latraversiere.fr\/boutique\/cd-dvd\/franz-carl-doppler-the-complete-flute-music-vol-8\/#breadcrumb\"},\"inLanguage\":\"en-US\",\"potentialAction\":[{\"@type\":\"ReadAction\",\"target\":[\"https:\/\/latraversiere.fr\/boutique\/cd-dvd\/franz-carl-doppler-the-complete-flute-music-vol-8\/\"]}]},{\"@type\":\"BreadcrumbList\",\"@id\":\"https:\/\/latraversiere.fr\/boutique\/cd-dvd\/franz-carl-doppler-the-complete-flute-music-vol-8\/#breadcrumb\",\"itemListElement\":[{\"@type\":\"ListItem\",\"position\":1,\"name\":\"Accueil\",\"item\":\"https:\/\/latraversiere.fr\/\"},{\"@type\":\"ListItem\",\"position\":2,\"name\":\"Boutique\",\"item\":\"https:\/\/latraversiere.fr\/en\/boutique\/\"},{\"@type\":\"ListItem\",\"position\":3,\"name\":\"Franz &#038; Carl Doppler &#8211; THE COMPLETE FLUTE MUSIC vol. 8\"}]}]}<\/script>\n<!-- \/ Yoast SEO plugin. -->","yoast_head_json":{"title":"Franz & Carl Doppler - THE COMPLETE FLUTE MUSIC vol. 8 - LA TRAVERSIERE The french flute association","robots":{"index":"index","follow":"follow","max-snippet":"max-snippet:-1","max-image-preview":"max-image-preview:large","max-video-preview":"max-video-preview:-1"},"canonical":"https:\/\/latraversiere.fr\/boutique\/cd-dvd\/franz-carl-doppler-the-complete-flute-music-vol-8\/","og_locale":"en_US","og_type":"article","og_title":"Franz & Carl Doppler - THE COMPLETE FLUTE MUSIC vol. 8 - LA TRAVERSIERE The french flute association","og_description":"Claudi Arimany, Philippe Bernold & Shigenori Kudo, fl\u00fbtes \/ Alan Branch, Michel Wagemans, John Steele Ritter, piano \/ Artur Nogu\u00e9s, cor \/ Orquesta Sinf\u00f3nica Ciudad de Elche, Leonardo Mart\u00ednez \/ Orquesta Filarmonica de M\u00e1laga, Christian Pollack   F. Doppler : Paraphrase sur La Sonnambula op. 42 pour 2 fl\u00fbtes et piano F. Doppler : Berceuse op. 15 F. Doppler : Airs Valaques F. Doppler : Fantaisie op. 10 pour fl\u00fbte et piano F. Doppler : Souvenir du Rigi op. 34 pour fl\u00fbte, cor et piano.  C. Doppler : Potpourri sur Ilka de F. Doppler (1er enr.).  F. Doppler : Morceaux favoris sur La Norma de Bellini (1er enr.) F. Doppler : Duos sur La Dame Blanche de Boieldieu pour 2 fl\u00fbtes (1er enr.) F. Doppler : Fantaisie sur un th\u00e8me de Beethoven op. 47 pour fl\u00fbte et orchestre (1er enr.) C. Doppler : 3 Variations sur un th\u00e8me hongrois op. 4 pour fl\u00fbte et orchestre (1er enr.)","og_url":"https:\/\/latraversiere.fr\/boutique\/cd-dvd\/franz-carl-doppler-the-complete-flute-music-vol-8\/","og_site_name":"LA TRAVERSIERE The french flute association","article_publisher":"https:\/\/www.facebook.com\/traversieres\/","article_modified_time":"2021-10-31T09:48:46+00:00","og_image":[{"width":900,"height":900,"url":"https:\/\/latraversiere.fr\/wp-content\/uploads\/2021\/10\/Doppler-CompleteFluteMusic-8.jpeg","type":"image\/jpeg"}],"twitter_card":"summary","twitter_site":"@La_Traversiere","twitter_misc":{"Est. reading time":"1 minute"},"schema":{"@context":"https:\/\/schema.org","@graph":[{"@type":"Organization","@id":"https:\/\/latraversiere.fr\/#organization","name":"La Traversi\u00e8re - Association Fran\u00e7aise de la Fl\u00fbte","url":"https:\/\/latraversiere.fr\/","sameAs":["https:\/\/www.facebook.com\/traversieres\/","https:\/\/www.instagram.com\/la_traversiere\/","https:\/\/www.youtube.com\/channel\/UC46MEQZI2BfRZNFUFqc59Sw","https:\/\/twitter.com\/La_Traversiere"],"logo":{"@type":"ImageObject","@id":"https:\/\/latraversiere.fr\/#logo","inLanguage":"en-US","url":"https:\/\/latraversiere.fr\/wp-content\/uploads\/2018\/01\/LOGO-Traversiere-SITE-1.png","contentUrl":"https:\/\/latraversiere.fr\/wp-content\/uploads\/2018\/01\/LOGO-Traversiere-SITE-1.png","width":539,"height":200,"caption":"La Traversi\u00e8re - Association Fran\u00e7aise de la Fl\u00fbte"},"image":{"@id":"https:\/\/latraversiere.fr\/#logo"}},{"@type":"WebSite","@id":"https:\/\/latraversiere.fr\/#website","url":"https:\/\/latraversiere.fr\/","name":"LA TRAVERSIERE The french flute association","description":"","publisher":{"@id":"https:\/\/latraversiere.fr\/#organization"},"potentialAction":[{"@type":"SearchAction","target":{"@type":"EntryPoint","urlTemplate":"https:\/\/latraversiere.fr\/?s={search_term_string}"},"query-input":"required name=search_term_string"}],"inLanguage":"en-US"},{"@type":"ImageObject","@id":"https:\/\/latraversiere.fr\/boutique\/cd-dvd\/franz-carl-doppler-the-complete-flute-music-vol-8\/#primaryimage","inLanguage":"en-US","url":"https:\/\/latraversiere.fr\/wp-content\/uploads\/2021\/10\/Doppler-CompleteFluteMusic-8.jpeg","contentUrl":"https:\/\/latraversiere.fr\/wp-content\/uploads\/2021\/10\/Doppler-CompleteFluteMusic-8.jpeg","width":900,"height":900},{"@type":"WebPage","@id":"https:\/\/latraversiere.fr\/boutique\/cd-dvd\/franz-carl-doppler-the-complete-flute-music-vol-8\/#webpage","url":"https:\/\/latraversiere.fr\/boutique\/cd-dvd\/franz-carl-doppler-the-complete-flute-music-vol-8\/","name":"Franz & Carl Doppler - THE COMPLETE FLUTE MUSIC vol. 8 - LA TRAVERSIERE The french flute association","isPartOf":{"@id":"https:\/\/latraversiere.fr\/#website"},"primaryImageOfPage":{"@id":"https:\/\/latraversiere.fr\/boutique\/cd-dvd\/franz-carl-doppler-the-complete-flute-music-vol-8\/#primaryimage"},"datePublished":"2021-10-18T16:55:48+00:00","dateModified":"2021-10-31T09:48:46+00:00","breadcrumb":{"@id":"https:\/\/latraversiere.fr\/boutique\/cd-dvd\/franz-carl-doppler-the-complete-flute-music-vol-8\/#breadcrumb"},"inLanguage":"en-US","potentialAction":[{"@type":"ReadAction","target":["https:\/\/latraversiere.fr\/boutique\/cd-dvd\/franz-carl-doppler-the-complete-flute-music-vol-8\/"]}]},{"@type":"BreadcrumbList","@id":"https:\/\/latraversiere.fr\/boutique\/cd-dvd\/franz-carl-doppler-the-complete-flute-music-vol-8\/#breadcrumb","itemListElement":[{"@type":"ListItem","position":1,"name":"Accueil","item":"https:\/\/latraversiere.fr\/"},{"@type":"ListItem","position":2,"name":"Boutique","item":"https:\/\/latraversiere.fr\/en\/boutique\/"},{"@type":"ListItem","position":3,"name":"Franz &#038; Carl Doppler &#8211; THE COMPLETE FLUTE MUSIC vol. 8"}]}]}},"_links":{"self":[{"href":"https:\/\/latraversiere.fr\/en\/wp-json\/wp\/v2\/product\/13131"}],"collection":[{"href":"https:\/\/latraversiere.fr\/en\/wp-json\/wp\/v2\/product"}],"about":[{"href":"https:\/\/latraversiere.fr\/en\/wp-json\/wp\/v2\/types\/product"}],"wp:featuredmedia":[{"embeddable":true,"href":"https:\/\/latraversiere.fr\/en\/wp-json\/wp\/v2\/media\/13133"}],"wp:attachment":[{"href":"https:\/\/latraversiere.fr\/en\/wp-json\/wp\/v2\/media?parent=13131"}],"curies":[{"name":"wp","href":"https:\/\/api.w.org\/{rel}","templated":true}]}}