{"id":13136,"date":"2021-10-18T20:32:11","date_gmt":"2021-10-18T18:32:11","guid":{"rendered":"https:\/\/latraversiere.fr\/?post_type=product&#038;p=13136"},"modified":"2022-05-27T09:10:24","modified_gmt":"2022-05-27T07:10:24","slug":"fantaisie-sur-benyovsky-opera-de-franz-doppler-op-26-anton-pfeiffer","status":"publish","type":"product","link":"https:\/\/latraversiere.fr\/en\/boutique\/partitions\/fantaisie-sur-benyovsky-opera-de-franz-doppler-op-26-anton-pfeiffer\/","title":{"rendered":"Fantaisie sur Benyovsky, Op\u00e9ra de Franz Doppler Op. 26 &#8211; Anton Pfeiffer"},"content":{"rendered":"","protected":false},"excerpt":{"rendered":"","protected":false},"featured_media":13137,"template":"","meta":[],"yoast_head":"<!-- This site is optimized with the Yoast SEO plugin v17.5 - https:\/\/yoast.com\/wordpress\/plugins\/seo\/ -->\n<title>Fantaisie sur Benyovsky, Op\u00e9ra de Franz Doppler Op. 26 - Anton Pfeiffer - LA TRAVERSIERE The french flute association<\/title>\n<meta name=\"robots\" content=\"index, follow, max-snippet:-1, max-image-preview:large, max-video-preview:-1\" \/>\n<link rel=\"canonical\" href=\"https:\/\/latraversiere.fr\/boutique\/partitions\/fantaisie-sur-benyovsky-opera-de-franz-doppler-op-26-anton-pfeiffer\/\" \/>\n<meta property=\"og:locale\" content=\"en_US\" \/>\n<meta property=\"og:type\" content=\"article\" \/>\n<meta property=\"og:title\" content=\"Fantaisie sur Benyovsky, Op\u00e9ra de Franz Doppler Op. 26 - Anton Pfeiffer - LA TRAVERSIERE The french flute association\" \/>\n<meta property=\"og:url\" content=\"https:\/\/latraversiere.fr\/boutique\/partitions\/fantaisie-sur-benyovsky-opera-de-franz-doppler-op-26-anton-pfeiffer\/\" \/>\n<meta property=\"og:site_name\" content=\"LA TRAVERSIERE The french flute association\" \/>\n<meta property=\"article:publisher\" content=\"https:\/\/www.facebook.com\/traversieres\/\" \/>\n<meta property=\"article:modified_time\" content=\"2022-05-27T07:10:24+00:00\" \/>\n<meta property=\"og:image\" content=\"https:\/\/latraversiere.fr\/wp-content\/uploads\/2021\/10\/Fantaisie-sur-Benyovsky.jpg\" \/>\n\t<meta property=\"og:image:width\" content=\"299\" \/>\n\t<meta property=\"og:image:height\" content=\"400\" \/>\n<meta name=\"twitter:card\" content=\"summary\" \/>\n<meta name=\"twitter:site\" content=\"@La_Traversiere\" \/>\n<script type=\"application\/ld+json\" class=\"yoast-schema-graph\">{\"@context\":\"https:\/\/schema.org\",\"@graph\":[{\"@type\":\"Organization\",\"@id\":\"https:\/\/latraversiere.fr\/#organization\",\"name\":\"La Traversi\\u00e8re - Association Fran\\u00e7aise de la Fl\\u00fbte\",\"url\":\"https:\/\/latraversiere.fr\/\",\"sameAs\":[\"https:\/\/www.facebook.com\/traversieres\/\",\"https:\/\/www.instagram.com\/la_traversiere\/\",\"https:\/\/www.youtube.com\/channel\/UC46MEQZI2BfRZNFUFqc59Sw\",\"https:\/\/twitter.com\/La_Traversiere\"],\"logo\":{\"@type\":\"ImageObject\",\"@id\":\"https:\/\/latraversiere.fr\/#logo\",\"inLanguage\":\"en-US\",\"url\":\"https:\/\/latraversiere.fr\/wp-content\/uploads\/2018\/01\/LOGO-Traversiere-SITE-1.png\",\"contentUrl\":\"https:\/\/latraversiere.fr\/wp-content\/uploads\/2018\/01\/LOGO-Traversiere-SITE-1.png\",\"width\":539,\"height\":200,\"caption\":\"La Traversi\\u00e8re - Association Fran\\u00e7aise de la Fl\\u00fbte\"},\"image\":{\"@id\":\"https:\/\/latraversiere.fr\/#logo\"}},{\"@type\":\"WebSite\",\"@id\":\"https:\/\/latraversiere.fr\/#website\",\"url\":\"https:\/\/latraversiere.fr\/\",\"name\":\"LA TRAVERSIERE The french flute association\",\"description\":\"\",\"publisher\":{\"@id\":\"https:\/\/latraversiere.fr\/#organization\"},\"potentialAction\":[{\"@type\":\"SearchAction\",\"target\":{\"@type\":\"EntryPoint\",\"urlTemplate\":\"https:\/\/latraversiere.fr\/?s={search_term_string}\"},\"query-input\":\"required name=search_term_string\"}],\"inLanguage\":\"en-US\"},{\"@type\":\"ImageObject\",\"@id\":\"https:\/\/latraversiere.fr\/boutique\/partitions\/fantaisie-sur-benyovsky-opera-de-franz-doppler-op-26-anton-pfeiffer\/#primaryimage\",\"inLanguage\":\"en-US\",\"url\":\"https:\/\/latraversiere.fr\/wp-content\/uploads\/2021\/10\/Fantaisie-sur-Benyovsky.jpg\",\"contentUrl\":\"https:\/\/latraversiere.fr\/wp-content\/uploads\/2021\/10\/Fantaisie-sur-Benyovsky.jpg\",\"width\":299,\"height\":400},{\"@type\":\"WebPage\",\"@id\":\"https:\/\/latraversiere.fr\/boutique\/partitions\/fantaisie-sur-benyovsky-opera-de-franz-doppler-op-26-anton-pfeiffer\/#webpage\",\"url\":\"https:\/\/latraversiere.fr\/boutique\/partitions\/fantaisie-sur-benyovsky-opera-de-franz-doppler-op-26-anton-pfeiffer\/\",\"name\":\"Fantaisie sur Benyovsky, Op\\u00e9ra de Franz Doppler Op. 26 - Anton Pfeiffer - LA TRAVERSIERE The french flute association\",\"isPartOf\":{\"@id\":\"https:\/\/latraversiere.fr\/#website\"},\"primaryImageOfPage\":{\"@id\":\"https:\/\/latraversiere.fr\/boutique\/partitions\/fantaisie-sur-benyovsky-opera-de-franz-doppler-op-26-anton-pfeiffer\/#primaryimage\"},\"datePublished\":\"2021-10-18T18:32:11+00:00\",\"dateModified\":\"2022-05-27T07:10:24+00:00\",\"breadcrumb\":{\"@id\":\"https:\/\/latraversiere.fr\/boutique\/partitions\/fantaisie-sur-benyovsky-opera-de-franz-doppler-op-26-anton-pfeiffer\/#breadcrumb\"},\"inLanguage\":\"en-US\",\"potentialAction\":[{\"@type\":\"ReadAction\",\"target\":[\"https:\/\/latraversiere.fr\/boutique\/partitions\/fantaisie-sur-benyovsky-opera-de-franz-doppler-op-26-anton-pfeiffer\/\"]}]},{\"@type\":\"BreadcrumbList\",\"@id\":\"https:\/\/latraversiere.fr\/boutique\/partitions\/fantaisie-sur-benyovsky-opera-de-franz-doppler-op-26-anton-pfeiffer\/#breadcrumb\",\"itemListElement\":[{\"@type\":\"ListItem\",\"position\":1,\"name\":\"Accueil\",\"item\":\"https:\/\/latraversiere.fr\/\"},{\"@type\":\"ListItem\",\"position\":2,\"name\":\"Boutique\",\"item\":\"https:\/\/latraversiere.fr\/en\/boutique\/\"},{\"@type\":\"ListItem\",\"position\":3,\"name\":\"Fantaisie sur Benyovsky, Op\\u00e9ra de Franz Doppler Op. 26 &#8211; Anton Pfeiffer\"}]}]}<\/script>\n<!-- \/ Yoast SEO plugin. -->","yoast_head_json":{"title":"Fantaisie sur Benyovsky, Op\u00e9ra de Franz Doppler Op. 26 - Anton Pfeiffer - LA TRAVERSIERE The french flute association","robots":{"index":"index","follow":"follow","max-snippet":"max-snippet:-1","max-image-preview":"max-image-preview:large","max-video-preview":"max-video-preview:-1"},"canonical":"https:\/\/latraversiere.fr\/boutique\/partitions\/fantaisie-sur-benyovsky-opera-de-franz-doppler-op-26-anton-pfeiffer\/","og_locale":"en_US","og_type":"article","og_title":"Fantaisie sur Benyovsky, Op\u00e9ra de Franz Doppler Op. 26 - Anton Pfeiffer - LA TRAVERSIERE The french flute association","og_url":"https:\/\/latraversiere.fr\/boutique\/partitions\/fantaisie-sur-benyovsky-opera-de-franz-doppler-op-26-anton-pfeiffer\/","og_site_name":"LA TRAVERSIERE The french flute association","article_publisher":"https:\/\/www.facebook.com\/traversieres\/","article_modified_time":"2022-05-27T07:10:24+00:00","og_image":[{"width":299,"height":400,"url":"https:\/\/latraversiere.fr\/wp-content\/uploads\/2021\/10\/Fantaisie-sur-Benyovsky.jpg","type":"image\/jpeg"}],"twitter_card":"summary","twitter_site":"@La_Traversiere","schema":{"@context":"https:\/\/schema.org","@graph":[{"@type":"Organization","@id":"https:\/\/latraversiere.fr\/#organization","name":"La Traversi\u00e8re - Association Fran\u00e7aise de la Fl\u00fbte","url":"https:\/\/latraversiere.fr\/","sameAs":["https:\/\/www.facebook.com\/traversieres\/","https:\/\/www.instagram.com\/la_traversiere\/","https:\/\/www.youtube.com\/channel\/UC46MEQZI2BfRZNFUFqc59Sw","https:\/\/twitter.com\/La_Traversiere"],"logo":{"@type":"ImageObject","@id":"https:\/\/latraversiere.fr\/#logo","inLanguage":"en-US","url":"https:\/\/latraversiere.fr\/wp-content\/uploads\/2018\/01\/LOGO-Traversiere-SITE-1.png","contentUrl":"https:\/\/latraversiere.fr\/wp-content\/uploads\/2018\/01\/LOGO-Traversiere-SITE-1.png","width":539,"height":200,"caption":"La Traversi\u00e8re - Association Fran\u00e7aise de la Fl\u00fbte"},"image":{"@id":"https:\/\/latraversiere.fr\/#logo"}},{"@type":"WebSite","@id":"https:\/\/latraversiere.fr\/#website","url":"https:\/\/latraversiere.fr\/","name":"LA TRAVERSIERE The french flute association","description":"","publisher":{"@id":"https:\/\/latraversiere.fr\/#organization"},"potentialAction":[{"@type":"SearchAction","target":{"@type":"EntryPoint","urlTemplate":"https:\/\/latraversiere.fr\/?s={search_term_string}"},"query-input":"required name=search_term_string"}],"inLanguage":"en-US"},{"@type":"ImageObject","@id":"https:\/\/latraversiere.fr\/boutique\/partitions\/fantaisie-sur-benyovsky-opera-de-franz-doppler-op-26-anton-pfeiffer\/#primaryimage","inLanguage":"en-US","url":"https:\/\/latraversiere.fr\/wp-content\/uploads\/2021\/10\/Fantaisie-sur-Benyovsky.jpg","contentUrl":"https:\/\/latraversiere.fr\/wp-content\/uploads\/2021\/10\/Fantaisie-sur-Benyovsky.jpg","width":299,"height":400},{"@type":"WebPage","@id":"https:\/\/latraversiere.fr\/boutique\/partitions\/fantaisie-sur-benyovsky-opera-de-franz-doppler-op-26-anton-pfeiffer\/#webpage","url":"https:\/\/latraversiere.fr\/boutique\/partitions\/fantaisie-sur-benyovsky-opera-de-franz-doppler-op-26-anton-pfeiffer\/","name":"Fantaisie sur Benyovsky, Op\u00e9ra de Franz Doppler Op. 26 - Anton Pfeiffer - LA TRAVERSIERE The french flute association","isPartOf":{"@id":"https:\/\/latraversiere.fr\/#website"},"primaryImageOfPage":{"@id":"https:\/\/latraversiere.fr\/boutique\/partitions\/fantaisie-sur-benyovsky-opera-de-franz-doppler-op-26-anton-pfeiffer\/#primaryimage"},"datePublished":"2021-10-18T18:32:11+00:00","dateModified":"2022-05-27T07:10:24+00:00","breadcrumb":{"@id":"https:\/\/latraversiere.fr\/boutique\/partitions\/fantaisie-sur-benyovsky-opera-de-franz-doppler-op-26-anton-pfeiffer\/#breadcrumb"},"inLanguage":"en-US","potentialAction":[{"@type":"ReadAction","target":["https:\/\/latraversiere.fr\/boutique\/partitions\/fantaisie-sur-benyovsky-opera-de-franz-doppler-op-26-anton-pfeiffer\/"]}]},{"@type":"BreadcrumbList","@id":"https:\/\/latraversiere.fr\/boutique\/partitions\/fantaisie-sur-benyovsky-opera-de-franz-doppler-op-26-anton-pfeiffer\/#breadcrumb","itemListElement":[{"@type":"ListItem","position":1,"name":"Accueil","item":"https:\/\/latraversiere.fr\/"},{"@type":"ListItem","position":2,"name":"Boutique","item":"https:\/\/latraversiere.fr\/en\/boutique\/"},{"@type":"ListItem","position":3,"name":"Fantaisie sur Benyovsky, Op\u00e9ra de Franz Doppler Op. 26 &#8211; Anton Pfeiffer"}]}]}},"_links":{"self":[{"href":"https:\/\/latraversiere.fr\/en\/wp-json\/wp\/v2\/product\/13136"}],"collection":[{"href":"https:\/\/latraversiere.fr\/en\/wp-json\/wp\/v2\/product"}],"about":[{"href":"https:\/\/latraversiere.fr\/en\/wp-json\/wp\/v2\/types\/product"}],"wp:featuredmedia":[{"embeddable":true,"href":"https:\/\/latraversiere.fr\/en\/wp-json\/wp\/v2\/media\/13137"}],"wp:attachment":[{"href":"https:\/\/latraversiere.fr\/en\/wp-json\/wp\/v2\/media?parent=13136"}],"curies":[{"name":"wp","href":"https:\/\/api.w.org\/{rel}","templated":true}]}}