{"id":135,"date":"2017-03-20T06:59:13","date_gmt":"2017-03-20T05:59:13","guid":{"rendered":"http:\/\/192.168.1.16\/Latraversiere\/?post_type=product&#038;p=135"},"modified":"2023-01-03T19:44:28","modified_gmt":"2023-01-03T18:44:28","slug":"formule-adhesion-numerique","status":"publish","type":"product","link":"https:\/\/latraversiere.fr\/en\/boutique\/adhesion\/formule-adhesion-numerique\/","title":{"rendered":"Formule d&#8217;adh\u00e9sion num\u00e9rique"},"content":{"rendered":"<p>Adh\u00e9rer \u00e0 La Traversi\u00e8re, c&#8217;est \u00e9tendre son r\u00e9seau et partager avec la plus grande communaut\u00e9 de fl\u00fbtistes fran\u00e7ais, ainsi que supporter les actions men\u00e9es par l&#8217;association pour promouvoir la fl\u00fbte au travers le monde par l&#8217;organisation d&#8217;\u00e9v\u00e9nements, la publication de magazines et l&#8217;apport de son soutien \u00e0 des projets p\u00e9dagogiques, artistiques, ou autres mettant en avant l&#8217;instrument.<\/p>\n<p>Adh\u00e9rer \u00e0 La Traversi\u00e8re, c&#8217;est \u00e9galement b\u00e9n\u00e9ficier de nombreux avantages :<\/p>\n<ul>\n<li>Des tarifs pr\u00e9f\u00e9rentiels pour la Convention Internationale de la Fl\u00fbte ainsi qu&#8217;aux diff\u00e9rentes autres manifestations organis\u00e9es par l&#8217;association.<\/li>\n<li>Des Offres Sp\u00e9ciales sur divers articles (Partitions, Livres, CD, DVD\u2026) propos\u00e9s par l&#8217;association.<\/li>\n<li>B\u00e9n\u00e9ficier d&#8217;un relai d&#8217;information pour toutes vos manifestations (concerts, stages d&#8217;\u00e9t\u00e9\u2026)<\/li>\n<li>Imprimer en ligne votre carte adh\u00e9rent vous permettant de b\u00e9n\u00e9ficier de r\u00e9ductions chez nos partenaires<\/li>\n<\/ul>\n<p>La Formule num\u00e9rique vous donne \u00e9galement la possibilit\u00e9 de consulter en ligne tous nos magazines en version \u00e9lectronique (dans la limite de leur disponibilit\u00e9)<\/p>\n","protected":false},"excerpt":{"rendered":"<p>Adh\u00e9rer \u00e0 La Traversi\u00e8re, c&#039;est \u00e9tendre son r\u00e9seau et partager avec la plus grande communaut\u00e9 de fl\u00fbtistes fran\u00e7ais, ainsi que supporter les actions men\u00e9es par l&#039;association pour promouvoir la fl\u00fbte au travers le monde par l&#039;organisation d&#039;\u00e9v\u00e9nements, la publication de magazines et l&#039;apport de son soutien \u00e0 des projets p\u00e9dagogiques, artistiques, ou autres mettant en avant l&#039;instrument.<\/p>\n<p>Adh\u00e9rer \u00e0 La Traversi\u00e8re, c&#039;est \u00e9galement b\u00e9n\u00e9ficier de nombreux avantages :<\/p>\n<ul>\n<li>Des tarifs pr\u00e9f\u00e9rentiels pour la Convention Internationale de la Fl\u00fbte ainsi qu&#039;aux diff\u00e9rentes autres manifestations organis\u00e9es par l&#039;association.<\/li>\n<li>Des Offres Sp\u00e9ciales sur divers articles (Partitions, Livres, CD, DVD\u2026) propos\u00e9s par l&#039;association.<\/li>\n<li>B\u00e9n\u00e9ficier d&#039;un relai d&#039;information pour toutes vos manifestations (concerts, stages d&#039;\u00e9t\u00e9\u2026)<\/li>\n<li>Imprimer en ligne votre carte adh\u00e9rent vous permettant de b\u00e9n\u00e9ficier de r\u00e9ductions chez nos partenaires<\/li>\n<\/ul>\n<p>La Formule num\u00e9rique vous donne \u00e9galement la possibilit\u00e9 de consulter en ligne tous nos magazines en version \u00e9lectronique (dans la limite de leur disponibilit\u00e9)<\/p>\n","protected":false},"featured_media":1785,"template":"","meta":[],"yoast_head":"<!-- This site is optimized with the Yoast SEO plugin v17.5 - https:\/\/yoast.com\/wordpress\/plugins\/seo\/ -->\n<title>Formule d&#039;adh\u00e9sion num\u00e9rique - LA TRAVERSIERE The french flute association<\/title>\n<meta name=\"robots\" content=\"index, follow, max-snippet:-1, max-image-preview:large, max-video-preview:-1\" \/>\n<link rel=\"canonical\" href=\"https:\/\/latraversiere.fr\/boutique\/adhesion\/formule-adhesion-numerique\/\" \/>\n<meta property=\"og:locale\" content=\"en_US\" \/>\n<meta property=\"og:type\" content=\"article\" \/>\n<meta property=\"og:title\" content=\"Formule d&#039;adh\u00e9sion num\u00e9rique - LA TRAVERSIERE The french flute association\" \/>\n<meta property=\"og:description\" content=\"Adh\u00e9rer \u00e0 La Traversi\u00e8re, c&#039;est \u00e9tendre son r\u00e9seau et partager avec la plus grande communaut\u00e9 de fl\u00fbtistes fran\u00e7ais, ainsi que supporter les actions men\u00e9es par l&#039;association pour promouvoir la fl\u00fbte au travers le monde par l&#039;organisation d&#039;\u00e9v\u00e9nements, la publication de magazines et l&#039;apport de son soutien \u00e0 des projets p\u00e9dagogiques, artistiques, ou autres mettant en avant l&#039;instrument.  Adh\u00e9rer \u00e0 La Traversi\u00e8re, c&#039;est \u00e9galement b\u00e9n\u00e9ficier de nombreux avantages :   Des tarifs pr\u00e9f\u00e9rentiels pour la Convention Internationale de la Fl\u00fbte ainsi qu&#039;aux diff\u00e9rentes autres manifestations organis\u00e9es par l&#039;association.  Des Offres Sp\u00e9ciales sur divers articles (Partitions, Livres, CD, DVD\u2026) propos\u00e9s par l&#039;association.  B\u00e9n\u00e9ficier d&#039;un relai d&#039;information pour toutes vos manifestations (concerts, stages d&#039;\u00e9t\u00e9\u2026)  Imprimer en ligne votre carte adh\u00e9rent vous permettant de b\u00e9n\u00e9ficier de r\u00e9ductions chez nos partenaires  La Formule num\u00e9rique vous donne \u00e9galement la possibilit\u00e9 de consulter en ligne tous nos magazines en version \u00e9lectronique (dans la limite de leur disponibilit\u00e9)\" \/>\n<meta property=\"og:url\" content=\"https:\/\/latraversiere.fr\/boutique\/adhesion\/formule-adhesion-numerique\/\" \/>\n<meta property=\"og:site_name\" content=\"LA TRAVERSIERE The french flute association\" \/>\n<meta property=\"article:publisher\" content=\"https:\/\/www.facebook.com\/traversieres\/\" \/>\n<meta property=\"article:modified_time\" content=\"2023-01-03T18:44:28+00:00\" \/>\n<meta property=\"og:image\" content=\"https:\/\/latraversiere.fr\/wp-content\/uploads\/2017\/03\/FormuleNumerique.png\" \/>\n\t<meta property=\"og:image:width\" content=\"600\" \/>\n\t<meta property=\"og:image:height\" content=\"600\" \/>\n<meta name=\"twitter:card\" content=\"summary\" \/>\n<meta name=\"twitter:site\" content=\"@La_Traversiere\" \/>\n<meta name=\"twitter:label1\" content=\"Est. reading time\" \/>\n\t<meta name=\"twitter:data1\" content=\"1 minute\" \/>\n<script type=\"application\/ld+json\" class=\"yoast-schema-graph\">{\"@context\":\"https:\/\/schema.org\",\"@graph\":[{\"@type\":\"Organization\",\"@id\":\"https:\/\/latraversiere.fr\/#organization\",\"name\":\"La Traversi\\u00e8re - Association Fran\\u00e7aise de la Fl\\u00fbte\",\"url\":\"https:\/\/latraversiere.fr\/\",\"sameAs\":[\"https:\/\/www.facebook.com\/traversieres\/\",\"https:\/\/www.instagram.com\/la_traversiere\/\",\"https:\/\/www.youtube.com\/channel\/UC46MEQZI2BfRZNFUFqc59Sw\",\"https:\/\/twitter.com\/La_Traversiere\"],\"logo\":{\"@type\":\"ImageObject\",\"@id\":\"https:\/\/latraversiere.fr\/#logo\",\"inLanguage\":\"en-US\",\"url\":\"https:\/\/latraversiere.fr\/wp-content\/uploads\/2018\/01\/LOGO-Traversiere-SITE-1.png\",\"contentUrl\":\"https:\/\/latraversiere.fr\/wp-content\/uploads\/2018\/01\/LOGO-Traversiere-SITE-1.png\",\"width\":539,\"height\":200,\"caption\":\"La Traversi\\u00e8re - Association Fran\\u00e7aise de la Fl\\u00fbte\"},\"image\":{\"@id\":\"https:\/\/latraversiere.fr\/#logo\"}},{\"@type\":\"WebSite\",\"@id\":\"https:\/\/latraversiere.fr\/#website\",\"url\":\"https:\/\/latraversiere.fr\/\",\"name\":\"LA TRAVERSIERE The french flute association\",\"description\":\"\",\"publisher\":{\"@id\":\"https:\/\/latraversiere.fr\/#organization\"},\"potentialAction\":[{\"@type\":\"SearchAction\",\"target\":{\"@type\":\"EntryPoint\",\"urlTemplate\":\"https:\/\/latraversiere.fr\/?s={search_term_string}\"},\"query-input\":\"required name=search_term_string\"}],\"inLanguage\":\"en-US\"},{\"@type\":\"ImageObject\",\"@id\":\"https:\/\/latraversiere.fr\/boutique\/adhesion\/formule-adhesion-numerique\/#primaryimage\",\"inLanguage\":\"en-US\",\"url\":\"https:\/\/latraversiere.fr\/wp-content\/uploads\/2017\/03\/FormuleNumerique.png\",\"contentUrl\":\"https:\/\/latraversiere.fr\/wp-content\/uploads\/2017\/03\/FormuleNumerique.png\",\"width\":600,\"height\":600,\"caption\":\"Formule Num\\u00e9rique\"},{\"@type\":\"WebPage\",\"@id\":\"https:\/\/latraversiere.fr\/boutique\/adhesion\/formule-adhesion-numerique\/#webpage\",\"url\":\"https:\/\/latraversiere.fr\/boutique\/adhesion\/formule-adhesion-numerique\/\",\"name\":\"Formule d'adh\\u00e9sion num\\u00e9rique - LA TRAVERSIERE The french flute association\",\"isPartOf\":{\"@id\":\"https:\/\/latraversiere.fr\/#website\"},\"primaryImageOfPage\":{\"@id\":\"https:\/\/latraversiere.fr\/boutique\/adhesion\/formule-adhesion-numerique\/#primaryimage\"},\"datePublished\":\"2017-03-20T05:59:13+00:00\",\"dateModified\":\"2023-01-03T18:44:28+00:00\",\"breadcrumb\":{\"@id\":\"https:\/\/latraversiere.fr\/boutique\/adhesion\/formule-adhesion-numerique\/#breadcrumb\"},\"inLanguage\":\"en-US\",\"potentialAction\":[{\"@type\":\"ReadAction\",\"target\":[\"https:\/\/latraversiere.fr\/boutique\/adhesion\/formule-adhesion-numerique\/\"]}]},{\"@type\":\"BreadcrumbList\",\"@id\":\"https:\/\/latraversiere.fr\/boutique\/adhesion\/formule-adhesion-numerique\/#breadcrumb\",\"itemListElement\":[{\"@type\":\"ListItem\",\"position\":1,\"name\":\"Accueil\",\"item\":\"https:\/\/latraversiere.fr\/\"},{\"@type\":\"ListItem\",\"position\":2,\"name\":\"Boutique\",\"item\":\"https:\/\/latraversiere.fr\/en\/boutique\/\"},{\"@type\":\"ListItem\",\"position\":3,\"name\":\"Formule d&#8217;adh\\u00e9sion num\\u00e9rique\"}]}]}<\/script>\n<!-- \/ Yoast SEO plugin. -->","yoast_head_json":{"title":"Formule d'adh\u00e9sion num\u00e9rique - LA TRAVERSIERE The french flute association","robots":{"index":"index","follow":"follow","max-snippet":"max-snippet:-1","max-image-preview":"max-image-preview:large","max-video-preview":"max-video-preview:-1"},"canonical":"https:\/\/latraversiere.fr\/boutique\/adhesion\/formule-adhesion-numerique\/","og_locale":"en_US","og_type":"article","og_title":"Formule d'adh\u00e9sion num\u00e9rique - LA TRAVERSIERE The french flute association","og_description":"Adh\u00e9rer \u00e0 La Traversi\u00e8re, c&#039;est \u00e9tendre son r\u00e9seau et partager avec la plus grande communaut\u00e9 de fl\u00fbtistes fran\u00e7ais, ainsi que supporter les actions men\u00e9es par l&#039;association pour promouvoir la fl\u00fbte au travers le monde par l&#039;organisation d&#039;\u00e9v\u00e9nements, la publication de magazines et l&#039;apport de son soutien \u00e0 des projets p\u00e9dagogiques, artistiques, ou autres mettant en avant l&#039;instrument.  Adh\u00e9rer \u00e0 La Traversi\u00e8re, c&#039;est \u00e9galement b\u00e9n\u00e9ficier de nombreux avantages :   Des tarifs pr\u00e9f\u00e9rentiels pour la Convention Internationale de la Fl\u00fbte ainsi qu&#039;aux diff\u00e9rentes autres manifestations organis\u00e9es par l&#039;association.  Des Offres Sp\u00e9ciales sur divers articles (Partitions, Livres, CD, DVD\u2026) propos\u00e9s par l&#039;association.  B\u00e9n\u00e9ficier d&#039;un relai d&#039;information pour toutes vos manifestations (concerts, stages d&#039;\u00e9t\u00e9\u2026)  Imprimer en ligne votre carte adh\u00e9rent vous permettant de b\u00e9n\u00e9ficier de r\u00e9ductions chez nos partenaires  La Formule num\u00e9rique vous donne \u00e9galement la possibilit\u00e9 de consulter en ligne tous nos magazines en version \u00e9lectronique (dans la limite de leur disponibilit\u00e9)","og_url":"https:\/\/latraversiere.fr\/boutique\/adhesion\/formule-adhesion-numerique\/","og_site_name":"LA TRAVERSIERE The french flute association","article_publisher":"https:\/\/www.facebook.com\/traversieres\/","article_modified_time":"2023-01-03T18:44:28+00:00","og_image":[{"width":600,"height":600,"url":"https:\/\/latraversiere.fr\/wp-content\/uploads\/2017\/03\/FormuleNumerique.png","type":"image\/png"}],"twitter_card":"summary","twitter_site":"@La_Traversiere","twitter_misc":{"Est. reading time":"1 minute"},"schema":{"@context":"https:\/\/schema.org","@graph":[{"@type":"Organization","@id":"https:\/\/latraversiere.fr\/#organization","name":"La Traversi\u00e8re - Association Fran\u00e7aise de la Fl\u00fbte","url":"https:\/\/latraversiere.fr\/","sameAs":["https:\/\/www.facebook.com\/traversieres\/","https:\/\/www.instagram.com\/la_traversiere\/","https:\/\/www.youtube.com\/channel\/UC46MEQZI2BfRZNFUFqc59Sw","https:\/\/twitter.com\/La_Traversiere"],"logo":{"@type":"ImageObject","@id":"https:\/\/latraversiere.fr\/#logo","inLanguage":"en-US","url":"https:\/\/latraversiere.fr\/wp-content\/uploads\/2018\/01\/LOGO-Traversiere-SITE-1.png","contentUrl":"https:\/\/latraversiere.fr\/wp-content\/uploads\/2018\/01\/LOGO-Traversiere-SITE-1.png","width":539,"height":200,"caption":"La Traversi\u00e8re - Association Fran\u00e7aise de la Fl\u00fbte"},"image":{"@id":"https:\/\/latraversiere.fr\/#logo"}},{"@type":"WebSite","@id":"https:\/\/latraversiere.fr\/#website","url":"https:\/\/latraversiere.fr\/","name":"LA TRAVERSIERE The french flute association","description":"","publisher":{"@id":"https:\/\/latraversiere.fr\/#organization"},"potentialAction":[{"@type":"SearchAction","target":{"@type":"EntryPoint","urlTemplate":"https:\/\/latraversiere.fr\/?s={search_term_string}"},"query-input":"required name=search_term_string"}],"inLanguage":"en-US"},{"@type":"ImageObject","@id":"https:\/\/latraversiere.fr\/boutique\/adhesion\/formule-adhesion-numerique\/#primaryimage","inLanguage":"en-US","url":"https:\/\/latraversiere.fr\/wp-content\/uploads\/2017\/03\/FormuleNumerique.png","contentUrl":"https:\/\/latraversiere.fr\/wp-content\/uploads\/2017\/03\/FormuleNumerique.png","width":600,"height":600,"caption":"Formule Num\u00e9rique"},{"@type":"WebPage","@id":"https:\/\/latraversiere.fr\/boutique\/adhesion\/formule-adhesion-numerique\/#webpage","url":"https:\/\/latraversiere.fr\/boutique\/adhesion\/formule-adhesion-numerique\/","name":"Formule d'adh\u00e9sion num\u00e9rique - LA TRAVERSIERE The french flute association","isPartOf":{"@id":"https:\/\/latraversiere.fr\/#website"},"primaryImageOfPage":{"@id":"https:\/\/latraversiere.fr\/boutique\/adhesion\/formule-adhesion-numerique\/#primaryimage"},"datePublished":"2017-03-20T05:59:13+00:00","dateModified":"2023-01-03T18:44:28+00:00","breadcrumb":{"@id":"https:\/\/latraversiere.fr\/boutique\/adhesion\/formule-adhesion-numerique\/#breadcrumb"},"inLanguage":"en-US","potentialAction":[{"@type":"ReadAction","target":["https:\/\/latraversiere.fr\/boutique\/adhesion\/formule-adhesion-numerique\/"]}]},{"@type":"BreadcrumbList","@id":"https:\/\/latraversiere.fr\/boutique\/adhesion\/formule-adhesion-numerique\/#breadcrumb","itemListElement":[{"@type":"ListItem","position":1,"name":"Accueil","item":"https:\/\/latraversiere.fr\/"},{"@type":"ListItem","position":2,"name":"Boutique","item":"https:\/\/latraversiere.fr\/en\/boutique\/"},{"@type":"ListItem","position":3,"name":"Formule d&#8217;adh\u00e9sion num\u00e9rique"}]}]}},"_links":{"self":[{"href":"https:\/\/latraversiere.fr\/en\/wp-json\/wp\/v2\/product\/135"}],"collection":[{"href":"https:\/\/latraversiere.fr\/en\/wp-json\/wp\/v2\/product"}],"about":[{"href":"https:\/\/latraversiere.fr\/en\/wp-json\/wp\/v2\/types\/product"}],"wp:featuredmedia":[{"embeddable":true,"href":"https:\/\/latraversiere.fr\/en\/wp-json\/wp\/v2\/media\/1785"}],"wp:attachment":[{"href":"https:\/\/latraversiere.fr\/en\/wp-json\/wp\/v2\/media?parent=135"}],"curies":[{"name":"wp","href":"https:\/\/api.w.org\/{rel}","templated":true}]}}