{"id":13711,"date":"2022-02-16T07:27:20","date_gmt":"2022-02-16T06:27:20","guid":{"rendered":"https:\/\/latraversiere.fr\/?post_type=product&#038;p=13711"},"modified":"2022-05-08T11:09:48","modified_gmt":"2022-05-08T09:09:48","slug":"traversieres-magazine-n140","status":"publish","type":"product","link":"https:\/\/latraversiere.fr\/en\/boutique\/traversieres-magazine\/traversieres-magazine-n140\/","title":{"rendered":"Traversi\u00e8res Magazine N\u00b0140"},"content":{"rendered":"<p class=\"qtranxs-available-languages-message qtranxs-available-languages-message-en\">Sorry, this entry is only available in <a href=\"https:\/\/latraversiere.fr\/fr\/wp-json\/wp\/v2\/product\/13711\" class=\"qtranxs-available-language-link qtranxs-available-language-link-fr\" title=\"Fran\u00e7ais\">French<\/a>. For the sake of viewer convenience, the content is shown below in the alternative language. You may click the link to switch the active language.<\/p><p>Au sommaire de ce num\u00e9ro 140: le portrait de la fl\u00fbtiste Adriana Ferreira ; un retour sur l&#8217;anniversaire de Franz Doppler ; le portrait jeune talent de Mathilde Cald\u00e9rini ; la rubrique p\u00e9dagogie sur le Concours de La C\u00f4te fl\u00fbte Festival ; l&#8217;hommage \u00e0 Pierre Bardon et les Kiosques CD et partitions !<br \/>\nSans oublier la partition en encart central et nos offres sp\u00e9ciales sur les disques et partitions.<\/p>","protected":false},"excerpt":{"rendered":"<p>HOMMAGE &#8211; Pierre Bardon par Nicolas Gabaron<br \/>\nPORTRAIT &#8211; Adriana Ferreira<br \/>\nJEUNE TALENT &#8211; Mathilde Calderini<br \/>\n\u00c9V\u00c8NEMENT &#8211; Joyeux anniversaire ! \u00c0 l\u2019occasion du bicentenaire de Franz Doppler<br \/>\nPARTITION &#8211; Duo I pour deux fl\u00fbtes Devienne<br \/>\nACTIONS P\u00c9DAGOGIQUES &#8211; Par Sophie Dufeutrelle<\/p>\n","protected":false},"featured_media":13714,"template":"","meta":[],"yoast_head":"<!-- This site is optimized with the Yoast SEO plugin v17.5 - https:\/\/yoast.com\/wordpress\/plugins\/seo\/ -->\n<title>Traversi\u00e8res Magazine N\u00b0140 - LA TRAVERSIERE The french flute association<\/title>\n<meta name=\"description\" content=\"Au sommaire de ce num\u00e9ro : un portrait consacr\u00e9 \u00e0 Claudi Arimany \u00e0 l\u2019occasion de la sortie de l\u2019enregistrement int\u00e9gral des \u0153uvres pour fl\u00fbte des fr\u00e8res Doppler ; un dossier sur les \u0153uvres pour fl\u00fbte d\u2019Henri-Jacques De Cro\u00ebs illustr\u00e9 par l\u2019enregistrement du Concerto n\u00b0 1 interpr\u00e9t\u00e9 par Gaspar Hoyos ; un entretien avec Jean Br\u00e9gnac sur l\u2019enseignement de la fl\u00fbte baroque et l\u2019interview du c\u00e9l\u00e8bre facteur Bickford Brannen.Sans oublier les pr\u00e9sentations des derni\u00e8res parutions CD et partitions, la partition en encart central ainsi que nos offres sp\u00e9ciales sur les disques et partitions !\" \/>\n<meta name=\"robots\" content=\"index, follow, max-snippet:-1, max-image-preview:large, max-video-preview:-1\" \/>\n<link rel=\"canonical\" href=\"https:\/\/latraversiere.fr\/boutique\/traversieres-magazine\/traversieres-magazine-n140\/\" \/>\n<meta property=\"og:locale\" content=\"en_US\" \/>\n<meta property=\"og:type\" content=\"article\" \/>\n<meta property=\"og:title\" content=\"Traversi\u00e8res Magazine N\u00b0140\" \/>\n<meta property=\"og:description\" content=\"Au sommaire de ce num\u00e9ro 140: le portrait de la fl\u00fbtiste Adriana Ferreira ; un retour sur l&#039;anniversaire de Franz Doppler ; le portrait jeune talent de Mathilde Cald\u00e9rini ; la rubrique p\u00e9dagogie sur le Concours de La C\u00f4te fl\u00fbte Festival ; l&#039;hommage \u00e0 Pierre Bardon et les Kiosques CD et partitions !Sans oublier la partition en encart central et nos offres sp\u00e9ciales sur les disques et partitions.\" \/>\n<meta property=\"og:url\" content=\"https:\/\/latraversiere.fr\/boutique\/traversieres-magazine\/traversieres-magazine-n140\/\" \/>\n<meta property=\"og:site_name\" content=\"LA TRAVERSIERE The french flute association\" \/>\n<meta property=\"article:publisher\" content=\"https:\/\/www.facebook.com\/traversieres\/\" \/>\n<meta property=\"article:modified_time\" content=\"2022-05-08T09:09:48+00:00\" \/>\n<meta property=\"og:image\" content=\"https:\/\/latraversiere.fr\/wp-content\/uploads\/2022\/02\/TM140-COVER.jpg\" \/>\n\t<meta property=\"og:image:width\" content=\"595\" \/>\n\t<meta property=\"og:image:height\" content=\"841\" \/>\n<meta name=\"twitter:card\" content=\"summary\" \/>\n<meta name=\"twitter:title\" content=\"Traversi\u00e8res Magazine N\u00b0140\" \/>\n<meta name=\"twitter:description\" content=\"Au sommaire de ce num\u00e9ro 140: le portrait de la fl\u00fbtiste Adriana Ferreira ; un retour sur l&#039;anniversaire de Franz Doppler ; le portrait jeune talent de Mathilde Cald\u00e9rini ; la rubrique p\u00e9dagogie sur le Concours de La C\u00f4te fl\u00fbte Festival ; l&#039;hommage \u00e0 Pierre Bardon et les Kiosques CD et partitions !Sans oublier la partition en encart central et nos offres sp\u00e9ciales sur les disques et partitions.\" \/>\n<meta name=\"twitter:image\" content=\"https:\/\/latraversiere.fr\/wp-content\/uploads\/2022\/02\/TM140-COVER.jpg\" \/>\n<meta name=\"twitter:site\" content=\"@La_Traversiere\" \/>\n<script type=\"application\/ld+json\" class=\"yoast-schema-graph\">{\"@context\":\"https:\/\/schema.org\",\"@graph\":[{\"@type\":\"Organization\",\"@id\":\"https:\/\/latraversiere.fr\/#organization\",\"name\":\"La Traversi\\u00e8re - Association Fran\\u00e7aise de la Fl\\u00fbte\",\"url\":\"https:\/\/latraversiere.fr\/\",\"sameAs\":[\"https:\/\/www.facebook.com\/traversieres\/\",\"https:\/\/www.instagram.com\/la_traversiere\/\",\"https:\/\/www.youtube.com\/channel\/UC46MEQZI2BfRZNFUFqc59Sw\",\"https:\/\/twitter.com\/La_Traversiere\"],\"logo\":{\"@type\":\"ImageObject\",\"@id\":\"https:\/\/latraversiere.fr\/#logo\",\"inLanguage\":\"en-US\",\"url\":\"https:\/\/latraversiere.fr\/wp-content\/uploads\/2018\/01\/LOGO-Traversiere-SITE-1.png\",\"contentUrl\":\"https:\/\/latraversiere.fr\/wp-content\/uploads\/2018\/01\/LOGO-Traversiere-SITE-1.png\",\"width\":539,\"height\":200,\"caption\":\"La Traversi\\u00e8re - Association Fran\\u00e7aise de la Fl\\u00fbte\"},\"image\":{\"@id\":\"https:\/\/latraversiere.fr\/#logo\"}},{\"@type\":\"WebSite\",\"@id\":\"https:\/\/latraversiere.fr\/#website\",\"url\":\"https:\/\/latraversiere.fr\/\",\"name\":\"LA TRAVERSIERE The french flute association\",\"description\":\"\",\"publisher\":{\"@id\":\"https:\/\/latraversiere.fr\/#organization\"},\"potentialAction\":[{\"@type\":\"SearchAction\",\"target\":{\"@type\":\"EntryPoint\",\"urlTemplate\":\"https:\/\/latraversiere.fr\/?s={search_term_string}\"},\"query-input\":\"required name=search_term_string\"}],\"inLanguage\":\"en-US\"},{\"@type\":\"ImageObject\",\"@id\":\"https:\/\/latraversiere.fr\/boutique\/traversieres-magazine\/traversieres-magazine-n140\/#primaryimage\",\"inLanguage\":\"en-US\",\"url\":\"https:\/\/latraversiere.fr\/wp-content\/uploads\/2022\/02\/TM140-COVER.jpg\",\"contentUrl\":\"https:\/\/latraversiere.fr\/wp-content\/uploads\/2022\/02\/TM140-COVER.jpg\",\"width\":595,\"height\":841,\"caption\":\"Traversi\\u00e8res Magazine N\\u00b0140\"},{\"@type\":\"WebPage\",\"@id\":\"https:\/\/latraversiere.fr\/boutique\/traversieres-magazine\/traversieres-magazine-n140\/#webpage\",\"url\":\"https:\/\/latraversiere.fr\/boutique\/traversieres-magazine\/traversieres-magazine-n140\/\",\"name\":\"Traversi\\u00e8res Magazine N\\u00b0140 - LA TRAVERSIERE The french flute association\",\"isPartOf\":{\"@id\":\"https:\/\/latraversiere.fr\/#website\"},\"primaryImageOfPage\":{\"@id\":\"https:\/\/latraversiere.fr\/boutique\/traversieres-magazine\/traversieres-magazine-n140\/#primaryimage\"},\"datePublished\":\"2022-02-16T06:27:20+00:00\",\"dateModified\":\"2022-05-08T09:09:48+00:00\",\"description\":\"Au sommaire de ce num\\u00e9ro : un portrait consacr\\u00e9 \\u00e0 Claudi Arimany \\u00e0 l\\u2019occasion de la sortie de l\\u2019enregistrement int\\u00e9gral des \\u0153uvres pour fl\\u00fbte des fr\\u00e8res Doppler ; un dossier sur les \\u0153uvres pour fl\\u00fbte d\\u2019Henri-Jacques De Cro\\u00ebs illustr\\u00e9 par l\\u2019enregistrement du Concerto n\\u00b0 1 interpr\\u00e9t\\u00e9 par Gaspar Hoyos ; un entretien avec Jean Br\\u00e9gnac sur l\\u2019enseignement de la fl\\u00fbte baroque et l\\u2019interview du c\\u00e9l\\u00e8bre facteur Bickford Brannen.Sans oublier les pr\\u00e9sentations des derni\\u00e8res parutions CD et partitions, la partition en encart central ainsi que nos offres sp\\u00e9ciales sur les disques et partitions !\",\"breadcrumb\":{\"@id\":\"https:\/\/latraversiere.fr\/boutique\/traversieres-magazine\/traversieres-magazine-n140\/#breadcrumb\"},\"inLanguage\":\"en-US\",\"potentialAction\":[{\"@type\":\"ReadAction\",\"target\":[\"https:\/\/latraversiere.fr\/boutique\/traversieres-magazine\/traversieres-magazine-n140\/\"]}]},{\"@type\":\"BreadcrumbList\",\"@id\":\"https:\/\/latraversiere.fr\/boutique\/traversieres-magazine\/traversieres-magazine-n140\/#breadcrumb\",\"itemListElement\":[{\"@type\":\"ListItem\",\"position\":1,\"name\":\"Accueil\",\"item\":\"https:\/\/latraversiere.fr\/\"},{\"@type\":\"ListItem\",\"position\":2,\"name\":\"Boutique\",\"item\":\"https:\/\/latraversiere.fr\/en\/boutique\/\"},{\"@type\":\"ListItem\",\"position\":3,\"name\":\"Traversi\\u00e8res Magazine N\\u00b0140\"}]}]}<\/script>\n<!-- \/ Yoast SEO plugin. -->","yoast_head_json":{"title":"Traversi\u00e8res Magazine N\u00b0140 - LA TRAVERSIERE The french flute association","description":"Au sommaire de ce num\u00e9ro : un portrait consacr\u00e9 \u00e0 Claudi Arimany \u00e0 l\u2019occasion de la sortie de l\u2019enregistrement int\u00e9gral des \u0153uvres pour fl\u00fbte des fr\u00e8res Doppler ; un dossier sur les \u0153uvres pour fl\u00fbte d\u2019Henri-Jacques De Cro\u00ebs illustr\u00e9 par l\u2019enregistrement du Concerto n\u00b0 1 interpr\u00e9t\u00e9 par Gaspar Hoyos ; un entretien avec Jean Br\u00e9gnac sur l\u2019enseignement de la fl\u00fbte baroque et l\u2019interview du c\u00e9l\u00e8bre facteur Bickford Brannen.Sans oublier les pr\u00e9sentations des derni\u00e8res parutions CD et partitions, la partition en encart central ainsi que nos offres sp\u00e9ciales sur les disques et partitions !","robots":{"index":"index","follow":"follow","max-snippet":"max-snippet:-1","max-image-preview":"max-image-preview:large","max-video-preview":"max-video-preview:-1"},"canonical":"https:\/\/latraversiere.fr\/boutique\/traversieres-magazine\/traversieres-magazine-n140\/","og_locale":"en_US","og_type":"article","og_title":"Traversi\u00e8res Magazine N\u00b0140","og_description":"Au sommaire de ce num\u00e9ro 140: le portrait de la fl\u00fbtiste Adriana Ferreira ; un retour sur l'anniversaire de Franz Doppler ; le portrait jeune talent de Mathilde Cald\u00e9rini ; la rubrique p\u00e9dagogie sur le Concours de La C\u00f4te fl\u00fbte Festival ; l'hommage \u00e0 Pierre Bardon et les Kiosques CD et partitions !Sans oublier la partition en encart central et nos offres sp\u00e9ciales sur les disques et partitions.","og_url":"https:\/\/latraversiere.fr\/boutique\/traversieres-magazine\/traversieres-magazine-n140\/","og_site_name":"LA TRAVERSIERE The french flute association","article_publisher":"https:\/\/www.facebook.com\/traversieres\/","article_modified_time":"2022-05-08T09:09:48+00:00","og_image":[{"width":595,"height":841,"url":"https:\/\/latraversiere.fr\/wp-content\/uploads\/2022\/02\/TM140-COVER.jpg","type":"image\/jpeg"}],"twitter_card":"summary","twitter_title":"Traversi\u00e8res Magazine N\u00b0140","twitter_description":"Au sommaire de ce num\u00e9ro 140: le portrait de la fl\u00fbtiste Adriana Ferreira ; un retour sur l'anniversaire de Franz Doppler ; le portrait jeune talent de Mathilde Cald\u00e9rini ; la rubrique p\u00e9dagogie sur le Concours de La C\u00f4te fl\u00fbte Festival ; l'hommage \u00e0 Pierre Bardon et les Kiosques CD et partitions !Sans oublier la partition en encart central et nos offres sp\u00e9ciales sur les disques et partitions.","twitter_image":"https:\/\/latraversiere.fr\/wp-content\/uploads\/2022\/02\/TM140-COVER.jpg","twitter_site":"@La_Traversiere","schema":{"@context":"https:\/\/schema.org","@graph":[{"@type":"Organization","@id":"https:\/\/latraversiere.fr\/#organization","name":"La Traversi\u00e8re - Association Fran\u00e7aise de la Fl\u00fbte","url":"https:\/\/latraversiere.fr\/","sameAs":["https:\/\/www.facebook.com\/traversieres\/","https:\/\/www.instagram.com\/la_traversiere\/","https:\/\/www.youtube.com\/channel\/UC46MEQZI2BfRZNFUFqc59Sw","https:\/\/twitter.com\/La_Traversiere"],"logo":{"@type":"ImageObject","@id":"https:\/\/latraversiere.fr\/#logo","inLanguage":"en-US","url":"https:\/\/latraversiere.fr\/wp-content\/uploads\/2018\/01\/LOGO-Traversiere-SITE-1.png","contentUrl":"https:\/\/latraversiere.fr\/wp-content\/uploads\/2018\/01\/LOGO-Traversiere-SITE-1.png","width":539,"height":200,"caption":"La Traversi\u00e8re - Association Fran\u00e7aise de la Fl\u00fbte"},"image":{"@id":"https:\/\/latraversiere.fr\/#logo"}},{"@type":"WebSite","@id":"https:\/\/latraversiere.fr\/#website","url":"https:\/\/latraversiere.fr\/","name":"LA TRAVERSIERE The french flute association","description":"","publisher":{"@id":"https:\/\/latraversiere.fr\/#organization"},"potentialAction":[{"@type":"SearchAction","target":{"@type":"EntryPoint","urlTemplate":"https:\/\/latraversiere.fr\/?s={search_term_string}"},"query-input":"required name=search_term_string"}],"inLanguage":"en-US"},{"@type":"ImageObject","@id":"https:\/\/latraversiere.fr\/boutique\/traversieres-magazine\/traversieres-magazine-n140\/#primaryimage","inLanguage":"en-US","url":"https:\/\/latraversiere.fr\/wp-content\/uploads\/2022\/02\/TM140-COVER.jpg","contentUrl":"https:\/\/latraversiere.fr\/wp-content\/uploads\/2022\/02\/TM140-COVER.jpg","width":595,"height":841,"caption":"Traversi\u00e8res Magazine N\u00b0140"},{"@type":"WebPage","@id":"https:\/\/latraversiere.fr\/boutique\/traversieres-magazine\/traversieres-magazine-n140\/#webpage","url":"https:\/\/latraversiere.fr\/boutique\/traversieres-magazine\/traversieres-magazine-n140\/","name":"Traversi\u00e8res Magazine N\u00b0140 - LA TRAVERSIERE The french flute association","isPartOf":{"@id":"https:\/\/latraversiere.fr\/#website"},"primaryImageOfPage":{"@id":"https:\/\/latraversiere.fr\/boutique\/traversieres-magazine\/traversieres-magazine-n140\/#primaryimage"},"datePublished":"2022-02-16T06:27:20+00:00","dateModified":"2022-05-08T09:09:48+00:00","description":"Au sommaire de ce num\u00e9ro : un portrait consacr\u00e9 \u00e0 Claudi Arimany \u00e0 l\u2019occasion de la sortie de l\u2019enregistrement int\u00e9gral des \u0153uvres pour fl\u00fbte des fr\u00e8res Doppler ; un dossier sur les \u0153uvres pour fl\u00fbte d\u2019Henri-Jacques De Cro\u00ebs illustr\u00e9 par l\u2019enregistrement du Concerto n\u00b0 1 interpr\u00e9t\u00e9 par Gaspar Hoyos ; un entretien avec Jean Br\u00e9gnac sur l\u2019enseignement de la fl\u00fbte baroque et l\u2019interview du c\u00e9l\u00e8bre facteur Bickford Brannen.Sans oublier les pr\u00e9sentations des derni\u00e8res parutions CD et partitions, la partition en encart central ainsi que nos offres sp\u00e9ciales sur les disques et partitions !","breadcrumb":{"@id":"https:\/\/latraversiere.fr\/boutique\/traversieres-magazine\/traversieres-magazine-n140\/#breadcrumb"},"inLanguage":"en-US","potentialAction":[{"@type":"ReadAction","target":["https:\/\/latraversiere.fr\/boutique\/traversieres-magazine\/traversieres-magazine-n140\/"]}]},{"@type":"BreadcrumbList","@id":"https:\/\/latraversiere.fr\/boutique\/traversieres-magazine\/traversieres-magazine-n140\/#breadcrumb","itemListElement":[{"@type":"ListItem","position":1,"name":"Accueil","item":"https:\/\/latraversiere.fr\/"},{"@type":"ListItem","position":2,"name":"Boutique","item":"https:\/\/latraversiere.fr\/en\/boutique\/"},{"@type":"ListItem","position":3,"name":"Traversi\u00e8res Magazine N\u00b0140"}]}]}},"_links":{"self":[{"href":"https:\/\/latraversiere.fr\/en\/wp-json\/wp\/v2\/product\/13711"}],"collection":[{"href":"https:\/\/latraversiere.fr\/en\/wp-json\/wp\/v2\/product"}],"about":[{"href":"https:\/\/latraversiere.fr\/en\/wp-json\/wp\/v2\/types\/product"}],"wp:featuredmedia":[{"embeddable":true,"href":"https:\/\/latraversiere.fr\/en\/wp-json\/wp\/v2\/media\/13714"}],"wp:attachment":[{"href":"https:\/\/latraversiere.fr\/en\/wp-json\/wp\/v2\/media?parent=13711"}],"curies":[{"name":"wp","href":"https:\/\/api.w.org\/{rel}","templated":true}]}}