{"id":14028,"date":"2022-05-27T15:44:08","date_gmt":"2022-05-27T13:44:08","guid":{"rendered":"https:\/\/latraversiere.fr\/?post_type=product&#038;p=14028"},"modified":"2022-08-14T16:34:19","modified_gmt":"2022-08-14T14:34:19","slug":"feuilles-dautomne","status":"publish","type":"product","link":"https:\/\/latraversiere.fr\/en\/boutique\/partitions\/feuilles-dautomne\/","title":{"rendered":"Feuilles d&#8217;automne &#8211; Florentine Mulsant"},"content":{"rendered":"<p class=\"qtranxs-available-languages-message qtranxs-available-languages-message-en\">Sorry, this entry is only available in <a href=\"https:\/\/latraversiere.fr\/fr\/wp-json\/wp\/v2\/product\/14028\" class=\"qtranxs-available-language-link qtranxs-available-language-link-fr\" title=\"Fran\u00e7ais\">French<\/a>. For the sake of viewer convenience, the content is shown below in the alternative language. You may click the link to switch the active language.<\/p><p>OP. 89 POUR TRIOS DE FL\u00dbTES<br \/>\nFLORENTINE MULSANT<\/p>\n<p>Retrouvez la pr\u00e9sentation de la partition dans la rubrique Kiosque du <a href=\"https:\/\/latraversiere.fr\/boutique\/traversieres-magazine\/traversieres-magazine-n141\/\">Traversi\u00e8res Magazine N\u00b0141<\/a> en page 41<br \/>\nVoir la cr\u00e9ation des pi\u00e8ces sur la <a href=\"https:\/\/latraversiere.fr\/scene-numerique\/creation-feuilles-dautomne-florentine-mulsant\/\">Sc\u00e8ne Num\u00e9rique<\/a><\/p>","protected":false},"excerpt":{"rendered":"<p class=\"qtranxs-available-languages-message qtranxs-available-languages-message-en\">Sorry, this entry is only available in <a href=\"https:\/\/latraversiere.fr\/fr\/wp-json\/wp\/v2\/product\/14028\" class=\"qtranxs-available-language-link qtranxs-available-language-link-fr\" title=\"Fran\u00e7ais\">French<\/a>. For the sake of viewer convenience, the content is shown below in the alternative language. You may click the link to switch the active language.<\/p>\n<p>OP. 89 POUR TRIOS DE FL\u00dbTES<br \/>\nFLORENTINE MULSANT<\/p>\n<p>Retrouvez la pr\u00e9sentation de la partition dans la rubrique Kiosque du <a href=\"https:\/\/latraversiere.fr\/boutique\/traversieres-magazine\/traversieres-magazine-n141\/\">Traversi\u00e8res Magazine N\u00b0141<\/a> en page 41<br \/>\nVoir la cr\u00e9ation des pi\u00e8ces sur la <a href=\"https:\/\/latraversiere.fr\/scene-numerique\/creation-feuilles-dautomne-florentine-mulsant\/\">Sc\u00e8ne Num\u00e9rique<\/a><\/p>\n<div class=\"row\" style=\"margin-top: 20px; margin-bottom: 20px;\">\n<div class=\"col-sm-6 col-xs-12\">\n<a href=\"https:\/\/latraversiere.fr\/scene-numerique\/creation-feuilles-dautomne-florentine-mulsant\/\">\t\t\t\t\t\t\t\t\t\t\t\t<img class=\"image_scene_numerique\" src=\"https:\/\/latraversiere.fr\/wp-content\/uploads\/2022\/05\/Cover-Florentine-Mulsant-Feuilles-Automne.jpeg\">\t\t\t\t\t\t\t\t\t\t\t<\/a>\n<\/div>\n<\/div>\n","protected":false},"featured_media":14029,"template":"","meta":[],"yoast_head":"<!-- This site is optimized with the Yoast SEO plugin v17.5 - https:\/\/yoast.com\/wordpress\/plugins\/seo\/ -->\n<title>Feuilles d&#039;automne - Florentine Mulsant - LA TRAVERSIERE The french flute association<\/title>\n<meta name=\"robots\" content=\"index, follow, max-snippet:-1, max-image-preview:large, max-video-preview:-1\" \/>\n<link rel=\"canonical\" href=\"https:\/\/latraversiere.fr\/boutique\/partitions\/feuilles-dautomne\/\" \/>\n<meta property=\"og:locale\" content=\"en_US\" \/>\n<meta property=\"og:type\" content=\"article\" \/>\n<meta property=\"og:title\" content=\"Feuilles d&#039;automne - Florentine Mulsant - LA TRAVERSIERE The french flute association\" \/>\n<meta property=\"og:description\" content=\"[:fr]OP. 89 POUR TRIOS DE FL\u00dbTES FLORENTINE MULSANT  Retrouvez la pr\u00e9sentation de la partition dans la rubrique Kiosque du Traversi\u00e8res Magazine N\u00b0141 en page 41 Voir la cr\u00e9ation des pi\u00e8ces sur la Sc\u00e8ne Num\u00e9rique                 [:]\" \/>\n<meta property=\"og:url\" content=\"https:\/\/latraversiere.fr\/boutique\/partitions\/feuilles-dautomne\/\" \/>\n<meta property=\"og:site_name\" content=\"LA TRAVERSIERE The french flute association\" \/>\n<meta property=\"article:publisher\" content=\"https:\/\/www.facebook.com\/traversieres\/\" \/>\n<meta property=\"article:modified_time\" content=\"2022-08-14T14:34:19+00:00\" \/>\n<meta property=\"og:image\" content=\"https:\/\/latraversiere.fr\/wp-content\/uploads\/2022\/05\/Art_1366831.jpeg\" \/>\n\t<meta property=\"og:image:width\" content=\"636\" \/>\n\t<meta property=\"og:image:height\" content=\"860\" \/>\n<meta name=\"twitter:card\" content=\"summary\" \/>\n<meta name=\"twitter:site\" content=\"@La_Traversiere\" \/>\n<script type=\"application\/ld+json\" class=\"yoast-schema-graph\">{\"@context\":\"https:\/\/schema.org\",\"@graph\":[{\"@type\":\"Organization\",\"@id\":\"https:\/\/latraversiere.fr\/#organization\",\"name\":\"La Traversi\\u00e8re - Association Fran\\u00e7aise de la Fl\\u00fbte\",\"url\":\"https:\/\/latraversiere.fr\/\",\"sameAs\":[\"https:\/\/www.facebook.com\/traversieres\/\",\"https:\/\/www.instagram.com\/la_traversiere\/\",\"https:\/\/www.youtube.com\/channel\/UC46MEQZI2BfRZNFUFqc59Sw\",\"https:\/\/twitter.com\/La_Traversiere\"],\"logo\":{\"@type\":\"ImageObject\",\"@id\":\"https:\/\/latraversiere.fr\/#logo\",\"inLanguage\":\"en-US\",\"url\":\"https:\/\/latraversiere.fr\/wp-content\/uploads\/2018\/01\/LOGO-Traversiere-SITE-1.png\",\"contentUrl\":\"https:\/\/latraversiere.fr\/wp-content\/uploads\/2018\/01\/LOGO-Traversiere-SITE-1.png\",\"width\":539,\"height\":200,\"caption\":\"La Traversi\\u00e8re - Association Fran\\u00e7aise de la Fl\\u00fbte\"},\"image\":{\"@id\":\"https:\/\/latraversiere.fr\/#logo\"}},{\"@type\":\"WebSite\",\"@id\":\"https:\/\/latraversiere.fr\/#website\",\"url\":\"https:\/\/latraversiere.fr\/\",\"name\":\"LA TRAVERSIERE The french flute association\",\"description\":\"\",\"publisher\":{\"@id\":\"https:\/\/latraversiere.fr\/#organization\"},\"potentialAction\":[{\"@type\":\"SearchAction\",\"target\":{\"@type\":\"EntryPoint\",\"urlTemplate\":\"https:\/\/latraversiere.fr\/?s={search_term_string}\"},\"query-input\":\"required name=search_term_string\"}],\"inLanguage\":\"en-US\"},{\"@type\":\"ImageObject\",\"@id\":\"https:\/\/latraversiere.fr\/boutique\/partitions\/feuilles-dautomne\/#primaryimage\",\"inLanguage\":\"en-US\",\"url\":\"https:\/\/latraversiere.fr\/wp-content\/uploads\/2022\/05\/Art_1366831.jpeg\",\"contentUrl\":\"https:\/\/latraversiere.fr\/wp-content\/uploads\/2022\/05\/Art_1366831.jpeg\",\"width\":636,\"height\":860,\"caption\":\"FEUILLES D'AUTOMNE - Florentine Mulsant\"},{\"@type\":\"WebPage\",\"@id\":\"https:\/\/latraversiere.fr\/boutique\/partitions\/feuilles-dautomne\/#webpage\",\"url\":\"https:\/\/latraversiere.fr\/boutique\/partitions\/feuilles-dautomne\/\",\"name\":\"Feuilles d'automne - Florentine Mulsant - LA TRAVERSIERE The french flute association\",\"isPartOf\":{\"@id\":\"https:\/\/latraversiere.fr\/#website\"},\"primaryImageOfPage\":{\"@id\":\"https:\/\/latraversiere.fr\/boutique\/partitions\/feuilles-dautomne\/#primaryimage\"},\"datePublished\":\"2022-05-27T13:44:08+00:00\",\"dateModified\":\"2022-08-14T14:34:19+00:00\",\"breadcrumb\":{\"@id\":\"https:\/\/latraversiere.fr\/boutique\/partitions\/feuilles-dautomne\/#breadcrumb\"},\"inLanguage\":\"en-US\",\"potentialAction\":[{\"@type\":\"ReadAction\",\"target\":[\"https:\/\/latraversiere.fr\/boutique\/partitions\/feuilles-dautomne\/\"]}]},{\"@type\":\"BreadcrumbList\",\"@id\":\"https:\/\/latraversiere.fr\/boutique\/partitions\/feuilles-dautomne\/#breadcrumb\",\"itemListElement\":[{\"@type\":\"ListItem\",\"position\":1,\"name\":\"Accueil\",\"item\":\"https:\/\/latraversiere.fr\/\"},{\"@type\":\"ListItem\",\"position\":2,\"name\":\"Boutique\",\"item\":\"https:\/\/latraversiere.fr\/en\/boutique\/\"},{\"@type\":\"ListItem\",\"position\":3,\"name\":\"Feuilles d&#8217;automne &#8211; Florentine Mulsant\"}]}]}<\/script>\n<!-- \/ Yoast SEO plugin. -->","yoast_head_json":{"title":"Feuilles d'automne - Florentine Mulsant - LA TRAVERSIERE The french flute association","robots":{"index":"index","follow":"follow","max-snippet":"max-snippet:-1","max-image-preview":"max-image-preview:large","max-video-preview":"max-video-preview:-1"},"canonical":"https:\/\/latraversiere.fr\/boutique\/partitions\/feuilles-dautomne\/","og_locale":"en_US","og_type":"article","og_title":"Feuilles d'automne - Florentine Mulsant - LA TRAVERSIERE The french flute association","og_description":"[:fr]OP. 89 POUR TRIOS DE FL\u00dbTES FLORENTINE MULSANT  Retrouvez la pr\u00e9sentation de la partition dans la rubrique Kiosque du Traversi\u00e8res Magazine N\u00b0141 en page 41 Voir la cr\u00e9ation des pi\u00e8ces sur la Sc\u00e8ne Num\u00e9rique                 [:]","og_url":"https:\/\/latraversiere.fr\/boutique\/partitions\/feuilles-dautomne\/","og_site_name":"LA TRAVERSIERE The french flute association","article_publisher":"https:\/\/www.facebook.com\/traversieres\/","article_modified_time":"2022-08-14T14:34:19+00:00","og_image":[{"width":636,"height":860,"url":"https:\/\/latraversiere.fr\/wp-content\/uploads\/2022\/05\/Art_1366831.jpeg","type":"image\/jpeg"}],"twitter_card":"summary","twitter_site":"@La_Traversiere","schema":{"@context":"https:\/\/schema.org","@graph":[{"@type":"Organization","@id":"https:\/\/latraversiere.fr\/#organization","name":"La Traversi\u00e8re - Association Fran\u00e7aise de la Fl\u00fbte","url":"https:\/\/latraversiere.fr\/","sameAs":["https:\/\/www.facebook.com\/traversieres\/","https:\/\/www.instagram.com\/la_traversiere\/","https:\/\/www.youtube.com\/channel\/UC46MEQZI2BfRZNFUFqc59Sw","https:\/\/twitter.com\/La_Traversiere"],"logo":{"@type":"ImageObject","@id":"https:\/\/latraversiere.fr\/#logo","inLanguage":"en-US","url":"https:\/\/latraversiere.fr\/wp-content\/uploads\/2018\/01\/LOGO-Traversiere-SITE-1.png","contentUrl":"https:\/\/latraversiere.fr\/wp-content\/uploads\/2018\/01\/LOGO-Traversiere-SITE-1.png","width":539,"height":200,"caption":"La Traversi\u00e8re - Association Fran\u00e7aise de la Fl\u00fbte"},"image":{"@id":"https:\/\/latraversiere.fr\/#logo"}},{"@type":"WebSite","@id":"https:\/\/latraversiere.fr\/#website","url":"https:\/\/latraversiere.fr\/","name":"LA TRAVERSIERE The french flute association","description":"","publisher":{"@id":"https:\/\/latraversiere.fr\/#organization"},"potentialAction":[{"@type":"SearchAction","target":{"@type":"EntryPoint","urlTemplate":"https:\/\/latraversiere.fr\/?s={search_term_string}"},"query-input":"required name=search_term_string"}],"inLanguage":"en-US"},{"@type":"ImageObject","@id":"https:\/\/latraversiere.fr\/boutique\/partitions\/feuilles-dautomne\/#primaryimage","inLanguage":"en-US","url":"https:\/\/latraversiere.fr\/wp-content\/uploads\/2022\/05\/Art_1366831.jpeg","contentUrl":"https:\/\/latraversiere.fr\/wp-content\/uploads\/2022\/05\/Art_1366831.jpeg","width":636,"height":860,"caption":"FEUILLES D'AUTOMNE - Florentine Mulsant"},{"@type":"WebPage","@id":"https:\/\/latraversiere.fr\/boutique\/partitions\/feuilles-dautomne\/#webpage","url":"https:\/\/latraversiere.fr\/boutique\/partitions\/feuilles-dautomne\/","name":"Feuilles d'automne - Florentine Mulsant - LA TRAVERSIERE The french flute association","isPartOf":{"@id":"https:\/\/latraversiere.fr\/#website"},"primaryImageOfPage":{"@id":"https:\/\/latraversiere.fr\/boutique\/partitions\/feuilles-dautomne\/#primaryimage"},"datePublished":"2022-05-27T13:44:08+00:00","dateModified":"2022-08-14T14:34:19+00:00","breadcrumb":{"@id":"https:\/\/latraversiere.fr\/boutique\/partitions\/feuilles-dautomne\/#breadcrumb"},"inLanguage":"en-US","potentialAction":[{"@type":"ReadAction","target":["https:\/\/latraversiere.fr\/boutique\/partitions\/feuilles-dautomne\/"]}]},{"@type":"BreadcrumbList","@id":"https:\/\/latraversiere.fr\/boutique\/partitions\/feuilles-dautomne\/#breadcrumb","itemListElement":[{"@type":"ListItem","position":1,"name":"Accueil","item":"https:\/\/latraversiere.fr\/"},{"@type":"ListItem","position":2,"name":"Boutique","item":"https:\/\/latraversiere.fr\/en\/boutique\/"},{"@type":"ListItem","position":3,"name":"Feuilles d&#8217;automne &#8211; Florentine Mulsant"}]}]}},"_links":{"self":[{"href":"https:\/\/latraversiere.fr\/en\/wp-json\/wp\/v2\/product\/14028"}],"collection":[{"href":"https:\/\/latraversiere.fr\/en\/wp-json\/wp\/v2\/product"}],"about":[{"href":"https:\/\/latraversiere.fr\/en\/wp-json\/wp\/v2\/types\/product"}],"wp:featuredmedia":[{"embeddable":true,"href":"https:\/\/latraversiere.fr\/en\/wp-json\/wp\/v2\/media\/14029"}],"wp:attachment":[{"href":"https:\/\/latraversiere.fr\/en\/wp-json\/wp\/v2\/media?parent=14028"}],"curies":[{"name":"wp","href":"https:\/\/api.w.org\/{rel}","templated":true}]}}