{"id":15493,"date":"2022-08-12T11:31:45","date_gmt":"2022-08-12T09:31:45","guid":{"rendered":"https:\/\/latraversiere.fr\/?post_type=product&#038;p=15493"},"modified":"2022-08-15T08:59:35","modified_gmt":"2022-08-15T06:59:35","slug":"piece-pour-flute-seule","status":"publish","type":"product","link":"https:\/\/latraversiere.fr\/en\/boutique\/partitions\/piece-pour-flute-seule\/","title":{"rendered":"Pi\u00e8ce pour fl\u00fbte seule &#8211; Raymond Guiot"},"content":{"rendered":"<p class=\"qtranxs-available-languages-message qtranxs-available-languages-message-en\">Sorry, this entry is only available in <a href=\"https:\/\/latraversiere.fr\/fr\/wp-json\/wp\/v2\/product\/15493\" class=\"qtranxs-available-language-link qtranxs-available-language-link-fr\" title=\"Fran\u00e7ais\">French<\/a>. For the sake of viewer convenience, the content is shown below in the alternative language. You may click the link to switch the active language.<\/p><p>Pi\u00e8ce pour fl\u00fbte seule<br \/>\nRaymond GUIOT<\/p>\n<p>Pour fl\u00fbte seule, cette Pi\u00e8ce de R. Guiot compos\u00e9e en 1971 et \u00e9dit\u00e9e chez Sforzando \u00e9tait devenue introuvable. Quasi inconnue elle surprend et diff\u00e8re des pi\u00e8ces jazzy dont le fl\u00fbtiste-compositeur nous g\u00e2te. Ici l\u2019\u00e9criture subtile se rapproche de la musique fran\u00e7aise pour fl\u00fbte seule, r\u00e9pertoire dont on le sent totalement impr\u00e9gn\u00e9.<br \/>\nFaunesque, incantatoire, ce solo poss\u00e8de la fluidit\u00e9 d&#8217;une improvisation, d&#8217;un remerciement spontan\u00e9 ou d\u2019un hommage aux compositeurs qui ont tant apport\u00e9 \u00e0 la musique pour fl\u00fbte. (Fin de Cycle II, Cycle III)<\/p>\n<p>D\u00e9couvrez La pi\u00e8ce pour fl\u00fbte seule de Raymond Guiot, interpr\u00e9t\u00e9e par Sandrine Fran\u00e7ois sur la Sc\u00e8ne Num\u00e9rique<\/p>","protected":false},"excerpt":{"rendered":"<p class=\"qtranxs-available-languages-message qtranxs-available-languages-message-en\">Sorry, this entry is only available in <a href=\"https:\/\/latraversiere.fr\/fr\/wp-json\/wp\/v2\/product\/15493\" class=\"qtranxs-available-language-link qtranxs-available-language-link-fr\" title=\"Fran\u00e7ais\">French<\/a>. For the sake of viewer convenience, the content is shown below in the alternative language. You may click the link to switch the active language.<\/p>\n<p>Pi\u00e8ce pour fl\u00fbte seule<br \/>\nRaymond GUIOT<\/p>\n<p>Pour fl\u00fbte seule, cette Pi\u00e8ce de R. Guiot compos\u00e9e en 1971 et \u00e9dit\u00e9e chez Sforzando \u00e9tait devenue introuvable. Quasi inconnue elle surprend et diff\u00e8re des pi\u00e8ces jazzy dont le fl\u00fbtiste-compositeur nous g\u00e2te. Ici l\u2019\u00e9criture subtile se rapproche de la musique fran\u00e7aise pour fl\u00fbte seule, r\u00e9pertoire dont on le sent totalement impr\u00e9gn\u00e9.<br \/>\nFaunesque, incantatoire, ce solo poss\u00e8de la fluidit\u00e9 d&#039;une improvisation, d&#039;un remerciement spontan\u00e9 ou d\u2019un hommage aux compositeurs qui ont tant apport\u00e9 \u00e0 la musique pour fl\u00fbte. (Fin de Cycle II, Cycle III)<\/p>\n<p>D\u00e9couvrez La pi\u00e8ce pour fl\u00fbte seule de Raymond Guiot, interpr\u00e9t\u00e9e par Sandrine Fran\u00e7ois sur la Sc\u00e8ne Num\u00e9rique<\/p>\n<div class=\"row\" style=\"margin-top: 20px; margin-bottom: 20px;\">\n<div class=\"col-sm-6 col-xs-12\">\n<a href=\"https:\/\/latraversiere.fr\/scene-numerique\/interpretation-raymond-guiot-piece-pour-flute-seule\/\"><br \/>\n<img class=\"image_scene_numerique\" src=\"https:\/\/latraversiere.fr\/wp-content\/uploads\/2022\/08\/RaymondGuiot-PiecePourFluteSeule-Cover.jpeg\">\t\t\t\t\t\t\t\t\t\t\t<\/a>\n<\/div>\n<\/div>\n","protected":false},"featured_media":15542,"template":"","meta":[],"yoast_head":"<!-- This site is optimized with the Yoast SEO plugin v17.5 - https:\/\/yoast.com\/wordpress\/plugins\/seo\/ -->\n<title>Pi\u00e8ce pour fl\u00fbte seule - Raymond Guiot - LA TRAVERSIERE The french flute association<\/title>\n<meta name=\"robots\" content=\"index, follow, max-snippet:-1, max-image-preview:large, max-video-preview:-1\" \/>\n<link rel=\"canonical\" href=\"https:\/\/latraversiere.fr\/boutique\/partitions\/piece-pour-flute-seule\/\" \/>\n<meta property=\"og:locale\" content=\"en_US\" \/>\n<meta property=\"og:type\" content=\"article\" \/>\n<meta property=\"og:title\" content=\"Pi\u00e8ce pour fl\u00fbte seule - Raymond Guiot - LA TRAVERSIERE The french flute association\" \/>\n<meta property=\"og:description\" content=\"[:fr]Pi\u00e8ce pour fl\u00fbte seule Raymond GUIOT  Pour fl\u00fbte seule, cette Pi\u00e8ce de R. Guiot compos\u00e9e en 1971 et \u00e9dit\u00e9e chez Sforzando \u00e9tait devenue introuvable. Quasi inconnue elle surprend et diff\u00e8re des pi\u00e8ces jazzy dont le fl\u00fbtiste-compositeur nous g\u00e2te. Ici l\u2019\u00e9criture subtile se rapproche de la musique fran\u00e7aise pour fl\u00fbte seule, r\u00e9pertoire dont on le sent totalement impr\u00e9gn\u00e9. Faunesque, incantatoire, ce solo poss\u00e8de la fluidit\u00e9 d&#039;une improvisation, d&#039;un remerciement spontan\u00e9 ou d\u2019un hommage aux compositeurs qui ont tant apport\u00e9 \u00e0 la musique pour fl\u00fbte. (Fin de Cycle II, Cycle III)  D\u00e9couvrez La pi\u00e8ce pour fl\u00fbte seule de Raymond Guiot, interpr\u00e9t\u00e9e par Sandrine Fran\u00e7ois sur la Sc\u00e8ne Num\u00e9rique            [:]\" \/>\n<meta property=\"og:url\" content=\"https:\/\/latraversiere.fr\/boutique\/partitions\/piece-pour-flute-seule\/\" \/>\n<meta property=\"og:site_name\" content=\"LA TRAVERSIERE The french flute association\" \/>\n<meta property=\"article:publisher\" content=\"https:\/\/www.facebook.com\/traversieres\/\" \/>\n<meta property=\"article:modified_time\" content=\"2022-08-15T06:59:35+00:00\" \/>\n<meta property=\"og:image\" content=\"https:\/\/latraversiere.fr\/wp-content\/uploads\/2022\/08\/1_of_tm142.jpg\" \/>\n\t<meta property=\"og:image:width\" content=\"370\" \/>\n\t<meta property=\"og:image:height\" content=\"500\" \/>\n<meta name=\"twitter:card\" content=\"summary\" \/>\n<meta name=\"twitter:site\" content=\"@La_Traversiere\" \/>\n<meta name=\"twitter:label1\" content=\"Est. reading time\" \/>\n\t<meta name=\"twitter:data1\" content=\"1 minute\" \/>\n<script type=\"application\/ld+json\" class=\"yoast-schema-graph\">{\"@context\":\"https:\/\/schema.org\",\"@graph\":[{\"@type\":\"Organization\",\"@id\":\"https:\/\/latraversiere.fr\/#organization\",\"name\":\"La Traversi\\u00e8re - Association Fran\\u00e7aise de la Fl\\u00fbte\",\"url\":\"https:\/\/latraversiere.fr\/\",\"sameAs\":[\"https:\/\/www.facebook.com\/traversieres\/\",\"https:\/\/www.instagram.com\/la_traversiere\/\",\"https:\/\/www.youtube.com\/channel\/UC46MEQZI2BfRZNFUFqc59Sw\",\"https:\/\/twitter.com\/La_Traversiere\"],\"logo\":{\"@type\":\"ImageObject\",\"@id\":\"https:\/\/latraversiere.fr\/#logo\",\"inLanguage\":\"en-US\",\"url\":\"https:\/\/latraversiere.fr\/wp-content\/uploads\/2018\/01\/LOGO-Traversiere-SITE-1.png\",\"contentUrl\":\"https:\/\/latraversiere.fr\/wp-content\/uploads\/2018\/01\/LOGO-Traversiere-SITE-1.png\",\"width\":539,\"height\":200,\"caption\":\"La Traversi\\u00e8re - Association Fran\\u00e7aise de la Fl\\u00fbte\"},\"image\":{\"@id\":\"https:\/\/latraversiere.fr\/#logo\"}},{\"@type\":\"WebSite\",\"@id\":\"https:\/\/latraversiere.fr\/#website\",\"url\":\"https:\/\/latraversiere.fr\/\",\"name\":\"LA TRAVERSIERE The french flute association\",\"description\":\"\",\"publisher\":{\"@id\":\"https:\/\/latraversiere.fr\/#organization\"},\"potentialAction\":[{\"@type\":\"SearchAction\",\"target\":{\"@type\":\"EntryPoint\",\"urlTemplate\":\"https:\/\/latraversiere.fr\/?s={search_term_string}\"},\"query-input\":\"required name=search_term_string\"}],\"inLanguage\":\"en-US\"},{\"@type\":\"ImageObject\",\"@id\":\"https:\/\/latraversiere.fr\/boutique\/partitions\/piece-pour-flute-seule\/#primaryimage\",\"inLanguage\":\"en-US\",\"url\":\"https:\/\/latraversiere.fr\/wp-content\/uploads\/2022\/08\/1_of_tm142.jpg\",\"contentUrl\":\"https:\/\/latraversiere.fr\/wp-content\/uploads\/2022\/08\/1_of_tm142.jpg\",\"width\":370,\"height\":500},{\"@type\":\"WebPage\",\"@id\":\"https:\/\/latraversiere.fr\/boutique\/partitions\/piece-pour-flute-seule\/#webpage\",\"url\":\"https:\/\/latraversiere.fr\/boutique\/partitions\/piece-pour-flute-seule\/\",\"name\":\"Pi\\u00e8ce pour fl\\u00fbte seule - Raymond Guiot - LA TRAVERSIERE The french flute association\",\"isPartOf\":{\"@id\":\"https:\/\/latraversiere.fr\/#website\"},\"primaryImageOfPage\":{\"@id\":\"https:\/\/latraversiere.fr\/boutique\/partitions\/piece-pour-flute-seule\/#primaryimage\"},\"datePublished\":\"2022-08-12T09:31:45+00:00\",\"dateModified\":\"2022-08-15T06:59:35+00:00\",\"breadcrumb\":{\"@id\":\"https:\/\/latraversiere.fr\/boutique\/partitions\/piece-pour-flute-seule\/#breadcrumb\"},\"inLanguage\":\"en-US\",\"potentialAction\":[{\"@type\":\"ReadAction\",\"target\":[\"https:\/\/latraversiere.fr\/boutique\/partitions\/piece-pour-flute-seule\/\"]}]},{\"@type\":\"BreadcrumbList\",\"@id\":\"https:\/\/latraversiere.fr\/boutique\/partitions\/piece-pour-flute-seule\/#breadcrumb\",\"itemListElement\":[{\"@type\":\"ListItem\",\"position\":1,\"name\":\"Accueil\",\"item\":\"https:\/\/latraversiere.fr\/\"},{\"@type\":\"ListItem\",\"position\":2,\"name\":\"Boutique\",\"item\":\"https:\/\/latraversiere.fr\/en\/boutique\/\"},{\"@type\":\"ListItem\",\"position\":3,\"name\":\"Pi\\u00e8ce pour fl\\u00fbte seule &#8211; Raymond Guiot\"}]}]}<\/script>\n<!-- \/ Yoast SEO plugin. -->","yoast_head_json":{"title":"Pi\u00e8ce pour fl\u00fbte seule - Raymond Guiot - LA TRAVERSIERE The french flute association","robots":{"index":"index","follow":"follow","max-snippet":"max-snippet:-1","max-image-preview":"max-image-preview:large","max-video-preview":"max-video-preview:-1"},"canonical":"https:\/\/latraversiere.fr\/boutique\/partitions\/piece-pour-flute-seule\/","og_locale":"en_US","og_type":"article","og_title":"Pi\u00e8ce pour fl\u00fbte seule - Raymond Guiot - LA TRAVERSIERE The french flute association","og_description":"[:fr]Pi\u00e8ce pour fl\u00fbte seule Raymond GUIOT  Pour fl\u00fbte seule, cette Pi\u00e8ce de R. Guiot compos\u00e9e en 1971 et \u00e9dit\u00e9e chez Sforzando \u00e9tait devenue introuvable. Quasi inconnue elle surprend et diff\u00e8re des pi\u00e8ces jazzy dont le fl\u00fbtiste-compositeur nous g\u00e2te. Ici l\u2019\u00e9criture subtile se rapproche de la musique fran\u00e7aise pour fl\u00fbte seule, r\u00e9pertoire dont on le sent totalement impr\u00e9gn\u00e9. Faunesque, incantatoire, ce solo poss\u00e8de la fluidit\u00e9 d&#039;une improvisation, d&#039;un remerciement spontan\u00e9 ou d\u2019un hommage aux compositeurs qui ont tant apport\u00e9 \u00e0 la musique pour fl\u00fbte. (Fin de Cycle II, Cycle III)  D\u00e9couvrez La pi\u00e8ce pour fl\u00fbte seule de Raymond Guiot, interpr\u00e9t\u00e9e par Sandrine Fran\u00e7ois sur la Sc\u00e8ne Num\u00e9rique            [:]","og_url":"https:\/\/latraversiere.fr\/boutique\/partitions\/piece-pour-flute-seule\/","og_site_name":"LA TRAVERSIERE The french flute association","article_publisher":"https:\/\/www.facebook.com\/traversieres\/","article_modified_time":"2022-08-15T06:59:35+00:00","og_image":[{"width":370,"height":500,"url":"https:\/\/latraversiere.fr\/wp-content\/uploads\/2022\/08\/1_of_tm142.jpg","type":"image\/jpeg"}],"twitter_card":"summary","twitter_site":"@La_Traversiere","twitter_misc":{"Est. reading time":"1 minute"},"schema":{"@context":"https:\/\/schema.org","@graph":[{"@type":"Organization","@id":"https:\/\/latraversiere.fr\/#organization","name":"La Traversi\u00e8re - Association Fran\u00e7aise de la Fl\u00fbte","url":"https:\/\/latraversiere.fr\/","sameAs":["https:\/\/www.facebook.com\/traversieres\/","https:\/\/www.instagram.com\/la_traversiere\/","https:\/\/www.youtube.com\/channel\/UC46MEQZI2BfRZNFUFqc59Sw","https:\/\/twitter.com\/La_Traversiere"],"logo":{"@type":"ImageObject","@id":"https:\/\/latraversiere.fr\/#logo","inLanguage":"en-US","url":"https:\/\/latraversiere.fr\/wp-content\/uploads\/2018\/01\/LOGO-Traversiere-SITE-1.png","contentUrl":"https:\/\/latraversiere.fr\/wp-content\/uploads\/2018\/01\/LOGO-Traversiere-SITE-1.png","width":539,"height":200,"caption":"La Traversi\u00e8re - Association Fran\u00e7aise de la Fl\u00fbte"},"image":{"@id":"https:\/\/latraversiere.fr\/#logo"}},{"@type":"WebSite","@id":"https:\/\/latraversiere.fr\/#website","url":"https:\/\/latraversiere.fr\/","name":"LA TRAVERSIERE The french flute association","description":"","publisher":{"@id":"https:\/\/latraversiere.fr\/#organization"},"potentialAction":[{"@type":"SearchAction","target":{"@type":"EntryPoint","urlTemplate":"https:\/\/latraversiere.fr\/?s={search_term_string}"},"query-input":"required name=search_term_string"}],"inLanguage":"en-US"},{"@type":"ImageObject","@id":"https:\/\/latraversiere.fr\/boutique\/partitions\/piece-pour-flute-seule\/#primaryimage","inLanguage":"en-US","url":"https:\/\/latraversiere.fr\/wp-content\/uploads\/2022\/08\/1_of_tm142.jpg","contentUrl":"https:\/\/latraversiere.fr\/wp-content\/uploads\/2022\/08\/1_of_tm142.jpg","width":370,"height":500},{"@type":"WebPage","@id":"https:\/\/latraversiere.fr\/boutique\/partitions\/piece-pour-flute-seule\/#webpage","url":"https:\/\/latraversiere.fr\/boutique\/partitions\/piece-pour-flute-seule\/","name":"Pi\u00e8ce pour fl\u00fbte seule - Raymond Guiot - LA TRAVERSIERE The french flute association","isPartOf":{"@id":"https:\/\/latraversiere.fr\/#website"},"primaryImageOfPage":{"@id":"https:\/\/latraversiere.fr\/boutique\/partitions\/piece-pour-flute-seule\/#primaryimage"},"datePublished":"2022-08-12T09:31:45+00:00","dateModified":"2022-08-15T06:59:35+00:00","breadcrumb":{"@id":"https:\/\/latraversiere.fr\/boutique\/partitions\/piece-pour-flute-seule\/#breadcrumb"},"inLanguage":"en-US","potentialAction":[{"@type":"ReadAction","target":["https:\/\/latraversiere.fr\/boutique\/partitions\/piece-pour-flute-seule\/"]}]},{"@type":"BreadcrumbList","@id":"https:\/\/latraversiere.fr\/boutique\/partitions\/piece-pour-flute-seule\/#breadcrumb","itemListElement":[{"@type":"ListItem","position":1,"name":"Accueil","item":"https:\/\/latraversiere.fr\/"},{"@type":"ListItem","position":2,"name":"Boutique","item":"https:\/\/latraversiere.fr\/en\/boutique\/"},{"@type":"ListItem","position":3,"name":"Pi\u00e8ce pour fl\u00fbte seule &#8211; Raymond Guiot"}]}]}},"_links":{"self":[{"href":"https:\/\/latraversiere.fr\/en\/wp-json\/wp\/v2\/product\/15493"}],"collection":[{"href":"https:\/\/latraversiere.fr\/en\/wp-json\/wp\/v2\/product"}],"about":[{"href":"https:\/\/latraversiere.fr\/en\/wp-json\/wp\/v2\/types\/product"}],"wp:featuredmedia":[{"embeddable":true,"href":"https:\/\/latraversiere.fr\/en\/wp-json\/wp\/v2\/media\/15542"}],"wp:attachment":[{"href":"https:\/\/latraversiere.fr\/en\/wp-json\/wp\/v2\/media?parent=15493"}],"curies":[{"name":"wp","href":"https:\/\/api.w.org\/{rel}","templated":true}]}}