{"id":169,"date":"2017-03-26T09:42:20","date_gmt":"2017-03-26T07:42:20","guid":{"rendered":"http:\/\/192.168.1.16\/Latraversiere\/boutique\/non%20class\u00e9\/abonnement-2ans-traversieres-magazine\/"},"modified":"2021-01-02T09:09:30","modified_gmt":"2021-01-02T08:09:30","slug":"formule-adhesion-integrale","status":"publish","type":"product","link":"https:\/\/latraversiere.fr\/en\/boutique\/adhesion\/formule-adhesion-integrale\/","title":{"rendered":"Formule d&#8217;adh\u00e9sion int\u00e9grale (Papier + Num\u00e9rique)"},"content":{"rendered":"","protected":false},"excerpt":{"rendered":"<p>Adh\u00e9rer \u00e0 La Traversi\u00e8re, c&#039;est \u00e9tendre son r\u00e9seau et partager avec la plus grande communaut\u00e9 de fl\u00fbtistes fran\u00e7ais, ainsi que supporter les actions men\u00e9es par l&#039;association pour promouvoir la fl\u00fbte au travers le monde par l&#039;organisation d&#039;\u00e9v\u00e9nements, la publication de magazines et l&#039;apport de son soutien \u00e0 des projets p\u00e9dagogiques, artistiques, ou autres mettant en avant l&#039;instrument.<\/p>\n<p>Adh\u00e9rer \u00e0 La Traversi\u00e8re, c&#039;est \u00e9galement b\u00e9n\u00e9ficier de nombreux avantages :<\/p>\n<ul>\n<li>Des tarifs pr\u00e9f\u00e9rentiels pour la Convention Internationale de la Fl\u00fbte ainsi qu&#039;aux diff\u00e9rentes autres manifestations organis\u00e9es par l&#039;association.<\/li>\n<li>Des Offres Sp\u00e9ciales sur divers articles (Partitions, Livres, CD, DVD\u2026) propos\u00e9s par l&#039;association.<\/li>\n<li>B\u00e9n\u00e9ficier d&#039;un relai d&#039;information pour toutes vos manifestations (concerts, stages d&#039;\u00e9t\u00e9\u2026)<\/li>\n<li>Imprimer en ligne votre carte adh\u00e9rent vous permettant de b\u00e9n\u00e9ficier de r\u00e9ductions chez nos partenaires<\/li>\n<\/ul>\n<p>La Formule int\u00e9grale vous permet de recevoir chez vous les magazines Traversi\u00e8res Magazine et vous donne \u00e9galement la possibilit\u00e9 de consulter en ligne tous nos magazines en version \u00e9lectronique (dans la limite de leur disponibilit\u00e9)<\/p>\n<p>Vous pouvez choisir la dur\u00e9e de votre adh\u00e9sion :<\/p>\n<ul>\n<li>1 an : Vous recevrez chez vous 4 num\u00e9ros de Traversi\u00e8res Magazine et b\u00e9n\u00e9ficierez des avantages et acc\u00e8s aux magazines en ligne pendant 1 an.<\/li>\n<li>2 ans : Vous recevrez chez vous 8 num\u00e9ros de Traversi\u00e8res Magazine et b\u00e9n\u00e9ficierez des avantages et acc\u00e8s aux magazines en ligne pendant 2 ans.<\/li>\n<\/ul>\n","protected":false},"featured_media":538,"template":"","meta":[],"_event_timezone":null,"_event_start_time":null,"_event_end_time":null,"_event_start":null,"_event_end":null,"_event_all_day":null,"_event_start_date":null,"_event_end_date":null,"_event_start_local":null,"_event_end_local":null,"tarif":null,"mailcontact":null,"telcontact":null,"siteinternet":null,"_location_address":null,"_location_town":null,"_location_postcode":null,"_location_country":null,"_location_state":null,"_location_region":null,"_location_latitude":null,"_location_longitude":null,"_location_status":null,"yoast_head":"<!-- This site is optimized with the Yoast SEO plugin v17.5 - https:\/\/yoast.com\/wordpress\/plugins\/seo\/ -->\n<title>Formule d&#039;adh\u00e9sion int\u00e9grale (Papier + Num\u00e9rique) - LA TRAVERSIERE The french flute association<\/title>\n<meta name=\"robots\" content=\"index, follow, max-snippet:-1, max-image-preview:large, max-video-preview:-1\" \/>\n<link rel=\"canonical\" href=\"https:\/\/latraversiere.fr\/boutique\/adhesion\/formule-adhesion-integrale\/\" \/>\n<meta property=\"og:locale\" content=\"en_US\" \/>\n<meta property=\"og:type\" content=\"article\" \/>\n<meta property=\"og:title\" content=\"Formule d&#039;adh\u00e9sion int\u00e9grale (Papier + Num\u00e9rique) - LA TRAVERSIERE The french flute association\" \/>\n<meta property=\"og:description\" content=\"[:fr]Adh\u00e9rer \u00e0 La Traversi\u00e8re, c&#039;est \u00e9tendre son r\u00e9seau et partager avec la plus grande communaut\u00e9 de fl\u00fbtistes fran\u00e7ais, ainsi que supporter les actions men\u00e9es par l&#039;association pour promouvoir la fl\u00fbte au travers le monde par l&#039;organisation d&#039;\u00e9v\u00e9nements, la publication de magazines et l&#039;apport de son soutien \u00e0 des projets p\u00e9dagogiques, artistiques, ou autres mettant en avant l&#039;instrument.  Adh\u00e9rer \u00e0 La Traversi\u00e8re, c&#039;est \u00e9galement b\u00e9n\u00e9ficier de nombreux avantages :   Des tarifs pr\u00e9f\u00e9rentiels pour la Convention Internationale de la Fl\u00fbte ainsi qu&#039;aux diff\u00e9rentes autres manifestations organis\u00e9es par l&#039;association.  Des Offres Sp\u00e9ciales sur divers articles (Partitions, Livres, CD, DVD\u2026) propos\u00e9s par l&#039;association.  B\u00e9n\u00e9ficier d&#039;un relai d&#039;information pour toutes vos manifestations (concerts, stages d&#039;\u00e9t\u00e9\u2026)  Imprimer en ligne votre carte adh\u00e9rent vous permettant de b\u00e9n\u00e9ficier de r\u00e9ductions chez nos partenaires  La Formule int\u00e9grale vous permet de recevoir chez vous les magazines Traversi\u00e8res Magazine et vous donne \u00e9galement la possibilit\u00e9 de consulter en ligne tous nos magazines en version \u00e9lectronique (dans la limite de leur disponibilit\u00e9)  Vous pouvez choisir la dur\u00e9e de votre adh\u00e9sion (en cliquant sur la case blanche ci-dessous):   1 an : Vous recevrez chez vous 4 num\u00e9ros de Traversi\u00e8res Magazine et b\u00e9n\u00e9ficierez des avantages et acc\u00e8s aux magazines en ligne pendant 1 an.  2 ans : Vous recevrez chez vous 8 num\u00e9ros de Traversi\u00e8res Magazine et b\u00e9n\u00e9ficierez des avantages et acc\u00e8s aux magazines en ligne pendant 2 ans. [:en]Adh\u00e9rer \u00e0 La Traversi\u00e8re, c&#039;est \u00e9tendre son r\u00e9seau et partager avec la plus grande communaut\u00e9 de fl\u00fbtistes fran\u00e7ais, ainsi que supporter les actions men\u00e9es par l&#039;association pour promouvoir la fl\u00fbte au travers le monde par l&#039;organisation d&#039;\u00e9v\u00e9nements, la publication de magazines et l&#039;apport de son soutien \u00e0 des projets p\u00e9dagogiques, artistiques, ou autres mettant en avant l&#039;instrument.  Adh\u00e9rer \u00e0 La Traversi\u00e8re, c&#039;est \u00e9galement b\u00e9n\u00e9ficier de nombreux avantages :   Des tarifs pr\u00e9f\u00e9rentiels pour la Convention Internationale de la Fl\u00fbte ainsi qu&#039;aux diff\u00e9rentes autres manifestations organis\u00e9es par l&#039;association.  Des Offres Sp\u00e9ciales sur divers articles (Partitions, Livres, CD, DVD\u2026) propos\u00e9s par l&#039;association.  B\u00e9n\u00e9ficier d&#039;un relai d&#039;information pour toutes vos manifestations (concerts, stages d&#039;\u00e9t\u00e9\u2026)  Imprimer en ligne votre carte adh\u00e9rent vous permettant de b\u00e9n\u00e9ficier de r\u00e9ductions chez nos partenaires  La Formule int\u00e9grale vous permet de recevoir chez vous les magazines Traversi\u00e8res Magazine et vous donne \u00e9galement la possibilit\u00e9 de consulter en ligne tous nos magazines en version \u00e9lectronique (dans la limite de leur disponibilit\u00e9)  Vous pouvez choisir la dur\u00e9e de votre adh\u00e9sion :   1 an : Vous recevrez chez vous 4 num\u00e9ros de Traversi\u00e8res Magazine et b\u00e9n\u00e9ficierez des avantages et acc\u00e8s aux magazines en ligne pendant 1 an.  2 ans : Vous recevrez chez vous 8 num\u00e9ros de Traversi\u00e8res Magazine et b\u00e9n\u00e9ficierez des avantages et acc\u00e8s aux magazines en ligne pendant 2 ans. [:]\" \/>\n<meta property=\"og:url\" content=\"https:\/\/latraversiere.fr\/boutique\/adhesion\/formule-adhesion-integrale\/\" \/>\n<meta property=\"og:site_name\" content=\"LA TRAVERSIERE The french flute association\" \/>\n<meta property=\"article:publisher\" content=\"https:\/\/www.facebook.com\/traversieres\/\" \/>\n<meta property=\"article:modified_time\" content=\"2021-01-02T08:09:30+00:00\" \/>\n<meta property=\"og:image\" content=\"https:\/\/latraversiere.fr\/wp-content\/uploads\/2017\/03\/Mags8-1.png\" \/>\n\t<meta property=\"og:image:width\" content=\"766\" \/>\n\t<meta property=\"og:image:height\" content=\"766\" \/>\n<meta name=\"twitter:card\" content=\"summary\" \/>\n<meta name=\"twitter:site\" content=\"@La_Traversiere\" \/>\n<script type=\"application\/ld+json\" class=\"yoast-schema-graph\">{\"@context\":\"https:\/\/schema.org\",\"@graph\":[{\"@type\":\"Organization\",\"@id\":\"https:\/\/latraversiere.fr\/#organization\",\"name\":\"La Traversi\\u00e8re - Association Fran\\u00e7aise de la Fl\\u00fbte\",\"url\":\"https:\/\/latraversiere.fr\/\",\"sameAs\":[\"https:\/\/www.facebook.com\/traversieres\/\",\"https:\/\/www.instagram.com\/la_traversiere\/\",\"https:\/\/www.youtube.com\/channel\/UC46MEQZI2BfRZNFUFqc59Sw\",\"https:\/\/twitter.com\/La_Traversiere\"],\"logo\":{\"@type\":\"ImageObject\",\"@id\":\"https:\/\/latraversiere.fr\/#logo\",\"inLanguage\":\"en-US\",\"url\":\"https:\/\/latraversiere.fr\/wp-content\/uploads\/2018\/01\/LOGO-Traversiere-SITE-1.png\",\"contentUrl\":\"https:\/\/latraversiere.fr\/wp-content\/uploads\/2018\/01\/LOGO-Traversiere-SITE-1.png\",\"width\":539,\"height\":200,\"caption\":\"La Traversi\\u00e8re - Association Fran\\u00e7aise de la Fl\\u00fbte\"},\"image\":{\"@id\":\"https:\/\/latraversiere.fr\/#logo\"}},{\"@type\":\"WebSite\",\"@id\":\"https:\/\/latraversiere.fr\/#website\",\"url\":\"https:\/\/latraversiere.fr\/\",\"name\":\"LA TRAVERSIERE The french flute association\",\"description\":\"\",\"publisher\":{\"@id\":\"https:\/\/latraversiere.fr\/#organization\"},\"potentialAction\":[{\"@type\":\"SearchAction\",\"target\":{\"@type\":\"EntryPoint\",\"urlTemplate\":\"https:\/\/latraversiere.fr\/?s={search_term_string}\"},\"query-input\":\"required name=search_term_string\"}],\"inLanguage\":\"en-US\"},{\"@type\":\"ImageObject\",\"@id\":\"https:\/\/latraversiere.fr\/boutique\/adhesion\/formule-adhesion-integrale\/#primaryimage\",\"inLanguage\":\"en-US\",\"url\":\"https:\/\/latraversiere.fr\/wp-content\/uploads\/2017\/03\/Mags8-1.png\",\"contentUrl\":\"https:\/\/latraversiere.fr\/wp-content\/uploads\/2017\/03\/Mags8-1.png\",\"width\":766,\"height\":766,\"caption\":\"Abonnement Traversi\\u00e8res Magazine\"},{\"@type\":\"WebPage\",\"@id\":\"https:\/\/latraversiere.fr\/boutique\/adhesion\/formule-adhesion-integrale\/#webpage\",\"url\":\"https:\/\/latraversiere.fr\/boutique\/adhesion\/formule-adhesion-integrale\/\",\"name\":\"Formule d'adh\\u00e9sion int\\u00e9grale (Papier + Num\\u00e9rique) - LA TRAVERSIERE The french flute association\",\"isPartOf\":{\"@id\":\"https:\/\/latraversiere.fr\/#website\"},\"primaryImageOfPage\":{\"@id\":\"https:\/\/latraversiere.fr\/boutique\/adhesion\/formule-adhesion-integrale\/#primaryimage\"},\"datePublished\":\"2017-03-26T07:42:20+00:00\",\"dateModified\":\"2021-01-02T08:09:30+00:00\",\"breadcrumb\":{\"@id\":\"https:\/\/latraversiere.fr\/boutique\/adhesion\/formule-adhesion-integrale\/#breadcrumb\"},\"inLanguage\":\"en-US\",\"potentialAction\":[{\"@type\":\"ReadAction\",\"target\":[\"https:\/\/latraversiere.fr\/boutique\/adhesion\/formule-adhesion-integrale\/\"]}]},{\"@type\":\"BreadcrumbList\",\"@id\":\"https:\/\/latraversiere.fr\/boutique\/adhesion\/formule-adhesion-integrale\/#breadcrumb\",\"itemListElement\":[{\"@type\":\"ListItem\",\"position\":1,\"name\":\"Accueil\",\"item\":\"https:\/\/latraversiere.fr\/\"},{\"@type\":\"ListItem\",\"position\":2,\"name\":\"Boutique\",\"item\":\"https:\/\/latraversiere.fr\/en\/boutique\/\"},{\"@type\":\"ListItem\",\"position\":3,\"name\":\"Formule d&#8217;adh\\u00e9sion int\\u00e9grale (Papier + Num\\u00e9rique)\"}]}]}<\/script>\n<!-- \/ Yoast SEO plugin. -->","yoast_head_json":{"title":"Formule d'adh\u00e9sion int\u00e9grale (Papier + Num\u00e9rique) - LA TRAVERSIERE The french flute association","robots":{"index":"index","follow":"follow","max-snippet":"max-snippet:-1","max-image-preview":"max-image-preview:large","max-video-preview":"max-video-preview:-1"},"canonical":"https:\/\/latraversiere.fr\/boutique\/adhesion\/formule-adhesion-integrale\/","og_locale":"en_US","og_type":"article","og_title":"Formule d'adh\u00e9sion int\u00e9grale (Papier + Num\u00e9rique) - LA TRAVERSIERE The french flute association","og_description":"[:fr]Adh\u00e9rer \u00e0 La Traversi\u00e8re, c&#039;est \u00e9tendre son r\u00e9seau et partager avec la plus grande communaut\u00e9 de fl\u00fbtistes fran\u00e7ais, ainsi que supporter les actions men\u00e9es par l&#039;association pour promouvoir la fl\u00fbte au travers le monde par l&#039;organisation d&#039;\u00e9v\u00e9nements, la publication de magazines et l&#039;apport de son soutien \u00e0 des projets p\u00e9dagogiques, artistiques, ou autres mettant en avant l&#039;instrument.  Adh\u00e9rer \u00e0 La Traversi\u00e8re, c&#039;est \u00e9galement b\u00e9n\u00e9ficier de nombreux avantages :   Des tarifs pr\u00e9f\u00e9rentiels pour la Convention Internationale de la Fl\u00fbte ainsi qu&#039;aux diff\u00e9rentes autres manifestations organis\u00e9es par l&#039;association.  Des Offres Sp\u00e9ciales sur divers articles (Partitions, Livres, CD, DVD\u2026) propos\u00e9s par l&#039;association.  B\u00e9n\u00e9ficier d&#039;un relai d&#039;information pour toutes vos manifestations (concerts, stages d&#039;\u00e9t\u00e9\u2026)  Imprimer en ligne votre carte adh\u00e9rent vous permettant de b\u00e9n\u00e9ficier de r\u00e9ductions chez nos partenaires  La Formule int\u00e9grale vous permet de recevoir chez vous les magazines Traversi\u00e8res Magazine et vous donne \u00e9galement la possibilit\u00e9 de consulter en ligne tous nos magazines en version \u00e9lectronique (dans la limite de leur disponibilit\u00e9)  Vous pouvez choisir la dur\u00e9e de votre adh\u00e9sion (en cliquant sur la case blanche ci-dessous):   1 an : Vous recevrez chez vous 4 num\u00e9ros de Traversi\u00e8res Magazine et b\u00e9n\u00e9ficierez des avantages et acc\u00e8s aux magazines en ligne pendant 1 an.  2 ans : Vous recevrez chez vous 8 num\u00e9ros de Traversi\u00e8res Magazine et b\u00e9n\u00e9ficierez des avantages et acc\u00e8s aux magazines en ligne pendant 2 ans. [:en]Adh\u00e9rer \u00e0 La Traversi\u00e8re, c&#039;est \u00e9tendre son r\u00e9seau et partager avec la plus grande communaut\u00e9 de fl\u00fbtistes fran\u00e7ais, ainsi que supporter les actions men\u00e9es par l&#039;association pour promouvoir la fl\u00fbte au travers le monde par l&#039;organisation d&#039;\u00e9v\u00e9nements, la publication de magazines et l&#039;apport de son soutien \u00e0 des projets p\u00e9dagogiques, artistiques, ou autres mettant en avant l&#039;instrument.  Adh\u00e9rer \u00e0 La Traversi\u00e8re, c&#039;est \u00e9galement b\u00e9n\u00e9ficier de nombreux avantages :   Des tarifs pr\u00e9f\u00e9rentiels pour la Convention Internationale de la Fl\u00fbte ainsi qu&#039;aux diff\u00e9rentes autres manifestations organis\u00e9es par l&#039;association.  Des Offres Sp\u00e9ciales sur divers articles (Partitions, Livres, CD, DVD\u2026) propos\u00e9s par l&#039;association.  B\u00e9n\u00e9ficier d&#039;un relai d&#039;information pour toutes vos manifestations (concerts, stages d&#039;\u00e9t\u00e9\u2026)  Imprimer en ligne votre carte adh\u00e9rent vous permettant de b\u00e9n\u00e9ficier de r\u00e9ductions chez nos partenaires  La Formule int\u00e9grale vous permet de recevoir chez vous les magazines Traversi\u00e8res Magazine et vous donne \u00e9galement la possibilit\u00e9 de consulter en ligne tous nos magazines en version \u00e9lectronique (dans la limite de leur disponibilit\u00e9)  Vous pouvez choisir la dur\u00e9e de votre adh\u00e9sion :   1 an : Vous recevrez chez vous 4 num\u00e9ros de Traversi\u00e8res Magazine et b\u00e9n\u00e9ficierez des avantages et acc\u00e8s aux magazines en ligne pendant 1 an.  2 ans : Vous recevrez chez vous 8 num\u00e9ros de Traversi\u00e8res Magazine et b\u00e9n\u00e9ficierez des avantages et acc\u00e8s aux magazines en ligne pendant 2 ans. [:]","og_url":"https:\/\/latraversiere.fr\/boutique\/adhesion\/formule-adhesion-integrale\/","og_site_name":"LA TRAVERSIERE The french flute association","article_publisher":"https:\/\/www.facebook.com\/traversieres\/","article_modified_time":"2021-01-02T08:09:30+00:00","og_image":[{"width":766,"height":766,"url":"https:\/\/latraversiere.fr\/wp-content\/uploads\/2017\/03\/Mags8-1.png","type":"image\/png"}],"twitter_card":"summary","twitter_site":"@La_Traversiere","schema":{"@context":"https:\/\/schema.org","@graph":[{"@type":"Organization","@id":"https:\/\/latraversiere.fr\/#organization","name":"La Traversi\u00e8re - Association Fran\u00e7aise de la Fl\u00fbte","url":"https:\/\/latraversiere.fr\/","sameAs":["https:\/\/www.facebook.com\/traversieres\/","https:\/\/www.instagram.com\/la_traversiere\/","https:\/\/www.youtube.com\/channel\/UC46MEQZI2BfRZNFUFqc59Sw","https:\/\/twitter.com\/La_Traversiere"],"logo":{"@type":"ImageObject","@id":"https:\/\/latraversiere.fr\/#logo","inLanguage":"en-US","url":"https:\/\/latraversiere.fr\/wp-content\/uploads\/2018\/01\/LOGO-Traversiere-SITE-1.png","contentUrl":"https:\/\/latraversiere.fr\/wp-content\/uploads\/2018\/01\/LOGO-Traversiere-SITE-1.png","width":539,"height":200,"caption":"La Traversi\u00e8re - Association Fran\u00e7aise de la Fl\u00fbte"},"image":{"@id":"https:\/\/latraversiere.fr\/#logo"}},{"@type":"WebSite","@id":"https:\/\/latraversiere.fr\/#website","url":"https:\/\/latraversiere.fr\/","name":"LA TRAVERSIERE The french flute association","description":"","publisher":{"@id":"https:\/\/latraversiere.fr\/#organization"},"potentialAction":[{"@type":"SearchAction","target":{"@type":"EntryPoint","urlTemplate":"https:\/\/latraversiere.fr\/?s={search_term_string}"},"query-input":"required name=search_term_string"}],"inLanguage":"en-US"},{"@type":"ImageObject","@id":"https:\/\/latraversiere.fr\/boutique\/adhesion\/formule-adhesion-integrale\/#primaryimage","inLanguage":"en-US","url":"https:\/\/latraversiere.fr\/wp-content\/uploads\/2017\/03\/Mags8-1.png","contentUrl":"https:\/\/latraversiere.fr\/wp-content\/uploads\/2017\/03\/Mags8-1.png","width":766,"height":766,"caption":"Abonnement Traversi\u00e8res Magazine"},{"@type":"WebPage","@id":"https:\/\/latraversiere.fr\/boutique\/adhesion\/formule-adhesion-integrale\/#webpage","url":"https:\/\/latraversiere.fr\/boutique\/adhesion\/formule-adhesion-integrale\/","name":"Formule d'adh\u00e9sion int\u00e9grale (Papier + Num\u00e9rique) - LA TRAVERSIERE The french flute association","isPartOf":{"@id":"https:\/\/latraversiere.fr\/#website"},"primaryImageOfPage":{"@id":"https:\/\/latraversiere.fr\/boutique\/adhesion\/formule-adhesion-integrale\/#primaryimage"},"datePublished":"2017-03-26T07:42:20+00:00","dateModified":"2021-01-02T08:09:30+00:00","breadcrumb":{"@id":"https:\/\/latraversiere.fr\/boutique\/adhesion\/formule-adhesion-integrale\/#breadcrumb"},"inLanguage":"en-US","potentialAction":[{"@type":"ReadAction","target":["https:\/\/latraversiere.fr\/boutique\/adhesion\/formule-adhesion-integrale\/"]}]},{"@type":"BreadcrumbList","@id":"https:\/\/latraversiere.fr\/boutique\/adhesion\/formule-adhesion-integrale\/#breadcrumb","itemListElement":[{"@type":"ListItem","position":1,"name":"Accueil","item":"https:\/\/latraversiere.fr\/"},{"@type":"ListItem","position":2,"name":"Boutique","item":"https:\/\/latraversiere.fr\/en\/boutique\/"},{"@type":"ListItem","position":3,"name":"Formule d&#8217;adh\u00e9sion int\u00e9grale (Papier + Num\u00e9rique)"}]}]}},"_links":{"self":[{"href":"https:\/\/latraversiere.fr\/en\/wp-json\/wp\/v2\/product\/169"}],"collection":[{"href":"https:\/\/latraversiere.fr\/en\/wp-json\/wp\/v2\/product"}],"about":[{"href":"https:\/\/latraversiere.fr\/en\/wp-json\/wp\/v2\/types\/product"}],"wp:featuredmedia":[{"embeddable":true,"href":"https:\/\/latraversiere.fr\/en\/wp-json\/wp\/v2\/media\/538"}],"wp:attachment":[{"href":"https:\/\/latraversiere.fr\/en\/wp-json\/wp\/v2\/media?parent=169"}],"curies":[{"name":"wp","href":"https:\/\/api.w.org\/{rel}","templated":true}]}}