{"id":20740,"date":"2023-04-02T10:08:40","date_gmt":"2023-04-02T08:08:40","guid":{"rendered":"https:\/\/latraversiere.fr\/?post_type=product&#038;p=20740"},"modified":"2023-07-24T16:03:00","modified_gmt":"2023-07-24T14:03:00","slug":"traversieres-magazine-n144","status":"publish","type":"product","link":"https:\/\/latraversiere.fr\/en\/boutique\/traversieres-magazine\/traversieres-magazine-n144\/","title":{"rendered":"Traversi\u00e8res Magazine N\u00b0144"},"content":{"rendered":"<p class=\"qtranxs-available-languages-message qtranxs-available-languages-message-en\">Sorry, this entry is only available in <a href=\"https:\/\/latraversiere.fr\/fr\/wp-json\/wp\/v2\/product\/20740\" class=\"qtranxs-available-language-link qtranxs-available-language-link-fr\" title=\"Fran\u00e7ais\">French<\/a>. For the sake of viewer convenience, the content is shown below in the alternative language. You may click the link to switch the active language.<\/p><p>Dans ce num\u00e9ro, un portrait de Fr\u00e9d\u00e9ric Chatoux, un retour sur les autres \u00e9v\u00e9nements en dehors de la Convention \u2013 le premier disque autour des oeuvres d\u2019\u00c9lise Bertrand,<br \/>\nle Concours Zonta et la rubrique lutherie avec la fl\u00fbte \u00ab tout en ligne \u00bb de Parmenon \u2013 ainsi que les habituels kiosques avec les derni\u00e8res publications de disques et de<br \/>\npartitions. <\/p>","protected":false},"excerpt":{"rendered":"<p>Sorry, this entry is only available in French. For the sake of viewer convenience, the content is shown below in the alternative language. You may click the link to switch the active language.Dans ce num\u00e9ro, un portrait de Fr\u00e9d\u00e9ric Chatoux, un retour sur les autres \u00e9v\u00e9nements en dehors de la Convention \u2013 le premier disque [&hellip;]<\/p>\n","protected":false},"featured_media":20741,"template":"","meta":[],"yoast_head":"<!-- This site is optimized with the Yoast SEO plugin v17.5 - https:\/\/yoast.com\/wordpress\/plugins\/seo\/ -->\n<title><\/title>\n<meta name=\"description\" content=\"Dans ce num\u00e9ro de Traversi\u00e8res Magazine, un portrait de Fr\u00e9d\u00e9ric Chatoux, un retour sur les autres \u00e9v\u00e9nements en dehors de la Convention \u2013 le premier disque autour des oeuvres d\u2019\u00c9lise Bertrand, le Concours Zonta et la rubrique lutherie avec la fl\u00fbte \u00ab tout en ligne \u00bb de Parmenon \u2013 ainsi que les habituels kiosques avec les derni\u00e8res publications de disques et departitions.\" \/>\n<meta name=\"robots\" content=\"index, follow, max-snippet:-1, max-image-preview:large, max-video-preview:-1\" \/>\n<link rel=\"canonical\" href=\"https:\/\/latraversiere.fr\/boutique\/traversieres-magazine\/traversieres-magazine-n144\/\" \/>\n<meta property=\"og:locale\" content=\"en_US\" \/>\n<meta property=\"og:type\" content=\"article\" \/>\n<meta property=\"og:title\" content=\"[:fr]Traversi\u00e8res Magazine N\u00b0144[:] - LA TRAVERSIERE The french flute association\" \/>\n<meta property=\"og:description\" content=\"Dans ce num\u00e9ro de Traversi\u00e8res Magazine, un portrait de Fr\u00e9d\u00e9ric Chatoux, un retour sur les autres \u00e9v\u00e9nements en dehors de la Convention \u2013 le premier disque autour des oeuvres d\u2019\u00c9lise Bertrand, le Concours Zonta et la rubrique lutherie avec la fl\u00fbte \u00ab tout en ligne \u00bb de Parmenon \u2013 ainsi que les habituels kiosques avec les derni\u00e8res publications de disques et departitions.\" \/>\n<meta property=\"og:url\" content=\"https:\/\/latraversiere.fr\/boutique\/traversieres-magazine\/traversieres-magazine-n144\/\" \/>\n<meta property=\"og:site_name\" content=\"LA TRAVERSIERE The french flute association\" \/>\n<meta property=\"article:publisher\" content=\"https:\/\/www.facebook.com\/traversieres\/\" \/>\n<meta property=\"article:modified_time\" content=\"2023-07-24T14:03:00+00:00\" \/>\n<meta property=\"og:image\" content=\"https:\/\/latraversiere.fr\/wp-content\/uploads\/2023\/04\/TM144_Cover-scaled.jpg\" \/>\n\t<meta property=\"og:image:width\" content=\"1810\" \/>\n\t<meta property=\"og:image:height\" content=\"2560\" \/>\n<meta name=\"twitter:card\" content=\"summary\" \/>\n<meta name=\"twitter:site\" content=\"@La_Traversiere\" \/>\n<script type=\"application\/ld+json\" class=\"yoast-schema-graph\">{\"@context\":\"https:\/\/schema.org\",\"@graph\":[{\"@type\":\"Organization\",\"@id\":\"https:\/\/latraversiere.fr\/#organization\",\"name\":\"La Traversi\\u00e8re - Association Fran\\u00e7aise de la Fl\\u00fbte\",\"url\":\"https:\/\/latraversiere.fr\/\",\"sameAs\":[\"https:\/\/www.facebook.com\/traversieres\/\",\"https:\/\/www.instagram.com\/la_traversiere\/\",\"https:\/\/www.youtube.com\/channel\/UC46MEQZI2BfRZNFUFqc59Sw\",\"https:\/\/twitter.com\/La_Traversiere\"],\"logo\":{\"@type\":\"ImageObject\",\"@id\":\"https:\/\/latraversiere.fr\/#logo\",\"inLanguage\":\"en-US\",\"url\":\"https:\/\/latraversiere.fr\/wp-content\/uploads\/2018\/01\/LOGO-Traversiere-SITE-1.png\",\"contentUrl\":\"https:\/\/latraversiere.fr\/wp-content\/uploads\/2018\/01\/LOGO-Traversiere-SITE-1.png\",\"width\":539,\"height\":200,\"caption\":\"La Traversi\\u00e8re - Association Fran\\u00e7aise de la Fl\\u00fbte\"},\"image\":{\"@id\":\"https:\/\/latraversiere.fr\/#logo\"}},{\"@type\":\"WebSite\",\"@id\":\"https:\/\/latraversiere.fr\/#website\",\"url\":\"https:\/\/latraversiere.fr\/\",\"name\":\"LA TRAVERSIERE The french flute association\",\"description\":\"\",\"publisher\":{\"@id\":\"https:\/\/latraversiere.fr\/#organization\"},\"potentialAction\":[{\"@type\":\"SearchAction\",\"target\":{\"@type\":\"EntryPoint\",\"urlTemplate\":\"https:\/\/latraversiere.fr\/?s={search_term_string}\"},\"query-input\":\"required name=search_term_string\"}],\"inLanguage\":\"en-US\"},{\"@type\":\"ImageObject\",\"@id\":\"https:\/\/latraversiere.fr\/boutique\/traversieres-magazine\/traversieres-magazine-n144\/#primaryimage\",\"inLanguage\":\"en-US\",\"url\":\"https:\/\/latraversiere.fr\/wp-content\/uploads\/2023\/04\/TM144_Cover-scaled.jpg\",\"contentUrl\":\"https:\/\/latraversiere.fr\/wp-content\/uploads\/2023\/04\/TM144_Cover-scaled.jpg\",\"width\":1810,\"height\":2560,\"caption\":\"Couverture du Traversi\\u00e8res Magazine N\\u00b0144 - La Traversi\\u00e8re\"},{\"@type\":\"WebPage\",\"@id\":\"https:\/\/latraversiere.fr\/boutique\/traversieres-magazine\/traversieres-magazine-n144\/#webpage\",\"url\":\"https:\/\/latraversiere.fr\/boutique\/traversieres-magazine\/traversieres-magazine-n144\/\",\"name\":\"[:fr]Traversi\\u00e8res Magazine N\\u00b0144[:] - LA TRAVERSIERE The french flute association\",\"isPartOf\":{\"@id\":\"https:\/\/latraversiere.fr\/#website\"},\"primaryImageOfPage\":{\"@id\":\"https:\/\/latraversiere.fr\/boutique\/traversieres-magazine\/traversieres-magazine-n144\/#primaryimage\"},\"datePublished\":\"2023-04-02T08:08:40+00:00\",\"dateModified\":\"2023-07-24T14:03:00+00:00\",\"description\":\"Dans ce num\\u00e9ro de Traversi\\u00e8res Magazine, un portrait de Fr\\u00e9d\\u00e9ric Chatoux, un retour sur les autres \\u00e9v\\u00e9nements en dehors de la Convention \\u2013 le premier disque autour des oeuvres d\\u2019\\u00c9lise Bertrand, le Concours Zonta et la rubrique lutherie avec la fl\\u00fbte \\u00ab tout en ligne \\u00bb de Parmenon \\u2013 ainsi que les habituels kiosques avec les derni\\u00e8res publications de disques et departitions.\",\"breadcrumb\":{\"@id\":\"https:\/\/latraversiere.fr\/boutique\/traversieres-magazine\/traversieres-magazine-n144\/#breadcrumb\"},\"inLanguage\":\"en-US\",\"potentialAction\":[{\"@type\":\"ReadAction\",\"target\":[\"https:\/\/latraversiere.fr\/boutique\/traversieres-magazine\/traversieres-magazine-n144\/\"]}]},{\"@type\":\"BreadcrumbList\",\"@id\":\"https:\/\/latraversiere.fr\/boutique\/traversieres-magazine\/traversieres-magazine-n144\/#breadcrumb\",\"itemListElement\":[{\"@type\":\"ListItem\",\"position\":1,\"name\":\"Accueil\",\"item\":\"https:\/\/latraversiere.fr\/\"},{\"@type\":\"ListItem\",\"position\":2,\"name\":\"Boutique\",\"item\":\"https:\/\/latraversiere.fr\/en\/boutique\/\"},{\"@type\":\"ListItem\",\"position\":3,\"name\":\"Traversi\\u00e8res Magazine N\\u00b0144\"}]}]}<\/script>\n<!-- \/ Yoast SEO plugin. -->","yoast_head_json":{"title":"[:fr]Traversi\u00e8res Magazine N\u00b0144[:] - LA TRAVERSIERE The french flute association","description":"Dans ce num\u00e9ro de Traversi\u00e8res Magazine, un portrait de Fr\u00e9d\u00e9ric Chatoux, un retour sur les autres \u00e9v\u00e9nements en dehors de la Convention \u2013 le premier disque autour des oeuvres d\u2019\u00c9lise Bertrand, le Concours Zonta et la rubrique lutherie avec la fl\u00fbte \u00ab tout en ligne \u00bb de Parmenon \u2013 ainsi que les habituels kiosques avec les derni\u00e8res publications de disques et departitions.","robots":{"index":"index","follow":"follow","max-snippet":"max-snippet:-1","max-image-preview":"max-image-preview:large","max-video-preview":"max-video-preview:-1"},"canonical":"https:\/\/latraversiere.fr\/boutique\/traversieres-magazine\/traversieres-magazine-n144\/","og_locale":"en_US","og_type":"article","og_title":"[:fr]Traversi\u00e8res Magazine N\u00b0144[:] - LA TRAVERSIERE The french flute association","og_description":"Dans ce num\u00e9ro de Traversi\u00e8res Magazine, un portrait de Fr\u00e9d\u00e9ric Chatoux, un retour sur les autres \u00e9v\u00e9nements en dehors de la Convention \u2013 le premier disque autour des oeuvres d\u2019\u00c9lise Bertrand, le Concours Zonta et la rubrique lutherie avec la fl\u00fbte \u00ab tout en ligne \u00bb de Parmenon \u2013 ainsi que les habituels kiosques avec les derni\u00e8res publications de disques et departitions.","og_url":"https:\/\/latraversiere.fr\/boutique\/traversieres-magazine\/traversieres-magazine-n144\/","og_site_name":"LA TRAVERSIERE The french flute association","article_publisher":"https:\/\/www.facebook.com\/traversieres\/","article_modified_time":"2023-07-24T14:03:00+00:00","og_image":[{"width":1810,"height":2560,"url":"https:\/\/latraversiere.fr\/wp-content\/uploads\/2023\/04\/TM144_Cover-scaled.jpg","type":"image\/jpeg"}],"twitter_card":"summary","twitter_site":"@La_Traversiere","schema":{"@context":"https:\/\/schema.org","@graph":[{"@type":"Organization","@id":"https:\/\/latraversiere.fr\/#organization","name":"La Traversi\u00e8re - Association Fran\u00e7aise de la Fl\u00fbte","url":"https:\/\/latraversiere.fr\/","sameAs":["https:\/\/www.facebook.com\/traversieres\/","https:\/\/www.instagram.com\/la_traversiere\/","https:\/\/www.youtube.com\/channel\/UC46MEQZI2BfRZNFUFqc59Sw","https:\/\/twitter.com\/La_Traversiere"],"logo":{"@type":"ImageObject","@id":"https:\/\/latraversiere.fr\/#logo","inLanguage":"en-US","url":"https:\/\/latraversiere.fr\/wp-content\/uploads\/2018\/01\/LOGO-Traversiere-SITE-1.png","contentUrl":"https:\/\/latraversiere.fr\/wp-content\/uploads\/2018\/01\/LOGO-Traversiere-SITE-1.png","width":539,"height":200,"caption":"La Traversi\u00e8re - Association Fran\u00e7aise de la Fl\u00fbte"},"image":{"@id":"https:\/\/latraversiere.fr\/#logo"}},{"@type":"WebSite","@id":"https:\/\/latraversiere.fr\/#website","url":"https:\/\/latraversiere.fr\/","name":"LA TRAVERSIERE The french flute association","description":"","publisher":{"@id":"https:\/\/latraversiere.fr\/#organization"},"potentialAction":[{"@type":"SearchAction","target":{"@type":"EntryPoint","urlTemplate":"https:\/\/latraversiere.fr\/?s={search_term_string}"},"query-input":"required name=search_term_string"}],"inLanguage":"en-US"},{"@type":"ImageObject","@id":"https:\/\/latraversiere.fr\/boutique\/traversieres-magazine\/traversieres-magazine-n144\/#primaryimage","inLanguage":"en-US","url":"https:\/\/latraversiere.fr\/wp-content\/uploads\/2023\/04\/TM144_Cover-scaled.jpg","contentUrl":"https:\/\/latraversiere.fr\/wp-content\/uploads\/2023\/04\/TM144_Cover-scaled.jpg","width":1810,"height":2560,"caption":"Couverture du Traversi\u00e8res Magazine N\u00b0144 - La Traversi\u00e8re"},{"@type":"WebPage","@id":"https:\/\/latraversiere.fr\/boutique\/traversieres-magazine\/traversieres-magazine-n144\/#webpage","url":"https:\/\/latraversiere.fr\/boutique\/traversieres-magazine\/traversieres-magazine-n144\/","name":"[:fr]Traversi\u00e8res Magazine N\u00b0144[:] - LA TRAVERSIERE The french flute association","isPartOf":{"@id":"https:\/\/latraversiere.fr\/#website"},"primaryImageOfPage":{"@id":"https:\/\/latraversiere.fr\/boutique\/traversieres-magazine\/traversieres-magazine-n144\/#primaryimage"},"datePublished":"2023-04-02T08:08:40+00:00","dateModified":"2023-07-24T14:03:00+00:00","description":"Dans ce num\u00e9ro de Traversi\u00e8res Magazine, un portrait de Fr\u00e9d\u00e9ric Chatoux, un retour sur les autres \u00e9v\u00e9nements en dehors de la Convention \u2013 le premier disque autour des oeuvres d\u2019\u00c9lise Bertrand, le Concours Zonta et la rubrique lutherie avec la fl\u00fbte \u00ab tout en ligne \u00bb de Parmenon \u2013 ainsi que les habituels kiosques avec les derni\u00e8res publications de disques et departitions.","breadcrumb":{"@id":"https:\/\/latraversiere.fr\/boutique\/traversieres-magazine\/traversieres-magazine-n144\/#breadcrumb"},"inLanguage":"en-US","potentialAction":[{"@type":"ReadAction","target":["https:\/\/latraversiere.fr\/boutique\/traversieres-magazine\/traversieres-magazine-n144\/"]}]},{"@type":"BreadcrumbList","@id":"https:\/\/latraversiere.fr\/boutique\/traversieres-magazine\/traversieres-magazine-n144\/#breadcrumb","itemListElement":[{"@type":"ListItem","position":1,"name":"Accueil","item":"https:\/\/latraversiere.fr\/"},{"@type":"ListItem","position":2,"name":"Boutique","item":"https:\/\/latraversiere.fr\/en\/boutique\/"},{"@type":"ListItem","position":3,"name":"Traversi\u00e8res Magazine N\u00b0144"}]}]}},"_links":{"self":[{"href":"https:\/\/latraversiere.fr\/en\/wp-json\/wp\/v2\/product\/20740"}],"collection":[{"href":"https:\/\/latraversiere.fr\/en\/wp-json\/wp\/v2\/product"}],"about":[{"href":"https:\/\/latraversiere.fr\/en\/wp-json\/wp\/v2\/types\/product"}],"wp:featuredmedia":[{"embeddable":true,"href":"https:\/\/latraversiere.fr\/en\/wp-json\/wp\/v2\/media\/20741"}],"wp:attachment":[{"href":"https:\/\/latraversiere.fr\/en\/wp-json\/wp\/v2\/media?parent=20740"}],"curies":[{"name":"wp","href":"https:\/\/api.w.org\/{rel}","templated":true}]}}