{"id":21355,"date":"2023-06-26T12:30:03","date_gmt":"2023-06-26T10:30:03","guid":{"rendered":"https:\/\/latraversiere.fr\/?post_type=product&#038;p=21355"},"modified":"2026-03-30T19:16:59","modified_gmt":"2026-03-30T17:16:59","slug":"traversieres-magazine-n145","status":"publish","type":"product","link":"https:\/\/latraversiere.fr\/en\/boutique\/traversieres-magazine\/traversieres-magazine-n145\/","title":{"rendered":"Traversi\u00e8res Magazine N\u00b0145"},"content":{"rendered":"<p class=\"qtranxs-available-languages-message qtranxs-available-languages-message-en\">Sorry, this entry is only available in <a href=\"https:\/\/latraversiere.fr\/fr\/wp-json\/wp\/v2\/product\/21355\" class=\"qtranxs-available-language-link qtranxs-available-language-link-fr\" title=\"Fran\u00e7ais\">French<\/a>. For the sake of viewer convenience, the content is shown below in the alternative language. You may click the link to switch the active language.<\/p><p>Dans ce num\u00e9ro de Traversi\u00e8res Magazine, un portrait de Sandrine Fran\u00e7ois, fl\u00fbtiste aux multiples facettes , un dossier consacr\u00e9 \u00e0 l&#8217;approche anglaise de la Sonate pour fl\u00fbte et piano dans les ann\u00e9es quarante (Berkeley, Bowen, Arnold) , un volet p\u00e9dagogique avec une rencontre avec Barthold Kuijken et une interview de Ga\u00eblle Belot , ainsi que les habituels kiosques avec les derni\u00e8res publications de disques et de partitions.<\/p>","protected":false},"excerpt":{"rendered":"<p class=\"qtranxs-available-languages-message qtranxs-available-languages-message-en\">Sorry, this entry is only available in <a href=\"https:\/\/latraversiere.fr\/fr\/wp-json\/wp\/v2\/product\/21355\" class=\"qtranxs-available-language-link qtranxs-available-language-link-fr\" title=\"Fran\u00e7ais\">French<\/a>. For the sake of viewer convenience, the content is shown below in the alternative language. You may click the link to switch the active language.<\/p>\n<p>Dans ce num\u00e9ro de Traversi\u00e8res Magazine, un portrait de Sandrine Fran\u00e7ois, fl\u00fbtiste aux multiples facettes , un dossier consacr\u00e9 \u00e0 l&#8217;approche anglaise de la Sonate pour fl\u00fbte et piano dans les ann\u00e9es quarante (Berkeley, Bowen, Arnold) , un volet p\u00e9dagogique avec une rencontre avec Barthold Kuijken et une interview de Ga\u00eblle Belot , ainsi que les habituels kiosques avec les derni\u00e8res publications de disques et de partitions.<\/p>\n","protected":false},"featured_media":21356,"template":"","meta":[],"yoast_head":"<!-- This site is optimized with the Yoast SEO plugin v17.5 - https:\/\/yoast.com\/wordpress\/plugins\/seo\/ -->\n<title><\/title>\n<meta name=\"description\" content=\"Dans ce num\u00e9ro de Traversi\u00e8res Magazine, un portrait de Sandrine Fran\u00e7ois, fl\u00fbtiste aux multiples facettes , un dossier consacr\u00e9 \u00e0 l&#039;approche anglaise de la Sonate pour fl\u00fbte et piano dans les ann\u00e9es quarante (Berkeley, Bowen, Arnold) , un volet p\u00e9dagogique avec une rencontre avec Barthold Kuijken et une interview de Ga\u00eblle Belot , ainsi que les habituels kiosques avec les derni\u00e8res publications de disques et de partitions.\" \/>\n<meta name=\"robots\" content=\"index, follow, max-snippet:-1, max-image-preview:large, max-video-preview:-1\" \/>\n<link rel=\"canonical\" href=\"https:\/\/latraversiere.fr\/boutique\/traversieres-magazine\/traversieres-magazine-n145\/\" \/>\n<meta property=\"og:locale\" content=\"en_US\" \/>\n<meta property=\"og:type\" content=\"article\" \/>\n<meta property=\"og:title\" content=\"[:fr]Traversi\u00e8res Magazine N\u00b0145[:] - LA TRAVERSIERE The french flute association\" \/>\n<meta property=\"og:description\" content=\"Dans ce num\u00e9ro de Traversi\u00e8res Magazine, un portrait de Sandrine Fran\u00e7ois, fl\u00fbtiste aux multiples facettes , un dossier consacr\u00e9 \u00e0 l&#039;approche anglaise de la Sonate pour fl\u00fbte et piano dans les ann\u00e9es quarante (Berkeley, Bowen, Arnold) , un volet p\u00e9dagogique avec une rencontre avec Barthold Kuijken et une interview de Ga\u00eblle Belot , ainsi que les habituels kiosques avec les derni\u00e8res publications de disques et de partitions.\" \/>\n<meta property=\"og:url\" content=\"https:\/\/latraversiere.fr\/boutique\/traversieres-magazine\/traversieres-magazine-n145\/\" \/>\n<meta property=\"og:site_name\" content=\"LA TRAVERSIERE The french flute association\" \/>\n<meta property=\"article:publisher\" content=\"https:\/\/www.facebook.com\/traversieres\/\" \/>\n<meta property=\"article:modified_time\" content=\"2026-03-30T17:16:59+00:00\" \/>\n<meta property=\"og:image\" content=\"https:\/\/latraversiere.fr\/wp-content\/uploads\/2023\/06\/145_COVER-scaled.jpg\" \/>\n\t<meta property=\"og:image:width\" content=\"1810\" \/>\n\t<meta property=\"og:image:height\" content=\"2560\" \/>\n<meta name=\"twitter:card\" content=\"summary\" \/>\n<meta name=\"twitter:site\" content=\"@La_Traversiere\" \/>\n<script type=\"application\/ld+json\" class=\"yoast-schema-graph\">{\"@context\":\"https:\/\/schema.org\",\"@graph\":[{\"@type\":\"Organization\",\"@id\":\"https:\/\/latraversiere.fr\/#organization\",\"name\":\"La Traversi\\u00e8re - Association Fran\\u00e7aise de la Fl\\u00fbte\",\"url\":\"https:\/\/latraversiere.fr\/\",\"sameAs\":[\"https:\/\/www.facebook.com\/traversieres\/\",\"https:\/\/www.instagram.com\/la_traversiere\/\",\"https:\/\/www.youtube.com\/channel\/UC46MEQZI2BfRZNFUFqc59Sw\",\"https:\/\/twitter.com\/La_Traversiere\"],\"logo\":{\"@type\":\"ImageObject\",\"@id\":\"https:\/\/latraversiere.fr\/#logo\",\"inLanguage\":\"en-US\",\"url\":\"https:\/\/latraversiere.fr\/wp-content\/uploads\/2018\/01\/LOGO-Traversiere-SITE-1.png\",\"contentUrl\":\"https:\/\/latraversiere.fr\/wp-content\/uploads\/2018\/01\/LOGO-Traversiere-SITE-1.png\",\"width\":539,\"height\":200,\"caption\":\"La Traversi\\u00e8re - Association Fran\\u00e7aise de la Fl\\u00fbte\"},\"image\":{\"@id\":\"https:\/\/latraversiere.fr\/#logo\"}},{\"@type\":\"WebSite\",\"@id\":\"https:\/\/latraversiere.fr\/#website\",\"url\":\"https:\/\/latraversiere.fr\/\",\"name\":\"LA TRAVERSIERE The french flute association\",\"description\":\"\",\"publisher\":{\"@id\":\"https:\/\/latraversiere.fr\/#organization\"},\"potentialAction\":[{\"@type\":\"SearchAction\",\"target\":{\"@type\":\"EntryPoint\",\"urlTemplate\":\"https:\/\/latraversiere.fr\/?s={search_term_string}\"},\"query-input\":\"required name=search_term_string\"}],\"inLanguage\":\"en-US\"},{\"@type\":\"ImageObject\",\"@id\":\"https:\/\/latraversiere.fr\/boutique\/traversieres-magazine\/traversieres-magazine-n145\/#primaryimage\",\"inLanguage\":\"en-US\",\"url\":\"https:\/\/latraversiere.fr\/wp-content\/uploads\/2023\/06\/145_COVER-scaled.jpg\",\"contentUrl\":\"https:\/\/latraversiere.fr\/wp-content\/uploads\/2023\/06\/145_COVER-scaled.jpg\",\"width\":1810,\"height\":2560,\"caption\":\"Traversi\\u00e8res Magazine N\\u00b0145\"},{\"@type\":\"WebPage\",\"@id\":\"https:\/\/latraversiere.fr\/boutique\/traversieres-magazine\/traversieres-magazine-n145\/#webpage\",\"url\":\"https:\/\/latraversiere.fr\/boutique\/traversieres-magazine\/traversieres-magazine-n145\/\",\"name\":\"[:fr]Traversi\\u00e8res Magazine N\\u00b0145[:] - LA TRAVERSIERE The french flute association\",\"isPartOf\":{\"@id\":\"https:\/\/latraversiere.fr\/#website\"},\"primaryImageOfPage\":{\"@id\":\"https:\/\/latraversiere.fr\/boutique\/traversieres-magazine\/traversieres-magazine-n145\/#primaryimage\"},\"datePublished\":\"2023-06-26T10:30:03+00:00\",\"dateModified\":\"2026-03-30T17:16:59+00:00\",\"description\":\"Dans ce num\\u00e9ro de Traversi\\u00e8res Magazine, un portrait de Sandrine Fran\\u00e7ois, fl\\u00fbtiste aux multiples facettes , un dossier consacr\\u00e9 \\u00e0 l'approche anglaise de la Sonate pour fl\\u00fbte et piano dans les ann\\u00e9es quarante (Berkeley, Bowen, Arnold) , un volet p\\u00e9dagogique avec une rencontre avec Barthold Kuijken et une interview de Ga\\u00eblle Belot , ainsi que les habituels kiosques avec les derni\\u00e8res publications de disques et de partitions.\",\"breadcrumb\":{\"@id\":\"https:\/\/latraversiere.fr\/boutique\/traversieres-magazine\/traversieres-magazine-n145\/#breadcrumb\"},\"inLanguage\":\"en-US\",\"potentialAction\":[{\"@type\":\"ReadAction\",\"target\":[\"https:\/\/latraversiere.fr\/boutique\/traversieres-magazine\/traversieres-magazine-n145\/\"]}]},{\"@type\":\"BreadcrumbList\",\"@id\":\"https:\/\/latraversiere.fr\/boutique\/traversieres-magazine\/traversieres-magazine-n145\/#breadcrumb\",\"itemListElement\":[{\"@type\":\"ListItem\",\"position\":1,\"name\":\"Accueil\",\"item\":\"https:\/\/latraversiere.fr\/\"},{\"@type\":\"ListItem\",\"position\":2,\"name\":\"Boutique\",\"item\":\"https:\/\/latraversiere.fr\/en\/boutique\/\"},{\"@type\":\"ListItem\",\"position\":3,\"name\":\"Traversi\\u00e8res Magazine N\\u00b0145\"}]}]}<\/script>\n<!-- \/ Yoast SEO plugin. -->","yoast_head_json":{"title":"[:fr]Traversi\u00e8res Magazine N\u00b0145[:] - LA TRAVERSIERE The french flute association","description":"Dans ce num\u00e9ro de Traversi\u00e8res Magazine, un portrait de Sandrine Fran\u00e7ois, fl\u00fbtiste aux multiples facettes , un dossier consacr\u00e9 \u00e0 l'approche anglaise de la Sonate pour fl\u00fbte et piano dans les ann\u00e9es quarante (Berkeley, Bowen, Arnold) , un volet p\u00e9dagogique avec une rencontre avec Barthold Kuijken et une interview de Ga\u00eblle Belot , ainsi que les habituels kiosques avec les derni\u00e8res publications de disques et de partitions.","robots":{"index":"index","follow":"follow","max-snippet":"max-snippet:-1","max-image-preview":"max-image-preview:large","max-video-preview":"max-video-preview:-1"},"canonical":"https:\/\/latraversiere.fr\/boutique\/traversieres-magazine\/traversieres-magazine-n145\/","og_locale":"en_US","og_type":"article","og_title":"[:fr]Traversi\u00e8res Magazine N\u00b0145[:] - LA TRAVERSIERE The french flute association","og_description":"Dans ce num\u00e9ro de Traversi\u00e8res Magazine, un portrait de Sandrine Fran\u00e7ois, fl\u00fbtiste aux multiples facettes , un dossier consacr\u00e9 \u00e0 l'approche anglaise de la Sonate pour fl\u00fbte et piano dans les ann\u00e9es quarante (Berkeley, Bowen, Arnold) , un volet p\u00e9dagogique avec une rencontre avec Barthold Kuijken et une interview de Ga\u00eblle Belot , ainsi que les habituels kiosques avec les derni\u00e8res publications de disques et de partitions.","og_url":"https:\/\/latraversiere.fr\/boutique\/traversieres-magazine\/traversieres-magazine-n145\/","og_site_name":"LA TRAVERSIERE The french flute association","article_publisher":"https:\/\/www.facebook.com\/traversieres\/","article_modified_time":"2026-03-30T17:16:59+00:00","og_image":[{"width":1810,"height":2560,"url":"https:\/\/latraversiere.fr\/wp-content\/uploads\/2023\/06\/145_COVER-scaled.jpg","type":"image\/jpeg"}],"twitter_card":"summary","twitter_site":"@La_Traversiere","schema":{"@context":"https:\/\/schema.org","@graph":[{"@type":"Organization","@id":"https:\/\/latraversiere.fr\/#organization","name":"La Traversi\u00e8re - Association Fran\u00e7aise de la Fl\u00fbte","url":"https:\/\/latraversiere.fr\/","sameAs":["https:\/\/www.facebook.com\/traversieres\/","https:\/\/www.instagram.com\/la_traversiere\/","https:\/\/www.youtube.com\/channel\/UC46MEQZI2BfRZNFUFqc59Sw","https:\/\/twitter.com\/La_Traversiere"],"logo":{"@type":"ImageObject","@id":"https:\/\/latraversiere.fr\/#logo","inLanguage":"en-US","url":"https:\/\/latraversiere.fr\/wp-content\/uploads\/2018\/01\/LOGO-Traversiere-SITE-1.png","contentUrl":"https:\/\/latraversiere.fr\/wp-content\/uploads\/2018\/01\/LOGO-Traversiere-SITE-1.png","width":539,"height":200,"caption":"La Traversi\u00e8re - Association Fran\u00e7aise de la Fl\u00fbte"},"image":{"@id":"https:\/\/latraversiere.fr\/#logo"}},{"@type":"WebSite","@id":"https:\/\/latraversiere.fr\/#website","url":"https:\/\/latraversiere.fr\/","name":"LA TRAVERSIERE The french flute association","description":"","publisher":{"@id":"https:\/\/latraversiere.fr\/#organization"},"potentialAction":[{"@type":"SearchAction","target":{"@type":"EntryPoint","urlTemplate":"https:\/\/latraversiere.fr\/?s={search_term_string}"},"query-input":"required name=search_term_string"}],"inLanguage":"en-US"},{"@type":"ImageObject","@id":"https:\/\/latraversiere.fr\/boutique\/traversieres-magazine\/traversieres-magazine-n145\/#primaryimage","inLanguage":"en-US","url":"https:\/\/latraversiere.fr\/wp-content\/uploads\/2023\/06\/145_COVER-scaled.jpg","contentUrl":"https:\/\/latraversiere.fr\/wp-content\/uploads\/2023\/06\/145_COVER-scaled.jpg","width":1810,"height":2560,"caption":"Traversi\u00e8res Magazine N\u00b0145"},{"@type":"WebPage","@id":"https:\/\/latraversiere.fr\/boutique\/traversieres-magazine\/traversieres-magazine-n145\/#webpage","url":"https:\/\/latraversiere.fr\/boutique\/traversieres-magazine\/traversieres-magazine-n145\/","name":"[:fr]Traversi\u00e8res Magazine N\u00b0145[:] - LA TRAVERSIERE The french flute association","isPartOf":{"@id":"https:\/\/latraversiere.fr\/#website"},"primaryImageOfPage":{"@id":"https:\/\/latraversiere.fr\/boutique\/traversieres-magazine\/traversieres-magazine-n145\/#primaryimage"},"datePublished":"2023-06-26T10:30:03+00:00","dateModified":"2026-03-30T17:16:59+00:00","description":"Dans ce num\u00e9ro de Traversi\u00e8res Magazine, un portrait de Sandrine Fran\u00e7ois, fl\u00fbtiste aux multiples facettes , un dossier consacr\u00e9 \u00e0 l'approche anglaise de la Sonate pour fl\u00fbte et piano dans les ann\u00e9es quarante (Berkeley, Bowen, Arnold) , un volet p\u00e9dagogique avec une rencontre avec Barthold Kuijken et une interview de Ga\u00eblle Belot , ainsi que les habituels kiosques avec les derni\u00e8res publications de disques et de partitions.","breadcrumb":{"@id":"https:\/\/latraversiere.fr\/boutique\/traversieres-magazine\/traversieres-magazine-n145\/#breadcrumb"},"inLanguage":"en-US","potentialAction":[{"@type":"ReadAction","target":["https:\/\/latraversiere.fr\/boutique\/traversieres-magazine\/traversieres-magazine-n145\/"]}]},{"@type":"BreadcrumbList","@id":"https:\/\/latraversiere.fr\/boutique\/traversieres-magazine\/traversieres-magazine-n145\/#breadcrumb","itemListElement":[{"@type":"ListItem","position":1,"name":"Accueil","item":"https:\/\/latraversiere.fr\/"},{"@type":"ListItem","position":2,"name":"Boutique","item":"https:\/\/latraversiere.fr\/en\/boutique\/"},{"@type":"ListItem","position":3,"name":"Traversi\u00e8res Magazine N\u00b0145"}]}]}},"_links":{"self":[{"href":"https:\/\/latraversiere.fr\/en\/wp-json\/wp\/v2\/product\/21355"}],"collection":[{"href":"https:\/\/latraversiere.fr\/en\/wp-json\/wp\/v2\/product"}],"about":[{"href":"https:\/\/latraversiere.fr\/en\/wp-json\/wp\/v2\/types\/product"}],"wp:featuredmedia":[{"embeddable":true,"href":"https:\/\/latraversiere.fr\/en\/wp-json\/wp\/v2\/media\/21356"}],"wp:attachment":[{"href":"https:\/\/latraversiere.fr\/en\/wp-json\/wp\/v2\/media?parent=21355"}],"curies":[{"name":"wp","href":"https:\/\/api.w.org\/{rel}","templated":true}]}}