{"id":23390,"date":"2024-03-03T11:27:55","date_gmt":"2024-03-03T10:27:55","guid":{"rendered":"https:\/\/latraversiere.fr\/?post_type=product&#038;p=23390"},"modified":"2024-03-03T11:27:55","modified_gmt":"2024-03-03T10:27:55","slug":"project-paloma-second-world-war-flute-piano-masterpieces","status":"publish","type":"product","link":"https:\/\/latraversiere.fr\/en\/boutique\/cd-dvd\/project-paloma-second-world-war-flute-piano-masterpieces\/","title":{"rendered":"PROJECT PALOMA, Second World War flute &#038; piano masterpieces"},"content":{"rendered":"<p class=\"qtranxs-available-languages-message qtranxs-available-languages-message-en\">Sorry, this entry is only available in <a href=\"https:\/\/latraversiere.fr\/fr\/wp-json\/wp\/v2\/product\/23390\" class=\"qtranxs-available-language-link qtranxs-available-language-link-fr\" title=\"Fran\u00e7ais\">French<\/a>. For the sake of viewer convenience, the content is shown below in the alternative language. You may click the link to switch the active language.<\/p><p>VOLUME 3 : The Netherlands<br \/>\nEmily Beynon, fl\u00fbte \u2013 Andrew West, piano<br \/>\nMarius Flothuis, Sonata da camera per flauto e pianoforte ; Willem Andriessen, Praeludium for piano ; Marius Flothuis, Aubade for flute solo ; Rudolf Escher, Habanera for piano ; Leo Smit, Sonata for flute and piano ; Hans Osieck, Varsovie Accuse for piano solo ; Dick Kattenburg, Pi\u00e8ce pour fl\u00fbte et piano &#8211; Pr\u00e9sentation du CD en page 30 du Traversi\u00e8res Magazine N\u00b0148<\/p>","protected":false},"excerpt":{"rendered":"<p class=\"qtranxs-available-languages-message qtranxs-available-languages-message-en\">Sorry, this entry is only available in <a href=\"https:\/\/latraversiere.fr\/fr\/wp-json\/wp\/v2\/product\/23390\" class=\"qtranxs-available-language-link qtranxs-available-language-link-fr\" title=\"Fran\u00e7ais\">French<\/a>. For the sake of viewer convenience, the content is shown below in the alternative language. You may click the link to switch the active language.<\/p>\n<p>VOLUME 3 : The Netherlands<br \/>\nEmily Beynon, fl\u00fbte \u2013 Andrew West, piano<br \/>\nMarius Flothuis, Sonata da camera per flauto e pianoforte ; Willem Andriessen, Praeludium for piano ; Marius Flothuis, Aubade for flute solo ; Rudolf Escher, Habanera for piano ; Leo Smit, Sonata for flute and piano ; Hans Osieck, Varsovie Accuse for piano solo ; Dick Kattenburg, Pi\u00e8ce pour fl\u00fbte et piano &#8211; Pr\u00e9sentation du CD en page 30 du Traversi\u00e8res Magazine N\u00b0148<\/p>\n","protected":false},"featured_media":23391,"template":"","meta":[],"yoast_head":"<!-- This site is optimized with the Yoast SEO plugin v17.5 - https:\/\/yoast.com\/wordpress\/plugins\/seo\/ -->\n<title><\/title>\n<meta name=\"robots\" content=\"index, follow, max-snippet:-1, max-image-preview:large, max-video-preview:-1\" \/>\n<link rel=\"canonical\" href=\"https:\/\/latraversiere.fr\/boutique\/cd-dvd\/project-paloma-second-world-war-flute-piano-masterpieces\/\" \/>\n<meta property=\"og:locale\" content=\"en_US\" \/>\n<meta property=\"og:type\" content=\"article\" \/>\n<meta property=\"og:title\" content=\"[:fr]PROJECT PALOMA, Second World War flute &amp; piano masterpieces[:] - LA TRAVERSIERE The french flute association\" \/>\n<meta property=\"og:description\" content=\"[:fr]VOLUME 3 : The Netherlands Emily Beynon, fl\u00fbte \u2013 Andrew West, piano Marius Flothuis, Sonata da camera per flauto e pianoforte ; Willem Andriessen, Praeludium for piano ; Marius Flothuis, Aubade for flute solo ; Rudolf Escher, Habanera for piano ; Leo Smit, Sonata for flute and piano ; Hans Osieck, Varsovie Accuse for piano solo ; Dick Kattenburg, Pi\u00e8ce pour fl\u00fbte et piano - Pr\u00e9sentation du CD en page 30 du Traversi\u00e8res Magazine N\u00b0148[:]\" \/>\n<meta property=\"og:url\" content=\"https:\/\/latraversiere.fr\/boutique\/cd-dvd\/project-paloma-second-world-war-flute-piano-masterpieces\/\" \/>\n<meta property=\"og:site_name\" content=\"LA TRAVERSIERE The french flute association\" \/>\n<meta property=\"article:publisher\" content=\"https:\/\/www.facebook.com\/traversieres\/\" \/>\n<meta property=\"og:image\" content=\"https:\/\/latraversiere.fr\/wp-content\/uploads\/2024\/03\/a3646947503_10.jpg\" \/>\n\t<meta property=\"og:image:width\" content=\"1200\" \/>\n\t<meta property=\"og:image:height\" content=\"1079\" \/>\n<meta name=\"twitter:card\" content=\"summary\" \/>\n<meta name=\"twitter:site\" content=\"@La_Traversiere\" \/>\n<script type=\"application\/ld+json\" class=\"yoast-schema-graph\">{\"@context\":\"https:\/\/schema.org\",\"@graph\":[{\"@type\":\"Organization\",\"@id\":\"https:\/\/latraversiere.fr\/#organization\",\"name\":\"La Traversi\\u00e8re - Association Fran\\u00e7aise de la Fl\\u00fbte\",\"url\":\"https:\/\/latraversiere.fr\/\",\"sameAs\":[\"https:\/\/www.facebook.com\/traversieres\/\",\"https:\/\/www.instagram.com\/la_traversiere\/\",\"https:\/\/www.youtube.com\/channel\/UC46MEQZI2BfRZNFUFqc59Sw\",\"https:\/\/twitter.com\/La_Traversiere\"],\"logo\":{\"@type\":\"ImageObject\",\"@id\":\"https:\/\/latraversiere.fr\/#logo\",\"inLanguage\":\"en-US\",\"url\":\"https:\/\/latraversiere.fr\/wp-content\/uploads\/2018\/01\/LOGO-Traversiere-SITE-1.png\",\"contentUrl\":\"https:\/\/latraversiere.fr\/wp-content\/uploads\/2018\/01\/LOGO-Traversiere-SITE-1.png\",\"width\":539,\"height\":200,\"caption\":\"La Traversi\\u00e8re - Association Fran\\u00e7aise de la Fl\\u00fbte\"},\"image\":{\"@id\":\"https:\/\/latraversiere.fr\/#logo\"}},{\"@type\":\"WebSite\",\"@id\":\"https:\/\/latraversiere.fr\/#website\",\"url\":\"https:\/\/latraversiere.fr\/\",\"name\":\"LA TRAVERSIERE The french flute association\",\"description\":\"\",\"publisher\":{\"@id\":\"https:\/\/latraversiere.fr\/#organization\"},\"potentialAction\":[{\"@type\":\"SearchAction\",\"target\":{\"@type\":\"EntryPoint\",\"urlTemplate\":\"https:\/\/latraversiere.fr\/?s={search_term_string}\"},\"query-input\":\"required name=search_term_string\"}],\"inLanguage\":\"en-US\"},{\"@type\":\"ImageObject\",\"@id\":\"https:\/\/latraversiere.fr\/boutique\/cd-dvd\/project-paloma-second-world-war-flute-piano-masterpieces\/#primaryimage\",\"inLanguage\":\"en-US\",\"url\":\"https:\/\/latraversiere.fr\/wp-content\/uploads\/2024\/03\/a3646947503_10.jpg\",\"contentUrl\":\"https:\/\/latraversiere.fr\/wp-content\/uploads\/2024\/03\/a3646947503_10.jpg\",\"width\":1200,\"height\":1079,\"caption\":\"PROJECT PALOMA, Second World War flute & piano masterpieces\"},{\"@type\":\"WebPage\",\"@id\":\"https:\/\/latraversiere.fr\/boutique\/cd-dvd\/project-paloma-second-world-war-flute-piano-masterpieces\/#webpage\",\"url\":\"https:\/\/latraversiere.fr\/boutique\/cd-dvd\/project-paloma-second-world-war-flute-piano-masterpieces\/\",\"name\":\"[:fr]PROJECT PALOMA, Second World War flute & piano masterpieces[:] - LA TRAVERSIERE The french flute association\",\"isPartOf\":{\"@id\":\"https:\/\/latraversiere.fr\/#website\"},\"primaryImageOfPage\":{\"@id\":\"https:\/\/latraversiere.fr\/boutique\/cd-dvd\/project-paloma-second-world-war-flute-piano-masterpieces\/#primaryimage\"},\"datePublished\":\"2024-03-03T10:27:55+00:00\",\"dateModified\":\"2024-03-03T10:27:55+00:00\",\"breadcrumb\":{\"@id\":\"https:\/\/latraversiere.fr\/boutique\/cd-dvd\/project-paloma-second-world-war-flute-piano-masterpieces\/#breadcrumb\"},\"inLanguage\":\"en-US\",\"potentialAction\":[{\"@type\":\"ReadAction\",\"target\":[\"https:\/\/latraversiere.fr\/boutique\/cd-dvd\/project-paloma-second-world-war-flute-piano-masterpieces\/\"]}]},{\"@type\":\"BreadcrumbList\",\"@id\":\"https:\/\/latraversiere.fr\/boutique\/cd-dvd\/project-paloma-second-world-war-flute-piano-masterpieces\/#breadcrumb\",\"itemListElement\":[{\"@type\":\"ListItem\",\"position\":1,\"name\":\"Accueil\",\"item\":\"https:\/\/latraversiere.fr\/\"},{\"@type\":\"ListItem\",\"position\":2,\"name\":\"Boutique\",\"item\":\"https:\/\/latraversiere.fr\/en\/boutique\/\"},{\"@type\":\"ListItem\",\"position\":3,\"name\":\"PROJECT PALOMA, Second World War flute &#038; piano masterpieces\"}]}]}<\/script>\n<!-- \/ Yoast SEO plugin. -->","yoast_head_json":{"title":"[:fr]PROJECT PALOMA, Second World War flute & piano masterpieces[:] - LA TRAVERSIERE The french flute association","robots":{"index":"index","follow":"follow","max-snippet":"max-snippet:-1","max-image-preview":"max-image-preview:large","max-video-preview":"max-video-preview:-1"},"canonical":"https:\/\/latraversiere.fr\/boutique\/cd-dvd\/project-paloma-second-world-war-flute-piano-masterpieces\/","og_locale":"en_US","og_type":"article","og_title":"[:fr]PROJECT PALOMA, Second World War flute & piano masterpieces[:] - LA TRAVERSIERE The french flute association","og_description":"[:fr]VOLUME 3 : The Netherlands Emily Beynon, fl\u00fbte \u2013 Andrew West, piano Marius Flothuis, Sonata da camera per flauto e pianoforte ; Willem Andriessen, Praeludium for piano ; Marius Flothuis, Aubade for flute solo ; Rudolf Escher, Habanera for piano ; Leo Smit, Sonata for flute and piano ; Hans Osieck, Varsovie Accuse for piano solo ; Dick Kattenburg, Pi\u00e8ce pour fl\u00fbte et piano - Pr\u00e9sentation du CD en page 30 du Traversi\u00e8res Magazine N\u00b0148[:]","og_url":"https:\/\/latraversiere.fr\/boutique\/cd-dvd\/project-paloma-second-world-war-flute-piano-masterpieces\/","og_site_name":"LA TRAVERSIERE The french flute association","article_publisher":"https:\/\/www.facebook.com\/traversieres\/","og_image":[{"width":1200,"height":1079,"url":"https:\/\/latraversiere.fr\/wp-content\/uploads\/2024\/03\/a3646947503_10.jpg","type":"image\/jpeg"}],"twitter_card":"summary","twitter_site":"@La_Traversiere","schema":{"@context":"https:\/\/schema.org","@graph":[{"@type":"Organization","@id":"https:\/\/latraversiere.fr\/#organization","name":"La Traversi\u00e8re - Association Fran\u00e7aise de la Fl\u00fbte","url":"https:\/\/latraversiere.fr\/","sameAs":["https:\/\/www.facebook.com\/traversieres\/","https:\/\/www.instagram.com\/la_traversiere\/","https:\/\/www.youtube.com\/channel\/UC46MEQZI2BfRZNFUFqc59Sw","https:\/\/twitter.com\/La_Traversiere"],"logo":{"@type":"ImageObject","@id":"https:\/\/latraversiere.fr\/#logo","inLanguage":"en-US","url":"https:\/\/latraversiere.fr\/wp-content\/uploads\/2018\/01\/LOGO-Traversiere-SITE-1.png","contentUrl":"https:\/\/latraversiere.fr\/wp-content\/uploads\/2018\/01\/LOGO-Traversiere-SITE-1.png","width":539,"height":200,"caption":"La Traversi\u00e8re - Association Fran\u00e7aise de la Fl\u00fbte"},"image":{"@id":"https:\/\/latraversiere.fr\/#logo"}},{"@type":"WebSite","@id":"https:\/\/latraversiere.fr\/#website","url":"https:\/\/latraversiere.fr\/","name":"LA TRAVERSIERE The french flute association","description":"","publisher":{"@id":"https:\/\/latraversiere.fr\/#organization"},"potentialAction":[{"@type":"SearchAction","target":{"@type":"EntryPoint","urlTemplate":"https:\/\/latraversiere.fr\/?s={search_term_string}"},"query-input":"required name=search_term_string"}],"inLanguage":"en-US"},{"@type":"ImageObject","@id":"https:\/\/latraversiere.fr\/boutique\/cd-dvd\/project-paloma-second-world-war-flute-piano-masterpieces\/#primaryimage","inLanguage":"en-US","url":"https:\/\/latraversiere.fr\/wp-content\/uploads\/2024\/03\/a3646947503_10.jpg","contentUrl":"https:\/\/latraversiere.fr\/wp-content\/uploads\/2024\/03\/a3646947503_10.jpg","width":1200,"height":1079,"caption":"PROJECT PALOMA, Second World War flute & piano masterpieces"},{"@type":"WebPage","@id":"https:\/\/latraversiere.fr\/boutique\/cd-dvd\/project-paloma-second-world-war-flute-piano-masterpieces\/#webpage","url":"https:\/\/latraversiere.fr\/boutique\/cd-dvd\/project-paloma-second-world-war-flute-piano-masterpieces\/","name":"[:fr]PROJECT PALOMA, Second World War flute & piano masterpieces[:] - LA TRAVERSIERE The french flute association","isPartOf":{"@id":"https:\/\/latraversiere.fr\/#website"},"primaryImageOfPage":{"@id":"https:\/\/latraversiere.fr\/boutique\/cd-dvd\/project-paloma-second-world-war-flute-piano-masterpieces\/#primaryimage"},"datePublished":"2024-03-03T10:27:55+00:00","dateModified":"2024-03-03T10:27:55+00:00","breadcrumb":{"@id":"https:\/\/latraversiere.fr\/boutique\/cd-dvd\/project-paloma-second-world-war-flute-piano-masterpieces\/#breadcrumb"},"inLanguage":"en-US","potentialAction":[{"@type":"ReadAction","target":["https:\/\/latraversiere.fr\/boutique\/cd-dvd\/project-paloma-second-world-war-flute-piano-masterpieces\/"]}]},{"@type":"BreadcrumbList","@id":"https:\/\/latraversiere.fr\/boutique\/cd-dvd\/project-paloma-second-world-war-flute-piano-masterpieces\/#breadcrumb","itemListElement":[{"@type":"ListItem","position":1,"name":"Accueil","item":"https:\/\/latraversiere.fr\/"},{"@type":"ListItem","position":2,"name":"Boutique","item":"https:\/\/latraversiere.fr\/en\/boutique\/"},{"@type":"ListItem","position":3,"name":"PROJECT PALOMA, Second World War flute &#038; piano masterpieces"}]}]}},"_links":{"self":[{"href":"https:\/\/latraversiere.fr\/en\/wp-json\/wp\/v2\/product\/23390"}],"collection":[{"href":"https:\/\/latraversiere.fr\/en\/wp-json\/wp\/v2\/product"}],"about":[{"href":"https:\/\/latraversiere.fr\/en\/wp-json\/wp\/v2\/types\/product"}],"wp:featuredmedia":[{"embeddable":true,"href":"https:\/\/latraversiere.fr\/en\/wp-json\/wp\/v2\/media\/23391"}],"wp:attachment":[{"href":"https:\/\/latraversiere.fr\/en\/wp-json\/wp\/v2\/media?parent=23390"}],"curies":[{"name":"wp","href":"https:\/\/api.w.org\/{rel}","templated":true}]}}