{"id":23748,"date":"2024-05-19T10:34:13","date_gmt":"2024-05-19T08:34:13","guid":{"rendered":"https:\/\/latraversiere.fr\/?post_type=product&#038;p=23748"},"modified":"2026-03-30T19:25:10","modified_gmt":"2026-03-30T17:25:10","slug":"traversieres-magazine-n149","status":"publish","type":"product","link":"https:\/\/latraversiere.fr\/en\/boutique\/traversieres-magazine\/traversieres-magazine-n149\/","title":{"rendered":"Traversi\u00e8res Magazine N\u00b0149"},"content":{"rendered":"<p class=\"qtranxs-available-languages-message qtranxs-available-languages-message-en\">Sorry, this entry is only available in <a href=\"https:\/\/latraversiere.fr\/fr\/wp-json\/wp\/v2\/product\/23748\" class=\"qtranxs-available-language-link qtranxs-available-language-link-fr\" title=\"Fran\u00e7ais\">French<\/a>. For the sake of viewer convenience, the content is shown below in the alternative language. You may click the link to switch the active language.<\/p><p>Dans ce num\u00e9ro, un portrait de Jocelyn Aubrun, fl\u00fbte solo de l\u2019Orchestre National de Lyon, et un dossier consacr\u00e9 aux Fl\u00fbtes dans le monde (Japon, Inde, Andes&#8230;). On y d\u00e9couvre aussi un focus sur la jeune fl\u00fbtiste et guitariste Gabrielle Rubio, la pr\u00e9sentation de l&#8217;ensemble Cap sur le Grand-Est, ainsi que les rubriques habituelles sur les disques et les partitions.<\/p>","protected":false},"excerpt":{"rendered":"<p class=\"qtranxs-available-languages-message qtranxs-available-languages-message-en\">Sorry, this entry is only available in <a href=\"https:\/\/latraversiere.fr\/fr\/wp-json\/wp\/v2\/product\/23748\" class=\"qtranxs-available-language-link qtranxs-available-language-link-fr\" title=\"Fran\u00e7ais\">French<\/a>. For the sake of viewer convenience, the content is shown below in the alternative language. You may click the link to switch the active language.<\/p>\n<p>Dans ce num\u00e9ro, un portrait de Jocelyn Aubrun, fl\u00fbte solo de l\u2019Orchestre National de Lyon, et un dossier consacr\u00e9 aux Fl\u00fbtes dans le monde (Japon, Inde, Andes&#8230;). On y d\u00e9couvre aussi un focus sur la jeune fl\u00fbtiste et guitariste Gabrielle Rubio, la pr\u00e9sentation de l&#8217;ensemble Cap sur le Grand-Est, ainsi que les rubriques habituelles sur les disques et les partitions.<\/p>\n","protected":false},"featured_media":23749,"template":"","meta":[],"yoast_head":"<!-- This site is optimized with the Yoast SEO plugin v17.5 - https:\/\/yoast.com\/wordpress\/plugins\/seo\/ -->\n<title>Traversi\u00e8res Magazine N\u00b0149 - LA TRAVERSIERE The french flute association<\/title>\n<meta name=\"description\" content=\"Dans ce num\u00e9ro, un portrait de Jocelyn Aubrun, fl\u00fbte solo de l\u2019Orchestre National de Lyon, et un dossier consacr\u00e9 aux Fl\u00fbtes dans le monde (Japon, Inde, Andes...). On y d\u00e9couvre aussi un focus sur la jeune fl\u00fbtiste et guitariste Gabrielle Rubio, la pr\u00e9sentation de l&#039;ensemble Cap sur le Grand-Est, ainsi que les rubriques habituelles sur les disques et les partitions.\" \/>\n<meta name=\"robots\" content=\"index, follow, max-snippet:-1, max-image-preview:large, max-video-preview:-1\" \/>\n<link rel=\"canonical\" href=\"https:\/\/latraversiere.fr\/boutique\/traversieres-magazine\/traversieres-magazine-n149\/\" \/>\n<meta property=\"og:locale\" content=\"en_US\" \/>\n<meta property=\"og:type\" content=\"article\" \/>\n<meta property=\"og:title\" content=\"Traversi\u00e8res Magazine N\u00b0149 - LA TRAVERSIERE The french flute association\" \/>\n<meta property=\"og:description\" content=\"Dans ce num\u00e9ro, un portrait de Jocelyn Aubrun, fl\u00fbte solo de l\u2019Orchestre National de Lyon, et un dossier consacr\u00e9 aux Fl\u00fbtes dans le monde (Japon, Inde, Andes...). On y d\u00e9couvre aussi un focus sur la jeune fl\u00fbtiste et guitariste Gabrielle Rubio, la pr\u00e9sentation de l&#039;ensemble Cap sur le Grand-Est, ainsi que les rubriques habituelles sur les disques et les partitions.\" \/>\n<meta property=\"og:url\" content=\"https:\/\/latraversiere.fr\/boutique\/traversieres-magazine\/traversieres-magazine-n149\/\" \/>\n<meta property=\"og:site_name\" content=\"LA TRAVERSIERE The french flute association\" \/>\n<meta property=\"article:publisher\" content=\"https:\/\/www.facebook.com\/traversieres\/\" \/>\n<meta property=\"article:modified_time\" content=\"2026-03-30T17:25:10+00:00\" \/>\n<meta property=\"og:image\" content=\"https:\/\/latraversiere.fr\/wp-content\/uploads\/2024\/05\/TM149_cover-scaled.jpg\" \/>\n\t<meta property=\"og:image:width\" content=\"1810\" \/>\n\t<meta property=\"og:image:height\" content=\"2560\" \/>\n<meta name=\"twitter:card\" content=\"summary\" \/>\n<meta name=\"twitter:site\" content=\"@La_Traversiere\" \/>\n<script type=\"application\/ld+json\" class=\"yoast-schema-graph\">{\"@context\":\"https:\/\/schema.org\",\"@graph\":[{\"@type\":\"Organization\",\"@id\":\"https:\/\/latraversiere.fr\/#organization\",\"name\":\"La Traversi\\u00e8re - Association Fran\\u00e7aise de la Fl\\u00fbte\",\"url\":\"https:\/\/latraversiere.fr\/\",\"sameAs\":[\"https:\/\/www.facebook.com\/traversieres\/\",\"https:\/\/www.instagram.com\/la_traversiere\/\",\"https:\/\/www.youtube.com\/channel\/UC46MEQZI2BfRZNFUFqc59Sw\",\"https:\/\/twitter.com\/La_Traversiere\"],\"logo\":{\"@type\":\"ImageObject\",\"@id\":\"https:\/\/latraversiere.fr\/#logo\",\"inLanguage\":\"en-US\",\"url\":\"https:\/\/latraversiere.fr\/wp-content\/uploads\/2018\/01\/LOGO-Traversiere-SITE-1.png\",\"contentUrl\":\"https:\/\/latraversiere.fr\/wp-content\/uploads\/2018\/01\/LOGO-Traversiere-SITE-1.png\",\"width\":539,\"height\":200,\"caption\":\"La Traversi\\u00e8re - Association Fran\\u00e7aise de la Fl\\u00fbte\"},\"image\":{\"@id\":\"https:\/\/latraversiere.fr\/#logo\"}},{\"@type\":\"WebSite\",\"@id\":\"https:\/\/latraversiere.fr\/#website\",\"url\":\"https:\/\/latraversiere.fr\/\",\"name\":\"LA TRAVERSIERE The french flute association\",\"description\":\"\",\"publisher\":{\"@id\":\"https:\/\/latraversiere.fr\/#organization\"},\"potentialAction\":[{\"@type\":\"SearchAction\",\"target\":{\"@type\":\"EntryPoint\",\"urlTemplate\":\"https:\/\/latraversiere.fr\/?s={search_term_string}\"},\"query-input\":\"required name=search_term_string\"}],\"inLanguage\":\"en-US\"},{\"@type\":\"ImageObject\",\"@id\":\"https:\/\/latraversiere.fr\/boutique\/traversieres-magazine\/traversieres-magazine-n149\/#primaryimage\",\"inLanguage\":\"en-US\",\"url\":\"https:\/\/latraversiere.fr\/wp-content\/uploads\/2024\/05\/TM149_cover-scaled.jpg\",\"contentUrl\":\"https:\/\/latraversiere.fr\/wp-content\/uploads\/2024\/05\/TM149_cover-scaled.jpg\",\"width\":1810,\"height\":2560,\"caption\":\"Traversi\\u00e8res Magazine N\\u00b0149\"},{\"@type\":\"WebPage\",\"@id\":\"https:\/\/latraversiere.fr\/boutique\/traversieres-magazine\/traversieres-magazine-n149\/#webpage\",\"url\":\"https:\/\/latraversiere.fr\/boutique\/traversieres-magazine\/traversieres-magazine-n149\/\",\"name\":\"Traversi\\u00e8res Magazine N\\u00b0149 - LA TRAVERSIERE The french flute association\",\"isPartOf\":{\"@id\":\"https:\/\/latraversiere.fr\/#website\"},\"primaryImageOfPage\":{\"@id\":\"https:\/\/latraversiere.fr\/boutique\/traversieres-magazine\/traversieres-magazine-n149\/#primaryimage\"},\"datePublished\":\"2024-05-19T08:34:13+00:00\",\"dateModified\":\"2026-03-30T17:25:10+00:00\",\"description\":\"Dans ce num\\u00e9ro, un portrait de Jocelyn Aubrun, fl\\u00fbte solo de l\\u2019Orchestre National de Lyon, et un dossier consacr\\u00e9 aux Fl\\u00fbtes dans le monde (Japon, Inde, Andes...). On y d\\u00e9couvre aussi un focus sur la jeune fl\\u00fbtiste et guitariste Gabrielle Rubio, la pr\\u00e9sentation de l'ensemble Cap sur le Grand-Est, ainsi que les rubriques habituelles sur les disques et les partitions.\",\"breadcrumb\":{\"@id\":\"https:\/\/latraversiere.fr\/boutique\/traversieres-magazine\/traversieres-magazine-n149\/#breadcrumb\"},\"inLanguage\":\"en-US\",\"potentialAction\":[{\"@type\":\"ReadAction\",\"target\":[\"https:\/\/latraversiere.fr\/boutique\/traversieres-magazine\/traversieres-magazine-n149\/\"]}]},{\"@type\":\"BreadcrumbList\",\"@id\":\"https:\/\/latraversiere.fr\/boutique\/traversieres-magazine\/traversieres-magazine-n149\/#breadcrumb\",\"itemListElement\":[{\"@type\":\"ListItem\",\"position\":1,\"name\":\"Accueil\",\"item\":\"https:\/\/latraversiere.fr\/\"},{\"@type\":\"ListItem\",\"position\":2,\"name\":\"Boutique\",\"item\":\"https:\/\/latraversiere.fr\/en\/boutique\/\"},{\"@type\":\"ListItem\",\"position\":3,\"name\":\"Traversi\\u00e8res Magazine N\\u00b0149\"}]}]}<\/script>\n<!-- \/ Yoast SEO plugin. -->","yoast_head_json":{"title":"Traversi\u00e8res Magazine N\u00b0149 - LA TRAVERSIERE The french flute association","description":"Dans ce num\u00e9ro, un portrait de Jocelyn Aubrun, fl\u00fbte solo de l\u2019Orchestre National de Lyon, et un dossier consacr\u00e9 aux Fl\u00fbtes dans le monde (Japon, Inde, Andes...). On y d\u00e9couvre aussi un focus sur la jeune fl\u00fbtiste et guitariste Gabrielle Rubio, la pr\u00e9sentation de l'ensemble Cap sur le Grand-Est, ainsi que les rubriques habituelles sur les disques et les partitions.","robots":{"index":"index","follow":"follow","max-snippet":"max-snippet:-1","max-image-preview":"max-image-preview:large","max-video-preview":"max-video-preview:-1"},"canonical":"https:\/\/latraversiere.fr\/boutique\/traversieres-magazine\/traversieres-magazine-n149\/","og_locale":"en_US","og_type":"article","og_title":"Traversi\u00e8res Magazine N\u00b0149 - LA TRAVERSIERE The french flute association","og_description":"Dans ce num\u00e9ro, un portrait de Jocelyn Aubrun, fl\u00fbte solo de l\u2019Orchestre National de Lyon, et un dossier consacr\u00e9 aux Fl\u00fbtes dans le monde (Japon, Inde, Andes...). On y d\u00e9couvre aussi un focus sur la jeune fl\u00fbtiste et guitariste Gabrielle Rubio, la pr\u00e9sentation de l'ensemble Cap sur le Grand-Est, ainsi que les rubriques habituelles sur les disques et les partitions.","og_url":"https:\/\/latraversiere.fr\/boutique\/traversieres-magazine\/traversieres-magazine-n149\/","og_site_name":"LA TRAVERSIERE The french flute association","article_publisher":"https:\/\/www.facebook.com\/traversieres\/","article_modified_time":"2026-03-30T17:25:10+00:00","og_image":[{"width":1810,"height":2560,"url":"https:\/\/latraversiere.fr\/wp-content\/uploads\/2024\/05\/TM149_cover-scaled.jpg","type":"image\/jpeg"}],"twitter_card":"summary","twitter_site":"@La_Traversiere","schema":{"@context":"https:\/\/schema.org","@graph":[{"@type":"Organization","@id":"https:\/\/latraversiere.fr\/#organization","name":"La Traversi\u00e8re - Association Fran\u00e7aise de la Fl\u00fbte","url":"https:\/\/latraversiere.fr\/","sameAs":["https:\/\/www.facebook.com\/traversieres\/","https:\/\/www.instagram.com\/la_traversiere\/","https:\/\/www.youtube.com\/channel\/UC46MEQZI2BfRZNFUFqc59Sw","https:\/\/twitter.com\/La_Traversiere"],"logo":{"@type":"ImageObject","@id":"https:\/\/latraversiere.fr\/#logo","inLanguage":"en-US","url":"https:\/\/latraversiere.fr\/wp-content\/uploads\/2018\/01\/LOGO-Traversiere-SITE-1.png","contentUrl":"https:\/\/latraversiere.fr\/wp-content\/uploads\/2018\/01\/LOGO-Traversiere-SITE-1.png","width":539,"height":200,"caption":"La Traversi\u00e8re - Association Fran\u00e7aise de la Fl\u00fbte"},"image":{"@id":"https:\/\/latraversiere.fr\/#logo"}},{"@type":"WebSite","@id":"https:\/\/latraversiere.fr\/#website","url":"https:\/\/latraversiere.fr\/","name":"LA TRAVERSIERE The french flute association","description":"","publisher":{"@id":"https:\/\/latraversiere.fr\/#organization"},"potentialAction":[{"@type":"SearchAction","target":{"@type":"EntryPoint","urlTemplate":"https:\/\/latraversiere.fr\/?s={search_term_string}"},"query-input":"required name=search_term_string"}],"inLanguage":"en-US"},{"@type":"ImageObject","@id":"https:\/\/latraversiere.fr\/boutique\/traversieres-magazine\/traversieres-magazine-n149\/#primaryimage","inLanguage":"en-US","url":"https:\/\/latraversiere.fr\/wp-content\/uploads\/2024\/05\/TM149_cover-scaled.jpg","contentUrl":"https:\/\/latraversiere.fr\/wp-content\/uploads\/2024\/05\/TM149_cover-scaled.jpg","width":1810,"height":2560,"caption":"Traversi\u00e8res Magazine N\u00b0149"},{"@type":"WebPage","@id":"https:\/\/latraversiere.fr\/boutique\/traversieres-magazine\/traversieres-magazine-n149\/#webpage","url":"https:\/\/latraversiere.fr\/boutique\/traversieres-magazine\/traversieres-magazine-n149\/","name":"Traversi\u00e8res Magazine N\u00b0149 - LA TRAVERSIERE The french flute association","isPartOf":{"@id":"https:\/\/latraversiere.fr\/#website"},"primaryImageOfPage":{"@id":"https:\/\/latraversiere.fr\/boutique\/traversieres-magazine\/traversieres-magazine-n149\/#primaryimage"},"datePublished":"2024-05-19T08:34:13+00:00","dateModified":"2026-03-30T17:25:10+00:00","description":"Dans ce num\u00e9ro, un portrait de Jocelyn Aubrun, fl\u00fbte solo de l\u2019Orchestre National de Lyon, et un dossier consacr\u00e9 aux Fl\u00fbtes dans le monde (Japon, Inde, Andes...). On y d\u00e9couvre aussi un focus sur la jeune fl\u00fbtiste et guitariste Gabrielle Rubio, la pr\u00e9sentation de l'ensemble Cap sur le Grand-Est, ainsi que les rubriques habituelles sur les disques et les partitions.","breadcrumb":{"@id":"https:\/\/latraversiere.fr\/boutique\/traversieres-magazine\/traversieres-magazine-n149\/#breadcrumb"},"inLanguage":"en-US","potentialAction":[{"@type":"ReadAction","target":["https:\/\/latraversiere.fr\/boutique\/traversieres-magazine\/traversieres-magazine-n149\/"]}]},{"@type":"BreadcrumbList","@id":"https:\/\/latraversiere.fr\/boutique\/traversieres-magazine\/traversieres-magazine-n149\/#breadcrumb","itemListElement":[{"@type":"ListItem","position":1,"name":"Accueil","item":"https:\/\/latraversiere.fr\/"},{"@type":"ListItem","position":2,"name":"Boutique","item":"https:\/\/latraversiere.fr\/en\/boutique\/"},{"@type":"ListItem","position":3,"name":"Traversi\u00e8res Magazine N\u00b0149"}]}]}},"_links":{"self":[{"href":"https:\/\/latraversiere.fr\/en\/wp-json\/wp\/v2\/product\/23748"}],"collection":[{"href":"https:\/\/latraversiere.fr\/en\/wp-json\/wp\/v2\/product"}],"about":[{"href":"https:\/\/latraversiere.fr\/en\/wp-json\/wp\/v2\/types\/product"}],"wp:featuredmedia":[{"embeddable":true,"href":"https:\/\/latraversiere.fr\/en\/wp-json\/wp\/v2\/media\/23749"}],"wp:attachment":[{"href":"https:\/\/latraversiere.fr\/en\/wp-json\/wp\/v2\/media?parent=23748"}],"curies":[{"name":"wp","href":"https:\/\/api.w.org\/{rel}","templated":true}]}}