{"id":23750,"date":"2024-05-19T10:50:13","date_gmt":"2024-05-19T08:50:13","guid":{"rendered":"https:\/\/latraversiere.fr\/?post_type=product&#038;p=23750"},"modified":"2026-01-17T16:45:59","modified_gmt":"2026-01-17T15:45:59","slug":"flutes-urbaines-1","status":"publish","type":"product","link":"https:\/\/latraversiere.fr\/en\/boutique\/partitions\/flutes-urbaines-1\/","title":{"rendered":"Fl\u00fbtes Urbaines 1"},"content":{"rendered":"","protected":false},"excerpt":{"rendered":"<p class=\"qtranxs-available-languages-message qtranxs-available-languages-message-en\">Sorry, this entry is only available in <a href=\"https:\/\/latraversiere.fr\/fr\/wp-json\/wp\/v2\/product\/23750\" class=\"qtranxs-available-language-link qtranxs-available-language-link-fr\" title=\"Fran\u00e7ais\">French<\/a>. For the sake of viewer convenience, the content is shown below in the alternative language. You may click the link to switch the active language.<\/p>\n<p><strong>S\u00e9bastien Bidon<\/strong><br \/>\nCet ouvrage a \u00e9t\u00e9 d\u00e9velopp\u00e9 pour amener la fl\u00fbte vers les musiques actuelles (et inversement) ; il s\u2019agit de la rencontre entre deux cultures : celle de la musique savante et celle de la musique populaire. L\u2019enseignant y trouvera mati\u00e8re \u00e0 proposer \u00e0 son \u00e9l\u00e8ve des morceaux motivants, adapt\u00e9s au cursus et aux acquis du d\u00e9but du premier cycle de conservatoire. Il y trouvera \u00e9galement mati\u00e8re \u00e0 monter des pi\u00e8ces en ensemble, puisque les parties additionnelles de certains morceaux sont donn\u00e9es en annexe.<\/p>\n","protected":false},"featured_media":23751,"template":"","meta":[],"yoast_head":"<!-- This site is optimized with the Yoast SEO plugin v17.5 - https:\/\/yoast.com\/wordpress\/plugins\/seo\/ -->\n<title>Fl\u00fbtes Urbaines 1 - LA TRAVERSIERE The french flute association<\/title>\n<meta name=\"robots\" content=\"index, follow, max-snippet:-1, max-image-preview:large, max-video-preview:-1\" \/>\n<link rel=\"canonical\" href=\"https:\/\/latraversiere.fr\/boutique\/partitions\/flutes-urbaines-1\/\" \/>\n<meta property=\"og:locale\" content=\"en_US\" \/>\n<meta property=\"og:type\" content=\"article\" \/>\n<meta property=\"og:title\" content=\"Fl\u00fbtes Urbaines 1 - LA TRAVERSIERE The french flute association\" \/>\n<meta property=\"og:description\" content=\"[:fr]S\u00e9bastien Bidon Cet ouvrage a \u00e9t\u00e9 d\u00e9velopp\u00e9 pour amener la fl\u00fbte vers les musiques actuelles (et inversement) ; il s\u2019agit de la rencontre entre deux cultures : celle de la musique savante et celle de la musique populaire. L\u2019enseignant y trouvera mati\u00e8re \u00e0 proposer \u00e0 son \u00e9l\u00e8ve des morceaux motivants, adapt\u00e9s au cursus et aux acquis du d\u00e9but du premier cycle de conservatoire. Il y trouvera \u00e9galement mati\u00e8re \u00e0 monter des pi\u00e8ces en ensemble, puisque les parties additionnelles de certains morceaux sont donn\u00e9es en annexe.[:]\" \/>\n<meta property=\"og:url\" content=\"https:\/\/latraversiere.fr\/boutique\/partitions\/flutes-urbaines-1\/\" \/>\n<meta property=\"og:site_name\" content=\"LA TRAVERSIERE The french flute association\" \/>\n<meta property=\"article:publisher\" content=\"https:\/\/www.facebook.com\/traversieres\/\" \/>\n<meta property=\"article:modified_time\" content=\"2026-01-17T15:45:59+00:00\" \/>\n<meta property=\"og:image\" content=\"https:\/\/latraversiere.fr\/wp-content\/uploads\/2024\/05\/G0000257115.jpg\" \/>\n\t<meta property=\"og:image:width\" content=\"304\" \/>\n\t<meta property=\"og:image:height\" content=\"405\" \/>\n<meta name=\"twitter:card\" content=\"summary\" \/>\n<meta name=\"twitter:site\" content=\"@La_Traversiere\" \/>\n<script type=\"application\/ld+json\" class=\"yoast-schema-graph\">{\"@context\":\"https:\/\/schema.org\",\"@graph\":[{\"@type\":\"Organization\",\"@id\":\"https:\/\/latraversiere.fr\/#organization\",\"name\":\"La Traversi\\u00e8re - Association Fran\\u00e7aise de la Fl\\u00fbte\",\"url\":\"https:\/\/latraversiere.fr\/\",\"sameAs\":[\"https:\/\/www.facebook.com\/traversieres\/\",\"https:\/\/www.instagram.com\/la_traversiere\/\",\"https:\/\/www.youtube.com\/channel\/UC46MEQZI2BfRZNFUFqc59Sw\",\"https:\/\/twitter.com\/La_Traversiere\"],\"logo\":{\"@type\":\"ImageObject\",\"@id\":\"https:\/\/latraversiere.fr\/#logo\",\"inLanguage\":\"en-US\",\"url\":\"https:\/\/latraversiere.fr\/wp-content\/uploads\/2018\/01\/LOGO-Traversiere-SITE-1.png\",\"contentUrl\":\"https:\/\/latraversiere.fr\/wp-content\/uploads\/2018\/01\/LOGO-Traversiere-SITE-1.png\",\"width\":539,\"height\":200,\"caption\":\"La Traversi\\u00e8re - Association Fran\\u00e7aise de la Fl\\u00fbte\"},\"image\":{\"@id\":\"https:\/\/latraversiere.fr\/#logo\"}},{\"@type\":\"WebSite\",\"@id\":\"https:\/\/latraversiere.fr\/#website\",\"url\":\"https:\/\/latraversiere.fr\/\",\"name\":\"LA TRAVERSIERE The french flute association\",\"description\":\"\",\"publisher\":{\"@id\":\"https:\/\/latraversiere.fr\/#organization\"},\"potentialAction\":[{\"@type\":\"SearchAction\",\"target\":{\"@type\":\"EntryPoint\",\"urlTemplate\":\"https:\/\/latraversiere.fr\/?s={search_term_string}\"},\"query-input\":\"required name=search_term_string\"}],\"inLanguage\":\"en-US\"},{\"@type\":\"ImageObject\",\"@id\":\"https:\/\/latraversiere.fr\/boutique\/partitions\/flutes-urbaines-1\/#primaryimage\",\"inLanguage\":\"en-US\",\"url\":\"https:\/\/latraversiere.fr\/wp-content\/uploads\/2024\/05\/G0000257115.jpg\",\"contentUrl\":\"https:\/\/latraversiere.fr\/wp-content\/uploads\/2024\/05\/G0000257115.jpg\",\"width\":304,\"height\":405,\"caption\":\"Fl\\u00fbtes Urbaines 1\"},{\"@type\":\"WebPage\",\"@id\":\"https:\/\/latraversiere.fr\/boutique\/partitions\/flutes-urbaines-1\/#webpage\",\"url\":\"https:\/\/latraversiere.fr\/boutique\/partitions\/flutes-urbaines-1\/\",\"name\":\"Fl\\u00fbtes Urbaines 1 - LA TRAVERSIERE The french flute association\",\"isPartOf\":{\"@id\":\"https:\/\/latraversiere.fr\/#website\"},\"primaryImageOfPage\":{\"@id\":\"https:\/\/latraversiere.fr\/boutique\/partitions\/flutes-urbaines-1\/#primaryimage\"},\"datePublished\":\"2024-05-19T08:50:13+00:00\",\"dateModified\":\"2026-01-17T15:45:59+00:00\",\"breadcrumb\":{\"@id\":\"https:\/\/latraversiere.fr\/boutique\/partitions\/flutes-urbaines-1\/#breadcrumb\"},\"inLanguage\":\"en-US\",\"potentialAction\":[{\"@type\":\"ReadAction\",\"target\":[\"https:\/\/latraversiere.fr\/boutique\/partitions\/flutes-urbaines-1\/\"]}]},{\"@type\":\"BreadcrumbList\",\"@id\":\"https:\/\/latraversiere.fr\/boutique\/partitions\/flutes-urbaines-1\/#breadcrumb\",\"itemListElement\":[{\"@type\":\"ListItem\",\"position\":1,\"name\":\"Accueil\",\"item\":\"https:\/\/latraversiere.fr\/\"},{\"@type\":\"ListItem\",\"position\":2,\"name\":\"Boutique\",\"item\":\"https:\/\/latraversiere.fr\/en\/boutique\/\"},{\"@type\":\"ListItem\",\"position\":3,\"name\":\"Fl\\u00fbtes Urbaines 1\"}]}]}<\/script>\n<!-- \/ Yoast SEO plugin. -->","yoast_head_json":{"title":"Fl\u00fbtes Urbaines 1 - LA TRAVERSIERE The french flute association","robots":{"index":"index","follow":"follow","max-snippet":"max-snippet:-1","max-image-preview":"max-image-preview:large","max-video-preview":"max-video-preview:-1"},"canonical":"https:\/\/latraversiere.fr\/boutique\/partitions\/flutes-urbaines-1\/","og_locale":"en_US","og_type":"article","og_title":"Fl\u00fbtes Urbaines 1 - LA TRAVERSIERE The french flute association","og_description":"[:fr]S\u00e9bastien Bidon Cet ouvrage a \u00e9t\u00e9 d\u00e9velopp\u00e9 pour amener la fl\u00fbte vers les musiques actuelles (et inversement) ; il s\u2019agit de la rencontre entre deux cultures : celle de la musique savante et celle de la musique populaire. L\u2019enseignant y trouvera mati\u00e8re \u00e0 proposer \u00e0 son \u00e9l\u00e8ve des morceaux motivants, adapt\u00e9s au cursus et aux acquis du d\u00e9but du premier cycle de conservatoire. Il y trouvera \u00e9galement mati\u00e8re \u00e0 monter des pi\u00e8ces en ensemble, puisque les parties additionnelles de certains morceaux sont donn\u00e9es en annexe.[:]","og_url":"https:\/\/latraversiere.fr\/boutique\/partitions\/flutes-urbaines-1\/","og_site_name":"LA TRAVERSIERE The french flute association","article_publisher":"https:\/\/www.facebook.com\/traversieres\/","article_modified_time":"2026-01-17T15:45:59+00:00","og_image":[{"width":304,"height":405,"url":"https:\/\/latraversiere.fr\/wp-content\/uploads\/2024\/05\/G0000257115.jpg","type":"image\/jpeg"}],"twitter_card":"summary","twitter_site":"@La_Traversiere","schema":{"@context":"https:\/\/schema.org","@graph":[{"@type":"Organization","@id":"https:\/\/latraversiere.fr\/#organization","name":"La Traversi\u00e8re - Association Fran\u00e7aise de la Fl\u00fbte","url":"https:\/\/latraversiere.fr\/","sameAs":["https:\/\/www.facebook.com\/traversieres\/","https:\/\/www.instagram.com\/la_traversiere\/","https:\/\/www.youtube.com\/channel\/UC46MEQZI2BfRZNFUFqc59Sw","https:\/\/twitter.com\/La_Traversiere"],"logo":{"@type":"ImageObject","@id":"https:\/\/latraversiere.fr\/#logo","inLanguage":"en-US","url":"https:\/\/latraversiere.fr\/wp-content\/uploads\/2018\/01\/LOGO-Traversiere-SITE-1.png","contentUrl":"https:\/\/latraversiere.fr\/wp-content\/uploads\/2018\/01\/LOGO-Traversiere-SITE-1.png","width":539,"height":200,"caption":"La Traversi\u00e8re - Association Fran\u00e7aise de la Fl\u00fbte"},"image":{"@id":"https:\/\/latraversiere.fr\/#logo"}},{"@type":"WebSite","@id":"https:\/\/latraversiere.fr\/#website","url":"https:\/\/latraversiere.fr\/","name":"LA TRAVERSIERE The french flute association","description":"","publisher":{"@id":"https:\/\/latraversiere.fr\/#organization"},"potentialAction":[{"@type":"SearchAction","target":{"@type":"EntryPoint","urlTemplate":"https:\/\/latraversiere.fr\/?s={search_term_string}"},"query-input":"required name=search_term_string"}],"inLanguage":"en-US"},{"@type":"ImageObject","@id":"https:\/\/latraversiere.fr\/boutique\/partitions\/flutes-urbaines-1\/#primaryimage","inLanguage":"en-US","url":"https:\/\/latraversiere.fr\/wp-content\/uploads\/2024\/05\/G0000257115.jpg","contentUrl":"https:\/\/latraversiere.fr\/wp-content\/uploads\/2024\/05\/G0000257115.jpg","width":304,"height":405,"caption":"Fl\u00fbtes Urbaines 1"},{"@type":"WebPage","@id":"https:\/\/latraversiere.fr\/boutique\/partitions\/flutes-urbaines-1\/#webpage","url":"https:\/\/latraversiere.fr\/boutique\/partitions\/flutes-urbaines-1\/","name":"Fl\u00fbtes Urbaines 1 - LA TRAVERSIERE The french flute association","isPartOf":{"@id":"https:\/\/latraversiere.fr\/#website"},"primaryImageOfPage":{"@id":"https:\/\/latraversiere.fr\/boutique\/partitions\/flutes-urbaines-1\/#primaryimage"},"datePublished":"2024-05-19T08:50:13+00:00","dateModified":"2026-01-17T15:45:59+00:00","breadcrumb":{"@id":"https:\/\/latraversiere.fr\/boutique\/partitions\/flutes-urbaines-1\/#breadcrumb"},"inLanguage":"en-US","potentialAction":[{"@type":"ReadAction","target":["https:\/\/latraversiere.fr\/boutique\/partitions\/flutes-urbaines-1\/"]}]},{"@type":"BreadcrumbList","@id":"https:\/\/latraversiere.fr\/boutique\/partitions\/flutes-urbaines-1\/#breadcrumb","itemListElement":[{"@type":"ListItem","position":1,"name":"Accueil","item":"https:\/\/latraversiere.fr\/"},{"@type":"ListItem","position":2,"name":"Boutique","item":"https:\/\/latraversiere.fr\/en\/boutique\/"},{"@type":"ListItem","position":3,"name":"Fl\u00fbtes Urbaines 1"}]}]}},"_links":{"self":[{"href":"https:\/\/latraversiere.fr\/en\/wp-json\/wp\/v2\/product\/23750"}],"collection":[{"href":"https:\/\/latraversiere.fr\/en\/wp-json\/wp\/v2\/product"}],"about":[{"href":"https:\/\/latraversiere.fr\/en\/wp-json\/wp\/v2\/types\/product"}],"wp:featuredmedia":[{"embeddable":true,"href":"https:\/\/latraversiere.fr\/en\/wp-json\/wp\/v2\/media\/23751"}],"wp:attachment":[{"href":"https:\/\/latraversiere.fr\/en\/wp-json\/wp\/v2\/media?parent=23750"}],"curies":[{"name":"wp","href":"https:\/\/api.w.org\/{rel}","templated":true}]}}