{"id":24178,"date":"2024-08-25T22:10:52","date_gmt":"2024-08-25T20:10:52","guid":{"rendered":"https:\/\/latraversiere.fr\/?post_type=product&#038;p=24178"},"modified":"2026-03-30T19:23:21","modified_gmt":"2026-03-30T17:23:21","slug":"traversieres-magazine-n150","status":"publish","type":"product","link":"https:\/\/latraversiere.fr\/en\/boutique\/traversieres-magazine\/traversieres-magazine-n150\/","title":{"rendered":"Traversi\u00e8res Magazine N\u00b0150"},"content":{"rendered":"<p>Traversi\u00e8re Magazine N\u00b0150 : Une \u00c9dition Exceptionnelle pour un Anniversaire M\u00e9morable !<\/p>\n<p>Ce num\u00e9ro sp\u00e9cial est enti\u00e8rement d\u00e9di\u00e9 \u00e0 Andr\u00e1s Adorj\u00e1n, virtuose l\u00e9gendaire dont le rayonnement international et l&#8217;enthousiasme in\u00e9branlable ont profond\u00e9ment influenc\u00e9 le monde de la fl\u00fbte. Fl\u00fbtiste hors pair, il a non seulement enrichi le r\u00e9pertoire, mais a \u00e9galement modernis\u00e9 l&#8217;\u00e9cole instrumentale, laissant une empreinte ind\u00e9l\u00e9bile sur les g\u00e9n\u00e9rations futures.<\/p>\n<p>Et bien s\u00fbr, ne manquez pas notre rubrique kiosque pour d\u00e9couvrir les derni\u00e8res publications de disques et de partitions !<\/p>","protected":false},"excerpt":{"rendered":"<p class=\"qtranxs-available-languages-message qtranxs-available-languages-message-en\">Sorry, this entry is only available in <a href=\"https:\/\/latraversiere.fr\/fr\/wp-json\/wp\/v2\/product\/24178\" class=\"qtranxs-available-language-link qtranxs-available-language-link-fr\" title=\"Fran\u00e7ais\">French<\/a>. For the sake of viewer convenience, the content is shown below in the alternative language. You may click the link to switch the active language.<\/p>\n<p>Un num\u00e9ro sp\u00e9cial pour le 80e anniversaire d\u2019Andr\u00e1s Adorj\u00e1n, retra\u00e7ant son parcours exceptionnel et sa discographie. Le magazine annonce \u00e9galement la VIIe Convention Internationale de la Fl\u00fbte et le Concours Maxence Larrieu 2024. En suppl\u00e9ment, une partition de W. Popp, Salut \u00e0 la Hongrie, est propos\u00e9e dans l&#8217;encart central.<\/p>\n","protected":false},"featured_media":24179,"template":"","meta":[],"yoast_head":"<!-- This site is optimized with the Yoast SEO plugin v17.5 - https:\/\/yoast.com\/wordpress\/plugins\/seo\/ -->\n<title>Traversi\u00e8res Magazine N\u00b0150 - LA TRAVERSIERE The french flute association<\/title>\n<meta name=\"description\" content=\"Un num\u00e9ro sp\u00e9cial pour le 80e anniversaire d\u2019Andr\u00e1s Adorj\u00e1n, retra\u00e7ant son parcours exceptionnel et sa discographie. Le magazine annonce \u00e9galement la VIIe Convention Internationale de la Fl\u00fbte et le Concours Maxence Larrieu 2024. En suppl\u00e9ment, une partition de W. Popp, Salut \u00e0 la Hongrie, est propos\u00e9e dans l&#039;encart central.\" \/>\n<meta name=\"robots\" content=\"index, follow, max-snippet:-1, max-image-preview:large, max-video-preview:-1\" \/>\n<link rel=\"canonical\" href=\"https:\/\/latraversiere.fr\/boutique\/traversieres-magazine\/traversieres-magazine-n150\/\" \/>\n<meta property=\"og:locale\" content=\"en_US\" \/>\n<meta property=\"og:type\" content=\"article\" \/>\n<meta property=\"og:title\" content=\"Traversi\u00e8res Magazine N\u00b0150 - LA TRAVERSIERE The french flute association\" \/>\n<meta property=\"og:description\" content=\"Un num\u00e9ro sp\u00e9cial pour le 80e anniversaire d\u2019Andr\u00e1s Adorj\u00e1n, retra\u00e7ant son parcours exceptionnel et sa discographie. Le magazine annonce \u00e9galement la VIIe Convention Internationale de la Fl\u00fbte et le Concours Maxence Larrieu 2024. En suppl\u00e9ment, une partition de W. Popp, Salut \u00e0 la Hongrie, est propos\u00e9e dans l&#039;encart central.\" \/>\n<meta property=\"og:url\" content=\"https:\/\/latraversiere.fr\/boutique\/traversieres-magazine\/traversieres-magazine-n150\/\" \/>\n<meta property=\"og:site_name\" content=\"LA TRAVERSIERE The french flute association\" \/>\n<meta property=\"article:publisher\" content=\"https:\/\/www.facebook.com\/traversieres\/\" \/>\n<meta property=\"article:modified_time\" content=\"2026-03-30T17:23:21+00:00\" \/>\n<meta property=\"og:image\" content=\"https:\/\/latraversiere.fr\/wp-content\/uploads\/2024\/08\/TM150_web-scaled.jpg\" \/>\n\t<meta property=\"og:image:width\" content=\"1810\" \/>\n\t<meta property=\"og:image:height\" content=\"2560\" \/>\n<meta name=\"twitter:card\" content=\"summary\" \/>\n<meta name=\"twitter:site\" content=\"@La_Traversiere\" \/>\n<meta name=\"twitter:label1\" content=\"Est. reading time\" \/>\n\t<meta name=\"twitter:data1\" content=\"1 minute\" \/>\n<script type=\"application\/ld+json\" class=\"yoast-schema-graph\">{\"@context\":\"https:\/\/schema.org\",\"@graph\":[{\"@type\":\"Organization\",\"@id\":\"https:\/\/latraversiere.fr\/#organization\",\"name\":\"La Traversi\\u00e8re - Association Fran\\u00e7aise de la Fl\\u00fbte\",\"url\":\"https:\/\/latraversiere.fr\/\",\"sameAs\":[\"https:\/\/www.facebook.com\/traversieres\/\",\"https:\/\/www.instagram.com\/la_traversiere\/\",\"https:\/\/www.youtube.com\/channel\/UC46MEQZI2BfRZNFUFqc59Sw\",\"https:\/\/twitter.com\/La_Traversiere\"],\"logo\":{\"@type\":\"ImageObject\",\"@id\":\"https:\/\/latraversiere.fr\/#logo\",\"inLanguage\":\"en-US\",\"url\":\"https:\/\/latraversiere.fr\/wp-content\/uploads\/2018\/01\/LOGO-Traversiere-SITE-1.png\",\"contentUrl\":\"https:\/\/latraversiere.fr\/wp-content\/uploads\/2018\/01\/LOGO-Traversiere-SITE-1.png\",\"width\":539,\"height\":200,\"caption\":\"La Traversi\\u00e8re - Association Fran\\u00e7aise de la Fl\\u00fbte\"},\"image\":{\"@id\":\"https:\/\/latraversiere.fr\/#logo\"}},{\"@type\":\"WebSite\",\"@id\":\"https:\/\/latraversiere.fr\/#website\",\"url\":\"https:\/\/latraversiere.fr\/\",\"name\":\"LA TRAVERSIERE The french flute association\",\"description\":\"\",\"publisher\":{\"@id\":\"https:\/\/latraversiere.fr\/#organization\"},\"potentialAction\":[{\"@type\":\"SearchAction\",\"target\":{\"@type\":\"EntryPoint\",\"urlTemplate\":\"https:\/\/latraversiere.fr\/?s={search_term_string}\"},\"query-input\":\"required name=search_term_string\"}],\"inLanguage\":\"en-US\"},{\"@type\":\"ImageObject\",\"@id\":\"https:\/\/latraversiere.fr\/boutique\/traversieres-magazine\/traversieres-magazine-n150\/#primaryimage\",\"inLanguage\":\"en-US\",\"url\":\"https:\/\/latraversiere.fr\/wp-content\/uploads\/2024\/08\/TM150_web-scaled.jpg\",\"contentUrl\":\"https:\/\/latraversiere.fr\/wp-content\/uploads\/2024\/08\/TM150_web-scaled.jpg\",\"width\":1810,\"height\":2560,\"caption\":\"Traversi\\u00e8res Magazine N\\u00b0150\"},{\"@type\":\"WebPage\",\"@id\":\"https:\/\/latraversiere.fr\/boutique\/traversieres-magazine\/traversieres-magazine-n150\/#webpage\",\"url\":\"https:\/\/latraversiere.fr\/boutique\/traversieres-magazine\/traversieres-magazine-n150\/\",\"name\":\"Traversi\\u00e8res Magazine N\\u00b0150 - LA TRAVERSIERE The french flute association\",\"isPartOf\":{\"@id\":\"https:\/\/latraversiere.fr\/#website\"},\"primaryImageOfPage\":{\"@id\":\"https:\/\/latraversiere.fr\/boutique\/traversieres-magazine\/traversieres-magazine-n150\/#primaryimage\"},\"datePublished\":\"2024-08-25T20:10:52+00:00\",\"dateModified\":\"2026-03-30T17:23:21+00:00\",\"description\":\"Un num\\u00e9ro sp\\u00e9cial pour le 80e anniversaire d\\u2019Andr\\u00e1s Adorj\\u00e1n, retra\\u00e7ant son parcours exceptionnel et sa discographie. Le magazine annonce \\u00e9galement la VIIe Convention Internationale de la Fl\\u00fbte et le Concours Maxence Larrieu 2024. En suppl\\u00e9ment, une partition de W. Popp, Salut \\u00e0 la Hongrie, est propos\\u00e9e dans l'encart central.\",\"breadcrumb\":{\"@id\":\"https:\/\/latraversiere.fr\/boutique\/traversieres-magazine\/traversieres-magazine-n150\/#breadcrumb\"},\"inLanguage\":\"en-US\",\"potentialAction\":[{\"@type\":\"ReadAction\",\"target\":[\"https:\/\/latraversiere.fr\/boutique\/traversieres-magazine\/traversieres-magazine-n150\/\"]}]},{\"@type\":\"BreadcrumbList\",\"@id\":\"https:\/\/latraversiere.fr\/boutique\/traversieres-magazine\/traversieres-magazine-n150\/#breadcrumb\",\"itemListElement\":[{\"@type\":\"ListItem\",\"position\":1,\"name\":\"Accueil\",\"item\":\"https:\/\/latraversiere.fr\/\"},{\"@type\":\"ListItem\",\"position\":2,\"name\":\"Boutique\",\"item\":\"https:\/\/latraversiere.fr\/en\/boutique\/\"},{\"@type\":\"ListItem\",\"position\":3,\"name\":\"Traversi\\u00e8res Magazine N\\u00b0150\"}]}]}<\/script>\n<!-- \/ Yoast SEO plugin. -->","yoast_head_json":{"title":"Traversi\u00e8res Magazine N\u00b0150 - LA TRAVERSIERE The french flute association","description":"Un num\u00e9ro sp\u00e9cial pour le 80e anniversaire d\u2019Andr\u00e1s Adorj\u00e1n, retra\u00e7ant son parcours exceptionnel et sa discographie. Le magazine annonce \u00e9galement la VIIe Convention Internationale de la Fl\u00fbte et le Concours Maxence Larrieu 2024. En suppl\u00e9ment, une partition de W. Popp, Salut \u00e0 la Hongrie, est propos\u00e9e dans l'encart central.","robots":{"index":"index","follow":"follow","max-snippet":"max-snippet:-1","max-image-preview":"max-image-preview:large","max-video-preview":"max-video-preview:-1"},"canonical":"https:\/\/latraversiere.fr\/boutique\/traversieres-magazine\/traversieres-magazine-n150\/","og_locale":"en_US","og_type":"article","og_title":"Traversi\u00e8res Magazine N\u00b0150 - LA TRAVERSIERE The french flute association","og_description":"Un num\u00e9ro sp\u00e9cial pour le 80e anniversaire d\u2019Andr\u00e1s Adorj\u00e1n, retra\u00e7ant son parcours exceptionnel et sa discographie. Le magazine annonce \u00e9galement la VIIe Convention Internationale de la Fl\u00fbte et le Concours Maxence Larrieu 2024. En suppl\u00e9ment, une partition de W. Popp, Salut \u00e0 la Hongrie, est propos\u00e9e dans l'encart central.","og_url":"https:\/\/latraversiere.fr\/boutique\/traversieres-magazine\/traversieres-magazine-n150\/","og_site_name":"LA TRAVERSIERE The french flute association","article_publisher":"https:\/\/www.facebook.com\/traversieres\/","article_modified_time":"2026-03-30T17:23:21+00:00","og_image":[{"width":1810,"height":2560,"url":"https:\/\/latraversiere.fr\/wp-content\/uploads\/2024\/08\/TM150_web-scaled.jpg","type":"image\/jpeg"}],"twitter_card":"summary","twitter_site":"@La_Traversiere","twitter_misc":{"Est. reading time":"1 minute"},"schema":{"@context":"https:\/\/schema.org","@graph":[{"@type":"Organization","@id":"https:\/\/latraversiere.fr\/#organization","name":"La Traversi\u00e8re - Association Fran\u00e7aise de la Fl\u00fbte","url":"https:\/\/latraversiere.fr\/","sameAs":["https:\/\/www.facebook.com\/traversieres\/","https:\/\/www.instagram.com\/la_traversiere\/","https:\/\/www.youtube.com\/channel\/UC46MEQZI2BfRZNFUFqc59Sw","https:\/\/twitter.com\/La_Traversiere"],"logo":{"@type":"ImageObject","@id":"https:\/\/latraversiere.fr\/#logo","inLanguage":"en-US","url":"https:\/\/latraversiere.fr\/wp-content\/uploads\/2018\/01\/LOGO-Traversiere-SITE-1.png","contentUrl":"https:\/\/latraversiere.fr\/wp-content\/uploads\/2018\/01\/LOGO-Traversiere-SITE-1.png","width":539,"height":200,"caption":"La Traversi\u00e8re - Association Fran\u00e7aise de la Fl\u00fbte"},"image":{"@id":"https:\/\/latraversiere.fr\/#logo"}},{"@type":"WebSite","@id":"https:\/\/latraversiere.fr\/#website","url":"https:\/\/latraversiere.fr\/","name":"LA TRAVERSIERE The french flute association","description":"","publisher":{"@id":"https:\/\/latraversiere.fr\/#organization"},"potentialAction":[{"@type":"SearchAction","target":{"@type":"EntryPoint","urlTemplate":"https:\/\/latraversiere.fr\/?s={search_term_string}"},"query-input":"required name=search_term_string"}],"inLanguage":"en-US"},{"@type":"ImageObject","@id":"https:\/\/latraversiere.fr\/boutique\/traversieres-magazine\/traversieres-magazine-n150\/#primaryimage","inLanguage":"en-US","url":"https:\/\/latraversiere.fr\/wp-content\/uploads\/2024\/08\/TM150_web-scaled.jpg","contentUrl":"https:\/\/latraversiere.fr\/wp-content\/uploads\/2024\/08\/TM150_web-scaled.jpg","width":1810,"height":2560,"caption":"Traversi\u00e8res Magazine N\u00b0150"},{"@type":"WebPage","@id":"https:\/\/latraversiere.fr\/boutique\/traversieres-magazine\/traversieres-magazine-n150\/#webpage","url":"https:\/\/latraversiere.fr\/boutique\/traversieres-magazine\/traversieres-magazine-n150\/","name":"Traversi\u00e8res Magazine N\u00b0150 - LA TRAVERSIERE The french flute association","isPartOf":{"@id":"https:\/\/latraversiere.fr\/#website"},"primaryImageOfPage":{"@id":"https:\/\/latraversiere.fr\/boutique\/traversieres-magazine\/traversieres-magazine-n150\/#primaryimage"},"datePublished":"2024-08-25T20:10:52+00:00","dateModified":"2026-03-30T17:23:21+00:00","description":"Un num\u00e9ro sp\u00e9cial pour le 80e anniversaire d\u2019Andr\u00e1s Adorj\u00e1n, retra\u00e7ant son parcours exceptionnel et sa discographie. Le magazine annonce \u00e9galement la VIIe Convention Internationale de la Fl\u00fbte et le Concours Maxence Larrieu 2024. En suppl\u00e9ment, une partition de W. Popp, Salut \u00e0 la Hongrie, est propos\u00e9e dans l'encart central.","breadcrumb":{"@id":"https:\/\/latraversiere.fr\/boutique\/traversieres-magazine\/traversieres-magazine-n150\/#breadcrumb"},"inLanguage":"en-US","potentialAction":[{"@type":"ReadAction","target":["https:\/\/latraversiere.fr\/boutique\/traversieres-magazine\/traversieres-magazine-n150\/"]}]},{"@type":"BreadcrumbList","@id":"https:\/\/latraversiere.fr\/boutique\/traversieres-magazine\/traversieres-magazine-n150\/#breadcrumb","itemListElement":[{"@type":"ListItem","position":1,"name":"Accueil","item":"https:\/\/latraversiere.fr\/"},{"@type":"ListItem","position":2,"name":"Boutique","item":"https:\/\/latraversiere.fr\/en\/boutique\/"},{"@type":"ListItem","position":3,"name":"Traversi\u00e8res Magazine N\u00b0150"}]}]}},"_links":{"self":[{"href":"https:\/\/latraversiere.fr\/en\/wp-json\/wp\/v2\/product\/24178"}],"collection":[{"href":"https:\/\/latraversiere.fr\/en\/wp-json\/wp\/v2\/product"}],"about":[{"href":"https:\/\/latraversiere.fr\/en\/wp-json\/wp\/v2\/types\/product"}],"wp:featuredmedia":[{"embeddable":true,"href":"https:\/\/latraversiere.fr\/en\/wp-json\/wp\/v2\/media\/24179"}],"wp:attachment":[{"href":"https:\/\/latraversiere.fr\/en\/wp-json\/wp\/v2\/media?parent=24178"}],"curies":[{"name":"wp","href":"https:\/\/api.w.org\/{rel}","templated":true}]}}