{"id":25534,"date":"2024-11-17T11:47:18","date_gmt":"2024-11-17T10:47:18","guid":{"rendered":"https:\/\/latraversiere.fr\/?post_type=product&#038;p=25534"},"modified":"2026-03-30T19:22:48","modified_gmt":"2026-03-30T17:22:48","slug":"traversieres-magazine-n151","status":"publish","type":"product","link":"https:\/\/latraversiere.fr\/en\/boutique\/traversieres-magazine\/traversieres-magazine-n151\/","title":{"rendered":"Traversi\u00e8res Magazine N\u00b0151"},"content":{"rendered":"<p class=\"qtranxs-available-languages-message qtranxs-available-languages-message-en\">Sorry, this entry is only available in <a href=\"https:\/\/latraversiere.fr\/fr\/wp-json\/wp\/v2\/product\/25534\" class=\"qtranxs-available-language-link qtranxs-available-language-link-fr\" title=\"Fran\u00e7ais\">French<\/a>. For the sake of viewer convenience, the content is shown below in the alternative language. You may click the link to switch the active language.<\/p><p>Un hommage vibrant \u00e0 Gabriel Fumet et la suite de l\u2019entretien exclusif avec Andr\u00e1s Adorj\u00e1n. Le portrait est consacr\u00e9 au fl\u00fbtiste luxembourgeois Carlo Jans, tandis que la rubrique Jeune Talent met en lumi\u00e8re Iris Daverio. Le magazine pr\u00e9sente \u00e9galement l\u2019ensemble Aperto et revient sur le palmar\u00e8s du 5e Concours International Maxence Larrieu.<\/p>","protected":false},"excerpt":{"rendered":"<p class=\"qtranxs-available-languages-message qtranxs-available-languages-message-en\">Sorry, this entry is only available in <a href=\"https:\/\/latraversiere.fr\/fr\/wp-json\/wp\/v2\/product\/25534\" class=\"qtranxs-available-language-link qtranxs-available-language-link-fr\" title=\"Fran\u00e7ais\">French<\/a>. For the sake of viewer convenience, the content is shown below in the alternative language. You may click the link to switch the active language.<\/p>\n<p>Un hommage vibrant \u00e0 Gabriel Fumet et la suite de l\u2019entretien exclusif avec Andr\u00e1s Adorj\u00e1n. Le portrait est consacr\u00e9 au fl\u00fbtiste luxembourgeois Carlo Jans, tandis que la rubrique Jeune Talent met en lumi\u00e8re Iris Daverio. Le magazine pr\u00e9sente \u00e9galement l\u2019ensemble Aperto et revient sur le palmar\u00e8s du 5e Concours International Maxence Larrieu.<\/p>\n","protected":false},"featured_media":25785,"template":"","meta":[],"yoast_head":"<!-- This site is optimized with the Yoast SEO plugin v17.5 - https:\/\/yoast.com\/wordpress\/plugins\/seo\/ -->\n<title>Traversi\u00e8res Magazine N\u00b0151 - LA TRAVERSIERE The french flute association<\/title>\n<meta name=\"description\" content=\"Un hommage vibrant \u00e0 Gabriel Fumet et la suite de l\u2019entretien exclusif avec Andr\u00e1s Adorj\u00e1n. Le portrait est consacr\u00e9 au fl\u00fbtiste luxembourgeois Carlo Jans, tandis que la rubrique Jeune Talent met en lumi\u00e8re Iris Daverio. Le magazine pr\u00e9sente \u00e9galement l\u2019ensemble Aperto et revient sur le palmar\u00e8s du 5e Concours International Maxence Larrieu.\" \/>\n<meta name=\"robots\" content=\"index, follow, max-snippet:-1, max-image-preview:large, max-video-preview:-1\" \/>\n<link rel=\"canonical\" href=\"https:\/\/latraversiere.fr\/boutique\/traversieres-magazine\/traversieres-magazine-n151\/\" \/>\n<meta property=\"og:locale\" content=\"en_US\" \/>\n<meta property=\"og:type\" content=\"article\" \/>\n<meta property=\"og:title\" content=\"Traversi\u00e8res Magazine N\u00b0151 - LA TRAVERSIERE The french flute association\" \/>\n<meta property=\"og:description\" content=\"Un hommage vibrant \u00e0 Gabriel Fumet et la suite de l\u2019entretien exclusif avec Andr\u00e1s Adorj\u00e1n. Le portrait est consacr\u00e9 au fl\u00fbtiste luxembourgeois Carlo Jans, tandis que la rubrique Jeune Talent met en lumi\u00e8re Iris Daverio. Le magazine pr\u00e9sente \u00e9galement l\u2019ensemble Aperto et revient sur le palmar\u00e8s du 5e Concours International Maxence Larrieu.\" \/>\n<meta property=\"og:url\" content=\"https:\/\/latraversiere.fr\/boutique\/traversieres-magazine\/traversieres-magazine-n151\/\" \/>\n<meta property=\"og:site_name\" content=\"LA TRAVERSIERE The french flute association\" \/>\n<meta property=\"article:publisher\" content=\"https:\/\/www.facebook.com\/traversieres\/\" \/>\n<meta property=\"article:modified_time\" content=\"2026-03-30T17:22:48+00:00\" \/>\n<meta property=\"og:image\" content=\"https:\/\/latraversiere.fr\/wp-content\/uploads\/2024\/11\/TM151_Cover.jpg\" \/>\n\t<meta property=\"og:image:width\" content=\"595\" \/>\n\t<meta property=\"og:image:height\" content=\"841\" \/>\n<meta name=\"twitter:card\" content=\"summary\" \/>\n<meta name=\"twitter:site\" content=\"@La_Traversiere\" \/>\n<script type=\"application\/ld+json\" class=\"yoast-schema-graph\">{\"@context\":\"https:\/\/schema.org\",\"@graph\":[{\"@type\":\"Organization\",\"@id\":\"https:\/\/latraversiere.fr\/#organization\",\"name\":\"La Traversi\\u00e8re - Association Fran\\u00e7aise de la Fl\\u00fbte\",\"url\":\"https:\/\/latraversiere.fr\/\",\"sameAs\":[\"https:\/\/www.facebook.com\/traversieres\/\",\"https:\/\/www.instagram.com\/la_traversiere\/\",\"https:\/\/www.youtube.com\/channel\/UC46MEQZI2BfRZNFUFqc59Sw\",\"https:\/\/twitter.com\/La_Traversiere\"],\"logo\":{\"@type\":\"ImageObject\",\"@id\":\"https:\/\/latraversiere.fr\/#logo\",\"inLanguage\":\"en-US\",\"url\":\"https:\/\/latraversiere.fr\/wp-content\/uploads\/2018\/01\/LOGO-Traversiere-SITE-1.png\",\"contentUrl\":\"https:\/\/latraversiere.fr\/wp-content\/uploads\/2018\/01\/LOGO-Traversiere-SITE-1.png\",\"width\":539,\"height\":200,\"caption\":\"La Traversi\\u00e8re - Association Fran\\u00e7aise de la Fl\\u00fbte\"},\"image\":{\"@id\":\"https:\/\/latraversiere.fr\/#logo\"}},{\"@type\":\"WebSite\",\"@id\":\"https:\/\/latraversiere.fr\/#website\",\"url\":\"https:\/\/latraversiere.fr\/\",\"name\":\"LA TRAVERSIERE The french flute association\",\"description\":\"\",\"publisher\":{\"@id\":\"https:\/\/latraversiere.fr\/#organization\"},\"potentialAction\":[{\"@type\":\"SearchAction\",\"target\":{\"@type\":\"EntryPoint\",\"urlTemplate\":\"https:\/\/latraversiere.fr\/?s={search_term_string}\"},\"query-input\":\"required name=search_term_string\"}],\"inLanguage\":\"en-US\"},{\"@type\":\"ImageObject\",\"@id\":\"https:\/\/latraversiere.fr\/boutique\/traversieres-magazine\/traversieres-magazine-n151\/#primaryimage\",\"inLanguage\":\"en-US\",\"url\":\"https:\/\/latraversiere.fr\/wp-content\/uploads\/2024\/11\/TM151_Cover.jpg\",\"contentUrl\":\"https:\/\/latraversiere.fr\/wp-content\/uploads\/2024\/11\/TM151_Cover.jpg\",\"width\":595,\"height\":841,\"caption\":\"Traversi\\u00e8res Magazine N\\u00b0151\"},{\"@type\":\"WebPage\",\"@id\":\"https:\/\/latraversiere.fr\/boutique\/traversieres-magazine\/traversieres-magazine-n151\/#webpage\",\"url\":\"https:\/\/latraversiere.fr\/boutique\/traversieres-magazine\/traversieres-magazine-n151\/\",\"name\":\"Traversi\\u00e8res Magazine N\\u00b0151 - LA TRAVERSIERE The french flute association\",\"isPartOf\":{\"@id\":\"https:\/\/latraversiere.fr\/#website\"},\"primaryImageOfPage\":{\"@id\":\"https:\/\/latraversiere.fr\/boutique\/traversieres-magazine\/traversieres-magazine-n151\/#primaryimage\"},\"datePublished\":\"2024-11-17T10:47:18+00:00\",\"dateModified\":\"2026-03-30T17:22:48+00:00\",\"description\":\"Un hommage vibrant \\u00e0 Gabriel Fumet et la suite de l\\u2019entretien exclusif avec Andr\\u00e1s Adorj\\u00e1n. Le portrait est consacr\\u00e9 au fl\\u00fbtiste luxembourgeois Carlo Jans, tandis que la rubrique Jeune Talent met en lumi\\u00e8re Iris Daverio. Le magazine pr\\u00e9sente \\u00e9galement l\\u2019ensemble Aperto et revient sur le palmar\\u00e8s du 5e Concours International Maxence Larrieu.\",\"breadcrumb\":{\"@id\":\"https:\/\/latraversiere.fr\/boutique\/traversieres-magazine\/traversieres-magazine-n151\/#breadcrumb\"},\"inLanguage\":\"en-US\",\"potentialAction\":[{\"@type\":\"ReadAction\",\"target\":[\"https:\/\/latraversiere.fr\/boutique\/traversieres-magazine\/traversieres-magazine-n151\/\"]}]},{\"@type\":\"BreadcrumbList\",\"@id\":\"https:\/\/latraversiere.fr\/boutique\/traversieres-magazine\/traversieres-magazine-n151\/#breadcrumb\",\"itemListElement\":[{\"@type\":\"ListItem\",\"position\":1,\"name\":\"Accueil\",\"item\":\"https:\/\/latraversiere.fr\/\"},{\"@type\":\"ListItem\",\"position\":2,\"name\":\"Boutique\",\"item\":\"https:\/\/latraversiere.fr\/en\/boutique\/\"},{\"@type\":\"ListItem\",\"position\":3,\"name\":\"Traversi\\u00e8res Magazine N\\u00b0151\"}]}]}<\/script>\n<!-- \/ Yoast SEO plugin. -->","yoast_head_json":{"title":"Traversi\u00e8res Magazine N\u00b0151 - LA TRAVERSIERE The french flute association","description":"Un hommage vibrant \u00e0 Gabriel Fumet et la suite de l\u2019entretien exclusif avec Andr\u00e1s Adorj\u00e1n. Le portrait est consacr\u00e9 au fl\u00fbtiste luxembourgeois Carlo Jans, tandis que la rubrique Jeune Talent met en lumi\u00e8re Iris Daverio. Le magazine pr\u00e9sente \u00e9galement l\u2019ensemble Aperto et revient sur le palmar\u00e8s du 5e Concours International Maxence Larrieu.","robots":{"index":"index","follow":"follow","max-snippet":"max-snippet:-1","max-image-preview":"max-image-preview:large","max-video-preview":"max-video-preview:-1"},"canonical":"https:\/\/latraversiere.fr\/boutique\/traversieres-magazine\/traversieres-magazine-n151\/","og_locale":"en_US","og_type":"article","og_title":"Traversi\u00e8res Magazine N\u00b0151 - LA TRAVERSIERE The french flute association","og_description":"Un hommage vibrant \u00e0 Gabriel Fumet et la suite de l\u2019entretien exclusif avec Andr\u00e1s Adorj\u00e1n. Le portrait est consacr\u00e9 au fl\u00fbtiste luxembourgeois Carlo Jans, tandis que la rubrique Jeune Talent met en lumi\u00e8re Iris Daverio. Le magazine pr\u00e9sente \u00e9galement l\u2019ensemble Aperto et revient sur le palmar\u00e8s du 5e Concours International Maxence Larrieu.","og_url":"https:\/\/latraversiere.fr\/boutique\/traversieres-magazine\/traversieres-magazine-n151\/","og_site_name":"LA TRAVERSIERE The french flute association","article_publisher":"https:\/\/www.facebook.com\/traversieres\/","article_modified_time":"2026-03-30T17:22:48+00:00","og_image":[{"width":595,"height":841,"url":"https:\/\/latraversiere.fr\/wp-content\/uploads\/2024\/11\/TM151_Cover.jpg","type":"image\/jpeg"}],"twitter_card":"summary","twitter_site":"@La_Traversiere","schema":{"@context":"https:\/\/schema.org","@graph":[{"@type":"Organization","@id":"https:\/\/latraversiere.fr\/#organization","name":"La Traversi\u00e8re - Association Fran\u00e7aise de la Fl\u00fbte","url":"https:\/\/latraversiere.fr\/","sameAs":["https:\/\/www.facebook.com\/traversieres\/","https:\/\/www.instagram.com\/la_traversiere\/","https:\/\/www.youtube.com\/channel\/UC46MEQZI2BfRZNFUFqc59Sw","https:\/\/twitter.com\/La_Traversiere"],"logo":{"@type":"ImageObject","@id":"https:\/\/latraversiere.fr\/#logo","inLanguage":"en-US","url":"https:\/\/latraversiere.fr\/wp-content\/uploads\/2018\/01\/LOGO-Traversiere-SITE-1.png","contentUrl":"https:\/\/latraversiere.fr\/wp-content\/uploads\/2018\/01\/LOGO-Traversiere-SITE-1.png","width":539,"height":200,"caption":"La Traversi\u00e8re - Association Fran\u00e7aise de la Fl\u00fbte"},"image":{"@id":"https:\/\/latraversiere.fr\/#logo"}},{"@type":"WebSite","@id":"https:\/\/latraversiere.fr\/#website","url":"https:\/\/latraversiere.fr\/","name":"LA TRAVERSIERE The french flute association","description":"","publisher":{"@id":"https:\/\/latraversiere.fr\/#organization"},"potentialAction":[{"@type":"SearchAction","target":{"@type":"EntryPoint","urlTemplate":"https:\/\/latraversiere.fr\/?s={search_term_string}"},"query-input":"required name=search_term_string"}],"inLanguage":"en-US"},{"@type":"ImageObject","@id":"https:\/\/latraversiere.fr\/boutique\/traversieres-magazine\/traversieres-magazine-n151\/#primaryimage","inLanguage":"en-US","url":"https:\/\/latraversiere.fr\/wp-content\/uploads\/2024\/11\/TM151_Cover.jpg","contentUrl":"https:\/\/latraversiere.fr\/wp-content\/uploads\/2024\/11\/TM151_Cover.jpg","width":595,"height":841,"caption":"Traversi\u00e8res Magazine N\u00b0151"},{"@type":"WebPage","@id":"https:\/\/latraversiere.fr\/boutique\/traversieres-magazine\/traversieres-magazine-n151\/#webpage","url":"https:\/\/latraversiere.fr\/boutique\/traversieres-magazine\/traversieres-magazine-n151\/","name":"Traversi\u00e8res Magazine N\u00b0151 - LA TRAVERSIERE The french flute association","isPartOf":{"@id":"https:\/\/latraversiere.fr\/#website"},"primaryImageOfPage":{"@id":"https:\/\/latraversiere.fr\/boutique\/traversieres-magazine\/traversieres-magazine-n151\/#primaryimage"},"datePublished":"2024-11-17T10:47:18+00:00","dateModified":"2026-03-30T17:22:48+00:00","description":"Un hommage vibrant \u00e0 Gabriel Fumet et la suite de l\u2019entretien exclusif avec Andr\u00e1s Adorj\u00e1n. Le portrait est consacr\u00e9 au fl\u00fbtiste luxembourgeois Carlo Jans, tandis que la rubrique Jeune Talent met en lumi\u00e8re Iris Daverio. Le magazine pr\u00e9sente \u00e9galement l\u2019ensemble Aperto et revient sur le palmar\u00e8s du 5e Concours International Maxence Larrieu.","breadcrumb":{"@id":"https:\/\/latraversiere.fr\/boutique\/traversieres-magazine\/traversieres-magazine-n151\/#breadcrumb"},"inLanguage":"en-US","potentialAction":[{"@type":"ReadAction","target":["https:\/\/latraversiere.fr\/boutique\/traversieres-magazine\/traversieres-magazine-n151\/"]}]},{"@type":"BreadcrumbList","@id":"https:\/\/latraversiere.fr\/boutique\/traversieres-magazine\/traversieres-magazine-n151\/#breadcrumb","itemListElement":[{"@type":"ListItem","position":1,"name":"Accueil","item":"https:\/\/latraversiere.fr\/"},{"@type":"ListItem","position":2,"name":"Boutique","item":"https:\/\/latraversiere.fr\/en\/boutique\/"},{"@type":"ListItem","position":3,"name":"Traversi\u00e8res Magazine N\u00b0151"}]}]}},"_links":{"self":[{"href":"https:\/\/latraversiere.fr\/en\/wp-json\/wp\/v2\/product\/25534"}],"collection":[{"href":"https:\/\/latraversiere.fr\/en\/wp-json\/wp\/v2\/product"}],"about":[{"href":"https:\/\/latraversiere.fr\/en\/wp-json\/wp\/v2\/types\/product"}],"wp:featuredmedia":[{"embeddable":true,"href":"https:\/\/latraversiere.fr\/en\/wp-json\/wp\/v2\/media\/25785"}],"wp:attachment":[{"href":"https:\/\/latraversiere.fr\/en\/wp-json\/wp\/v2\/media?parent=25534"}],"curies":[{"name":"wp","href":"https:\/\/api.w.org\/{rel}","templated":true}]}}