{"id":25819,"date":"2024-11-23T16:19:33","date_gmt":"2024-11-23T15:19:33","guid":{"rendered":"https:\/\/latraversiere.fr\/?post_type=product&#038;p=25819"},"modified":"2024-11-23T16:19:33","modified_gmt":"2024-11-23T15:19:33","slug":"ludwig-august-lebrun-joseph-haydn","status":"publish","type":"product","link":"https:\/\/latraversiere.fr\/en\/boutique\/cd-dvd\/ludwig-august-lebrun-joseph-haydn\/","title":{"rendered":"LUDWIG AUGUST LEBRUN JOSEPH HAYDN"},"content":{"rendered":"<p class=\"qtranxs-available-languages-message qtranxs-available-languages-message-en\">Sorry, this entry is only available in <a href=\"https:\/\/latraversiere.fr\/fr\/wp-json\/wp\/v2\/product\/25819\" class=\"qtranxs-available-language-link qtranxs-available-language-link-fr\" title=\"Fran\u00e7ais\">French<\/a>. For the sake of viewer convenience, the content is shown below in the alternative language. You may click the link to switch the active language.<\/p><p><strong>Double-CD AJPR \/ \u00ab PREMIERS HORIZONS \u00bb \u2013 Digipack 2 CD 070.161\/162 (P. &#038; \u00a9 2018)<br \/>\nAndr\u00e1s Adorj\u00e1n, fl\u00fbte &#8211; Orchestre de Chambre de Paris, dir. : Philippe Bernold<\/strong><br \/>\nLudwig August LEBRUN (1752-1790) : 6 concertos pour fl\u00fbte et orchestre &#8211; orig. pour hautbois, version pour fl\u00fbte de Carl Friedrich Ebers (1770-1836) vers 1804<br \/>\nJoseph HAYDN (1732-1809) : Concerto en r\u00e9 majeur pour fl\u00fbte et orchestre, op. 101 &#8211; orig. pour violoncelle Hob. VIIb :2, version pour fl\u00fbte de Carl Friedrich Ebers vers 1808<br \/>\n<em>Livret 28 pages \u2013 Texte : Andr\u00e1s Adorj\u00e1n &#038; Denis Verroust \u2013 Fran\u00e7ais \/ English \/ Deutsch<\/em><\/p>","protected":false},"excerpt":{"rendered":"<p class=\"qtranxs-available-languages-message qtranxs-available-languages-message-en\">Sorry, this entry is only available in <a href=\"https:\/\/latraversiere.fr\/fr\/wp-json\/wp\/v2\/product\/25819\" class=\"qtranxs-available-language-link qtranxs-available-language-link-fr\" title=\"Fran\u00e7ais\">French<\/a>. For the sake of viewer convenience, the content is shown below in the alternative language. You may click the link to switch the active language.<\/p>\n<p><strong>Double-CD AJPR \/ \u00ab PREMIERS HORIZONS \u00bb \u2013 Digipack 2 CD 070.161\/162 (P. &#038; \u00a9 2018)<br \/>\nAndr\u00e1s Adorj\u00e1n, fl\u00fbte &#8211; Orchestre de Chambre de Paris, dir. : Philippe Bernold<\/strong><br \/>\nLudwig August LEBRUN (1752-1790) : 6 concertos pour fl\u00fbte et orchestre &#8211; orig. pour hautbois, version pour fl\u00fbte de Carl Friedrich Ebers (1770-1836) vers 1804<br \/>\nJoseph HAYDN (1732-1809) : Concerto en r\u00e9 majeur pour fl\u00fbte et orchestre, op. 101 &#8211; orig. pour violoncelle Hob. VIIb :2, version pour fl\u00fbte de Carl Friedrich Ebers vers 1808<br \/>\n<em>Livret 28 pages \u2013 Texte : Andr\u00e1s Adorj\u00e1n &#038; Denis Verroust \u2013 Fran\u00e7ais \/ English \/ Deutsch<\/em><\/p>\n","protected":false},"featured_media":25815,"template":"","meta":[],"yoast_head":"<!-- This site is optimized with the Yoast SEO plugin v17.5 - https:\/\/yoast.com\/wordpress\/plugins\/seo\/ -->\n<title><\/title>\n<meta name=\"robots\" content=\"index, follow, max-snippet:-1, max-image-preview:large, max-video-preview:-1\" \/>\n<link rel=\"canonical\" href=\"https:\/\/latraversiere.fr\/boutique\/cd-dvd\/ludwig-august-lebrun-joseph-haydn\/\" \/>\n<meta property=\"og:locale\" content=\"en_US\" \/>\n<meta property=\"og:type\" content=\"article\" \/>\n<meta property=\"og:title\" content=\"[:fr]LUDWIG AUGUST LEBRUN JOSEPH HAYDN[:] - LA TRAVERSIERE The french flute association\" \/>\n<meta property=\"og:description\" content=\"[:fr]Double-CD AJPR \/ \u00ab PREMIERS HORIZONS \u00bb \u2013 Digipack 2 CD 070.161\/162 (P. &amp; \u00a9 2018) Andr\u00e1s Adorj\u00e1n, fl\u00fbte - Orchestre de Chambre de Paris, dir. : Philippe Bernold Ludwig August LEBRUN (1752-1790) : 6 concertos pour fl\u00fbte et orchestre - orig. pour hautbois, version pour fl\u00fbte de Carl Friedrich Ebers (1770-1836) vers 1804  Joseph HAYDN (1732-1809) : Concerto en r\u00e9 majeur pour fl\u00fbte et orchestre, op. 101 - orig. pour violoncelle Hob. VIIb :2, version pour fl\u00fbte de Carl Friedrich Ebers vers 1808  Livret 28 pages \u2013 Texte : Andr\u00e1s Adorj\u00e1n &amp; Denis Verroust \u2013 Fran\u00e7ais \/ English \/ Deutsch[:]\" \/>\n<meta property=\"og:url\" content=\"https:\/\/latraversiere.fr\/boutique\/cd-dvd\/ludwig-august-lebrun-joseph-haydn\/\" \/>\n<meta property=\"og:site_name\" content=\"LA TRAVERSIERE The french flute association\" \/>\n<meta property=\"article:publisher\" content=\"https:\/\/www.facebook.com\/traversieres\/\" \/>\n<meta property=\"og:image\" content=\"https:\/\/latraversiere.fr\/wp-content\/uploads\/2024\/11\/OS2.jpg\" \/>\n\t<meta property=\"og:image:width\" content=\"600\" \/>\n\t<meta property=\"og:image:height\" content=\"600\" \/>\n<meta name=\"twitter:card\" content=\"summary\" \/>\n<meta name=\"twitter:site\" content=\"@La_Traversiere\" \/>\n<script type=\"application\/ld+json\" class=\"yoast-schema-graph\">{\"@context\":\"https:\/\/schema.org\",\"@graph\":[{\"@type\":\"Organization\",\"@id\":\"https:\/\/latraversiere.fr\/#organization\",\"name\":\"La Traversi\\u00e8re - Association Fran\\u00e7aise de la Fl\\u00fbte\",\"url\":\"https:\/\/latraversiere.fr\/\",\"sameAs\":[\"https:\/\/www.facebook.com\/traversieres\/\",\"https:\/\/www.instagram.com\/la_traversiere\/\",\"https:\/\/www.youtube.com\/channel\/UC46MEQZI2BfRZNFUFqc59Sw\",\"https:\/\/twitter.com\/La_Traversiere\"],\"logo\":{\"@type\":\"ImageObject\",\"@id\":\"https:\/\/latraversiere.fr\/#logo\",\"inLanguage\":\"en-US\",\"url\":\"https:\/\/latraversiere.fr\/wp-content\/uploads\/2018\/01\/LOGO-Traversiere-SITE-1.png\",\"contentUrl\":\"https:\/\/latraversiere.fr\/wp-content\/uploads\/2018\/01\/LOGO-Traversiere-SITE-1.png\",\"width\":539,\"height\":200,\"caption\":\"La Traversi\\u00e8re - Association Fran\\u00e7aise de la Fl\\u00fbte\"},\"image\":{\"@id\":\"https:\/\/latraversiere.fr\/#logo\"}},{\"@type\":\"WebSite\",\"@id\":\"https:\/\/latraversiere.fr\/#website\",\"url\":\"https:\/\/latraversiere.fr\/\",\"name\":\"LA TRAVERSIERE The french flute association\",\"description\":\"\",\"publisher\":{\"@id\":\"https:\/\/latraversiere.fr\/#organization\"},\"potentialAction\":[{\"@type\":\"SearchAction\",\"target\":{\"@type\":\"EntryPoint\",\"urlTemplate\":\"https:\/\/latraversiere.fr\/?s={search_term_string}\"},\"query-input\":\"required name=search_term_string\"}],\"inLanguage\":\"en-US\"},{\"@type\":\"ImageObject\",\"@id\":\"https:\/\/latraversiere.fr\/boutique\/cd-dvd\/ludwig-august-lebrun-joseph-haydn\/#primaryimage\",\"inLanguage\":\"en-US\",\"url\":\"https:\/\/latraversiere.fr\/wp-content\/uploads\/2024\/11\/OS2.jpg\",\"contentUrl\":\"https:\/\/latraversiere.fr\/wp-content\/uploads\/2024\/11\/OS2.jpg\",\"width\":600,\"height\":600,\"caption\":\"LUDWIG AUGUST LEBRUN JOSEPH HAYDN\"},{\"@type\":\"WebPage\",\"@id\":\"https:\/\/latraversiere.fr\/boutique\/cd-dvd\/ludwig-august-lebrun-joseph-haydn\/#webpage\",\"url\":\"https:\/\/latraversiere.fr\/boutique\/cd-dvd\/ludwig-august-lebrun-joseph-haydn\/\",\"name\":\"[:fr]LUDWIG AUGUST LEBRUN JOSEPH HAYDN[:] - LA TRAVERSIERE The french flute association\",\"isPartOf\":{\"@id\":\"https:\/\/latraversiere.fr\/#website\"},\"primaryImageOfPage\":{\"@id\":\"https:\/\/latraversiere.fr\/boutique\/cd-dvd\/ludwig-august-lebrun-joseph-haydn\/#primaryimage\"},\"datePublished\":\"2024-11-23T15:19:33+00:00\",\"dateModified\":\"2024-11-23T15:19:33+00:00\",\"breadcrumb\":{\"@id\":\"https:\/\/latraversiere.fr\/boutique\/cd-dvd\/ludwig-august-lebrun-joseph-haydn\/#breadcrumb\"},\"inLanguage\":\"en-US\",\"potentialAction\":[{\"@type\":\"ReadAction\",\"target\":[\"https:\/\/latraversiere.fr\/boutique\/cd-dvd\/ludwig-august-lebrun-joseph-haydn\/\"]}]},{\"@type\":\"BreadcrumbList\",\"@id\":\"https:\/\/latraversiere.fr\/boutique\/cd-dvd\/ludwig-august-lebrun-joseph-haydn\/#breadcrumb\",\"itemListElement\":[{\"@type\":\"ListItem\",\"position\":1,\"name\":\"Accueil\",\"item\":\"https:\/\/latraversiere.fr\/\"},{\"@type\":\"ListItem\",\"position\":2,\"name\":\"Boutique\",\"item\":\"https:\/\/latraversiere.fr\/en\/boutique\/\"},{\"@type\":\"ListItem\",\"position\":3,\"name\":\"LUDWIG AUGUST LEBRUN JOSEPH HAYDN\"}]}]}<\/script>\n<!-- \/ Yoast SEO plugin. -->","yoast_head_json":{"title":"[:fr]LUDWIG AUGUST LEBRUN JOSEPH HAYDN[:] - LA TRAVERSIERE The french flute association","robots":{"index":"index","follow":"follow","max-snippet":"max-snippet:-1","max-image-preview":"max-image-preview:large","max-video-preview":"max-video-preview:-1"},"canonical":"https:\/\/latraversiere.fr\/boutique\/cd-dvd\/ludwig-august-lebrun-joseph-haydn\/","og_locale":"en_US","og_type":"article","og_title":"[:fr]LUDWIG AUGUST LEBRUN JOSEPH HAYDN[:] - LA TRAVERSIERE The french flute association","og_description":"[:fr]Double-CD AJPR \/ \u00ab PREMIERS HORIZONS \u00bb \u2013 Digipack 2 CD 070.161\/162 (P. & \u00a9 2018) Andr\u00e1s Adorj\u00e1n, fl\u00fbte - Orchestre de Chambre de Paris, dir. : Philippe Bernold Ludwig August LEBRUN (1752-1790) : 6 concertos pour fl\u00fbte et orchestre - orig. pour hautbois, version pour fl\u00fbte de Carl Friedrich Ebers (1770-1836) vers 1804  Joseph HAYDN (1732-1809) : Concerto en r\u00e9 majeur pour fl\u00fbte et orchestre, op. 101 - orig. pour violoncelle Hob. VIIb :2, version pour fl\u00fbte de Carl Friedrich Ebers vers 1808  Livret 28 pages \u2013 Texte : Andr\u00e1s Adorj\u00e1n & Denis Verroust \u2013 Fran\u00e7ais \/ English \/ Deutsch[:]","og_url":"https:\/\/latraversiere.fr\/boutique\/cd-dvd\/ludwig-august-lebrun-joseph-haydn\/","og_site_name":"LA TRAVERSIERE The french flute association","article_publisher":"https:\/\/www.facebook.com\/traversieres\/","og_image":[{"width":600,"height":600,"url":"https:\/\/latraversiere.fr\/wp-content\/uploads\/2024\/11\/OS2.jpg","type":"image\/jpeg"}],"twitter_card":"summary","twitter_site":"@La_Traversiere","schema":{"@context":"https:\/\/schema.org","@graph":[{"@type":"Organization","@id":"https:\/\/latraversiere.fr\/#organization","name":"La Traversi\u00e8re - Association Fran\u00e7aise de la Fl\u00fbte","url":"https:\/\/latraversiere.fr\/","sameAs":["https:\/\/www.facebook.com\/traversieres\/","https:\/\/www.instagram.com\/la_traversiere\/","https:\/\/www.youtube.com\/channel\/UC46MEQZI2BfRZNFUFqc59Sw","https:\/\/twitter.com\/La_Traversiere"],"logo":{"@type":"ImageObject","@id":"https:\/\/latraversiere.fr\/#logo","inLanguage":"en-US","url":"https:\/\/latraversiere.fr\/wp-content\/uploads\/2018\/01\/LOGO-Traversiere-SITE-1.png","contentUrl":"https:\/\/latraversiere.fr\/wp-content\/uploads\/2018\/01\/LOGO-Traversiere-SITE-1.png","width":539,"height":200,"caption":"La Traversi\u00e8re - Association Fran\u00e7aise de la Fl\u00fbte"},"image":{"@id":"https:\/\/latraversiere.fr\/#logo"}},{"@type":"WebSite","@id":"https:\/\/latraversiere.fr\/#website","url":"https:\/\/latraversiere.fr\/","name":"LA TRAVERSIERE The french flute association","description":"","publisher":{"@id":"https:\/\/latraversiere.fr\/#organization"},"potentialAction":[{"@type":"SearchAction","target":{"@type":"EntryPoint","urlTemplate":"https:\/\/latraversiere.fr\/?s={search_term_string}"},"query-input":"required name=search_term_string"}],"inLanguage":"en-US"},{"@type":"ImageObject","@id":"https:\/\/latraversiere.fr\/boutique\/cd-dvd\/ludwig-august-lebrun-joseph-haydn\/#primaryimage","inLanguage":"en-US","url":"https:\/\/latraversiere.fr\/wp-content\/uploads\/2024\/11\/OS2.jpg","contentUrl":"https:\/\/latraversiere.fr\/wp-content\/uploads\/2024\/11\/OS2.jpg","width":600,"height":600,"caption":"LUDWIG AUGUST LEBRUN JOSEPH HAYDN"},{"@type":"WebPage","@id":"https:\/\/latraversiere.fr\/boutique\/cd-dvd\/ludwig-august-lebrun-joseph-haydn\/#webpage","url":"https:\/\/latraversiere.fr\/boutique\/cd-dvd\/ludwig-august-lebrun-joseph-haydn\/","name":"[:fr]LUDWIG AUGUST LEBRUN JOSEPH HAYDN[:] - LA TRAVERSIERE The french flute association","isPartOf":{"@id":"https:\/\/latraversiere.fr\/#website"},"primaryImageOfPage":{"@id":"https:\/\/latraversiere.fr\/boutique\/cd-dvd\/ludwig-august-lebrun-joseph-haydn\/#primaryimage"},"datePublished":"2024-11-23T15:19:33+00:00","dateModified":"2024-11-23T15:19:33+00:00","breadcrumb":{"@id":"https:\/\/latraversiere.fr\/boutique\/cd-dvd\/ludwig-august-lebrun-joseph-haydn\/#breadcrumb"},"inLanguage":"en-US","potentialAction":[{"@type":"ReadAction","target":["https:\/\/latraversiere.fr\/boutique\/cd-dvd\/ludwig-august-lebrun-joseph-haydn\/"]}]},{"@type":"BreadcrumbList","@id":"https:\/\/latraversiere.fr\/boutique\/cd-dvd\/ludwig-august-lebrun-joseph-haydn\/#breadcrumb","itemListElement":[{"@type":"ListItem","position":1,"name":"Accueil","item":"https:\/\/latraversiere.fr\/"},{"@type":"ListItem","position":2,"name":"Boutique","item":"https:\/\/latraversiere.fr\/en\/boutique\/"},{"@type":"ListItem","position":3,"name":"LUDWIG AUGUST LEBRUN JOSEPH HAYDN"}]}]}},"_links":{"self":[{"href":"https:\/\/latraversiere.fr\/en\/wp-json\/wp\/v2\/product\/25819"}],"collection":[{"href":"https:\/\/latraversiere.fr\/en\/wp-json\/wp\/v2\/product"}],"about":[{"href":"https:\/\/latraversiere.fr\/en\/wp-json\/wp\/v2\/types\/product"}],"wp:featuredmedia":[{"embeddable":true,"href":"https:\/\/latraversiere.fr\/en\/wp-json\/wp\/v2\/media\/25815"}],"wp:attachment":[{"href":"https:\/\/latraversiere.fr\/en\/wp-json\/wp\/v2\/media?parent=25819"}],"curies":[{"name":"wp","href":"https:\/\/api.w.org\/{rel}","templated":true}]}}