{"id":28421,"date":"2025-05-15T18:13:14","date_gmt":"2025-05-15T16:13:14","guid":{"rendered":"https:\/\/latraversiere.fr\/?post_type=product&#038;p=28421"},"modified":"2025-09-22T19:25:43","modified_gmt":"2025-09-22T17:25:43","slug":"claude-bolling-suite-for-flute-jazz-trio","status":"publish","type":"product","link":"https:\/\/latraversiere.fr\/en\/boutique\/cd-dvd\/claude-bolling-suite-for-flute-jazz-trio\/","title":{"rendered":"CLAUDE BOLLING, SUITE FOR FLUTE &#038; JAZZ TRIO"},"content":{"rendered":"<p class=\"qtranxs-available-languages-message qtranxs-available-languages-message-en\">Sorry, this entry is only available in <a href=\"https:\/\/latraversiere.fr\/fr\/wp-json\/wp\/v2\/product\/28421\" class=\"qtranxs-available-language-link qtranxs-available-language-link-fr\" title=\"Fran\u00e7ais\">French<\/a>. For the sake of viewer convenience, the content is shown below in the alternative language. You may click the link to switch the active language.<\/p><p><strong>Jasmine Choi, fl\u00fbte \u2013 Hugh Sung, piano \u2013 Sam Minaie, contebasse \u2013 Nathaniel Smith, percussions<\/strong><br \/>\nC. Bolling, Suite for Flute and Jazz Trio<br \/>\nG. Schocker, Winter Jasmine for flute and piano<br \/>\nP. Schoenfield, Four Souvenirs for flute and piano<br \/>\nYiruma, Wait There for flute and piano.<\/p>","protected":false},"excerpt":{"rendered":"<p class=\"qtranxs-available-languages-message qtranxs-available-languages-message-en\">Sorry, this entry is only available in <a href=\"https:\/\/latraversiere.fr\/fr\/wp-json\/wp\/v2\/product\/28421\" class=\"qtranxs-available-language-link qtranxs-available-language-link-fr\" title=\"Fran\u00e7ais\">French<\/a>. For the sake of viewer convenience, the content is shown below in the alternative language. You may click the link to switch the active language.<\/p>\n<p><strong>Jasmine Choi, fl\u00fbte \u2013 Hugh Sung, piano \u2013 Sam Minaie, contebasse \u2013 Nathaniel Smith, percussions<\/strong><br \/>\nC. Bolling, Suite for Flute and Jazz Trio<br \/>\nG. Schocker, Winter Jasmine for flute and piano<br \/>\nP. Schoenfield, Four Souvenirs for flute and piano<br \/>\nYiruma, Wait There for flute and piano.<\/p>\n","protected":false},"featured_media":28422,"template":"","meta":[],"yoast_head":"<!-- This site is optimized with the Yoast SEO plugin v17.5 - https:\/\/yoast.com\/wordpress\/plugins\/seo\/ -->\n<title><\/title>\n<meta name=\"robots\" content=\"index, follow, max-snippet:-1, max-image-preview:large, max-video-preview:-1\" \/>\n<link rel=\"canonical\" href=\"https:\/\/latraversiere.fr\/boutique\/cd-dvd\/claude-bolling-suite-for-flute-jazz-trio\/\" \/>\n<meta property=\"og:locale\" content=\"en_US\" \/>\n<meta property=\"og:type\" content=\"article\" \/>\n<meta property=\"og:title\" content=\"[:fr]CLAUDE BOLLING, SUITE FOR FLUTE &amp; JAZZ TRIO[:] - LA TRAVERSIERE The french flute association\" \/>\n<meta property=\"og:description\" content=\"[:fr]Jasmine Choi, fl\u00fbte \u2013 Hugh Sung, piano \u2013 Sam Minaie, contebasse \u2013 Nathaniel Smith, percussions C. Bolling, Suite for Flute and Jazz Trio G. Schocker, Winter Jasmine for flute and piano P. Schoenfield, Four Souvenirs for flute and piano Yiruma, Wait There for flute and piano.[:]\" \/>\n<meta property=\"og:url\" content=\"https:\/\/latraversiere.fr\/boutique\/cd-dvd\/claude-bolling-suite-for-flute-jazz-trio\/\" \/>\n<meta property=\"og:site_name\" content=\"LA TRAVERSIERE The french flute association\" \/>\n<meta property=\"article:publisher\" content=\"https:\/\/www.facebook.com\/traversieres\/\" \/>\n<meta property=\"article:modified_time\" content=\"2025-09-22T17:25:43+00:00\" \/>\n<meta property=\"og:image\" content=\"https:\/\/latraversiere.fr\/wp-content\/uploads\/2025\/05\/CLAUDE-BOLLING-SUITE-FOR-FLUTE-JAZZ-TRIO-Jasmine-Choi.jpg\" \/>\n\t<meta property=\"og:image:width\" content=\"500\" \/>\n\t<meta property=\"og:image:height\" content=\"500\" \/>\n<meta name=\"twitter:card\" content=\"summary\" \/>\n<meta name=\"twitter:site\" content=\"@La_Traversiere\" \/>\n<script type=\"application\/ld+json\" class=\"yoast-schema-graph\">{\"@context\":\"https:\/\/schema.org\",\"@graph\":[{\"@type\":\"Organization\",\"@id\":\"https:\/\/latraversiere.fr\/#organization\",\"name\":\"La Traversi\\u00e8re - Association Fran\\u00e7aise de la Fl\\u00fbte\",\"url\":\"https:\/\/latraversiere.fr\/\",\"sameAs\":[\"https:\/\/www.facebook.com\/traversieres\/\",\"https:\/\/www.instagram.com\/la_traversiere\/\",\"https:\/\/www.youtube.com\/channel\/UC46MEQZI2BfRZNFUFqc59Sw\",\"https:\/\/twitter.com\/La_Traversiere\"],\"logo\":{\"@type\":\"ImageObject\",\"@id\":\"https:\/\/latraversiere.fr\/#logo\",\"inLanguage\":\"en-US\",\"url\":\"https:\/\/latraversiere.fr\/wp-content\/uploads\/2018\/01\/LOGO-Traversiere-SITE-1.png\",\"contentUrl\":\"https:\/\/latraversiere.fr\/wp-content\/uploads\/2018\/01\/LOGO-Traversiere-SITE-1.png\",\"width\":539,\"height\":200,\"caption\":\"La Traversi\\u00e8re - Association Fran\\u00e7aise de la Fl\\u00fbte\"},\"image\":{\"@id\":\"https:\/\/latraversiere.fr\/#logo\"}},{\"@type\":\"WebSite\",\"@id\":\"https:\/\/latraversiere.fr\/#website\",\"url\":\"https:\/\/latraversiere.fr\/\",\"name\":\"LA TRAVERSIERE The french flute association\",\"description\":\"\",\"publisher\":{\"@id\":\"https:\/\/latraversiere.fr\/#organization\"},\"potentialAction\":[{\"@type\":\"SearchAction\",\"target\":{\"@type\":\"EntryPoint\",\"urlTemplate\":\"https:\/\/latraversiere.fr\/?s={search_term_string}\"},\"query-input\":\"required name=search_term_string\"}],\"inLanguage\":\"en-US\"},{\"@type\":\"ImageObject\",\"@id\":\"https:\/\/latraversiere.fr\/boutique\/cd-dvd\/claude-bolling-suite-for-flute-jazz-trio\/#primaryimage\",\"inLanguage\":\"en-US\",\"url\":\"https:\/\/latraversiere.fr\/wp-content\/uploads\/2025\/05\/CLAUDE-BOLLING-SUITE-FOR-FLUTE-JAZZ-TRIO-Jasmine-Choi.jpg\",\"contentUrl\":\"https:\/\/latraversiere.fr\/wp-content\/uploads\/2025\/05\/CLAUDE-BOLLING-SUITE-FOR-FLUTE-JAZZ-TRIO-Jasmine-Choi.jpg\",\"width\":500,\"height\":500},{\"@type\":\"WebPage\",\"@id\":\"https:\/\/latraversiere.fr\/boutique\/cd-dvd\/claude-bolling-suite-for-flute-jazz-trio\/#webpage\",\"url\":\"https:\/\/latraversiere.fr\/boutique\/cd-dvd\/claude-bolling-suite-for-flute-jazz-trio\/\",\"name\":\"[:fr]CLAUDE BOLLING, SUITE FOR FLUTE & JAZZ TRIO[:] - LA TRAVERSIERE The french flute association\",\"isPartOf\":{\"@id\":\"https:\/\/latraversiere.fr\/#website\"},\"primaryImageOfPage\":{\"@id\":\"https:\/\/latraversiere.fr\/boutique\/cd-dvd\/claude-bolling-suite-for-flute-jazz-trio\/#primaryimage\"},\"datePublished\":\"2025-05-15T16:13:14+00:00\",\"dateModified\":\"2025-09-22T17:25:43+00:00\",\"breadcrumb\":{\"@id\":\"https:\/\/latraversiere.fr\/boutique\/cd-dvd\/claude-bolling-suite-for-flute-jazz-trio\/#breadcrumb\"},\"inLanguage\":\"en-US\",\"potentialAction\":[{\"@type\":\"ReadAction\",\"target\":[\"https:\/\/latraversiere.fr\/boutique\/cd-dvd\/claude-bolling-suite-for-flute-jazz-trio\/\"]}]},{\"@type\":\"BreadcrumbList\",\"@id\":\"https:\/\/latraversiere.fr\/boutique\/cd-dvd\/claude-bolling-suite-for-flute-jazz-trio\/#breadcrumb\",\"itemListElement\":[{\"@type\":\"ListItem\",\"position\":1,\"name\":\"Accueil\",\"item\":\"https:\/\/latraversiere.fr\/\"},{\"@type\":\"ListItem\",\"position\":2,\"name\":\"Boutique\",\"item\":\"https:\/\/latraversiere.fr\/en\/boutique\/\"},{\"@type\":\"ListItem\",\"position\":3,\"name\":\"[:fr]CLAUDE BOLLING, SUITE FOR FLUTE &#038; JAZZ TRIO[:]\"}]}]}<\/script>\n<!-- \/ Yoast SEO plugin. -->","yoast_head_json":{"title":"[:fr]CLAUDE BOLLING, SUITE FOR FLUTE & JAZZ TRIO[:] - LA TRAVERSIERE The french flute association","robots":{"index":"index","follow":"follow","max-snippet":"max-snippet:-1","max-image-preview":"max-image-preview:large","max-video-preview":"max-video-preview:-1"},"canonical":"https:\/\/latraversiere.fr\/boutique\/cd-dvd\/claude-bolling-suite-for-flute-jazz-trio\/","og_locale":"en_US","og_type":"article","og_title":"[:fr]CLAUDE BOLLING, SUITE FOR FLUTE & JAZZ TRIO[:] - LA TRAVERSIERE The french flute association","og_description":"[:fr]Jasmine Choi, fl\u00fbte \u2013 Hugh Sung, piano \u2013 Sam Minaie, contebasse \u2013 Nathaniel Smith, percussions C. Bolling, Suite for Flute and Jazz Trio G. Schocker, Winter Jasmine for flute and piano P. Schoenfield, Four Souvenirs for flute and piano Yiruma, Wait There for flute and piano.[:]","og_url":"https:\/\/latraversiere.fr\/boutique\/cd-dvd\/claude-bolling-suite-for-flute-jazz-trio\/","og_site_name":"LA TRAVERSIERE The french flute association","article_publisher":"https:\/\/www.facebook.com\/traversieres\/","article_modified_time":"2025-09-22T17:25:43+00:00","og_image":[{"width":500,"height":500,"url":"https:\/\/latraversiere.fr\/wp-content\/uploads\/2025\/05\/CLAUDE-BOLLING-SUITE-FOR-FLUTE-JAZZ-TRIO-Jasmine-Choi.jpg","type":"image\/jpeg"}],"twitter_card":"summary","twitter_site":"@La_Traversiere","schema":{"@context":"https:\/\/schema.org","@graph":[{"@type":"Organization","@id":"https:\/\/latraversiere.fr\/#organization","name":"La Traversi\u00e8re - Association Fran\u00e7aise de la Fl\u00fbte","url":"https:\/\/latraversiere.fr\/","sameAs":["https:\/\/www.facebook.com\/traversieres\/","https:\/\/www.instagram.com\/la_traversiere\/","https:\/\/www.youtube.com\/channel\/UC46MEQZI2BfRZNFUFqc59Sw","https:\/\/twitter.com\/La_Traversiere"],"logo":{"@type":"ImageObject","@id":"https:\/\/latraversiere.fr\/#logo","inLanguage":"en-US","url":"https:\/\/latraversiere.fr\/wp-content\/uploads\/2018\/01\/LOGO-Traversiere-SITE-1.png","contentUrl":"https:\/\/latraversiere.fr\/wp-content\/uploads\/2018\/01\/LOGO-Traversiere-SITE-1.png","width":539,"height":200,"caption":"La Traversi\u00e8re - Association Fran\u00e7aise de la Fl\u00fbte"},"image":{"@id":"https:\/\/latraversiere.fr\/#logo"}},{"@type":"WebSite","@id":"https:\/\/latraversiere.fr\/#website","url":"https:\/\/latraversiere.fr\/","name":"LA TRAVERSIERE The french flute association","description":"","publisher":{"@id":"https:\/\/latraversiere.fr\/#organization"},"potentialAction":[{"@type":"SearchAction","target":{"@type":"EntryPoint","urlTemplate":"https:\/\/latraversiere.fr\/?s={search_term_string}"},"query-input":"required name=search_term_string"}],"inLanguage":"en-US"},{"@type":"ImageObject","@id":"https:\/\/latraversiere.fr\/boutique\/cd-dvd\/claude-bolling-suite-for-flute-jazz-trio\/#primaryimage","inLanguage":"en-US","url":"https:\/\/latraversiere.fr\/wp-content\/uploads\/2025\/05\/CLAUDE-BOLLING-SUITE-FOR-FLUTE-JAZZ-TRIO-Jasmine-Choi.jpg","contentUrl":"https:\/\/latraversiere.fr\/wp-content\/uploads\/2025\/05\/CLAUDE-BOLLING-SUITE-FOR-FLUTE-JAZZ-TRIO-Jasmine-Choi.jpg","width":500,"height":500},{"@type":"WebPage","@id":"https:\/\/latraversiere.fr\/boutique\/cd-dvd\/claude-bolling-suite-for-flute-jazz-trio\/#webpage","url":"https:\/\/latraversiere.fr\/boutique\/cd-dvd\/claude-bolling-suite-for-flute-jazz-trio\/","name":"[:fr]CLAUDE BOLLING, SUITE FOR FLUTE & JAZZ TRIO[:] - LA TRAVERSIERE The french flute association","isPartOf":{"@id":"https:\/\/latraversiere.fr\/#website"},"primaryImageOfPage":{"@id":"https:\/\/latraversiere.fr\/boutique\/cd-dvd\/claude-bolling-suite-for-flute-jazz-trio\/#primaryimage"},"datePublished":"2025-05-15T16:13:14+00:00","dateModified":"2025-09-22T17:25:43+00:00","breadcrumb":{"@id":"https:\/\/latraversiere.fr\/boutique\/cd-dvd\/claude-bolling-suite-for-flute-jazz-trio\/#breadcrumb"},"inLanguage":"en-US","potentialAction":[{"@type":"ReadAction","target":["https:\/\/latraversiere.fr\/boutique\/cd-dvd\/claude-bolling-suite-for-flute-jazz-trio\/"]}]},{"@type":"BreadcrumbList","@id":"https:\/\/latraversiere.fr\/boutique\/cd-dvd\/claude-bolling-suite-for-flute-jazz-trio\/#breadcrumb","itemListElement":[{"@type":"ListItem","position":1,"name":"Accueil","item":"https:\/\/latraversiere.fr\/"},{"@type":"ListItem","position":2,"name":"Boutique","item":"https:\/\/latraversiere.fr\/en\/boutique\/"},{"@type":"ListItem","position":3,"name":"[:fr]CLAUDE BOLLING, SUITE FOR FLUTE &#038; JAZZ TRIO[:]"}]}]}},"_links":{"self":[{"href":"https:\/\/latraversiere.fr\/en\/wp-json\/wp\/v2\/product\/28421"}],"collection":[{"href":"https:\/\/latraversiere.fr\/en\/wp-json\/wp\/v2\/product"}],"about":[{"href":"https:\/\/latraversiere.fr\/en\/wp-json\/wp\/v2\/types\/product"}],"wp:featuredmedia":[{"embeddable":true,"href":"https:\/\/latraversiere.fr\/en\/wp-json\/wp\/v2\/media\/28422"}],"wp:attachment":[{"href":"https:\/\/latraversiere.fr\/en\/wp-json\/wp\/v2\/media?parent=28421"}],"curies":[{"name":"wp","href":"https:\/\/api.w.org\/{rel}","templated":true}]}}