{"id":29257,"date":"2025-08-04T21:24:10","date_gmt":"2025-08-04T19:24:10","guid":{"rendered":"https:\/\/latraversiere.fr\/?post_type=product&#038;p=29257"},"modified":"2026-03-30T19:21:22","modified_gmt":"2026-03-30T17:21:22","slug":"traversieres-magazine-n154","status":"publish","type":"product","link":"https:\/\/latraversiere.fr\/en\/boutique\/traversieres-magazine\/traversieres-magazine-n154\/","title":{"rendered":"Traversi\u00e8res Magazine N\u00b0154"},"content":{"rendered":"<p class=\"qtranxs-available-languages-message qtranxs-available-languages-message-en\">Sorry, this entry is only available in <a href=\"https:\/\/latraversiere.fr\/fr\/wp-json\/wp\/v2\/product\/29257\" class=\"qtranxs-available-language-link qtranxs-available-language-link-fr\" title=\"Fran\u00e7ais\">French<\/a>. For the sake of viewer convenience, the content is shown below in the alternative language. You may click the link to switch the active language.<\/p><p>Ce num\u00e9ro rend hommage \u00e0 Raymond Guiot et propose un portrait de Ian Anderson, leader embl\u00e9matique du groupe Jethro Tull. Le dossier explore les tr\u00e9sors retrouv\u00e9s de Marin Marais avec l\u2019expertise de Fran\u00e7ois Lazarevitch. Le magazine d\u00e9voile \u00e9galement le programme de la VIIe Convention Internationale de la Fl\u00fbte de Puteaux, compl\u00e9t\u00e9 par le kiosque habituel.<\/p>","protected":false},"excerpt":{"rendered":"<p class=\"qtranxs-available-languages-message qtranxs-available-languages-message-en\">Sorry, this entry is only available in <a href=\"https:\/\/latraversiere.fr\/fr\/wp-json\/wp\/v2\/product\/29257\" class=\"qtranxs-available-language-link qtranxs-available-language-link-fr\" title=\"Fran\u00e7ais\">French<\/a>. For the sake of viewer convenience, the content is shown below in the alternative language. You may click the link to switch the active language.<\/p>\n<p>Ce num\u00e9ro rend hommage \u00e0 Raymond Guiot et propose un portrait de Ian Anderson, leader embl\u00e9matique du groupe Jethro Tull. Le dossier explore les tr\u00e9sors retrouv\u00e9s de Marin Marais avec l\u2019expertise de Fran\u00e7ois Lazarevitch. Le magazine d\u00e9voile \u00e9galement le programme de la VIIe Convention Internationale de la Fl\u00fbte de Puteaux, compl\u00e9t\u00e9 par le kiosque habituel.<\/p>\n","protected":false},"featured_media":29258,"template":"","meta":[],"yoast_head":"<!-- This site is optimized with the Yoast SEO plugin v17.5 - https:\/\/yoast.com\/wordpress\/plugins\/seo\/ -->\n<title>Traversi\u00e8res Magazine N\u00b0154 - LA TRAVERSIERE The french flute association<\/title>\n<meta name=\"description\" content=\"Ce num\u00e9ro rend hommage \u00e0 Raymond Guiot et propose un portrait de Ian Anderson, leader embl\u00e9matique du groupe Jethro Tull. Le dossier explore les tr\u00e9sors retrouv\u00e9s de Marin Marais avec l\u2019expertise de Fran\u00e7ois Lazarevitch. Le magazine d\u00e9voile \u00e9galement le programme de la VIIe Convention Internationale de la Fl\u00fbte de Puteaux, compl\u00e9t\u00e9 par le kiosque habituel.\" \/>\n<meta name=\"robots\" content=\"index, follow, max-snippet:-1, max-image-preview:large, max-video-preview:-1\" \/>\n<link rel=\"canonical\" href=\"https:\/\/latraversiere.fr\/boutique\/traversieres-magazine\/traversieres-magazine-n154\/\" \/>\n<meta property=\"og:locale\" content=\"en_US\" \/>\n<meta property=\"og:type\" content=\"article\" \/>\n<meta property=\"og:title\" content=\"Traversi\u00e8res Magazine N\u00b0154 - LA TRAVERSIERE The french flute association\" \/>\n<meta property=\"og:description\" content=\"Ce num\u00e9ro rend hommage \u00e0 Raymond Guiot et propose un portrait de Ian Anderson, leader embl\u00e9matique du groupe Jethro Tull. Le dossier explore les tr\u00e9sors retrouv\u00e9s de Marin Marais avec l\u2019expertise de Fran\u00e7ois Lazarevitch. Le magazine d\u00e9voile \u00e9galement le programme de la VIIe Convention Internationale de la Fl\u00fbte de Puteaux, compl\u00e9t\u00e9 par le kiosque habituel.\" \/>\n<meta property=\"og:url\" content=\"https:\/\/latraversiere.fr\/boutique\/traversieres-magazine\/traversieres-magazine-n154\/\" \/>\n<meta property=\"og:site_name\" content=\"LA TRAVERSIERE The french flute association\" \/>\n<meta property=\"article:publisher\" content=\"https:\/\/www.facebook.com\/traversieres\/\" \/>\n<meta property=\"article:modified_time\" content=\"2026-03-30T17:21:22+00:00\" \/>\n<meta property=\"og:image\" content=\"https:\/\/latraversiere.fr\/wp-content\/uploads\/2025\/08\/TM154_Cover-scaled.jpg\" \/>\n\t<meta property=\"og:image:width\" content=\"1810\" \/>\n\t<meta property=\"og:image:height\" content=\"2560\" \/>\n<meta name=\"twitter:card\" content=\"summary\" \/>\n<meta name=\"twitter:site\" content=\"@La_Traversiere\" \/>\n<script type=\"application\/ld+json\" class=\"yoast-schema-graph\">{\"@context\":\"https:\/\/schema.org\",\"@graph\":[{\"@type\":\"Organization\",\"@id\":\"https:\/\/latraversiere.fr\/#organization\",\"name\":\"La Traversi\\u00e8re - Association Fran\\u00e7aise de la Fl\\u00fbte\",\"url\":\"https:\/\/latraversiere.fr\/\",\"sameAs\":[\"https:\/\/www.facebook.com\/traversieres\/\",\"https:\/\/www.instagram.com\/la_traversiere\/\",\"https:\/\/www.youtube.com\/channel\/UC46MEQZI2BfRZNFUFqc59Sw\",\"https:\/\/twitter.com\/La_Traversiere\"],\"logo\":{\"@type\":\"ImageObject\",\"@id\":\"https:\/\/latraversiere.fr\/#logo\",\"inLanguage\":\"en-US\",\"url\":\"https:\/\/latraversiere.fr\/wp-content\/uploads\/2018\/01\/LOGO-Traversiere-SITE-1.png\",\"contentUrl\":\"https:\/\/latraversiere.fr\/wp-content\/uploads\/2018\/01\/LOGO-Traversiere-SITE-1.png\",\"width\":539,\"height\":200,\"caption\":\"La Traversi\\u00e8re - Association Fran\\u00e7aise de la Fl\\u00fbte\"},\"image\":{\"@id\":\"https:\/\/latraversiere.fr\/#logo\"}},{\"@type\":\"WebSite\",\"@id\":\"https:\/\/latraversiere.fr\/#website\",\"url\":\"https:\/\/latraversiere.fr\/\",\"name\":\"LA TRAVERSIERE The french flute association\",\"description\":\"\",\"publisher\":{\"@id\":\"https:\/\/latraversiere.fr\/#organization\"},\"potentialAction\":[{\"@type\":\"SearchAction\",\"target\":{\"@type\":\"EntryPoint\",\"urlTemplate\":\"https:\/\/latraversiere.fr\/?s={search_term_string}\"},\"query-input\":\"required name=search_term_string\"}],\"inLanguage\":\"en-US\"},{\"@type\":\"ImageObject\",\"@id\":\"https:\/\/latraversiere.fr\/boutique\/traversieres-magazine\/traversieres-magazine-n154\/#primaryimage\",\"inLanguage\":\"en-US\",\"url\":\"https:\/\/latraversiere.fr\/wp-content\/uploads\/2025\/08\/TM154_Cover-scaled.jpg\",\"contentUrl\":\"https:\/\/latraversiere.fr\/wp-content\/uploads\/2025\/08\/TM154_Cover-scaled.jpg\",\"width\":1810,\"height\":2560,\"caption\":\"Traversi\\u00e8res Magazine N\\u00b0154\"},{\"@type\":\"WebPage\",\"@id\":\"https:\/\/latraversiere.fr\/boutique\/traversieres-magazine\/traversieres-magazine-n154\/#webpage\",\"url\":\"https:\/\/latraversiere.fr\/boutique\/traversieres-magazine\/traversieres-magazine-n154\/\",\"name\":\"Traversi\\u00e8res Magazine N\\u00b0154 - LA TRAVERSIERE The french flute association\",\"isPartOf\":{\"@id\":\"https:\/\/latraversiere.fr\/#website\"},\"primaryImageOfPage\":{\"@id\":\"https:\/\/latraversiere.fr\/boutique\/traversieres-magazine\/traversieres-magazine-n154\/#primaryimage\"},\"datePublished\":\"2025-08-04T19:24:10+00:00\",\"dateModified\":\"2026-03-30T17:21:22+00:00\",\"description\":\"Ce num\\u00e9ro rend hommage \\u00e0 Raymond Guiot et propose un portrait de Ian Anderson, leader embl\\u00e9matique du groupe Jethro Tull. Le dossier explore les tr\\u00e9sors retrouv\\u00e9s de Marin Marais avec l\\u2019expertise de Fran\\u00e7ois Lazarevitch. Le magazine d\\u00e9voile \\u00e9galement le programme de la VIIe Convention Internationale de la Fl\\u00fbte de Puteaux, compl\\u00e9t\\u00e9 par le kiosque habituel.\",\"breadcrumb\":{\"@id\":\"https:\/\/latraversiere.fr\/boutique\/traversieres-magazine\/traversieres-magazine-n154\/#breadcrumb\"},\"inLanguage\":\"en-US\",\"potentialAction\":[{\"@type\":\"ReadAction\",\"target\":[\"https:\/\/latraversiere.fr\/boutique\/traversieres-magazine\/traversieres-magazine-n154\/\"]}]},{\"@type\":\"BreadcrumbList\",\"@id\":\"https:\/\/latraversiere.fr\/boutique\/traversieres-magazine\/traversieres-magazine-n154\/#breadcrumb\",\"itemListElement\":[{\"@type\":\"ListItem\",\"position\":1,\"name\":\"Accueil\",\"item\":\"https:\/\/latraversiere.fr\/\"},{\"@type\":\"ListItem\",\"position\":2,\"name\":\"Boutique\",\"item\":\"https:\/\/latraversiere.fr\/en\/boutique\/\"},{\"@type\":\"ListItem\",\"position\":3,\"name\":\"Traversi\\u00e8res Magazine N\\u00b0154\"}]}]}<\/script>\n<!-- \/ Yoast SEO plugin. -->","yoast_head_json":{"title":"Traversi\u00e8res Magazine N\u00b0154 - LA TRAVERSIERE The french flute association","description":"Ce num\u00e9ro rend hommage \u00e0 Raymond Guiot et propose un portrait de Ian Anderson, leader embl\u00e9matique du groupe Jethro Tull. Le dossier explore les tr\u00e9sors retrouv\u00e9s de Marin Marais avec l\u2019expertise de Fran\u00e7ois Lazarevitch. Le magazine d\u00e9voile \u00e9galement le programme de la VIIe Convention Internationale de la Fl\u00fbte de Puteaux, compl\u00e9t\u00e9 par le kiosque habituel.","robots":{"index":"index","follow":"follow","max-snippet":"max-snippet:-1","max-image-preview":"max-image-preview:large","max-video-preview":"max-video-preview:-1"},"canonical":"https:\/\/latraversiere.fr\/boutique\/traversieres-magazine\/traversieres-magazine-n154\/","og_locale":"en_US","og_type":"article","og_title":"Traversi\u00e8res Magazine N\u00b0154 - LA TRAVERSIERE The french flute association","og_description":"Ce num\u00e9ro rend hommage \u00e0 Raymond Guiot et propose un portrait de Ian Anderson, leader embl\u00e9matique du groupe Jethro Tull. Le dossier explore les tr\u00e9sors retrouv\u00e9s de Marin Marais avec l\u2019expertise de Fran\u00e7ois Lazarevitch. Le magazine d\u00e9voile \u00e9galement le programme de la VIIe Convention Internationale de la Fl\u00fbte de Puteaux, compl\u00e9t\u00e9 par le kiosque habituel.","og_url":"https:\/\/latraversiere.fr\/boutique\/traversieres-magazine\/traversieres-magazine-n154\/","og_site_name":"LA TRAVERSIERE The french flute association","article_publisher":"https:\/\/www.facebook.com\/traversieres\/","article_modified_time":"2026-03-30T17:21:22+00:00","og_image":[{"width":1810,"height":2560,"url":"https:\/\/latraversiere.fr\/wp-content\/uploads\/2025\/08\/TM154_Cover-scaled.jpg","type":"image\/jpeg"}],"twitter_card":"summary","twitter_site":"@La_Traversiere","schema":{"@context":"https:\/\/schema.org","@graph":[{"@type":"Organization","@id":"https:\/\/latraversiere.fr\/#organization","name":"La Traversi\u00e8re - Association Fran\u00e7aise de la Fl\u00fbte","url":"https:\/\/latraversiere.fr\/","sameAs":["https:\/\/www.facebook.com\/traversieres\/","https:\/\/www.instagram.com\/la_traversiere\/","https:\/\/www.youtube.com\/channel\/UC46MEQZI2BfRZNFUFqc59Sw","https:\/\/twitter.com\/La_Traversiere"],"logo":{"@type":"ImageObject","@id":"https:\/\/latraversiere.fr\/#logo","inLanguage":"en-US","url":"https:\/\/latraversiere.fr\/wp-content\/uploads\/2018\/01\/LOGO-Traversiere-SITE-1.png","contentUrl":"https:\/\/latraversiere.fr\/wp-content\/uploads\/2018\/01\/LOGO-Traversiere-SITE-1.png","width":539,"height":200,"caption":"La Traversi\u00e8re - Association Fran\u00e7aise de la Fl\u00fbte"},"image":{"@id":"https:\/\/latraversiere.fr\/#logo"}},{"@type":"WebSite","@id":"https:\/\/latraversiere.fr\/#website","url":"https:\/\/latraversiere.fr\/","name":"LA TRAVERSIERE The french flute association","description":"","publisher":{"@id":"https:\/\/latraversiere.fr\/#organization"},"potentialAction":[{"@type":"SearchAction","target":{"@type":"EntryPoint","urlTemplate":"https:\/\/latraversiere.fr\/?s={search_term_string}"},"query-input":"required name=search_term_string"}],"inLanguage":"en-US"},{"@type":"ImageObject","@id":"https:\/\/latraversiere.fr\/boutique\/traversieres-magazine\/traversieres-magazine-n154\/#primaryimage","inLanguage":"en-US","url":"https:\/\/latraversiere.fr\/wp-content\/uploads\/2025\/08\/TM154_Cover-scaled.jpg","contentUrl":"https:\/\/latraversiere.fr\/wp-content\/uploads\/2025\/08\/TM154_Cover-scaled.jpg","width":1810,"height":2560,"caption":"Traversi\u00e8res Magazine N\u00b0154"},{"@type":"WebPage","@id":"https:\/\/latraversiere.fr\/boutique\/traversieres-magazine\/traversieres-magazine-n154\/#webpage","url":"https:\/\/latraversiere.fr\/boutique\/traversieres-magazine\/traversieres-magazine-n154\/","name":"Traversi\u00e8res Magazine N\u00b0154 - LA TRAVERSIERE The french flute association","isPartOf":{"@id":"https:\/\/latraversiere.fr\/#website"},"primaryImageOfPage":{"@id":"https:\/\/latraversiere.fr\/boutique\/traversieres-magazine\/traversieres-magazine-n154\/#primaryimage"},"datePublished":"2025-08-04T19:24:10+00:00","dateModified":"2026-03-30T17:21:22+00:00","description":"Ce num\u00e9ro rend hommage \u00e0 Raymond Guiot et propose un portrait de Ian Anderson, leader embl\u00e9matique du groupe Jethro Tull. Le dossier explore les tr\u00e9sors retrouv\u00e9s de Marin Marais avec l\u2019expertise de Fran\u00e7ois Lazarevitch. Le magazine d\u00e9voile \u00e9galement le programme de la VIIe Convention Internationale de la Fl\u00fbte de Puteaux, compl\u00e9t\u00e9 par le kiosque habituel.","breadcrumb":{"@id":"https:\/\/latraversiere.fr\/boutique\/traversieres-magazine\/traversieres-magazine-n154\/#breadcrumb"},"inLanguage":"en-US","potentialAction":[{"@type":"ReadAction","target":["https:\/\/latraversiere.fr\/boutique\/traversieres-magazine\/traversieres-magazine-n154\/"]}]},{"@type":"BreadcrumbList","@id":"https:\/\/latraversiere.fr\/boutique\/traversieres-magazine\/traversieres-magazine-n154\/#breadcrumb","itemListElement":[{"@type":"ListItem","position":1,"name":"Accueil","item":"https:\/\/latraversiere.fr\/"},{"@type":"ListItem","position":2,"name":"Boutique","item":"https:\/\/latraversiere.fr\/en\/boutique\/"},{"@type":"ListItem","position":3,"name":"Traversi\u00e8res Magazine N\u00b0154"}]}]}},"_links":{"self":[{"href":"https:\/\/latraversiere.fr\/en\/wp-json\/wp\/v2\/product\/29257"}],"collection":[{"href":"https:\/\/latraversiere.fr\/en\/wp-json\/wp\/v2\/product"}],"about":[{"href":"https:\/\/latraversiere.fr\/en\/wp-json\/wp\/v2\/types\/product"}],"wp:featuredmedia":[{"embeddable":true,"href":"https:\/\/latraversiere.fr\/en\/wp-json\/wp\/v2\/media\/29258"}],"wp:attachment":[{"href":"https:\/\/latraversiere.fr\/en\/wp-json\/wp\/v2\/media?parent=29257"}],"curies":[{"name":"wp","href":"https:\/\/api.w.org\/{rel}","templated":true}]}}