{"id":29259,"date":"2025-08-04T21:39:35","date_gmt":"2025-08-04T19:39:35","guid":{"rendered":"https:\/\/latraversiere.fr\/?post_type=product&#038;p=29259"},"modified":"2025-08-04T21:39:35","modified_gmt":"2025-08-04T19:39:35","slug":"voix-humaines","status":"publish","type":"product","link":"https:\/\/latraversiere.fr\/en\/boutique\/cd-dvd\/voix-humaines\/","title":{"rendered":"VOIX HUMAINES"},"content":{"rendered":"<p class=\"qtranxs-available-languages-message qtranxs-available-languages-message-en\">Sorry, this entry is only available in <a href=\"https:\/\/latraversiere.fr\/fr\/wp-json\/wp\/v2\/product\/29259\" class=\"qtranxs-available-language-link qtranxs-available-language-link-fr\" title=\"Fran\u00e7ais\">French<\/a>. For the sake of viewer convenience, the content is shown below in the alternative language. You may click the link to switch the active language.<\/p><p><strong>Marin Marais, Pi\u00e8ces in\u00e9dites pour fl\u00fbte<\/strong><br \/>\nLes Musiciens de Saint-Julien : Fran\u00e7ois Lazarevitch (fl\u00fbte traversi\u00e8re, musette), Lucile Boulanger (viole de gambe), \u00c9ric Bellocq (archiluth, guitare)<br \/>\nRetrouvez l\u2019entretien avec Fran\u00e7ois Lazarevitch et la pr\u00e9sentation du disque dans le dossier \u00ab Marin Marais et la fl\u00fbte : Tr\u00e9sors retrouv\u00e9s \u00bb du <a href=\"https:\/\/latraversiere.fr\/boutique\/traversieres-magazine\/traversieres-magazine-n154\/\">Traversi\u00e8res Magazine N\u00b0154<\/a>.<\/p>","protected":false},"excerpt":{"rendered":"<p class=\"qtranxs-available-languages-message qtranxs-available-languages-message-en\">Sorry, this entry is only available in <a href=\"https:\/\/latraversiere.fr\/fr\/wp-json\/wp\/v2\/product\/29259\" class=\"qtranxs-available-language-link qtranxs-available-language-link-fr\" title=\"Fran\u00e7ais\">French<\/a>. For the sake of viewer convenience, the content is shown below in the alternative language. You may click the link to switch the active language.<\/p>\n<p><strong>Marin Marais, Pi\u00e8ces in\u00e9dites pour fl\u00fbte<\/strong><br \/>\nLes Musiciens de Saint-Julien : Fran\u00e7ois Lazarevitch (fl\u00fbte traversi\u00e8re, musette), Lucile Boulanger (viole de gambe), \u00c9ric Bellocq (archiluth, guitare)<br \/>\nRetrouvez l\u2019entretien avec Fran\u00e7ois Lazarevitch et la pr\u00e9sentation du disque dans le dossier \u00ab Marin Marais et la fl\u00fbte : Tr\u00e9sors retrouv\u00e9s \u00bb du <a href=\"https:\/\/latraversiere.fr\/boutique\/traversieres-magazine\/traversieres-magazine-n154\/\">Traversi\u00e8res Magazine N\u00b0154<\/a>.<\/p>\n","protected":false},"featured_media":29260,"template":"","meta":[],"yoast_head":"<!-- This site is optimized with the Yoast SEO plugin v17.5 - https:\/\/yoast.com\/wordpress\/plugins\/seo\/ -->\n<title><\/title>\n<meta name=\"robots\" content=\"index, follow, max-snippet:-1, max-image-preview:large, max-video-preview:-1\" \/>\n<link rel=\"canonical\" href=\"https:\/\/latraversiere.fr\/boutique\/cd-dvd\/voix-humaines\/\" \/>\n<meta property=\"og:locale\" content=\"en_US\" \/>\n<meta property=\"og:type\" content=\"article\" \/>\n<meta property=\"og:title\" content=\"[:fr]VOIX HUMAINES[:] - LA TRAVERSIERE The french flute association\" \/>\n<meta property=\"og:description\" content=\"[:fr]Marin Marais, Pi\u00e8ces in\u00e9dites pour fl\u00fbte Les Musiciens de Saint-Julien : Fran\u00e7ois Lazarevitch (fl\u00fbte traversi\u00e8re, musette), Lucile Boulanger (viole de gambe), \u00c9ric Bellocq (archiluth, guitare) Retrouvez l\u2019entretien avec Fran\u00e7ois Lazarevitch et la pr\u00e9sentation du disque dans le dossier \u00ab Marin Marais et la fl\u00fbte : Tr\u00e9sors retrouv\u00e9s \u00bb du Traversi\u00e8res Magazine N\u00b0154.[:]\" \/>\n<meta property=\"og:url\" content=\"https:\/\/latraversiere.fr\/boutique\/cd-dvd\/voix-humaines\/\" \/>\n<meta property=\"og:site_name\" content=\"LA TRAVERSIERE The french flute association\" \/>\n<meta property=\"article:publisher\" content=\"https:\/\/www.facebook.com\/traversieres\/\" \/>\n<meta property=\"og:image\" content=\"https:\/\/latraversiere.fr\/wp-content\/uploads\/2025\/08\/capture-decran-2024-12-04-a-17-02-32.png\" \/>\n\t<meta property=\"og:image:width\" content=\"1028\" \/>\n\t<meta property=\"og:image:height\" content=\"917\" \/>\n<meta name=\"twitter:card\" content=\"summary\" \/>\n<meta name=\"twitter:site\" content=\"@La_Traversiere\" \/>\n<script type=\"application\/ld+json\" class=\"yoast-schema-graph\">{\"@context\":\"https:\/\/schema.org\",\"@graph\":[{\"@type\":\"Organization\",\"@id\":\"https:\/\/latraversiere.fr\/#organization\",\"name\":\"La Traversi\\u00e8re - Association Fran\\u00e7aise de la Fl\\u00fbte\",\"url\":\"https:\/\/latraversiere.fr\/\",\"sameAs\":[\"https:\/\/www.facebook.com\/traversieres\/\",\"https:\/\/www.instagram.com\/la_traversiere\/\",\"https:\/\/www.youtube.com\/channel\/UC46MEQZI2BfRZNFUFqc59Sw\",\"https:\/\/twitter.com\/La_Traversiere\"],\"logo\":{\"@type\":\"ImageObject\",\"@id\":\"https:\/\/latraversiere.fr\/#logo\",\"inLanguage\":\"en-US\",\"url\":\"https:\/\/latraversiere.fr\/wp-content\/uploads\/2018\/01\/LOGO-Traversiere-SITE-1.png\",\"contentUrl\":\"https:\/\/latraversiere.fr\/wp-content\/uploads\/2018\/01\/LOGO-Traversiere-SITE-1.png\",\"width\":539,\"height\":200,\"caption\":\"La Traversi\\u00e8re - Association Fran\\u00e7aise de la Fl\\u00fbte\"},\"image\":{\"@id\":\"https:\/\/latraversiere.fr\/#logo\"}},{\"@type\":\"WebSite\",\"@id\":\"https:\/\/latraversiere.fr\/#website\",\"url\":\"https:\/\/latraversiere.fr\/\",\"name\":\"LA TRAVERSIERE The french flute association\",\"description\":\"\",\"publisher\":{\"@id\":\"https:\/\/latraversiere.fr\/#organization\"},\"potentialAction\":[{\"@type\":\"SearchAction\",\"target\":{\"@type\":\"EntryPoint\",\"urlTemplate\":\"https:\/\/latraversiere.fr\/?s={search_term_string}\"},\"query-input\":\"required name=search_term_string\"}],\"inLanguage\":\"en-US\"},{\"@type\":\"ImageObject\",\"@id\":\"https:\/\/latraversiere.fr\/boutique\/cd-dvd\/voix-humaines\/#primaryimage\",\"inLanguage\":\"en-US\",\"url\":\"https:\/\/latraversiere.fr\/wp-content\/uploads\/2025\/08\/capture-decran-2024-12-04-a-17-02-32.png\",\"contentUrl\":\"https:\/\/latraversiere.fr\/wp-content\/uploads\/2025\/08\/capture-decran-2024-12-04-a-17-02-32.png\",\"width\":1028,\"height\":917,\"caption\":\"Voix humaines \\u2014 Les Musiciens de Saint-Julien - Disque\"},{\"@type\":\"WebPage\",\"@id\":\"https:\/\/latraversiere.fr\/boutique\/cd-dvd\/voix-humaines\/#webpage\",\"url\":\"https:\/\/latraversiere.fr\/boutique\/cd-dvd\/voix-humaines\/\",\"name\":\"[:fr]VOIX HUMAINES[:] - LA TRAVERSIERE The french flute association\",\"isPartOf\":{\"@id\":\"https:\/\/latraversiere.fr\/#website\"},\"primaryImageOfPage\":{\"@id\":\"https:\/\/latraversiere.fr\/boutique\/cd-dvd\/voix-humaines\/#primaryimage\"},\"datePublished\":\"2025-08-04T19:39:35+00:00\",\"dateModified\":\"2025-08-04T19:39:35+00:00\",\"breadcrumb\":{\"@id\":\"https:\/\/latraversiere.fr\/boutique\/cd-dvd\/voix-humaines\/#breadcrumb\"},\"inLanguage\":\"en-US\",\"potentialAction\":[{\"@type\":\"ReadAction\",\"target\":[\"https:\/\/latraversiere.fr\/boutique\/cd-dvd\/voix-humaines\/\"]}]},{\"@type\":\"BreadcrumbList\",\"@id\":\"https:\/\/latraversiere.fr\/boutique\/cd-dvd\/voix-humaines\/#breadcrumb\",\"itemListElement\":[{\"@type\":\"ListItem\",\"position\":1,\"name\":\"Accueil\",\"item\":\"https:\/\/latraversiere.fr\/\"},{\"@type\":\"ListItem\",\"position\":2,\"name\":\"Boutique\",\"item\":\"https:\/\/latraversiere.fr\/en\/boutique\/\"},{\"@type\":\"ListItem\",\"position\":3,\"name\":\"VOIX HUMAINES\"}]}]}<\/script>\n<!-- \/ Yoast SEO plugin. -->","yoast_head_json":{"title":"[:fr]VOIX HUMAINES[:] - LA TRAVERSIERE The french flute association","robots":{"index":"index","follow":"follow","max-snippet":"max-snippet:-1","max-image-preview":"max-image-preview:large","max-video-preview":"max-video-preview:-1"},"canonical":"https:\/\/latraversiere.fr\/boutique\/cd-dvd\/voix-humaines\/","og_locale":"en_US","og_type":"article","og_title":"[:fr]VOIX HUMAINES[:] - LA TRAVERSIERE The french flute association","og_description":"[:fr]Marin Marais, Pi\u00e8ces in\u00e9dites pour fl\u00fbte Les Musiciens de Saint-Julien : Fran\u00e7ois Lazarevitch (fl\u00fbte traversi\u00e8re, musette), Lucile Boulanger (viole de gambe), \u00c9ric Bellocq (archiluth, guitare) Retrouvez l\u2019entretien avec Fran\u00e7ois Lazarevitch et la pr\u00e9sentation du disque dans le dossier \u00ab Marin Marais et la fl\u00fbte : Tr\u00e9sors retrouv\u00e9s \u00bb du Traversi\u00e8res Magazine N\u00b0154.[:]","og_url":"https:\/\/latraversiere.fr\/boutique\/cd-dvd\/voix-humaines\/","og_site_name":"LA TRAVERSIERE The french flute association","article_publisher":"https:\/\/www.facebook.com\/traversieres\/","og_image":[{"width":1028,"height":917,"url":"https:\/\/latraversiere.fr\/wp-content\/uploads\/2025\/08\/capture-decran-2024-12-04-a-17-02-32.png","type":"image\/png"}],"twitter_card":"summary","twitter_site":"@La_Traversiere","schema":{"@context":"https:\/\/schema.org","@graph":[{"@type":"Organization","@id":"https:\/\/latraversiere.fr\/#organization","name":"La Traversi\u00e8re - Association Fran\u00e7aise de la Fl\u00fbte","url":"https:\/\/latraversiere.fr\/","sameAs":["https:\/\/www.facebook.com\/traversieres\/","https:\/\/www.instagram.com\/la_traversiere\/","https:\/\/www.youtube.com\/channel\/UC46MEQZI2BfRZNFUFqc59Sw","https:\/\/twitter.com\/La_Traversiere"],"logo":{"@type":"ImageObject","@id":"https:\/\/latraversiere.fr\/#logo","inLanguage":"en-US","url":"https:\/\/latraversiere.fr\/wp-content\/uploads\/2018\/01\/LOGO-Traversiere-SITE-1.png","contentUrl":"https:\/\/latraversiere.fr\/wp-content\/uploads\/2018\/01\/LOGO-Traversiere-SITE-1.png","width":539,"height":200,"caption":"La Traversi\u00e8re - Association Fran\u00e7aise de la Fl\u00fbte"},"image":{"@id":"https:\/\/latraversiere.fr\/#logo"}},{"@type":"WebSite","@id":"https:\/\/latraversiere.fr\/#website","url":"https:\/\/latraversiere.fr\/","name":"LA TRAVERSIERE The french flute association","description":"","publisher":{"@id":"https:\/\/latraversiere.fr\/#organization"},"potentialAction":[{"@type":"SearchAction","target":{"@type":"EntryPoint","urlTemplate":"https:\/\/latraversiere.fr\/?s={search_term_string}"},"query-input":"required name=search_term_string"}],"inLanguage":"en-US"},{"@type":"ImageObject","@id":"https:\/\/latraversiere.fr\/boutique\/cd-dvd\/voix-humaines\/#primaryimage","inLanguage":"en-US","url":"https:\/\/latraversiere.fr\/wp-content\/uploads\/2025\/08\/capture-decran-2024-12-04-a-17-02-32.png","contentUrl":"https:\/\/latraversiere.fr\/wp-content\/uploads\/2025\/08\/capture-decran-2024-12-04-a-17-02-32.png","width":1028,"height":917,"caption":"Voix humaines \u2014 Les Musiciens de Saint-Julien - Disque"},{"@type":"WebPage","@id":"https:\/\/latraversiere.fr\/boutique\/cd-dvd\/voix-humaines\/#webpage","url":"https:\/\/latraversiere.fr\/boutique\/cd-dvd\/voix-humaines\/","name":"[:fr]VOIX HUMAINES[:] - LA TRAVERSIERE The french flute association","isPartOf":{"@id":"https:\/\/latraversiere.fr\/#website"},"primaryImageOfPage":{"@id":"https:\/\/latraversiere.fr\/boutique\/cd-dvd\/voix-humaines\/#primaryimage"},"datePublished":"2025-08-04T19:39:35+00:00","dateModified":"2025-08-04T19:39:35+00:00","breadcrumb":{"@id":"https:\/\/latraversiere.fr\/boutique\/cd-dvd\/voix-humaines\/#breadcrumb"},"inLanguage":"en-US","potentialAction":[{"@type":"ReadAction","target":["https:\/\/latraversiere.fr\/boutique\/cd-dvd\/voix-humaines\/"]}]},{"@type":"BreadcrumbList","@id":"https:\/\/latraversiere.fr\/boutique\/cd-dvd\/voix-humaines\/#breadcrumb","itemListElement":[{"@type":"ListItem","position":1,"name":"Accueil","item":"https:\/\/latraversiere.fr\/"},{"@type":"ListItem","position":2,"name":"Boutique","item":"https:\/\/latraversiere.fr\/en\/boutique\/"},{"@type":"ListItem","position":3,"name":"VOIX HUMAINES"}]}]}},"_links":{"self":[{"href":"https:\/\/latraversiere.fr\/en\/wp-json\/wp\/v2\/product\/29259"}],"collection":[{"href":"https:\/\/latraversiere.fr\/en\/wp-json\/wp\/v2\/product"}],"about":[{"href":"https:\/\/latraversiere.fr\/en\/wp-json\/wp\/v2\/types\/product"}],"wp:featuredmedia":[{"embeddable":true,"href":"https:\/\/latraversiere.fr\/en\/wp-json\/wp\/v2\/media\/29260"}],"wp:attachment":[{"href":"https:\/\/latraversiere.fr\/en\/wp-json\/wp\/v2\/media?parent=29259"}],"curies":[{"name":"wp","href":"https:\/\/api.w.org\/{rel}","templated":true}]}}