{"id":4089,"date":"2018-05-30T07:21:08","date_gmt":"2018-05-30T05:21:08","guid":{"rendered":"https:\/\/latraversiere.fr\/?post_type=product&#038;p=4089"},"modified":"2018-10-07T10:52:57","modified_gmt":"2018-10-07T08:52:57","slug":"traversieres-magazine-n125","status":"publish","type":"product","link":"https:\/\/latraversiere.fr\/en\/boutique\/traversieres-magazine\/traversieres-magazine-n125\/","title":{"rendered":"Traversi\u00e8res Magazine N\u00b0125"},"content":{"rendered":"<p>DOSSIER &#8211; Luigi Marini de Gubbio, virtuose de la fl\u00fbte<br \/>\nPORTRAIT &#8211; Carla Rees, ambassadrice des fl\u00fbtes graves<br \/>\nLUTHERIE &#8211; Place et r\u00f4le du fl\u00fbtiste dans la facture instrumentale<br \/>\nPARTITION &#8211; Tour de force pour la fl\u00fbte Boehm de Wilhelm Popp<br \/>\nR\u00c9TROSPECTIVES &#8211; \u00c0 Vol d\u2019Oiseau avec le Trio d\u2019Argent &#8211; Les Fl\u00fbtinades \u00e0 Huningue &#8211; Low Flute Festival &#8211; Adams Festival &#8211; La Fl\u00fbte Novatrice avec Sophie Dufeutrelle<br \/>\nP\u00c9DAGOGIE &#8211; Neurones et synapses&#8230; un cerveau pour apprendre !<br \/>\nHOMMAGE &#8211; Hommage \u00e0 Jean-Jacques Werner<br \/>\nEN PRATIQUE &#8211; ANIPO, r\u00e9seau international et solidaire de lutte contre le vol d\u2019instruments de musique<\/p>\n","protected":false},"excerpt":{"rendered":"<p>DOSSIER &#8211; Luigi Marini de Gubbio, virtuose de la fl\u00fbte<br \/>\nPORTRAIT &#8211; Carla Rees, ambassadrice des fl\u00fbtes graves<br \/>\nLUTHERIE &#8211; Place et r\u00f4le du fl\u00fbtiste dans la facture instrumentale<br \/>\nPARTITION &#8211; Tour de force pour la fl\u00fbte Boehm de Wilhelm Popp<br \/>\nR\u00c9TROSPECTIVES &#8211; \u00c0 Vol d\u2019Oiseau avec le Trio d\u2019Argent &#8211; Les Fl\u00fbtinades \u00e0 Huningue &#8211; Low Flute Festival &#8211; Adams Festival &#8211; La Fl\u00fbte Novatrice avec Sophie Dufeutrelle<br \/>\nP\u00c9DAGOGIE &#8211; Neurones et synapses&#8230; un cerveau pour apprendre !<br \/>\nHOMMAGE &#8211; Hommage \u00e0 Jean-Jacques Werner<br \/>\nEN PRATIQUE &#8211; ANIPO, r\u00e9seau international et solidaire de lutte contre le vol d\u2019instruments de musique<\/p>\n","protected":false},"featured_media":4091,"template":"","meta":[],"yoast_head":"<!-- This site is optimized with the Yoast SEO plugin v17.5 - https:\/\/yoast.com\/wordpress\/plugins\/seo\/ -->\n<title>Traversi\u00e8res Magazine N\u00b0125 - LA TRAVERSIERE The french flute association<\/title>\n<meta name=\"robots\" content=\"index, follow, max-snippet:-1, max-image-preview:large, max-video-preview:-1\" \/>\n<link rel=\"canonical\" href=\"https:\/\/latraversiere.fr\/boutique\/traversieres-magazine\/traversieres-magazine-n125\/\" \/>\n<meta property=\"og:locale\" content=\"en_US\" \/>\n<meta property=\"og:type\" content=\"article\" \/>\n<meta property=\"og:title\" content=\"Traversi\u00e8res Magazine N\u00b0125 - LA TRAVERSIERE The french flute association\" \/>\n<meta property=\"og:description\" content=\"DOSSIER - Luigi Marini de Gubbio, virtuose de la fl\u00fbte PORTRAIT - Carla Rees, ambassadrice des fl\u00fbtes graves LUTHERIE - Place et r\u00f4le du fl\u00fbtiste dans la facture instrumentale PARTITION - Tour de force pour la fl\u00fbte Boehm de Wilhelm Popp R\u00c9TROSPECTIVES - \u00c0 Vol d\u2019Oiseau avec le Trio d\u2019Argent - Les Fl\u00fbtinades \u00e0 Huningue - Low Flute Festival - Adams Festival - La Fl\u00fbte Novatrice avec Sophie Dufeutrelle P\u00c9DAGOGIE - Neurones et synapses... un cerveau pour apprendre ! HOMMAGE - Hommage \u00e0 Jean-Jacques Werner EN PRATIQUE - ANIPO, r\u00e9seau international et solidaire de lutte contre le vol d\u2019instruments de musique\" \/>\n<meta property=\"og:url\" content=\"https:\/\/latraversiere.fr\/boutique\/traversieres-magazine\/traversieres-magazine-n125\/\" \/>\n<meta property=\"og:site_name\" content=\"LA TRAVERSIERE The french flute association\" \/>\n<meta property=\"article:publisher\" content=\"https:\/\/www.facebook.com\/traversieres\/\" \/>\n<meta property=\"article:modified_time\" content=\"2018-10-07T08:52:57+00:00\" \/>\n<meta property=\"og:image\" content=\"https:\/\/latraversiere.fr\/wp-content\/uploads\/2018\/05\/2018-TM125-cover.jpg\" \/>\n\t<meta property=\"og:image:width\" content=\"595\" \/>\n\t<meta property=\"og:image:height\" content=\"841\" \/>\n<meta name=\"twitter:card\" content=\"summary\" \/>\n<meta name=\"twitter:site\" content=\"@La_Traversiere\" \/>\n<meta name=\"twitter:label1\" content=\"Est. reading time\" \/>\n\t<meta name=\"twitter:data1\" content=\"1 minute\" \/>\n<script type=\"application\/ld+json\" class=\"yoast-schema-graph\">{\"@context\":\"https:\/\/schema.org\",\"@graph\":[{\"@type\":\"Organization\",\"@id\":\"https:\/\/latraversiere.fr\/#organization\",\"name\":\"La Traversi\\u00e8re - Association Fran\\u00e7aise de la Fl\\u00fbte\",\"url\":\"https:\/\/latraversiere.fr\/\",\"sameAs\":[\"https:\/\/www.facebook.com\/traversieres\/\",\"https:\/\/www.instagram.com\/la_traversiere\/\",\"https:\/\/www.youtube.com\/channel\/UC46MEQZI2BfRZNFUFqc59Sw\",\"https:\/\/twitter.com\/La_Traversiere\"],\"logo\":{\"@type\":\"ImageObject\",\"@id\":\"https:\/\/latraversiere.fr\/#logo\",\"inLanguage\":\"en-US\",\"url\":\"https:\/\/latraversiere.fr\/wp-content\/uploads\/2018\/01\/LOGO-Traversiere-SITE-1.png\",\"contentUrl\":\"https:\/\/latraversiere.fr\/wp-content\/uploads\/2018\/01\/LOGO-Traversiere-SITE-1.png\",\"width\":539,\"height\":200,\"caption\":\"La Traversi\\u00e8re - Association Fran\\u00e7aise de la Fl\\u00fbte\"},\"image\":{\"@id\":\"https:\/\/latraversiere.fr\/#logo\"}},{\"@type\":\"WebSite\",\"@id\":\"https:\/\/latraversiere.fr\/#website\",\"url\":\"https:\/\/latraversiere.fr\/\",\"name\":\"LA TRAVERSIERE The french flute association\",\"description\":\"\",\"publisher\":{\"@id\":\"https:\/\/latraversiere.fr\/#organization\"},\"potentialAction\":[{\"@type\":\"SearchAction\",\"target\":{\"@type\":\"EntryPoint\",\"urlTemplate\":\"https:\/\/latraversiere.fr\/?s={search_term_string}\"},\"query-input\":\"required name=search_term_string\"}],\"inLanguage\":\"en-US\"},{\"@type\":\"ImageObject\",\"@id\":\"https:\/\/latraversiere.fr\/boutique\/traversieres-magazine\/traversieres-magazine-n125\/#primaryimage\",\"inLanguage\":\"en-US\",\"url\":\"https:\/\/latraversiere.fr\/wp-content\/uploads\/2018\/05\/2018-TM125-cover.jpg\",\"contentUrl\":\"https:\/\/latraversiere.fr\/wp-content\/uploads\/2018\/05\/2018-TM125-cover.jpg\",\"width\":\"595\",\"height\":\"841\",\"caption\":\"Traversi\\u00e8res Magazine N\\u00b0125\"},{\"@type\":\"WebPage\",\"@id\":\"https:\/\/latraversiere.fr\/boutique\/traversieres-magazine\/traversieres-magazine-n125\/#webpage\",\"url\":\"https:\/\/latraversiere.fr\/boutique\/traversieres-magazine\/traversieres-magazine-n125\/\",\"name\":\"Traversi\\u00e8res Magazine N\\u00b0125 - LA TRAVERSIERE The french flute association\",\"isPartOf\":{\"@id\":\"https:\/\/latraversiere.fr\/#website\"},\"primaryImageOfPage\":{\"@id\":\"https:\/\/latraversiere.fr\/boutique\/traversieres-magazine\/traversieres-magazine-n125\/#primaryimage\"},\"datePublished\":\"2018-05-30T05:21:08+00:00\",\"dateModified\":\"2018-10-07T08:52:57+00:00\",\"breadcrumb\":{\"@id\":\"https:\/\/latraversiere.fr\/boutique\/traversieres-magazine\/traversieres-magazine-n125\/#breadcrumb\"},\"inLanguage\":\"en-US\",\"potentialAction\":[{\"@type\":\"ReadAction\",\"target\":[\"https:\/\/latraversiere.fr\/boutique\/traversieres-magazine\/traversieres-magazine-n125\/\"]}]},{\"@type\":\"BreadcrumbList\",\"@id\":\"https:\/\/latraversiere.fr\/boutique\/traversieres-magazine\/traversieres-magazine-n125\/#breadcrumb\",\"itemListElement\":[{\"@type\":\"ListItem\",\"position\":1,\"name\":\"Accueil\",\"item\":\"https:\/\/latraversiere.fr\/\"},{\"@type\":\"ListItem\",\"position\":2,\"name\":\"Boutique\",\"item\":\"https:\/\/latraversiere.fr\/en\/boutique\/\"},{\"@type\":\"ListItem\",\"position\":3,\"name\":\"Traversi\\u00e8res Magazine N\\u00b0125\"}]}]}<\/script>\n<!-- \/ Yoast SEO plugin. -->","yoast_head_json":{"title":"Traversi\u00e8res Magazine N\u00b0125 - LA TRAVERSIERE The french flute association","robots":{"index":"index","follow":"follow","max-snippet":"max-snippet:-1","max-image-preview":"max-image-preview:large","max-video-preview":"max-video-preview:-1"},"canonical":"https:\/\/latraversiere.fr\/boutique\/traversieres-magazine\/traversieres-magazine-n125\/","og_locale":"en_US","og_type":"article","og_title":"Traversi\u00e8res Magazine N\u00b0125 - LA TRAVERSIERE The french flute association","og_description":"DOSSIER - Luigi Marini de Gubbio, virtuose de la fl\u00fbte PORTRAIT - Carla Rees, ambassadrice des fl\u00fbtes graves LUTHERIE - Place et r\u00f4le du fl\u00fbtiste dans la facture instrumentale PARTITION - Tour de force pour la fl\u00fbte Boehm de Wilhelm Popp R\u00c9TROSPECTIVES - \u00c0 Vol d\u2019Oiseau avec le Trio d\u2019Argent - Les Fl\u00fbtinades \u00e0 Huningue - Low Flute Festival - Adams Festival - La Fl\u00fbte Novatrice avec Sophie Dufeutrelle P\u00c9DAGOGIE - Neurones et synapses... un cerveau pour apprendre ! HOMMAGE - Hommage \u00e0 Jean-Jacques Werner EN PRATIQUE - ANIPO, r\u00e9seau international et solidaire de lutte contre le vol d\u2019instruments de musique","og_url":"https:\/\/latraversiere.fr\/boutique\/traversieres-magazine\/traversieres-magazine-n125\/","og_site_name":"LA TRAVERSIERE The french flute association","article_publisher":"https:\/\/www.facebook.com\/traversieres\/","article_modified_time":"2018-10-07T08:52:57+00:00","og_image":[{"width":"595","height":"841","url":"https:\/\/latraversiere.fr\/wp-content\/uploads\/2018\/05\/2018-TM125-cover.jpg","type":"image\/jpeg"}],"twitter_card":"summary","twitter_site":"@La_Traversiere","twitter_misc":{"Est. reading time":"1 minute"},"schema":{"@context":"https:\/\/schema.org","@graph":[{"@type":"Organization","@id":"https:\/\/latraversiere.fr\/#organization","name":"La Traversi\u00e8re - Association Fran\u00e7aise de la Fl\u00fbte","url":"https:\/\/latraversiere.fr\/","sameAs":["https:\/\/www.facebook.com\/traversieres\/","https:\/\/www.instagram.com\/la_traversiere\/","https:\/\/www.youtube.com\/channel\/UC46MEQZI2BfRZNFUFqc59Sw","https:\/\/twitter.com\/La_Traversiere"],"logo":{"@type":"ImageObject","@id":"https:\/\/latraversiere.fr\/#logo","inLanguage":"en-US","url":"https:\/\/latraversiere.fr\/wp-content\/uploads\/2018\/01\/LOGO-Traversiere-SITE-1.png","contentUrl":"https:\/\/latraversiere.fr\/wp-content\/uploads\/2018\/01\/LOGO-Traversiere-SITE-1.png","width":539,"height":200,"caption":"La Traversi\u00e8re - Association Fran\u00e7aise de la Fl\u00fbte"},"image":{"@id":"https:\/\/latraversiere.fr\/#logo"}},{"@type":"WebSite","@id":"https:\/\/latraversiere.fr\/#website","url":"https:\/\/latraversiere.fr\/","name":"LA TRAVERSIERE The french flute association","description":"","publisher":{"@id":"https:\/\/latraversiere.fr\/#organization"},"potentialAction":[{"@type":"SearchAction","target":{"@type":"EntryPoint","urlTemplate":"https:\/\/latraversiere.fr\/?s={search_term_string}"},"query-input":"required name=search_term_string"}],"inLanguage":"en-US"},{"@type":"ImageObject","@id":"https:\/\/latraversiere.fr\/boutique\/traversieres-magazine\/traversieres-magazine-n125\/#primaryimage","inLanguage":"en-US","url":"https:\/\/latraversiere.fr\/wp-content\/uploads\/2018\/05\/2018-TM125-cover.jpg","contentUrl":"https:\/\/latraversiere.fr\/wp-content\/uploads\/2018\/05\/2018-TM125-cover.jpg","width":"595","height":"841","caption":"Traversi\u00e8res Magazine N\u00b0125"},{"@type":"WebPage","@id":"https:\/\/latraversiere.fr\/boutique\/traversieres-magazine\/traversieres-magazine-n125\/#webpage","url":"https:\/\/latraversiere.fr\/boutique\/traversieres-magazine\/traversieres-magazine-n125\/","name":"Traversi\u00e8res Magazine N\u00b0125 - LA TRAVERSIERE The french flute association","isPartOf":{"@id":"https:\/\/latraversiere.fr\/#website"},"primaryImageOfPage":{"@id":"https:\/\/latraversiere.fr\/boutique\/traversieres-magazine\/traversieres-magazine-n125\/#primaryimage"},"datePublished":"2018-05-30T05:21:08+00:00","dateModified":"2018-10-07T08:52:57+00:00","breadcrumb":{"@id":"https:\/\/latraversiere.fr\/boutique\/traversieres-magazine\/traversieres-magazine-n125\/#breadcrumb"},"inLanguage":"en-US","potentialAction":[{"@type":"ReadAction","target":["https:\/\/latraversiere.fr\/boutique\/traversieres-magazine\/traversieres-magazine-n125\/"]}]},{"@type":"BreadcrumbList","@id":"https:\/\/latraversiere.fr\/boutique\/traversieres-magazine\/traversieres-magazine-n125\/#breadcrumb","itemListElement":[{"@type":"ListItem","position":1,"name":"Accueil","item":"https:\/\/latraversiere.fr\/"},{"@type":"ListItem","position":2,"name":"Boutique","item":"https:\/\/latraversiere.fr\/en\/boutique\/"},{"@type":"ListItem","position":3,"name":"Traversi\u00e8res Magazine N\u00b0125"}]}]}},"_links":{"self":[{"href":"https:\/\/latraversiere.fr\/en\/wp-json\/wp\/v2\/product\/4089"}],"collection":[{"href":"https:\/\/latraversiere.fr\/en\/wp-json\/wp\/v2\/product"}],"about":[{"href":"https:\/\/latraversiere.fr\/en\/wp-json\/wp\/v2\/types\/product"}],"wp:featuredmedia":[{"embeddable":true,"href":"https:\/\/latraversiere.fr\/en\/wp-json\/wp\/v2\/media\/4091"}],"wp:attachment":[{"href":"https:\/\/latraversiere.fr\/en\/wp-json\/wp\/v2\/media?parent=4089"}],"curies":[{"name":"wp","href":"https:\/\/api.w.org\/{rel}","templated":true}]}}