{"id":4094,"date":"2018-05-30T08:02:45","date_gmt":"2018-05-30T06:02:45","guid":{"rendered":"https:\/\/latraversiere.fr\/?post_type=product&#038;p=4094"},"modified":"2019-11-04T07:36:28","modified_gmt":"2019-11-04T06:36:28","slug":"si-par-fortune-les-joueurs-de-traverse","status":"publish","type":"product","link":"https:\/\/latraversiere.fr\/en\/boutique\/cd-dvd\/si-par-fortune-les-joueurs-de-traverse\/","title":{"rendered":"SI PAR FORTUNE, Les Joueurs de Traverse"},"content":{"rendered":"<div class=\"page\" title=\"Page 53\">\n<div class=\"layoutArea\">\n<div class=\"column\">\n<p><strong>Consort de fl\u00fbtes traversi\u00e8res Renaissance : Lucie Humbert, dessus en sol, fl\u00fbte t\u00e9nor \/ C\u00e9line Langlet, fl\u00fbte t\u00e9nor H\u00e9l\u00e8ne Douthe, fl\u00fbte t\u00e9nor \/ Jacques-Antoine Bresch, fl\u00fbte t\u00e9nor \/ S\u00e9bastien Villoing, fl\u00fbte basse<\/strong><\/p>\n<p>Chansons, madrigaux et Tenorlieder des XVI\u00e8me &amp; XVII\u00e8me si\u00e8cles (C. Le Jeune, J. des Pr\u00e9s, P. Passereau, P. de Manchicourt, N. Gombert, J. Lupi, P. Certon, P. Sandrin, L. Lemlin, L. Senfl, T. Stoltzer, C. de Sermisy, T. Susato, J. Gallus, T. Cr\u00e9quillon, P. Verdelot, P. Hofhaimer, M. Wolff).<\/p>\n<\/div>\n<\/div>\n<\/div>\n","protected":false},"excerpt":{"rendered":"<p><strong>Consort de fl\u00fbtes traversi\u00e8res Renaissance : Lucie Humbert, dessus en sol, fl\u00fbte t\u00e9nor \/ C\u00e9line Langlet, fl\u00fbte t\u00e9nor H\u00e9l\u00e8ne Douthe, fl\u00fbte t\u00e9nor \/ Jacques-Antoine Bresch, fl\u00fbte t\u00e9nor \/ S\u00e9bastien Villoing, fl\u00fbte basse<\/strong><\/p>\n<p>Chansons, madrigaux et Tenorlieder des XVI\u00e8me &amp; XVII\u00e8me si\u00e8cles (C. Le Jeune, J. des Pr\u00e9s, P. Passereau, P. de Manchicourt, N. Gombert, J. Lupi, P. Certon, P. Sandrin, L. Lemlin, L. Senfl, T. Stoltzer, C. de Sermisy, T. Susato, J. Gallus, T. Cr\u00e9quillon, P. Verdelot, P. Hofhaimer, M. Wolff).<\/p>\n","protected":false},"featured_media":4149,"template":"","meta":[],"yoast_head":"<!-- This site is optimized with the Yoast SEO plugin v17.5 - https:\/\/yoast.com\/wordpress\/plugins\/seo\/ -->\n<title>SI PAR FORTUNE, Les Joueurs de Traverse - LA TRAVERSIERE The french flute association<\/title>\n<meta name=\"robots\" content=\"index, follow, max-snippet:-1, max-image-preview:large, max-video-preview:-1\" \/>\n<link rel=\"canonical\" href=\"https:\/\/latraversiere.fr\/boutique\/cd-dvd\/si-par-fortune-les-joueurs-de-traverse\/\" \/>\n<meta property=\"og:locale\" content=\"en_US\" \/>\n<meta property=\"og:type\" content=\"article\" \/>\n<meta property=\"og:title\" content=\"SI PAR FORTUNE, Les Joueurs de Traverse - LA TRAVERSIERE The french flute association\" \/>\n<meta property=\"og:description\" content=\"Consort de fl\u00fbtes traversi\u00e8res Renaissance : Lucie Humbert, dessus en sol, fl\u00fbte t\u00e9nor \/ C\u00e9line Langlet, fl\u00fbte t\u00e9nor H\u00e9l\u00e8ne Douthe, fl\u00fbte t\u00e9nor \/ Jacques-Antoine Bresch, fl\u00fbte t\u00e9nor \/ S\u00e9bastien Villoing, fl\u00fbte basse  Chansons, madrigaux et Tenorlieder des XVI\u00e8me &amp; XVII\u00e8me si\u00e8cles (C. Le Jeune, J. des Pr\u00e9s, P. Passereau, P. de Manchicourt, N. Gombert, J. Lupi, P. Certon, P. Sandrin, L. Lemlin, L. Senfl, T. Stoltzer, C. de Sermisy, T. Susato, J. Gallus, T. Cr\u00e9quillon, P. Verdelot, P. Hofhaimer, M. Wolff).\" \/>\n<meta property=\"og:url\" content=\"https:\/\/latraversiere.fr\/boutique\/cd-dvd\/si-par-fortune-les-joueurs-de-traverse\/\" \/>\n<meta property=\"og:site_name\" content=\"LA TRAVERSIERE The french flute association\" \/>\n<meta property=\"article:publisher\" content=\"https:\/\/www.facebook.com\/traversieres\/\" \/>\n<meta property=\"article:modified_time\" content=\"2019-11-04T06:36:28+00:00\" \/>\n<meta property=\"og:image\" content=\"https:\/\/latraversiere.fr\/wp-content\/uploads\/2018\/05\/Si-par-fortune-Les-Joueurs-de-Traverse.jpg\" \/>\n\t<meta property=\"og:image:width\" content=\"605\" \/>\n\t<meta property=\"og:image:height\" content=\"600\" \/>\n<meta name=\"twitter:card\" content=\"summary\" \/>\n<meta name=\"twitter:site\" content=\"@La_Traversiere\" \/>\n<script type=\"application\/ld+json\" class=\"yoast-schema-graph\">{\"@context\":\"https:\/\/schema.org\",\"@graph\":[{\"@type\":\"Organization\",\"@id\":\"https:\/\/latraversiere.fr\/#organization\",\"name\":\"La Traversi\\u00e8re - Association Fran\\u00e7aise de la Fl\\u00fbte\",\"url\":\"https:\/\/latraversiere.fr\/\",\"sameAs\":[\"https:\/\/www.facebook.com\/traversieres\/\",\"https:\/\/www.instagram.com\/la_traversiere\/\",\"https:\/\/www.youtube.com\/channel\/UC46MEQZI2BfRZNFUFqc59Sw\",\"https:\/\/twitter.com\/La_Traversiere\"],\"logo\":{\"@type\":\"ImageObject\",\"@id\":\"https:\/\/latraversiere.fr\/#logo\",\"inLanguage\":\"en-US\",\"url\":\"https:\/\/latraversiere.fr\/wp-content\/uploads\/2018\/01\/LOGO-Traversiere-SITE-1.png\",\"contentUrl\":\"https:\/\/latraversiere.fr\/wp-content\/uploads\/2018\/01\/LOGO-Traversiere-SITE-1.png\",\"width\":539,\"height\":200,\"caption\":\"La Traversi\\u00e8re - Association Fran\\u00e7aise de la Fl\\u00fbte\"},\"image\":{\"@id\":\"https:\/\/latraversiere.fr\/#logo\"}},{\"@type\":\"WebSite\",\"@id\":\"https:\/\/latraversiere.fr\/#website\",\"url\":\"https:\/\/latraversiere.fr\/\",\"name\":\"LA TRAVERSIERE The french flute association\",\"description\":\"\",\"publisher\":{\"@id\":\"https:\/\/latraversiere.fr\/#organization\"},\"potentialAction\":[{\"@type\":\"SearchAction\",\"target\":{\"@type\":\"EntryPoint\",\"urlTemplate\":\"https:\/\/latraversiere.fr\/?s={search_term_string}\"},\"query-input\":\"required name=search_term_string\"}],\"inLanguage\":\"en-US\"},{\"@type\":\"ImageObject\",\"@id\":\"https:\/\/latraversiere.fr\/boutique\/cd-dvd\/si-par-fortune-les-joueurs-de-traverse\/#primaryimage\",\"inLanguage\":\"en-US\",\"url\":\"https:\/\/latraversiere.fr\/wp-content\/uploads\/2018\/05\/Si-par-fortune-Les-Joueurs-de-Traverse.jpg\",\"contentUrl\":\"https:\/\/latraversiere.fr\/wp-content\/uploads\/2018\/05\/Si-par-fortune-Les-Joueurs-de-Traverse.jpg\",\"width\":\"605\",\"height\":\"600\",\"caption\":\"Si par fortune - Les Joueurs de Traverse\"},{\"@type\":\"WebPage\",\"@id\":\"https:\/\/latraversiere.fr\/boutique\/cd-dvd\/si-par-fortune-les-joueurs-de-traverse\/#webpage\",\"url\":\"https:\/\/latraversiere.fr\/boutique\/cd-dvd\/si-par-fortune-les-joueurs-de-traverse\/\",\"name\":\"SI PAR FORTUNE, Les Joueurs de Traverse - LA TRAVERSIERE The french flute association\",\"isPartOf\":{\"@id\":\"https:\/\/latraversiere.fr\/#website\"},\"primaryImageOfPage\":{\"@id\":\"https:\/\/latraversiere.fr\/boutique\/cd-dvd\/si-par-fortune-les-joueurs-de-traverse\/#primaryimage\"},\"datePublished\":\"2018-05-30T06:02:45+00:00\",\"dateModified\":\"2019-11-04T06:36:28+00:00\",\"breadcrumb\":{\"@id\":\"https:\/\/latraversiere.fr\/boutique\/cd-dvd\/si-par-fortune-les-joueurs-de-traverse\/#breadcrumb\"},\"inLanguage\":\"en-US\",\"potentialAction\":[{\"@type\":\"ReadAction\",\"target\":[\"https:\/\/latraversiere.fr\/boutique\/cd-dvd\/si-par-fortune-les-joueurs-de-traverse\/\"]}]},{\"@type\":\"BreadcrumbList\",\"@id\":\"https:\/\/latraversiere.fr\/boutique\/cd-dvd\/si-par-fortune-les-joueurs-de-traverse\/#breadcrumb\",\"itemListElement\":[{\"@type\":\"ListItem\",\"position\":1,\"name\":\"Accueil\",\"item\":\"https:\/\/latraversiere.fr\/\"},{\"@type\":\"ListItem\",\"position\":2,\"name\":\"Boutique\",\"item\":\"https:\/\/latraversiere.fr\/en\/boutique\/\"},{\"@type\":\"ListItem\",\"position\":3,\"name\":\"SI PAR FORTUNE, Les Joueurs de Traverse\"}]}]}<\/script>\n<!-- \/ Yoast SEO plugin. -->","yoast_head_json":{"title":"SI PAR FORTUNE, Les Joueurs de Traverse - LA TRAVERSIERE The french flute association","robots":{"index":"index","follow":"follow","max-snippet":"max-snippet:-1","max-image-preview":"max-image-preview:large","max-video-preview":"max-video-preview:-1"},"canonical":"https:\/\/latraversiere.fr\/boutique\/cd-dvd\/si-par-fortune-les-joueurs-de-traverse\/","og_locale":"en_US","og_type":"article","og_title":"SI PAR FORTUNE, Les Joueurs de Traverse - LA TRAVERSIERE The french flute association","og_description":"Consort de fl\u00fbtes traversi\u00e8res Renaissance : Lucie Humbert, dessus en sol, fl\u00fbte t\u00e9nor \/ C\u00e9line Langlet, fl\u00fbte t\u00e9nor H\u00e9l\u00e8ne Douthe, fl\u00fbte t\u00e9nor \/ Jacques-Antoine Bresch, fl\u00fbte t\u00e9nor \/ S\u00e9bastien Villoing, fl\u00fbte basse  Chansons, madrigaux et Tenorlieder des XVI\u00e8me &amp; XVII\u00e8me si\u00e8cles (C. Le Jeune, J. des Pr\u00e9s, P. Passereau, P. de Manchicourt, N. Gombert, J. Lupi, P. Certon, P. Sandrin, L. Lemlin, L. Senfl, T. Stoltzer, C. de Sermisy, T. Susato, J. Gallus, T. Cr\u00e9quillon, P. Verdelot, P. Hofhaimer, M. Wolff).","og_url":"https:\/\/latraversiere.fr\/boutique\/cd-dvd\/si-par-fortune-les-joueurs-de-traverse\/","og_site_name":"LA TRAVERSIERE The french flute association","article_publisher":"https:\/\/www.facebook.com\/traversieres\/","article_modified_time":"2019-11-04T06:36:28+00:00","og_image":[{"width":"605","height":"600","url":"https:\/\/latraversiere.fr\/wp-content\/uploads\/2018\/05\/Si-par-fortune-Les-Joueurs-de-Traverse.jpg","type":"image\/jpeg"}],"twitter_card":"summary","twitter_site":"@La_Traversiere","schema":{"@context":"https:\/\/schema.org","@graph":[{"@type":"Organization","@id":"https:\/\/latraversiere.fr\/#organization","name":"La Traversi\u00e8re - Association Fran\u00e7aise de la Fl\u00fbte","url":"https:\/\/latraversiere.fr\/","sameAs":["https:\/\/www.facebook.com\/traversieres\/","https:\/\/www.instagram.com\/la_traversiere\/","https:\/\/www.youtube.com\/channel\/UC46MEQZI2BfRZNFUFqc59Sw","https:\/\/twitter.com\/La_Traversiere"],"logo":{"@type":"ImageObject","@id":"https:\/\/latraversiere.fr\/#logo","inLanguage":"en-US","url":"https:\/\/latraversiere.fr\/wp-content\/uploads\/2018\/01\/LOGO-Traversiere-SITE-1.png","contentUrl":"https:\/\/latraversiere.fr\/wp-content\/uploads\/2018\/01\/LOGO-Traversiere-SITE-1.png","width":539,"height":200,"caption":"La Traversi\u00e8re - Association Fran\u00e7aise de la Fl\u00fbte"},"image":{"@id":"https:\/\/latraversiere.fr\/#logo"}},{"@type":"WebSite","@id":"https:\/\/latraversiere.fr\/#website","url":"https:\/\/latraversiere.fr\/","name":"LA TRAVERSIERE The french flute association","description":"","publisher":{"@id":"https:\/\/latraversiere.fr\/#organization"},"potentialAction":[{"@type":"SearchAction","target":{"@type":"EntryPoint","urlTemplate":"https:\/\/latraversiere.fr\/?s={search_term_string}"},"query-input":"required name=search_term_string"}],"inLanguage":"en-US"},{"@type":"ImageObject","@id":"https:\/\/latraversiere.fr\/boutique\/cd-dvd\/si-par-fortune-les-joueurs-de-traverse\/#primaryimage","inLanguage":"en-US","url":"https:\/\/latraversiere.fr\/wp-content\/uploads\/2018\/05\/Si-par-fortune-Les-Joueurs-de-Traverse.jpg","contentUrl":"https:\/\/latraversiere.fr\/wp-content\/uploads\/2018\/05\/Si-par-fortune-Les-Joueurs-de-Traverse.jpg","width":"605","height":"600","caption":"Si par fortune - Les Joueurs de Traverse"},{"@type":"WebPage","@id":"https:\/\/latraversiere.fr\/boutique\/cd-dvd\/si-par-fortune-les-joueurs-de-traverse\/#webpage","url":"https:\/\/latraversiere.fr\/boutique\/cd-dvd\/si-par-fortune-les-joueurs-de-traverse\/","name":"SI PAR FORTUNE, Les Joueurs de Traverse - LA TRAVERSIERE The french flute association","isPartOf":{"@id":"https:\/\/latraversiere.fr\/#website"},"primaryImageOfPage":{"@id":"https:\/\/latraversiere.fr\/boutique\/cd-dvd\/si-par-fortune-les-joueurs-de-traverse\/#primaryimage"},"datePublished":"2018-05-30T06:02:45+00:00","dateModified":"2019-11-04T06:36:28+00:00","breadcrumb":{"@id":"https:\/\/latraversiere.fr\/boutique\/cd-dvd\/si-par-fortune-les-joueurs-de-traverse\/#breadcrumb"},"inLanguage":"en-US","potentialAction":[{"@type":"ReadAction","target":["https:\/\/latraversiere.fr\/boutique\/cd-dvd\/si-par-fortune-les-joueurs-de-traverse\/"]}]},{"@type":"BreadcrumbList","@id":"https:\/\/latraversiere.fr\/boutique\/cd-dvd\/si-par-fortune-les-joueurs-de-traverse\/#breadcrumb","itemListElement":[{"@type":"ListItem","position":1,"name":"Accueil","item":"https:\/\/latraversiere.fr\/"},{"@type":"ListItem","position":2,"name":"Boutique","item":"https:\/\/latraversiere.fr\/en\/boutique\/"},{"@type":"ListItem","position":3,"name":"SI PAR FORTUNE, Les Joueurs de Traverse"}]}]}},"_links":{"self":[{"href":"https:\/\/latraversiere.fr\/en\/wp-json\/wp\/v2\/product\/4094"}],"collection":[{"href":"https:\/\/latraversiere.fr\/en\/wp-json\/wp\/v2\/product"}],"about":[{"href":"https:\/\/latraversiere.fr\/en\/wp-json\/wp\/v2\/types\/product"}],"wp:featuredmedia":[{"embeddable":true,"href":"https:\/\/latraversiere.fr\/en\/wp-json\/wp\/v2\/media\/4149"}],"wp:attachment":[{"href":"https:\/\/latraversiere.fr\/en\/wp-json\/wp\/v2\/media?parent=4094"}],"curies":[{"name":"wp","href":"https:\/\/api.w.org\/{rel}","templated":true}]}}