{"id":416,"date":"2016-01-19T08:12:52","date_gmt":"2016-01-19T07:12:52","guid":{"rendered":"http:\/\/s465217036.onlinehome.fr\/TravNS\/?post_type=product&#038;p=416"},"modified":"2021-06-05T21:09:34","modified_gmt":"2021-06-05T19:09:34","slug":"traversieres-magazine-n116","status":"publish","type":"product","link":"https:\/\/latraversiere.fr\/en\/boutique\/traversieres-magazine\/traversieres-magazine-n116\/","title":{"rendered":"Traversi\u00e8res Magazine N\u00b0116"},"content":{"rendered":"<p>DOSSIER &#8211; Max cilla, le p\u00e8re de la Fl\u00fbte des Mornes<br \/>\nLUTHERIE &#8211; Fonctionnement acoustique de la fl\u00fbte et de l\u2019embouchure<br \/>\nR\u00c9TROSPECTIVES &#8211; Le festival des Fifres de Garonne<br \/>\nENTRETIEN &#8211; Davide Formisano, portrait<br \/>\nP\u00c9DAGOGIE &#8211; Choisir de nouveaux fondamentaux pour les fl\u00fbtistes d\u00e9butants?<br \/>\nJEUNE TALENT &#8211; Michele Gori, un fl\u00fbtiste \u00e9lectrique<br \/>\nEN PRATIQUE &#8211; Rencontre avec Adrien Aumont, co-fondateur de KissKissBankBank<\/p>\n","protected":false},"excerpt":{"rendered":"<p>DOSSIER &#8211; Max cilla, le p\u00e8re de la Fl\u00fbte des Mornes<br \/>\nLUTHERIE &#8211; Fonctionnement acoustique de la fl\u00fbte et de l\u2019embouchure<br \/>\nR\u00c9TROSPECTIVES &#8211; Le festival des Fifres de Garonne<br \/>\nENTRETIEN &#8211; Davide Formisano, portrait<br \/>\nP\u00c9DAGOGIE &#8211; Choisir de nouveaux fondamentaux pour les fl\u00fbtistes d\u00e9butants?<br \/>\nJEUNE TALENT &#8211; Michele Gori, un fl\u00fbtiste \u00e9lectrique<br \/>\nEN PRATIQUE &#8211; Rencontre avec Adrien Aumont, co-fondateur de KissKissBankBank<\/p>\n","protected":false},"featured_media":419,"template":"","meta":[],"yoast_head":"<!-- This site is optimized with the Yoast SEO plugin v17.5 - https:\/\/yoast.com\/wordpress\/plugins\/seo\/ -->\n<title>Traversi\u00e8res Magazine N\u00b0116 - LA TRAVERSIERE The french flute association<\/title>\n<meta name=\"robots\" content=\"index, follow, max-snippet:-1, max-image-preview:large, max-video-preview:-1\" \/>\n<link rel=\"canonical\" href=\"https:\/\/latraversiere.fr\/boutique\/traversieres-magazine\/traversieres-magazine-n116\/\" \/>\n<meta property=\"og:locale\" content=\"en_US\" \/>\n<meta property=\"og:type\" content=\"article\" \/>\n<meta property=\"og:title\" content=\"Traversi\u00e8res Magazine N\u00b0116 - LA TRAVERSIERE The french flute association\" \/>\n<meta property=\"og:description\" content=\"DOSSIER - Max cilla, le p\u00e8re de la Fl\u00fbte des Mornes LUTHERIE - Fonctionnement acoustique de la fl\u00fbte et de l\u2019embouchure R\u00c9TROSPECTIVES - Le festival des Fifres de Garonne ENTRETIEN - Davide Formisano, portrait P\u00c9DAGOGIE - Choisir de nouveaux fondamentaux pour les fl\u00fbtistes d\u00e9butants? JEUNE TALENT - Michele Gori, un fl\u00fbtiste \u00e9lectrique EN PRATIQUE - Rencontre avec Adrien Aumont, co-fondateur de KissKissBankBank\" \/>\n<meta property=\"og:url\" content=\"https:\/\/latraversiere.fr\/boutique\/traversieres-magazine\/traversieres-magazine-n116\/\" \/>\n<meta property=\"og:site_name\" content=\"LA TRAVERSIERE The french flute association\" \/>\n<meta property=\"article:publisher\" content=\"https:\/\/www.facebook.com\/traversieres\/\" \/>\n<meta property=\"article:modified_time\" content=\"2021-06-05T19:09:34+00:00\" \/>\n<meta property=\"og:image\" content=\"https:\/\/latraversiere.fr\/wp-content\/uploads\/2017\/05\/2016-TM116-Cover.jpg\" \/>\n\t<meta property=\"og:image:width\" content=\"725\" \/>\n\t<meta property=\"og:image:height\" content=\"1024\" \/>\n<meta name=\"twitter:card\" content=\"summary\" \/>\n<meta name=\"twitter:site\" content=\"@La_Traversiere\" \/>\n<script type=\"application\/ld+json\" class=\"yoast-schema-graph\">{\"@context\":\"https:\/\/schema.org\",\"@graph\":[{\"@type\":\"Organization\",\"@id\":\"https:\/\/latraversiere.fr\/#organization\",\"name\":\"La Traversi\\u00e8re - Association Fran\\u00e7aise de la Fl\\u00fbte\",\"url\":\"https:\/\/latraversiere.fr\/\",\"sameAs\":[\"https:\/\/www.facebook.com\/traversieres\/\",\"https:\/\/www.instagram.com\/la_traversiere\/\",\"https:\/\/www.youtube.com\/channel\/UC46MEQZI2BfRZNFUFqc59Sw\",\"https:\/\/twitter.com\/La_Traversiere\"],\"logo\":{\"@type\":\"ImageObject\",\"@id\":\"https:\/\/latraversiere.fr\/#logo\",\"inLanguage\":\"en-US\",\"url\":\"https:\/\/latraversiere.fr\/wp-content\/uploads\/2018\/01\/LOGO-Traversiere-SITE-1.png\",\"contentUrl\":\"https:\/\/latraversiere.fr\/wp-content\/uploads\/2018\/01\/LOGO-Traversiere-SITE-1.png\",\"width\":539,\"height\":200,\"caption\":\"La Traversi\\u00e8re - Association Fran\\u00e7aise de la Fl\\u00fbte\"},\"image\":{\"@id\":\"https:\/\/latraversiere.fr\/#logo\"}},{\"@type\":\"WebSite\",\"@id\":\"https:\/\/latraversiere.fr\/#website\",\"url\":\"https:\/\/latraversiere.fr\/\",\"name\":\"LA TRAVERSIERE The french flute association\",\"description\":\"\",\"publisher\":{\"@id\":\"https:\/\/latraversiere.fr\/#organization\"},\"potentialAction\":[{\"@type\":\"SearchAction\",\"target\":{\"@type\":\"EntryPoint\",\"urlTemplate\":\"https:\/\/latraversiere.fr\/?s={search_term_string}\"},\"query-input\":\"required name=search_term_string\"}],\"inLanguage\":\"en-US\"},{\"@type\":\"ImageObject\",\"@id\":\"https:\/\/latraversiere.fr\/boutique\/traversieres-magazine\/traversieres-magazine-n116\/#primaryimage\",\"inLanguage\":\"en-US\",\"url\":\"https:\/\/latraversiere.fr\/wp-content\/uploads\/2017\/05\/2016-TM116-Cover.jpg\",\"contentUrl\":\"https:\/\/latraversiere.fr\/wp-content\/uploads\/2017\/05\/2016-TM116-Cover.jpg\",\"width\":725,\"height\":1024,\"caption\":\"Traversi\\u00e8res Magazine N\\u00b0116\"},{\"@type\":\"WebPage\",\"@id\":\"https:\/\/latraversiere.fr\/boutique\/traversieres-magazine\/traversieres-magazine-n116\/#webpage\",\"url\":\"https:\/\/latraversiere.fr\/boutique\/traversieres-magazine\/traversieres-magazine-n116\/\",\"name\":\"Traversi\\u00e8res Magazine N\\u00b0116 - LA TRAVERSIERE The french flute association\",\"isPartOf\":{\"@id\":\"https:\/\/latraversiere.fr\/#website\"},\"primaryImageOfPage\":{\"@id\":\"https:\/\/latraversiere.fr\/boutique\/traversieres-magazine\/traversieres-magazine-n116\/#primaryimage\"},\"datePublished\":\"2016-01-19T07:12:52+00:00\",\"dateModified\":\"2021-06-05T19:09:34+00:00\",\"breadcrumb\":{\"@id\":\"https:\/\/latraversiere.fr\/boutique\/traversieres-magazine\/traversieres-magazine-n116\/#breadcrumb\"},\"inLanguage\":\"en-US\",\"potentialAction\":[{\"@type\":\"ReadAction\",\"target\":[\"https:\/\/latraversiere.fr\/boutique\/traversieres-magazine\/traversieres-magazine-n116\/\"]}]},{\"@type\":\"BreadcrumbList\",\"@id\":\"https:\/\/latraversiere.fr\/boutique\/traversieres-magazine\/traversieres-magazine-n116\/#breadcrumb\",\"itemListElement\":[{\"@type\":\"ListItem\",\"position\":1,\"name\":\"Accueil\",\"item\":\"https:\/\/latraversiere.fr\/\"},{\"@type\":\"ListItem\",\"position\":2,\"name\":\"Boutique\",\"item\":\"https:\/\/latraversiere.fr\/en\/boutique\/\"},{\"@type\":\"ListItem\",\"position\":3,\"name\":\"Traversi\\u00e8res Magazine N\\u00b0116\"}]}]}<\/script>\n<!-- \/ Yoast SEO plugin. -->","yoast_head_json":{"title":"Traversi\u00e8res Magazine N\u00b0116 - LA TRAVERSIERE The french flute association","robots":{"index":"index","follow":"follow","max-snippet":"max-snippet:-1","max-image-preview":"max-image-preview:large","max-video-preview":"max-video-preview:-1"},"canonical":"https:\/\/latraversiere.fr\/boutique\/traversieres-magazine\/traversieres-magazine-n116\/","og_locale":"en_US","og_type":"article","og_title":"Traversi\u00e8res Magazine N\u00b0116 - LA TRAVERSIERE The french flute association","og_description":"DOSSIER - Max cilla, le p\u00e8re de la Fl\u00fbte des Mornes LUTHERIE - Fonctionnement acoustique de la fl\u00fbte et de l\u2019embouchure R\u00c9TROSPECTIVES - Le festival des Fifres de Garonne ENTRETIEN - Davide Formisano, portrait P\u00c9DAGOGIE - Choisir de nouveaux fondamentaux pour les fl\u00fbtistes d\u00e9butants? JEUNE TALENT - Michele Gori, un fl\u00fbtiste \u00e9lectrique EN PRATIQUE - Rencontre avec Adrien Aumont, co-fondateur de KissKissBankBank","og_url":"https:\/\/latraversiere.fr\/boutique\/traversieres-magazine\/traversieres-magazine-n116\/","og_site_name":"LA TRAVERSIERE The french flute association","article_publisher":"https:\/\/www.facebook.com\/traversieres\/","article_modified_time":"2021-06-05T19:09:34+00:00","og_image":[{"width":725,"height":1024,"url":"https:\/\/latraversiere.fr\/wp-content\/uploads\/2017\/05\/2016-TM116-Cover.jpg","type":"image\/jpeg"}],"twitter_card":"summary","twitter_site":"@La_Traversiere","schema":{"@context":"https:\/\/schema.org","@graph":[{"@type":"Organization","@id":"https:\/\/latraversiere.fr\/#organization","name":"La Traversi\u00e8re - Association Fran\u00e7aise de la Fl\u00fbte","url":"https:\/\/latraversiere.fr\/","sameAs":["https:\/\/www.facebook.com\/traversieres\/","https:\/\/www.instagram.com\/la_traversiere\/","https:\/\/www.youtube.com\/channel\/UC46MEQZI2BfRZNFUFqc59Sw","https:\/\/twitter.com\/La_Traversiere"],"logo":{"@type":"ImageObject","@id":"https:\/\/latraversiere.fr\/#logo","inLanguage":"en-US","url":"https:\/\/latraversiere.fr\/wp-content\/uploads\/2018\/01\/LOGO-Traversiere-SITE-1.png","contentUrl":"https:\/\/latraversiere.fr\/wp-content\/uploads\/2018\/01\/LOGO-Traversiere-SITE-1.png","width":539,"height":200,"caption":"La Traversi\u00e8re - Association Fran\u00e7aise de la Fl\u00fbte"},"image":{"@id":"https:\/\/latraversiere.fr\/#logo"}},{"@type":"WebSite","@id":"https:\/\/latraversiere.fr\/#website","url":"https:\/\/latraversiere.fr\/","name":"LA TRAVERSIERE The french flute association","description":"","publisher":{"@id":"https:\/\/latraversiere.fr\/#organization"},"potentialAction":[{"@type":"SearchAction","target":{"@type":"EntryPoint","urlTemplate":"https:\/\/latraversiere.fr\/?s={search_term_string}"},"query-input":"required name=search_term_string"}],"inLanguage":"en-US"},{"@type":"ImageObject","@id":"https:\/\/latraversiere.fr\/boutique\/traversieres-magazine\/traversieres-magazine-n116\/#primaryimage","inLanguage":"en-US","url":"https:\/\/latraversiere.fr\/wp-content\/uploads\/2017\/05\/2016-TM116-Cover.jpg","contentUrl":"https:\/\/latraversiere.fr\/wp-content\/uploads\/2017\/05\/2016-TM116-Cover.jpg","width":725,"height":1024,"caption":"Traversi\u00e8res Magazine N\u00b0116"},{"@type":"WebPage","@id":"https:\/\/latraversiere.fr\/boutique\/traversieres-magazine\/traversieres-magazine-n116\/#webpage","url":"https:\/\/latraversiere.fr\/boutique\/traversieres-magazine\/traversieres-magazine-n116\/","name":"Traversi\u00e8res Magazine N\u00b0116 - LA TRAVERSIERE The french flute association","isPartOf":{"@id":"https:\/\/latraversiere.fr\/#website"},"primaryImageOfPage":{"@id":"https:\/\/latraversiere.fr\/boutique\/traversieres-magazine\/traversieres-magazine-n116\/#primaryimage"},"datePublished":"2016-01-19T07:12:52+00:00","dateModified":"2021-06-05T19:09:34+00:00","breadcrumb":{"@id":"https:\/\/latraversiere.fr\/boutique\/traversieres-magazine\/traversieres-magazine-n116\/#breadcrumb"},"inLanguage":"en-US","potentialAction":[{"@type":"ReadAction","target":["https:\/\/latraversiere.fr\/boutique\/traversieres-magazine\/traversieres-magazine-n116\/"]}]},{"@type":"BreadcrumbList","@id":"https:\/\/latraversiere.fr\/boutique\/traversieres-magazine\/traversieres-magazine-n116\/#breadcrumb","itemListElement":[{"@type":"ListItem","position":1,"name":"Accueil","item":"https:\/\/latraversiere.fr\/"},{"@type":"ListItem","position":2,"name":"Boutique","item":"https:\/\/latraversiere.fr\/en\/boutique\/"},{"@type":"ListItem","position":3,"name":"Traversi\u00e8res Magazine N\u00b0116"}]}]}},"_links":{"self":[{"href":"https:\/\/latraversiere.fr\/en\/wp-json\/wp\/v2\/product\/416"}],"collection":[{"href":"https:\/\/latraversiere.fr\/en\/wp-json\/wp\/v2\/product"}],"about":[{"href":"https:\/\/latraversiere.fr\/en\/wp-json\/wp\/v2\/types\/product"}],"wp:featuredmedia":[{"embeddable":true,"href":"https:\/\/latraversiere.fr\/en\/wp-json\/wp\/v2\/media\/419"}],"wp:attachment":[{"href":"https:\/\/latraversiere.fr\/en\/wp-json\/wp\/v2\/media?parent=416"}],"curies":[{"name":"wp","href":"https:\/\/api.w.org\/{rel}","templated":true}]}}