{"id":442,"date":"2017-02-21T20:39:23","date_gmt":"2017-02-21T19:39:23","guid":{"rendered":"http:\/\/s465217036.onlinehome.fr\/TravNS\/?post_type=product&#038;p=442"},"modified":"2022-06-26T09:48:08","modified_gmt":"2022-06-26T07:48:08","slug":"traversieres-magazine-n120","status":"publish","type":"product","link":"https:\/\/latraversiere.fr\/en\/boutique\/traversieres-magazine\/traversieres-magazine-n120\/","title":{"rendered":"Traversi\u00e8res Magazine N\u00b0120"},"content":{"rendered":"<p>DOSSIER &#8211;\u00a0L\u2019\u00c9cole de Fl\u00fbte Fran\u00e7aise, l\u2019instrument inestimable du rayonnement de notre culture, de notre civilisation, de notre \u00e9conomie<br \/>\nHISTOIRE\u00a0&#8211; La sonate pour fl\u00fbte, alto et harpe de Debussy<br \/>\nHISTOIRE\u00a0&#8211; Debussy par lui-m\u00eame ou les chemins du d\u00e9sir<br \/>\nPORTRAIT &#8211;\u00a0Emmanuel Pahud, la fl\u00fbte au sommet<br \/>\nLUTHERIE &#8211;\u00a0La fl\u00fbte circulaire<br \/>\nR\u00c9TROSPECTIVES\u00a0&#8211; Retour en images sur la Ve Convention Internationale de la Fl\u00fbte<br \/>\nR\u00c9TROSPECTIVES\u00a0&#8211; Palmar\u00e8s du concours de dessin<br \/>\nP\u00c9DAGOGIE &#8211;\u00a0Hommages \u00e0 Angello Persichilli et Jean-Claude Diot<br \/>\nEN PRATIQUE &#8211;\u00a0Nouvelle r\u00e8glementation pour les fl\u00fbtes en \u00e9b\u00e8ne ou palissandre<\/p>\n","protected":false},"excerpt":{"rendered":"<p>DOSSIER &#8211;\u00a0L\u2019\u00c9cole de Fl\u00fbte Fran\u00e7aise, l\u2019instrument inestimable du rayonnement de notre culture, de notre civilisation, de notre \u00e9conomie<br \/>\nHISTOIRE\u00a0&#8211; La sonate pour fl\u00fbte, alto et harpe de Debussy<br \/>\nHISTOIRE\u00a0&#8211; Debussy par lui-m\u00eame ou les chemins du d\u00e9sir<br \/>\nPORTRAIT &#8211;\u00a0Emmanuel Pahud, la fl\u00fbte au sommet<br \/>\nLUTHERIE &#8211;\u00a0La fl\u00fbte circulaire<br \/>\nR\u00c9TROSPECTIVES\u00a0&#8211; Retour en images sur la Ve Convention Internationale de la Fl\u00fbte<br \/>\nR\u00c9TROSPECTIVES\u00a0&#8211; Palmar\u00e8s du concours de dessin<br \/>\nP\u00c9DAGOGIE &#8211;\u00a0Hommages \u00e0 Angello Persichilli et Jean-Claude Diot<br \/>\nEN PRATIQUE &#8211;\u00a0Nouvelle r\u00e8glementation pour les fl\u00fbtes en \u00e9b\u00e8ne ou palissandre<\/p>\n","protected":false},"featured_media":445,"template":"","meta":[],"yoast_head":"<!-- This site is optimized with the Yoast SEO plugin v17.5 - https:\/\/yoast.com\/wordpress\/plugins\/seo\/ -->\n<title>Traversi\u00e8res Magazine N\u00b0120 - LA TRAVERSIERE The french flute association<\/title>\n<meta name=\"robots\" content=\"index, follow, max-snippet:-1, max-image-preview:large, max-video-preview:-1\" \/>\n<link rel=\"canonical\" href=\"https:\/\/latraversiere.fr\/boutique\/traversieres-magazine\/traversieres-magazine-n120\/\" \/>\n<meta property=\"og:locale\" content=\"en_US\" \/>\n<meta property=\"og:type\" content=\"article\" \/>\n<meta property=\"og:title\" content=\"Traversi\u00e8res Magazine N\u00b0120 - LA TRAVERSIERE The french flute association\" \/>\n<meta property=\"og:description\" content=\"DOSSIER -\u00a0L\u2019\u00c9cole de Fl\u00fbte Fran\u00e7aise, l\u2019instrument inestimable du rayonnement de notre culture, de notre civilisation, de notre \u00e9conomie HISTOIRE\u00a0- La sonate pour fl\u00fbte, alto et harpe de Debussy HISTOIRE\u00a0- Debussy par lui-m\u00eame ou les chemins du d\u00e9sir PORTRAIT -\u00a0Emmanuel Pahud, la fl\u00fbte au sommet LUTHERIE -\u00a0La fl\u00fbte circulaire R\u00c9TROSPECTIVES\u00a0- Retour en images sur la Ve Convention Internationale de la Fl\u00fbte R\u00c9TROSPECTIVES\u00a0- Palmar\u00e8s du concours de dessin P\u00c9DAGOGIE -\u00a0Hommages \u00e0 Angello Persichilli et Jean-Claude Diot EN PRATIQUE -\u00a0Nouvelle r\u00e8glementation pour les fl\u00fbtes en \u00e9b\u00e8ne ou palissandre\" \/>\n<meta property=\"og:url\" content=\"https:\/\/latraversiere.fr\/boutique\/traversieres-magazine\/traversieres-magazine-n120\/\" \/>\n<meta property=\"og:site_name\" content=\"LA TRAVERSIERE The french flute association\" \/>\n<meta property=\"article:publisher\" content=\"https:\/\/www.facebook.com\/traversieres\/\" \/>\n<meta property=\"article:modified_time\" content=\"2022-06-26T07:48:08+00:00\" \/>\n<meta property=\"og:image\" content=\"https:\/\/latraversiere.fr\/wp-content\/uploads\/2017\/05\/2017-TM120-Cover.jpg\" \/>\n\t<meta property=\"og:image:width\" content=\"724\" \/>\n\t<meta property=\"og:image:height\" content=\"1024\" \/>\n<meta name=\"twitter:card\" content=\"summary\" \/>\n<meta name=\"twitter:site\" content=\"@La_Traversiere\" \/>\n<meta name=\"twitter:label1\" content=\"Est. reading time\" \/>\n\t<meta name=\"twitter:data1\" content=\"1 minute\" \/>\n<script type=\"application\/ld+json\" class=\"yoast-schema-graph\">{\"@context\":\"https:\/\/schema.org\",\"@graph\":[{\"@type\":\"Organization\",\"@id\":\"https:\/\/latraversiere.fr\/#organization\",\"name\":\"La Traversi\\u00e8re - Association Fran\\u00e7aise de la Fl\\u00fbte\",\"url\":\"https:\/\/latraversiere.fr\/\",\"sameAs\":[\"https:\/\/www.facebook.com\/traversieres\/\",\"https:\/\/www.instagram.com\/la_traversiere\/\",\"https:\/\/www.youtube.com\/channel\/UC46MEQZI2BfRZNFUFqc59Sw\",\"https:\/\/twitter.com\/La_Traversiere\"],\"logo\":{\"@type\":\"ImageObject\",\"@id\":\"https:\/\/latraversiere.fr\/#logo\",\"inLanguage\":\"en-US\",\"url\":\"https:\/\/latraversiere.fr\/wp-content\/uploads\/2018\/01\/LOGO-Traversiere-SITE-1.png\",\"contentUrl\":\"https:\/\/latraversiere.fr\/wp-content\/uploads\/2018\/01\/LOGO-Traversiere-SITE-1.png\",\"width\":539,\"height\":200,\"caption\":\"La Traversi\\u00e8re - Association Fran\\u00e7aise de la Fl\\u00fbte\"},\"image\":{\"@id\":\"https:\/\/latraversiere.fr\/#logo\"}},{\"@type\":\"WebSite\",\"@id\":\"https:\/\/latraversiere.fr\/#website\",\"url\":\"https:\/\/latraversiere.fr\/\",\"name\":\"LA TRAVERSIERE The french flute association\",\"description\":\"\",\"publisher\":{\"@id\":\"https:\/\/latraversiere.fr\/#organization\"},\"potentialAction\":[{\"@type\":\"SearchAction\",\"target\":{\"@type\":\"EntryPoint\",\"urlTemplate\":\"https:\/\/latraversiere.fr\/?s={search_term_string}\"},\"query-input\":\"required name=search_term_string\"}],\"inLanguage\":\"en-US\"},{\"@type\":\"ImageObject\",\"@id\":\"https:\/\/latraversiere.fr\/boutique\/traversieres-magazine\/traversieres-magazine-n120\/#primaryimage\",\"inLanguage\":\"en-US\",\"url\":\"https:\/\/latraversiere.fr\/wp-content\/uploads\/2017\/05\/2017-TM120-Cover.jpg\",\"contentUrl\":\"https:\/\/latraversiere.fr\/wp-content\/uploads\/2017\/05\/2017-TM120-Cover.jpg\",\"width\":724,\"height\":1024,\"caption\":\"Traversi\\u00e8res Magazine N\\u00b0120\"},{\"@type\":\"WebPage\",\"@id\":\"https:\/\/latraversiere.fr\/boutique\/traversieres-magazine\/traversieres-magazine-n120\/#webpage\",\"url\":\"https:\/\/latraversiere.fr\/boutique\/traversieres-magazine\/traversieres-magazine-n120\/\",\"name\":\"Traversi\\u00e8res Magazine N\\u00b0120 - LA TRAVERSIERE The french flute association\",\"isPartOf\":{\"@id\":\"https:\/\/latraversiere.fr\/#website\"},\"primaryImageOfPage\":{\"@id\":\"https:\/\/latraversiere.fr\/boutique\/traversieres-magazine\/traversieres-magazine-n120\/#primaryimage\"},\"datePublished\":\"2017-02-21T19:39:23+00:00\",\"dateModified\":\"2022-06-26T07:48:08+00:00\",\"breadcrumb\":{\"@id\":\"https:\/\/latraversiere.fr\/boutique\/traversieres-magazine\/traversieres-magazine-n120\/#breadcrumb\"},\"inLanguage\":\"en-US\",\"potentialAction\":[{\"@type\":\"ReadAction\",\"target\":[\"https:\/\/latraversiere.fr\/boutique\/traversieres-magazine\/traversieres-magazine-n120\/\"]}]},{\"@type\":\"BreadcrumbList\",\"@id\":\"https:\/\/latraversiere.fr\/boutique\/traversieres-magazine\/traversieres-magazine-n120\/#breadcrumb\",\"itemListElement\":[{\"@type\":\"ListItem\",\"position\":1,\"name\":\"Accueil\",\"item\":\"https:\/\/latraversiere.fr\/\"},{\"@type\":\"ListItem\",\"position\":2,\"name\":\"Boutique\",\"item\":\"https:\/\/latraversiere.fr\/en\/boutique\/\"},{\"@type\":\"ListItem\",\"position\":3,\"name\":\"Traversi\\u00e8res Magazine N\\u00b0120\"}]}]}<\/script>\n<!-- \/ Yoast SEO plugin. -->","yoast_head_json":{"title":"Traversi\u00e8res Magazine N\u00b0120 - LA TRAVERSIERE The french flute association","robots":{"index":"index","follow":"follow","max-snippet":"max-snippet:-1","max-image-preview":"max-image-preview:large","max-video-preview":"max-video-preview:-1"},"canonical":"https:\/\/latraversiere.fr\/boutique\/traversieres-magazine\/traversieres-magazine-n120\/","og_locale":"en_US","og_type":"article","og_title":"Traversi\u00e8res Magazine N\u00b0120 - LA TRAVERSIERE The french flute association","og_description":"DOSSIER -\u00a0L\u2019\u00c9cole de Fl\u00fbte Fran\u00e7aise, l\u2019instrument inestimable du rayonnement de notre culture, de notre civilisation, de notre \u00e9conomie HISTOIRE\u00a0- La sonate pour fl\u00fbte, alto et harpe de Debussy HISTOIRE\u00a0- Debussy par lui-m\u00eame ou les chemins du d\u00e9sir PORTRAIT -\u00a0Emmanuel Pahud, la fl\u00fbte au sommet LUTHERIE -\u00a0La fl\u00fbte circulaire R\u00c9TROSPECTIVES\u00a0- Retour en images sur la Ve Convention Internationale de la Fl\u00fbte R\u00c9TROSPECTIVES\u00a0- Palmar\u00e8s du concours de dessin P\u00c9DAGOGIE -\u00a0Hommages \u00e0 Angello Persichilli et Jean-Claude Diot EN PRATIQUE -\u00a0Nouvelle r\u00e8glementation pour les fl\u00fbtes en \u00e9b\u00e8ne ou palissandre","og_url":"https:\/\/latraversiere.fr\/boutique\/traversieres-magazine\/traversieres-magazine-n120\/","og_site_name":"LA TRAVERSIERE The french flute association","article_publisher":"https:\/\/www.facebook.com\/traversieres\/","article_modified_time":"2022-06-26T07:48:08+00:00","og_image":[{"width":724,"height":1024,"url":"https:\/\/latraversiere.fr\/wp-content\/uploads\/2017\/05\/2017-TM120-Cover.jpg","type":"image\/jpeg"}],"twitter_card":"summary","twitter_site":"@La_Traversiere","twitter_misc":{"Est. reading time":"1 minute"},"schema":{"@context":"https:\/\/schema.org","@graph":[{"@type":"Organization","@id":"https:\/\/latraversiere.fr\/#organization","name":"La Traversi\u00e8re - Association Fran\u00e7aise de la Fl\u00fbte","url":"https:\/\/latraversiere.fr\/","sameAs":["https:\/\/www.facebook.com\/traversieres\/","https:\/\/www.instagram.com\/la_traversiere\/","https:\/\/www.youtube.com\/channel\/UC46MEQZI2BfRZNFUFqc59Sw","https:\/\/twitter.com\/La_Traversiere"],"logo":{"@type":"ImageObject","@id":"https:\/\/latraversiere.fr\/#logo","inLanguage":"en-US","url":"https:\/\/latraversiere.fr\/wp-content\/uploads\/2018\/01\/LOGO-Traversiere-SITE-1.png","contentUrl":"https:\/\/latraversiere.fr\/wp-content\/uploads\/2018\/01\/LOGO-Traversiere-SITE-1.png","width":539,"height":200,"caption":"La Traversi\u00e8re - Association Fran\u00e7aise de la Fl\u00fbte"},"image":{"@id":"https:\/\/latraversiere.fr\/#logo"}},{"@type":"WebSite","@id":"https:\/\/latraversiere.fr\/#website","url":"https:\/\/latraversiere.fr\/","name":"LA TRAVERSIERE The french flute association","description":"","publisher":{"@id":"https:\/\/latraversiere.fr\/#organization"},"potentialAction":[{"@type":"SearchAction","target":{"@type":"EntryPoint","urlTemplate":"https:\/\/latraversiere.fr\/?s={search_term_string}"},"query-input":"required name=search_term_string"}],"inLanguage":"en-US"},{"@type":"ImageObject","@id":"https:\/\/latraversiere.fr\/boutique\/traversieres-magazine\/traversieres-magazine-n120\/#primaryimage","inLanguage":"en-US","url":"https:\/\/latraversiere.fr\/wp-content\/uploads\/2017\/05\/2017-TM120-Cover.jpg","contentUrl":"https:\/\/latraversiere.fr\/wp-content\/uploads\/2017\/05\/2017-TM120-Cover.jpg","width":724,"height":1024,"caption":"Traversi\u00e8res Magazine N\u00b0120"},{"@type":"WebPage","@id":"https:\/\/latraversiere.fr\/boutique\/traversieres-magazine\/traversieres-magazine-n120\/#webpage","url":"https:\/\/latraversiere.fr\/boutique\/traversieres-magazine\/traversieres-magazine-n120\/","name":"Traversi\u00e8res Magazine N\u00b0120 - LA TRAVERSIERE The french flute association","isPartOf":{"@id":"https:\/\/latraversiere.fr\/#website"},"primaryImageOfPage":{"@id":"https:\/\/latraversiere.fr\/boutique\/traversieres-magazine\/traversieres-magazine-n120\/#primaryimage"},"datePublished":"2017-02-21T19:39:23+00:00","dateModified":"2022-06-26T07:48:08+00:00","breadcrumb":{"@id":"https:\/\/latraversiere.fr\/boutique\/traversieres-magazine\/traversieres-magazine-n120\/#breadcrumb"},"inLanguage":"en-US","potentialAction":[{"@type":"ReadAction","target":["https:\/\/latraversiere.fr\/boutique\/traversieres-magazine\/traversieres-magazine-n120\/"]}]},{"@type":"BreadcrumbList","@id":"https:\/\/latraversiere.fr\/boutique\/traversieres-magazine\/traversieres-magazine-n120\/#breadcrumb","itemListElement":[{"@type":"ListItem","position":1,"name":"Accueil","item":"https:\/\/latraversiere.fr\/"},{"@type":"ListItem","position":2,"name":"Boutique","item":"https:\/\/latraversiere.fr\/en\/boutique\/"},{"@type":"ListItem","position":3,"name":"Traversi\u00e8res Magazine N\u00b0120"}]}]}},"_links":{"self":[{"href":"https:\/\/latraversiere.fr\/en\/wp-json\/wp\/v2\/product\/442"}],"collection":[{"href":"https:\/\/latraversiere.fr\/en\/wp-json\/wp\/v2\/product"}],"about":[{"href":"https:\/\/latraversiere.fr\/en\/wp-json\/wp\/v2\/types\/product"}],"wp:featuredmedia":[{"embeddable":true,"href":"https:\/\/latraversiere.fr\/en\/wp-json\/wp\/v2\/media\/445"}],"wp:attachment":[{"href":"https:\/\/latraversiere.fr\/en\/wp-json\/wp\/v2\/media?parent=442"}],"curies":[{"name":"wp","href":"https:\/\/api.w.org\/{rel}","templated":true}]}}