{"id":498,"date":"2017-07-31T20:14:09","date_gmt":"2017-07-31T18:14:09","guid":{"rendered":"http:\/\/s465217036.onlinehome.fr\/TravNS\/?post_type=product&#038;p=498"},"modified":"2025-05-22T15:10:28","modified_gmt":"2025-05-22T13:10:28","slug":"antiloops-lucid-dream","status":"publish","type":"product","link":"https:\/\/latraversiere.fr\/en\/boutique\/cd-dvd\/antiloops-lucid-dream\/","title":{"rendered":"Antiloops &#8211; Lucid Dream"},"content":{"rendered":"","protected":false},"excerpt":{"rendered":"<p><strong>Ludivine ISSAMBOURG : fl\u00fbtes, compositions, prods <\/strong><\/p>\n<p><strong>Timoth\u00e9e Robert : basse, compositions, prods &#8211; Nicolas S\u00e9ri\u00e9 : claviers, compositions &#8211; Maxime Zampieri et Julien S\u00e9ri\u00e9 : batterie, Dj Topic : scrachs, Mathieu Gibert aka Mr Gib : real &amp; mix &#8211; La villa : mastering.<\/strong><\/p>\n<p>L\u2019\u00e9coute des douze titres de ce second album donne \u00e0 entendre que Ludivine Issambourg (cf. Traversi\u00e8res Magazine n\u00b0113) assemble avec beaucoup d\u2019habilet\u00e9 jazz divers et hip hop.<\/p>\n<p>Cette fusion s\u2019accompagne d\u2019un gros travail de mixage du son. Apr\u00e8s \u2018\u2019Electroshock\u2019\u2019, \u2018\u2019Lucid Dream\u2019\u2019 poursuit ce subtil amalgame des musiques actuelles avec les plus r\u00e9centes techniques de traitement du son en projetant la fl\u00fbte sur le devant d\u2019une sc\u00e8ne musicale o\u00f9 jusqu\u2019alors cet instrument n\u2019\u00e9tait pas en lumi\u00e8re.<\/p>\n","protected":false},"featured_media":499,"template":"","meta":[],"yoast_head":"<!-- This site is optimized with the Yoast SEO plugin v17.5 - https:\/\/yoast.com\/wordpress\/plugins\/seo\/ -->\n<title>Antiloops - Lucid Dream - LA TRAVERSIERE The french flute association<\/title>\n<meta name=\"robots\" content=\"index, follow, max-snippet:-1, max-image-preview:large, max-video-preview:-1\" \/>\n<link rel=\"canonical\" href=\"https:\/\/latraversiere.fr\/boutique\/cd-dvd\/antiloops-lucid-dream\/\" \/>\n<meta property=\"og:locale\" content=\"en_US\" \/>\n<meta property=\"og:type\" content=\"article\" \/>\n<meta property=\"og:title\" content=\"Antiloops - Lucid Dream - LA TRAVERSIERE The french flute association\" \/>\n<meta property=\"og:description\" content=\"[:fr]Ludivine ISSAMBOURG : fl\u00fbtes, compositions, prods   Timoth\u00e9e Robert : basse, compositions, prods - Nicolas S\u00e9ri\u00e9 : claviers, compositions - Maxime Zampieri et Julien S\u00e9ri\u00e9 : batterie, Dj Topic : scrachs, Mathieu Gibert aka Mr Gib : real &amp; mix - La villa : mastering.  L\u2019\u00e9coute des douze titres de ce second album donne \u00e0 entendre que Ludivine Issambourg (cf. Traversi\u00e8res Magazine n\u00b0113) assemble avec beaucoup d\u2019habilet\u00e9 jazz divers et hip hop.  Cette fusion s\u2019accompagne d\u2019un gros travail de mixage du son. Apr\u00e8s \u2018\u2019Electroshock\u2019\u2019, \u2018\u2019Lucid Dream\u2019\u2019 poursuit ce subtil amalgame des musiques actuelles avec les plus r\u00e9centes techniques de traitement du son en projetant la fl\u00fbte sur le devant d\u2019une sc\u00e8ne musicale o\u00f9 jusqu\u2019alors cet instrument n\u2019\u00e9tait pas en lumi\u00e8re.  Offre termin\u00e9e[:en]Ludivine ISSAMBOURG : fl\u00fbtes, compositions, prods   Timoth\u00e9e Robert : basse, compositions, prods - Nicolas S\u00e9ri\u00e9 : claviers, compositions - Maxime Zampieri et Julien S\u00e9ri\u00e9 : batterie, Dj Topic : scrachs, Mathieu Gibert aka Mr Gib : real &amp; mix - La villa : mastering.  L\u2019\u00e9coute des douze titres de ce second album donne \u00e0 entendre que Ludivine Issambourg (cf. Traversi\u00e8res Magazine n\u00b0113) assemble avec beaucoup d\u2019habilet\u00e9 jazz divers et hip hop.  Cette fusion s\u2019accompagne d\u2019un gros travail de mixage du son. Apr\u00e8s \u2018\u2019Electroshock\u2019\u2019, \u2018\u2019Lucid Dream\u2019\u2019 poursuit ce subtil amalgame des musiques actuelles avec les plus r\u00e9centes techniques de traitement du son en projetant la fl\u00fbte sur le devant d\u2019une sc\u00e8ne musicale o\u00f9 jusqu\u2019alors cet instrument n\u2019\u00e9tait pas en lumi\u00e8re.[:]\" \/>\n<meta property=\"og:url\" content=\"https:\/\/latraversiere.fr\/boutique\/cd-dvd\/antiloops-lucid-dream\/\" \/>\n<meta property=\"og:site_name\" content=\"LA TRAVERSIERE The french flute association\" \/>\n<meta property=\"article:publisher\" content=\"https:\/\/www.facebook.com\/traversieres\/\" \/>\n<meta property=\"article:modified_time\" content=\"2025-05-22T13:10:28+00:00\" \/>\n<meta property=\"og:image\" content=\"https:\/\/latraversiere.fr\/wp-content\/uploads\/2017\/07\/Lucid-Dream.jpg\" \/>\n\t<meta property=\"og:image:width\" content=\"370\" \/>\n\t<meta property=\"og:image:height\" content=\"370\" \/>\n<meta name=\"twitter:card\" content=\"summary\" \/>\n<meta name=\"twitter:site\" content=\"@La_Traversiere\" \/>\n<script type=\"application\/ld+json\" class=\"yoast-schema-graph\">{\"@context\":\"https:\/\/schema.org\",\"@graph\":[{\"@type\":\"Organization\",\"@id\":\"https:\/\/latraversiere.fr\/#organization\",\"name\":\"La Traversi\\u00e8re - Association Fran\\u00e7aise de la Fl\\u00fbte\",\"url\":\"https:\/\/latraversiere.fr\/\",\"sameAs\":[\"https:\/\/www.facebook.com\/traversieres\/\",\"https:\/\/www.instagram.com\/la_traversiere\/\",\"https:\/\/www.youtube.com\/channel\/UC46MEQZI2BfRZNFUFqc59Sw\",\"https:\/\/twitter.com\/La_Traversiere\"],\"logo\":{\"@type\":\"ImageObject\",\"@id\":\"https:\/\/latraversiere.fr\/#logo\",\"inLanguage\":\"en-US\",\"url\":\"https:\/\/latraversiere.fr\/wp-content\/uploads\/2018\/01\/LOGO-Traversiere-SITE-1.png\",\"contentUrl\":\"https:\/\/latraversiere.fr\/wp-content\/uploads\/2018\/01\/LOGO-Traversiere-SITE-1.png\",\"width\":539,\"height\":200,\"caption\":\"La Traversi\\u00e8re - Association Fran\\u00e7aise de la Fl\\u00fbte\"},\"image\":{\"@id\":\"https:\/\/latraversiere.fr\/#logo\"}},{\"@type\":\"WebSite\",\"@id\":\"https:\/\/latraversiere.fr\/#website\",\"url\":\"https:\/\/latraversiere.fr\/\",\"name\":\"LA TRAVERSIERE The french flute association\",\"description\":\"\",\"publisher\":{\"@id\":\"https:\/\/latraversiere.fr\/#organization\"},\"potentialAction\":[{\"@type\":\"SearchAction\",\"target\":{\"@type\":\"EntryPoint\",\"urlTemplate\":\"https:\/\/latraversiere.fr\/?s={search_term_string}\"},\"query-input\":\"required name=search_term_string\"}],\"inLanguage\":\"en-US\"},{\"@type\":\"ImageObject\",\"@id\":\"https:\/\/latraversiere.fr\/boutique\/cd-dvd\/antiloops-lucid-dream\/#primaryimage\",\"inLanguage\":\"en-US\",\"url\":\"https:\/\/latraversiere.fr\/wp-content\/uploads\/2017\/07\/Lucid-Dream.jpg\",\"contentUrl\":\"https:\/\/latraversiere.fr\/wp-content\/uploads\/2017\/07\/Lucid-Dream.jpg\",\"width\":370,\"height\":370},{\"@type\":\"WebPage\",\"@id\":\"https:\/\/latraversiere.fr\/boutique\/cd-dvd\/antiloops-lucid-dream\/#webpage\",\"url\":\"https:\/\/latraversiere.fr\/boutique\/cd-dvd\/antiloops-lucid-dream\/\",\"name\":\"Antiloops - Lucid Dream - LA TRAVERSIERE The french flute association\",\"isPartOf\":{\"@id\":\"https:\/\/latraversiere.fr\/#website\"},\"primaryImageOfPage\":{\"@id\":\"https:\/\/latraversiere.fr\/boutique\/cd-dvd\/antiloops-lucid-dream\/#primaryimage\"},\"datePublished\":\"2017-07-31T18:14:09+00:00\",\"dateModified\":\"2025-05-22T13:10:28+00:00\",\"breadcrumb\":{\"@id\":\"https:\/\/latraversiere.fr\/boutique\/cd-dvd\/antiloops-lucid-dream\/#breadcrumb\"},\"inLanguage\":\"en-US\",\"potentialAction\":[{\"@type\":\"ReadAction\",\"target\":[\"https:\/\/latraversiere.fr\/boutique\/cd-dvd\/antiloops-lucid-dream\/\"]}]},{\"@type\":\"BreadcrumbList\",\"@id\":\"https:\/\/latraversiere.fr\/boutique\/cd-dvd\/antiloops-lucid-dream\/#breadcrumb\",\"itemListElement\":[{\"@type\":\"ListItem\",\"position\":1,\"name\":\"Accueil\",\"item\":\"https:\/\/latraversiere.fr\/\"},{\"@type\":\"ListItem\",\"position\":2,\"name\":\"Boutique\",\"item\":\"https:\/\/latraversiere.fr\/en\/boutique\/\"},{\"@type\":\"ListItem\",\"position\":3,\"name\":\"Antiloops &#8211; Lucid Dream\"}]}]}<\/script>\n<!-- \/ Yoast SEO plugin. -->","yoast_head_json":{"title":"Antiloops - Lucid Dream - LA TRAVERSIERE The french flute association","robots":{"index":"index","follow":"follow","max-snippet":"max-snippet:-1","max-image-preview":"max-image-preview:large","max-video-preview":"max-video-preview:-1"},"canonical":"https:\/\/latraversiere.fr\/boutique\/cd-dvd\/antiloops-lucid-dream\/","og_locale":"en_US","og_type":"article","og_title":"Antiloops - Lucid Dream - LA TRAVERSIERE The french flute association","og_description":"[:fr]Ludivine ISSAMBOURG : fl\u00fbtes, compositions, prods   Timoth\u00e9e Robert : basse, compositions, prods - Nicolas S\u00e9ri\u00e9 : claviers, compositions - Maxime Zampieri et Julien S\u00e9ri\u00e9 : batterie, Dj Topic : scrachs, Mathieu Gibert aka Mr Gib : real &amp; mix - La villa : mastering.  L\u2019\u00e9coute des douze titres de ce second album donne \u00e0 entendre que Ludivine Issambourg (cf. Traversi\u00e8res Magazine n\u00b0113) assemble avec beaucoup d\u2019habilet\u00e9 jazz divers et hip hop.  Cette fusion s\u2019accompagne d\u2019un gros travail de mixage du son. Apr\u00e8s \u2018\u2019Electroshock\u2019\u2019, \u2018\u2019Lucid Dream\u2019\u2019 poursuit ce subtil amalgame des musiques actuelles avec les plus r\u00e9centes techniques de traitement du son en projetant la fl\u00fbte sur le devant d\u2019une sc\u00e8ne musicale o\u00f9 jusqu\u2019alors cet instrument n\u2019\u00e9tait pas en lumi\u00e8re.  Offre termin\u00e9e[:en]Ludivine ISSAMBOURG : fl\u00fbtes, compositions, prods   Timoth\u00e9e Robert : basse, compositions, prods - Nicolas S\u00e9ri\u00e9 : claviers, compositions - Maxime Zampieri et Julien S\u00e9ri\u00e9 : batterie, Dj Topic : scrachs, Mathieu Gibert aka Mr Gib : real &amp; mix - La villa : mastering.  L\u2019\u00e9coute des douze titres de ce second album donne \u00e0 entendre que Ludivine Issambourg (cf. Traversi\u00e8res Magazine n\u00b0113) assemble avec beaucoup d\u2019habilet\u00e9 jazz divers et hip hop.  Cette fusion s\u2019accompagne d\u2019un gros travail de mixage du son. Apr\u00e8s \u2018\u2019Electroshock\u2019\u2019, \u2018\u2019Lucid Dream\u2019\u2019 poursuit ce subtil amalgame des musiques actuelles avec les plus r\u00e9centes techniques de traitement du son en projetant la fl\u00fbte sur le devant d\u2019une sc\u00e8ne musicale o\u00f9 jusqu\u2019alors cet instrument n\u2019\u00e9tait pas en lumi\u00e8re.[:]","og_url":"https:\/\/latraversiere.fr\/boutique\/cd-dvd\/antiloops-lucid-dream\/","og_site_name":"LA TRAVERSIERE The french flute association","article_publisher":"https:\/\/www.facebook.com\/traversieres\/","article_modified_time":"2025-05-22T13:10:28+00:00","og_image":[{"width":370,"height":370,"url":"https:\/\/latraversiere.fr\/wp-content\/uploads\/2017\/07\/Lucid-Dream.jpg","type":"image\/jpeg"}],"twitter_card":"summary","twitter_site":"@La_Traversiere","schema":{"@context":"https:\/\/schema.org","@graph":[{"@type":"Organization","@id":"https:\/\/latraversiere.fr\/#organization","name":"La Traversi\u00e8re - Association Fran\u00e7aise de la Fl\u00fbte","url":"https:\/\/latraversiere.fr\/","sameAs":["https:\/\/www.facebook.com\/traversieres\/","https:\/\/www.instagram.com\/la_traversiere\/","https:\/\/www.youtube.com\/channel\/UC46MEQZI2BfRZNFUFqc59Sw","https:\/\/twitter.com\/La_Traversiere"],"logo":{"@type":"ImageObject","@id":"https:\/\/latraversiere.fr\/#logo","inLanguage":"en-US","url":"https:\/\/latraversiere.fr\/wp-content\/uploads\/2018\/01\/LOGO-Traversiere-SITE-1.png","contentUrl":"https:\/\/latraversiere.fr\/wp-content\/uploads\/2018\/01\/LOGO-Traversiere-SITE-1.png","width":539,"height":200,"caption":"La Traversi\u00e8re - Association Fran\u00e7aise de la Fl\u00fbte"},"image":{"@id":"https:\/\/latraversiere.fr\/#logo"}},{"@type":"WebSite","@id":"https:\/\/latraversiere.fr\/#website","url":"https:\/\/latraversiere.fr\/","name":"LA TRAVERSIERE The french flute association","description":"","publisher":{"@id":"https:\/\/latraversiere.fr\/#organization"},"potentialAction":[{"@type":"SearchAction","target":{"@type":"EntryPoint","urlTemplate":"https:\/\/latraversiere.fr\/?s={search_term_string}"},"query-input":"required name=search_term_string"}],"inLanguage":"en-US"},{"@type":"ImageObject","@id":"https:\/\/latraversiere.fr\/boutique\/cd-dvd\/antiloops-lucid-dream\/#primaryimage","inLanguage":"en-US","url":"https:\/\/latraversiere.fr\/wp-content\/uploads\/2017\/07\/Lucid-Dream.jpg","contentUrl":"https:\/\/latraversiere.fr\/wp-content\/uploads\/2017\/07\/Lucid-Dream.jpg","width":370,"height":370},{"@type":"WebPage","@id":"https:\/\/latraversiere.fr\/boutique\/cd-dvd\/antiloops-lucid-dream\/#webpage","url":"https:\/\/latraversiere.fr\/boutique\/cd-dvd\/antiloops-lucid-dream\/","name":"Antiloops - Lucid Dream - LA TRAVERSIERE The french flute association","isPartOf":{"@id":"https:\/\/latraversiere.fr\/#website"},"primaryImageOfPage":{"@id":"https:\/\/latraversiere.fr\/boutique\/cd-dvd\/antiloops-lucid-dream\/#primaryimage"},"datePublished":"2017-07-31T18:14:09+00:00","dateModified":"2025-05-22T13:10:28+00:00","breadcrumb":{"@id":"https:\/\/latraversiere.fr\/boutique\/cd-dvd\/antiloops-lucid-dream\/#breadcrumb"},"inLanguage":"en-US","potentialAction":[{"@type":"ReadAction","target":["https:\/\/latraversiere.fr\/boutique\/cd-dvd\/antiloops-lucid-dream\/"]}]},{"@type":"BreadcrumbList","@id":"https:\/\/latraversiere.fr\/boutique\/cd-dvd\/antiloops-lucid-dream\/#breadcrumb","itemListElement":[{"@type":"ListItem","position":1,"name":"Accueil","item":"https:\/\/latraversiere.fr\/"},{"@type":"ListItem","position":2,"name":"Boutique","item":"https:\/\/latraversiere.fr\/en\/boutique\/"},{"@type":"ListItem","position":3,"name":"Antiloops &#8211; Lucid Dream"}]}]}},"_links":{"self":[{"href":"https:\/\/latraversiere.fr\/en\/wp-json\/wp\/v2\/product\/498"}],"collection":[{"href":"https:\/\/latraversiere.fr\/en\/wp-json\/wp\/v2\/product"}],"about":[{"href":"https:\/\/latraversiere.fr\/en\/wp-json\/wp\/v2\/types\/product"}],"wp:featuredmedia":[{"embeddable":true,"href":"https:\/\/latraversiere.fr\/en\/wp-json\/wp\/v2\/media\/499"}],"wp:attachment":[{"href":"https:\/\/latraversiere.fr\/en\/wp-json\/wp\/v2\/media?parent=498"}],"curies":[{"name":"wp","href":"https:\/\/api.w.org\/{rel}","templated":true}]}}