{"id":5007,"date":"2018-10-06T12:19:51","date_gmt":"2018-10-06T10:19:51","guid":{"rendered":"https:\/\/latraversiere.fr\/?post_type=product&#038;p=5007"},"modified":"2018-10-06T12:44:28","modified_gmt":"2018-10-06T10:44:28","slug":"panorama-pour-flute-et-orchestre","status":"publish","type":"product","link":"https:\/\/latraversiere.fr\/en\/boutique\/cd-dvd\/panorama-pour-flute-et-orchestre\/","title":{"rendered":"Panorama pour flute et orchestre"},"content":{"rendered":"<p class=\"qtranxs-available-languages-message qtranxs-available-languages-message-en\">Sorry, this entry is only available in <a href=\"https:\/\/latraversiere.fr\/fr\/wp-json\/wp\/v2\/product\/5007\" class=\"qtranxs-available-language-link qtranxs-available-language-link-fr\" title=\"Fran\u00e7ais\">French<\/a>. For the sake of viewer convenience, the content is shown below in the alternative language. You may click the link to switch the active language.<\/p><p><strong>Michel DEBOST : Fl\u00fbte<br \/>\nFran\u00e7ois-Xavier ROTH : Direction<\/strong><\/p>\n<p>Apr\u00e8s une carri\u00e8re exemplaire dans laquelle il aura excell\u00e9 dans tous les domaines (sur sc\u00e8ne, au disque, et comme p\u00e9dagogue), Michel Debost f\u00eate son 70 \u00e8me anniversaire avec un panorama d&#8217;oeuvres franco-am\u00e9ricaines pour fl\u00fbte et orchestre, en compagnie de Fran\u00e7ois-Xavier Roth, nouvelle star montante de la direction d&#8217;orchestre.<br \/>\nUn r\u00e9pertoire que le fl\u00fbtiste affectionne depuis toujours et qu&#8217;il interpr\u00e8te d&#8217;une fa\u00e7on magistrale.<\/p>\n<p>Georges H\u00fce : Fantaisie<br \/>\nCharles Tomlinson Griffes : Poem<br \/>\nCamille Saint-Sa\u00ebns : Odelette op. 162<br \/>\nC\u00e9cile Chaminade : Concertino op. 107<br \/>\nArthur Foote : A night piece<br \/>\nCamille Saint-Sa\u00ebns : Romance, op.37<br \/>\nCamille Saint-Sa\u00ebns : Extraits du ballet Ascanio<br \/>\nL\u00e9onard Bernstein : Halil<br \/>\nPierre Boulez : M\u00e9moriale<\/p>","protected":false},"excerpt":{"rendered":"<p class=\"qtranxs-available-languages-message qtranxs-available-languages-message-en\">Sorry, this entry is only available in <a href=\"https:\/\/latraversiere.fr\/fr\/wp-json\/wp\/v2\/product\/5007\" class=\"qtranxs-available-language-link qtranxs-available-language-link-fr\" title=\"Fran\u00e7ais\">French<\/a>. For the sake of viewer convenience, the content is shown below in the alternative language. You may click the link to switch the active language.<\/p>\n<p><strong>Michel DEBOST : Fl\u00fbte<br \/>\nFran\u00e7ois-Xavier ROTH : Direction<\/strong><\/p>\n<p>Apr\u00e8s une carri\u00e8re exemplaire dans laquelle il aura excell\u00e9 dans tous les domaines (sur sc\u00e8ne, au disque, et comme p\u00e9dagogue), Michel Debost f\u00eate son 70 \u00e8me anniversaire avec un panorama d&#039;oeuvres franco-am\u00e9ricaines pour fl\u00fbte et orchestre, en compagnie de Fran\u00e7ois-Xavier Roth, nouvelle star montante de la direction d&#039;orchestre.<br \/>\nUn r\u00e9pertoire que le fl\u00fbtiste affectionne depuis toujours et qu&#039;il interpr\u00e8te d&#039;une fa\u00e7on magistrale.<\/p>\n<p>Georges H\u00fce : Fantaisie<br \/>\nCharles Tomlinson Griffes : Poem<br \/>\nCamille Saint-Sa\u00ebns : Odelette op. 162<br \/>\nC\u00e9cile Chaminade : Concertino op. 107<br \/>\nArthur Foote : A night piece<br \/>\nCamille Saint-Sa\u00ebns : Romance, op.37<br \/>\nCamille Saint-Sa\u00ebns : Extraits du ballet Ascanio<br \/>\nL\u00e9onard Bernstein : Halil<br \/>\nPierre Boulez : M\u00e9moriale<\/p>\n","protected":false},"featured_media":5009,"template":"","meta":[],"yoast_head":"<!-- This site is optimized with the Yoast SEO plugin v17.5 - https:\/\/yoast.com\/wordpress\/plugins\/seo\/ -->\n<title><\/title>\n<meta name=\"robots\" content=\"index, follow, max-snippet:-1, max-image-preview:large, max-video-preview:-1\" \/>\n<link rel=\"canonical\" href=\"https:\/\/latraversiere.fr\/en\/boutique\/cd-dvd\/panorama-pour-flute-et-orchestre\/\" \/>\n<meta property=\"og:locale\" content=\"en_US\" \/>\n<meta property=\"og:type\" content=\"article\" \/>\n<meta property=\"og:title\" content=\"[:fr]Panorama pour flute et orchestre[:] - LA TRAVERSIERE The french flute association\" \/>\n<meta property=\"og:description\" content=\"[:fr]Michel DEBOST : Fl\u00fbte Fran\u00e7ois-Xavier ROTH : Direction  Apr\u00e8s une carri\u00e8re exemplaire dans laquelle il aura excell\u00e9 dans tous les domaines (sur sc\u00e8ne, au disque, et comme p\u00e9dagogue), Michel Debost f\u00eate son 70 \u00e8me anniversaire avec un panorama d&#039;oeuvres franco-am\u00e9ricaines pour fl\u00fbte et orchestre, en compagnie de Fran\u00e7ois-Xavier Roth, nouvelle star montante de la direction d&#039;orchestre. Un r\u00e9pertoire que le fl\u00fbtiste affectionne depuis toujours et qu&#039;il interpr\u00e8te d&#039;une fa\u00e7on magistrale.  Georges H\u00fce : Fantaisie Charles Tomlinson Griffes : Poem Camille Saint-Sa\u00ebns : Odelette op. 162 C\u00e9cile Chaminade : Concertino op. 107 Arthur Foote : A night piece Camille Saint-Sa\u00ebns : Romance, op.37 Camille Saint-Sa\u00ebns : Extraits du ballet Ascanio L\u00e9onard Bernstein : Halil Pierre Boulez : M\u00e9moriale[:]\" \/>\n<meta property=\"og:url\" content=\"https:\/\/latraversiere.fr\/en\/boutique\/cd-dvd\/panorama-pour-flute-et-orchestre\/\" \/>\n<meta property=\"og:site_name\" content=\"LA TRAVERSIERE The french flute association\" \/>\n<meta property=\"article:publisher\" content=\"https:\/\/www.facebook.com\/traversieres\/\" \/>\n<meta property=\"article:modified_time\" content=\"2018-10-06T10:44:28+00:00\" \/>\n<meta property=\"og:image\" content=\"https:\/\/latraversiere.fr\/wp-content\/uploads\/2018\/10\/PanoramaPourFluteOrchestre-MichelDebost.jpg\" \/>\n\t<meta property=\"og:image:width\" content=\"1024\" \/>\n\t<meta property=\"og:image:height\" content=\"1024\" \/>\n<meta name=\"twitter:card\" content=\"summary\" \/>\n<meta name=\"twitter:site\" content=\"@La_Traversiere\" \/>\n<meta name=\"twitter:label1\" content=\"Est. reading time\" \/>\n\t<meta name=\"twitter:data1\" content=\"1 minute\" \/>\n<script type=\"application\/ld+json\" class=\"yoast-schema-graph\">{\"@context\":\"https:\/\/schema.org\",\"@graph\":[{\"@type\":\"Organization\",\"@id\":\"https:\/\/latraversiere.fr\/#organization\",\"name\":\"La Traversi\\u00e8re - Association Fran\\u00e7aise de la Fl\\u00fbte\",\"url\":\"https:\/\/latraversiere.fr\/\",\"sameAs\":[\"https:\/\/www.facebook.com\/traversieres\/\",\"https:\/\/www.instagram.com\/la_traversiere\/\",\"https:\/\/www.youtube.com\/channel\/UC46MEQZI2BfRZNFUFqc59Sw\",\"https:\/\/twitter.com\/La_Traversiere\"],\"logo\":{\"@type\":\"ImageObject\",\"@id\":\"https:\/\/latraversiere.fr\/#logo\",\"inLanguage\":\"en-US\",\"url\":\"https:\/\/latraversiere.fr\/wp-content\/uploads\/2018\/01\/LOGO-Traversiere-SITE-1.png\",\"contentUrl\":\"https:\/\/latraversiere.fr\/wp-content\/uploads\/2018\/01\/LOGO-Traversiere-SITE-1.png\",\"width\":539,\"height\":200,\"caption\":\"La Traversi\\u00e8re - Association Fran\\u00e7aise de la Fl\\u00fbte\"},\"image\":{\"@id\":\"https:\/\/latraversiere.fr\/#logo\"}},{\"@type\":\"WebSite\",\"@id\":\"https:\/\/latraversiere.fr\/#website\",\"url\":\"https:\/\/latraversiere.fr\/\",\"name\":\"LA TRAVERSIERE The french flute association\",\"description\":\"\",\"publisher\":{\"@id\":\"https:\/\/latraversiere.fr\/#organization\"},\"potentialAction\":[{\"@type\":\"SearchAction\",\"target\":{\"@type\":\"EntryPoint\",\"urlTemplate\":\"https:\/\/latraversiere.fr\/?s={search_term_string}\"},\"query-input\":\"required name=search_term_string\"}],\"inLanguage\":\"en-US\"},{\"@type\":\"ImageObject\",\"@id\":\"https:\/\/latraversiere.fr\/en\/boutique\/cd-dvd\/panorama-pour-flute-et-orchestre\/#primaryimage\",\"inLanguage\":\"en-US\",\"url\":\"https:\/\/latraversiere.fr\/wp-content\/uploads\/2018\/10\/PanoramaPourFluteOrchestre-MichelDebost.jpg\",\"contentUrl\":\"https:\/\/latraversiere.fr\/wp-content\/uploads\/2018\/10\/PanoramaPourFluteOrchestre-MichelDebost.jpg\",\"width\":1024,\"height\":1024,\"caption\":\"Panorama Pour Flute et Orchestre - Michel Debost\"},{\"@type\":\"WebPage\",\"@id\":\"https:\/\/latraversiere.fr\/en\/boutique\/cd-dvd\/panorama-pour-flute-et-orchestre\/#webpage\",\"url\":\"https:\/\/latraversiere.fr\/en\/boutique\/cd-dvd\/panorama-pour-flute-et-orchestre\/\",\"name\":\"[:fr]Panorama pour flute et orchestre[:] - LA TRAVERSIERE The french flute association\",\"isPartOf\":{\"@id\":\"https:\/\/latraversiere.fr\/#website\"},\"primaryImageOfPage\":{\"@id\":\"https:\/\/latraversiere.fr\/en\/boutique\/cd-dvd\/panorama-pour-flute-et-orchestre\/#primaryimage\"},\"datePublished\":\"2018-10-06T10:19:51+00:00\",\"dateModified\":\"2018-10-06T10:44:28+00:00\",\"breadcrumb\":{\"@id\":\"https:\/\/latraversiere.fr\/en\/boutique\/cd-dvd\/panorama-pour-flute-et-orchestre\/#breadcrumb\"},\"inLanguage\":\"en-US\",\"potentialAction\":[{\"@type\":\"ReadAction\",\"target\":[\"https:\/\/latraversiere.fr\/en\/boutique\/cd-dvd\/panorama-pour-flute-et-orchestre\/\"]}]},{\"@type\":\"BreadcrumbList\",\"@id\":\"https:\/\/latraversiere.fr\/en\/boutique\/cd-dvd\/panorama-pour-flute-et-orchestre\/#breadcrumb\",\"itemListElement\":[{\"@type\":\"ListItem\",\"position\":1,\"name\":\"Accueil\",\"item\":\"https:\/\/latraversiere.fr\/\"},{\"@type\":\"ListItem\",\"position\":2,\"name\":\"Boutique\",\"item\":\"https:\/\/latraversiere.fr\/en\/boutique\/\"},{\"@type\":\"ListItem\",\"position\":3,\"name\":\"Panorama pour flute et orchestre\"}]}]}<\/script>\n<!-- \/ Yoast SEO plugin. -->","yoast_head_json":{"title":"[:fr]Panorama pour flute et orchestre[:] - LA TRAVERSIERE The french flute association","robots":{"index":"index","follow":"follow","max-snippet":"max-snippet:-1","max-image-preview":"max-image-preview:large","max-video-preview":"max-video-preview:-1"},"canonical":"https:\/\/latraversiere.fr\/en\/boutique\/cd-dvd\/panorama-pour-flute-et-orchestre\/","og_locale":"en_US","og_type":"article","og_title":"[:fr]Panorama pour flute et orchestre[:] - LA TRAVERSIERE The french flute association","og_description":"[:fr]Michel DEBOST : Fl\u00fbte Fran\u00e7ois-Xavier ROTH : Direction  Apr\u00e8s une carri\u00e8re exemplaire dans laquelle il aura excell\u00e9 dans tous les domaines (sur sc\u00e8ne, au disque, et comme p\u00e9dagogue), Michel Debost f\u00eate son 70 \u00e8me anniversaire avec un panorama d&#039;oeuvres franco-am\u00e9ricaines pour fl\u00fbte et orchestre, en compagnie de Fran\u00e7ois-Xavier Roth, nouvelle star montante de la direction d&#039;orchestre. Un r\u00e9pertoire que le fl\u00fbtiste affectionne depuis toujours et qu&#039;il interpr\u00e8te d&#039;une fa\u00e7on magistrale.  Georges H\u00fce : Fantaisie Charles Tomlinson Griffes : Poem Camille Saint-Sa\u00ebns : Odelette op. 162 C\u00e9cile Chaminade : Concertino op. 107 Arthur Foote : A night piece Camille Saint-Sa\u00ebns : Romance, op.37 Camille Saint-Sa\u00ebns : Extraits du ballet Ascanio L\u00e9onard Bernstein : Halil Pierre Boulez : M\u00e9moriale[:]","og_url":"https:\/\/latraversiere.fr\/en\/boutique\/cd-dvd\/panorama-pour-flute-et-orchestre\/","og_site_name":"LA TRAVERSIERE The french flute association","article_publisher":"https:\/\/www.facebook.com\/traversieres\/","article_modified_time":"2018-10-06T10:44:28+00:00","og_image":[{"width":1024,"height":1024,"url":"https:\/\/latraversiere.fr\/wp-content\/uploads\/2018\/10\/PanoramaPourFluteOrchestre-MichelDebost.jpg","type":"image\/jpeg"}],"twitter_card":"summary","twitter_site":"@La_Traversiere","twitter_misc":{"Est. reading time":"1 minute"},"schema":{"@context":"https:\/\/schema.org","@graph":[{"@type":"Organization","@id":"https:\/\/latraversiere.fr\/#organization","name":"La Traversi\u00e8re - Association Fran\u00e7aise de la Fl\u00fbte","url":"https:\/\/latraversiere.fr\/","sameAs":["https:\/\/www.facebook.com\/traversieres\/","https:\/\/www.instagram.com\/la_traversiere\/","https:\/\/www.youtube.com\/channel\/UC46MEQZI2BfRZNFUFqc59Sw","https:\/\/twitter.com\/La_Traversiere"],"logo":{"@type":"ImageObject","@id":"https:\/\/latraversiere.fr\/#logo","inLanguage":"en-US","url":"https:\/\/latraversiere.fr\/wp-content\/uploads\/2018\/01\/LOGO-Traversiere-SITE-1.png","contentUrl":"https:\/\/latraversiere.fr\/wp-content\/uploads\/2018\/01\/LOGO-Traversiere-SITE-1.png","width":539,"height":200,"caption":"La Traversi\u00e8re - Association Fran\u00e7aise de la Fl\u00fbte"},"image":{"@id":"https:\/\/latraversiere.fr\/#logo"}},{"@type":"WebSite","@id":"https:\/\/latraversiere.fr\/#website","url":"https:\/\/latraversiere.fr\/","name":"LA TRAVERSIERE The french flute association","description":"","publisher":{"@id":"https:\/\/latraversiere.fr\/#organization"},"potentialAction":[{"@type":"SearchAction","target":{"@type":"EntryPoint","urlTemplate":"https:\/\/latraversiere.fr\/?s={search_term_string}"},"query-input":"required name=search_term_string"}],"inLanguage":"en-US"},{"@type":"ImageObject","@id":"https:\/\/latraversiere.fr\/en\/boutique\/cd-dvd\/panorama-pour-flute-et-orchestre\/#primaryimage","inLanguage":"en-US","url":"https:\/\/latraversiere.fr\/wp-content\/uploads\/2018\/10\/PanoramaPourFluteOrchestre-MichelDebost.jpg","contentUrl":"https:\/\/latraversiere.fr\/wp-content\/uploads\/2018\/10\/PanoramaPourFluteOrchestre-MichelDebost.jpg","width":1024,"height":1024,"caption":"Panorama Pour Flute et Orchestre - Michel Debost"},{"@type":"WebPage","@id":"https:\/\/latraversiere.fr\/en\/boutique\/cd-dvd\/panorama-pour-flute-et-orchestre\/#webpage","url":"https:\/\/latraversiere.fr\/en\/boutique\/cd-dvd\/panorama-pour-flute-et-orchestre\/","name":"[:fr]Panorama pour flute et orchestre[:] - LA TRAVERSIERE The french flute association","isPartOf":{"@id":"https:\/\/latraversiere.fr\/#website"},"primaryImageOfPage":{"@id":"https:\/\/latraversiere.fr\/en\/boutique\/cd-dvd\/panorama-pour-flute-et-orchestre\/#primaryimage"},"datePublished":"2018-10-06T10:19:51+00:00","dateModified":"2018-10-06T10:44:28+00:00","breadcrumb":{"@id":"https:\/\/latraversiere.fr\/en\/boutique\/cd-dvd\/panorama-pour-flute-et-orchestre\/#breadcrumb"},"inLanguage":"en-US","potentialAction":[{"@type":"ReadAction","target":["https:\/\/latraversiere.fr\/en\/boutique\/cd-dvd\/panorama-pour-flute-et-orchestre\/"]}]},{"@type":"BreadcrumbList","@id":"https:\/\/latraversiere.fr\/en\/boutique\/cd-dvd\/panorama-pour-flute-et-orchestre\/#breadcrumb","itemListElement":[{"@type":"ListItem","position":1,"name":"Accueil","item":"https:\/\/latraversiere.fr\/"},{"@type":"ListItem","position":2,"name":"Boutique","item":"https:\/\/latraversiere.fr\/en\/boutique\/"},{"@type":"ListItem","position":3,"name":"Panorama pour flute et orchestre"}]}]}},"_links":{"self":[{"href":"https:\/\/latraversiere.fr\/en\/wp-json\/wp\/v2\/product\/5007"}],"collection":[{"href":"https:\/\/latraversiere.fr\/en\/wp-json\/wp\/v2\/product"}],"about":[{"href":"https:\/\/latraversiere.fr\/en\/wp-json\/wp\/v2\/types\/product"}],"wp:featuredmedia":[{"embeddable":true,"href":"https:\/\/latraversiere.fr\/en\/wp-json\/wp\/v2\/media\/5009"}],"wp:attachment":[{"href":"https:\/\/latraversiere.fr\/en\/wp-json\/wp\/v2\/media?parent=5007"}],"curies":[{"name":"wp","href":"https:\/\/api.w.org\/{rel}","templated":true}]}}