{"id":521,"date":"2017-08-01T21:12:53","date_gmt":"2017-08-01T19:12:53","guid":{"rendered":"http:\/\/s465217036.onlinehome.fr\/TravNS\/?post_type=product&#038;p=521"},"modified":"2025-05-22T15:12:51","modified_gmt":"2025-05-22T13:12:51","slug":"telemann-12-fantasias-for-solo-flute-francois-lazarevitch","status":"publish","type":"product","link":"https:\/\/latraversiere.fr\/en\/boutique\/cd-dvd\/telemann-12-fantasias-for-solo-flute-francois-lazarevitch\/","title":{"rendered":"Telemann &#8211; 12 Fantasias for solo flute &#8211; Fran\u00e7ois Lazarevitch"},"content":{"rendered":"","protected":false},"excerpt":{"rendered":"<p><strong>Fran\u00e7ois Lazarevitch : fl\u00fbte &#8211; Alpha 267<\/strong><\/p>\n<p>Fond\u00e9es sur le principe de la basse continue, les oeuvres pour instrument m\u00e9lodique seul, dans la musique baroque sont rares. Quelques exceptions, essentiellement pour le violon (partitas de J.S. Bach) existent et la fl\u00fbte traversi\u00e8re b\u00e9n\u00e9ficie de quelques pages (sonates de J.S. Bach et de C.P.E. Bach) et des douze Fantaisies de G.P. Telemann, assur\u00e9ment l\u2019opus le plus cons\u00e9quent de cette \u00e9poque pour notre instrument. Inventori\u00e9es pr\u00e9cis\u00e9ment pour fl\u00fbte traversi\u00e8re dans le catalogue des oeuvres figurant dans l\u2019autobiographie de Telemann publi\u00e9e par J. Mattheson (1740)*, elles sont l\u2019unique \u00e9l\u00e9ment du r\u00e9pertoire ordonn\u00e9 par tonalit\u00e9 dont le seul exemplaire imprim\u00e9 est dans la r\u00e9serve de la Biblioth\u00e8que Royale de Bruxelles. Les mouvements de ces Fantaisies unissent les styles fran\u00e7ais, italiens, allemand et polonais dont Fran\u00e7ois Lazarevitch donne une lecture rigoureuse, sensible convaincante. Ma\u00eetrisant les silences, jouant finement des couleurs du traverso, il met en relief les caract\u00e8res particuliers des courts morceaux composant chaque fantaisie. Cette brillante version (au traverso) porte ce CD au rang \u00e9lev\u00e9 de ceux de Rachel Brown (Uppernote recording) et de Barthold Kuijken (Accent).<br \/>\n<em>*Georg Philipp TELEMANN, Autobiographies, texte traduit par Gabrielle Marcq, Editions Sym\u00e9trie<\/em><\/p>\n","protected":false},"featured_media":522,"template":"","meta":[],"yoast_head":"<!-- This site is optimized with the Yoast SEO plugin v17.5 - https:\/\/yoast.com\/wordpress\/plugins\/seo\/ -->\n<title>Telemann - 12 Fantasias for solo flute - Fran\u00e7ois Lazarevitch - LA TRAVERSIERE The french flute association<\/title>\n<meta name=\"robots\" content=\"index, follow, max-snippet:-1, max-image-preview:large, max-video-preview:-1\" \/>\n<link rel=\"canonical\" href=\"https:\/\/latraversiere.fr\/boutique\/cd-dvd\/telemann-12-fantasias-for-solo-flute-francois-lazarevitch\/\" \/>\n<meta property=\"og:locale\" content=\"en_US\" \/>\n<meta property=\"og:type\" content=\"article\" \/>\n<meta property=\"og:title\" content=\"Telemann - 12 Fantasias for solo flute - Fran\u00e7ois Lazarevitch - LA TRAVERSIERE The french flute association\" \/>\n<meta property=\"og:description\" content=\"[:fr]Fran\u00e7ois Lazarevitch : fl\u00fbte - Alpha 267  Fond\u00e9es sur le principe de la basse continue, les oeuvres pour instrument m\u00e9lodique seul, dans la musique baroque sont rares. Quelques exceptions, essentiellement pour le violon (partitas de J.S. Bach) existent et la fl\u00fbte traversi\u00e8re b\u00e9n\u00e9ficie de quelques pages (sonates de J.S. Bach et de C.P.E. Bach) et des douze Fantaisies de G.P. Telemann, assur\u00e9ment l\u2019opus le plus cons\u00e9quent de cette \u00e9poque pour notre instrument. Inventori\u00e9es pr\u00e9cis\u00e9ment pour fl\u00fbte traversi\u00e8re dans le catalogue des oeuvres figurant dans l\u2019autobiographie de Telemann publi\u00e9e par J. Mattheson (1740)*, elles sont l\u2019unique \u00e9l\u00e9ment du r\u00e9pertoire ordonn\u00e9 par tonalit\u00e9 dont le seul exemplaire imprim\u00e9 est dans la r\u00e9serve de la Biblioth\u00e8que Royale de Bruxelles. Les mouvements de ces Fantaisies unissent les styles fran\u00e7ais, italiens, allemand et polonais dont Fran\u00e7ois Lazarevitch donne une lecture rigoureuse, sensible convaincante. Ma\u00eetrisant les silences, jouant finement des couleurs du traverso, il met en relief les caract\u00e8res particuliers des courts morceaux composant chaque fantaisie. Cette brillante version (au traverso) porte ce CD au rang \u00e9lev\u00e9 de ceux de Rachel Brown (Uppernote recording) et de Barthold Kuijken (Accent). *Georg Philipp TELEMANN, Autobiographies, texte traduit par Gabrielle Marcq, Editions Sym\u00e9trie  Offre termin\u00e9e[:en]Fran\u00e7ois Lazarevitch : fl\u00fbte - Alpha 267  Fond\u00e9es sur le principe de la basse continue, les oeuvres pour instrument m\u00e9lodique seul, dans la musique baroque sont rares. Quelques exceptions, essentiellement pour le violon (partitas de J.S. Bach) existent et la fl\u00fbte traversi\u00e8re b\u00e9n\u00e9ficie de quelques pages (sonates de J.S. Bach et de C.P.E. Bach) et des douze Fantaisies de G.P. Telemann, assur\u00e9ment l\u2019opus le plus cons\u00e9quent de cette \u00e9poque pour notre instrument. Inventori\u00e9es pr\u00e9cis\u00e9ment pour fl\u00fbte traversi\u00e8re dans le catalogue des oeuvres figurant dans l\u2019autobiographie de Telemann publi\u00e9e par J. Mattheson (1740)*, elles sont l\u2019unique \u00e9l\u00e9ment du r\u00e9pertoire ordonn\u00e9 par tonalit\u00e9 dont le seul exemplaire imprim\u00e9 est dans la r\u00e9serve de la Biblioth\u00e8que Royale de Bruxelles. Les mouvements de ces Fantaisies unissent les styles fran\u00e7ais, italiens, allemand et polonais dont Fran\u00e7ois Lazarevitch donne une lecture rigoureuse, sensible convaincante. Ma\u00eetrisant les silences, jouant finement des couleurs du traverso, il met en relief les caract\u00e8res particuliers des courts morceaux composant chaque fantaisie. Cette brillante version (au traverso) porte ce CD au rang \u00e9lev\u00e9 de ceux de Rachel Brown (Uppernote recording) et de Barthold Kuijken (Accent). *Georg Philipp TELEMANN, Autobiographies, texte traduit par Gabrielle Marcq, Editions Sym\u00e9trie[:]\" \/>\n<meta property=\"og:url\" content=\"https:\/\/latraversiere.fr\/boutique\/cd-dvd\/telemann-12-fantasias-for-solo-flute-francois-lazarevitch\/\" \/>\n<meta property=\"og:site_name\" content=\"LA TRAVERSIERE The french flute association\" \/>\n<meta property=\"article:publisher\" content=\"https:\/\/www.facebook.com\/traversieres\/\" \/>\n<meta property=\"article:modified_time\" content=\"2025-05-22T13:12:51+00:00\" \/>\n<meta property=\"og:image\" content=\"https:\/\/latraversiere.fr\/wp-content\/uploads\/2017\/08\/3760014192678_600.jpg\" \/>\n\t<meta property=\"og:image:width\" content=\"600\" \/>\n\t<meta property=\"og:image:height\" content=\"600\" \/>\n<meta name=\"twitter:card\" content=\"summary\" \/>\n<meta name=\"twitter:site\" content=\"@La_Traversiere\" \/>\n<script type=\"application\/ld+json\" class=\"yoast-schema-graph\">{\"@context\":\"https:\/\/schema.org\",\"@graph\":[{\"@type\":\"Organization\",\"@id\":\"https:\/\/latraversiere.fr\/#organization\",\"name\":\"La Traversi\\u00e8re - Association Fran\\u00e7aise de la Fl\\u00fbte\",\"url\":\"https:\/\/latraversiere.fr\/\",\"sameAs\":[\"https:\/\/www.facebook.com\/traversieres\/\",\"https:\/\/www.instagram.com\/la_traversiere\/\",\"https:\/\/www.youtube.com\/channel\/UC46MEQZI2BfRZNFUFqc59Sw\",\"https:\/\/twitter.com\/La_Traversiere\"],\"logo\":{\"@type\":\"ImageObject\",\"@id\":\"https:\/\/latraversiere.fr\/#logo\",\"inLanguage\":\"en-US\",\"url\":\"https:\/\/latraversiere.fr\/wp-content\/uploads\/2018\/01\/LOGO-Traversiere-SITE-1.png\",\"contentUrl\":\"https:\/\/latraversiere.fr\/wp-content\/uploads\/2018\/01\/LOGO-Traversiere-SITE-1.png\",\"width\":539,\"height\":200,\"caption\":\"La Traversi\\u00e8re - Association Fran\\u00e7aise de la Fl\\u00fbte\"},\"image\":{\"@id\":\"https:\/\/latraversiere.fr\/#logo\"}},{\"@type\":\"WebSite\",\"@id\":\"https:\/\/latraversiere.fr\/#website\",\"url\":\"https:\/\/latraversiere.fr\/\",\"name\":\"LA TRAVERSIERE The french flute association\",\"description\":\"\",\"publisher\":{\"@id\":\"https:\/\/latraversiere.fr\/#organization\"},\"potentialAction\":[{\"@type\":\"SearchAction\",\"target\":{\"@type\":\"EntryPoint\",\"urlTemplate\":\"https:\/\/latraversiere.fr\/?s={search_term_string}\"},\"query-input\":\"required name=search_term_string\"}],\"inLanguage\":\"en-US\"},{\"@type\":\"ImageObject\",\"@id\":\"https:\/\/latraversiere.fr\/boutique\/cd-dvd\/telemann-12-fantasias-for-solo-flute-francois-lazarevitch\/#primaryimage\",\"inLanguage\":\"en-US\",\"url\":\"https:\/\/latraversiere.fr\/wp-content\/uploads\/2017\/08\/3760014192678_600.jpg\",\"contentUrl\":\"https:\/\/latraversiere.fr\/wp-content\/uploads\/2017\/08\/3760014192678_600.jpg\",\"width\":600,\"height\":600},{\"@type\":\"WebPage\",\"@id\":\"https:\/\/latraversiere.fr\/boutique\/cd-dvd\/telemann-12-fantasias-for-solo-flute-francois-lazarevitch\/#webpage\",\"url\":\"https:\/\/latraversiere.fr\/boutique\/cd-dvd\/telemann-12-fantasias-for-solo-flute-francois-lazarevitch\/\",\"name\":\"Telemann - 12 Fantasias for solo flute - Fran\\u00e7ois Lazarevitch - LA TRAVERSIERE The french flute association\",\"isPartOf\":{\"@id\":\"https:\/\/latraversiere.fr\/#website\"},\"primaryImageOfPage\":{\"@id\":\"https:\/\/latraversiere.fr\/boutique\/cd-dvd\/telemann-12-fantasias-for-solo-flute-francois-lazarevitch\/#primaryimage\"},\"datePublished\":\"2017-08-01T19:12:53+00:00\",\"dateModified\":\"2025-05-22T13:12:51+00:00\",\"breadcrumb\":{\"@id\":\"https:\/\/latraversiere.fr\/boutique\/cd-dvd\/telemann-12-fantasias-for-solo-flute-francois-lazarevitch\/#breadcrumb\"},\"inLanguage\":\"en-US\",\"potentialAction\":[{\"@type\":\"ReadAction\",\"target\":[\"https:\/\/latraversiere.fr\/boutique\/cd-dvd\/telemann-12-fantasias-for-solo-flute-francois-lazarevitch\/\"]}]},{\"@type\":\"BreadcrumbList\",\"@id\":\"https:\/\/latraversiere.fr\/boutique\/cd-dvd\/telemann-12-fantasias-for-solo-flute-francois-lazarevitch\/#breadcrumb\",\"itemListElement\":[{\"@type\":\"ListItem\",\"position\":1,\"name\":\"Accueil\",\"item\":\"https:\/\/latraversiere.fr\/\"},{\"@type\":\"ListItem\",\"position\":2,\"name\":\"Boutique\",\"item\":\"https:\/\/latraversiere.fr\/en\/boutique\/\"},{\"@type\":\"ListItem\",\"position\":3,\"name\":\"Telemann &#8211; 12 Fantasias for solo flute &#8211; Fran\\u00e7ois Lazarevitch\"}]}]}<\/script>\n<!-- \/ Yoast SEO plugin. -->","yoast_head_json":{"title":"Telemann - 12 Fantasias for solo flute - Fran\u00e7ois Lazarevitch - LA TRAVERSIERE The french flute association","robots":{"index":"index","follow":"follow","max-snippet":"max-snippet:-1","max-image-preview":"max-image-preview:large","max-video-preview":"max-video-preview:-1"},"canonical":"https:\/\/latraversiere.fr\/boutique\/cd-dvd\/telemann-12-fantasias-for-solo-flute-francois-lazarevitch\/","og_locale":"en_US","og_type":"article","og_title":"Telemann - 12 Fantasias for solo flute - Fran\u00e7ois Lazarevitch - LA TRAVERSIERE The french flute association","og_description":"[:fr]Fran\u00e7ois Lazarevitch : fl\u00fbte - Alpha 267  Fond\u00e9es sur le principe de la basse continue, les oeuvres pour instrument m\u00e9lodique seul, dans la musique baroque sont rares. Quelques exceptions, essentiellement pour le violon (partitas de J.S. Bach) existent et la fl\u00fbte traversi\u00e8re b\u00e9n\u00e9ficie de quelques pages (sonates de J.S. Bach et de C.P.E. Bach) et des douze Fantaisies de G.P. Telemann, assur\u00e9ment l\u2019opus le plus cons\u00e9quent de cette \u00e9poque pour notre instrument. Inventori\u00e9es pr\u00e9cis\u00e9ment pour fl\u00fbte traversi\u00e8re dans le catalogue des oeuvres figurant dans l\u2019autobiographie de Telemann publi\u00e9e par J. Mattheson (1740)*, elles sont l\u2019unique \u00e9l\u00e9ment du r\u00e9pertoire ordonn\u00e9 par tonalit\u00e9 dont le seul exemplaire imprim\u00e9 est dans la r\u00e9serve de la Biblioth\u00e8que Royale de Bruxelles. Les mouvements de ces Fantaisies unissent les styles fran\u00e7ais, italiens, allemand et polonais dont Fran\u00e7ois Lazarevitch donne une lecture rigoureuse, sensible convaincante. Ma\u00eetrisant les silences, jouant finement des couleurs du traverso, il met en relief les caract\u00e8res particuliers des courts morceaux composant chaque fantaisie. Cette brillante version (au traverso) porte ce CD au rang \u00e9lev\u00e9 de ceux de Rachel Brown (Uppernote recording) et de Barthold Kuijken (Accent). *Georg Philipp TELEMANN, Autobiographies, texte traduit par Gabrielle Marcq, Editions Sym\u00e9trie  Offre termin\u00e9e[:en]Fran\u00e7ois Lazarevitch : fl\u00fbte - Alpha 267  Fond\u00e9es sur le principe de la basse continue, les oeuvres pour instrument m\u00e9lodique seul, dans la musique baroque sont rares. Quelques exceptions, essentiellement pour le violon (partitas de J.S. Bach) existent et la fl\u00fbte traversi\u00e8re b\u00e9n\u00e9ficie de quelques pages (sonates de J.S. Bach et de C.P.E. Bach) et des douze Fantaisies de G.P. Telemann, assur\u00e9ment l\u2019opus le plus cons\u00e9quent de cette \u00e9poque pour notre instrument. Inventori\u00e9es pr\u00e9cis\u00e9ment pour fl\u00fbte traversi\u00e8re dans le catalogue des oeuvres figurant dans l\u2019autobiographie de Telemann publi\u00e9e par J. Mattheson (1740)*, elles sont l\u2019unique \u00e9l\u00e9ment du r\u00e9pertoire ordonn\u00e9 par tonalit\u00e9 dont le seul exemplaire imprim\u00e9 est dans la r\u00e9serve de la Biblioth\u00e8que Royale de Bruxelles. Les mouvements de ces Fantaisies unissent les styles fran\u00e7ais, italiens, allemand et polonais dont Fran\u00e7ois Lazarevitch donne une lecture rigoureuse, sensible convaincante. Ma\u00eetrisant les silences, jouant finement des couleurs du traverso, il met en relief les caract\u00e8res particuliers des courts morceaux composant chaque fantaisie. Cette brillante version (au traverso) porte ce CD au rang \u00e9lev\u00e9 de ceux de Rachel Brown (Uppernote recording) et de Barthold Kuijken (Accent). *Georg Philipp TELEMANN, Autobiographies, texte traduit par Gabrielle Marcq, Editions Sym\u00e9trie[:]","og_url":"https:\/\/latraversiere.fr\/boutique\/cd-dvd\/telemann-12-fantasias-for-solo-flute-francois-lazarevitch\/","og_site_name":"LA TRAVERSIERE The french flute association","article_publisher":"https:\/\/www.facebook.com\/traversieres\/","article_modified_time":"2025-05-22T13:12:51+00:00","og_image":[{"width":600,"height":600,"url":"https:\/\/latraversiere.fr\/wp-content\/uploads\/2017\/08\/3760014192678_600.jpg","type":"image\/jpeg"}],"twitter_card":"summary","twitter_site":"@La_Traversiere","schema":{"@context":"https:\/\/schema.org","@graph":[{"@type":"Organization","@id":"https:\/\/latraversiere.fr\/#organization","name":"La Traversi\u00e8re - Association Fran\u00e7aise de la Fl\u00fbte","url":"https:\/\/latraversiere.fr\/","sameAs":["https:\/\/www.facebook.com\/traversieres\/","https:\/\/www.instagram.com\/la_traversiere\/","https:\/\/www.youtube.com\/channel\/UC46MEQZI2BfRZNFUFqc59Sw","https:\/\/twitter.com\/La_Traversiere"],"logo":{"@type":"ImageObject","@id":"https:\/\/latraversiere.fr\/#logo","inLanguage":"en-US","url":"https:\/\/latraversiere.fr\/wp-content\/uploads\/2018\/01\/LOGO-Traversiere-SITE-1.png","contentUrl":"https:\/\/latraversiere.fr\/wp-content\/uploads\/2018\/01\/LOGO-Traversiere-SITE-1.png","width":539,"height":200,"caption":"La Traversi\u00e8re - Association Fran\u00e7aise de la Fl\u00fbte"},"image":{"@id":"https:\/\/latraversiere.fr\/#logo"}},{"@type":"WebSite","@id":"https:\/\/latraversiere.fr\/#website","url":"https:\/\/latraversiere.fr\/","name":"LA TRAVERSIERE The french flute association","description":"","publisher":{"@id":"https:\/\/latraversiere.fr\/#organization"},"potentialAction":[{"@type":"SearchAction","target":{"@type":"EntryPoint","urlTemplate":"https:\/\/latraversiere.fr\/?s={search_term_string}"},"query-input":"required name=search_term_string"}],"inLanguage":"en-US"},{"@type":"ImageObject","@id":"https:\/\/latraversiere.fr\/boutique\/cd-dvd\/telemann-12-fantasias-for-solo-flute-francois-lazarevitch\/#primaryimage","inLanguage":"en-US","url":"https:\/\/latraversiere.fr\/wp-content\/uploads\/2017\/08\/3760014192678_600.jpg","contentUrl":"https:\/\/latraversiere.fr\/wp-content\/uploads\/2017\/08\/3760014192678_600.jpg","width":600,"height":600},{"@type":"WebPage","@id":"https:\/\/latraversiere.fr\/boutique\/cd-dvd\/telemann-12-fantasias-for-solo-flute-francois-lazarevitch\/#webpage","url":"https:\/\/latraversiere.fr\/boutique\/cd-dvd\/telemann-12-fantasias-for-solo-flute-francois-lazarevitch\/","name":"Telemann - 12 Fantasias for solo flute - Fran\u00e7ois Lazarevitch - LA TRAVERSIERE The french flute association","isPartOf":{"@id":"https:\/\/latraversiere.fr\/#website"},"primaryImageOfPage":{"@id":"https:\/\/latraversiere.fr\/boutique\/cd-dvd\/telemann-12-fantasias-for-solo-flute-francois-lazarevitch\/#primaryimage"},"datePublished":"2017-08-01T19:12:53+00:00","dateModified":"2025-05-22T13:12:51+00:00","breadcrumb":{"@id":"https:\/\/latraversiere.fr\/boutique\/cd-dvd\/telemann-12-fantasias-for-solo-flute-francois-lazarevitch\/#breadcrumb"},"inLanguage":"en-US","potentialAction":[{"@type":"ReadAction","target":["https:\/\/latraversiere.fr\/boutique\/cd-dvd\/telemann-12-fantasias-for-solo-flute-francois-lazarevitch\/"]}]},{"@type":"BreadcrumbList","@id":"https:\/\/latraversiere.fr\/boutique\/cd-dvd\/telemann-12-fantasias-for-solo-flute-francois-lazarevitch\/#breadcrumb","itemListElement":[{"@type":"ListItem","position":1,"name":"Accueil","item":"https:\/\/latraversiere.fr\/"},{"@type":"ListItem","position":2,"name":"Boutique","item":"https:\/\/latraversiere.fr\/en\/boutique\/"},{"@type":"ListItem","position":3,"name":"Telemann &#8211; 12 Fantasias for solo flute &#8211; Fran\u00e7ois Lazarevitch"}]}]}},"_links":{"self":[{"href":"https:\/\/latraversiere.fr\/en\/wp-json\/wp\/v2\/product\/521"}],"collection":[{"href":"https:\/\/latraversiere.fr\/en\/wp-json\/wp\/v2\/product"}],"about":[{"href":"https:\/\/latraversiere.fr\/en\/wp-json\/wp\/v2\/types\/product"}],"wp:featuredmedia":[{"embeddable":true,"href":"https:\/\/latraversiere.fr\/en\/wp-json\/wp\/v2\/media\/522"}],"wp:attachment":[{"href":"https:\/\/latraversiere.fr\/en\/wp-json\/wp\/v2\/media?parent=521"}],"curies":[{"name":"wp","href":"https:\/\/api.w.org\/{rel}","templated":true}]}}