{"id":523,"date":"2017-08-01T21:17:28","date_gmt":"2017-08-01T19:17:28","guid":{"rendered":"http:\/\/s465217036.onlinehome.fr\/TravNS\/?post_type=product&#038;p=523"},"modified":"2025-05-22T15:20:41","modified_gmt":"2025-05-22T13:20:41","slug":"wolfgang-amadeus-mozart-magali-mosnier","status":"publish","type":"product","link":"https:\/\/latraversiere.fr\/en\/boutique\/cd-dvd\/wolfgang-amadeus-mozart-magali-mosnier\/","title":{"rendered":"Wolfgang Amadeus Mozart &#8211; Magali Mosnier"},"content":{"rendered":"","protected":false},"excerpt":{"rendered":"<p><strong>Magali Mosnier : fl\u00fbte &#8211; Orchestre de Chambre de Munich &#8211; violon et direction Daniel Giglberger &#8211; Sony 88843089752<\/strong><\/p>\n<p>Magali Mosnier (soliste \u00e0 l\u2019Orchestre Philharmonique de Radio France) interpr\u00e8te les deux concertos et l\u2019Andante en ut avec d\u00e9licatesse et humilit\u00e9. Elle compl\u00e8te astucieusement le programme de ce CD de l\u2019Adagio du quatuor en sol majeur et de deux airs d\u2019op\u00e9ra que sa fl\u00fbte chante avec \u00e9l\u00e9gance.<\/p>\n<p>Un attrayant CD Mozart mettant en valeur le talent d\u2019une artiste servant avec un naturel rare la musique.<\/p>\n<p><span class=\"soldout\">Offre termin\u00e9e<\/span><\/p>\n","protected":false},"featured_media":524,"template":"","meta":[],"yoast_head":"<!-- This site is optimized with the Yoast SEO plugin v17.5 - https:\/\/yoast.com\/wordpress\/plugins\/seo\/ -->\n<title>Wolfgang Amadeus Mozart - Magali Mosnier - LA TRAVERSIERE The french flute association<\/title>\n<meta name=\"robots\" content=\"index, follow, max-snippet:-1, max-image-preview:large, max-video-preview:-1\" \/>\n<link rel=\"canonical\" href=\"https:\/\/latraversiere.fr\/boutique\/cd-dvd\/wolfgang-amadeus-mozart-magali-mosnier\/\" \/>\n<meta property=\"og:locale\" content=\"en_US\" \/>\n<meta property=\"og:type\" content=\"article\" \/>\n<meta property=\"og:title\" content=\"Wolfgang Amadeus Mozart - Magali Mosnier - LA TRAVERSIERE The french flute association\" \/>\n<meta property=\"og:description\" content=\"Magali Mosnier : fl\u00fbte - Orchestre de Chambre de Munich - violon et direction Daniel Giglberger - Sony 88843089752  Magali Mosnier (soliste \u00e0 l\u2019Orchestre Philharmonique de Radio France) interpr\u00e8te les deux concertos et l\u2019Andante en ut avec d\u00e9licatesse et humilit\u00e9. Elle compl\u00e8te astucieusement le programme de ce CD de l\u2019Adagio du quatuor en sol majeur et de deux airs d\u2019op\u00e9ra que sa fl\u00fbte chante avec \u00e9l\u00e9gance.  Un attrayant CD Mozart mettant en valeur le talent d\u2019une artiste servant avec un naturel rare la musique.  Offre termin\u00e9e\" \/>\n<meta property=\"og:url\" content=\"https:\/\/latraversiere.fr\/boutique\/cd-dvd\/wolfgang-amadeus-mozart-magali-mosnier\/\" \/>\n<meta property=\"og:site_name\" content=\"LA TRAVERSIERE The french flute association\" \/>\n<meta property=\"article:publisher\" content=\"https:\/\/www.facebook.com\/traversieres\/\" \/>\n<meta property=\"article:modified_time\" content=\"2025-05-22T13:20:41+00:00\" \/>\n<meta property=\"og:image\" content=\"https:\/\/latraversiere.fr\/wp-content\/uploads\/2017\/08\/0886444652605_600.jpg\" \/>\n\t<meta property=\"og:image:width\" content=\"600\" \/>\n\t<meta property=\"og:image:height\" content=\"600\" \/>\n<meta name=\"twitter:card\" content=\"summary\" \/>\n<meta name=\"twitter:site\" content=\"@La_Traversiere\" \/>\n<script type=\"application\/ld+json\" class=\"yoast-schema-graph\">{\"@context\":\"https:\/\/schema.org\",\"@graph\":[{\"@type\":\"Organization\",\"@id\":\"https:\/\/latraversiere.fr\/#organization\",\"name\":\"La Traversi\\u00e8re - Association Fran\\u00e7aise de la Fl\\u00fbte\",\"url\":\"https:\/\/latraversiere.fr\/\",\"sameAs\":[\"https:\/\/www.facebook.com\/traversieres\/\",\"https:\/\/www.instagram.com\/la_traversiere\/\",\"https:\/\/www.youtube.com\/channel\/UC46MEQZI2BfRZNFUFqc59Sw\",\"https:\/\/twitter.com\/La_Traversiere\"],\"logo\":{\"@type\":\"ImageObject\",\"@id\":\"https:\/\/latraversiere.fr\/#logo\",\"inLanguage\":\"en-US\",\"url\":\"https:\/\/latraversiere.fr\/wp-content\/uploads\/2018\/01\/LOGO-Traversiere-SITE-1.png\",\"contentUrl\":\"https:\/\/latraversiere.fr\/wp-content\/uploads\/2018\/01\/LOGO-Traversiere-SITE-1.png\",\"width\":539,\"height\":200,\"caption\":\"La Traversi\\u00e8re - Association Fran\\u00e7aise de la Fl\\u00fbte\"},\"image\":{\"@id\":\"https:\/\/latraversiere.fr\/#logo\"}},{\"@type\":\"WebSite\",\"@id\":\"https:\/\/latraversiere.fr\/#website\",\"url\":\"https:\/\/latraversiere.fr\/\",\"name\":\"LA TRAVERSIERE The french flute association\",\"description\":\"\",\"publisher\":{\"@id\":\"https:\/\/latraversiere.fr\/#organization\"},\"potentialAction\":[{\"@type\":\"SearchAction\",\"target\":{\"@type\":\"EntryPoint\",\"urlTemplate\":\"https:\/\/latraversiere.fr\/?s={search_term_string}\"},\"query-input\":\"required name=search_term_string\"}],\"inLanguage\":\"en-US\"},{\"@type\":\"ImageObject\",\"@id\":\"https:\/\/latraversiere.fr\/boutique\/cd-dvd\/wolfgang-amadeus-mozart-magali-mosnier\/#primaryimage\",\"inLanguage\":\"en-US\",\"url\":\"https:\/\/latraversiere.fr\/wp-content\/uploads\/2017\/08\/0886444652605_600.jpg\",\"contentUrl\":\"https:\/\/latraversiere.fr\/wp-content\/uploads\/2017\/08\/0886444652605_600.jpg\",\"width\":600,\"height\":600},{\"@type\":\"WebPage\",\"@id\":\"https:\/\/latraversiere.fr\/boutique\/cd-dvd\/wolfgang-amadeus-mozart-magali-mosnier\/#webpage\",\"url\":\"https:\/\/latraversiere.fr\/boutique\/cd-dvd\/wolfgang-amadeus-mozart-magali-mosnier\/\",\"name\":\"Wolfgang Amadeus Mozart - Magali Mosnier - LA TRAVERSIERE The french flute association\",\"isPartOf\":{\"@id\":\"https:\/\/latraversiere.fr\/#website\"},\"primaryImageOfPage\":{\"@id\":\"https:\/\/latraversiere.fr\/boutique\/cd-dvd\/wolfgang-amadeus-mozart-magali-mosnier\/#primaryimage\"},\"datePublished\":\"2017-08-01T19:17:28+00:00\",\"dateModified\":\"2025-05-22T13:20:41+00:00\",\"breadcrumb\":{\"@id\":\"https:\/\/latraversiere.fr\/boutique\/cd-dvd\/wolfgang-amadeus-mozart-magali-mosnier\/#breadcrumb\"},\"inLanguage\":\"en-US\",\"potentialAction\":[{\"@type\":\"ReadAction\",\"target\":[\"https:\/\/latraversiere.fr\/boutique\/cd-dvd\/wolfgang-amadeus-mozart-magali-mosnier\/\"]}]},{\"@type\":\"BreadcrumbList\",\"@id\":\"https:\/\/latraversiere.fr\/boutique\/cd-dvd\/wolfgang-amadeus-mozart-magali-mosnier\/#breadcrumb\",\"itemListElement\":[{\"@type\":\"ListItem\",\"position\":1,\"name\":\"Accueil\",\"item\":\"https:\/\/latraversiere.fr\/\"},{\"@type\":\"ListItem\",\"position\":2,\"name\":\"Boutique\",\"item\":\"https:\/\/latraversiere.fr\/en\/boutique\/\"},{\"@type\":\"ListItem\",\"position\":3,\"name\":\"Wolfgang Amadeus Mozart &#8211; Magali Mosnier\"}]}]}<\/script>\n<!-- \/ Yoast SEO plugin. -->","yoast_head_json":{"title":"Wolfgang Amadeus Mozart - Magali Mosnier - LA TRAVERSIERE The french flute association","robots":{"index":"index","follow":"follow","max-snippet":"max-snippet:-1","max-image-preview":"max-image-preview:large","max-video-preview":"max-video-preview:-1"},"canonical":"https:\/\/latraversiere.fr\/boutique\/cd-dvd\/wolfgang-amadeus-mozart-magali-mosnier\/","og_locale":"en_US","og_type":"article","og_title":"Wolfgang Amadeus Mozart - Magali Mosnier - LA TRAVERSIERE The french flute association","og_description":"Magali Mosnier : fl\u00fbte - Orchestre de Chambre de Munich - violon et direction Daniel Giglberger - Sony 88843089752  Magali Mosnier (soliste \u00e0 l\u2019Orchestre Philharmonique de Radio France) interpr\u00e8te les deux concertos et l\u2019Andante en ut avec d\u00e9licatesse et humilit\u00e9. Elle compl\u00e8te astucieusement le programme de ce CD de l\u2019Adagio du quatuor en sol majeur et de deux airs d\u2019op\u00e9ra que sa fl\u00fbte chante avec \u00e9l\u00e9gance.  Un attrayant CD Mozart mettant en valeur le talent d\u2019une artiste servant avec un naturel rare la musique.  Offre termin\u00e9e","og_url":"https:\/\/latraversiere.fr\/boutique\/cd-dvd\/wolfgang-amadeus-mozart-magali-mosnier\/","og_site_name":"LA TRAVERSIERE The french flute association","article_publisher":"https:\/\/www.facebook.com\/traversieres\/","article_modified_time":"2025-05-22T13:20:41+00:00","og_image":[{"width":600,"height":600,"url":"https:\/\/latraversiere.fr\/wp-content\/uploads\/2017\/08\/0886444652605_600.jpg","type":"image\/jpeg"}],"twitter_card":"summary","twitter_site":"@La_Traversiere","schema":{"@context":"https:\/\/schema.org","@graph":[{"@type":"Organization","@id":"https:\/\/latraversiere.fr\/#organization","name":"La Traversi\u00e8re - Association Fran\u00e7aise de la Fl\u00fbte","url":"https:\/\/latraversiere.fr\/","sameAs":["https:\/\/www.facebook.com\/traversieres\/","https:\/\/www.instagram.com\/la_traversiere\/","https:\/\/www.youtube.com\/channel\/UC46MEQZI2BfRZNFUFqc59Sw","https:\/\/twitter.com\/La_Traversiere"],"logo":{"@type":"ImageObject","@id":"https:\/\/latraversiere.fr\/#logo","inLanguage":"en-US","url":"https:\/\/latraversiere.fr\/wp-content\/uploads\/2018\/01\/LOGO-Traversiere-SITE-1.png","contentUrl":"https:\/\/latraversiere.fr\/wp-content\/uploads\/2018\/01\/LOGO-Traversiere-SITE-1.png","width":539,"height":200,"caption":"La Traversi\u00e8re - Association Fran\u00e7aise de la Fl\u00fbte"},"image":{"@id":"https:\/\/latraversiere.fr\/#logo"}},{"@type":"WebSite","@id":"https:\/\/latraversiere.fr\/#website","url":"https:\/\/latraversiere.fr\/","name":"LA TRAVERSIERE The french flute association","description":"","publisher":{"@id":"https:\/\/latraversiere.fr\/#organization"},"potentialAction":[{"@type":"SearchAction","target":{"@type":"EntryPoint","urlTemplate":"https:\/\/latraversiere.fr\/?s={search_term_string}"},"query-input":"required name=search_term_string"}],"inLanguage":"en-US"},{"@type":"ImageObject","@id":"https:\/\/latraversiere.fr\/boutique\/cd-dvd\/wolfgang-amadeus-mozart-magali-mosnier\/#primaryimage","inLanguage":"en-US","url":"https:\/\/latraversiere.fr\/wp-content\/uploads\/2017\/08\/0886444652605_600.jpg","contentUrl":"https:\/\/latraversiere.fr\/wp-content\/uploads\/2017\/08\/0886444652605_600.jpg","width":600,"height":600},{"@type":"WebPage","@id":"https:\/\/latraversiere.fr\/boutique\/cd-dvd\/wolfgang-amadeus-mozart-magali-mosnier\/#webpage","url":"https:\/\/latraversiere.fr\/boutique\/cd-dvd\/wolfgang-amadeus-mozart-magali-mosnier\/","name":"Wolfgang Amadeus Mozart - Magali Mosnier - LA TRAVERSIERE The french flute association","isPartOf":{"@id":"https:\/\/latraversiere.fr\/#website"},"primaryImageOfPage":{"@id":"https:\/\/latraversiere.fr\/boutique\/cd-dvd\/wolfgang-amadeus-mozart-magali-mosnier\/#primaryimage"},"datePublished":"2017-08-01T19:17:28+00:00","dateModified":"2025-05-22T13:20:41+00:00","breadcrumb":{"@id":"https:\/\/latraversiere.fr\/boutique\/cd-dvd\/wolfgang-amadeus-mozart-magali-mosnier\/#breadcrumb"},"inLanguage":"en-US","potentialAction":[{"@type":"ReadAction","target":["https:\/\/latraversiere.fr\/boutique\/cd-dvd\/wolfgang-amadeus-mozart-magali-mosnier\/"]}]},{"@type":"BreadcrumbList","@id":"https:\/\/latraversiere.fr\/boutique\/cd-dvd\/wolfgang-amadeus-mozart-magali-mosnier\/#breadcrumb","itemListElement":[{"@type":"ListItem","position":1,"name":"Accueil","item":"https:\/\/latraversiere.fr\/"},{"@type":"ListItem","position":2,"name":"Boutique","item":"https:\/\/latraversiere.fr\/en\/boutique\/"},{"@type":"ListItem","position":3,"name":"Wolfgang Amadeus Mozart &#8211; Magali Mosnier"}]}]}},"_links":{"self":[{"href":"https:\/\/latraversiere.fr\/en\/wp-json\/wp\/v2\/product\/523"}],"collection":[{"href":"https:\/\/latraversiere.fr\/en\/wp-json\/wp\/v2\/product"}],"about":[{"href":"https:\/\/latraversiere.fr\/en\/wp-json\/wp\/v2\/types\/product"}],"wp:featuredmedia":[{"embeddable":true,"href":"https:\/\/latraversiere.fr\/en\/wp-json\/wp\/v2\/media\/524"}],"wp:attachment":[{"href":"https:\/\/latraversiere.fr\/en\/wp-json\/wp\/v2\/media?parent=523"}],"curies":[{"name":"wp","href":"https:\/\/api.w.org\/{rel}","templated":true}]}}