{"id":533,"date":"2017-08-02T12:25:30","date_gmt":"2017-08-02T10:25:30","guid":{"rendered":"http:\/\/s465217036.onlinehome.fr\/TravNS\/?post_type=product&#038;p=533"},"modified":"2020-05-03T12:54:35","modified_gmt":"2020-05-03T10:54:35","slug":"pour-sortir-au-jour-g-connesson","status":"publish","type":"product","link":"https:\/\/latraversiere.fr\/en\/boutique\/cd-dvd\/pour-sortir-au-jour-g-connesson\/","title":{"rendered":"Pour sortir au jour &#8211; G. Connesson"},"content":{"rendered":"","protected":false},"excerpt":{"rendered":"<div class=\"page\" title=\"Page 24\">\n<div class=\"section\">\n<div class=\"layoutArea\">\n<div class=\"column\">\n<p>&nbsp;<\/p>\n<p><strong>Mathieu Dufour : Fl\u00fbte<br \/>\nBrussels Philarmonic :\u00a0<\/strong><strong>St\u00e9phane Den\u00e8ve, direction<br \/>\n<\/strong><strong>Deutsche Grammophon<\/strong><\/p>\n<p>Les trois \u0153uvres orchestrales sont des hommages \u00e0 des pays dont la culture est ch\u00e8re au compositeur : l\u2019Allemagne (Flammenschri ), l\u2019Italie (E chiaro nella il fume appare) et la Russie (Maslenitsa).<\/p>\n<p>Le concerto \u2018\u2019Pour sortir au jour\u2019\u2019 nous rappelle les \u00e9tapes entre t\u00e9n\u00e8bres et lumi\u00e8re conduisant au paradis des \u00e9gyptiens de l\u2019antiquit\u00e9.<\/p>\n<p>C\u2019est \u00e0 la fl\u00fbte (et nous nous en r\u00e9jouissons!) que Guillaume Connesson confie d\u2019incarner l\u2019\u00e2me errante, cinq mouvements encha\u00een\u00e9s aux caract\u00e8res distincts (Hypnotique, A\u00e9rien, Lumineux, Tr\u00e8s vif) d\u2019une musique intense, puissante, expressive aux rythmes aiguis\u00e9s o\u00f9 Mathieu Dufour (d\u00e9dicataire) d\u00e9ploie une ma\u00eetrise impressionnante et une \u00e9nergie ph\u00e9nom\u00e9nale : de la grande fl\u00fbte !<\/p>\n<p>Un concerto \u00e0 d\u00e9couvrir, \u00e0 \u00e9couter encore et encore&#8230;<\/p>\n<\/div>\n<\/div>\n<\/div>\n<\/div>\n","protected":false},"featured_media":534,"template":"","meta":[],"yoast_head":"<!-- This site is optimized with the Yoast SEO plugin v17.5 - https:\/\/yoast.com\/wordpress\/plugins\/seo\/ -->\n<title>Pour sortir au jour - G. Connesson - LA TRAVERSIERE The french flute association<\/title>\n<meta name=\"robots\" content=\"index, follow, max-snippet:-1, max-image-preview:large, max-video-preview:-1\" \/>\n<link rel=\"canonical\" href=\"https:\/\/latraversiere.fr\/boutique\/cd-dvd\/pour-sortir-au-jour-g-connesson\/\" \/>\n<meta property=\"og:locale\" content=\"en_US\" \/>\n<meta property=\"og:type\" content=\"article\" \/>\n<meta property=\"og:title\" content=\"Pour sortir au jour - G. Connesson - LA TRAVERSIERE The french flute association\" \/>\n<meta property=\"og:description\" content=\"[:fr]     &nbsp;  Mathieu Dufour : Fl\u00fbte Brussels Philarmonic :\u00a0St\u00e9phane Den\u00e8ve, direction Deutsche Grammophon  Les trois \u0153uvres orchestrales sont des hommages \u00e0 des pays dont la culture est ch\u00e8re au compositeur : l\u2019Allemagne (Flammenschri ), l\u2019Italie (E chiaro nella il fume appare) et la Russie (Maslenitsa).  Le concerto \u2018\u2019Pour sortir au jour\u2019\u2019 nous rappelle les \u00e9tapes entre t\u00e9n\u00e8bres et lumi\u00e8re conduisant au paradis des \u00e9gyptiens de l\u2019antiquit\u00e9.  C\u2019est \u00e0 la fl\u00fbte (et nous nous en r\u00e9jouissons!) que Guillaume Connesson confie d\u2019incarner l\u2019\u00e2me errante, cinq mouvements encha\u00een\u00e9s aux caract\u00e8res distincts (Hypnotique, A\u00e9rien, Lumineux, Tr\u00e8s vif) d\u2019une musique intense, puissante, expressive aux rythmes aiguis\u00e9s o\u00f9 Mathieu Dufour (d\u00e9dicataire) d\u00e9ploie une ma\u00eetrise impressionnante et une \u00e9nergie ph\u00e9nom\u00e9nale : de la grande fl\u00fbte !  Un concerto \u00e0 d\u00e9couvrir, \u00e0 \u00e9couter encore et encore...       Offre termin\u00e9e[:en]     &nbsp;  Mathieu Dufour : Fl\u00fbte Brussels Philarmonic :\u00a0St\u00e9phane Den\u00e8ve, direction Deutsche Grammophon  Les trois \u0153uvres orchestrales sont des hommages \u00e0 des pays dont la culture est ch\u00e8re au compositeur : l\u2019Allemagne (Flammenschri ), l\u2019Italie (E chiaro nella il fume appare) et la Russie (Maslenitsa).  Le concerto \u2018\u2019Pour sortir au jour\u2019\u2019 nous rappelle les \u00e9tapes entre t\u00e9n\u00e8bres et lumi\u00e8re conduisant au paradis des \u00e9gyptiens de l\u2019antiquit\u00e9.  C\u2019est \u00e0 la fl\u00fbte (et nous nous en r\u00e9jouissons!) que Guillaume Connesson confie d\u2019incarner l\u2019\u00e2me errante, cinq mouvements encha\u00een\u00e9s aux caract\u00e8res distincts (Hypnotique, A\u00e9rien, Lumineux, Tr\u00e8s vif) d\u2019une musique intense, puissante, expressive aux rythmes aiguis\u00e9s o\u00f9 Mathieu Dufour (d\u00e9dicataire) d\u00e9ploie une ma\u00eetrise impressionnante et une \u00e9nergie ph\u00e9nom\u00e9nale : de la grande fl\u00fbte !  Un concerto \u00e0 d\u00e9couvrir, \u00e0 \u00e9couter encore et encore...     [:]\" \/>\n<meta property=\"og:url\" content=\"https:\/\/latraversiere.fr\/boutique\/cd-dvd\/pour-sortir-au-jour-g-connesson\/\" \/>\n<meta property=\"og:site_name\" content=\"LA TRAVERSIERE The french flute association\" \/>\n<meta property=\"article:publisher\" content=\"https:\/\/www.facebook.com\/traversieres\/\" \/>\n<meta property=\"article:modified_time\" content=\"2020-05-03T10:54:35+00:00\" \/>\n<meta property=\"og:image\" content=\"https:\/\/latraversiere.fr\/wp-content\/uploads\/2017\/08\/81t1nCXIxYL._SL1400_.jpg\" \/>\n\t<meta property=\"og:image:width\" content=\"1400\" \/>\n\t<meta property=\"og:image:height\" content=\"1400\" \/>\n<meta name=\"twitter:card\" content=\"summary\" \/>\n<meta name=\"twitter:site\" content=\"@La_Traversiere\" \/>\n<script type=\"application\/ld+json\" class=\"yoast-schema-graph\">{\"@context\":\"https:\/\/schema.org\",\"@graph\":[{\"@type\":\"Organization\",\"@id\":\"https:\/\/latraversiere.fr\/#organization\",\"name\":\"La Traversi\\u00e8re - Association Fran\\u00e7aise de la Fl\\u00fbte\",\"url\":\"https:\/\/latraversiere.fr\/\",\"sameAs\":[\"https:\/\/www.facebook.com\/traversieres\/\",\"https:\/\/www.instagram.com\/la_traversiere\/\",\"https:\/\/www.youtube.com\/channel\/UC46MEQZI2BfRZNFUFqc59Sw\",\"https:\/\/twitter.com\/La_Traversiere\"],\"logo\":{\"@type\":\"ImageObject\",\"@id\":\"https:\/\/latraversiere.fr\/#logo\",\"inLanguage\":\"en-US\",\"url\":\"https:\/\/latraversiere.fr\/wp-content\/uploads\/2018\/01\/LOGO-Traversiere-SITE-1.png\",\"contentUrl\":\"https:\/\/latraversiere.fr\/wp-content\/uploads\/2018\/01\/LOGO-Traversiere-SITE-1.png\",\"width\":539,\"height\":200,\"caption\":\"La Traversi\\u00e8re - Association Fran\\u00e7aise de la Fl\\u00fbte\"},\"image\":{\"@id\":\"https:\/\/latraversiere.fr\/#logo\"}},{\"@type\":\"WebSite\",\"@id\":\"https:\/\/latraversiere.fr\/#website\",\"url\":\"https:\/\/latraversiere.fr\/\",\"name\":\"LA TRAVERSIERE The french flute association\",\"description\":\"\",\"publisher\":{\"@id\":\"https:\/\/latraversiere.fr\/#organization\"},\"potentialAction\":[{\"@type\":\"SearchAction\",\"target\":{\"@type\":\"EntryPoint\",\"urlTemplate\":\"https:\/\/latraversiere.fr\/?s={search_term_string}\"},\"query-input\":\"required name=search_term_string\"}],\"inLanguage\":\"en-US\"},{\"@type\":\"ImageObject\",\"@id\":\"https:\/\/latraversiere.fr\/boutique\/cd-dvd\/pour-sortir-au-jour-g-connesson\/#primaryimage\",\"inLanguage\":\"en-US\",\"url\":\"https:\/\/latraversiere.fr\/wp-content\/uploads\/2017\/08\/81t1nCXIxYL._SL1400_.jpg\",\"contentUrl\":\"https:\/\/latraversiere.fr\/wp-content\/uploads\/2017\/08\/81t1nCXIxYL._SL1400_.jpg\",\"width\":1400,\"height\":1400},{\"@type\":\"WebPage\",\"@id\":\"https:\/\/latraversiere.fr\/boutique\/cd-dvd\/pour-sortir-au-jour-g-connesson\/#webpage\",\"url\":\"https:\/\/latraversiere.fr\/boutique\/cd-dvd\/pour-sortir-au-jour-g-connesson\/\",\"name\":\"Pour sortir au jour - G. Connesson - LA TRAVERSIERE The french flute association\",\"isPartOf\":{\"@id\":\"https:\/\/latraversiere.fr\/#website\"},\"primaryImageOfPage\":{\"@id\":\"https:\/\/latraversiere.fr\/boutique\/cd-dvd\/pour-sortir-au-jour-g-connesson\/#primaryimage\"},\"datePublished\":\"2017-08-02T10:25:30+00:00\",\"dateModified\":\"2020-05-03T10:54:35+00:00\",\"breadcrumb\":{\"@id\":\"https:\/\/latraversiere.fr\/boutique\/cd-dvd\/pour-sortir-au-jour-g-connesson\/#breadcrumb\"},\"inLanguage\":\"en-US\",\"potentialAction\":[{\"@type\":\"ReadAction\",\"target\":[\"https:\/\/latraversiere.fr\/boutique\/cd-dvd\/pour-sortir-au-jour-g-connesson\/\"]}]},{\"@type\":\"BreadcrumbList\",\"@id\":\"https:\/\/latraversiere.fr\/boutique\/cd-dvd\/pour-sortir-au-jour-g-connesson\/#breadcrumb\",\"itemListElement\":[{\"@type\":\"ListItem\",\"position\":1,\"name\":\"Accueil\",\"item\":\"https:\/\/latraversiere.fr\/\"},{\"@type\":\"ListItem\",\"position\":2,\"name\":\"Boutique\",\"item\":\"https:\/\/latraversiere.fr\/en\/boutique\/\"},{\"@type\":\"ListItem\",\"position\":3,\"name\":\"Pour sortir au jour &#8211; G. Connesson\"}]}]}<\/script>\n<!-- \/ Yoast SEO plugin. -->","yoast_head_json":{"title":"Pour sortir au jour - G. Connesson - LA TRAVERSIERE The french flute association","robots":{"index":"index","follow":"follow","max-snippet":"max-snippet:-1","max-image-preview":"max-image-preview:large","max-video-preview":"max-video-preview:-1"},"canonical":"https:\/\/latraversiere.fr\/boutique\/cd-dvd\/pour-sortir-au-jour-g-connesson\/","og_locale":"en_US","og_type":"article","og_title":"Pour sortir au jour - G. Connesson - LA TRAVERSIERE The french flute association","og_description":"[:fr]     &nbsp;  Mathieu Dufour : Fl\u00fbte Brussels Philarmonic :\u00a0St\u00e9phane Den\u00e8ve, direction Deutsche Grammophon  Les trois \u0153uvres orchestrales sont des hommages \u00e0 des pays dont la culture est ch\u00e8re au compositeur : l\u2019Allemagne (Flammenschri ), l\u2019Italie (E chiaro nella il fume appare) et la Russie (Maslenitsa).  Le concerto \u2018\u2019Pour sortir au jour\u2019\u2019 nous rappelle les \u00e9tapes entre t\u00e9n\u00e8bres et lumi\u00e8re conduisant au paradis des \u00e9gyptiens de l\u2019antiquit\u00e9.  C\u2019est \u00e0 la fl\u00fbte (et nous nous en r\u00e9jouissons!) que Guillaume Connesson confie d\u2019incarner l\u2019\u00e2me errante, cinq mouvements encha\u00een\u00e9s aux caract\u00e8res distincts (Hypnotique, A\u00e9rien, Lumineux, Tr\u00e8s vif) d\u2019une musique intense, puissante, expressive aux rythmes aiguis\u00e9s o\u00f9 Mathieu Dufour (d\u00e9dicataire) d\u00e9ploie une ma\u00eetrise impressionnante et une \u00e9nergie ph\u00e9nom\u00e9nale : de la grande fl\u00fbte !  Un concerto \u00e0 d\u00e9couvrir, \u00e0 \u00e9couter encore et encore...       Offre termin\u00e9e[:en]     &nbsp;  Mathieu Dufour : Fl\u00fbte Brussels Philarmonic :\u00a0St\u00e9phane Den\u00e8ve, direction Deutsche Grammophon  Les trois \u0153uvres orchestrales sont des hommages \u00e0 des pays dont la culture est ch\u00e8re au compositeur : l\u2019Allemagne (Flammenschri ), l\u2019Italie (E chiaro nella il fume appare) et la Russie (Maslenitsa).  Le concerto \u2018\u2019Pour sortir au jour\u2019\u2019 nous rappelle les \u00e9tapes entre t\u00e9n\u00e8bres et lumi\u00e8re conduisant au paradis des \u00e9gyptiens de l\u2019antiquit\u00e9.  C\u2019est \u00e0 la fl\u00fbte (et nous nous en r\u00e9jouissons!) que Guillaume Connesson confie d\u2019incarner l\u2019\u00e2me errante, cinq mouvements encha\u00een\u00e9s aux caract\u00e8res distincts (Hypnotique, A\u00e9rien, Lumineux, Tr\u00e8s vif) d\u2019une musique intense, puissante, expressive aux rythmes aiguis\u00e9s o\u00f9 Mathieu Dufour (d\u00e9dicataire) d\u00e9ploie une ma\u00eetrise impressionnante et une \u00e9nergie ph\u00e9nom\u00e9nale : de la grande fl\u00fbte !  Un concerto \u00e0 d\u00e9couvrir, \u00e0 \u00e9couter encore et encore...     [:]","og_url":"https:\/\/latraversiere.fr\/boutique\/cd-dvd\/pour-sortir-au-jour-g-connesson\/","og_site_name":"LA TRAVERSIERE The french flute association","article_publisher":"https:\/\/www.facebook.com\/traversieres\/","article_modified_time":"2020-05-03T10:54:35+00:00","og_image":[{"width":1400,"height":1400,"url":"https:\/\/latraversiere.fr\/wp-content\/uploads\/2017\/08\/81t1nCXIxYL._SL1400_.jpg","type":"image\/jpeg"}],"twitter_card":"summary","twitter_site":"@La_Traversiere","schema":{"@context":"https:\/\/schema.org","@graph":[{"@type":"Organization","@id":"https:\/\/latraversiere.fr\/#organization","name":"La Traversi\u00e8re - Association Fran\u00e7aise de la Fl\u00fbte","url":"https:\/\/latraversiere.fr\/","sameAs":["https:\/\/www.facebook.com\/traversieres\/","https:\/\/www.instagram.com\/la_traversiere\/","https:\/\/www.youtube.com\/channel\/UC46MEQZI2BfRZNFUFqc59Sw","https:\/\/twitter.com\/La_Traversiere"],"logo":{"@type":"ImageObject","@id":"https:\/\/latraversiere.fr\/#logo","inLanguage":"en-US","url":"https:\/\/latraversiere.fr\/wp-content\/uploads\/2018\/01\/LOGO-Traversiere-SITE-1.png","contentUrl":"https:\/\/latraversiere.fr\/wp-content\/uploads\/2018\/01\/LOGO-Traversiere-SITE-1.png","width":539,"height":200,"caption":"La Traversi\u00e8re - Association Fran\u00e7aise de la Fl\u00fbte"},"image":{"@id":"https:\/\/latraversiere.fr\/#logo"}},{"@type":"WebSite","@id":"https:\/\/latraversiere.fr\/#website","url":"https:\/\/latraversiere.fr\/","name":"LA TRAVERSIERE The french flute association","description":"","publisher":{"@id":"https:\/\/latraversiere.fr\/#organization"},"potentialAction":[{"@type":"SearchAction","target":{"@type":"EntryPoint","urlTemplate":"https:\/\/latraversiere.fr\/?s={search_term_string}"},"query-input":"required name=search_term_string"}],"inLanguage":"en-US"},{"@type":"ImageObject","@id":"https:\/\/latraversiere.fr\/boutique\/cd-dvd\/pour-sortir-au-jour-g-connesson\/#primaryimage","inLanguage":"en-US","url":"https:\/\/latraversiere.fr\/wp-content\/uploads\/2017\/08\/81t1nCXIxYL._SL1400_.jpg","contentUrl":"https:\/\/latraversiere.fr\/wp-content\/uploads\/2017\/08\/81t1nCXIxYL._SL1400_.jpg","width":1400,"height":1400},{"@type":"WebPage","@id":"https:\/\/latraversiere.fr\/boutique\/cd-dvd\/pour-sortir-au-jour-g-connesson\/#webpage","url":"https:\/\/latraversiere.fr\/boutique\/cd-dvd\/pour-sortir-au-jour-g-connesson\/","name":"Pour sortir au jour - G. Connesson - LA TRAVERSIERE The french flute association","isPartOf":{"@id":"https:\/\/latraversiere.fr\/#website"},"primaryImageOfPage":{"@id":"https:\/\/latraversiere.fr\/boutique\/cd-dvd\/pour-sortir-au-jour-g-connesson\/#primaryimage"},"datePublished":"2017-08-02T10:25:30+00:00","dateModified":"2020-05-03T10:54:35+00:00","breadcrumb":{"@id":"https:\/\/latraversiere.fr\/boutique\/cd-dvd\/pour-sortir-au-jour-g-connesson\/#breadcrumb"},"inLanguage":"en-US","potentialAction":[{"@type":"ReadAction","target":["https:\/\/latraversiere.fr\/boutique\/cd-dvd\/pour-sortir-au-jour-g-connesson\/"]}]},{"@type":"BreadcrumbList","@id":"https:\/\/latraversiere.fr\/boutique\/cd-dvd\/pour-sortir-au-jour-g-connesson\/#breadcrumb","itemListElement":[{"@type":"ListItem","position":1,"name":"Accueil","item":"https:\/\/latraversiere.fr\/"},{"@type":"ListItem","position":2,"name":"Boutique","item":"https:\/\/latraversiere.fr\/en\/boutique\/"},{"@type":"ListItem","position":3,"name":"Pour sortir au jour &#8211; G. Connesson"}]}]}},"_links":{"self":[{"href":"https:\/\/latraversiere.fr\/en\/wp-json\/wp\/v2\/product\/533"}],"collection":[{"href":"https:\/\/latraversiere.fr\/en\/wp-json\/wp\/v2\/product"}],"about":[{"href":"https:\/\/latraversiere.fr\/en\/wp-json\/wp\/v2\/types\/product"}],"wp:featuredmedia":[{"embeddable":true,"href":"https:\/\/latraversiere.fr\/en\/wp-json\/wp\/v2\/media\/534"}],"wp:attachment":[{"href":"https:\/\/latraversiere.fr\/en\/wp-json\/wp\/v2\/media?parent=533"}],"curies":[{"name":"wp","href":"https:\/\/api.w.org\/{rel}","templated":true}]}}