{"id":5708,"date":"2018-12-09T10:22:21","date_gmt":"2018-12-09T09:22:21","guid":{"rendered":"https:\/\/latraversiere.fr\/?post_type=product&#038;p=5708"},"modified":"2022-06-04T09:26:12","modified_gmt":"2022-06-04T07:26:12","slug":"traversieres-magazine-n127","status":"publish","type":"product","link":"https:\/\/latraversiere.fr\/en\/boutique\/traversieres-magazine\/traversieres-magazine-n127\/","title":{"rendered":"Traversi\u00e8res Magazine N\u00b0127"},"content":{"rendered":"<p>DOSSIER &#8211; Red\u00e9couvrir les fr\u00e8res Doppler : Entretien avec Andr\u00e1s Adorj\u00e1n &#8211; L\u2019int\u00e9grale de l\u2019\u0153uvre pour fl\u00fbte des fr\u00e8res Doppler en 10 CD par Claudi Arimany<br \/>\nPORTRAIT &#8211; Autobiographie de Franz Doppler &#8211; Autobiographie de Carl Doppler<br \/>\nPARTITION &#8211; Cs\u00e1rd\u00e0s de Carl Doppler<br \/>\nLUTHERIE &#8211; Quelles fl\u00fbtes jouaient les fr\u00e8res Doppler ?<br \/>\nPEDAGOGIE &#8211; La m\u00e9thode de fl\u00fbte de Philippe Lesgourgues<br \/>\nHOMMAGE &#8211; Hommage \u00e0 C\u00e9cile Pighetti<\/p>\n","protected":false},"excerpt":{"rendered":"<p>DOSSIER &#8211; Red\u00e9couvrir les fr\u00e8res Doppler : Entretien avec Andr\u00e1s Adorj\u00e1n &#8211; L\u2019int\u00e9grale de l\u2019\u0153uvre pour fl\u00fbte des fr\u00e8res Doppler en 10 CD par Claudi Arimany<br \/>\nPORTRAIT &#8211; Autobiographie de Franz Doppler &#8211; Autobiographie de Carl Doppler<br \/>\nPARTITION &#8211; Cs\u00e1rd\u00e0s de Carl Doppler<br \/>\nLUTHERIE &#8211; Quelles fl\u00fbtes jouaient les fr\u00e8res Doppler ?<br \/>\nPEDAGOGIE &#8211; La m\u00e9thode de fl\u00fbte de Philippe Lesgourgues<br \/>\nHOMMAGE &#8211; Hommage \u00e0 C\u00e9cile Pighetti<\/p>\n","protected":false},"featured_media":5709,"template":"","meta":[],"yoast_head":"<!-- This site is optimized with the Yoast SEO plugin v17.5 - https:\/\/yoast.com\/wordpress\/plugins\/seo\/ -->\n<title>Traversi\u00e8res Magazine N\u00b0127 - LA TRAVERSIERE The french flute association<\/title>\n<meta name=\"robots\" content=\"index, follow, max-snippet:-1, max-image-preview:large, max-video-preview:-1\" \/>\n<link rel=\"canonical\" href=\"https:\/\/latraversiere.fr\/boutique\/traversieres-magazine\/traversieres-magazine-n127\/\" \/>\n<meta property=\"og:locale\" content=\"en_US\" \/>\n<meta property=\"og:type\" content=\"article\" \/>\n<meta property=\"og:title\" content=\"Traversi\u00e8res Magazine N\u00b0127 - LA TRAVERSIERE The french flute association\" \/>\n<meta property=\"og:description\" content=\"DOSSIER - Red\u00e9couvrir les fr\u00e8res Doppler : Entretien avec Andr\u00e1s Adorj\u00e1n - L\u2019int\u00e9grale de l\u2019\u0153uvre pour fl\u00fbte des fr\u00e8res Doppler en 10 CD par Claudi Arimany PORTRAIT - Autobiographie de Franz Doppler - Autobiographie de Carl Doppler PARTITION - Cs\u00e1rd\u00e0s de Carl Doppler LUTHERIE - Quelles fl\u00fbtes jouaient les fr\u00e8res Doppler ? PEDAGOGIE - La m\u00e9thode de fl\u00fbte de Philippe Lesgourgues HOMMAGE - Hommage \u00e0 C\u00e9cile Pighetti\" \/>\n<meta property=\"og:url\" content=\"https:\/\/latraversiere.fr\/boutique\/traversieres-magazine\/traversieres-magazine-n127\/\" \/>\n<meta property=\"og:site_name\" content=\"LA TRAVERSIERE The french flute association\" \/>\n<meta property=\"article:publisher\" content=\"https:\/\/www.facebook.com\/traversieres\/\" \/>\n<meta property=\"article:modified_time\" content=\"2022-06-04T07:26:12+00:00\" \/>\n<meta property=\"og:image\" content=\"https:\/\/latraversiere.fr\/wp-content\/uploads\/2018\/12\/2018-TM127-cover.jpg\" \/>\n\t<meta property=\"og:image:width\" content=\"724\" \/>\n\t<meta property=\"og:image:height\" content=\"1024\" \/>\n<meta name=\"twitter:card\" content=\"summary\" \/>\n<meta name=\"twitter:site\" content=\"@La_Traversiere\" \/>\n<script type=\"application\/ld+json\" class=\"yoast-schema-graph\">{\"@context\":\"https:\/\/schema.org\",\"@graph\":[{\"@type\":\"Organization\",\"@id\":\"https:\/\/latraversiere.fr\/#organization\",\"name\":\"La Traversi\\u00e8re - Association Fran\\u00e7aise de la Fl\\u00fbte\",\"url\":\"https:\/\/latraversiere.fr\/\",\"sameAs\":[\"https:\/\/www.facebook.com\/traversieres\/\",\"https:\/\/www.instagram.com\/la_traversiere\/\",\"https:\/\/www.youtube.com\/channel\/UC46MEQZI2BfRZNFUFqc59Sw\",\"https:\/\/twitter.com\/La_Traversiere\"],\"logo\":{\"@type\":\"ImageObject\",\"@id\":\"https:\/\/latraversiere.fr\/#logo\",\"inLanguage\":\"en-US\",\"url\":\"https:\/\/latraversiere.fr\/wp-content\/uploads\/2018\/01\/LOGO-Traversiere-SITE-1.png\",\"contentUrl\":\"https:\/\/latraversiere.fr\/wp-content\/uploads\/2018\/01\/LOGO-Traversiere-SITE-1.png\",\"width\":539,\"height\":200,\"caption\":\"La Traversi\\u00e8re - Association Fran\\u00e7aise de la Fl\\u00fbte\"},\"image\":{\"@id\":\"https:\/\/latraversiere.fr\/#logo\"}},{\"@type\":\"WebSite\",\"@id\":\"https:\/\/latraversiere.fr\/#website\",\"url\":\"https:\/\/latraversiere.fr\/\",\"name\":\"LA TRAVERSIERE The french flute association\",\"description\":\"\",\"publisher\":{\"@id\":\"https:\/\/latraversiere.fr\/#organization\"},\"potentialAction\":[{\"@type\":\"SearchAction\",\"target\":{\"@type\":\"EntryPoint\",\"urlTemplate\":\"https:\/\/latraversiere.fr\/?s={search_term_string}\"},\"query-input\":\"required name=search_term_string\"}],\"inLanguage\":\"en-US\"},{\"@type\":\"ImageObject\",\"@id\":\"https:\/\/latraversiere.fr\/boutique\/traversieres-magazine\/traversieres-magazine-n127\/#primaryimage\",\"inLanguage\":\"en-US\",\"url\":\"https:\/\/latraversiere.fr\/wp-content\/uploads\/2018\/12\/2018-TM127-cover.jpg\",\"contentUrl\":\"https:\/\/latraversiere.fr\/wp-content\/uploads\/2018\/12\/2018-TM127-cover.jpg\",\"width\":724,\"height\":1024,\"caption\":\"Traversi\\u00e8res Magazine N\\u00b0127\"},{\"@type\":\"WebPage\",\"@id\":\"https:\/\/latraversiere.fr\/boutique\/traversieres-magazine\/traversieres-magazine-n127\/#webpage\",\"url\":\"https:\/\/latraversiere.fr\/boutique\/traversieres-magazine\/traversieres-magazine-n127\/\",\"name\":\"Traversi\\u00e8res Magazine N\\u00b0127 - LA TRAVERSIERE The french flute association\",\"isPartOf\":{\"@id\":\"https:\/\/latraversiere.fr\/#website\"},\"primaryImageOfPage\":{\"@id\":\"https:\/\/latraversiere.fr\/boutique\/traversieres-magazine\/traversieres-magazine-n127\/#primaryimage\"},\"datePublished\":\"2018-12-09T09:22:21+00:00\",\"dateModified\":\"2022-06-04T07:26:12+00:00\",\"breadcrumb\":{\"@id\":\"https:\/\/latraversiere.fr\/boutique\/traversieres-magazine\/traversieres-magazine-n127\/#breadcrumb\"},\"inLanguage\":\"en-US\",\"potentialAction\":[{\"@type\":\"ReadAction\",\"target\":[\"https:\/\/latraversiere.fr\/boutique\/traversieres-magazine\/traversieres-magazine-n127\/\"]}]},{\"@type\":\"BreadcrumbList\",\"@id\":\"https:\/\/latraversiere.fr\/boutique\/traversieres-magazine\/traversieres-magazine-n127\/#breadcrumb\",\"itemListElement\":[{\"@type\":\"ListItem\",\"position\":1,\"name\":\"Accueil\",\"item\":\"https:\/\/latraversiere.fr\/\"},{\"@type\":\"ListItem\",\"position\":2,\"name\":\"Boutique\",\"item\":\"https:\/\/latraversiere.fr\/en\/boutique\/\"},{\"@type\":\"ListItem\",\"position\":3,\"name\":\"Traversi\\u00e8res Magazine N\\u00b0127\"}]}]}<\/script>\n<!-- \/ Yoast SEO plugin. -->","yoast_head_json":{"title":"Traversi\u00e8res Magazine N\u00b0127 - LA TRAVERSIERE The french flute association","robots":{"index":"index","follow":"follow","max-snippet":"max-snippet:-1","max-image-preview":"max-image-preview:large","max-video-preview":"max-video-preview:-1"},"canonical":"https:\/\/latraversiere.fr\/boutique\/traversieres-magazine\/traversieres-magazine-n127\/","og_locale":"en_US","og_type":"article","og_title":"Traversi\u00e8res Magazine N\u00b0127 - LA TRAVERSIERE The french flute association","og_description":"DOSSIER - Red\u00e9couvrir les fr\u00e8res Doppler : Entretien avec Andr\u00e1s Adorj\u00e1n - L\u2019int\u00e9grale de l\u2019\u0153uvre pour fl\u00fbte des fr\u00e8res Doppler en 10 CD par Claudi Arimany PORTRAIT - Autobiographie de Franz Doppler - Autobiographie de Carl Doppler PARTITION - Cs\u00e1rd\u00e0s de Carl Doppler LUTHERIE - Quelles fl\u00fbtes jouaient les fr\u00e8res Doppler ? PEDAGOGIE - La m\u00e9thode de fl\u00fbte de Philippe Lesgourgues HOMMAGE - Hommage \u00e0 C\u00e9cile Pighetti","og_url":"https:\/\/latraversiere.fr\/boutique\/traversieres-magazine\/traversieres-magazine-n127\/","og_site_name":"LA TRAVERSIERE The french flute association","article_publisher":"https:\/\/www.facebook.com\/traversieres\/","article_modified_time":"2022-06-04T07:26:12+00:00","og_image":[{"width":724,"height":1024,"url":"https:\/\/latraversiere.fr\/wp-content\/uploads\/2018\/12\/2018-TM127-cover.jpg","type":"image\/jpeg"}],"twitter_card":"summary","twitter_site":"@La_Traversiere","schema":{"@context":"https:\/\/schema.org","@graph":[{"@type":"Organization","@id":"https:\/\/latraversiere.fr\/#organization","name":"La Traversi\u00e8re - Association Fran\u00e7aise de la Fl\u00fbte","url":"https:\/\/latraversiere.fr\/","sameAs":["https:\/\/www.facebook.com\/traversieres\/","https:\/\/www.instagram.com\/la_traversiere\/","https:\/\/www.youtube.com\/channel\/UC46MEQZI2BfRZNFUFqc59Sw","https:\/\/twitter.com\/La_Traversiere"],"logo":{"@type":"ImageObject","@id":"https:\/\/latraversiere.fr\/#logo","inLanguage":"en-US","url":"https:\/\/latraversiere.fr\/wp-content\/uploads\/2018\/01\/LOGO-Traversiere-SITE-1.png","contentUrl":"https:\/\/latraversiere.fr\/wp-content\/uploads\/2018\/01\/LOGO-Traversiere-SITE-1.png","width":539,"height":200,"caption":"La Traversi\u00e8re - Association Fran\u00e7aise de la Fl\u00fbte"},"image":{"@id":"https:\/\/latraversiere.fr\/#logo"}},{"@type":"WebSite","@id":"https:\/\/latraversiere.fr\/#website","url":"https:\/\/latraversiere.fr\/","name":"LA TRAVERSIERE The french flute association","description":"","publisher":{"@id":"https:\/\/latraversiere.fr\/#organization"},"potentialAction":[{"@type":"SearchAction","target":{"@type":"EntryPoint","urlTemplate":"https:\/\/latraversiere.fr\/?s={search_term_string}"},"query-input":"required name=search_term_string"}],"inLanguage":"en-US"},{"@type":"ImageObject","@id":"https:\/\/latraversiere.fr\/boutique\/traversieres-magazine\/traversieres-magazine-n127\/#primaryimage","inLanguage":"en-US","url":"https:\/\/latraversiere.fr\/wp-content\/uploads\/2018\/12\/2018-TM127-cover.jpg","contentUrl":"https:\/\/latraversiere.fr\/wp-content\/uploads\/2018\/12\/2018-TM127-cover.jpg","width":724,"height":1024,"caption":"Traversi\u00e8res Magazine N\u00b0127"},{"@type":"WebPage","@id":"https:\/\/latraversiere.fr\/boutique\/traversieres-magazine\/traversieres-magazine-n127\/#webpage","url":"https:\/\/latraversiere.fr\/boutique\/traversieres-magazine\/traversieres-magazine-n127\/","name":"Traversi\u00e8res Magazine N\u00b0127 - LA TRAVERSIERE The french flute association","isPartOf":{"@id":"https:\/\/latraversiere.fr\/#website"},"primaryImageOfPage":{"@id":"https:\/\/latraversiere.fr\/boutique\/traversieres-magazine\/traversieres-magazine-n127\/#primaryimage"},"datePublished":"2018-12-09T09:22:21+00:00","dateModified":"2022-06-04T07:26:12+00:00","breadcrumb":{"@id":"https:\/\/latraversiere.fr\/boutique\/traversieres-magazine\/traversieres-magazine-n127\/#breadcrumb"},"inLanguage":"en-US","potentialAction":[{"@type":"ReadAction","target":["https:\/\/latraversiere.fr\/boutique\/traversieres-magazine\/traversieres-magazine-n127\/"]}]},{"@type":"BreadcrumbList","@id":"https:\/\/latraversiere.fr\/boutique\/traversieres-magazine\/traversieres-magazine-n127\/#breadcrumb","itemListElement":[{"@type":"ListItem","position":1,"name":"Accueil","item":"https:\/\/latraversiere.fr\/"},{"@type":"ListItem","position":2,"name":"Boutique","item":"https:\/\/latraversiere.fr\/en\/boutique\/"},{"@type":"ListItem","position":3,"name":"Traversi\u00e8res Magazine N\u00b0127"}]}]}},"_links":{"self":[{"href":"https:\/\/latraversiere.fr\/en\/wp-json\/wp\/v2\/product\/5708"}],"collection":[{"href":"https:\/\/latraversiere.fr\/en\/wp-json\/wp\/v2\/product"}],"about":[{"href":"https:\/\/latraversiere.fr\/en\/wp-json\/wp\/v2\/types\/product"}],"wp:featuredmedia":[{"embeddable":true,"href":"https:\/\/latraversiere.fr\/en\/wp-json\/wp\/v2\/media\/5709"}],"wp:attachment":[{"href":"https:\/\/latraversiere.fr\/en\/wp-json\/wp\/v2\/media?parent=5708"}],"curies":[{"name":"wp","href":"https:\/\/api.w.org\/{rel}","templated":true}]}}