{"id":5711,"date":"2018-12-09T10:35:54","date_gmt":"2018-12-09T09:35:54","guid":{"rendered":"https:\/\/latraversiere.fr\/?post_type=product&#038;p=5711"},"modified":"2024-08-14T18:25:04","modified_gmt":"2024-08-14T16:25:04","slug":"doppler-discoveries","status":"publish","type":"product","link":"https:\/\/latraversiere.fr\/en\/boutique\/cd-dvd\/doppler-discoveries\/","title":{"rendered":"DOPPLER DISCOVERIES"},"content":{"rendered":"<p><strong><br \/>\nAndr\u00e1s Adorj\u00e1n &#038; Emmanuel Pahud, fl\u00fbtes<br \/>\nJan Philip Schulze, piano &#8211; Quatuor de cors Arcis &#8211; FARAO &#8211; CD B 108104<br \/>\n<\/strong><\/p>\n<p>F. Doppler &#8211; Sonate pour deux fl\u00fbtes et piano, Op. 25 Premier enregistrement mondial<br \/>\nF. Doppler &#8211; Fantaisie pastorale hongroise pour fl\u00fbte et piano, Op.  26<br \/>\nC. Doppler &#8211; Variations sur un air hongrois pour fl\u00fbte et piano Premier enregistrement mondial<br \/>\nF. et C. Doppler &#8211; Chant pastoral hongrois pour deux fl\u00fbtes et piano Premier enregistrement mondial<br \/>\nF. Doppler &#8211; L\u2019Oiseau des Bois, Idyllle pour fl\u00fbte et quatre cors, Op. 21<br \/>\nF. Doppler &#8211; Grande Fantaisie pour fl\u00fbte et piano<br \/>\nF. Doppler &#8211; Aus der Heimat pour deux fl\u00fbtes et piano, Op. 39a<\/p>\n","protected":false},"excerpt":{"rendered":"<p><strong><br \/>\nAndr\u00e1s Adorj\u00e1n &#038; Emmanuel Pahud, fl\u00fbtes<br \/>\nJan Philip Schulze, piano &#8211; Quatuor de cors Arcis &#8211; FARAO &#8211; CD B 108104<br \/>\n<\/strong><\/p>\n<p>F. Doppler &#8211; Sonate pour deux fl\u00fbtes et piano, Op. 25 Premier enregistrement mondial<br \/>\nF. Doppler &#8211; Fantaisie pastorale hongroise pour fl\u00fbte et piano, Op.  26<br \/>\nC. Doppler &#8211; Variations sur un air hongrois pour fl\u00fbte et piano Premier enregistrement mondial<br \/>\nF. et C. Doppler &#8211; Chant pastoral hongrois pour deux fl\u00fbtes et piano Premier enregistrement mondial<br \/>\nF. Doppler &#8211; L\u2019Oiseau des Bois, Idyllle pour fl\u00fbte et quatre cors, Op. 21<br \/>\nF. Doppler &#8211; Grande Fantaisie pour fl\u00fbte et piano<br \/>\nF. Doppler &#8211; Aus der Heimat pour deux fl\u00fbtes et piano, Op. 39a<\/p>\n","protected":false},"featured_media":5712,"template":"","meta":[],"yoast_head":"<!-- This site is optimized with the Yoast SEO plugin v17.5 - https:\/\/yoast.com\/wordpress\/plugins\/seo\/ -->\n<title>DOPPLER DISCOVERIES - LA TRAVERSIERE The french flute association<\/title>\n<meta name=\"robots\" content=\"index, follow, max-snippet:-1, max-image-preview:large, max-video-preview:-1\" \/>\n<link rel=\"canonical\" href=\"https:\/\/latraversiere.fr\/boutique\/cd-dvd\/doppler-discoveries\/\" \/>\n<meta property=\"og:locale\" content=\"en_US\" \/>\n<meta property=\"og:type\" content=\"article\" \/>\n<meta property=\"og:title\" content=\"DOPPLER DISCOVERIES - LA TRAVERSIERE The french flute association\" \/>\n<meta property=\"og:description\" content=\"[:fr] Andr\u00e1s Adorj\u00e1n &amp; Emmanuel Pahud, fl\u00fbtes Jan Philip Schulze, piano - Quatuor de cors Arcis - FARAO - CD B 108104   F. Doppler - Sonate pour deux fl\u00fbtes et piano, Op. 25 Premier enregistrement mondial F. Doppler - Fantaisie pastorale hongroise pour fl\u00fbte et piano, Op. 26 C. Doppler - Variations sur un air hongrois pour fl\u00fbte et piano Premier enregistrement mondial F. et C. Doppler - Chant pastoral hongrois pour deux fl\u00fbtes et piano Premier enregistrement mondial F. Doppler - L\u2019Oiseau des Bois, Idyllle pour fl\u00fbte et quatre cors, Op. 21 F. Doppler - Grande Fantaisie pour fl\u00fbte et piano F. Doppler - Aus der Heimat pour deux fl\u00fbtes et piano, Op. 39a   Lire notre critique dans Traversi\u00e8res Magazine N\u00b0127 [:en] Andr\u00e1s Adorj\u00e1n &amp; Emmanuel Pahud, fl\u00fbtes Jan Philip Schulze, piano - Quatuor de cors Arcis - FARAO - CD B 108104   F. Doppler - Sonate pour deux fl\u00fbtes et piano, Op. 25 Premier enregistrement mondial F. Doppler - Fantaisie pastorale hongroise pour fl\u00fbte et piano, Op. 26 C. Doppler - Variations sur un air hongrois pour fl\u00fbte et piano Premier enregistrement mondial F. et C. Doppler - Chant pastoral hongrois pour deux fl\u00fbtes et piano Premier enregistrement mondial F. Doppler - L\u2019Oiseau des Bois, Idyllle pour fl\u00fbte et quatre cors, Op. 21 F. Doppler - Grande Fantaisie pour fl\u00fbte et piano F. Doppler - Aus der Heimat pour deux fl\u00fbtes et piano, Op. 39a[:]\" \/>\n<meta property=\"og:url\" content=\"https:\/\/latraversiere.fr\/boutique\/cd-dvd\/doppler-discoveries\/\" \/>\n<meta property=\"og:site_name\" content=\"LA TRAVERSIERE The french flute association\" \/>\n<meta property=\"article:publisher\" content=\"https:\/\/www.facebook.com\/traversieres\/\" \/>\n<meta property=\"article:modified_time\" content=\"2024-08-14T16:25:04+00:00\" \/>\n<meta property=\"og:image\" content=\"https:\/\/latraversiere.fr\/wp-content\/uploads\/2018\/12\/DopplerDiscoveries.jpg\" \/>\n\t<meta property=\"og:image:width\" content=\"1024\" \/>\n\t<meta property=\"og:image:height\" content=\"1015\" \/>\n<meta name=\"twitter:card\" content=\"summary\" \/>\n<meta name=\"twitter:site\" content=\"@La_Traversiere\" \/>\n<meta name=\"twitter:label1\" content=\"Est. reading time\" \/>\n\t<meta name=\"twitter:data1\" content=\"1 minute\" \/>\n<script type=\"application\/ld+json\" class=\"yoast-schema-graph\">{\"@context\":\"https:\/\/schema.org\",\"@graph\":[{\"@type\":\"Organization\",\"@id\":\"https:\/\/latraversiere.fr\/#organization\",\"name\":\"La Traversi\\u00e8re - Association Fran\\u00e7aise de la Fl\\u00fbte\",\"url\":\"https:\/\/latraversiere.fr\/\",\"sameAs\":[\"https:\/\/www.facebook.com\/traversieres\/\",\"https:\/\/www.instagram.com\/la_traversiere\/\",\"https:\/\/www.youtube.com\/channel\/UC46MEQZI2BfRZNFUFqc59Sw\",\"https:\/\/twitter.com\/La_Traversiere\"],\"logo\":{\"@type\":\"ImageObject\",\"@id\":\"https:\/\/latraversiere.fr\/#logo\",\"inLanguage\":\"en-US\",\"url\":\"https:\/\/latraversiere.fr\/wp-content\/uploads\/2018\/01\/LOGO-Traversiere-SITE-1.png\",\"contentUrl\":\"https:\/\/latraversiere.fr\/wp-content\/uploads\/2018\/01\/LOGO-Traversiere-SITE-1.png\",\"width\":539,\"height\":200,\"caption\":\"La Traversi\\u00e8re - Association Fran\\u00e7aise de la Fl\\u00fbte\"},\"image\":{\"@id\":\"https:\/\/latraversiere.fr\/#logo\"}},{\"@type\":\"WebSite\",\"@id\":\"https:\/\/latraversiere.fr\/#website\",\"url\":\"https:\/\/latraversiere.fr\/\",\"name\":\"LA TRAVERSIERE The french flute association\",\"description\":\"\",\"publisher\":{\"@id\":\"https:\/\/latraversiere.fr\/#organization\"},\"potentialAction\":[{\"@type\":\"SearchAction\",\"target\":{\"@type\":\"EntryPoint\",\"urlTemplate\":\"https:\/\/latraversiere.fr\/?s={search_term_string}\"},\"query-input\":\"required name=search_term_string\"}],\"inLanguage\":\"en-US\"},{\"@type\":\"ImageObject\",\"@id\":\"https:\/\/latraversiere.fr\/boutique\/cd-dvd\/doppler-discoveries\/#primaryimage\",\"inLanguage\":\"en-US\",\"url\":\"https:\/\/latraversiere.fr\/wp-content\/uploads\/2018\/12\/DopplerDiscoveries.jpg\",\"contentUrl\":\"https:\/\/latraversiere.fr\/wp-content\/uploads\/2018\/12\/DopplerDiscoveries.jpg\",\"width\":1024,\"height\":1015,\"caption\":\"CD Doppler Discoveries - Andr\\u00e1s Adorj\\u00e1n & Emmanuel Pahud\"},{\"@type\":\"WebPage\",\"@id\":\"https:\/\/latraversiere.fr\/boutique\/cd-dvd\/doppler-discoveries\/#webpage\",\"url\":\"https:\/\/latraversiere.fr\/boutique\/cd-dvd\/doppler-discoveries\/\",\"name\":\"DOPPLER DISCOVERIES - LA TRAVERSIERE The french flute association\",\"isPartOf\":{\"@id\":\"https:\/\/latraversiere.fr\/#website\"},\"primaryImageOfPage\":{\"@id\":\"https:\/\/latraversiere.fr\/boutique\/cd-dvd\/doppler-discoveries\/#primaryimage\"},\"datePublished\":\"2018-12-09T09:35:54+00:00\",\"dateModified\":\"2024-08-14T16:25:04+00:00\",\"breadcrumb\":{\"@id\":\"https:\/\/latraversiere.fr\/boutique\/cd-dvd\/doppler-discoveries\/#breadcrumb\"},\"inLanguage\":\"en-US\",\"potentialAction\":[{\"@type\":\"ReadAction\",\"target\":[\"https:\/\/latraversiere.fr\/boutique\/cd-dvd\/doppler-discoveries\/\"]}]},{\"@type\":\"BreadcrumbList\",\"@id\":\"https:\/\/latraversiere.fr\/boutique\/cd-dvd\/doppler-discoveries\/#breadcrumb\",\"itemListElement\":[{\"@type\":\"ListItem\",\"position\":1,\"name\":\"Accueil\",\"item\":\"https:\/\/latraversiere.fr\/\"},{\"@type\":\"ListItem\",\"position\":2,\"name\":\"Boutique\",\"item\":\"https:\/\/latraversiere.fr\/en\/boutique\/\"},{\"@type\":\"ListItem\",\"position\":3,\"name\":\"DOPPLER DISCOVERIES\"}]}]}<\/script>\n<!-- \/ Yoast SEO plugin. -->","yoast_head_json":{"title":"DOPPLER DISCOVERIES - LA TRAVERSIERE The french flute association","robots":{"index":"index","follow":"follow","max-snippet":"max-snippet:-1","max-image-preview":"max-image-preview:large","max-video-preview":"max-video-preview:-1"},"canonical":"https:\/\/latraversiere.fr\/boutique\/cd-dvd\/doppler-discoveries\/","og_locale":"en_US","og_type":"article","og_title":"DOPPLER DISCOVERIES - LA TRAVERSIERE The french flute association","og_description":"[:fr] Andr\u00e1s Adorj\u00e1n & Emmanuel Pahud, fl\u00fbtes Jan Philip Schulze, piano - Quatuor de cors Arcis - FARAO - CD B 108104   F. Doppler - Sonate pour deux fl\u00fbtes et piano, Op. 25 Premier enregistrement mondial F. Doppler - Fantaisie pastorale hongroise pour fl\u00fbte et piano, Op. 26 C. Doppler - Variations sur un air hongrois pour fl\u00fbte et piano Premier enregistrement mondial F. et C. Doppler - Chant pastoral hongrois pour deux fl\u00fbtes et piano Premier enregistrement mondial F. Doppler - L\u2019Oiseau des Bois, Idyllle pour fl\u00fbte et quatre cors, Op. 21 F. Doppler - Grande Fantaisie pour fl\u00fbte et piano F. Doppler - Aus der Heimat pour deux fl\u00fbtes et piano, Op. 39a   Lire notre critique dans Traversi\u00e8res Magazine N\u00b0127 [:en] Andr\u00e1s Adorj\u00e1n & Emmanuel Pahud, fl\u00fbtes Jan Philip Schulze, piano - Quatuor de cors Arcis - FARAO - CD B 108104   F. Doppler - Sonate pour deux fl\u00fbtes et piano, Op. 25 Premier enregistrement mondial F. Doppler - Fantaisie pastorale hongroise pour fl\u00fbte et piano, Op. 26 C. Doppler - Variations sur un air hongrois pour fl\u00fbte et piano Premier enregistrement mondial F. et C. Doppler - Chant pastoral hongrois pour deux fl\u00fbtes et piano Premier enregistrement mondial F. Doppler - L\u2019Oiseau des Bois, Idyllle pour fl\u00fbte et quatre cors, Op. 21 F. Doppler - Grande Fantaisie pour fl\u00fbte et piano F. Doppler - Aus der Heimat pour deux fl\u00fbtes et piano, Op. 39a[:]","og_url":"https:\/\/latraversiere.fr\/boutique\/cd-dvd\/doppler-discoveries\/","og_site_name":"LA TRAVERSIERE The french flute association","article_publisher":"https:\/\/www.facebook.com\/traversieres\/","article_modified_time":"2024-08-14T16:25:04+00:00","og_image":[{"width":1024,"height":1015,"url":"https:\/\/latraversiere.fr\/wp-content\/uploads\/2018\/12\/DopplerDiscoveries.jpg","type":"image\/jpeg"}],"twitter_card":"summary","twitter_site":"@La_Traversiere","twitter_misc":{"Est. reading time":"1 minute"},"schema":{"@context":"https:\/\/schema.org","@graph":[{"@type":"Organization","@id":"https:\/\/latraversiere.fr\/#organization","name":"La Traversi\u00e8re - Association Fran\u00e7aise de la Fl\u00fbte","url":"https:\/\/latraversiere.fr\/","sameAs":["https:\/\/www.facebook.com\/traversieres\/","https:\/\/www.instagram.com\/la_traversiere\/","https:\/\/www.youtube.com\/channel\/UC46MEQZI2BfRZNFUFqc59Sw","https:\/\/twitter.com\/La_Traversiere"],"logo":{"@type":"ImageObject","@id":"https:\/\/latraversiere.fr\/#logo","inLanguage":"en-US","url":"https:\/\/latraversiere.fr\/wp-content\/uploads\/2018\/01\/LOGO-Traversiere-SITE-1.png","contentUrl":"https:\/\/latraversiere.fr\/wp-content\/uploads\/2018\/01\/LOGO-Traversiere-SITE-1.png","width":539,"height":200,"caption":"La Traversi\u00e8re - Association Fran\u00e7aise de la Fl\u00fbte"},"image":{"@id":"https:\/\/latraversiere.fr\/#logo"}},{"@type":"WebSite","@id":"https:\/\/latraversiere.fr\/#website","url":"https:\/\/latraversiere.fr\/","name":"LA TRAVERSIERE The french flute association","description":"","publisher":{"@id":"https:\/\/latraversiere.fr\/#organization"},"potentialAction":[{"@type":"SearchAction","target":{"@type":"EntryPoint","urlTemplate":"https:\/\/latraversiere.fr\/?s={search_term_string}"},"query-input":"required name=search_term_string"}],"inLanguage":"en-US"},{"@type":"ImageObject","@id":"https:\/\/latraversiere.fr\/boutique\/cd-dvd\/doppler-discoveries\/#primaryimage","inLanguage":"en-US","url":"https:\/\/latraversiere.fr\/wp-content\/uploads\/2018\/12\/DopplerDiscoveries.jpg","contentUrl":"https:\/\/latraversiere.fr\/wp-content\/uploads\/2018\/12\/DopplerDiscoveries.jpg","width":1024,"height":1015,"caption":"CD Doppler Discoveries - Andr\u00e1s Adorj\u00e1n & Emmanuel Pahud"},{"@type":"WebPage","@id":"https:\/\/latraversiere.fr\/boutique\/cd-dvd\/doppler-discoveries\/#webpage","url":"https:\/\/latraversiere.fr\/boutique\/cd-dvd\/doppler-discoveries\/","name":"DOPPLER DISCOVERIES - LA TRAVERSIERE The french flute association","isPartOf":{"@id":"https:\/\/latraversiere.fr\/#website"},"primaryImageOfPage":{"@id":"https:\/\/latraversiere.fr\/boutique\/cd-dvd\/doppler-discoveries\/#primaryimage"},"datePublished":"2018-12-09T09:35:54+00:00","dateModified":"2024-08-14T16:25:04+00:00","breadcrumb":{"@id":"https:\/\/latraversiere.fr\/boutique\/cd-dvd\/doppler-discoveries\/#breadcrumb"},"inLanguage":"en-US","potentialAction":[{"@type":"ReadAction","target":["https:\/\/latraversiere.fr\/boutique\/cd-dvd\/doppler-discoveries\/"]}]},{"@type":"BreadcrumbList","@id":"https:\/\/latraversiere.fr\/boutique\/cd-dvd\/doppler-discoveries\/#breadcrumb","itemListElement":[{"@type":"ListItem","position":1,"name":"Accueil","item":"https:\/\/latraversiere.fr\/"},{"@type":"ListItem","position":2,"name":"Boutique","item":"https:\/\/latraversiere.fr\/en\/boutique\/"},{"@type":"ListItem","position":3,"name":"DOPPLER DISCOVERIES"}]}]}},"_links":{"self":[{"href":"https:\/\/latraversiere.fr\/en\/wp-json\/wp\/v2\/product\/5711"}],"collection":[{"href":"https:\/\/latraversiere.fr\/en\/wp-json\/wp\/v2\/product"}],"about":[{"href":"https:\/\/latraversiere.fr\/en\/wp-json\/wp\/v2\/types\/product"}],"wp:featuredmedia":[{"embeddable":true,"href":"https:\/\/latraversiere.fr\/en\/wp-json\/wp\/v2\/media\/5712"}],"wp:attachment":[{"href":"https:\/\/latraversiere.fr\/en\/wp-json\/wp\/v2\/media?parent=5711"}],"curies":[{"name":"wp","href":"https:\/\/api.w.org\/{rel}","templated":true}]}}