{"id":5997,"date":"2019-01-19T11:35:10","date_gmt":"2019-01-19T10:35:10","guid":{"rendered":"https:\/\/latraversiere.fr\/?post_type=product&#038;p=5997"},"modified":"2021-01-01T12:59:32","modified_gmt":"2021-01-01T11:59:32","slug":"fantaisie-sur-la-flute-enchantee-dapres-w-a-mozart","status":"publish","type":"product","link":"https:\/\/latraversiere.fr\/en\/boutique\/partitions\/fantaisie-sur-la-flute-enchantee-dapres-w-a-mozart\/","title":{"rendered":"Fantasy on &#8220;The Magic Flute&#8221; by W. A. \u200b\u200bMOZART"},"content":{"rendered":"<p><strong>Arrangement for flute and piano by Robert Fobbes-Janssens<\/strong><br \/>\n<strong>La Traversi\u00e8re Collection by Robert Martin Editions<\/strong><\/p>\n<p>La Traversi\u00e8re and Editions Robert Martin are pleased to offer you the arrangement for flute and piano of the fantasy composed by Robert Fobbes-Janssens. This work, made for his flutist friend Mac Grauwels, offers a stunning journey into the Mozartian universe where the flute paraphrases the famous opera: The Magic Flute.<\/p>","protected":false},"excerpt":{"rendered":"<p><strong>Arrangement for flute and piano by Robert Fobbes-Janssens<\/strong><br \/>\n<strong>La Traversi\u00e8re Collection by Robert Martin Editions<\/strong><\/p>\n<p>La Traversi\u00e8re and Editions Robert Martin are pleased to offer you the arrangement for flute and piano of the fantasy composed by Robert Fobbes-Janssens. This work, made for his flutist friend Mac Grauwels, offers a stunning journey into the Mozartian universe where the flute paraphrases the famous opera: The Magic Flute.<\/p>\n<p><a href=\"https:\/\/www.edrmartin.com\/fr\/partition-fantaisie-sur-la-flute-enchantee-de-wolfgang-amadeus-mozart-robert-janssens-pour-flute-54549.html\" rel=\"noopener noreferrer\" target=\"_blank\"><strong>You can order the music score from <u>Robert Martin<\/u><\/strong><\/a><\/p>\n<p>We strongly recommend you to listen Emmanuel Pahud&#039;s performance :<br \/>\n<iframe allow=\"autoplay *; encrypted-media *;\" frameborder=\"0\" height=\"50\" style=\"width:100%;max-width:660px;overflow:hidden;background:transparent;height:50px;\" sandbox=\"allow-forms allow-popups allow-same-origin allow-scripts allow-storage-access-by-user-activation allow-top-navigation-by-user-activation\" src=\"https:\/\/embed.music.apple.com\/fr\/album\/fantasy-on-themes-from-mozarts-die-zauberfl%C3%B6te\/731957521?i=731958261\"><\/iframe><\/p>\n","protected":false},"featured_media":6041,"template":"","meta":[],"yoast_head":"<!-- This site is optimized with the Yoast SEO plugin v17.5 - https:\/\/yoast.com\/wordpress\/plugins\/seo\/ -->\n<title>Fantasy on &quot;The Magic Flute&quot; by W. A. \u200b\u200bMOZART - LA TRAVERSIERE The french flute association<\/title>\n<meta name=\"description\" content=\"Partition - Arrangement pour fl\u00fbte et piano de Robert Fobbes-Janssens - Collection La Traversi\u00e8re aux \u00e9ditions Robert Martin.\" \/>\n<meta name=\"robots\" content=\"index, follow, max-snippet:-1, max-image-preview:large, max-video-preview:-1\" \/>\n<link rel=\"canonical\" href=\"https:\/\/latraversiere.fr\/en\/boutique\/partitions\/fantaisie-sur-la-flute-enchantee-dapres-w-a-mozart\/\" \/>\n<meta property=\"og:locale\" content=\"en_US\" \/>\n<meta property=\"og:type\" content=\"article\" \/>\n<meta property=\"og:title\" content=\"[:fr]Fantaisie sur \u00ab La Fl\u00fbte enchant\u00e9e \u00bb d&#039;apr\u00e8s W.A. MOZART[:en]Fantasy on &quot;The Magic Flute&quot; by W. A. \u200b\u200bMOZART[:] - LA TRAVERSIERE The french flute association\" \/>\n<meta property=\"og:description\" content=\"Partition - Arrangement pour fl\u00fbte et piano de Robert Fobbes-Janssens - Collection La Traversi\u00e8re aux \u00e9ditions Robert Martin.\" \/>\n<meta property=\"og:url\" content=\"https:\/\/latraversiere.fr\/en\/boutique\/partitions\/fantaisie-sur-la-flute-enchantee-dapres-w-a-mozart\/\" \/>\n<meta property=\"og:site_name\" content=\"LA TRAVERSIERE The french flute association\" \/>\n<meta property=\"article:publisher\" content=\"https:\/\/www.facebook.com\/traversieres\/\" \/>\n<meta property=\"article:modified_time\" content=\"2021-01-01T11:59:32+00:00\" \/>\n<meta property=\"og:image\" content=\"https:\/\/latraversiere.fr\/wp-content\/uploads\/2019\/01\/Fantaisie-sur-la-Fl\u00fbte-Enchant\u00e9e-Robert-Janssens-Fobbes.jpg\" \/>\n\t<meta property=\"og:image:width\" content=\"756\" \/>\n\t<meta property=\"og:image:height\" content=\"1024\" \/>\n<meta name=\"twitter:card\" content=\"summary\" \/>\n<meta name=\"twitter:site\" content=\"@La_Traversiere\" \/>\n<meta name=\"twitter:label1\" content=\"Est. reading time\" \/>\n\t<meta name=\"twitter:data1\" content=\"1 minute\" \/>\n<script type=\"application\/ld+json\" class=\"yoast-schema-graph\">{\"@context\":\"https:\/\/schema.org\",\"@graph\":[{\"@type\":\"Organization\",\"@id\":\"https:\/\/latraversiere.fr\/#organization\",\"name\":\"La Traversi\\u00e8re - Association Fran\\u00e7aise de la Fl\\u00fbte\",\"url\":\"https:\/\/latraversiere.fr\/\",\"sameAs\":[\"https:\/\/www.facebook.com\/traversieres\/\",\"https:\/\/www.instagram.com\/la_traversiere\/\",\"https:\/\/www.youtube.com\/channel\/UC46MEQZI2BfRZNFUFqc59Sw\",\"https:\/\/twitter.com\/La_Traversiere\"],\"logo\":{\"@type\":\"ImageObject\",\"@id\":\"https:\/\/latraversiere.fr\/#logo\",\"inLanguage\":\"en-US\",\"url\":\"https:\/\/latraversiere.fr\/wp-content\/uploads\/2018\/01\/LOGO-Traversiere-SITE-1.png\",\"contentUrl\":\"https:\/\/latraversiere.fr\/wp-content\/uploads\/2018\/01\/LOGO-Traversiere-SITE-1.png\",\"width\":539,\"height\":200,\"caption\":\"La Traversi\\u00e8re - Association Fran\\u00e7aise de la Fl\\u00fbte\"},\"image\":{\"@id\":\"https:\/\/latraversiere.fr\/#logo\"}},{\"@type\":\"WebSite\",\"@id\":\"https:\/\/latraversiere.fr\/#website\",\"url\":\"https:\/\/latraversiere.fr\/\",\"name\":\"LA TRAVERSIERE The french flute association\",\"description\":\"\",\"publisher\":{\"@id\":\"https:\/\/latraversiere.fr\/#organization\"},\"potentialAction\":[{\"@type\":\"SearchAction\",\"target\":{\"@type\":\"EntryPoint\",\"urlTemplate\":\"https:\/\/latraversiere.fr\/?s={search_term_string}\"},\"query-input\":\"required name=search_term_string\"}],\"inLanguage\":\"en-US\"},{\"@type\":\"ImageObject\",\"@id\":\"https:\/\/latraversiere.fr\/en\/boutique\/partitions\/fantaisie-sur-la-flute-enchantee-dapres-w-a-mozart\/#primaryimage\",\"inLanguage\":\"en-US\",\"url\":\"https:\/\/latraversiere.fr\/wp-content\/uploads\/2019\/01\/Fantaisie-sur-la-Fl\\u00fbte-Enchant\\u00e9e-Robert-Janssens-Fobbes.jpg\",\"contentUrl\":\"https:\/\/latraversiere.fr\/wp-content\/uploads\/2019\/01\/Fantaisie-sur-la-Fl\\u00fbte-Enchant\\u00e9e-Robert-Janssens-Fobbes.jpg\",\"width\":756,\"height\":1024,\"caption\":\"Fantaisie sur la Fl\\u00fbte Enchant\\u00e9e - Robert Janssens-Fobbes - Collection La Traversi\\u00e8re - Editions Robert Martin\"},{\"@type\":\"WebPage\",\"@id\":\"https:\/\/latraversiere.fr\/en\/boutique\/partitions\/fantaisie-sur-la-flute-enchantee-dapres-w-a-mozart\/#webpage\",\"url\":\"https:\/\/latraversiere.fr\/en\/boutique\/partitions\/fantaisie-sur-la-flute-enchantee-dapres-w-a-mozart\/\",\"name\":\"[:fr]Fantaisie sur \\u00ab La Fl\\u00fbte enchant\\u00e9e \\u00bb d'apr\\u00e8s W.A. MOZART[:en]Fantasy on \\\"The Magic Flute\\\" by W. A. \\u200b\\u200bMOZART[:] - LA TRAVERSIERE The french flute association\",\"isPartOf\":{\"@id\":\"https:\/\/latraversiere.fr\/#website\"},\"primaryImageOfPage\":{\"@id\":\"https:\/\/latraversiere.fr\/en\/boutique\/partitions\/fantaisie-sur-la-flute-enchantee-dapres-w-a-mozart\/#primaryimage\"},\"datePublished\":\"2019-01-19T10:35:10+00:00\",\"dateModified\":\"2021-01-01T11:59:32+00:00\",\"description\":\"Partition - Arrangement pour fl\\u00fbte et piano de Robert Fobbes-Janssens - Collection La Traversi\\u00e8re aux \\u00e9ditions Robert Martin.\",\"breadcrumb\":{\"@id\":\"https:\/\/latraversiere.fr\/en\/boutique\/partitions\/fantaisie-sur-la-flute-enchantee-dapres-w-a-mozart\/#breadcrumb\"},\"inLanguage\":\"en-US\",\"potentialAction\":[{\"@type\":\"ReadAction\",\"target\":[\"https:\/\/latraversiere.fr\/en\/boutique\/partitions\/fantaisie-sur-la-flute-enchantee-dapres-w-a-mozart\/\"]}]},{\"@type\":\"BreadcrumbList\",\"@id\":\"https:\/\/latraversiere.fr\/en\/boutique\/partitions\/fantaisie-sur-la-flute-enchantee-dapres-w-a-mozart\/#breadcrumb\",\"itemListElement\":[{\"@type\":\"ListItem\",\"position\":1,\"name\":\"Accueil\",\"item\":\"https:\/\/latraversiere.fr\/\"},{\"@type\":\"ListItem\",\"position\":2,\"name\":\"Boutique\",\"item\":\"https:\/\/latraversiere.fr\/en\/boutique\/\"},{\"@type\":\"ListItem\",\"position\":3,\"name\":\"Fantasy on &#8220;The Magic Flute&#8221; by W. A. \\u200b\\u200bMOZART\"}]}]}<\/script>\n<!-- \/ Yoast SEO plugin. -->","yoast_head_json":{"title":"[:fr]Fantaisie sur \u00ab La Fl\u00fbte enchant\u00e9e \u00bb d'apr\u00e8s W.A. MOZART[:en]Fantasy on \"The Magic Flute\" by W. A. \u200b\u200bMOZART[:] - LA TRAVERSIERE The french flute association","description":"Partition - Arrangement pour fl\u00fbte et piano de Robert Fobbes-Janssens - Collection La Traversi\u00e8re aux \u00e9ditions Robert Martin.","robots":{"index":"index","follow":"follow","max-snippet":"max-snippet:-1","max-image-preview":"max-image-preview:large","max-video-preview":"max-video-preview:-1"},"canonical":"https:\/\/latraversiere.fr\/en\/boutique\/partitions\/fantaisie-sur-la-flute-enchantee-dapres-w-a-mozart\/","og_locale":"en_US","og_type":"article","og_title":"[:fr]Fantaisie sur \u00ab La Fl\u00fbte enchant\u00e9e \u00bb d'apr\u00e8s W.A. MOZART[:en]Fantasy on \"The Magic Flute\" by W. A. \u200b\u200bMOZART[:] - LA TRAVERSIERE The french flute association","og_description":"Partition - Arrangement pour fl\u00fbte et piano de Robert Fobbes-Janssens - Collection La Traversi\u00e8re aux \u00e9ditions Robert Martin.","og_url":"https:\/\/latraversiere.fr\/en\/boutique\/partitions\/fantaisie-sur-la-flute-enchantee-dapres-w-a-mozart\/","og_site_name":"LA TRAVERSIERE The french flute association","article_publisher":"https:\/\/www.facebook.com\/traversieres\/","article_modified_time":"2021-01-01T11:59:32+00:00","og_image":[{"width":756,"height":1024,"url":"https:\/\/latraversiere.fr\/wp-content\/uploads\/2019\/01\/Fantaisie-sur-la-Fl\u00fbte-Enchant\u00e9e-Robert-Janssens-Fobbes.jpg","type":"image\/jpeg"}],"twitter_card":"summary","twitter_site":"@La_Traversiere","twitter_misc":{"Est. reading time":"1 minute"},"schema":{"@context":"https:\/\/schema.org","@graph":[{"@type":"Organization","@id":"https:\/\/latraversiere.fr\/#organization","name":"La Traversi\u00e8re - Association Fran\u00e7aise de la Fl\u00fbte","url":"https:\/\/latraversiere.fr\/","sameAs":["https:\/\/www.facebook.com\/traversieres\/","https:\/\/www.instagram.com\/la_traversiere\/","https:\/\/www.youtube.com\/channel\/UC46MEQZI2BfRZNFUFqc59Sw","https:\/\/twitter.com\/La_Traversiere"],"logo":{"@type":"ImageObject","@id":"https:\/\/latraversiere.fr\/#logo","inLanguage":"en-US","url":"https:\/\/latraversiere.fr\/wp-content\/uploads\/2018\/01\/LOGO-Traversiere-SITE-1.png","contentUrl":"https:\/\/latraversiere.fr\/wp-content\/uploads\/2018\/01\/LOGO-Traversiere-SITE-1.png","width":539,"height":200,"caption":"La Traversi\u00e8re - Association Fran\u00e7aise de la Fl\u00fbte"},"image":{"@id":"https:\/\/latraversiere.fr\/#logo"}},{"@type":"WebSite","@id":"https:\/\/latraversiere.fr\/#website","url":"https:\/\/latraversiere.fr\/","name":"LA TRAVERSIERE The french flute association","description":"","publisher":{"@id":"https:\/\/latraversiere.fr\/#organization"},"potentialAction":[{"@type":"SearchAction","target":{"@type":"EntryPoint","urlTemplate":"https:\/\/latraversiere.fr\/?s={search_term_string}"},"query-input":"required name=search_term_string"}],"inLanguage":"en-US"},{"@type":"ImageObject","@id":"https:\/\/latraversiere.fr\/en\/boutique\/partitions\/fantaisie-sur-la-flute-enchantee-dapres-w-a-mozart\/#primaryimage","inLanguage":"en-US","url":"https:\/\/latraversiere.fr\/wp-content\/uploads\/2019\/01\/Fantaisie-sur-la-Fl\u00fbte-Enchant\u00e9e-Robert-Janssens-Fobbes.jpg","contentUrl":"https:\/\/latraversiere.fr\/wp-content\/uploads\/2019\/01\/Fantaisie-sur-la-Fl\u00fbte-Enchant\u00e9e-Robert-Janssens-Fobbes.jpg","width":756,"height":1024,"caption":"Fantaisie sur la Fl\u00fbte Enchant\u00e9e - Robert Janssens-Fobbes - Collection La Traversi\u00e8re - Editions Robert Martin"},{"@type":"WebPage","@id":"https:\/\/latraversiere.fr\/en\/boutique\/partitions\/fantaisie-sur-la-flute-enchantee-dapres-w-a-mozart\/#webpage","url":"https:\/\/latraversiere.fr\/en\/boutique\/partitions\/fantaisie-sur-la-flute-enchantee-dapres-w-a-mozart\/","name":"[:fr]Fantaisie sur \u00ab La Fl\u00fbte enchant\u00e9e \u00bb d'apr\u00e8s W.A. MOZART[:en]Fantasy on \"The Magic Flute\" by W. A. \u200b\u200bMOZART[:] - LA TRAVERSIERE The french flute association","isPartOf":{"@id":"https:\/\/latraversiere.fr\/#website"},"primaryImageOfPage":{"@id":"https:\/\/latraversiere.fr\/en\/boutique\/partitions\/fantaisie-sur-la-flute-enchantee-dapres-w-a-mozart\/#primaryimage"},"datePublished":"2019-01-19T10:35:10+00:00","dateModified":"2021-01-01T11:59:32+00:00","description":"Partition - Arrangement pour fl\u00fbte et piano de Robert Fobbes-Janssens - Collection La Traversi\u00e8re aux \u00e9ditions Robert Martin.","breadcrumb":{"@id":"https:\/\/latraversiere.fr\/en\/boutique\/partitions\/fantaisie-sur-la-flute-enchantee-dapres-w-a-mozart\/#breadcrumb"},"inLanguage":"en-US","potentialAction":[{"@type":"ReadAction","target":["https:\/\/latraversiere.fr\/en\/boutique\/partitions\/fantaisie-sur-la-flute-enchantee-dapres-w-a-mozart\/"]}]},{"@type":"BreadcrumbList","@id":"https:\/\/latraversiere.fr\/en\/boutique\/partitions\/fantaisie-sur-la-flute-enchantee-dapres-w-a-mozart\/#breadcrumb","itemListElement":[{"@type":"ListItem","position":1,"name":"Accueil","item":"https:\/\/latraversiere.fr\/"},{"@type":"ListItem","position":2,"name":"Boutique","item":"https:\/\/latraversiere.fr\/en\/boutique\/"},{"@type":"ListItem","position":3,"name":"Fantasy on &#8220;The Magic Flute&#8221; by W. A. \u200b\u200bMOZART"}]}]}},"_links":{"self":[{"href":"https:\/\/latraversiere.fr\/en\/wp-json\/wp\/v2\/product\/5997"}],"collection":[{"href":"https:\/\/latraversiere.fr\/en\/wp-json\/wp\/v2\/product"}],"about":[{"href":"https:\/\/latraversiere.fr\/en\/wp-json\/wp\/v2\/types\/product"}],"wp:featuredmedia":[{"embeddable":true,"href":"https:\/\/latraversiere.fr\/en\/wp-json\/wp\/v2\/media\/6041"}],"wp:attachment":[{"href":"https:\/\/latraversiere.fr\/en\/wp-json\/wp\/v2\/media?parent=5997"}],"curies":[{"name":"wp","href":"https:\/\/api.w.org\/{rel}","templated":true}]}}