{"id":6276,"date":"2019-02-05T07:42:09","date_gmt":"2019-02-05T06:42:09","guid":{"rendered":"https:\/\/latraversiere.fr\/?post_type=product&#038;p=6276"},"modified":"2022-06-04T00:07:06","modified_gmt":"2022-06-03T22:07:06","slug":"walckiers-et-kulhau-quatuors-de-flutes","status":"publish","type":"product","link":"https:\/\/latraversiere.fr\/en\/boutique\/cd-dvd\/walckiers-et-kulhau-quatuors-de-flutes\/","title":{"rendered":"WALCKIERS ET KULHAU &#8211; QUATUORS DE FL\u00dbTES"},"content":{"rendered":"<p><strong>Patrick Gallois, fl\u00fbte<br \/>\nTrio d\u2019Argent &#8211; Fran\u00e7ois Daudin Clavaud, Xavier Saint- Bonnet, Michel Boizot, fl\u00fbtes<br \/>\n\u0152uvres de Walckiers, Kulhau<br \/>\nLabel UDC MEDIA S.A de CV (JBCC 273) (enregistrement en 2017)<\/strong><\/p>\n<p>Eug\u00e8ne Walckiers (1793-1866) : Grand Quatuor de Concert en fa # min Op.46<br \/>\nFriedrich Kuhlau (1786-1832) : Grand Quatuor en mi min Op.103<\/p>\n<p>\u00ab Depuis plusieurs ann\u00e9es nous souhaitions enregistrer ces deux magnifiques quatuors pour fl\u00fbtes de Freidrich Kuhlau et Eug\u00e8ne Walckiers avec le soliste Patrick Gallois. Ce dernier a la particularit\u00e9 de r\u00e9interroger chaque \u0153uvre qu\u2019il aborde avec une oreille neuve et en propose une lecture chaque fois plus innovante et une interpr\u00e9tation toujours audacieuse. Travailler et enregistrer ces deux quatuors avec lui a \u00e9t\u00e9 pour nous une exp\u00e9rience musicale d\u2019une grande intensit\u00e9 et un r\u00e9gal sans pr\u00e9c\u00e9dent que nous esp\u00e9rons, avec cet album, faire partager aux auditeurs. L\u2019originalit\u00e9 de cette enregistrement vient \u00e9galement du choix d\u2019avoir interpr\u00e9t\u00e9 ces deux quatuors \u00e0 quatre fl\u00fbtes en bois (fl\u00fbtes Abel). Le bois permet de s\u2019approcher davantage des sonorit\u00e9s des instruments de l\u2019\u00e9poque. \u00bb  <strong>Fran\u00e7ois Daudin Clavaud, membre du Trio d\u2019Argent (Ensemble Souffle Nomade)<\/strong><\/p>","protected":false},"excerpt":{"rendered":"<p><strong>Patrick Gallois, fl\u00fbte<br \/>\nTrio d\u2019Argent &#8211; Fran\u00e7ois Daudin Clavaud, Xavier Saint- Bonnet, Michel Boizot, fl\u00fbtes<br \/>\n\u0152uvres de Walckiers, Kulhau<br \/>\nLabel UDC MEDIA S.A de CV (JBCC 273) (enregistrement en 2017)<\/strong><\/p>\n<p>Eug\u00e8ne Walckiers (1793-1866) : Grand Quatuor de Concert en fa # min Op.46<br \/>\nFriedrich Kuhlau (1786-1832) : Grand Quatuor en mi min Op.103<\/p>\n<p>\u00ab Depuis plusieurs ann\u00e9es nous souhaitions enregistrer ces deux magnifiques quatuors pour fl\u00fbtes de Freidrich Kuhlau et Eug\u00e8ne Walckiers avec le soliste Patrick Gallois. Ce dernier a la particularit\u00e9 de r\u00e9interroger chaque \u0153uvre qu\u2019il aborde avec une oreille neuve et en propose une lecture chaque fois plus innovante et une interpr\u00e9tation toujours audacieuse. Travailler et enregistrer ces deux quatuors avec lui a \u00e9t\u00e9 pour nous une exp\u00e9rience musicale d\u2019une grande intensit\u00e9 et un r\u00e9gal sans pr\u00e9c\u00e9dent que nous esp\u00e9rons, avec cet album, faire partager aux auditeurs. L\u2019originalit\u00e9 de cette enregistrement vient \u00e9galement du choix d\u2019avoir interpr\u00e9t\u00e9 ces deux quatuors \u00e0 quatre fl\u00fbtes en bois (fl\u00fbtes Abel). Le bois permet de s\u2019approcher davantage des sonorit\u00e9s des instruments de l\u2019\u00e9poque. \u00bb  <strong>Fran\u00e7ois Daudin Clavaud, membre du Trio d\u2019Argent (Ensemble Souffle Nomade)<\/strong><\/p>\n","protected":false},"featured_media":6277,"template":"","meta":[],"yoast_head":"<!-- This site is optimized with the Yoast SEO plugin v17.5 - https:\/\/yoast.com\/wordpress\/plugins\/seo\/ -->\n<title>WALCKIERS ET KULHAU - QUATUORS DE FL\u00dbTES - LA TRAVERSIERE The french flute association<\/title>\n<meta name=\"robots\" content=\"index, follow, max-snippet:-1, max-image-preview:large, max-video-preview:-1\" \/>\n<link rel=\"canonical\" href=\"https:\/\/latraversiere.fr\/boutique\/cd-dvd\/walckiers-et-kulhau-quatuors-de-flutes\/\" \/>\n<meta property=\"og:locale\" content=\"en_US\" \/>\n<meta property=\"og:type\" content=\"article\" \/>\n<meta property=\"og:title\" content=\"WALCKIERS ET KULHAU - QUATUORS DE FL\u00dbTES - LA TRAVERSIERE The french flute association\" \/>\n<meta property=\"og:description\" content=\"[:fr]Patrick Gallois, fl\u00fbte Trio d\u2019Argent - Fran\u00e7ois Daudin Clavaud, Xavier Saint- Bonnet, Michel Boizot, fl\u00fbtes \u0152uvres de Walckiers, Kulhau Label UDC MEDIA S.A de CV (JBCC 273) (enregistrement en 2017)  Eug\u00e8ne Walckiers (1793-1866) : Grand Quatuor de Concert en fa # min Op.46 Friedrich Kuhlau (1786-1832) : Grand Quatuor en mi min Op.103  \u00ab Depuis plusieurs ann\u00e9es nous souhaitions enregistrer ces deux magnifiques quatuors pour fl\u00fbtes de Freidrich Kuhlau et Eug\u00e8ne Walckiers avec le soliste Patrick Gallois. Ce dernier a la particularit\u00e9 de r\u00e9interroger chaque \u0153uvre qu\u2019il aborde avec une oreille neuve et en propose une lecture chaque fois plus innovante et une interpr\u00e9tation toujours audacieuse. Travailler et enregistrer ces deux quatuors avec lui a \u00e9t\u00e9 pour nous une exp\u00e9rience musicale d\u2019une grande intensit\u00e9 et un r\u00e9gal sans pr\u00e9c\u00e9dent que nous esp\u00e9rons, avec cet album, faire partager aux auditeurs. L\u2019originalit\u00e9 de cette enregistrement vient \u00e9galement du choix d\u2019avoir interpr\u00e9t\u00e9 ces deux quatuors \u00e0 quatre fl\u00fbtes en bois (fl\u00fbtes Abel). Le bois permet de s\u2019approcher davantage des sonorit\u00e9s des instruments de l\u2019\u00e9poque. \u00bb Fran\u00e7ois Daudin Clavaud, membre du Trio d\u2019Argent (Ensemble Souffle Nomade)   Lire notre critique dans Traversi\u00e8res Magazine N\u00b0128 - Page 42[:en]Patrick Gallois, fl\u00fbte Trio d\u2019Argent - Fran\u00e7ois Daudin Clavaud, Xavier Saint- Bonnet, Michel Boizot, fl\u00fbtes \u0152uvres de Walckiers, Kulhau Label UDC MEDIA S.A de CV (JBCC 273) (enregistrement en 2017)  Eug\u00e8ne Walckiers (1793-1866) : Grand Quatuor de Concert en fa # min Op.46 Friedrich Kuhlau (1786-1832) : Grand Quatuor en mi min Op.103  \u00ab Depuis plusieurs ann\u00e9es nous souhaitions enregistrer ces deux magnifiques quatuors pour fl\u00fbtes de Freidrich Kuhlau et Eug\u00e8ne Walckiers avec le soliste Patrick Gallois. Ce dernier a la particularit\u00e9 de r\u00e9interroger chaque \u0153uvre qu\u2019il aborde avec une oreille neuve et en propose une lecture chaque fois plus innovante et une interpr\u00e9tation toujours audacieuse. Travailler et enregistrer ces deux quatuors avec lui a \u00e9t\u00e9 pour nous une exp\u00e9rience musicale d\u2019une grande intensit\u00e9 et un r\u00e9gal sans pr\u00e9c\u00e9dent que nous esp\u00e9rons, avec cet album, faire partager aux auditeurs. L\u2019originalit\u00e9 de cette enregistrement vient \u00e9galement du choix d\u2019avoir interpr\u00e9t\u00e9 ces deux quatuors \u00e0 quatre fl\u00fbtes en bois (fl\u00fbtes Abel). Le bois permet de s\u2019approcher davantage des sonorit\u00e9s des instruments de l\u2019\u00e9poque. \u00bb Fran\u00e7ois Daudin Clavaud, membre du Trio d\u2019Argent (Ensemble Souffle Nomade)[:]\" \/>\n<meta property=\"og:url\" content=\"https:\/\/latraversiere.fr\/boutique\/cd-dvd\/walckiers-et-kulhau-quatuors-de-flutes\/\" \/>\n<meta property=\"og:site_name\" content=\"LA TRAVERSIERE The french flute association\" \/>\n<meta property=\"article:publisher\" content=\"https:\/\/www.facebook.com\/traversieres\/\" \/>\n<meta property=\"article:modified_time\" content=\"2022-06-03T22:07:06+00:00\" \/>\n<meta property=\"og:image\" content=\"https:\/\/latraversiere.fr\/wp-content\/uploads\/2019\/02\/61nBDxP4iUL._SL1000_-2.jpg\" \/>\n\t<meta property=\"og:image:width\" content=\"1000\" \/>\n\t<meta property=\"og:image:height\" content=\"892\" \/>\n<meta name=\"twitter:card\" content=\"summary\" \/>\n<meta name=\"twitter:site\" content=\"@La_Traversiere\" \/>\n<meta name=\"twitter:label1\" content=\"Est. reading time\" \/>\n\t<meta name=\"twitter:data1\" content=\"2 minutes\" \/>\n<script type=\"application\/ld+json\" class=\"yoast-schema-graph\">{\"@context\":\"https:\/\/schema.org\",\"@graph\":[{\"@type\":\"Organization\",\"@id\":\"https:\/\/latraversiere.fr\/#organization\",\"name\":\"La Traversi\\u00e8re - Association Fran\\u00e7aise de la Fl\\u00fbte\",\"url\":\"https:\/\/latraversiere.fr\/\",\"sameAs\":[\"https:\/\/www.facebook.com\/traversieres\/\",\"https:\/\/www.instagram.com\/la_traversiere\/\",\"https:\/\/www.youtube.com\/channel\/UC46MEQZI2BfRZNFUFqc59Sw\",\"https:\/\/twitter.com\/La_Traversiere\"],\"logo\":{\"@type\":\"ImageObject\",\"@id\":\"https:\/\/latraversiere.fr\/#logo\",\"inLanguage\":\"en-US\",\"url\":\"https:\/\/latraversiere.fr\/wp-content\/uploads\/2018\/01\/LOGO-Traversiere-SITE-1.png\",\"contentUrl\":\"https:\/\/latraversiere.fr\/wp-content\/uploads\/2018\/01\/LOGO-Traversiere-SITE-1.png\",\"width\":539,\"height\":200,\"caption\":\"La Traversi\\u00e8re - Association Fran\\u00e7aise de la Fl\\u00fbte\"},\"image\":{\"@id\":\"https:\/\/latraversiere.fr\/#logo\"}},{\"@type\":\"WebSite\",\"@id\":\"https:\/\/latraversiere.fr\/#website\",\"url\":\"https:\/\/latraversiere.fr\/\",\"name\":\"LA TRAVERSIERE The french flute association\",\"description\":\"\",\"publisher\":{\"@id\":\"https:\/\/latraversiere.fr\/#organization\"},\"potentialAction\":[{\"@type\":\"SearchAction\",\"target\":{\"@type\":\"EntryPoint\",\"urlTemplate\":\"https:\/\/latraversiere.fr\/?s={search_term_string}\"},\"query-input\":\"required name=search_term_string\"}],\"inLanguage\":\"en-US\"},{\"@type\":\"ImageObject\",\"@id\":\"https:\/\/latraversiere.fr\/boutique\/cd-dvd\/walckiers-et-kulhau-quatuors-de-flutes\/#primaryimage\",\"inLanguage\":\"en-US\",\"url\":\"https:\/\/latraversiere.fr\/wp-content\/uploads\/2019\/02\/61nBDxP4iUL._SL1000_-2.jpg\",\"contentUrl\":\"https:\/\/latraversiere.fr\/wp-content\/uploads\/2019\/02\/61nBDxP4iUL._SL1000_-2.jpg\",\"width\":1000,\"height\":892,\"caption\":\"WALCKIERS ET KULHAU - QUATUORS DE FL\\u00dbTES - CD\"},{\"@type\":\"WebPage\",\"@id\":\"https:\/\/latraversiere.fr\/boutique\/cd-dvd\/walckiers-et-kulhau-quatuors-de-flutes\/#webpage\",\"url\":\"https:\/\/latraversiere.fr\/boutique\/cd-dvd\/walckiers-et-kulhau-quatuors-de-flutes\/\",\"name\":\"WALCKIERS ET KULHAU - QUATUORS DE FL\\u00dbTES - LA TRAVERSIERE The french flute association\",\"isPartOf\":{\"@id\":\"https:\/\/latraversiere.fr\/#website\"},\"primaryImageOfPage\":{\"@id\":\"https:\/\/latraversiere.fr\/boutique\/cd-dvd\/walckiers-et-kulhau-quatuors-de-flutes\/#primaryimage\"},\"datePublished\":\"2019-02-05T06:42:09+00:00\",\"dateModified\":\"2022-06-03T22:07:06+00:00\",\"breadcrumb\":{\"@id\":\"https:\/\/latraversiere.fr\/boutique\/cd-dvd\/walckiers-et-kulhau-quatuors-de-flutes\/#breadcrumb\"},\"inLanguage\":\"en-US\",\"potentialAction\":[{\"@type\":\"ReadAction\",\"target\":[\"https:\/\/latraversiere.fr\/boutique\/cd-dvd\/walckiers-et-kulhau-quatuors-de-flutes\/\"]}]},{\"@type\":\"BreadcrumbList\",\"@id\":\"https:\/\/latraversiere.fr\/boutique\/cd-dvd\/walckiers-et-kulhau-quatuors-de-flutes\/#breadcrumb\",\"itemListElement\":[{\"@type\":\"ListItem\",\"position\":1,\"name\":\"Accueil\",\"item\":\"https:\/\/latraversiere.fr\/\"},{\"@type\":\"ListItem\",\"position\":2,\"name\":\"Boutique\",\"item\":\"https:\/\/latraversiere.fr\/en\/boutique\/\"},{\"@type\":\"ListItem\",\"position\":3,\"name\":\"WALCKIERS ET KULHAU &#8211; QUATUORS DE FL\\u00dbTES\"}]}]}<\/script>\n<!-- \/ Yoast SEO plugin. -->","yoast_head_json":{"title":"WALCKIERS ET KULHAU - QUATUORS DE FL\u00dbTES - LA TRAVERSIERE The french flute association","robots":{"index":"index","follow":"follow","max-snippet":"max-snippet:-1","max-image-preview":"max-image-preview:large","max-video-preview":"max-video-preview:-1"},"canonical":"https:\/\/latraversiere.fr\/boutique\/cd-dvd\/walckiers-et-kulhau-quatuors-de-flutes\/","og_locale":"en_US","og_type":"article","og_title":"WALCKIERS ET KULHAU - QUATUORS DE FL\u00dbTES - LA TRAVERSIERE The french flute association","og_description":"[:fr]Patrick Gallois, fl\u00fbte Trio d\u2019Argent - Fran\u00e7ois Daudin Clavaud, Xavier Saint- Bonnet, Michel Boizot, fl\u00fbtes \u0152uvres de Walckiers, Kulhau Label UDC MEDIA S.A de CV (JBCC 273) (enregistrement en 2017)  Eug\u00e8ne Walckiers (1793-1866) : Grand Quatuor de Concert en fa # min Op.46 Friedrich Kuhlau (1786-1832) : Grand Quatuor en mi min Op.103  \u00ab Depuis plusieurs ann\u00e9es nous souhaitions enregistrer ces deux magnifiques quatuors pour fl\u00fbtes de Freidrich Kuhlau et Eug\u00e8ne Walckiers avec le soliste Patrick Gallois. Ce dernier a la particularit\u00e9 de r\u00e9interroger chaque \u0153uvre qu\u2019il aborde avec une oreille neuve et en propose une lecture chaque fois plus innovante et une interpr\u00e9tation toujours audacieuse. Travailler et enregistrer ces deux quatuors avec lui a \u00e9t\u00e9 pour nous une exp\u00e9rience musicale d\u2019une grande intensit\u00e9 et un r\u00e9gal sans pr\u00e9c\u00e9dent que nous esp\u00e9rons, avec cet album, faire partager aux auditeurs. L\u2019originalit\u00e9 de cette enregistrement vient \u00e9galement du choix d\u2019avoir interpr\u00e9t\u00e9 ces deux quatuors \u00e0 quatre fl\u00fbtes en bois (fl\u00fbtes Abel). Le bois permet de s\u2019approcher davantage des sonorit\u00e9s des instruments de l\u2019\u00e9poque. \u00bb Fran\u00e7ois Daudin Clavaud, membre du Trio d\u2019Argent (Ensemble Souffle Nomade)   Lire notre critique dans Traversi\u00e8res Magazine N\u00b0128 - Page 42[:en]Patrick Gallois, fl\u00fbte Trio d\u2019Argent - Fran\u00e7ois Daudin Clavaud, Xavier Saint- Bonnet, Michel Boizot, fl\u00fbtes \u0152uvres de Walckiers, Kulhau Label UDC MEDIA S.A de CV (JBCC 273) (enregistrement en 2017)  Eug\u00e8ne Walckiers (1793-1866) : Grand Quatuor de Concert en fa # min Op.46 Friedrich Kuhlau (1786-1832) : Grand Quatuor en mi min Op.103  \u00ab Depuis plusieurs ann\u00e9es nous souhaitions enregistrer ces deux magnifiques quatuors pour fl\u00fbtes de Freidrich Kuhlau et Eug\u00e8ne Walckiers avec le soliste Patrick Gallois. Ce dernier a la particularit\u00e9 de r\u00e9interroger chaque \u0153uvre qu\u2019il aborde avec une oreille neuve et en propose une lecture chaque fois plus innovante et une interpr\u00e9tation toujours audacieuse. Travailler et enregistrer ces deux quatuors avec lui a \u00e9t\u00e9 pour nous une exp\u00e9rience musicale d\u2019une grande intensit\u00e9 et un r\u00e9gal sans pr\u00e9c\u00e9dent que nous esp\u00e9rons, avec cet album, faire partager aux auditeurs. L\u2019originalit\u00e9 de cette enregistrement vient \u00e9galement du choix d\u2019avoir interpr\u00e9t\u00e9 ces deux quatuors \u00e0 quatre fl\u00fbtes en bois (fl\u00fbtes Abel). Le bois permet de s\u2019approcher davantage des sonorit\u00e9s des instruments de l\u2019\u00e9poque. \u00bb Fran\u00e7ois Daudin Clavaud, membre du Trio d\u2019Argent (Ensemble Souffle Nomade)[:]","og_url":"https:\/\/latraversiere.fr\/boutique\/cd-dvd\/walckiers-et-kulhau-quatuors-de-flutes\/","og_site_name":"LA TRAVERSIERE The french flute association","article_publisher":"https:\/\/www.facebook.com\/traversieres\/","article_modified_time":"2022-06-03T22:07:06+00:00","og_image":[{"width":1000,"height":892,"url":"https:\/\/latraversiere.fr\/wp-content\/uploads\/2019\/02\/61nBDxP4iUL._SL1000_-2.jpg","type":"image\/jpeg"}],"twitter_card":"summary","twitter_site":"@La_Traversiere","twitter_misc":{"Est. reading time":"2 minutes"},"schema":{"@context":"https:\/\/schema.org","@graph":[{"@type":"Organization","@id":"https:\/\/latraversiere.fr\/#organization","name":"La Traversi\u00e8re - Association Fran\u00e7aise de la Fl\u00fbte","url":"https:\/\/latraversiere.fr\/","sameAs":["https:\/\/www.facebook.com\/traversieres\/","https:\/\/www.instagram.com\/la_traversiere\/","https:\/\/www.youtube.com\/channel\/UC46MEQZI2BfRZNFUFqc59Sw","https:\/\/twitter.com\/La_Traversiere"],"logo":{"@type":"ImageObject","@id":"https:\/\/latraversiere.fr\/#logo","inLanguage":"en-US","url":"https:\/\/latraversiere.fr\/wp-content\/uploads\/2018\/01\/LOGO-Traversiere-SITE-1.png","contentUrl":"https:\/\/latraversiere.fr\/wp-content\/uploads\/2018\/01\/LOGO-Traversiere-SITE-1.png","width":539,"height":200,"caption":"La Traversi\u00e8re - Association Fran\u00e7aise de la Fl\u00fbte"},"image":{"@id":"https:\/\/latraversiere.fr\/#logo"}},{"@type":"WebSite","@id":"https:\/\/latraversiere.fr\/#website","url":"https:\/\/latraversiere.fr\/","name":"LA TRAVERSIERE The french flute association","description":"","publisher":{"@id":"https:\/\/latraversiere.fr\/#organization"},"potentialAction":[{"@type":"SearchAction","target":{"@type":"EntryPoint","urlTemplate":"https:\/\/latraversiere.fr\/?s={search_term_string}"},"query-input":"required name=search_term_string"}],"inLanguage":"en-US"},{"@type":"ImageObject","@id":"https:\/\/latraversiere.fr\/boutique\/cd-dvd\/walckiers-et-kulhau-quatuors-de-flutes\/#primaryimage","inLanguage":"en-US","url":"https:\/\/latraversiere.fr\/wp-content\/uploads\/2019\/02\/61nBDxP4iUL._SL1000_-2.jpg","contentUrl":"https:\/\/latraversiere.fr\/wp-content\/uploads\/2019\/02\/61nBDxP4iUL._SL1000_-2.jpg","width":1000,"height":892,"caption":"WALCKIERS ET KULHAU - QUATUORS DE FL\u00dbTES - CD"},{"@type":"WebPage","@id":"https:\/\/latraversiere.fr\/boutique\/cd-dvd\/walckiers-et-kulhau-quatuors-de-flutes\/#webpage","url":"https:\/\/latraversiere.fr\/boutique\/cd-dvd\/walckiers-et-kulhau-quatuors-de-flutes\/","name":"WALCKIERS ET KULHAU - QUATUORS DE FL\u00dbTES - LA TRAVERSIERE The french flute association","isPartOf":{"@id":"https:\/\/latraversiere.fr\/#website"},"primaryImageOfPage":{"@id":"https:\/\/latraversiere.fr\/boutique\/cd-dvd\/walckiers-et-kulhau-quatuors-de-flutes\/#primaryimage"},"datePublished":"2019-02-05T06:42:09+00:00","dateModified":"2022-06-03T22:07:06+00:00","breadcrumb":{"@id":"https:\/\/latraversiere.fr\/boutique\/cd-dvd\/walckiers-et-kulhau-quatuors-de-flutes\/#breadcrumb"},"inLanguage":"en-US","potentialAction":[{"@type":"ReadAction","target":["https:\/\/latraversiere.fr\/boutique\/cd-dvd\/walckiers-et-kulhau-quatuors-de-flutes\/"]}]},{"@type":"BreadcrumbList","@id":"https:\/\/latraversiere.fr\/boutique\/cd-dvd\/walckiers-et-kulhau-quatuors-de-flutes\/#breadcrumb","itemListElement":[{"@type":"ListItem","position":1,"name":"Accueil","item":"https:\/\/latraversiere.fr\/"},{"@type":"ListItem","position":2,"name":"Boutique","item":"https:\/\/latraversiere.fr\/en\/boutique\/"},{"@type":"ListItem","position":3,"name":"WALCKIERS ET KULHAU &#8211; QUATUORS DE FL\u00dbTES"}]}]}},"_links":{"self":[{"href":"https:\/\/latraversiere.fr\/en\/wp-json\/wp\/v2\/product\/6276"}],"collection":[{"href":"https:\/\/latraversiere.fr\/en\/wp-json\/wp\/v2\/product"}],"about":[{"href":"https:\/\/latraversiere.fr\/en\/wp-json\/wp\/v2\/types\/product"}],"wp:featuredmedia":[{"embeddable":true,"href":"https:\/\/latraversiere.fr\/en\/wp-json\/wp\/v2\/media\/6277"}],"wp:attachment":[{"href":"https:\/\/latraversiere.fr\/en\/wp-json\/wp\/v2\/media?parent=6276"}],"curies":[{"name":"wp","href":"https:\/\/api.w.org\/{rel}","templated":true}]}}