{"id":7161,"date":"2019-04-23T19:43:59","date_gmt":"2019-04-23T17:43:59","guid":{"rendered":"https:\/\/latraversiere.fr\/?post_type=product&#038;p=7161"},"modified":"2021-02-01T09:19:23","modified_gmt":"2021-02-01T08:19:23","slug":"traversieres-magazine-n129","status":"publish","type":"product","link":"https:\/\/latraversiere.fr\/en\/boutique\/traversieres-magazine\/traversieres-magazine-n129\/","title":{"rendered":"Traversi\u00e8res Magazine N\u00b0129"},"content":{"rendered":"<p>DOSSIER &#8211; Le quatuor pour fl\u00fbte et cordes<br \/>\nHistoire et r\u00e9pertoire<br \/>\nLes plus du quatuor<br \/>\nRevolutionary Flute Quartetts par Rachel Brown<br \/>\nPORTRAIT &#8211; L\u2019Ensemble H\u00e9lios<br \/>\nHISTOIRE &#8211; Les quatuors de Mozart sous les signe des femmes de sa vie<br \/>\nANALYSE &#8211; Quatuor en r\u00e9 de Mozart \/ Nocturne de Jindrich Feld<br \/>\nPARTITION &#8211; Ping Pong de Graciane Finzi<br \/>\nP\u00c9DAGOGIE &#8211; Les actions p\u00e9dagogiques de l\u2019Ensemble H\u00e9lios<br \/>\n\u00c9V\u00c8NEMENTS &#8211; 8\u00e8me rencontre de fl\u00fbtistes de Navarre, Le Concours d\u2019Epinal, Masterclasses de Michel Moragu\u00e8s \u00e0 Strasbourg et Roubaix, Jos\u00e9phine Olech &#8211; laur\u00e9ate du Concours International Carl Nielsen<\/p>","protected":false},"excerpt":{"rendered":"<p>DOSSIER &#8211; Le quatuor pour fl\u00fbte et cordes<br \/>\nHistoire et r\u00e9pertoire<br \/>\nLes plus du quatuor<br \/>\nRevolutionary Flute Quartetts par Rachel Brown<br \/>\nPORTRAIT &#8211; L\u2019Ensemble H\u00e9lios<br \/>\nHISTOIRE &#8211; Les quatuors de Mozart sous les signe des femmes de sa vie<br \/>\nANALYSE &#8211; Quatuor en r\u00e9 de Mozart \/ Nocturne de Jindrich Feld<br \/>\nPARTITION &#8211; Ping Pong de Graciane Finzi<br \/>\nP\u00c9DAGOGIE &#8211; Les actions p\u00e9dagogiques de l\u2019Ensemble H\u00e9lios<br \/>\n\u00c9V\u00c8NEMENTS &#8211; 8\u00e8me rencontre de fl\u00fbtistes de Navarre, Le Concours d\u2019Epinal, Masterclasses de Michel Moragu\u00e8s \u00e0 Strasbourg et Roubaix, Jos\u00e9phine Olech &#8211; laur\u00e9ate du Concours International Carl Nielsen<\/p>\n","protected":false},"featured_media":7162,"template":"","meta":[],"yoast_head":"<!-- This site is optimized with the Yoast SEO plugin v17.5 - https:\/\/yoast.com\/wordpress\/plugins\/seo\/ -->\n<title>Traversi\u00e8res Magazine N\u00b0129 - LA TRAVERSIERE The french flute association<\/title>\n<meta name=\"robots\" content=\"index, follow, max-snippet:-1, max-image-preview:large, max-video-preview:-1\" \/>\n<link rel=\"canonical\" href=\"https:\/\/latraversiere.fr\/en\/boutique\/traversieres-magazine\/traversieres-magazine-n129\/\" \/>\n<meta property=\"og:locale\" content=\"en_US\" \/>\n<meta property=\"og:type\" content=\"article\" \/>\n<meta property=\"og:title\" content=\"Traversi\u00e8res Magazine N\u00b0129 - LA TRAVERSIERE The french flute association\" \/>\n<meta property=\"og:description\" content=\"[:fr]DOSSIER - Le quatuor pour fl\u00fbte et cordes Histoire et r\u00e9pertoire Revolutionary Flute Quartets par Rachel Brown Les plus du quatuor PORTRAIT - L\u2019Ensemble H\u00e9lios HISTOIRE - Les quatuors de Mozart sous les signe des femmes de sa vie ANALYSE - Quatuor en r\u00e9 de Mozart \/ Nocturne de Jind\u0159ich Feld PARTITION - Ping Pong de Graciane Finzi P\u00c9DAGOGIE - Les actions p\u00e9dagogiques de l\u2019Ensemble H\u00e9lios \u00c9V\u00c8NEMENTS - 8\u00e8me rencontre de fl\u00fbtistes de Navarre, Le Concours d\u2019Epinal, Masterclasses de Michel Moragu\u00e8s \u00e0 Strasbourg et Roubaix, Jos\u00e9phine Olech - laur\u00e9ate du Concours International Carl Nielsen[:en]DOSSIER - Le quatuor pour fl\u00fbte et cordes Histoire et r\u00e9pertoire Les plus du quatuor Revolutionary Flute Quartetts par Rachel Brown PORTRAIT - L\u2019Ensemble H\u00e9lios HISTOIRE - Les quatuors de Mozart sous les signe des femmes de sa vie ANALYSE - Quatuor en r\u00e9 de Mozart \/ Nocturne de Jindrich Feld PARTITION - Ping Pong de Graciane Finzi P\u00c9DAGOGIE - Les actions p\u00e9dagogiques de l\u2019Ensemble H\u00e9lios \u00c9V\u00c8NEMENTS - 8\u00e8me rencontre de fl\u00fbtistes de Navarre, Le Concours d\u2019Epinal, Masterclasses de Michel Moragu\u00e8s \u00e0 Strasbourg et Roubaix, Jos\u00e9phine Olech - laur\u00e9ate du Concours International Carl Nielsen[:]\" \/>\n<meta property=\"og:url\" content=\"https:\/\/latraversiere.fr\/en\/boutique\/traversieres-magazine\/traversieres-magazine-n129\/\" \/>\n<meta property=\"og:site_name\" content=\"LA TRAVERSIERE The french flute association\" \/>\n<meta property=\"article:publisher\" content=\"https:\/\/www.facebook.com\/traversieres\/\" \/>\n<meta property=\"article:modified_time\" content=\"2021-02-01T08:19:23+00:00\" \/>\n<meta property=\"og:image\" content=\"https:\/\/latraversiere.fr\/wp-content\/uploads\/2019\/04\/2019-TM129-cover.jpg\" \/>\n\t<meta property=\"og:image:width\" content=\"595\" \/>\n\t<meta property=\"og:image:height\" content=\"841\" \/>\n<meta name=\"twitter:card\" content=\"summary\" \/>\n<meta name=\"twitter:site\" content=\"@La_Traversiere\" \/>\n<meta name=\"twitter:label1\" content=\"Est. reading time\" \/>\n\t<meta name=\"twitter:data1\" content=\"1 minute\" \/>\n<script type=\"application\/ld+json\" class=\"yoast-schema-graph\">{\"@context\":\"https:\/\/schema.org\",\"@graph\":[{\"@type\":\"Organization\",\"@id\":\"https:\/\/latraversiere.fr\/#organization\",\"name\":\"La Traversi\\u00e8re - Association Fran\\u00e7aise de la Fl\\u00fbte\",\"url\":\"https:\/\/latraversiere.fr\/\",\"sameAs\":[\"https:\/\/www.facebook.com\/traversieres\/\",\"https:\/\/www.instagram.com\/la_traversiere\/\",\"https:\/\/www.youtube.com\/channel\/UC46MEQZI2BfRZNFUFqc59Sw\",\"https:\/\/twitter.com\/La_Traversiere\"],\"logo\":{\"@type\":\"ImageObject\",\"@id\":\"https:\/\/latraversiere.fr\/#logo\",\"inLanguage\":\"en-US\",\"url\":\"https:\/\/latraversiere.fr\/wp-content\/uploads\/2018\/01\/LOGO-Traversiere-SITE-1.png\",\"contentUrl\":\"https:\/\/latraversiere.fr\/wp-content\/uploads\/2018\/01\/LOGO-Traversiere-SITE-1.png\",\"width\":539,\"height\":200,\"caption\":\"La Traversi\\u00e8re - Association Fran\\u00e7aise de la Fl\\u00fbte\"},\"image\":{\"@id\":\"https:\/\/latraversiere.fr\/#logo\"}},{\"@type\":\"WebSite\",\"@id\":\"https:\/\/latraversiere.fr\/#website\",\"url\":\"https:\/\/latraversiere.fr\/\",\"name\":\"LA TRAVERSIERE The french flute association\",\"description\":\"\",\"publisher\":{\"@id\":\"https:\/\/latraversiere.fr\/#organization\"},\"potentialAction\":[{\"@type\":\"SearchAction\",\"target\":{\"@type\":\"EntryPoint\",\"urlTemplate\":\"https:\/\/latraversiere.fr\/?s={search_term_string}\"},\"query-input\":\"required name=search_term_string\"}],\"inLanguage\":\"en-US\"},{\"@type\":\"ImageObject\",\"@id\":\"https:\/\/latraversiere.fr\/en\/boutique\/traversieres-magazine\/traversieres-magazine-n129\/#primaryimage\",\"inLanguage\":\"en-US\",\"url\":\"https:\/\/latraversiere.fr\/wp-content\/uploads\/2019\/04\/2019-TM129-cover.jpg\",\"contentUrl\":\"https:\/\/latraversiere.fr\/wp-content\/uploads\/2019\/04\/2019-TM129-cover.jpg\",\"width\":595,\"height\":841,\"caption\":\"Traversi\\u00e8res Magazine N\\u00b0129\"},{\"@type\":\"WebPage\",\"@id\":\"https:\/\/latraversiere.fr\/en\/boutique\/traversieres-magazine\/traversieres-magazine-n129\/#webpage\",\"url\":\"https:\/\/latraversiere.fr\/en\/boutique\/traversieres-magazine\/traversieres-magazine-n129\/\",\"name\":\"Traversi\\u00e8res Magazine N\\u00b0129 - LA TRAVERSIERE The french flute association\",\"isPartOf\":{\"@id\":\"https:\/\/latraversiere.fr\/#website\"},\"primaryImageOfPage\":{\"@id\":\"https:\/\/latraversiere.fr\/en\/boutique\/traversieres-magazine\/traversieres-magazine-n129\/#primaryimage\"},\"datePublished\":\"2019-04-23T17:43:59+00:00\",\"dateModified\":\"2021-02-01T08:19:23+00:00\",\"breadcrumb\":{\"@id\":\"https:\/\/latraversiere.fr\/en\/boutique\/traversieres-magazine\/traversieres-magazine-n129\/#breadcrumb\"},\"inLanguage\":\"en-US\",\"potentialAction\":[{\"@type\":\"ReadAction\",\"target\":[\"https:\/\/latraversiere.fr\/en\/boutique\/traversieres-magazine\/traversieres-magazine-n129\/\"]}]},{\"@type\":\"BreadcrumbList\",\"@id\":\"https:\/\/latraversiere.fr\/en\/boutique\/traversieres-magazine\/traversieres-magazine-n129\/#breadcrumb\",\"itemListElement\":[{\"@type\":\"ListItem\",\"position\":1,\"name\":\"Accueil\",\"item\":\"https:\/\/latraversiere.fr\/\"},{\"@type\":\"ListItem\",\"position\":2,\"name\":\"Boutique\",\"item\":\"https:\/\/latraversiere.fr\/en\/boutique\/\"},{\"@type\":\"ListItem\",\"position\":3,\"name\":\"Traversi\\u00e8res Magazine N\\u00b0129\"}]}]}<\/script>\n<!-- \/ Yoast SEO plugin. -->","yoast_head_json":{"title":"Traversi\u00e8res Magazine N\u00b0129 - LA TRAVERSIERE The french flute association","robots":{"index":"index","follow":"follow","max-snippet":"max-snippet:-1","max-image-preview":"max-image-preview:large","max-video-preview":"max-video-preview:-1"},"canonical":"https:\/\/latraversiere.fr\/en\/boutique\/traversieres-magazine\/traversieres-magazine-n129\/","og_locale":"en_US","og_type":"article","og_title":"Traversi\u00e8res Magazine N\u00b0129 - LA TRAVERSIERE The french flute association","og_description":"[:fr]DOSSIER - Le quatuor pour fl\u00fbte et cordes Histoire et r\u00e9pertoire Revolutionary Flute Quartets par Rachel Brown Les plus du quatuor PORTRAIT - L\u2019Ensemble H\u00e9lios HISTOIRE - Les quatuors de Mozart sous les signe des femmes de sa vie ANALYSE - Quatuor en r\u00e9 de Mozart \/ Nocturne de Jind\u0159ich Feld PARTITION - Ping Pong de Graciane Finzi P\u00c9DAGOGIE - Les actions p\u00e9dagogiques de l\u2019Ensemble H\u00e9lios \u00c9V\u00c8NEMENTS - 8\u00e8me rencontre de fl\u00fbtistes de Navarre, Le Concours d\u2019Epinal, Masterclasses de Michel Moragu\u00e8s \u00e0 Strasbourg et Roubaix, Jos\u00e9phine Olech - laur\u00e9ate du Concours International Carl Nielsen[:en]DOSSIER - Le quatuor pour fl\u00fbte et cordes Histoire et r\u00e9pertoire Les plus du quatuor Revolutionary Flute Quartetts par Rachel Brown PORTRAIT - L\u2019Ensemble H\u00e9lios HISTOIRE - Les quatuors de Mozart sous les signe des femmes de sa vie ANALYSE - Quatuor en r\u00e9 de Mozart \/ Nocturne de Jindrich Feld PARTITION - Ping Pong de Graciane Finzi P\u00c9DAGOGIE - Les actions p\u00e9dagogiques de l\u2019Ensemble H\u00e9lios \u00c9V\u00c8NEMENTS - 8\u00e8me rencontre de fl\u00fbtistes de Navarre, Le Concours d\u2019Epinal, Masterclasses de Michel Moragu\u00e8s \u00e0 Strasbourg et Roubaix, Jos\u00e9phine Olech - laur\u00e9ate du Concours International Carl Nielsen[:]","og_url":"https:\/\/latraversiere.fr\/en\/boutique\/traversieres-magazine\/traversieres-magazine-n129\/","og_site_name":"LA TRAVERSIERE The french flute association","article_publisher":"https:\/\/www.facebook.com\/traversieres\/","article_modified_time":"2021-02-01T08:19:23+00:00","og_image":[{"width":595,"height":841,"url":"https:\/\/latraversiere.fr\/wp-content\/uploads\/2019\/04\/2019-TM129-cover.jpg","type":"image\/jpeg"}],"twitter_card":"summary","twitter_site":"@La_Traversiere","twitter_misc":{"Est. reading time":"1 minute"},"schema":{"@context":"https:\/\/schema.org","@graph":[{"@type":"Organization","@id":"https:\/\/latraversiere.fr\/#organization","name":"La Traversi\u00e8re - Association Fran\u00e7aise de la Fl\u00fbte","url":"https:\/\/latraversiere.fr\/","sameAs":["https:\/\/www.facebook.com\/traversieres\/","https:\/\/www.instagram.com\/la_traversiere\/","https:\/\/www.youtube.com\/channel\/UC46MEQZI2BfRZNFUFqc59Sw","https:\/\/twitter.com\/La_Traversiere"],"logo":{"@type":"ImageObject","@id":"https:\/\/latraversiere.fr\/#logo","inLanguage":"en-US","url":"https:\/\/latraversiere.fr\/wp-content\/uploads\/2018\/01\/LOGO-Traversiere-SITE-1.png","contentUrl":"https:\/\/latraversiere.fr\/wp-content\/uploads\/2018\/01\/LOGO-Traversiere-SITE-1.png","width":539,"height":200,"caption":"La Traversi\u00e8re - Association Fran\u00e7aise de la Fl\u00fbte"},"image":{"@id":"https:\/\/latraversiere.fr\/#logo"}},{"@type":"WebSite","@id":"https:\/\/latraversiere.fr\/#website","url":"https:\/\/latraversiere.fr\/","name":"LA TRAVERSIERE The french flute association","description":"","publisher":{"@id":"https:\/\/latraversiere.fr\/#organization"},"potentialAction":[{"@type":"SearchAction","target":{"@type":"EntryPoint","urlTemplate":"https:\/\/latraversiere.fr\/?s={search_term_string}"},"query-input":"required name=search_term_string"}],"inLanguage":"en-US"},{"@type":"ImageObject","@id":"https:\/\/latraversiere.fr\/en\/boutique\/traversieres-magazine\/traversieres-magazine-n129\/#primaryimage","inLanguage":"en-US","url":"https:\/\/latraversiere.fr\/wp-content\/uploads\/2019\/04\/2019-TM129-cover.jpg","contentUrl":"https:\/\/latraversiere.fr\/wp-content\/uploads\/2019\/04\/2019-TM129-cover.jpg","width":595,"height":841,"caption":"Traversi\u00e8res Magazine N\u00b0129"},{"@type":"WebPage","@id":"https:\/\/latraversiere.fr\/en\/boutique\/traversieres-magazine\/traversieres-magazine-n129\/#webpage","url":"https:\/\/latraversiere.fr\/en\/boutique\/traversieres-magazine\/traversieres-magazine-n129\/","name":"Traversi\u00e8res Magazine N\u00b0129 - LA TRAVERSIERE The french flute association","isPartOf":{"@id":"https:\/\/latraversiere.fr\/#website"},"primaryImageOfPage":{"@id":"https:\/\/latraversiere.fr\/en\/boutique\/traversieres-magazine\/traversieres-magazine-n129\/#primaryimage"},"datePublished":"2019-04-23T17:43:59+00:00","dateModified":"2021-02-01T08:19:23+00:00","breadcrumb":{"@id":"https:\/\/latraversiere.fr\/en\/boutique\/traversieres-magazine\/traversieres-magazine-n129\/#breadcrumb"},"inLanguage":"en-US","potentialAction":[{"@type":"ReadAction","target":["https:\/\/latraversiere.fr\/en\/boutique\/traversieres-magazine\/traversieres-magazine-n129\/"]}]},{"@type":"BreadcrumbList","@id":"https:\/\/latraversiere.fr\/en\/boutique\/traversieres-magazine\/traversieres-magazine-n129\/#breadcrumb","itemListElement":[{"@type":"ListItem","position":1,"name":"Accueil","item":"https:\/\/latraversiere.fr\/"},{"@type":"ListItem","position":2,"name":"Boutique","item":"https:\/\/latraversiere.fr\/en\/boutique\/"},{"@type":"ListItem","position":3,"name":"Traversi\u00e8res Magazine N\u00b0129"}]}]}},"_links":{"self":[{"href":"https:\/\/latraversiere.fr\/en\/wp-json\/wp\/v2\/product\/7161"}],"collection":[{"href":"https:\/\/latraversiere.fr\/en\/wp-json\/wp\/v2\/product"}],"about":[{"href":"https:\/\/latraversiere.fr\/en\/wp-json\/wp\/v2\/types\/product"}],"wp:featuredmedia":[{"embeddable":true,"href":"https:\/\/latraversiere.fr\/en\/wp-json\/wp\/v2\/media\/7162"}],"wp:attachment":[{"href":"https:\/\/latraversiere.fr\/en\/wp-json\/wp\/v2\/media?parent=7161"}],"curies":[{"name":"wp","href":"https:\/\/api.w.org\/{rel}","templated":true}]}}