{"id":7163,"date":"2019-05-17T07:37:07","date_gmt":"2019-05-17T05:37:07","guid":{"rendered":"https:\/\/latraversiere.fr\/?post_type=product&#038;p=7163"},"modified":"2020-05-03T12:39:09","modified_gmt":"2020-05-03T10:39:09","slug":"cd-ensemble-helios-plurielles","status":"publish","type":"product","link":"https:\/\/latraversiere.fr\/en\/boutique\/cd-dvd\/cd-ensemble-helios-plurielles\/","title":{"rendered":"CD ENSEMBLE H\u00c9LIOS \u00ab Plurielles \u00bb"},"content":{"rendered":"<p class=\"qtranxs-available-languages-message qtranxs-available-languages-message-en\">Sorry, this entry is only available in <a href=\"https:\/\/latraversiere.fr\/fr\/wp-json\/wp\/v2\/product\/7163\" class=\"qtranxs-available-language-link qtranxs-available-language-link-fr\" title=\"Fran\u00e7ais\">French<\/a>. For the sake of viewer convenience, the content is shown below in the alternative language. You may click the link to switch the active language.<\/p><p><em>FINZI La lune \u00e0 la fen\u00eatre, PIECHOWSKA Eph\u00e9m\u00e8res, LACAZE Broken words et Voyelles (fl\u00fbte solo), ROTARU Antara et L\u00e9gende (fl\u00fbte solo).<\/em><\/p>\n<p>Ce disque regroupe des \u0153uvres de compositrices. Leurs pi\u00e8ces sont toutes issues d\u2019un m\u00e9tissage culturel (France-Australie, Roumanie-Tibet, France-Pologne, France-Japon) et font d\u00e9border l\u2019interpr\u00e8te de son cadre habituel, le muant en r\u00e9citant, l\u2019improvisant percussionniste, l\u2019exigeant acteur.<\/p>","protected":false},"excerpt":{"rendered":"<p class=\"qtranxs-available-languages-message qtranxs-available-languages-message-en\">Sorry, this entry is only available in <a href=\"https:\/\/latraversiere.fr\/fr\/wp-json\/wp\/v2\/product\/7163\" class=\"qtranxs-available-language-link qtranxs-available-language-link-fr\" title=\"Fran\u00e7ais\">French<\/a>. For the sake of viewer convenience, the content is shown below in the alternative language. You may click the link to switch the active language.<\/p>\n<p><em>FINZI La lune \u00e0 la fen\u00eatre, PIECHOWSKA Eph\u00e9m\u00e8res, LACAZE Broken words et Voyelles (fl\u00fbte solo), ROTARU Antara et L\u00e9gende (fl\u00fbte solo).<\/em><\/p>\n<p>Ce disque regroupe des \u0153uvres de compositrices. Leurs pi\u00e8ces sont toutes issues d\u2019un m\u00e9tissage culturel (France-Australie, Roumanie-Tibet, France-Pologne, France-Japon) et font d\u00e9border l\u2019interpr\u00e8te de son cadre habituel, le muant en r\u00e9citant, l\u2019improvisant percussionniste, l\u2019exigeant acteur.<\/p>\n","protected":false},"featured_media":7164,"template":"","meta":[],"yoast_head":"<!-- This site is optimized with the Yoast SEO plugin v17.5 - https:\/\/yoast.com\/wordpress\/plugins\/seo\/ -->\n<title><\/title>\n<meta name=\"robots\" content=\"index, follow, max-snippet:-1, max-image-preview:large, max-video-preview:-1\" \/>\n<link rel=\"canonical\" href=\"https:\/\/latraversiere.fr\/en\/boutique\/cd-dvd\/cd-ensemble-helios-plurielles\/\" \/>\n<meta property=\"og:locale\" content=\"en_US\" \/>\n<meta property=\"og:type\" content=\"article\" \/>\n<meta property=\"og:title\" content=\"[:fr]CD ENSEMBLE H\u00c9LIOS \u00ab Plurielles \u00bb[:] - LA TRAVERSIERE The french flute association\" \/>\n<meta property=\"og:description\" content=\"[:fr]FINZI La lune \u00e0 la fen\u00eatre, PIECHOWSKA Eph\u00e9m\u00e8res, LACAZE Broken words et Voyelles (fl\u00fbte solo), ROTARU Antara et L\u00e9gende (fl\u00fbte solo).  Ce disque regroupe des \u0153uvres de compositrices. Leurs pi\u00e8ces sont toutes issues d\u2019un m\u00e9tissage culturel (France-Australie, Roumanie-Tibet, France-Pologne, France-Japon) et font d\u00e9border l\u2019interpr\u00e8te de son cadre habituel, le muant en r\u00e9citant, l\u2019improvisant percussionniste, l\u2019exigeant acteur.[:]\" \/>\n<meta property=\"og:url\" content=\"https:\/\/latraversiere.fr\/en\/boutique\/cd-dvd\/cd-ensemble-helios-plurielles\/\" \/>\n<meta property=\"og:site_name\" content=\"LA TRAVERSIERE The french flute association\" \/>\n<meta property=\"article:publisher\" content=\"https:\/\/www.facebook.com\/traversieres\/\" \/>\n<meta property=\"article:modified_time\" content=\"2020-05-03T10:39:09+00:00\" \/>\n<meta property=\"og:image\" content=\"https:\/\/latraversiere.fr\/wp-content\/uploads\/2019\/04\/CD-ENSEMBLE-H\u00c9LIOS-Plurielles.jpg\" \/>\n\t<meta property=\"og:image:width\" content=\"600\" \/>\n\t<meta property=\"og:image:height\" content=\"595\" \/>\n<meta name=\"twitter:card\" content=\"summary\" \/>\n<meta name=\"twitter:site\" content=\"@La_Traversiere\" \/>\n<script type=\"application\/ld+json\" class=\"yoast-schema-graph\">{\"@context\":\"https:\/\/schema.org\",\"@graph\":[{\"@type\":\"Organization\",\"@id\":\"https:\/\/latraversiere.fr\/#organization\",\"name\":\"La Traversi\\u00e8re - Association Fran\\u00e7aise de la Fl\\u00fbte\",\"url\":\"https:\/\/latraversiere.fr\/\",\"sameAs\":[\"https:\/\/www.facebook.com\/traversieres\/\",\"https:\/\/www.instagram.com\/la_traversiere\/\",\"https:\/\/www.youtube.com\/channel\/UC46MEQZI2BfRZNFUFqc59Sw\",\"https:\/\/twitter.com\/La_Traversiere\"],\"logo\":{\"@type\":\"ImageObject\",\"@id\":\"https:\/\/latraversiere.fr\/#logo\",\"inLanguage\":\"en-US\",\"url\":\"https:\/\/latraversiere.fr\/wp-content\/uploads\/2018\/01\/LOGO-Traversiere-SITE-1.png\",\"contentUrl\":\"https:\/\/latraversiere.fr\/wp-content\/uploads\/2018\/01\/LOGO-Traversiere-SITE-1.png\",\"width\":539,\"height\":200,\"caption\":\"La Traversi\\u00e8re - Association Fran\\u00e7aise de la Fl\\u00fbte\"},\"image\":{\"@id\":\"https:\/\/latraversiere.fr\/#logo\"}},{\"@type\":\"WebSite\",\"@id\":\"https:\/\/latraversiere.fr\/#website\",\"url\":\"https:\/\/latraversiere.fr\/\",\"name\":\"LA TRAVERSIERE The french flute association\",\"description\":\"\",\"publisher\":{\"@id\":\"https:\/\/latraversiere.fr\/#organization\"},\"potentialAction\":[{\"@type\":\"SearchAction\",\"target\":{\"@type\":\"EntryPoint\",\"urlTemplate\":\"https:\/\/latraversiere.fr\/?s={search_term_string}\"},\"query-input\":\"required name=search_term_string\"}],\"inLanguage\":\"en-US\"},{\"@type\":\"ImageObject\",\"@id\":\"https:\/\/latraversiere.fr\/en\/boutique\/cd-dvd\/cd-ensemble-helios-plurielles\/#primaryimage\",\"inLanguage\":\"en-US\",\"url\":\"https:\/\/latraversiere.fr\/wp-content\/uploads\/2019\/04\/CD-ENSEMBLE-H\\u00c9LIOS-Plurielles.jpg\",\"contentUrl\":\"https:\/\/latraversiere.fr\/wp-content\/uploads\/2019\/04\/CD-ENSEMBLE-H\\u00c9LIOS-Plurielles.jpg\",\"width\":600,\"height\":595,\"caption\":\"CD ENSEMBLE H\\u00c9LIOS Plurielles\"},{\"@type\":\"WebPage\",\"@id\":\"https:\/\/latraversiere.fr\/en\/boutique\/cd-dvd\/cd-ensemble-helios-plurielles\/#webpage\",\"url\":\"https:\/\/latraversiere.fr\/en\/boutique\/cd-dvd\/cd-ensemble-helios-plurielles\/\",\"name\":\"[:fr]CD ENSEMBLE H\\u00c9LIOS \\u00ab Plurielles \\u00bb[:] - LA TRAVERSIERE The french flute association\",\"isPartOf\":{\"@id\":\"https:\/\/latraversiere.fr\/#website\"},\"primaryImageOfPage\":{\"@id\":\"https:\/\/latraversiere.fr\/en\/boutique\/cd-dvd\/cd-ensemble-helios-plurielles\/#primaryimage\"},\"datePublished\":\"2019-05-17T05:37:07+00:00\",\"dateModified\":\"2020-05-03T10:39:09+00:00\",\"breadcrumb\":{\"@id\":\"https:\/\/latraversiere.fr\/en\/boutique\/cd-dvd\/cd-ensemble-helios-plurielles\/#breadcrumb\"},\"inLanguage\":\"en-US\",\"potentialAction\":[{\"@type\":\"ReadAction\",\"target\":[\"https:\/\/latraversiere.fr\/en\/boutique\/cd-dvd\/cd-ensemble-helios-plurielles\/\"]}]},{\"@type\":\"BreadcrumbList\",\"@id\":\"https:\/\/latraversiere.fr\/en\/boutique\/cd-dvd\/cd-ensemble-helios-plurielles\/#breadcrumb\",\"itemListElement\":[{\"@type\":\"ListItem\",\"position\":1,\"name\":\"Accueil\",\"item\":\"https:\/\/latraversiere.fr\/\"},{\"@type\":\"ListItem\",\"position\":2,\"name\":\"Boutique\",\"item\":\"https:\/\/latraversiere.fr\/en\/boutique\/\"},{\"@type\":\"ListItem\",\"position\":3,\"name\":\"CD ENSEMBLE H\\u00c9LIOS \\u00ab Plurielles \\u00bb\"}]}]}<\/script>\n<!-- \/ Yoast SEO plugin. -->","yoast_head_json":{"title":"[:fr]CD ENSEMBLE H\u00c9LIOS \u00ab Plurielles \u00bb[:] - LA TRAVERSIERE The french flute association","robots":{"index":"index","follow":"follow","max-snippet":"max-snippet:-1","max-image-preview":"max-image-preview:large","max-video-preview":"max-video-preview:-1"},"canonical":"https:\/\/latraversiere.fr\/en\/boutique\/cd-dvd\/cd-ensemble-helios-plurielles\/","og_locale":"en_US","og_type":"article","og_title":"[:fr]CD ENSEMBLE H\u00c9LIOS \u00ab Plurielles \u00bb[:] - LA TRAVERSIERE The french flute association","og_description":"[:fr]FINZI La lune \u00e0 la fen\u00eatre, PIECHOWSKA Eph\u00e9m\u00e8res, LACAZE Broken words et Voyelles (fl\u00fbte solo), ROTARU Antara et L\u00e9gende (fl\u00fbte solo).  Ce disque regroupe des \u0153uvres de compositrices. Leurs pi\u00e8ces sont toutes issues d\u2019un m\u00e9tissage culturel (France-Australie, Roumanie-Tibet, France-Pologne, France-Japon) et font d\u00e9border l\u2019interpr\u00e8te de son cadre habituel, le muant en r\u00e9citant, l\u2019improvisant percussionniste, l\u2019exigeant acteur.[:]","og_url":"https:\/\/latraversiere.fr\/en\/boutique\/cd-dvd\/cd-ensemble-helios-plurielles\/","og_site_name":"LA TRAVERSIERE The french flute association","article_publisher":"https:\/\/www.facebook.com\/traversieres\/","article_modified_time":"2020-05-03T10:39:09+00:00","og_image":[{"width":600,"height":595,"url":"https:\/\/latraversiere.fr\/wp-content\/uploads\/2019\/04\/CD-ENSEMBLE-H\u00c9LIOS-Plurielles.jpg","type":"image\/jpeg"}],"twitter_card":"summary","twitter_site":"@La_Traversiere","schema":{"@context":"https:\/\/schema.org","@graph":[{"@type":"Organization","@id":"https:\/\/latraversiere.fr\/#organization","name":"La Traversi\u00e8re - Association Fran\u00e7aise de la Fl\u00fbte","url":"https:\/\/latraversiere.fr\/","sameAs":["https:\/\/www.facebook.com\/traversieres\/","https:\/\/www.instagram.com\/la_traversiere\/","https:\/\/www.youtube.com\/channel\/UC46MEQZI2BfRZNFUFqc59Sw","https:\/\/twitter.com\/La_Traversiere"],"logo":{"@type":"ImageObject","@id":"https:\/\/latraversiere.fr\/#logo","inLanguage":"en-US","url":"https:\/\/latraversiere.fr\/wp-content\/uploads\/2018\/01\/LOGO-Traversiere-SITE-1.png","contentUrl":"https:\/\/latraversiere.fr\/wp-content\/uploads\/2018\/01\/LOGO-Traversiere-SITE-1.png","width":539,"height":200,"caption":"La Traversi\u00e8re - Association Fran\u00e7aise de la Fl\u00fbte"},"image":{"@id":"https:\/\/latraversiere.fr\/#logo"}},{"@type":"WebSite","@id":"https:\/\/latraversiere.fr\/#website","url":"https:\/\/latraversiere.fr\/","name":"LA TRAVERSIERE The french flute association","description":"","publisher":{"@id":"https:\/\/latraversiere.fr\/#organization"},"potentialAction":[{"@type":"SearchAction","target":{"@type":"EntryPoint","urlTemplate":"https:\/\/latraversiere.fr\/?s={search_term_string}"},"query-input":"required name=search_term_string"}],"inLanguage":"en-US"},{"@type":"ImageObject","@id":"https:\/\/latraversiere.fr\/en\/boutique\/cd-dvd\/cd-ensemble-helios-plurielles\/#primaryimage","inLanguage":"en-US","url":"https:\/\/latraversiere.fr\/wp-content\/uploads\/2019\/04\/CD-ENSEMBLE-H\u00c9LIOS-Plurielles.jpg","contentUrl":"https:\/\/latraversiere.fr\/wp-content\/uploads\/2019\/04\/CD-ENSEMBLE-H\u00c9LIOS-Plurielles.jpg","width":600,"height":595,"caption":"CD ENSEMBLE H\u00c9LIOS Plurielles"},{"@type":"WebPage","@id":"https:\/\/latraversiere.fr\/en\/boutique\/cd-dvd\/cd-ensemble-helios-plurielles\/#webpage","url":"https:\/\/latraversiere.fr\/en\/boutique\/cd-dvd\/cd-ensemble-helios-plurielles\/","name":"[:fr]CD ENSEMBLE H\u00c9LIOS \u00ab Plurielles \u00bb[:] - LA TRAVERSIERE The french flute association","isPartOf":{"@id":"https:\/\/latraversiere.fr\/#website"},"primaryImageOfPage":{"@id":"https:\/\/latraversiere.fr\/en\/boutique\/cd-dvd\/cd-ensemble-helios-plurielles\/#primaryimage"},"datePublished":"2019-05-17T05:37:07+00:00","dateModified":"2020-05-03T10:39:09+00:00","breadcrumb":{"@id":"https:\/\/latraversiere.fr\/en\/boutique\/cd-dvd\/cd-ensemble-helios-plurielles\/#breadcrumb"},"inLanguage":"en-US","potentialAction":[{"@type":"ReadAction","target":["https:\/\/latraversiere.fr\/en\/boutique\/cd-dvd\/cd-ensemble-helios-plurielles\/"]}]},{"@type":"BreadcrumbList","@id":"https:\/\/latraversiere.fr\/en\/boutique\/cd-dvd\/cd-ensemble-helios-plurielles\/#breadcrumb","itemListElement":[{"@type":"ListItem","position":1,"name":"Accueil","item":"https:\/\/latraversiere.fr\/"},{"@type":"ListItem","position":2,"name":"Boutique","item":"https:\/\/latraversiere.fr\/en\/boutique\/"},{"@type":"ListItem","position":3,"name":"CD ENSEMBLE H\u00c9LIOS \u00ab Plurielles \u00bb"}]}]}},"_links":{"self":[{"href":"https:\/\/latraversiere.fr\/en\/wp-json\/wp\/v2\/product\/7163"}],"collection":[{"href":"https:\/\/latraversiere.fr\/en\/wp-json\/wp\/v2\/product"}],"about":[{"href":"https:\/\/latraversiere.fr\/en\/wp-json\/wp\/v2\/types\/product"}],"wp:featuredmedia":[{"embeddable":true,"href":"https:\/\/latraversiere.fr\/en\/wp-json\/wp\/v2\/media\/7164"}],"wp:attachment":[{"href":"https:\/\/latraversiere.fr\/en\/wp-json\/wp\/v2\/media?parent=7163"}],"curies":[{"name":"wp","href":"https:\/\/api.w.org\/{rel}","templated":true}]}}